{"id":109,"date":"2018-10-18T02:22:19","date_gmt":"2018-10-18T02:22:19","guid":{"rendered":"https:\/\/woostify.com\/demos\/urbanstyle\/?post_type=product&#038;p=109"},"modified":"2025-03-14T20:11:20","modified_gmt":"2025-03-14T20:11:20","slug":"garden-of-life","status":"publish","type":"product","link":"https:\/\/www.dostrajamy.com\/en\/product\/garden-of-life\/","title":{"rendered":"The book \u201eThe Garden of Life\u201d"},"content":{"rendered":"<div class=\"html-div xdj266r x11i5rnm xat24cr x1mh8g0r xexx8yu x4uap5 x18d9i69 xkhd6sd\" dir=\"auto\">\n<div class=\"html-div xdj266r x11i5rnm xat24cr x1mh8g0r xexx8yu x4uap5 x18d9i69 xkhd6sd\" data-ad-rendering-role=\"story_message\">\n<div id=\"\u00abrin\u00bb\" class=\"x1l90r2v x1iorvi4 x1ye3gou xn6708d\" data-ad-comet-preview=\"message\" data-ad-preview=\"message\">\n<div class=\"x78zum5 xdt5ytf xz62fqu x16ldp7u\">\n<div class=\"xu06os2 x1ok221b\">\n<div class=\"xdj266r x11i5rnm xat24cr x1mh8g0r x1vvkbs x126k92a\">\n<div dir=\"auto\">The book The Garden of Life is the story of the spiritual journey of a young man named James. It is an adventurous and surprising journey through the physical world, as well as a journey within himself, as a result of which the protagonist undergoes an inner transformation.<\/div>\n<\/div>\n<div class=\"x11i5rnm xat24cr x1mh8g0r x1vvkbs xtlvy1s x126k92a\">\n<div dir=\"auto\">James drops out of university and stays in the family home. He experiences depression and seeks answers to spiritual and existential questions. It is from there that he travels with a friend to India, where a spiritual master and teacher, as well as the love of his life, comes across his path.<\/div>\n<div dir=\"auto\"><\/div>\n<\/div>\n<div class=\"x11i5rnm xat24cr x1mh8g0r x1vvkbs xtlvy1s x126k92a\">\n<div dir=\"auto\">\u201eThe Garden of Life\u201d is a reflection on philosophical, spiritual and existential themes and sheds light on the contemporary condition of humanity entangled in materialism and consumerism. It is also a kind of overview through the experience of a person searching for the meaning of life and trying to answer the question \u201eWho am I?\u201d. We live in a time where, in the thick of internet gurus, masters, coaches and spiritual teachers, in the absence of intuition and attentiveness, one can be more lost than found.<\/div>\n<div dir=\"auto\"><\/div>\n<\/div>\n<div class=\"x11i5rnm xat24cr x1mh8g0r x1vvkbs xtlvy1s x126k92a\">\n<div dir=\"auto\">James' story is meant to encourage people to live in inner freedom and truth, to reflect on their own lives and on what is most important and meaningful in life.<\/div>\n<\/div>\n<\/div>\n<\/div>\n<\/div>\n<\/div>\n<\/div>","protected":false},"excerpt":{"rendered":"<p><span class=\"x193iq5w xeuugli x13faqbe x1vvkbs xlh3980 xvmahel x1n0sxbx x1lliihq x1s928wv xhkezso x1gmr53x x1cpjm7i x1fgarty x1943h6x xudqn12 x3x7a5m x6prxxf xvq8zen xo1l8bm xzsf02u\" dir=\"auto\">The book \u201eThe Garden of Life\u201d is a philosophical and adventurous story about the search for oneself. It is the story of the spiritual journey of a young man named James. It is an adventurous and surprising journey through the physical world, as well as a journey within himself, as a result of which the protagonist undergoes an inner transformation.<\/span><\/p>\n<p>Author: Jakub Osak<\/p>\n<p>Publisher: Dominika Osak<\/p>\n<p>&nbsp;<\/p>","protected":false},"featured_media":1079,"comment_status":"open","ping_status":"closed","template":"","meta":{"_eb_attr":""},"product_brand":[],"product_cat":[45],"product_tag":[],"class_list":{"0":"post-109","1":"product","2":"type-product","3":"status-publish","4":"has-post-thumbnail","6":"product_cat-ksiazki","8":"first","9":"instock","10":"shipping-taxable","11":"purchasable","12":"product-type-simple"},"yoast_head":"<!-- This site is optimized with the Yoast SEO plugin v26.6 - https:\/\/yoast.com\/wordpress\/plugins\/seo\/ -->\n<title>Ksi\u0105\u017cka &quot;Ogr\u00f3d \u017bycia&quot; - DomiSol - Dostrajamy<\/title>\n<meta name=\"robots\" content=\"index, follow, max-snippet:-1, max-image-preview:large, max-video-preview:-1\" \/>\n<link rel=\"canonical\" href=\"https:\/\/www.dostrajamy.com\/en\/product\/garden-of-life\/\" \/>\n<meta property=\"og:locale\" content=\"en_GB\" \/>\n<meta property=\"og:type\" content=\"article\" \/>\n<meta property=\"og:title\" content=\"Ksi\u0105\u017cka &quot;Ogr\u00f3d \u017bycia&quot; - DomiSol - Dostrajamy\" \/>\n<meta property=\"og:description\" content=\"Ksi\u0105\u017cka \u201eOgr\u00f3d \u017cycia\u201d to filozoficzno-przygodowa opowie\u015b\u0107 o poszukiwaniu siebie. To opowie\u015b\u0107 o duchowej podr\u00f3\u017cy m\u0142odego m\u0119\u017cczyzny o imieniu James. To pe\u0142na przyg\u00f3d i niespodzianek w\u0119dr\u00f3wka po \u015bwiecie fizycznym, jak r\u00f3wnie\u017c podr\u00f3\u017c w g\u0142\u0105b siebie, w wyniku kt\u00f3rej bohater przechodzi wewn\u0119trzn\u0105 przemian\u0119.  Autor: Jakub Osak  Wydawczyni: Dominika Osak  &nbsp;\" \/>\n<meta property=\"og:url\" content=\"https:\/\/www.dostrajamy.com\/en\/product\/garden-of-life\/\" \/>\n<meta property=\"og:site_name\" content=\"DomiSol - Dostrajamy\" \/>\n<meta property=\"article:publisher\" content=\"https:\/\/www.facebook.com\/domisol.dostrajamy\" \/>\n<meta property=\"article:modified_time\" content=\"2025-03-14T20:11:20+00:00\" \/>\n<meta property=\"og:image\" content=\"https:\/\/www.dostrajamy.com\/wp-content\/uploads\/2025\/02\/IMG_3914.jpg\" \/>\n\t<meta property=\"og:image:width\" content=\"1375\" \/>\n\t<meta property=\"og:image:height\" content=\"1047\" \/>\n\t<meta property=\"og:image:type\" content=\"image\/jpeg\" \/>\n<meta name=\"twitter:card\" content=\"summary_large_image\" \/>\n<meta name=\"twitter:label1\" content=\"Estimated reading time\" \/>\n\t<meta name=\"twitter:data1\" content=\"1 minute\" \/>\n<script type=\"application\/ld+json\" class=\"yoast-schema-graph\">{\"@context\":\"https:\/\/schema.org\",\"@graph\":[{\"@type\":\"WebPage\",\"@id\":\"https:\/\/www.dostrajamy.com\/produkt\/ogrod-zycia\/\",\"url\":\"https:\/\/www.dostrajamy.com\/produkt\/ogrod-zycia\/\",\"name\":\"Ksi\u0105\u017cka \\\"Ogr\u00f3d \u017bycia\\\" - DomiSol - Dostrajamy\",\"isPartOf\":{\"@id\":\"https:\/\/www.dostrajamy.com\/#website\"},\"primaryImageOfPage\":{\"@id\":\"https:\/\/www.dostrajamy.com\/produkt\/ogrod-zycia\/#primaryimage\"},\"image\":{\"@id\":\"https:\/\/www.dostrajamy.com\/produkt\/ogrod-zycia\/#primaryimage\"},\"thumbnailUrl\":\"https:\/\/www.dostrajamy.com\/wp-content\/uploads\/2025\/02\/IMG_3914.jpg\",\"datePublished\":\"2018-10-18T02:22:19+00:00\",\"dateModified\":\"2025-03-14T20:11:20+00:00\",\"breadcrumb\":{\"@id\":\"https:\/\/www.dostrajamy.com\/produkt\/ogrod-zycia\/#breadcrumb\"},\"inLanguage\":\"en-GB\",\"potentialAction\":[{\"@type\":\"ReadAction\",\"target\":[\"https:\/\/www.dostrajamy.com\/produkt\/ogrod-zycia\/\"]}]},{\"@type\":\"ImageObject\",\"inLanguage\":\"en-GB\",\"@id\":\"https:\/\/www.dostrajamy.com\/produkt\/ogrod-zycia\/#primaryimage\",\"url\":\"https:\/\/www.dostrajamy.com\/wp-content\/uploads\/2025\/02\/IMG_3914.jpg\",\"contentUrl\":\"https:\/\/www.dostrajamy.com\/wp-content\/uploads\/2025\/02\/IMG_3914.jpg\",\"width\":1375,\"height\":1047,\"caption\":\"Screenshot\"},{\"@type\":\"BreadcrumbList\",\"@id\":\"https:\/\/www.dostrajamy.com\/produkt\/ogrod-zycia\/#breadcrumb\",\"itemListElement\":[{\"@type\":\"ListItem\",\"position\":1,\"name\":\"Strona g\u0142\u00f3wna\",\"item\":\"https:\/\/www.dostrajamy.com\/\"},{\"@type\":\"ListItem\",\"position\":2,\"name\":\"Sklep\",\"item\":\"https:\/\/www.dostrajamy.com\/sklep\/\"},{\"@type\":\"ListItem\",\"position\":3,\"name\":\"Ksi\u0105\u017cka &#8222;Ogr\u00f3d \u017bycia&#8221;\"}]},{\"@type\":\"WebSite\",\"@id\":\"https:\/\/www.dostrajamy.com\/#website\",\"url\":\"https:\/\/www.dostrajamy.com\/\",\"name\":\"DomiSol - Dostrajamy\",\"description\":\"Dostr\u00f3j si\u0119 do siebie!\",\"publisher\":{\"@id\":\"https:\/\/www.dostrajamy.com\/#organization\"},\"potentialAction\":[{\"@type\":\"SearchAction\",\"target\":{\"@type\":\"EntryPoint\",\"urlTemplate\":\"https:\/\/www.dostrajamy.com\/?s={search_term_string}\"},\"query-input\":{\"@type\":\"PropertyValueSpecification\",\"valueRequired\":true,\"valueName\":\"search_term_string\"}}],\"inLanguage\":\"en-GB\"},{\"@type\":\"Organization\",\"@id\":\"https:\/\/www.dostrajamy.com\/#organization\",\"name\":\"DomiSol - Dostrajamy\",\"url\":\"https:\/\/www.dostrajamy.com\/\",\"logo\":{\"@type\":\"ImageObject\",\"inLanguage\":\"en-GB\",\"@id\":\"https:\/\/www.dostrajamy.com\/#\/schema\/logo\/image\/\",\"url\":\"https:\/\/www.dostrajamy.com\/wp-content\/uploads\/2025\/02\/cropped-Logo_poziom-1-scaled.png\",\"contentUrl\":\"https:\/\/www.dostrajamy.com\/wp-content\/uploads\/2025\/02\/cropped-Logo_poziom-1-scaled.png\",\"width\":2560,\"height\":453,\"caption\":\"DomiSol - Dostrajamy\"},\"image\":{\"@id\":\"https:\/\/www.dostrajamy.com\/#\/schema\/logo\/image\/\"},\"sameAs\":[\"https:\/\/www.facebook.com\/domisol.dostrajamy\",\"https:\/\/www.instagram.com\/domisol.dostrajamy\",\"https:\/\/www.youtube.com\/@dostrajamy\",\"https:\/\/open.spotify.com\/show\/5je85cYoaCcWGNo7Nwz2iW?si=1c15f6eb977f4f3d&nd=1&dlsi=d2ab15e5d6624979\"]}]}<\/script>\n<!-- \/ Yoast SEO plugin. -->","yoast_head_json":{"title":"The book \"The Garden of Life\" - DomiSol - Tuning in","robots":{"index":"index","follow":"follow","max-snippet":"max-snippet:-1","max-image-preview":"max-image-preview:large","max-video-preview":"max-video-preview:-1"},"canonical":"https:\/\/www.dostrajamy.com\/en\/product\/garden-of-life\/","og_locale":"en_GB","og_type":"article","og_title":"Ksi\u0105\u017cka \"Ogr\u00f3d \u017bycia\" - DomiSol - Dostrajamy","og_description":"Ksi\u0105\u017cka \u201eOgr\u00f3d \u017cycia\u201d to filozoficzno-przygodowa opowie\u015b\u0107 o poszukiwaniu siebie. To opowie\u015b\u0107 o duchowej podr\u00f3\u017cy m\u0142odego m\u0119\u017cczyzny o imieniu James. To pe\u0142na przyg\u00f3d i niespodzianek w\u0119dr\u00f3wka po \u015bwiecie fizycznym, jak r\u00f3wnie\u017c podr\u00f3\u017c w g\u0142\u0105b siebie, w wyniku kt\u00f3rej bohater przechodzi wewn\u0119trzn\u0105 przemian\u0119.  Autor: Jakub Osak  Wydawczyni: Dominika Osak  &nbsp;","og_url":"https:\/\/www.dostrajamy.com\/en\/product\/garden-of-life\/","og_site_name":"DomiSol - Dostrajamy","article_publisher":"https:\/\/www.facebook.com\/domisol.dostrajamy","article_modified_time":"2025-03-14T20:11:20+00:00","og_image":[{"width":1375,"height":1047,"url":"https:\/\/www.dostrajamy.com\/wp-content\/uploads\/2025\/02\/IMG_3914.jpg","type":"image\/jpeg"}],"twitter_card":"summary_large_image","twitter_misc":{"Estimated reading time":"1 minute"},"schema":{"@context":"https:\/\/schema.org","@graph":[{"@type":"WebPage","@id":"https:\/\/www.dostrajamy.com\/produkt\/ogrod-zycia\/","url":"https:\/\/www.dostrajamy.com\/produkt\/ogrod-zycia\/","name":"The book \"The Garden of Life\" - DomiSol - Tuning in","isPartOf":{"@id":"https:\/\/www.dostrajamy.com\/#website"},"primaryImageOfPage":{"@id":"https:\/\/www.dostrajamy.com\/produkt\/ogrod-zycia\/#primaryimage"},"image":{"@id":"https:\/\/www.dostrajamy.com\/produkt\/ogrod-zycia\/#primaryimage"},"thumbnailUrl":"https:\/\/www.dostrajamy.com\/wp-content\/uploads\/2025\/02\/IMG_3914.jpg","datePublished":"2018-10-18T02:22:19+00:00","dateModified":"2025-03-14T20:11:20+00:00","breadcrumb":{"@id":"https:\/\/www.dostrajamy.com\/produkt\/ogrod-zycia\/#breadcrumb"},"inLanguage":"en-GB","potentialAction":[{"@type":"ReadAction","target":["https:\/\/www.dostrajamy.com\/produkt\/ogrod-zycia\/"]}]},{"@type":"ImageObject","inLanguage":"en-GB","@id":"https:\/\/www.dostrajamy.com\/produkt\/ogrod-zycia\/#primaryimage","url":"https:\/\/www.dostrajamy.com\/wp-content\/uploads\/2025\/02\/IMG_3914.jpg","contentUrl":"https:\/\/www.dostrajamy.com\/wp-content\/uploads\/2025\/02\/IMG_3914.jpg","width":1375,"height":1047,"caption":"Screenshot"},{"@type":"BreadcrumbList","@id":"https:\/\/www.dostrajamy.com\/produkt\/ogrod-zycia\/#breadcrumb","itemListElement":[{"@type":"ListItem","position":1,"name":"Strona g\u0142\u00f3wna","item":"https:\/\/www.dostrajamy.com\/"},{"@type":"ListItem","position":2,"name":"Sklep","item":"https:\/\/www.dostrajamy.com\/sklep\/"},{"@type":"ListItem","position":3,"name":"Ksi\u0105\u017cka &#8222;Ogr\u00f3d \u017bycia&#8221;"}]},{"@type":"WebSite","@id":"https:\/\/www.dostrajamy.com\/#website","url":"https:\/\/www.dostrajamy.com\/","name":"DomiSol - Dostrajamy","description":"Tune in to yourself!","publisher":{"@id":"https:\/\/www.dostrajamy.com\/#organization"},"potentialAction":[{"@type":"SearchAction","target":{"@type":"EntryPoint","urlTemplate":"https:\/\/www.dostrajamy.com\/?s={search_term_string}"},"query-input":{"@type":"PropertyValueSpecification","valueRequired":true,"valueName":"search_term_string"}}],"inLanguage":"en-GB"},{"@type":"Organization","@id":"https:\/\/www.dostrajamy.com\/#organization","name":"DomiSol - Dostrajamy","url":"https:\/\/www.dostrajamy.com\/","logo":{"@type":"ImageObject","inLanguage":"en-GB","@id":"https:\/\/www.dostrajamy.com\/#\/schema\/logo\/image\/","url":"https:\/\/www.dostrajamy.com\/wp-content\/uploads\/2025\/02\/cropped-Logo_poziom-1-scaled.png","contentUrl":"https:\/\/www.dostrajamy.com\/wp-content\/uploads\/2025\/02\/cropped-Logo_poziom-1-scaled.png","width":2560,"height":453,"caption":"DomiSol - Dostrajamy"},"image":{"@id":"https:\/\/www.dostrajamy.com\/#\/schema\/logo\/image\/"},"sameAs":["https:\/\/www.facebook.com\/domisol.dostrajamy","https:\/\/www.instagram.com\/domisol.dostrajamy","https:\/\/www.youtube.com\/@dostrajamy","https:\/\/open.spotify.com\/show\/5je85cYoaCcWGNo7Nwz2iW?si=1c15f6eb977f4f3d&nd=1&dlsi=d2ab15e5d6624979"]}]}},"_links":{"self":[{"href":"https:\/\/www.dostrajamy.com\/en\/wp-json\/wp\/v2\/product\/109","targetHints":{"allow":["GET"]}}],"collection":[{"href":"https:\/\/www.dostrajamy.com\/en\/wp-json\/wp\/v2\/product"}],"about":[{"href":"https:\/\/www.dostrajamy.com\/en\/wp-json\/wp\/v2\/types\/product"}],"replies":[{"embeddable":true,"href":"https:\/\/www.dostrajamy.com\/en\/wp-json\/wp\/v2\/comments?post=109"}],"wp:featuredmedia":[{"embeddable":true,"href":"https:\/\/www.dostrajamy.com\/en\/wp-json\/wp\/v2\/media\/1079"}],"wp:attachment":[{"href":"https:\/\/www.dostrajamy.com\/en\/wp-json\/wp\/v2\/media?parent=109"}],"wp:term":[{"taxonomy":"product_brand","embeddable":true,"href":"https:\/\/www.dostrajamy.com\/en\/wp-json\/wp\/v2\/product_brand?post=109"},{"taxonomy":"product_cat","embeddable":true,"href":"https:\/\/www.dostrajamy.com\/en\/wp-json\/wp\/v2\/product_cat?post=109"},{"taxonomy":"product_tag","embeddable":true,"href":"https:\/\/www.dostrajamy.com\/en\/wp-json\/wp\/v2\/product_tag?post=109"}],"curies":[{"name":"wp","href":"https:\/\/api.w.org\/{rel}","templated":true}]}}