{"id":1778,"date":"2025-03-03T19:00:37","date_gmt":"2025-03-03T19:00:37","guid":{"rendered":"https:\/\/www.dostrajamy.com\/?post_type=product&#038;p=1778"},"modified":"2025-04-23T07:59:53","modified_gmt":"2025-04-23T07:59:53","slug":"mystic-wave-earrings","status":"publish","type":"product","link":"https:\/\/www.dostrajamy.com\/en\/product\/mystic-wave-earrings\/","title":{"rendered":"Mystic Wave Earrings"},"content":{"rendered":"<h3 class=\"\" data-start=\"947\" data-end=\"967\">\u2728 Sensitive information<\/h3>\n<p class=\"\" data-start=\"969\" data-end=\"1639\"><strong data-start=\"971\" data-end=\"981\">Form:<\/strong> Earrings with an irregular, rippling shape in which an organic line meets the geometric detail of a central crystal.<br data-start=\"1114\" data-end=\"1117\" \/><strong data-start=\"1119\" data-end=\"1132\">Material:<\/strong> Brass - noble and durable, enriched with resin in a deep, mystical colour.<br data-start=\"1213\" data-end=\"1216\" \/><strong data-start=\"1218\" data-end=\"1234\">Finishing:<\/strong> The metal has been subtly polished to bring out its brilliance and contrast with the translucent resin.<br data-start=\"1331\" data-end=\"1334\" \/><strong data-start=\"1336\" data-end=\"1346\">Retail:<\/strong> A Preciosa crystal is framed in the centre - a detail that reflects light and draws the eye, like the pupil of this jewellery wave.<br data-start=\"1471\" data-end=\"1474\" \/><strong data-start=\"1476\" data-end=\"1492\">Origins:<\/strong> The earrings were created at the Athens-based Kalliope studio, where artists have been handcrafting jewellery inspired by Greek aesthetics, myth and fashion since 1987.<\/p>","protected":false},"excerpt":{"rendered":"<p class=\"\" data-start=\"120\" data-end=\"367\">\u2728 Mystic Wave Earrings - Muse of Depth and Intuition<\/p>\n<p class=\"\" data-start=\"120\" data-end=\"367\">It's as if the ocean has stopped moving for a moment to remind you of the power that pulsates within you.<br data-start=\"215\" data-end=\"218\" \/>Mystic Wave are earrings full of fluidity and strength - like emotions that come and go,<br data-start=\"310\" data-end=\"313\" \/>Like an intuition that undulates between consciousness and dream.<\/p>\n<p class=\"\" data-start=\"369\" data-end=\"556\">Dyed resin dipped in brass evokes the depths of water.<br data-start=\"436\" data-end=\"439\" \/>The crystal in the centre - like a flash of light on taffy,<br data-start=\"487\" data-end=\"490\" \/>like an internal compass that guides you through the waves of everyday life.<\/p>\n<p class=\"\" data-start=\"558\" data-end=\"611\">Wear it and let the wave of Music guide you.<\/p>\n<p class=\"\" data-start=\"613\" data-end=\"942\">\u2014<br data-start=\"614\" data-end=\"617\" \/>\u2728 Earrings handmade in brass in the Greek workshop Kalliope, operating since 1987 in Athens.<br data-start=\"721\" data-end=\"724\" \/>A Preciosa crystal is set in the centre of each earring, wrapped in resin tinted in shades of deep blue and black.<br data-start=\"846\" data-end=\"849\" \/>Order today and if you want to create a set, also ask about a bracelet, ring or necklace.<\/p>","protected":false},"featured_media":1757,"comment_status":"open","ping_status":"closed","template":"","meta":{"_eb_attr":""},"product_brand":[],"product_cat":[57,36],"product_tag":[68,70,71,74,75],"class_list":{"0":"post-1778","1":"product","2":"type-product","3":"status-publish","4":"has-post-thumbnail","6":"product_cat-grecka-bizuteria","7":"product_cat-kolczyki","8":"product_tag-bizuteria","9":"product_tag-fashion-jewelry","10":"product_tag-mosiadz","11":"product_tag-naszyjnik","12":"product_tag-zywica","14":"first","15":"instock","16":"shipping-taxable","17":"purchasable","18":"product-type-simple"},"yoast_head":"<!-- This site is optimized with the Yoast SEO plugin v26.6 - https:\/\/yoast.com\/wordpress\/plugins\/seo\/ -->\n<title>Kolczyki Mistyczna Fala - DomiSol - Dostrajamy<\/title>\n<meta name=\"robots\" content=\"index, follow, max-snippet:-1, max-image-preview:large, max-video-preview:-1\" \/>\n<link rel=\"canonical\" href=\"https:\/\/www.dostrajamy.com\/en\/product\/mystic-wave-earrings\/\" \/>\n<meta property=\"og:locale\" content=\"en_GB\" \/>\n<meta property=\"og:type\" content=\"article\" \/>\n<meta property=\"og:title\" content=\"Kolczyki Mistyczna Fala - DomiSol - Dostrajamy\" \/>\n<meta property=\"og:description\" content=\"\u2728 Kolczyki Mistyczna Fala \u2013 Muza G\u0142\u0119bi i Intuicji Jakby ocean zatrzyma\u0142 si\u0119 na chwil\u0119 w ruchu, by przypomnie\u0107 Ci o mocy, kt\u00f3ra w Tobie pulsuje.Mistyczna Fala to kolczyki pe\u0142ne p\u0142ynno\u015bci i si\u0142y \u2013 jak emocje, kt\u00f3re przychodz\u0105 i odchodz\u0105,jak intuicja, kt\u00f3ra faluje mi\u0119dzy \u015bwiadomo\u015bci\u0105 a snem. Barwiona \u017cywica zanurzona w mosi\u0105dzu przywodzi na my\u015bl g\u0142\u0119bi\u0119 wody.Kryszta\u0142 w centrum \u2013 jak b\u0142ysk \u015bwiat\u0142a na tafli,jak wewn\u0119trzny kompas, kt\u00f3ry prowadzi Ci\u0119 przez fale codzienno\u015bci. Za\u0142\u00f3\u017c i pozw\u00f3l fali Muzy poprowadzi\u0107 Ci\u0119 do siebie. \u2014\u2728 Kolczyki wykonane r\u0119cznie z mosi\u0105dzu w greckiej pracowni Kalliope, dzia\u0142aj\u0105cej od 1987 roku w Atenach.Na \u015brodku ka\u017cdego kolczyka osadzono kryszta\u0142 Preciosa, otulony \u017cywic\u0105 barwion\u0105 w odcieniach g\u0142\u0119bokiego b\u0142\u0119kitu i czerni.Zam\u00f3w ju\u017c dzi\u015b, a je\u015bli chcesz stworzy\u0107 komplet, zapytaj r\u00f3wnie\u017c o bransoletk\u0119, pier\u015bcie\u0144 lub naszyjnik.\" \/>\n<meta property=\"og:url\" content=\"https:\/\/www.dostrajamy.com\/en\/product\/mystic-wave-earrings\/\" \/>\n<meta property=\"og:site_name\" content=\"DomiSol - Dostrajamy\" \/>\n<meta property=\"article:publisher\" content=\"https:\/\/www.facebook.com\/domisol.dostrajamy\" \/>\n<meta property=\"article:modified_time\" content=\"2025-04-23T07:59:53+00:00\" \/>\n<meta property=\"og:image\" content=\"https:\/\/www.dostrajamy.com\/wp-content\/uploads\/2025\/03\/skoularikiags1790b24032-scaled.jpg\" \/>\n\t<meta property=\"og:image:width\" content=\"2560\" \/>\n\t<meta property=\"og:image:height\" content=\"2560\" \/>\n\t<meta property=\"og:image:type\" content=\"image\/jpeg\" \/>\n<meta name=\"twitter:card\" content=\"summary_large_image\" \/>\n<meta name=\"twitter:label1\" content=\"Estimated reading time\" \/>\n\t<meta name=\"twitter:data1\" content=\"1 minute\" \/>\n<script type=\"application\/ld+json\" class=\"yoast-schema-graph\">{\"@context\":\"https:\/\/schema.org\",\"@graph\":[{\"@type\":\"WebPage\",\"@id\":\"https:\/\/www.dostrajamy.com\/produkt\/kolczyki-mistyczna-fala\/\",\"url\":\"https:\/\/www.dostrajamy.com\/produkt\/kolczyki-mistyczna-fala\/\",\"name\":\"Kolczyki Mistyczna Fala - DomiSol - Dostrajamy\",\"isPartOf\":{\"@id\":\"https:\/\/www.dostrajamy.com\/#website\"},\"primaryImageOfPage\":{\"@id\":\"https:\/\/www.dostrajamy.com\/produkt\/kolczyki-mistyczna-fala\/#primaryimage\"},\"image\":{\"@id\":\"https:\/\/www.dostrajamy.com\/produkt\/kolczyki-mistyczna-fala\/#primaryimage\"},\"thumbnailUrl\":\"https:\/\/www.dostrajamy.com\/wp-content\/uploads\/2025\/03\/skoularikiags1790b24032-scaled.jpg\",\"datePublished\":\"2025-03-03T19:00:37+00:00\",\"dateModified\":\"2025-04-23T07:59:53+00:00\",\"breadcrumb\":{\"@id\":\"https:\/\/www.dostrajamy.com\/produkt\/kolczyki-mistyczna-fala\/#breadcrumb\"},\"inLanguage\":\"en-GB\",\"potentialAction\":[{\"@type\":\"ReadAction\",\"target\":[\"https:\/\/www.dostrajamy.com\/produkt\/kolczyki-mistyczna-fala\/\"]}]},{\"@type\":\"ImageObject\",\"inLanguage\":\"en-GB\",\"@id\":\"https:\/\/www.dostrajamy.com\/produkt\/kolczyki-mistyczna-fala\/#primaryimage\",\"url\":\"https:\/\/www.dostrajamy.com\/wp-content\/uploads\/2025\/03\/skoularikiags1790b24032-scaled.jpg\",\"contentUrl\":\"https:\/\/www.dostrajamy.com\/wp-content\/uploads\/2025\/03\/skoularikiags1790b24032-scaled.jpg\",\"width\":2560,\"height\":2560},{\"@type\":\"BreadcrumbList\",\"@id\":\"https:\/\/www.dostrajamy.com\/produkt\/kolczyki-mistyczna-fala\/#breadcrumb\",\"itemListElement\":[{\"@type\":\"ListItem\",\"position\":1,\"name\":\"Strona g\u0142\u00f3wna\",\"item\":\"https:\/\/www.dostrajamy.com\/\"},{\"@type\":\"ListItem\",\"position\":2,\"name\":\"Sklep\",\"item\":\"https:\/\/www.dostrajamy.com\/sklep\/\"},{\"@type\":\"ListItem\",\"position\":3,\"name\":\"Kolczyki Mistyczna Fala\"}]},{\"@type\":\"WebSite\",\"@id\":\"https:\/\/www.dostrajamy.com\/#website\",\"url\":\"https:\/\/www.dostrajamy.com\/\",\"name\":\"DomiSol - Dostrajamy\",\"description\":\"Dostr\u00f3j si\u0119 do siebie!\",\"publisher\":{\"@id\":\"https:\/\/www.dostrajamy.com\/#organization\"},\"potentialAction\":[{\"@type\":\"SearchAction\",\"target\":{\"@type\":\"EntryPoint\",\"urlTemplate\":\"https:\/\/www.dostrajamy.com\/?s={search_term_string}\"},\"query-input\":{\"@type\":\"PropertyValueSpecification\",\"valueRequired\":true,\"valueName\":\"search_term_string\"}}],\"inLanguage\":\"en-GB\"},{\"@type\":\"Organization\",\"@id\":\"https:\/\/www.dostrajamy.com\/#organization\",\"name\":\"DomiSol - Dostrajamy\",\"url\":\"https:\/\/www.dostrajamy.com\/\",\"logo\":{\"@type\":\"ImageObject\",\"inLanguage\":\"en-GB\",\"@id\":\"https:\/\/www.dostrajamy.com\/#\/schema\/logo\/image\/\",\"url\":\"https:\/\/www.dostrajamy.com\/wp-content\/uploads\/2025\/02\/cropped-Logo_poziom-1-scaled.png\",\"contentUrl\":\"https:\/\/www.dostrajamy.com\/wp-content\/uploads\/2025\/02\/cropped-Logo_poziom-1-scaled.png\",\"width\":2560,\"height\":453,\"caption\":\"DomiSol - Dostrajamy\"},\"image\":{\"@id\":\"https:\/\/www.dostrajamy.com\/#\/schema\/logo\/image\/\"},\"sameAs\":[\"https:\/\/www.facebook.com\/domisol.dostrajamy\",\"https:\/\/www.instagram.com\/domisol.dostrajamy\",\"https:\/\/www.youtube.com\/@dostrajamy\",\"https:\/\/open.spotify.com\/show\/5je85cYoaCcWGNo7Nwz2iW?si=1c15f6eb977f4f3d&nd=1&dlsi=d2ab15e5d6624979\"]}]}<\/script>\n<!-- \/ Yoast SEO plugin. -->","yoast_head_json":{"title":"Mystic Wave Earrings - DomiSol - Tune in","robots":{"index":"index","follow":"follow","max-snippet":"max-snippet:-1","max-image-preview":"max-image-preview:large","max-video-preview":"max-video-preview:-1"},"canonical":"https:\/\/www.dostrajamy.com\/en\/product\/mystic-wave-earrings\/","og_locale":"en_GB","og_type":"article","og_title":"Kolczyki Mistyczna Fala - DomiSol - Dostrajamy","og_description":"\u2728 Kolczyki Mistyczna Fala \u2013 Muza G\u0142\u0119bi i Intuicji Jakby ocean zatrzyma\u0142 si\u0119 na chwil\u0119 w ruchu, by przypomnie\u0107 Ci o mocy, kt\u00f3ra w Tobie pulsuje.Mistyczna Fala to kolczyki pe\u0142ne p\u0142ynno\u015bci i si\u0142y \u2013 jak emocje, kt\u00f3re przychodz\u0105 i odchodz\u0105,jak intuicja, kt\u00f3ra faluje mi\u0119dzy \u015bwiadomo\u015bci\u0105 a snem. Barwiona \u017cywica zanurzona w mosi\u0105dzu przywodzi na my\u015bl g\u0142\u0119bi\u0119 wody.Kryszta\u0142 w centrum \u2013 jak b\u0142ysk \u015bwiat\u0142a na tafli,jak wewn\u0119trzny kompas, kt\u00f3ry prowadzi Ci\u0119 przez fale codzienno\u015bci. Za\u0142\u00f3\u017c i pozw\u00f3l fali Muzy poprowadzi\u0107 Ci\u0119 do siebie. \u2014\u2728 Kolczyki wykonane r\u0119cznie z mosi\u0105dzu w greckiej pracowni Kalliope, dzia\u0142aj\u0105cej od 1987 roku w Atenach.Na \u015brodku ka\u017cdego kolczyka osadzono kryszta\u0142 Preciosa, otulony \u017cywic\u0105 barwion\u0105 w odcieniach g\u0142\u0119bokiego b\u0142\u0119kitu i czerni.Zam\u00f3w ju\u017c dzi\u015b, a je\u015bli chcesz stworzy\u0107 komplet, zapytaj r\u00f3wnie\u017c o bransoletk\u0119, pier\u015bcie\u0144 lub naszyjnik.","og_url":"https:\/\/www.dostrajamy.com\/en\/product\/mystic-wave-earrings\/","og_site_name":"DomiSol - Dostrajamy","article_publisher":"https:\/\/www.facebook.com\/domisol.dostrajamy","article_modified_time":"2025-04-23T07:59:53+00:00","og_image":[{"width":2560,"height":2560,"url":"https:\/\/www.dostrajamy.com\/wp-content\/uploads\/2025\/03\/skoularikiags1790b24032-scaled.jpg","type":"image\/jpeg"}],"twitter_card":"summary_large_image","twitter_misc":{"Estimated reading time":"1 minute"},"schema":{"@context":"https:\/\/schema.org","@graph":[{"@type":"WebPage","@id":"https:\/\/www.dostrajamy.com\/produkt\/kolczyki-mistyczna-fala\/","url":"https:\/\/www.dostrajamy.com\/produkt\/kolczyki-mistyczna-fala\/","name":"Mystic Wave Earrings - DomiSol - Tune in","isPartOf":{"@id":"https:\/\/www.dostrajamy.com\/#website"},"primaryImageOfPage":{"@id":"https:\/\/www.dostrajamy.com\/produkt\/kolczyki-mistyczna-fala\/#primaryimage"},"image":{"@id":"https:\/\/www.dostrajamy.com\/produkt\/kolczyki-mistyczna-fala\/#primaryimage"},"thumbnailUrl":"https:\/\/www.dostrajamy.com\/wp-content\/uploads\/2025\/03\/skoularikiags1790b24032-scaled.jpg","datePublished":"2025-03-03T19:00:37+00:00","dateModified":"2025-04-23T07:59:53+00:00","breadcrumb":{"@id":"https:\/\/www.dostrajamy.com\/produkt\/kolczyki-mistyczna-fala\/#breadcrumb"},"inLanguage":"en-GB","potentialAction":[{"@type":"ReadAction","target":["https:\/\/www.dostrajamy.com\/produkt\/kolczyki-mistyczna-fala\/"]}]},{"@type":"ImageObject","inLanguage":"en-GB","@id":"https:\/\/www.dostrajamy.com\/produkt\/kolczyki-mistyczna-fala\/#primaryimage","url":"https:\/\/www.dostrajamy.com\/wp-content\/uploads\/2025\/03\/skoularikiags1790b24032-scaled.jpg","contentUrl":"https:\/\/www.dostrajamy.com\/wp-content\/uploads\/2025\/03\/skoularikiags1790b24032-scaled.jpg","width":2560,"height":2560},{"@type":"BreadcrumbList","@id":"https:\/\/www.dostrajamy.com\/produkt\/kolczyki-mistyczna-fala\/#breadcrumb","itemListElement":[{"@type":"ListItem","position":1,"name":"Strona g\u0142\u00f3wna","item":"https:\/\/www.dostrajamy.com\/"},{"@type":"ListItem","position":2,"name":"Sklep","item":"https:\/\/www.dostrajamy.com\/sklep\/"},{"@type":"ListItem","position":3,"name":"Kolczyki Mistyczna Fala"}]},{"@type":"WebSite","@id":"https:\/\/www.dostrajamy.com\/#website","url":"https:\/\/www.dostrajamy.com\/","name":"DomiSol - Dostrajamy","description":"Tune in to yourself!","publisher":{"@id":"https:\/\/www.dostrajamy.com\/#organization"},"potentialAction":[{"@type":"SearchAction","target":{"@type":"EntryPoint","urlTemplate":"https:\/\/www.dostrajamy.com\/?s={search_term_string}"},"query-input":{"@type":"PropertyValueSpecification","valueRequired":true,"valueName":"search_term_string"}}],"inLanguage":"en-GB"},{"@type":"Organization","@id":"https:\/\/www.dostrajamy.com\/#organization","name":"DomiSol - Dostrajamy","url":"https:\/\/www.dostrajamy.com\/","logo":{"@type":"ImageObject","inLanguage":"en-GB","@id":"https:\/\/www.dostrajamy.com\/#\/schema\/logo\/image\/","url":"https:\/\/www.dostrajamy.com\/wp-content\/uploads\/2025\/02\/cropped-Logo_poziom-1-scaled.png","contentUrl":"https:\/\/www.dostrajamy.com\/wp-content\/uploads\/2025\/02\/cropped-Logo_poziom-1-scaled.png","width":2560,"height":453,"caption":"DomiSol - Dostrajamy"},"image":{"@id":"https:\/\/www.dostrajamy.com\/#\/schema\/logo\/image\/"},"sameAs":["https:\/\/www.facebook.com\/domisol.dostrajamy","https:\/\/www.instagram.com\/domisol.dostrajamy","https:\/\/www.youtube.com\/@dostrajamy","https:\/\/open.spotify.com\/show\/5je85cYoaCcWGNo7Nwz2iW?si=1c15f6eb977f4f3d&nd=1&dlsi=d2ab15e5d6624979"]}]}},"_links":{"self":[{"href":"https:\/\/www.dostrajamy.com\/en\/wp-json\/wp\/v2\/product\/1778","targetHints":{"allow":["GET"]}}],"collection":[{"href":"https:\/\/www.dostrajamy.com\/en\/wp-json\/wp\/v2\/product"}],"about":[{"href":"https:\/\/www.dostrajamy.com\/en\/wp-json\/wp\/v2\/types\/product"}],"replies":[{"embeddable":true,"href":"https:\/\/www.dostrajamy.com\/en\/wp-json\/wp\/v2\/comments?post=1778"}],"wp:featuredmedia":[{"embeddable":true,"href":"https:\/\/www.dostrajamy.com\/en\/wp-json\/wp\/v2\/media\/1757"}],"wp:attachment":[{"href":"https:\/\/www.dostrajamy.com\/en\/wp-json\/wp\/v2\/media?parent=1778"}],"wp:term":[{"taxonomy":"product_brand","embeddable":true,"href":"https:\/\/www.dostrajamy.com\/en\/wp-json\/wp\/v2\/product_brand?post=1778"},{"taxonomy":"product_cat","embeddable":true,"href":"https:\/\/www.dostrajamy.com\/en\/wp-json\/wp\/v2\/product_cat?post=1778"},{"taxonomy":"product_tag","embeddable":true,"href":"https:\/\/www.dostrajamy.com\/en\/wp-json\/wp\/v2\/product_tag?post=1778"}],"curies":[{"name":"wp","href":"https:\/\/api.w.org\/{rel}","templated":true}]}}