{"id":1971,"date":"2025-03-14T13:22:45","date_gmt":"2025-03-14T13:22:45","guid":{"rendered":"https:\/\/www.dostrajamy.com\/?post_type=product&#038;p=1971"},"modified":"2025-03-14T20:04:13","modified_gmt":"2025-03-14T20:04:13","slug":"bejewelled-gown-vibrating-with-sunshine-red","status":"publish","type":"product","link":"https:\/\/www.dostrajamy.com\/en\/product\/bejewelled-gown-vibrating-with-sunshine-red\/","title":{"rendered":"Jewelry Dress \u201eVibrant Sun Red\u201d"},"content":{"rendered":"<p><span style=\"font-size: medium;\">The dress is sewn from 100% cotton of approx.120, imported from South Africa and hand-dyed there using the langalapu technique.<\/span><\/p>\n<p><span style=\"font-size: medium;\">The dress is in a universal size (maximum circumference 146cm), includes a thin belt sewn from the same fabric, and <span style=\"font-size: large;\">attachable jewellery that you can detach and enjoy every day in the form of two bracelets, <\/span>It also has two inset pockets. The dress can be worn as pictured, but also back to front.<\/span><\/p>\n<p><span style=\"font-size: medium;\">Dresses <span style=\"font-size: large;\">and jewellery <\/span>I create on my own, from start to finish every element is handmade by me.<\/span><\/p>\n<p><span style=\"font-size: medium;\"><strong>Composition:<\/strong> cotton 100%<\/span><\/p>\n<p><span style=\"font-size: large;\"><strong>Jewellery:<\/strong> natural stones<\/span><\/p>\n<p><strong><span style=\"font-size: medium;\">Recommendations: <\/span><\/strong><span style=\"font-size: medium;\">Hand wash in 30 degree water without using strong chemicals. Avoid contact with liquids, especially perfumes. Iron on the left side. Do not bleach. This product is hand dyed and there may be slight irregularities, but this is what adds to the charm of hand dyed fabric and makes it one of a kind.<\/span><\/p>\n<p><span style=\"font-size: medium;\">The model is 173 cm tall. It is possible to shorten the dress at no extra charge after consulting and stating your height.<\/span><\/p>","protected":false},"excerpt":{"rendered":"<p>The unique Jewellery Dress is sewn from a hand-dyed fabric. It is 100% cotton imported from South Africa, where it was dyed by local artists using the langalapu technique. The fabric falls beautifully with the attached belt, but can also be worn without.<\/p>\n<p>The gown is a universal size, I adjust the length to suit your height if you need shorter than the stated length in the description. The gown includes attachable jewellery made from natural stones, which you can detach at any time and enjoy as two bracelets. The gown can be worn as pictured, but also back to front. You can add a belt to it, or wear it loosely depending on your needs. Customise it to suit you!<\/p>\n<p>Design: Dominika Osak<\/p>\n<p>Manufactured in Poland<\/p>","protected":false},"featured_media":1943,"comment_status":"open","ping_status":"closed","template":"","meta":{"_eb_attr":""},"product_brand":[58],"product_cat":[43],"product_tag":[63,80,66,59,61,79,62,67],"class_list":{"0":"post-1971","1":"product","2":"type-product","3":"status-publish","4":"has-post-thumbnail","6":"product_brand-domisol","7":"product_cat-bizuteryjne-suknie","8":"product_tag-bawelna","9":"product_tag-langalapu","10":"product_tag-maxi","11":"product_tag-moda","12":"product_tag-piekno","13":"product_tag-rpa","14":"product_tag-suknia","15":"product_tag-szata","17":"first","18":"instock","19":"shipping-taxable","20":"purchasable","21":"product-type-simple"},"yoast_head":"<!-- This site is optimized with the Yoast SEO plugin v26.6 - https:\/\/yoast.com\/wordpress\/plugins\/seo\/ -->\n<title>Bi\u017cuteryjna Suknia &quot;Wibruj\u0105ca S\u0142o\u0144cem Red&quot; - DomiSol - Dostrajamy<\/title>\n<meta name=\"robots\" content=\"index, follow, max-snippet:-1, max-image-preview:large, max-video-preview:-1\" \/>\n<link rel=\"canonical\" href=\"https:\/\/www.dostrajamy.com\/en\/product\/bejewelled-gown-vibrating-with-sunshine-red\/\" \/>\n<meta property=\"og:locale\" content=\"en_GB\" \/>\n<meta property=\"og:type\" content=\"article\" \/>\n<meta property=\"og:title\" content=\"Bi\u017cuteryjna Suknia &quot;Wibruj\u0105ca S\u0142o\u0144cem Red&quot; - DomiSol - Dostrajamy\" \/>\n<meta property=\"og:description\" content=\"Wyj\u0105tkowa Bi\u017cuteryjna Suknia uszyta jest z r\u0119cznie barwionej tkaniny. To bawe\u0142na 100% sprowadzona z RPA, tam zosta\u0142a barwiona przez lokalnych artyst\u00f3w technik\u0105 langalapu. Tkanina pi\u0119knie uk\u0142ada si\u0119 z za\u0142\u0105czonym paskiem, ale mo\u017cna nosi\u0107 r\u00f3wnie\u017c bez.  Suknia jest w uniwersalnym rozmiarze, d\u0142ugo\u015b\u0107 dopasowuj\u0119 do twojego wzrostu, je\u015bli potrzebujesz kr\u00f3tsz\u0105 ni\u017c podana d\u0142ugo\u015b\u0107 w opisie. Suknia zawiera dopinan\u0105 bi\u017cuteri\u0119 z naturalnych kamieni, kt\u00f3r\u0105 mo\u017cesz w ka\u017cdej chwili odpi\u0105\u0107 i cieszy\u0107 si\u0119 ni\u0105 na co dzie\u0144 w formie dw\u00f3ch bransoletek. Sukni\u0119 mo\u017cna zak\u0142ada\u0107 jak na zdj\u0119ciu, ale r\u00f3wnie\u017c ty\u0142em do przodu. Mo\u017cesz doda\u0107 do niej pasek, albo nosi\u0107 lu\u017ano w zale\u017cno\u015bci od twoich potrzeb. Dostr\u00f3j j\u0105 do siebie!  Projekt: Dominika Osak  Wyprodukowano w Polsce\" \/>\n<meta property=\"og:url\" content=\"https:\/\/www.dostrajamy.com\/en\/product\/bejewelled-gown-vibrating-with-sunshine-red\/\" \/>\n<meta property=\"og:site_name\" content=\"DomiSol - Dostrajamy\" \/>\n<meta property=\"article:publisher\" content=\"https:\/\/www.facebook.com\/domisol.dostrajamy\" \/>\n<meta property=\"article:modified_time\" content=\"2025-03-14T20:04:13+00:00\" \/>\n<meta property=\"og:image\" content=\"https:\/\/www.dostrajamy.com\/wp-content\/uploads\/2025\/03\/A7C08238-scaled.jpg\" \/>\n\t<meta property=\"og:image:width\" content=\"1707\" \/>\n\t<meta property=\"og:image:height\" content=\"2560\" \/>\n\t<meta property=\"og:image:type\" content=\"image\/jpeg\" \/>\n<meta name=\"twitter:card\" content=\"summary_large_image\" \/>\n<meta name=\"twitter:label1\" content=\"Estimated reading time\" \/>\n\t<meta name=\"twitter:data1\" content=\"1 minute\" \/>\n<script type=\"application\/ld+json\" class=\"yoast-schema-graph\">{\"@context\":\"https:\/\/schema.org\",\"@graph\":[{\"@type\":\"WebPage\",\"@id\":\"https:\/\/www.dostrajamy.com\/produkt\/bizuteryjna-suknia-wibrujaca-sloncem-red\/\",\"url\":\"https:\/\/www.dostrajamy.com\/produkt\/bizuteryjna-suknia-wibrujaca-sloncem-red\/\",\"name\":\"Bi\u017cuteryjna Suknia \\\"Wibruj\u0105ca S\u0142o\u0144cem Red\\\" - DomiSol - Dostrajamy\",\"isPartOf\":{\"@id\":\"https:\/\/www.dostrajamy.com\/#website\"},\"primaryImageOfPage\":{\"@id\":\"https:\/\/www.dostrajamy.com\/produkt\/bizuteryjna-suknia-wibrujaca-sloncem-red\/#primaryimage\"},\"image\":{\"@id\":\"https:\/\/www.dostrajamy.com\/produkt\/bizuteryjna-suknia-wibrujaca-sloncem-red\/#primaryimage\"},\"thumbnailUrl\":\"https:\/\/www.dostrajamy.com\/wp-content\/uploads\/2025\/03\/A7C08238-scaled.jpg\",\"datePublished\":\"2025-03-14T13:22:45+00:00\",\"dateModified\":\"2025-03-14T20:04:13+00:00\",\"breadcrumb\":{\"@id\":\"https:\/\/www.dostrajamy.com\/produkt\/bizuteryjna-suknia-wibrujaca-sloncem-red\/#breadcrumb\"},\"inLanguage\":\"en-GB\",\"potentialAction\":[{\"@type\":\"ReadAction\",\"target\":[\"https:\/\/www.dostrajamy.com\/produkt\/bizuteryjna-suknia-wibrujaca-sloncem-red\/\"]}]},{\"@type\":\"ImageObject\",\"inLanguage\":\"en-GB\",\"@id\":\"https:\/\/www.dostrajamy.com\/produkt\/bizuteryjna-suknia-wibrujaca-sloncem-red\/#primaryimage\",\"url\":\"https:\/\/www.dostrajamy.com\/wp-content\/uploads\/2025\/03\/A7C08238-scaled.jpg\",\"contentUrl\":\"https:\/\/www.dostrajamy.com\/wp-content\/uploads\/2025\/03\/A7C08238-scaled.jpg\",\"width\":1707,\"height\":2560},{\"@type\":\"BreadcrumbList\",\"@id\":\"https:\/\/www.dostrajamy.com\/produkt\/bizuteryjna-suknia-wibrujaca-sloncem-red\/#breadcrumb\",\"itemListElement\":[{\"@type\":\"ListItem\",\"position\":1,\"name\":\"Strona g\u0142\u00f3wna\",\"item\":\"https:\/\/www.dostrajamy.com\/\"},{\"@type\":\"ListItem\",\"position\":2,\"name\":\"Sklep\",\"item\":\"https:\/\/www.dostrajamy.com\/sklep\/\"},{\"@type\":\"ListItem\",\"position\":3,\"name\":\"Bi\u017cuteryjna Suknia &#8222;Wibruj\u0105ca S\u0142o\u0144cem Red&#8221;\"}]},{\"@type\":\"WebSite\",\"@id\":\"https:\/\/www.dostrajamy.com\/#website\",\"url\":\"https:\/\/www.dostrajamy.com\/\",\"name\":\"DomiSol - Dostrajamy\",\"description\":\"Dostr\u00f3j si\u0119 do siebie!\",\"publisher\":{\"@id\":\"https:\/\/www.dostrajamy.com\/#organization\"},\"potentialAction\":[{\"@type\":\"SearchAction\",\"target\":{\"@type\":\"EntryPoint\",\"urlTemplate\":\"https:\/\/www.dostrajamy.com\/?s={search_term_string}\"},\"query-input\":{\"@type\":\"PropertyValueSpecification\",\"valueRequired\":true,\"valueName\":\"search_term_string\"}}],\"inLanguage\":\"en-GB\"},{\"@type\":\"Organization\",\"@id\":\"https:\/\/www.dostrajamy.com\/#organization\",\"name\":\"DomiSol - Dostrajamy\",\"url\":\"https:\/\/www.dostrajamy.com\/\",\"logo\":{\"@type\":\"ImageObject\",\"inLanguage\":\"en-GB\",\"@id\":\"https:\/\/www.dostrajamy.com\/#\/schema\/logo\/image\/\",\"url\":\"https:\/\/www.dostrajamy.com\/wp-content\/uploads\/2025\/02\/cropped-Logo_poziom-1-scaled.png\",\"contentUrl\":\"https:\/\/www.dostrajamy.com\/wp-content\/uploads\/2025\/02\/cropped-Logo_poziom-1-scaled.png\",\"width\":2560,\"height\":453,\"caption\":\"DomiSol - Dostrajamy\"},\"image\":{\"@id\":\"https:\/\/www.dostrajamy.com\/#\/schema\/logo\/image\/\"},\"sameAs\":[\"https:\/\/www.facebook.com\/domisol.dostrajamy\",\"https:\/\/www.instagram.com\/domisol.dostrajamy\",\"https:\/\/www.youtube.com\/@dostrajamy\",\"https:\/\/open.spotify.com\/show\/5je85cYoaCcWGNo7Nwz2iW?si=1c15f6eb977f4f3d&nd=1&dlsi=d2ab15e5d6624979\"]}]}<\/script>\n<!-- \/ Yoast SEO plugin. -->","yoast_head_json":{"title":"Jewelry Dress \"Vibrant Sun Red\" - DomiSol - Tune in","robots":{"index":"index","follow":"follow","max-snippet":"max-snippet:-1","max-image-preview":"max-image-preview:large","max-video-preview":"max-video-preview:-1"},"canonical":"https:\/\/www.dostrajamy.com\/en\/product\/bejewelled-gown-vibrating-with-sunshine-red\/","og_locale":"en_GB","og_type":"article","og_title":"Bi\u017cuteryjna Suknia \"Wibruj\u0105ca S\u0142o\u0144cem Red\" - DomiSol - Dostrajamy","og_description":"Wyj\u0105tkowa Bi\u017cuteryjna Suknia uszyta jest z r\u0119cznie barwionej tkaniny. To bawe\u0142na 100% sprowadzona z RPA, tam zosta\u0142a barwiona przez lokalnych artyst\u00f3w technik\u0105 langalapu. Tkanina pi\u0119knie uk\u0142ada si\u0119 z za\u0142\u0105czonym paskiem, ale mo\u017cna nosi\u0107 r\u00f3wnie\u017c bez.  Suknia jest w uniwersalnym rozmiarze, d\u0142ugo\u015b\u0107 dopasowuj\u0119 do twojego wzrostu, je\u015bli potrzebujesz kr\u00f3tsz\u0105 ni\u017c podana d\u0142ugo\u015b\u0107 w opisie. Suknia zawiera dopinan\u0105 bi\u017cuteri\u0119 z naturalnych kamieni, kt\u00f3r\u0105 mo\u017cesz w ka\u017cdej chwili odpi\u0105\u0107 i cieszy\u0107 si\u0119 ni\u0105 na co dzie\u0144 w formie dw\u00f3ch bransoletek. Sukni\u0119 mo\u017cna zak\u0142ada\u0107 jak na zdj\u0119ciu, ale r\u00f3wnie\u017c ty\u0142em do przodu. Mo\u017cesz doda\u0107 do niej pasek, albo nosi\u0107 lu\u017ano w zale\u017cno\u015bci od twoich potrzeb. Dostr\u00f3j j\u0105 do siebie!  Projekt: Dominika Osak  Wyprodukowano w Polsce","og_url":"https:\/\/www.dostrajamy.com\/en\/product\/bejewelled-gown-vibrating-with-sunshine-red\/","og_site_name":"DomiSol - Dostrajamy","article_publisher":"https:\/\/www.facebook.com\/domisol.dostrajamy","article_modified_time":"2025-03-14T20:04:13+00:00","og_image":[{"width":1707,"height":2560,"url":"https:\/\/www.dostrajamy.com\/wp-content\/uploads\/2025\/03\/A7C08238-scaled.jpg","type":"image\/jpeg"}],"twitter_card":"summary_large_image","twitter_misc":{"Estimated reading time":"1 minute"},"schema":{"@context":"https:\/\/schema.org","@graph":[{"@type":"WebPage","@id":"https:\/\/www.dostrajamy.com\/produkt\/bizuteryjna-suknia-wibrujaca-sloncem-red\/","url":"https:\/\/www.dostrajamy.com\/produkt\/bizuteryjna-suknia-wibrujaca-sloncem-red\/","name":"Jewelry Dress \"Vibrant Sun Red\" - DomiSol - Tune in","isPartOf":{"@id":"https:\/\/www.dostrajamy.com\/#website"},"primaryImageOfPage":{"@id":"https:\/\/www.dostrajamy.com\/produkt\/bizuteryjna-suknia-wibrujaca-sloncem-red\/#primaryimage"},"image":{"@id":"https:\/\/www.dostrajamy.com\/produkt\/bizuteryjna-suknia-wibrujaca-sloncem-red\/#primaryimage"},"thumbnailUrl":"https:\/\/www.dostrajamy.com\/wp-content\/uploads\/2025\/03\/A7C08238-scaled.jpg","datePublished":"2025-03-14T13:22:45+00:00","dateModified":"2025-03-14T20:04:13+00:00","breadcrumb":{"@id":"https:\/\/www.dostrajamy.com\/produkt\/bizuteryjna-suknia-wibrujaca-sloncem-red\/#breadcrumb"},"inLanguage":"en-GB","potentialAction":[{"@type":"ReadAction","target":["https:\/\/www.dostrajamy.com\/produkt\/bizuteryjna-suknia-wibrujaca-sloncem-red\/"]}]},{"@type":"ImageObject","inLanguage":"en-GB","@id":"https:\/\/www.dostrajamy.com\/produkt\/bizuteryjna-suknia-wibrujaca-sloncem-red\/#primaryimage","url":"https:\/\/www.dostrajamy.com\/wp-content\/uploads\/2025\/03\/A7C08238-scaled.jpg","contentUrl":"https:\/\/www.dostrajamy.com\/wp-content\/uploads\/2025\/03\/A7C08238-scaled.jpg","width":1707,"height":2560},{"@type":"BreadcrumbList","@id":"https:\/\/www.dostrajamy.com\/produkt\/bizuteryjna-suknia-wibrujaca-sloncem-red\/#breadcrumb","itemListElement":[{"@type":"ListItem","position":1,"name":"Strona g\u0142\u00f3wna","item":"https:\/\/www.dostrajamy.com\/"},{"@type":"ListItem","position":2,"name":"Sklep","item":"https:\/\/www.dostrajamy.com\/sklep\/"},{"@type":"ListItem","position":3,"name":"Bi\u017cuteryjna Suknia &#8222;Wibruj\u0105ca S\u0142o\u0144cem Red&#8221;"}]},{"@type":"WebSite","@id":"https:\/\/www.dostrajamy.com\/#website","url":"https:\/\/www.dostrajamy.com\/","name":"DomiSol - Dostrajamy","description":"Tune in to yourself!","publisher":{"@id":"https:\/\/www.dostrajamy.com\/#organization"},"potentialAction":[{"@type":"SearchAction","target":{"@type":"EntryPoint","urlTemplate":"https:\/\/www.dostrajamy.com\/?s={search_term_string}"},"query-input":{"@type":"PropertyValueSpecification","valueRequired":true,"valueName":"search_term_string"}}],"inLanguage":"en-GB"},{"@type":"Organization","@id":"https:\/\/www.dostrajamy.com\/#organization","name":"DomiSol - Dostrajamy","url":"https:\/\/www.dostrajamy.com\/","logo":{"@type":"ImageObject","inLanguage":"en-GB","@id":"https:\/\/www.dostrajamy.com\/#\/schema\/logo\/image\/","url":"https:\/\/www.dostrajamy.com\/wp-content\/uploads\/2025\/02\/cropped-Logo_poziom-1-scaled.png","contentUrl":"https:\/\/www.dostrajamy.com\/wp-content\/uploads\/2025\/02\/cropped-Logo_poziom-1-scaled.png","width":2560,"height":453,"caption":"DomiSol - Dostrajamy"},"image":{"@id":"https:\/\/www.dostrajamy.com\/#\/schema\/logo\/image\/"},"sameAs":["https:\/\/www.facebook.com\/domisol.dostrajamy","https:\/\/www.instagram.com\/domisol.dostrajamy","https:\/\/www.youtube.com\/@dostrajamy","https:\/\/open.spotify.com\/show\/5je85cYoaCcWGNo7Nwz2iW?si=1c15f6eb977f4f3d&nd=1&dlsi=d2ab15e5d6624979"]}]}},"_links":{"self":[{"href":"https:\/\/www.dostrajamy.com\/en\/wp-json\/wp\/v2\/product\/1971","targetHints":{"allow":["GET"]}}],"collection":[{"href":"https:\/\/www.dostrajamy.com\/en\/wp-json\/wp\/v2\/product"}],"about":[{"href":"https:\/\/www.dostrajamy.com\/en\/wp-json\/wp\/v2\/types\/product"}],"replies":[{"embeddable":true,"href":"https:\/\/www.dostrajamy.com\/en\/wp-json\/wp\/v2\/comments?post=1971"}],"wp:featuredmedia":[{"embeddable":true,"href":"https:\/\/www.dostrajamy.com\/en\/wp-json\/wp\/v2\/media\/1943"}],"wp:attachment":[{"href":"https:\/\/www.dostrajamy.com\/en\/wp-json\/wp\/v2\/media?parent=1971"}],"wp:term":[{"taxonomy":"product_brand","embeddable":true,"href":"https:\/\/www.dostrajamy.com\/en\/wp-json\/wp\/v2\/product_brand?post=1971"},{"taxonomy":"product_cat","embeddable":true,"href":"https:\/\/www.dostrajamy.com\/en\/wp-json\/wp\/v2\/product_cat?post=1971"},{"taxonomy":"product_tag","embeddable":true,"href":"https:\/\/www.dostrajamy.com\/en\/wp-json\/wp\/v2\/product_tag?post=1971"}],"curies":[{"name":"wp","href":"https:\/\/api.w.org\/{rel}","templated":true}]}}