{"id":2045,"date":"2025-03-14T20:16:18","date_gmt":"2025-03-14T20:16:18","guid":{"rendered":"https:\/\/www.dostrajamy.com\/?post_type=product&#038;p=2045"},"modified":"2026-01-20T11:03:20","modified_gmt":"2026-01-20T11:03:20","slug":"wild-robe-spirit-of-nature","status":"publish","type":"product","link":"https:\/\/www.dostrajamy.com\/en\/product\/wild-robe-spirit-of-nature\/","title":{"rendered":"Wild Robe \u201eSpirit of Nature\u201d"},"content":{"rendered":"<p class=\"western\"><span style=\"font-size: medium;\">The dress is sewn from 100% cotton, dyed by hand and naturally, using the ecoprint technique, or \u201eprinting\u201d with plants. The colours come entirely from nature. The traces of leaves and flowers are reflections of real plants, the essence of nature transferred onto the fabric.<\/span><\/p>\n<p>The gown is one size (maximum circumference: 154 cm, maximum length: 141 cm), includes attachable jewellery which you can detach and enjoy every day in the form of two bracelets. The dress can be worn as shown in the photos - also back to front.<\/p>\n<p>We create the gowns ourselves, from start to finish every element is handmade by us.<\/p>\n<p><strong>Fabric:<\/strong><br \/>\nComposition: Cotton 100%<br \/>\nPlants: maple leaf, hazel leaf, vine leaf, onion skins, rhizome of the marzanna tree<\/p>\n<p><strong>Jewellery:<\/strong><br \/>\nStones: night of Cairo, buffalo eye, African turquoise, hematite<\/p>\n<p><strong>Recommendations:<\/strong> Detach the jewellery before washing. Hand wash in cool water without strong chemicals. Dry in the shade. Avoid contact with liquids, especially perfumes. Iron on the left side. Do not bleach. This product is hand dyed and there may be slight irregularities, but this is what adds to the charm of hand dyed fabric and makes it one of a kind.<\/p>\n<p>The model is 173 cm tall. It is possible to shorten the dress at no extra charge after consulting and stating your height.<\/p>\n<p>The price includes the gown, detachable jewellery, belt and, in addition, a bag (also made of plant-dyed cotton).<\/p>","protected":false},"excerpt":{"rendered":"<p>Tune in to nature in the company of the Jewellery Robe Dress from the \u201eWild Robes\u201d collection.<\/p>\n<p><span style=\"font-size: medium;\">DomiSol &amp; Zielekada. Two women, two projects - one love.<br \/>\nOut of an admiration for beauty, natural fabrics and unique garments, our \u201eWild Robes\u201d collection was created. Susan dyes the fabrics with a natural \u201eecoprint\u201d, all colours and patterns are extracted from the essence of the plants, and DomiSol designs and sews the jewellery gowns.<br \/>\nThis is how we created dresses that carry comfort and beauty filled with nature.<\/span><\/p>\n<p>&nbsp;<\/p>\n<p>Design: Dominika Osak<\/p>\n<p>Fabric: Zielekada<\/p>\n<p>Manufactured in Poland<\/p>","protected":false},"featured_media":4511,"comment_status":"open","ping_status":"closed","template":"","meta":{"_eb_attr":""},"product_brand":[58],"product_cat":[137,86],"product_tag":[63,81,59,61,62,67,82],"class_list":{"0":"post-2045","1":"product","2":"type-product","3":"status-publish","4":"has-post-thumbnail","6":"product_brand-domisol","7":"product_cat-suknia-szata","8":"product_cat-kolekcja-dzikie-szaty","9":"product_tag-bawelna","10":"product_tag-ecoprint","11":"product_tag-moda","12":"product_tag-piekno","13":"product_tag-suknia","14":"product_tag-szata","15":"product_tag-zielekada","17":"first","18":"instock","19":"shipping-taxable","20":"purchasable","21":"product-type-simple"},"yoast_head":"<!-- This site is optimized with the Yoast SEO plugin v26.6 - https:\/\/yoast.com\/wordpress\/plugins\/seo\/ -->\n<title>Dzika Szata \u201eDuch Natury&quot; - DomiSol - Dostrajamy<\/title>\n<meta name=\"robots\" content=\"index, follow, max-snippet:-1, max-image-preview:large, max-video-preview:-1\" \/>\n<link rel=\"canonical\" href=\"https:\/\/www.dostrajamy.com\/en\/product\/wild-robe-spirit-of-nature\/\" \/>\n<meta property=\"og:locale\" content=\"en_GB\" \/>\n<meta property=\"og:type\" content=\"article\" \/>\n<meta property=\"og:title\" content=\"Dzika Szata \u201eDuch Natury&quot; - DomiSol - Dostrajamy\" \/>\n<meta property=\"og:description\" content=\"Dostr\u00f3j si\u0119 do natury w towarzystwie Bi\u017cuteryjnej Sukni Szaty z kolekcji \u201eDzikie Szaty\u201d.  DomiSol &amp; Zielekada. Dwie kobiety, dwa projekty - jedna mi\u0142o\u015b\u0107. Z zachwytu do pi\u0119kna, naturalnych tkanin i unikatowych ubra\u0144, powsta\u0142a nasza kolekcja \u201eDzikich Szat\u201d. Susan barwi tkaniny naturalnym drukiem \u201eecoprint&quot;, wszystkie kolory i wzory s\u0105 wydobyte z esencji ro\u015blin, a DomiSol projektuje i szyje bi\u017cuteryjne suknie. Tak stworzy\u0142y\u015bmy suknie, kt\u00f3re nios\u0105 komfort i pi\u0119kno wype\u0142nione natur\u0105.  &nbsp;  Projekt: Dominika Osak  Tkanina: Zielekada  Wyprodukowano w Polsce\" \/>\n<meta property=\"og:url\" content=\"https:\/\/www.dostrajamy.com\/en\/product\/wild-robe-spirit-of-nature\/\" \/>\n<meta property=\"og:site_name\" content=\"DomiSol - Dostrajamy\" \/>\n<meta property=\"article:publisher\" content=\"https:\/\/www.facebook.com\/domisol.dostrajamy\" \/>\n<meta property=\"article:modified_time\" content=\"2026-01-20T11:03:20+00:00\" \/>\n<meta property=\"og:image\" content=\"https:\/\/www.dostrajamy.com\/wp-content\/uploads\/2025\/07\/DSC_0205-scaled.jpg\" \/>\n\t<meta property=\"og:image:width\" content=\"1707\" \/>\n\t<meta property=\"og:image:height\" content=\"2560\" \/>\n\t<meta property=\"og:image:type\" content=\"image\/jpeg\" \/>\n<meta name=\"twitter:card\" content=\"summary_large_image\" \/>\n<meta name=\"twitter:label1\" content=\"Estimated reading time\" \/>\n\t<meta name=\"twitter:data1\" content=\"2 minutes\" \/>\n<script type=\"application\/ld+json\" class=\"yoast-schema-graph\">{\"@context\":\"https:\/\/schema.org\",\"@graph\":[{\"@type\":\"WebPage\",\"@id\":\"https:\/\/www.dostrajamy.com\/produkt\/dzika-szata-duch-natury\/\",\"url\":\"https:\/\/www.dostrajamy.com\/produkt\/dzika-szata-duch-natury\/\",\"name\":\"Dzika Szata \u201eDuch Natury\\\" - DomiSol - Dostrajamy\",\"isPartOf\":{\"@id\":\"https:\/\/www.dostrajamy.com\/#website\"},\"primaryImageOfPage\":{\"@id\":\"https:\/\/www.dostrajamy.com\/produkt\/dzika-szata-duch-natury\/#primaryimage\"},\"image\":{\"@id\":\"https:\/\/www.dostrajamy.com\/produkt\/dzika-szata-duch-natury\/#primaryimage\"},\"thumbnailUrl\":\"https:\/\/www.dostrajamy.com\/wp-content\/uploads\/2025\/07\/DSC_0205-scaled.jpg\",\"datePublished\":\"2025-03-14T20:16:18+00:00\",\"dateModified\":\"2026-01-20T11:03:20+00:00\",\"breadcrumb\":{\"@id\":\"https:\/\/www.dostrajamy.com\/produkt\/dzika-szata-duch-natury\/#breadcrumb\"},\"inLanguage\":\"en-GB\",\"potentialAction\":[{\"@type\":\"ReadAction\",\"target\":[\"https:\/\/www.dostrajamy.com\/produkt\/dzika-szata-duch-natury\/\"]}]},{\"@type\":\"ImageObject\",\"inLanguage\":\"en-GB\",\"@id\":\"https:\/\/www.dostrajamy.com\/produkt\/dzika-szata-duch-natury\/#primaryimage\",\"url\":\"https:\/\/www.dostrajamy.com\/wp-content\/uploads\/2025\/07\/DSC_0205-scaled.jpg\",\"contentUrl\":\"https:\/\/www.dostrajamy.com\/wp-content\/uploads\/2025\/07\/DSC_0205-scaled.jpg\",\"width\":1707,\"height\":2560},{\"@type\":\"BreadcrumbList\",\"@id\":\"https:\/\/www.dostrajamy.com\/produkt\/dzika-szata-duch-natury\/#breadcrumb\",\"itemListElement\":[{\"@type\":\"ListItem\",\"position\":1,\"name\":\"Strona g\u0142\u00f3wna\",\"item\":\"https:\/\/www.dostrajamy.com\/\"},{\"@type\":\"ListItem\",\"position\":2,\"name\":\"Sklep\",\"item\":\"https:\/\/www.dostrajamy.com\/sklep\/\"},{\"@type\":\"ListItem\",\"position\":3,\"name\":\"Dzika Szata \u201eDuch Natury&#8221;\"}]},{\"@type\":\"WebSite\",\"@id\":\"https:\/\/www.dostrajamy.com\/#website\",\"url\":\"https:\/\/www.dostrajamy.com\/\",\"name\":\"DomiSol - Dostrajamy\",\"description\":\"Dostr\u00f3j si\u0119 do siebie!\",\"publisher\":{\"@id\":\"https:\/\/www.dostrajamy.com\/#organization\"},\"potentialAction\":[{\"@type\":\"SearchAction\",\"target\":{\"@type\":\"EntryPoint\",\"urlTemplate\":\"https:\/\/www.dostrajamy.com\/?s={search_term_string}\"},\"query-input\":{\"@type\":\"PropertyValueSpecification\",\"valueRequired\":true,\"valueName\":\"search_term_string\"}}],\"inLanguage\":\"en-GB\"},{\"@type\":\"Organization\",\"@id\":\"https:\/\/www.dostrajamy.com\/#organization\",\"name\":\"DomiSol - Dostrajamy\",\"url\":\"https:\/\/www.dostrajamy.com\/\",\"logo\":{\"@type\":\"ImageObject\",\"inLanguage\":\"en-GB\",\"@id\":\"https:\/\/www.dostrajamy.com\/#\/schema\/logo\/image\/\",\"url\":\"https:\/\/www.dostrajamy.com\/wp-content\/uploads\/2025\/02\/cropped-Logo_poziom-1-scaled.png\",\"contentUrl\":\"https:\/\/www.dostrajamy.com\/wp-content\/uploads\/2025\/02\/cropped-Logo_poziom-1-scaled.png\",\"width\":2560,\"height\":453,\"caption\":\"DomiSol - Dostrajamy\"},\"image\":{\"@id\":\"https:\/\/www.dostrajamy.com\/#\/schema\/logo\/image\/\"},\"sameAs\":[\"https:\/\/www.facebook.com\/domisol.dostrajamy\",\"https:\/\/www.instagram.com\/domisol.dostrajamy\",\"https:\/\/www.youtube.com\/@dostrajamy\",\"https:\/\/open.spotify.com\/show\/5je85cYoaCcWGNo7Nwz2iW?si=1c15f6eb977f4f3d&nd=1&dlsi=d2ab15e5d6624979\"]}]}<\/script>\n<!-- \/ Yoast SEO plugin. -->","yoast_head_json":{"title":"Wild Robe \u201eSpirit of Nature\" - DomiSol - Tuning in","robots":{"index":"index","follow":"follow","max-snippet":"max-snippet:-1","max-image-preview":"max-image-preview:large","max-video-preview":"max-video-preview:-1"},"canonical":"https:\/\/www.dostrajamy.com\/en\/product\/wild-robe-spirit-of-nature\/","og_locale":"en_GB","og_type":"article","og_title":"Dzika Szata \u201eDuch Natury\" - DomiSol - Dostrajamy","og_description":"Dostr\u00f3j si\u0119 do natury w towarzystwie Bi\u017cuteryjnej Sukni Szaty z kolekcji \u201eDzikie Szaty\u201d.  DomiSol &amp; Zielekada. Dwie kobiety, dwa projekty - jedna mi\u0142o\u015b\u0107. Z zachwytu do pi\u0119kna, naturalnych tkanin i unikatowych ubra\u0144, powsta\u0142a nasza kolekcja \u201eDzikich Szat\u201d. Susan barwi tkaniny naturalnym drukiem \u201eecoprint\", wszystkie kolory i wzory s\u0105 wydobyte z esencji ro\u015blin, a DomiSol projektuje i szyje bi\u017cuteryjne suknie. Tak stworzy\u0142y\u015bmy suknie, kt\u00f3re nios\u0105 komfort i pi\u0119kno wype\u0142nione natur\u0105.  &nbsp;  Projekt: Dominika Osak  Tkanina: Zielekada  Wyprodukowano w Polsce","og_url":"https:\/\/www.dostrajamy.com\/en\/product\/wild-robe-spirit-of-nature\/","og_site_name":"DomiSol - Dostrajamy","article_publisher":"https:\/\/www.facebook.com\/domisol.dostrajamy","article_modified_time":"2026-01-20T11:03:20+00:00","og_image":[{"width":1707,"height":2560,"url":"https:\/\/www.dostrajamy.com\/wp-content\/uploads\/2025\/07\/DSC_0205-scaled.jpg","type":"image\/jpeg"}],"twitter_card":"summary_large_image","twitter_misc":{"Estimated reading time":"2 minutes"},"schema":{"@context":"https:\/\/schema.org","@graph":[{"@type":"WebPage","@id":"https:\/\/www.dostrajamy.com\/produkt\/dzika-szata-duch-natury\/","url":"https:\/\/www.dostrajamy.com\/produkt\/dzika-szata-duch-natury\/","name":"Wild Robe \u201eSpirit of Nature\" - DomiSol - Tuning in","isPartOf":{"@id":"https:\/\/www.dostrajamy.com\/#website"},"primaryImageOfPage":{"@id":"https:\/\/www.dostrajamy.com\/produkt\/dzika-szata-duch-natury\/#primaryimage"},"image":{"@id":"https:\/\/www.dostrajamy.com\/produkt\/dzika-szata-duch-natury\/#primaryimage"},"thumbnailUrl":"https:\/\/www.dostrajamy.com\/wp-content\/uploads\/2025\/07\/DSC_0205-scaled.jpg","datePublished":"2025-03-14T20:16:18+00:00","dateModified":"2026-01-20T11:03:20+00:00","breadcrumb":{"@id":"https:\/\/www.dostrajamy.com\/produkt\/dzika-szata-duch-natury\/#breadcrumb"},"inLanguage":"en-GB","potentialAction":[{"@type":"ReadAction","target":["https:\/\/www.dostrajamy.com\/produkt\/dzika-szata-duch-natury\/"]}]},{"@type":"ImageObject","inLanguage":"en-GB","@id":"https:\/\/www.dostrajamy.com\/produkt\/dzika-szata-duch-natury\/#primaryimage","url":"https:\/\/www.dostrajamy.com\/wp-content\/uploads\/2025\/07\/DSC_0205-scaled.jpg","contentUrl":"https:\/\/www.dostrajamy.com\/wp-content\/uploads\/2025\/07\/DSC_0205-scaled.jpg","width":1707,"height":2560},{"@type":"BreadcrumbList","@id":"https:\/\/www.dostrajamy.com\/produkt\/dzika-szata-duch-natury\/#breadcrumb","itemListElement":[{"@type":"ListItem","position":1,"name":"Strona g\u0142\u00f3wna","item":"https:\/\/www.dostrajamy.com\/"},{"@type":"ListItem","position":2,"name":"Sklep","item":"https:\/\/www.dostrajamy.com\/sklep\/"},{"@type":"ListItem","position":3,"name":"Dzika Szata \u201eDuch Natury&#8221;"}]},{"@type":"WebSite","@id":"https:\/\/www.dostrajamy.com\/#website","url":"https:\/\/www.dostrajamy.com\/","name":"DomiSol - Dostrajamy","description":"Tune in to yourself!","publisher":{"@id":"https:\/\/www.dostrajamy.com\/#organization"},"potentialAction":[{"@type":"SearchAction","target":{"@type":"EntryPoint","urlTemplate":"https:\/\/www.dostrajamy.com\/?s={search_term_string}"},"query-input":{"@type":"PropertyValueSpecification","valueRequired":true,"valueName":"search_term_string"}}],"inLanguage":"en-GB"},{"@type":"Organization","@id":"https:\/\/www.dostrajamy.com\/#organization","name":"DomiSol - Dostrajamy","url":"https:\/\/www.dostrajamy.com\/","logo":{"@type":"ImageObject","inLanguage":"en-GB","@id":"https:\/\/www.dostrajamy.com\/#\/schema\/logo\/image\/","url":"https:\/\/www.dostrajamy.com\/wp-content\/uploads\/2025\/02\/cropped-Logo_poziom-1-scaled.png","contentUrl":"https:\/\/www.dostrajamy.com\/wp-content\/uploads\/2025\/02\/cropped-Logo_poziom-1-scaled.png","width":2560,"height":453,"caption":"DomiSol - Dostrajamy"},"image":{"@id":"https:\/\/www.dostrajamy.com\/#\/schema\/logo\/image\/"},"sameAs":["https:\/\/www.facebook.com\/domisol.dostrajamy","https:\/\/www.instagram.com\/domisol.dostrajamy","https:\/\/www.youtube.com\/@dostrajamy","https:\/\/open.spotify.com\/show\/5je85cYoaCcWGNo7Nwz2iW?si=1c15f6eb977f4f3d&nd=1&dlsi=d2ab15e5d6624979"]}]}},"_links":{"self":[{"href":"https:\/\/www.dostrajamy.com\/en\/wp-json\/wp\/v2\/product\/2045","targetHints":{"allow":["GET"]}}],"collection":[{"href":"https:\/\/www.dostrajamy.com\/en\/wp-json\/wp\/v2\/product"}],"about":[{"href":"https:\/\/www.dostrajamy.com\/en\/wp-json\/wp\/v2\/types\/product"}],"replies":[{"embeddable":true,"href":"https:\/\/www.dostrajamy.com\/en\/wp-json\/wp\/v2\/comments?post=2045"}],"wp:featuredmedia":[{"embeddable":true,"href":"https:\/\/www.dostrajamy.com\/en\/wp-json\/wp\/v2\/media\/4511"}],"wp:attachment":[{"href":"https:\/\/www.dostrajamy.com\/en\/wp-json\/wp\/v2\/media?parent=2045"}],"wp:term":[{"taxonomy":"product_brand","embeddable":true,"href":"https:\/\/www.dostrajamy.com\/en\/wp-json\/wp\/v2\/product_brand?post=2045"},{"taxonomy":"product_cat","embeddable":true,"href":"https:\/\/www.dostrajamy.com\/en\/wp-json\/wp\/v2\/product_cat?post=2045"},{"taxonomy":"product_tag","embeddable":true,"href":"https:\/\/www.dostrajamy.com\/en\/wp-json\/wp\/v2\/product_tag?post=2045"}],"curies":[{"name":"wp","href":"https:\/\/api.w.org\/{rel}","templated":true}]}}