{"id":2294,"date":"2025-03-26T14:42:34","date_gmt":"2025-03-26T14:42:34","guid":{"rendered":"https:\/\/www.dostrajamy.com\/?post_type=product&#038;p=2294"},"modified":"2026-03-10T12:22:47","modified_gmt":"2026-03-10T12:22:47","slug":"the-queens-robe-of-gold","status":"publish","type":"product","link":"https:\/\/www.dostrajamy.com\/en\/product\/the-queens-robe-of-gold\/","title":{"rendered":"Queen's Robe \u201eGolden Linen Robe\u201d \/ TO ORDER"},"content":{"rendered":"<p class=\"western\"><span style=\"font-size: medium;\">The dress is sewn from linen. Linen is a material that combines naturalness, durability and versatility. Its ecological origin and exceptional thermoregulatory properties therefore make it an ideal choice in both summer and winter! Linen fibres are very strong and resistant to abrasion or mechanical damage, making linen clothes durable and resistant to stretching. In addition, linen becomes even softer over time, which only makes it more comfortable to wear.\u00a0<\/span><!--more--><\/p>\n<p>The gown is one size (maximum circumference 196 cm) and includes attachable jewellery, which you can detach and enjoy in the form of two bracelets. The gown can be worn as shown in the photos - also back to front.<\/p>\n<p>Suknie tworz\u0119 samodzielnie, od pocz\u0105tku do ko\u0144ca ka\u017cdy element jest wykonany przeze mnie w\u0142asnor\u0119cznie.<\/p>\n<p><strong>Composition:<\/strong> len 90%, metaliczna z\u0142ota ni\u0107 10%<\/p>\n<p><strong>Jewellery: <\/strong>natural stones<\/p>\n<p><strong>Recommendations:<\/strong> Przed praniem odepnij bi\u017cuteri\u0119. Pierz r\u0119cznie w wodzie 30 stopni bez u\u017cycia silnych \u015brodk\u00f3w chemicznych. Unikaj kontaktu z p\u0142ynami, zw\u0142aszcza z perfumami. Nie wybielaj.<\/p>\n<p>Modelka ma 173 cm wzrostu. Suknie szyj\u0119 na zam\u00f3wienie, w notatce koniecznie podaj sw\u00f3j wzrost.<\/p>","protected":false},"excerpt":{"rendered":"<p>Dostr\u00f3j si\u0119 do kr\u00f3lewskiego \u015bwiata elegancji i wykwintno\u015bci. Bi\u017cuteryjna Suknia Szata z kolekcji \u201eSzaty Kr\u00f3lowej\u201d to kwintesencja elegancji. Suknia ze z\u0142otego lnu, kt\u00f3ry roz\u015bwietla cia\u0142o dodaj\u0105c blasku, podkre\u015bla dostojno\u015b\u0107 i ekskluzywno\u015b\u0107. W staro\u017cytnym Egipcie len symbolizowa\u0142 \u015bwiat\u0142o i czysto\u015b\u0107, a przede wszystkim bogactwo i luksus.<\/p>\n<p>Bespoke dress: lead time up to 2 weeks<\/p>","protected":false},"featured_media":2296,"comment_status":"open","ping_status":"closed","template":"","meta":{"_eb_attr":""},"product_brand":[58],"product_cat":[43,87,111],"product_tag":[83,91,59,61,62,67],"class_list":{"0":"post-2294","1":"product","2":"type-product","3":"status-publish","4":"has-post-thumbnail","6":"product_brand-domisol","7":"product_cat-bizuteryjne-suknie","8":"product_cat-kolekcja-szaty-krolowej","9":"product_cat-na-zamowienie","10":"product_tag-kobieta","11":"product_tag-len","12":"product_tag-moda","13":"product_tag-piekno","14":"product_tag-suknia","15":"product_tag-szata","17":"first","18":"onbackorder","19":"shipping-taxable","20":"purchasable","21":"product-type-simple"},"yoast_head":"<!-- This site is optimized with the Yoast SEO plugin v26.6 - https:\/\/yoast.com\/wordpress\/plugins\/seo\/ -->\n<title>Szata Kr\u00f3lowej &quot;Z\u0142ota Lniana Szata&quot; \/ NA ZAM\u00d3WIENIE - DomiSol - Dostrajamy<\/title>\n<meta name=\"robots\" content=\"index, follow, max-snippet:-1, max-image-preview:large, max-video-preview:-1\" \/>\n<link rel=\"canonical\" href=\"https:\/\/www.dostrajamy.com\/en\/product\/the-queens-robe-of-gold\/\" \/>\n<meta property=\"og:locale\" content=\"en_GB\" \/>\n<meta property=\"og:type\" content=\"article\" \/>\n<meta property=\"og:title\" content=\"Szata Kr\u00f3lowej &quot;Z\u0142ota Lniana Szata&quot; \/ NA ZAM\u00d3WIENIE - DomiSol - Dostrajamy\" \/>\n<meta property=\"og:description\" content=\"Dostr\u00f3j si\u0119 do kr\u00f3lewskiego \u015bwiata elegancji i wykwintno\u015bci. Bi\u017cuteryjna Suknia Szata z kolekcji \u201eSzaty Kr\u00f3lowej\u201d to kwintesencja elegancji. Suknia ze z\u0142otego lnu, kt\u00f3ry roz\u015bwietla cia\u0142o dodaj\u0105c blasku, podkre\u015bla dostojno\u015b\u0107 i ekskluzywno\u015b\u0107. W staro\u017cytnym Egipcie len symbolizowa\u0142 \u015bwiat\u0142o i czysto\u015b\u0107, a przede wszystkim bogactwo i luksus.  Suknia na zam\u00f3wienie: czas realizacji do 2 tygodni\" \/>\n<meta property=\"og:url\" content=\"https:\/\/www.dostrajamy.com\/en\/product\/the-queens-robe-of-gold\/\" \/>\n<meta property=\"og:site_name\" content=\"DomiSol - Dostrajamy\" \/>\n<meta property=\"article:publisher\" content=\"https:\/\/www.facebook.com\/domisol.dostrajamy\" \/>\n<meta property=\"article:modified_time\" content=\"2026-03-10T12:22:47+00:00\" \/>\n<meta name=\"twitter:card\" content=\"summary_large_image\" \/>\n<meta name=\"twitter:label1\" content=\"Estimated reading time\" \/>\n\t<meta name=\"twitter:data1\" content=\"2 minutes\" \/>\n<script type=\"application\/ld+json\" class=\"yoast-schema-graph\">{\"@context\":\"https:\/\/schema.org\",\"@graph\":[{\"@type\":\"WebPage\",\"@id\":\"https:\/\/www.dostrajamy.com\/produkt\/szata-krolowej-zlota-szata\/\",\"url\":\"https:\/\/www.dostrajamy.com\/produkt\/szata-krolowej-zlota-szata\/\",\"name\":\"Szata Kr\u00f3lowej \\\"Z\u0142ota Lniana Szata\\\" \/ NA ZAM\u00d3WIENIE - DomiSol - Dostrajamy\",\"isPartOf\":{\"@id\":\"https:\/\/www.dostrajamy.com\/#website\"},\"primaryImageOfPage\":{\"@id\":\"https:\/\/www.dostrajamy.com\/produkt\/szata-krolowej-zlota-szata\/#primaryimage\"},\"image\":{\"@id\":\"https:\/\/www.dostrajamy.com\/produkt\/szata-krolowej-zlota-szata\/#primaryimage\"},\"thumbnailUrl\":\"https:\/\/www.dostrajamy.com\/wp-content\/uploads\/2025\/03\/IMG_6329-scaled.jpg\",\"datePublished\":\"2025-03-26T14:42:34+00:00\",\"dateModified\":\"2026-03-10T12:22:47+00:00\",\"breadcrumb\":{\"@id\":\"https:\/\/www.dostrajamy.com\/produkt\/szata-krolowej-zlota-szata\/#breadcrumb\"},\"inLanguage\":\"en-GB\",\"potentialAction\":[{\"@type\":\"ReadAction\",\"target\":[\"https:\/\/www.dostrajamy.com\/produkt\/szata-krolowej-zlota-szata\/\"]}]},{\"@type\":\"ImageObject\",\"inLanguage\":\"en-GB\",\"@id\":\"https:\/\/www.dostrajamy.com\/produkt\/szata-krolowej-zlota-szata\/#primaryimage\",\"url\":\"https:\/\/www.dostrajamy.com\/wp-content\/uploads\/2025\/03\/IMG_6329-scaled.jpg\",\"contentUrl\":\"https:\/\/www.dostrajamy.com\/wp-content\/uploads\/2025\/03\/IMG_6329-scaled.jpg\",\"width\":1920,\"height\":2560},{\"@type\":\"BreadcrumbList\",\"@id\":\"https:\/\/www.dostrajamy.com\/produkt\/szata-krolowej-zlota-szata\/#breadcrumb\",\"itemListElement\":[{\"@type\":\"ListItem\",\"position\":1,\"name\":\"Strona g\u0142\u00f3wna\",\"item\":\"https:\/\/www.dostrajamy.com\/\"},{\"@type\":\"ListItem\",\"position\":2,\"name\":\"Sklep\",\"item\":\"https:\/\/www.dostrajamy.com\/sklep\/\"},{\"@type\":\"ListItem\",\"position\":3,\"name\":\"Szata Kr\u00f3lowej &#8222;Z\u0142ota Lniana Szata&#8221; \/ NA ZAM\u00d3WIENIE\"}]},{\"@type\":\"WebSite\",\"@id\":\"https:\/\/www.dostrajamy.com\/#website\",\"url\":\"https:\/\/www.dostrajamy.com\/\",\"name\":\"DomiSol - Dostrajamy\",\"description\":\"Dostr\u00f3j si\u0119 do siebie!\",\"publisher\":{\"@id\":\"https:\/\/www.dostrajamy.com\/#organization\"},\"potentialAction\":[{\"@type\":\"SearchAction\",\"target\":{\"@type\":\"EntryPoint\",\"urlTemplate\":\"https:\/\/www.dostrajamy.com\/?s={search_term_string}\"},\"query-input\":{\"@type\":\"PropertyValueSpecification\",\"valueRequired\":true,\"valueName\":\"search_term_string\"}}],\"inLanguage\":\"en-GB\"},{\"@type\":\"Organization\",\"@id\":\"https:\/\/www.dostrajamy.com\/#organization\",\"name\":\"DomiSol - Dostrajamy\",\"url\":\"https:\/\/www.dostrajamy.com\/\",\"logo\":{\"@type\":\"ImageObject\",\"inLanguage\":\"en-GB\",\"@id\":\"https:\/\/www.dostrajamy.com\/#\/schema\/logo\/image\/\",\"url\":\"https:\/\/www.dostrajamy.com\/wp-content\/uploads\/2025\/02\/cropped-Logo_poziom-1-scaled.png\",\"contentUrl\":\"https:\/\/www.dostrajamy.com\/wp-content\/uploads\/2025\/02\/cropped-Logo_poziom-1-scaled.png\",\"width\":2560,\"height\":453,\"caption\":\"DomiSol - Dostrajamy\"},\"image\":{\"@id\":\"https:\/\/www.dostrajamy.com\/#\/schema\/logo\/image\/\"},\"sameAs\":[\"https:\/\/www.facebook.com\/domisol.dostrajamy\",\"https:\/\/www.instagram.com\/domisol.dostrajamy\",\"https:\/\/www.youtube.com\/@dostrajamy\",\"https:\/\/open.spotify.com\/show\/5je85cYoaCcWGNo7Nwz2iW?si=1c15f6eb977f4f3d&nd=1&dlsi=d2ab15e5d6624979\"]}]}<\/script>\n<!-- \/ Yoast SEO plugin. -->","yoast_head_json":{"title":"Szata Kr\u00f3lowej \"Z\u0142ota Lniana Szata\" \/ NA ZAM\u00d3WIENIE - DomiSol - Dostrajamy","robots":{"index":"index","follow":"follow","max-snippet":"max-snippet:-1","max-image-preview":"max-image-preview:large","max-video-preview":"max-video-preview:-1"},"canonical":"https:\/\/www.dostrajamy.com\/en\/product\/the-queens-robe-of-gold\/","og_locale":"en_GB","og_type":"article","og_title":"Szata Kr\u00f3lowej \"Z\u0142ota Lniana Szata\" \/ NA ZAM\u00d3WIENIE - DomiSol - Dostrajamy","og_description":"Dostr\u00f3j si\u0119 do kr\u00f3lewskiego \u015bwiata elegancji i wykwintno\u015bci. Bi\u017cuteryjna Suknia Szata z kolekcji \u201eSzaty Kr\u00f3lowej\u201d to kwintesencja elegancji. Suknia ze z\u0142otego lnu, kt\u00f3ry roz\u015bwietla cia\u0142o dodaj\u0105c blasku, podkre\u015bla dostojno\u015b\u0107 i ekskluzywno\u015b\u0107. W staro\u017cytnym Egipcie len symbolizowa\u0142 \u015bwiat\u0142o i czysto\u015b\u0107, a przede wszystkim bogactwo i luksus.  Suknia na zam\u00f3wienie: czas realizacji do 2 tygodni","og_url":"https:\/\/www.dostrajamy.com\/en\/product\/the-queens-robe-of-gold\/","og_site_name":"DomiSol - Dostrajamy","article_publisher":"https:\/\/www.facebook.com\/domisol.dostrajamy","article_modified_time":"2026-03-10T12:22:47+00:00","twitter_card":"summary_large_image","twitter_misc":{"Estimated reading time":"2 minutes"},"schema":{"@context":"https:\/\/schema.org","@graph":[{"@type":"WebPage","@id":"https:\/\/www.dostrajamy.com\/produkt\/szata-krolowej-zlota-szata\/","url":"https:\/\/www.dostrajamy.com\/produkt\/szata-krolowej-zlota-szata\/","name":"Szata Kr\u00f3lowej \"Z\u0142ota Lniana Szata\" \/ NA ZAM\u00d3WIENIE - DomiSol - Dostrajamy","isPartOf":{"@id":"https:\/\/www.dostrajamy.com\/#website"},"primaryImageOfPage":{"@id":"https:\/\/www.dostrajamy.com\/produkt\/szata-krolowej-zlota-szata\/#primaryimage"},"image":{"@id":"https:\/\/www.dostrajamy.com\/produkt\/szata-krolowej-zlota-szata\/#primaryimage"},"thumbnailUrl":"https:\/\/www.dostrajamy.com\/wp-content\/uploads\/2025\/03\/IMG_6329-scaled.jpg","datePublished":"2025-03-26T14:42:34+00:00","dateModified":"2026-03-10T12:22:47+00:00","breadcrumb":{"@id":"https:\/\/www.dostrajamy.com\/produkt\/szata-krolowej-zlota-szata\/#breadcrumb"},"inLanguage":"en-GB","potentialAction":[{"@type":"ReadAction","target":["https:\/\/www.dostrajamy.com\/produkt\/szata-krolowej-zlota-szata\/"]}]},{"@type":"ImageObject","inLanguage":"en-GB","@id":"https:\/\/www.dostrajamy.com\/produkt\/szata-krolowej-zlota-szata\/#primaryimage","url":"https:\/\/www.dostrajamy.com\/wp-content\/uploads\/2025\/03\/IMG_6329-scaled.jpg","contentUrl":"https:\/\/www.dostrajamy.com\/wp-content\/uploads\/2025\/03\/IMG_6329-scaled.jpg","width":1920,"height":2560},{"@type":"BreadcrumbList","@id":"https:\/\/www.dostrajamy.com\/produkt\/szata-krolowej-zlota-szata\/#breadcrumb","itemListElement":[{"@type":"ListItem","position":1,"name":"Strona g\u0142\u00f3wna","item":"https:\/\/www.dostrajamy.com\/"},{"@type":"ListItem","position":2,"name":"Sklep","item":"https:\/\/www.dostrajamy.com\/sklep\/"},{"@type":"ListItem","position":3,"name":"Szata Kr\u00f3lowej &#8222;Z\u0142ota Lniana Szata&#8221; \/ NA ZAM\u00d3WIENIE"}]},{"@type":"WebSite","@id":"https:\/\/www.dostrajamy.com\/#website","url":"https:\/\/www.dostrajamy.com\/","name":"DomiSol - Dostrajamy","description":"Tune in to yourself!","publisher":{"@id":"https:\/\/www.dostrajamy.com\/#organization"},"potentialAction":[{"@type":"SearchAction","target":{"@type":"EntryPoint","urlTemplate":"https:\/\/www.dostrajamy.com\/?s={search_term_string}"},"query-input":{"@type":"PropertyValueSpecification","valueRequired":true,"valueName":"search_term_string"}}],"inLanguage":"en-GB"},{"@type":"Organization","@id":"https:\/\/www.dostrajamy.com\/#organization","name":"DomiSol - Dostrajamy","url":"https:\/\/www.dostrajamy.com\/","logo":{"@type":"ImageObject","inLanguage":"en-GB","@id":"https:\/\/www.dostrajamy.com\/#\/schema\/logo\/image\/","url":"https:\/\/www.dostrajamy.com\/wp-content\/uploads\/2025\/02\/cropped-Logo_poziom-1-scaled.png","contentUrl":"https:\/\/www.dostrajamy.com\/wp-content\/uploads\/2025\/02\/cropped-Logo_poziom-1-scaled.png","width":2560,"height":453,"caption":"DomiSol - Dostrajamy"},"image":{"@id":"https:\/\/www.dostrajamy.com\/#\/schema\/logo\/image\/"},"sameAs":["https:\/\/www.facebook.com\/domisol.dostrajamy","https:\/\/www.instagram.com\/domisol.dostrajamy","https:\/\/www.youtube.com\/@dostrajamy","https:\/\/open.spotify.com\/show\/5je85cYoaCcWGNo7Nwz2iW?si=1c15f6eb977f4f3d&nd=1&dlsi=d2ab15e5d6624979"]}]}},"_links":{"self":[{"href":"https:\/\/www.dostrajamy.com\/en\/wp-json\/wp\/v2\/product\/2294","targetHints":{"allow":["GET"]}}],"collection":[{"href":"https:\/\/www.dostrajamy.com\/en\/wp-json\/wp\/v2\/product"}],"about":[{"href":"https:\/\/www.dostrajamy.com\/en\/wp-json\/wp\/v2\/types\/product"}],"replies":[{"embeddable":true,"href":"https:\/\/www.dostrajamy.com\/en\/wp-json\/wp\/v2\/comments?post=2294"}],"wp:featuredmedia":[{"embeddable":true,"href":"https:\/\/www.dostrajamy.com\/en\/wp-json\/wp\/v2\/media\/2296"}],"wp:attachment":[{"href":"https:\/\/www.dostrajamy.com\/en\/wp-json\/wp\/v2\/media?parent=2294"}],"wp:term":[{"taxonomy":"product_brand","embeddable":true,"href":"https:\/\/www.dostrajamy.com\/en\/wp-json\/wp\/v2\/product_brand?post=2294"},{"taxonomy":"product_cat","embeddable":true,"href":"https:\/\/www.dostrajamy.com\/en\/wp-json\/wp\/v2\/product_cat?post=2294"},{"taxonomy":"product_tag","embeddable":true,"href":"https:\/\/www.dostrajamy.com\/en\/wp-json\/wp\/v2\/product_tag?post=2294"}],"curies":[{"name":"wp","href":"https:\/\/api.w.org\/{rel}","templated":true}]}}