{"id":2411,"date":"2025-03-28T09:49:54","date_gmt":"2025-03-28T09:49:54","guid":{"rendered":"https:\/\/www.dostrajamy.com\/?post_type=product&#038;p=2411"},"modified":"2026-03-10T12:09:01","modified_gmt":"2026-03-10T12:09:01","slug":"coronation-gown","status":"publish","type":"product","link":"https:\/\/www.dostrajamy.com\/en\/product\/coronation-gown\/","title":{"rendered":"CORONATION gown - Honour your Presence \/ TO ORDER"},"content":{"rendered":"<h3 data-start=\"374\" data-end=\"431\">\u2728 CORONATION dress - Honour your Presence \u2728<\/h3>\n<p class=\"\" data-start=\"331\" data-end=\"507\">Coronation is a dress made for those moments when you come back to yourself - not to prove something, but to be. Your whole self. Truly. With a class that needs no words.<\/p>\n<p class=\"\" data-start=\"509\" data-end=\"856\">Its deep burgundy colour is reminiscent of a ripe red wine - intense, full-bodied, dry. It is like a ceremonial garment for a soul that knows what it has been through and knows who it is. Dressed in the Coronation, you become a queen not through external attributes, but through the silence you carry, the gaze that stops time, and the presence that heals.<\/p>\n<p class=\"\" data-start=\"858\" data-end=\"1047\">Garnet, ruby, tiger's eye and hematite - the stones of this dress - enhance inner strength, grounding and passion for life. They help you return to your body, to your heart, to your intuition. To the place where you truly reign.<\/p>\n<p class=\"\" data-start=\"1049\" data-end=\"1200\">It's a dress for special moments - when you want to honour yourself. But also for everyday situations that cease to be ordinary when you're connected.<\/p>\n<p class=\"\" data-start=\"1202\" data-end=\"1272\"><strong data-start=\"1202\" data-end=\"1272\">Ready to remember who you are? Crown your every step.<\/strong><\/p>\n<p>&nbsp;<\/p>\n<hr class=\"\" data-start=\"1542\" data-end=\"1545\" \/>\n<h3 data-start=\"106\" data-end=\"286\"><strong>\u2728<\/strong><strong data-start=\"1551\" data-end=\"1571\">Sensitive information:<\/strong><\/h3>\n<p><strong>Material:<\/strong> 100% cotton muslin. A thin, light, airy, breathable fabric - gently wraps the body and works freely in movement, natural, skin-friendly, with a soft, slightly crinkled weave that becomes even more refined with time.<\/p>\n<p><strong>Colour<\/strong>: Maroon.<\/p>\n<p><strong>Length:<\/strong> Maxi, the model is 173 cm tall. Can be adjusted for height, in which case please state your height in the order notes.<\/p>\n<p><strong>Cut:<\/strong> A loose, casual maxi dress with a rounded neckline, embellished with jewellery on the back. The model can be worn in various ways: with the jewellery on the back, with the jewellery turned to the front or loosely with the jewellery detached. The dress has darts that can be tied from the centre emphasising the waist and bust or worn loose, depending on your styling and mood.<\/p>\n<p><strong>Design:<\/strong> No zips or fastenings. Form designed for comfort, lightness and complete freedom of movement.<\/p>\n<p><strong>Jewellery:<\/strong> Jewellery made from natural stones, hand woven and pinned to the dress, finished with gold filled elements. Detachable, can be worn with or without the jewellery, in which case you can wear the jewellery as two bracelets.<\/p>\n<p><strong>Front:<\/strong> Embellished with a scrambled stone arrangement inspired by the Elizabethan acrostic cipher.<\/p>\n<p><strong>Performance:<\/strong> Model sewn by hand in a single piece. Each batik is unique - the pattern layout will always be one of a kind.<\/p>\n<p><strong>Order:<\/strong> Each dress in the Voice of the Soul collection is sewn <strong>made to order<\/strong>, with intention and attunement to the woman who wears it, lead time: maximum 2 weeks.<\/p>\n<p><strong>Creation:<\/strong> Designed and sewn in Poland with love and care. I create the dresses myself, from start to finish every element is handmade by me.<\/p>\n<hr class=\"\" data-start=\"1542\" data-end=\"1545\" \/>\n<h3 class=\"\" data-start=\"1547\" data-end=\"1571\"><\/h3>\n<h3 data-start=\"106\" data-end=\"286\"><strong>\ud83c\udf3f\u2728 Care recommendations for your soul dress:<\/strong><\/h3>\n<p class=\"\" data-start=\"106\" data-end=\"286\">To ensure that your dress will accompany you for many years \u2014 like a talisman and a second skin \u2014 treat it with care and attention.<\/p>\n<p class=\"\" data-start=\"288\" data-end=\"784\">\ud83c\udf38 Before bathing in water <strong>remove her jewellery<\/strong> \u2014 let the stones rest separately.<br data-start=\"372\" data-end=\"375\" \/>\ud83c\udf0a <strong>Hand wash<\/strong> in water at a temperature of up to 30\u00b0C, in a gentle mood, without the use of harsh chemicals.<br data-start=\"485\" data-end=\"488\" \/>\ud83d\udca7 <strong>Avoid<\/strong> contact with fragrances and intense mists \u2013 especially perfumes \u2013 to keep the fabric and jewellery details clean.<br data-start=\"634\" data-end=\"637\" \/>\ud83c\udf2c <strong>Iron<\/strong> with tenderness, on the left side, as if you were caressing a memory.<br data-start=\"706\" data-end=\"709\" \/>\ud83c\udf19 <strong>Do not bleach<\/strong> \u2013 the natural shade of the dress carries the song of its history.<br \/>\n\u2600\ufe0f Let the dress <strong>dry out<\/strong> in a natural rhythm \u2013 preferably flat or on a hanger, in the shade.<\/p>\n<p class=\"\" data-start=\"786\" data-end=\"1032\">This dress was created to live with you in rhythm \u2013 taking care of it is like taking care of a part of your own history \u2728<\/p>\n<p class=\"\" data-start=\"1034\" data-end=\"1129\">Wrap yourself in it with mindfulness \u2013 and let your moments together be like a dance of light and shadow.<\/p>\n<p>&nbsp;<\/p>\n<hr class=\"\" data-start=\"1542\" data-end=\"1545\" \/>\n<h3 class=\"\" data-start=\"1547\" data-end=\"1571\"><\/h3>\n<h3 data-start=\"103\" data-end=\"469\"><strong>\u2728 For your harmony and comfort:<\/strong><\/h3>\n<p class=\"\" data-start=\"103\" data-end=\"469\">The model in the photograph is 173 cm tall.<br data-start=\"174\" data-end=\"177\" \/>If you want the dress to fit your body and height perfectly, we will be happy to <strong>I will shorten it for you at no extra charge.<\/strong><br data-start=\"311\" data-end=\"314\" \/>All you need to do is include in the message <strong>When purchasing, please provide your height.<\/strong> \u2014 together, we will ensure that the length is exactly what your figure and energy need.<\/p>\n<p class=\"\" data-start=\"471\" data-end=\"645\">At DomiSol \u2013 Dostrajamy, we believe that every woman deserves clothing that not only adorns her, but also resonates with her movement, rhythm, and history. A dress should flow with you, not against you. \u2728<\/p>\n<p data-start=\"471\" data-end=\"645\">\ud83c\udf00 With love for beauty and the senses,<br data-start=\"1165\" data-end=\"1168\" \/>DomiSol<\/p>","protected":false},"excerpt":{"rendered":"<p>A rich shade of red wine, precious stones, deep presence. Coronation is a dress that does not dominate - but subtly reminds you of your Power. Wear Coronation and be yourself - truly.<\/p>","protected":false},"featured_media":2407,"comment_status":"open","ping_status":"closed","template":"","meta":{"_eb_attr":""},"product_brand":[58],"product_cat":[137,43,85,111],"product_tag":[63,83,59,84,61,62,67],"class_list":{"0":"post-2411","1":"product","2":"type-product","3":"status-publish","4":"has-post-thumbnail","6":"product_brand-domisol","7":"product_cat-suknia-szata","8":"product_cat-bizuteryjne-suknie","9":"product_cat-kolekcja-glos-duszy","10":"product_cat-na-zamowienie","11":"product_tag-bawelna","12":"product_tag-kobieta","13":"product_tag-moda","14":"product_tag-muslin","15":"product_tag-piekno","16":"product_tag-suknia","17":"product_tag-szata","19":"first","20":"onbackorder","21":"shipping-taxable","22":"purchasable","23":"product-type-simple"},"yoast_head":"<!-- This site is optimized with the Yoast SEO plugin v26.6 - https:\/\/yoast.com\/wordpress\/plugins\/seo\/ -->\n<title>Suknia KORONACJA \u2013 Uhonoruj swoj\u0105 Obecno\u015b\u0107 \/ NA ZAM\u00d3WIENIE - DomiSol - Dostrajamy<\/title>\n<meta name=\"robots\" content=\"index, follow, max-snippet:-1, max-image-preview:large, max-video-preview:-1\" \/>\n<link rel=\"canonical\" href=\"https:\/\/www.dostrajamy.com\/en\/product\/coronation-gown\/\" \/>\n<meta property=\"og:locale\" content=\"en_GB\" \/>\n<meta property=\"og:type\" content=\"article\" \/>\n<meta property=\"og:title\" content=\"Suknia KORONACJA \u2013 Uhonoruj swoj\u0105 Obecno\u015b\u0107 \/ NA ZAM\u00d3WIENIE - DomiSol - Dostrajamy\" \/>\n<meta property=\"og:description\" content=\"Bogaty odcie\u0144 czerwonego wina, szlachetne kamienie, g\u0142\u0119boka obecno\u015b\u0107. Koronacja to suknia, kt\u00f3ra nie dominuje \u2013 lecz subtelnie przypomina Ci o Twojej Mocy. Za\u0142\u00f3\u017c Koronacj\u0119 i b\u0105d\u017a sob\u0105 \u2013 naprawd\u0119.\" \/>\n<meta property=\"og:url\" content=\"https:\/\/www.dostrajamy.com\/en\/product\/coronation-gown\/\" \/>\n<meta property=\"og:site_name\" content=\"DomiSol - Dostrajamy\" \/>\n<meta property=\"article:publisher\" content=\"https:\/\/www.facebook.com\/domisol.dostrajamy\" \/>\n<meta property=\"article:modified_time\" content=\"2026-03-10T12:09:01+00:00\" \/>\n<meta name=\"twitter:card\" content=\"summary_large_image\" \/>\n<meta name=\"twitter:label1\" content=\"Estimated reading time\" \/>\n\t<meta name=\"twitter:data1\" content=\"5 minutes\" \/>\n<script type=\"application\/ld+json\" class=\"yoast-schema-graph\">{\"@context\":\"https:\/\/schema.org\",\"@graph\":[{\"@type\":\"WebPage\",\"@id\":\"https:\/\/www.dostrajamy.com\/produkt\/suknia-koronacja\/\",\"url\":\"https:\/\/www.dostrajamy.com\/produkt\/suknia-koronacja\/\",\"name\":\"Suknia KORONACJA \u2013 Uhonoruj swoj\u0105 Obecno\u015b\u0107 \/ NA ZAM\u00d3WIENIE - DomiSol - Dostrajamy\",\"isPartOf\":{\"@id\":\"https:\/\/www.dostrajamy.com\/#website\"},\"primaryImageOfPage\":{\"@id\":\"https:\/\/www.dostrajamy.com\/produkt\/suknia-koronacja\/#primaryimage\"},\"image\":{\"@id\":\"https:\/\/www.dostrajamy.com\/produkt\/suknia-koronacja\/#primaryimage\"},\"thumbnailUrl\":\"https:\/\/www.dostrajamy.com\/wp-content\/uploads\/2025\/03\/IMG_6135-scaled.jpg\",\"datePublished\":\"2025-03-28T09:49:54+00:00\",\"dateModified\":\"2026-03-10T12:09:01+00:00\",\"breadcrumb\":{\"@id\":\"https:\/\/www.dostrajamy.com\/produkt\/suknia-koronacja\/#breadcrumb\"},\"inLanguage\":\"en-GB\",\"potentialAction\":[{\"@type\":\"ReadAction\",\"target\":[\"https:\/\/www.dostrajamy.com\/produkt\/suknia-koronacja\/\"]}]},{\"@type\":\"ImageObject\",\"inLanguage\":\"en-GB\",\"@id\":\"https:\/\/www.dostrajamy.com\/produkt\/suknia-koronacja\/#primaryimage\",\"url\":\"https:\/\/www.dostrajamy.com\/wp-content\/uploads\/2025\/03\/IMG_6135-scaled.jpg\",\"contentUrl\":\"https:\/\/www.dostrajamy.com\/wp-content\/uploads\/2025\/03\/IMG_6135-scaled.jpg\",\"width\":1920,\"height\":2560},{\"@type\":\"BreadcrumbList\",\"@id\":\"https:\/\/www.dostrajamy.com\/produkt\/suknia-koronacja\/#breadcrumb\",\"itemListElement\":[{\"@type\":\"ListItem\",\"position\":1,\"name\":\"Strona g\u0142\u00f3wna\",\"item\":\"https:\/\/www.dostrajamy.com\/\"},{\"@type\":\"ListItem\",\"position\":2,\"name\":\"Sklep\",\"item\":\"https:\/\/www.dostrajamy.com\/sklep\/\"},{\"@type\":\"ListItem\",\"position\":3,\"name\":\"Suknia KORONACJA \u2013 Uhonoruj swoj\u0105 Obecno\u015b\u0107 \/ NA ZAM\u00d3WIENIE\"}]},{\"@type\":\"WebSite\",\"@id\":\"https:\/\/www.dostrajamy.com\/#website\",\"url\":\"https:\/\/www.dostrajamy.com\/\",\"name\":\"DomiSol - Dostrajamy\",\"description\":\"Dostr\u00f3j si\u0119 do siebie!\",\"publisher\":{\"@id\":\"https:\/\/www.dostrajamy.com\/#organization\"},\"potentialAction\":[{\"@type\":\"SearchAction\",\"target\":{\"@type\":\"EntryPoint\",\"urlTemplate\":\"https:\/\/www.dostrajamy.com\/?s={search_term_string}\"},\"query-input\":{\"@type\":\"PropertyValueSpecification\",\"valueRequired\":true,\"valueName\":\"search_term_string\"}}],\"inLanguage\":\"en-GB\"},{\"@type\":\"Organization\",\"@id\":\"https:\/\/www.dostrajamy.com\/#organization\",\"name\":\"DomiSol - Dostrajamy\",\"url\":\"https:\/\/www.dostrajamy.com\/\",\"logo\":{\"@type\":\"ImageObject\",\"inLanguage\":\"en-GB\",\"@id\":\"https:\/\/www.dostrajamy.com\/#\/schema\/logo\/image\/\",\"url\":\"https:\/\/www.dostrajamy.com\/wp-content\/uploads\/2025\/02\/cropped-Logo_poziom-1-scaled.png\",\"contentUrl\":\"https:\/\/www.dostrajamy.com\/wp-content\/uploads\/2025\/02\/cropped-Logo_poziom-1-scaled.png\",\"width\":2560,\"height\":453,\"caption\":\"DomiSol - Dostrajamy\"},\"image\":{\"@id\":\"https:\/\/www.dostrajamy.com\/#\/schema\/logo\/image\/\"},\"sameAs\":[\"https:\/\/www.facebook.com\/domisol.dostrajamy\",\"https:\/\/www.instagram.com\/domisol.dostrajamy\",\"https:\/\/www.youtube.com\/@dostrajamy\",\"https:\/\/open.spotify.com\/show\/5je85cYoaCcWGNo7Nwz2iW?si=1c15f6eb977f4f3d&nd=1&dlsi=d2ab15e5d6624979\"]}]}<\/script>\n<!-- \/ Yoast SEO plugin. -->","yoast_head_json":{"title":"CORONATION gown - Honour your Presence \/ FOR ORDER - DomiSol - Tune in","robots":{"index":"index","follow":"follow","max-snippet":"max-snippet:-1","max-image-preview":"max-image-preview:large","max-video-preview":"max-video-preview:-1"},"canonical":"https:\/\/www.dostrajamy.com\/en\/product\/coronation-gown\/","og_locale":"en_GB","og_type":"article","og_title":"Suknia KORONACJA \u2013 Uhonoruj swoj\u0105 Obecno\u015b\u0107 \/ NA ZAM\u00d3WIENIE - DomiSol - Dostrajamy","og_description":"Bogaty odcie\u0144 czerwonego wina, szlachetne kamienie, g\u0142\u0119boka obecno\u015b\u0107. Koronacja to suknia, kt\u00f3ra nie dominuje \u2013 lecz subtelnie przypomina Ci o Twojej Mocy. Za\u0142\u00f3\u017c Koronacj\u0119 i b\u0105d\u017a sob\u0105 \u2013 naprawd\u0119.","og_url":"https:\/\/www.dostrajamy.com\/en\/product\/coronation-gown\/","og_site_name":"DomiSol - Dostrajamy","article_publisher":"https:\/\/www.facebook.com\/domisol.dostrajamy","article_modified_time":"2026-03-10T12:09:01+00:00","twitter_card":"summary_large_image","twitter_misc":{"Estimated reading time":"5 minutes"},"schema":{"@context":"https:\/\/schema.org","@graph":[{"@type":"WebPage","@id":"https:\/\/www.dostrajamy.com\/produkt\/suknia-koronacja\/","url":"https:\/\/www.dostrajamy.com\/produkt\/suknia-koronacja\/","name":"CORONATION gown - Honour your Presence \/ FOR ORDER - DomiSol - Tune in","isPartOf":{"@id":"https:\/\/www.dostrajamy.com\/#website"},"primaryImageOfPage":{"@id":"https:\/\/www.dostrajamy.com\/produkt\/suknia-koronacja\/#primaryimage"},"image":{"@id":"https:\/\/www.dostrajamy.com\/produkt\/suknia-koronacja\/#primaryimage"},"thumbnailUrl":"https:\/\/www.dostrajamy.com\/wp-content\/uploads\/2025\/03\/IMG_6135-scaled.jpg","datePublished":"2025-03-28T09:49:54+00:00","dateModified":"2026-03-10T12:09:01+00:00","breadcrumb":{"@id":"https:\/\/www.dostrajamy.com\/produkt\/suknia-koronacja\/#breadcrumb"},"inLanguage":"en-GB","potentialAction":[{"@type":"ReadAction","target":["https:\/\/www.dostrajamy.com\/produkt\/suknia-koronacja\/"]}]},{"@type":"ImageObject","inLanguage":"en-GB","@id":"https:\/\/www.dostrajamy.com\/produkt\/suknia-koronacja\/#primaryimage","url":"https:\/\/www.dostrajamy.com\/wp-content\/uploads\/2025\/03\/IMG_6135-scaled.jpg","contentUrl":"https:\/\/www.dostrajamy.com\/wp-content\/uploads\/2025\/03\/IMG_6135-scaled.jpg","width":1920,"height":2560},{"@type":"BreadcrumbList","@id":"https:\/\/www.dostrajamy.com\/produkt\/suknia-koronacja\/#breadcrumb","itemListElement":[{"@type":"ListItem","position":1,"name":"Strona g\u0142\u00f3wna","item":"https:\/\/www.dostrajamy.com\/"},{"@type":"ListItem","position":2,"name":"Sklep","item":"https:\/\/www.dostrajamy.com\/sklep\/"},{"@type":"ListItem","position":3,"name":"Suknia KORONACJA \u2013 Uhonoruj swoj\u0105 Obecno\u015b\u0107 \/ NA ZAM\u00d3WIENIE"}]},{"@type":"WebSite","@id":"https:\/\/www.dostrajamy.com\/#website","url":"https:\/\/www.dostrajamy.com\/","name":"DomiSol - Dostrajamy","description":"Tune in to yourself!","publisher":{"@id":"https:\/\/www.dostrajamy.com\/#organization"},"potentialAction":[{"@type":"SearchAction","target":{"@type":"EntryPoint","urlTemplate":"https:\/\/www.dostrajamy.com\/?s={search_term_string}"},"query-input":{"@type":"PropertyValueSpecification","valueRequired":true,"valueName":"search_term_string"}}],"inLanguage":"en-GB"},{"@type":"Organization","@id":"https:\/\/www.dostrajamy.com\/#organization","name":"DomiSol - Dostrajamy","url":"https:\/\/www.dostrajamy.com\/","logo":{"@type":"ImageObject","inLanguage":"en-GB","@id":"https:\/\/www.dostrajamy.com\/#\/schema\/logo\/image\/","url":"https:\/\/www.dostrajamy.com\/wp-content\/uploads\/2025\/02\/cropped-Logo_poziom-1-scaled.png","contentUrl":"https:\/\/www.dostrajamy.com\/wp-content\/uploads\/2025\/02\/cropped-Logo_poziom-1-scaled.png","width":2560,"height":453,"caption":"DomiSol - Dostrajamy"},"image":{"@id":"https:\/\/www.dostrajamy.com\/#\/schema\/logo\/image\/"},"sameAs":["https:\/\/www.facebook.com\/domisol.dostrajamy","https:\/\/www.instagram.com\/domisol.dostrajamy","https:\/\/www.youtube.com\/@dostrajamy","https:\/\/open.spotify.com\/show\/5je85cYoaCcWGNo7Nwz2iW?si=1c15f6eb977f4f3d&nd=1&dlsi=d2ab15e5d6624979"]}]}},"_links":{"self":[{"href":"https:\/\/www.dostrajamy.com\/en\/wp-json\/wp\/v2\/product\/2411","targetHints":{"allow":["GET"]}}],"collection":[{"href":"https:\/\/www.dostrajamy.com\/en\/wp-json\/wp\/v2\/product"}],"about":[{"href":"https:\/\/www.dostrajamy.com\/en\/wp-json\/wp\/v2\/types\/product"}],"replies":[{"embeddable":true,"href":"https:\/\/www.dostrajamy.com\/en\/wp-json\/wp\/v2\/comments?post=2411"}],"wp:featuredmedia":[{"embeddable":true,"href":"https:\/\/www.dostrajamy.com\/en\/wp-json\/wp\/v2\/media\/2407"}],"wp:attachment":[{"href":"https:\/\/www.dostrajamy.com\/en\/wp-json\/wp\/v2\/media?parent=2411"}],"wp:term":[{"taxonomy":"product_brand","embeddable":true,"href":"https:\/\/www.dostrajamy.com\/en\/wp-json\/wp\/v2\/product_brand?post=2411"},{"taxonomy":"product_cat","embeddable":true,"href":"https:\/\/www.dostrajamy.com\/en\/wp-json\/wp\/v2\/product_cat?post=2411"},{"taxonomy":"product_tag","embeddable":true,"href":"https:\/\/www.dostrajamy.com\/en\/wp-json\/wp\/v2\/product_tag?post=2411"}],"curies":[{"name":"wp","href":"https:\/\/api.w.org\/{rel}","templated":true}]}}