{"id":2453,"date":"2025-03-28T12:32:25","date_gmt":"2025-03-28T12:32:25","guid":{"rendered":"https:\/\/www.dostrajamy.com\/?post_type=product&#038;p=2453"},"modified":"2025-04-23T09:29:22","modified_gmt":"2025-04-23T09:29:22","slug":"crown-of-pearls-necklace","status":"publish","type":"product","link":"https:\/\/www.dostrajamy.com\/en\/product\/crown-of-pearls-necklace\/","title":{"rendered":"Royal Pearls Necklace"},"content":{"rendered":"<h3 data-start=\"904\" data-end=\"1186\">\u2728 Sensitive information:<\/h3>\n<p class=\"\" data-start=\"904\" data-end=\"1186\"><br data-start=\"923\" data-end=\"926\" \/><strong>Form:<\/strong> elegant pearl necklace with brass and crystal pendant<br data-start=\"999\" data-end=\"1002\" \/><strong>Material:<\/strong> brass<br data-start=\"1019\" data-end=\"1022\" \/><strong>Finishing<\/strong>: shimmering pearls in a setting of classic character<br data-start=\"1083\" data-end=\"1086\" \/><strong>Retail:<\/strong> Preciosa crystal - a subtle drop of light<br data-start=\"1136\" data-end=\"1139\" \/><strong>Origins:<\/strong> Greek Kalliope Studio, Athens<\/p>\n<p class=\"\" data-start=\"1188\" data-end=\"1189\">\u2014<\/p>\n<p class=\"\" data-start=\"1191\" data-end=\"1242\">Put it on and feel it: you are all made of royal light.<\/p>","protected":false},"excerpt":{"rendered":"<p class=\"\" data-start=\"0\" data-end=\"75\">\ud83d\udc51 Royal Pearl Necklace - Muse of Dignity<\/p>\n<p class=\"\" data-start=\"77\" data-end=\"352\">It's not the pearls that make you a queen, but the way you wear them. With tenderness. With assurance. With an established presence.<br data-start=\"196\" data-end=\"199\" \/>The Royal Pearls necklace doesn't scream - it reminds you. Of your strength, your elegance, your heritage. Of the fact that being a queen is not a role, but a state of mind.<\/p>\n<p class=\"\" data-start=\"354\" data-end=\"495\">This is jewellery for the Woman who knows that the true crown is born in the heart. And that sometimes all it takes is one pearl to feel its fullness.<\/p>\n<p class=\"\" data-start=\"497\" data-end=\"598\">Wear it when you want to feel close to your power - that calm, gentle, yet unwavering power.<\/p>\n<p class=\"\" data-start=\"600\" data-end=\"601\">\u2014<\/p>\n<p class=\"\" data-start=\"603\" data-end=\"899\">\u2728 Necklace handmade in brass in the Greek workshop Kalliope, operating since 1987 in Athens.<br data-start=\"708\" data-end=\"711\" \/>A necklace of pearls wrapped around the neck, with a Preciosa crystal set in the centre of the pendant - in a harmony of class and glamour.<br data-start=\"796\" data-end=\"799\" \/>Order today and if you want to create a set, also ask about matching earrings or bracelet.<\/p>","protected":false},"featured_media":1740,"comment_status":"open","ping_status":"closed","template":"","meta":{"_eb_attr":""},"product_brand":[],"product_cat":[57,34],"product_tag":[68,70,73,71,74],"class_list":{"0":"post-2453","1":"product","2":"type-product","3":"status-publish","4":"has-post-thumbnail","6":"product_cat-grecka-bizuteria","7":"product_cat-naszyjniki","8":"product_tag-bizuteria","9":"product_tag-fashion-jewelry","10":"product_tag-krysztal","11":"product_tag-mosiadz","12":"product_tag-naszyjnik","14":"first","15":"instock","16":"shipping-taxable","17":"purchasable","18":"product-type-simple"},"yoast_head":"<!-- This site is optimized with the Yoast SEO plugin v26.6 - https:\/\/yoast.com\/wordpress\/plugins\/seo\/ -->\n<title>Naszyjnik Kr\u00f3lewskie Per\u0142y - DomiSol - Dostrajamy<\/title>\n<meta name=\"robots\" content=\"index, follow, max-snippet:-1, max-image-preview:large, max-video-preview:-1\" \/>\n<link rel=\"canonical\" href=\"https:\/\/www.dostrajamy.com\/en\/product\/crown-of-pearls-necklace\/\" \/>\n<meta property=\"og:locale\" content=\"en_GB\" \/>\n<meta property=\"og:type\" content=\"article\" \/>\n<meta property=\"og:title\" content=\"Naszyjnik Kr\u00f3lewskie Per\u0142y - DomiSol - Dostrajamy\" \/>\n<meta property=\"og:description\" content=\"\ud83d\udc51\u202fNaszyjnik Kr\u00f3lewskie Per\u0142y - Muza Godno\u015bci To nie per\u0142y czyni\u0105 Ci\u0119 kr\u00f3low\u0105, lecz spos\u00f3b, w jaki je nosisz. Z czu\u0142o\u015bci\u0105. Z pewno\u015bci\u0105. Z ugruntowan\u0105 obecno\u015bci\u0105.Naszyjnik Kr\u00f3lewskie Per\u0142y nie krzyczy \u2013 on przypomina. O Twojej sile, elegancji, dziedzictwie. O tym, \u017ce bycie kr\u00f3low\u0105 to nie rola, lecz stan ducha. To bi\u017cuteria dla Kobiety, kt\u00f3ra wie, \u017ce prawdziwa korona rodzi si\u0119 w sercu. I \u017ce czasem wystarczy jedna per\u0142a, by poczu\u0107 ca\u0142\u0105 swoj\u0105 pe\u0142ni\u0119. No\u015b go, gdy chcesz poczu\u0107 si\u0119 blisko swojej mocy \u2014 tej spokojnej, \u0142agodnej, a jednak niezachwianej. \u2014 \u2728\u202fNaszyjnik wykonany r\u0119cznie z mosi\u0105dzu w greckiej pracowni Kalliope, dzia\u0142aj\u0105cej od 1987 roku w Atenach.Naszyjnik z otulaj\u0105cych szyj\u0119 pere\u0142, w centrum zawieszki osadzony kryszta\u0142 Preciosa \u2014 w harmonii klasyki i blasku.Zam\u00f3w ju\u017c dzi\u015b, a je\u015bli chcesz stworzy\u0107 zestaw, zapytaj r\u00f3wnie\u017c o pasuj\u0105ce kolczyki lub bransoletk\u0119.\" \/>\n<meta property=\"og:url\" content=\"https:\/\/www.dostrajamy.com\/en\/product\/crown-of-pearls-necklace\/\" \/>\n<meta property=\"og:site_name\" content=\"DomiSol - Dostrajamy\" \/>\n<meta property=\"article:publisher\" content=\"https:\/\/www.facebook.com\/domisol.dostrajamy\" \/>\n<meta property=\"article:modified_time\" content=\"2025-04-23T09:29:22+00:00\" \/>\n<meta property=\"og:image\" content=\"https:\/\/www.dostrajamy.com\/wp-content\/uploads\/2025\/03\/koliegk179823246-scaled.jpg\" \/>\n\t<meta property=\"og:image:width\" content=\"2560\" \/>\n\t<meta property=\"og:image:height\" content=\"2560\" \/>\n\t<meta property=\"og:image:type\" content=\"image\/jpeg\" \/>\n<meta name=\"twitter:card\" content=\"summary_large_image\" \/>\n<script type=\"application\/ld+json\" class=\"yoast-schema-graph\">{\"@context\":\"https:\/\/schema.org\",\"@graph\":[{\"@type\":\"WebPage\",\"@id\":\"https:\/\/www.dostrajamy.com\/produkt\/naszyjnik-krolewskie-perly\/\",\"url\":\"https:\/\/www.dostrajamy.com\/produkt\/naszyjnik-krolewskie-perly\/\",\"name\":\"Naszyjnik Kr\u00f3lewskie Per\u0142y - DomiSol - Dostrajamy\",\"isPartOf\":{\"@id\":\"https:\/\/www.dostrajamy.com\/#website\"},\"primaryImageOfPage\":{\"@id\":\"https:\/\/www.dostrajamy.com\/produkt\/naszyjnik-krolewskie-perly\/#primaryimage\"},\"image\":{\"@id\":\"https:\/\/www.dostrajamy.com\/produkt\/naszyjnik-krolewskie-perly\/#primaryimage\"},\"thumbnailUrl\":\"https:\/\/www.dostrajamy.com\/wp-content\/uploads\/2025\/03\/koliegk179823246-scaled.jpg\",\"datePublished\":\"2025-03-28T12:32:25+00:00\",\"dateModified\":\"2025-04-23T09:29:22+00:00\",\"breadcrumb\":{\"@id\":\"https:\/\/www.dostrajamy.com\/produkt\/naszyjnik-krolewskie-perly\/#breadcrumb\"},\"inLanguage\":\"en-GB\",\"potentialAction\":[{\"@type\":\"ReadAction\",\"target\":[\"https:\/\/www.dostrajamy.com\/produkt\/naszyjnik-krolewskie-perly\/\"]}]},{\"@type\":\"ImageObject\",\"inLanguage\":\"en-GB\",\"@id\":\"https:\/\/www.dostrajamy.com\/produkt\/naszyjnik-krolewskie-perly\/#primaryimage\",\"url\":\"https:\/\/www.dostrajamy.com\/wp-content\/uploads\/2025\/03\/koliegk179823246-scaled.jpg\",\"contentUrl\":\"https:\/\/www.dostrajamy.com\/wp-content\/uploads\/2025\/03\/koliegk179823246-scaled.jpg\",\"width\":2560,\"height\":2560},{\"@type\":\"BreadcrumbList\",\"@id\":\"https:\/\/www.dostrajamy.com\/produkt\/naszyjnik-krolewskie-perly\/#breadcrumb\",\"itemListElement\":[{\"@type\":\"ListItem\",\"position\":1,\"name\":\"Strona g\u0142\u00f3wna\",\"item\":\"https:\/\/www.dostrajamy.com\/\"},{\"@type\":\"ListItem\",\"position\":2,\"name\":\"Sklep\",\"item\":\"https:\/\/www.dostrajamy.com\/sklep\/\"},{\"@type\":\"ListItem\",\"position\":3,\"name\":\"Naszyjnik Kr\u00f3lewskie Per\u0142y\"}]},{\"@type\":\"WebSite\",\"@id\":\"https:\/\/www.dostrajamy.com\/#website\",\"url\":\"https:\/\/www.dostrajamy.com\/\",\"name\":\"DomiSol - Dostrajamy\",\"description\":\"Dostr\u00f3j si\u0119 do siebie!\",\"publisher\":{\"@id\":\"https:\/\/www.dostrajamy.com\/#organization\"},\"potentialAction\":[{\"@type\":\"SearchAction\",\"target\":{\"@type\":\"EntryPoint\",\"urlTemplate\":\"https:\/\/www.dostrajamy.com\/?s={search_term_string}\"},\"query-input\":{\"@type\":\"PropertyValueSpecification\",\"valueRequired\":true,\"valueName\":\"search_term_string\"}}],\"inLanguage\":\"en-GB\"},{\"@type\":\"Organization\",\"@id\":\"https:\/\/www.dostrajamy.com\/#organization\",\"name\":\"DomiSol - Dostrajamy\",\"url\":\"https:\/\/www.dostrajamy.com\/\",\"logo\":{\"@type\":\"ImageObject\",\"inLanguage\":\"en-GB\",\"@id\":\"https:\/\/www.dostrajamy.com\/#\/schema\/logo\/image\/\",\"url\":\"https:\/\/www.dostrajamy.com\/wp-content\/uploads\/2025\/02\/cropped-Logo_poziom-1-scaled.png\",\"contentUrl\":\"https:\/\/www.dostrajamy.com\/wp-content\/uploads\/2025\/02\/cropped-Logo_poziom-1-scaled.png\",\"width\":2560,\"height\":453,\"caption\":\"DomiSol - Dostrajamy\"},\"image\":{\"@id\":\"https:\/\/www.dostrajamy.com\/#\/schema\/logo\/image\/\"},\"sameAs\":[\"https:\/\/www.facebook.com\/domisol.dostrajamy\",\"https:\/\/www.instagram.com\/domisol.dostrajamy\",\"https:\/\/www.youtube.com\/@dostrajamy\",\"https:\/\/open.spotify.com\/show\/5je85cYoaCcWGNo7Nwz2iW?si=1c15f6eb977f4f3d&nd=1&dlsi=d2ab15e5d6624979\"]}]}<\/script>\n<!-- \/ Yoast SEO plugin. -->","yoast_head_json":{"title":"Royal pearls necklace - DomiSol - Tune in","robots":{"index":"index","follow":"follow","max-snippet":"max-snippet:-1","max-image-preview":"max-image-preview:large","max-video-preview":"max-video-preview:-1"},"canonical":"https:\/\/www.dostrajamy.com\/en\/product\/crown-of-pearls-necklace\/","og_locale":"en_GB","og_type":"article","og_title":"Naszyjnik Kr\u00f3lewskie Per\u0142y - DomiSol - Dostrajamy","og_description":"\ud83d\udc51\u202fNaszyjnik Kr\u00f3lewskie Per\u0142y - Muza Godno\u015bci To nie per\u0142y czyni\u0105 Ci\u0119 kr\u00f3low\u0105, lecz spos\u00f3b, w jaki je nosisz. Z czu\u0142o\u015bci\u0105. Z pewno\u015bci\u0105. Z ugruntowan\u0105 obecno\u015bci\u0105.Naszyjnik Kr\u00f3lewskie Per\u0142y nie krzyczy \u2013 on przypomina. O Twojej sile, elegancji, dziedzictwie. O tym, \u017ce bycie kr\u00f3low\u0105 to nie rola, lecz stan ducha. To bi\u017cuteria dla Kobiety, kt\u00f3ra wie, \u017ce prawdziwa korona rodzi si\u0119 w sercu. I \u017ce czasem wystarczy jedna per\u0142a, by poczu\u0107 ca\u0142\u0105 swoj\u0105 pe\u0142ni\u0119. No\u015b go, gdy chcesz poczu\u0107 si\u0119 blisko swojej mocy \u2014 tej spokojnej, \u0142agodnej, a jednak niezachwianej. \u2014 \u2728\u202fNaszyjnik wykonany r\u0119cznie z mosi\u0105dzu w greckiej pracowni Kalliope, dzia\u0142aj\u0105cej od 1987 roku w Atenach.Naszyjnik z otulaj\u0105cych szyj\u0119 pere\u0142, w centrum zawieszki osadzony kryszta\u0142 Preciosa \u2014 w harmonii klasyki i blasku.Zam\u00f3w ju\u017c dzi\u015b, a je\u015bli chcesz stworzy\u0107 zestaw, zapytaj r\u00f3wnie\u017c o pasuj\u0105ce kolczyki lub bransoletk\u0119.","og_url":"https:\/\/www.dostrajamy.com\/en\/product\/crown-of-pearls-necklace\/","og_site_name":"DomiSol - Dostrajamy","article_publisher":"https:\/\/www.facebook.com\/domisol.dostrajamy","article_modified_time":"2025-04-23T09:29:22+00:00","og_image":[{"width":2560,"height":2560,"url":"https:\/\/www.dostrajamy.com\/wp-content\/uploads\/2025\/03\/koliegk179823246-scaled.jpg","type":"image\/jpeg"}],"twitter_card":"summary_large_image","schema":{"@context":"https:\/\/schema.org","@graph":[{"@type":"WebPage","@id":"https:\/\/www.dostrajamy.com\/produkt\/naszyjnik-krolewskie-perly\/","url":"https:\/\/www.dostrajamy.com\/produkt\/naszyjnik-krolewskie-perly\/","name":"Royal pearls necklace - DomiSol - Tune in","isPartOf":{"@id":"https:\/\/www.dostrajamy.com\/#website"},"primaryImageOfPage":{"@id":"https:\/\/www.dostrajamy.com\/produkt\/naszyjnik-krolewskie-perly\/#primaryimage"},"image":{"@id":"https:\/\/www.dostrajamy.com\/produkt\/naszyjnik-krolewskie-perly\/#primaryimage"},"thumbnailUrl":"https:\/\/www.dostrajamy.com\/wp-content\/uploads\/2025\/03\/koliegk179823246-scaled.jpg","datePublished":"2025-03-28T12:32:25+00:00","dateModified":"2025-04-23T09:29:22+00:00","breadcrumb":{"@id":"https:\/\/www.dostrajamy.com\/produkt\/naszyjnik-krolewskie-perly\/#breadcrumb"},"inLanguage":"en-GB","potentialAction":[{"@type":"ReadAction","target":["https:\/\/www.dostrajamy.com\/produkt\/naszyjnik-krolewskie-perly\/"]}]},{"@type":"ImageObject","inLanguage":"en-GB","@id":"https:\/\/www.dostrajamy.com\/produkt\/naszyjnik-krolewskie-perly\/#primaryimage","url":"https:\/\/www.dostrajamy.com\/wp-content\/uploads\/2025\/03\/koliegk179823246-scaled.jpg","contentUrl":"https:\/\/www.dostrajamy.com\/wp-content\/uploads\/2025\/03\/koliegk179823246-scaled.jpg","width":2560,"height":2560},{"@type":"BreadcrumbList","@id":"https:\/\/www.dostrajamy.com\/produkt\/naszyjnik-krolewskie-perly\/#breadcrumb","itemListElement":[{"@type":"ListItem","position":1,"name":"Strona g\u0142\u00f3wna","item":"https:\/\/www.dostrajamy.com\/"},{"@type":"ListItem","position":2,"name":"Sklep","item":"https:\/\/www.dostrajamy.com\/sklep\/"},{"@type":"ListItem","position":3,"name":"Naszyjnik Kr\u00f3lewskie Per\u0142y"}]},{"@type":"WebSite","@id":"https:\/\/www.dostrajamy.com\/#website","url":"https:\/\/www.dostrajamy.com\/","name":"DomiSol - Dostrajamy","description":"Tune in to yourself!","publisher":{"@id":"https:\/\/www.dostrajamy.com\/#organization"},"potentialAction":[{"@type":"SearchAction","target":{"@type":"EntryPoint","urlTemplate":"https:\/\/www.dostrajamy.com\/?s={search_term_string}"},"query-input":{"@type":"PropertyValueSpecification","valueRequired":true,"valueName":"search_term_string"}}],"inLanguage":"en-GB"},{"@type":"Organization","@id":"https:\/\/www.dostrajamy.com\/#organization","name":"DomiSol - Dostrajamy","url":"https:\/\/www.dostrajamy.com\/","logo":{"@type":"ImageObject","inLanguage":"en-GB","@id":"https:\/\/www.dostrajamy.com\/#\/schema\/logo\/image\/","url":"https:\/\/www.dostrajamy.com\/wp-content\/uploads\/2025\/02\/cropped-Logo_poziom-1-scaled.png","contentUrl":"https:\/\/www.dostrajamy.com\/wp-content\/uploads\/2025\/02\/cropped-Logo_poziom-1-scaled.png","width":2560,"height":453,"caption":"DomiSol - Dostrajamy"},"image":{"@id":"https:\/\/www.dostrajamy.com\/#\/schema\/logo\/image\/"},"sameAs":["https:\/\/www.facebook.com\/domisol.dostrajamy","https:\/\/www.instagram.com\/domisol.dostrajamy","https:\/\/www.youtube.com\/@dostrajamy","https:\/\/open.spotify.com\/show\/5je85cYoaCcWGNo7Nwz2iW?si=1c15f6eb977f4f3d&nd=1&dlsi=d2ab15e5d6624979"]}]}},"_links":{"self":[{"href":"https:\/\/www.dostrajamy.com\/en\/wp-json\/wp\/v2\/product\/2453","targetHints":{"allow":["GET"]}}],"collection":[{"href":"https:\/\/www.dostrajamy.com\/en\/wp-json\/wp\/v2\/product"}],"about":[{"href":"https:\/\/www.dostrajamy.com\/en\/wp-json\/wp\/v2\/types\/product"}],"replies":[{"embeddable":true,"href":"https:\/\/www.dostrajamy.com\/en\/wp-json\/wp\/v2\/comments?post=2453"}],"wp:featuredmedia":[{"embeddable":true,"href":"https:\/\/www.dostrajamy.com\/en\/wp-json\/wp\/v2\/media\/1740"}],"wp:attachment":[{"href":"https:\/\/www.dostrajamy.com\/en\/wp-json\/wp\/v2\/media?parent=2453"}],"wp:term":[{"taxonomy":"product_brand","embeddable":true,"href":"https:\/\/www.dostrajamy.com\/en\/wp-json\/wp\/v2\/product_brand?post=2453"},{"taxonomy":"product_cat","embeddable":true,"href":"https:\/\/www.dostrajamy.com\/en\/wp-json\/wp\/v2\/product_cat?post=2453"},{"taxonomy":"product_tag","embeddable":true,"href":"https:\/\/www.dostrajamy.com\/en\/wp-json\/wp\/v2\/product_tag?post=2453"}],"curies":[{"name":"wp","href":"https:\/\/api.w.org\/{rel}","templated":true}]}}