{"id":2465,"date":"2025-03-28T13:03:37","date_gmt":"2025-03-28T13:03:37","guid":{"rendered":"https:\/\/www.dostrajamy.com\/?post_type=product&#038;p=2465"},"modified":"2026-02-18T12:31:14","modified_gmt":"2026-02-18T12:31:14","slug":"dragon-eye-necklace","status":"publish","type":"product","link":"https:\/\/www.dostrajamy.com\/en\/product\/dragon-eye-necklace\/","title":{"rendered":"Dragon's Eye Necklace"},"content":{"rendered":"<h3 data-start=\"586\" data-end=\"970\">Sensitive information:<\/h3>\n<p class=\"\" data-start=\"586\" data-end=\"970\"><br data-start=\"994\" data-end=\"997\" \/><strong>Form:<\/strong> necklace with a powerful pendant - amulet<br data-start=\"1044\" data-end=\"1047\" \/><strong>Material:<\/strong> brass<br data-start=\"1064\" data-end=\"1067\" \/><strong>Finishing:<\/strong> black and red resin<br data-start=\"1104\" data-end=\"1107\" \/><strong>Retail:<\/strong> Preciosa multicoloured crystals - like a fiery gaze<br data-start=\"1172\" data-end=\"1175\" \/><strong>Origins:<\/strong> Greek Kalliope Studio, Athens<\/p>\n<p class=\"\" data-start=\"1224\" data-end=\"1225\">\u2014<\/p>\n<p class=\"\" data-start=\"1227\" data-end=\"1256\">Awaken the dragon power of your Muse.<\/p>","protected":false},"excerpt":{"rendered":"<p class=\"\" data-start=\"0\" data-end=\"87\">\ud83d\udd25 Eye of the Dragon necklace - Muse of Power and Passion<\/p>\n<p class=\"\" data-start=\"89\" data-end=\"297\">It's not just an ornament. It is a talisman. Guardian of your inner strength. At its heart - fire and night. Red and black. And all around: multicoloured sparks like the breath of a dragon - vivid, untamed, true.<\/p>\n<p class=\"\" data-start=\"299\" data-end=\"501\">The Eye of the Dragon necklace is for the Woman who knows she has the power. Who doesn't have to prove anything, because her presence says it all. Who is not afraid to look - into herself and the world. And to see clearly.<\/p>\n<p class=\"\" data-start=\"503\" data-end=\"581\">Wear it when you want to remind yourself that you are powerful - by nature.<\/p>\n<p class=\"\" data-start=\"583\" data-end=\"584\">\u2014<\/p>\n<p class=\"\" data-start=\"586\" data-end=\"970\">\u2728 Necklace handmade in brass in the Greek workshop Kalliope, operating since 1987 in Athens.<br data-start=\"691\" data-end=\"694\" \/>In the centre of the circular pendant, black and red resin has been embedded, and on top of it - a wealth of Preciosa crystals in many colours, forming a mesmerising pattern reminiscent of a dragon's eye.<br data-start=\"874\" data-end=\"877\" \/>Order today, and if you want to create a set, also ask about earrings or a bracelet.<\/p>\n<p class=\"\" data-start=\"586\" data-end=\"970\">\u2728 Necklace handmade in brass in the Greek workshop Kalliope, operating since 1987 in Athens.<br data-start=\"691\" data-end=\"694\" \/>In the centre of the circular pendant, black and red resin has been embedded, and on top of it - a wealth of Preciosa crystals in many colours, forming a mesmerising pattern reminiscent of a dragon's eye.<br data-start=\"874\" data-end=\"877\" \/>Order today, and if you want to create a set, also ask about earrings or a bracelet.<\/p>\n<p class=\"\" data-start=\"972\" data-end=\"973\">\u2014<\/p>\n<p class=\"\" data-start=\"975\" data-end=\"1222\">Sensitive information:<br data-start=\"994\" data-end=\"997\" \/>Form: necklace with a round pendant - amulet<br data-start=\"1044\" data-end=\"1047\" \/>Material: brass<br data-start=\"1064\" data-end=\"1067\" \/>Finish: black and red resin<br data-start=\"1104\" data-end=\"1107\" \/>Detail: multicoloured Preciosa crystals - like a fiery gaze<br data-start=\"1172\" data-end=\"1175\" \/>Origin: Greek workshop of Kalliope, Athens<\/p>\n<p class=\"\" data-start=\"1224\" data-end=\"1225\">\u2014<\/p>\n<p class=\"\" data-start=\"1227\" data-end=\"1256\">Awaken the dragon power of your Muse.<\/p>","protected":false},"featured_media":1578,"comment_status":"open","ping_status":"closed","template":"","meta":{"_eb_attr":""},"product_brand":[],"product_cat":[57,34],"product_tag":[68,70,73,71,74,75],"class_list":{"0":"post-2465","1":"product","2":"type-product","3":"status-publish","4":"has-post-thumbnail","6":"product_cat-grecka-bizuteria","7":"product_cat-naszyjniki","8":"product_tag-bizuteria","9":"product_tag-fashion-jewelry","10":"product_tag-krysztal","11":"product_tag-mosiadz","12":"product_tag-naszyjnik","13":"product_tag-zywica","15":"first","16":"instock","17":"shipping-taxable","18":"purchasable","19":"product-type-simple"},"yoast_head":"<!-- This site is optimized with the Yoast SEO plugin v26.6 - https:\/\/yoast.com\/wordpress\/plugins\/seo\/ -->\n<title>Naszyjnik Oko Smoka - DomiSol - Dostrajamy<\/title>\n<meta name=\"robots\" content=\"index, follow, max-snippet:-1, max-image-preview:large, max-video-preview:-1\" \/>\n<link rel=\"canonical\" href=\"https:\/\/www.dostrajamy.com\/en\/product\/dragon-eye-necklace\/\" \/>\n<meta property=\"og:locale\" content=\"en_GB\" \/>\n<meta property=\"og:type\" content=\"article\" \/>\n<meta property=\"og:title\" content=\"Naszyjnik Oko Smoka - DomiSol - Dostrajamy\" \/>\n<meta property=\"og:description\" content=\"\ud83d\udd25 Naszyjnik Oko Smoka - Muza Mocy i Nami\u0119tno\u015bci To nie jest zwyk\u0142a ozdoba. To talizman. Stra\u017cnik Twojej wewn\u0119trznej si\u0142y. W jego sercu \u2014 ogie\u0144 i noc. Czerwie\u0144 i czer\u0144. A wok\u00f3\u0142: wielobarwne iskry jak oddech smoka \u2014 \u017cywe, nieposkromione, prawdziwe. Naszyjnik Oko Smoka jest dla Kobiety, kt\u00f3ra wie, \u017ce ma moc. Kt\u00f3ra nie musi niczego udowadnia\u0107, bo jej obecno\u015b\u0107 m\u00f3wi wszystko. Kt\u00f3ra nie boi si\u0119 patrze\u0107 \u2014 w g\u0142\u0105b siebie i \u015bwiata. I widzie\u0107 jasno. Za\u0142\u00f3\u017c go, kiedy pragniesz przypomnie\u0107 sobie, \u017ce jeste\u015b pot\u0119\u017cna \u2014 z natury. \u2014 \u2728 Naszyjnik wykonany r\u0119cznie z mosi\u0105dzu w greckiej pracowni Kalliope, dzia\u0142aj\u0105cej od 1987 roku w Atenach.W centrum okr\u0105g\u0142ej zawieszki zatopiono czarn\u0105 i czerwon\u0105 \u017cywic\u0119, a na niej \u2014 bogactwo kryszta\u0142\u00f3w Preciosa w wielu kolorach, tworz\u0105cych hipnotyzuj\u0105cy wz\u00f3r przypominaj\u0105cy smocze oko.Zam\u00f3w ju\u017c dzi\u015b, a je\u015bli chcesz stworzy\u0107 zestaw, zapytaj r\u00f3wnie\u017c o kolczyki lub bransoletk\u0119. \u2728 Naszyjnik wykonany r\u0119cznie z mosi\u0105dzu w greckiej pracowni Kalliope, dzia\u0142aj\u0105cej od 1987 roku w Atenach.W centrum okr\u0105g\u0142ej zawieszki zatopiono czarn\u0105 i czerwon\u0105 \u017cywic\u0119, a na niej \u2014 bogactwo kryszta\u0142\u00f3w Preciosa w wielu kolorach, tworz\u0105cych hipnotyzuj\u0105cy wz\u00f3r przypominaj\u0105cy smocze oko.Zam\u00f3w ju\u017c dzi\u015b, a je\u015bli chcesz stworzy\u0107 zestaw, zapytaj r\u00f3wnie\u017c o kolczyki lub bransoletk\u0119. \u2014 \u2728 Czu\u0142e informacje:Forma: naszyjnik z okr\u0105g\u0142\u0105 zawieszk\u0105 \u2014 amuletemMateria\u0142: mosi\u0105dzWyko\u0144czenie: czarna i czerwona \u017cywicaDetal: wielobarwne kryszta\u0142y Preciosa \u2014 niczym ogniste spojrzeniePochodzenie: grecka pracownia Kalliope, Ateny \u2014 Obud\u017a smocz\u0105 Moc swojej Muzy.\" \/>\n<meta property=\"og:url\" content=\"https:\/\/www.dostrajamy.com\/en\/product\/dragon-eye-necklace\/\" \/>\n<meta property=\"og:site_name\" content=\"DomiSol - Dostrajamy\" \/>\n<meta property=\"article:publisher\" content=\"https:\/\/www.facebook.com\/domisol.dostrajamy\" \/>\n<meta property=\"article:modified_time\" content=\"2026-02-18T12:31:14+00:00\" \/>\n<meta property=\"og:image\" content=\"https:\/\/www.dostrajamy.com\/wp-content\/uploads\/2025\/03\/AH5A7672-scaled.jpeg\" \/>\n\t<meta property=\"og:image:width\" content=\"2560\" \/>\n\t<meta property=\"og:image:height\" content=\"2560\" \/>\n\t<meta property=\"og:image:type\" content=\"image\/jpeg\" \/>\n<meta name=\"twitter:card\" content=\"summary_large_image\" \/>\n<script type=\"application\/ld+json\" class=\"yoast-schema-graph\">{\"@context\":\"https:\/\/schema.org\",\"@graph\":[{\"@type\":\"WebPage\",\"@id\":\"https:\/\/www.dostrajamy.com\/produkt\/naszyjnik-oko-smoka\/\",\"url\":\"https:\/\/www.dostrajamy.com\/produkt\/naszyjnik-oko-smoka\/\",\"name\":\"Naszyjnik Oko Smoka - DomiSol - Dostrajamy\",\"isPartOf\":{\"@id\":\"https:\/\/www.dostrajamy.com\/#website\"},\"primaryImageOfPage\":{\"@id\":\"https:\/\/www.dostrajamy.com\/produkt\/naszyjnik-oko-smoka\/#primaryimage\"},\"image\":{\"@id\":\"https:\/\/www.dostrajamy.com\/produkt\/naszyjnik-oko-smoka\/#primaryimage\"},\"thumbnailUrl\":\"https:\/\/www.dostrajamy.com\/wp-content\/uploads\/2025\/03\/AH5A7672-scaled.jpeg\",\"datePublished\":\"2025-03-28T13:03:37+00:00\",\"dateModified\":\"2026-02-18T12:31:14+00:00\",\"breadcrumb\":{\"@id\":\"https:\/\/www.dostrajamy.com\/produkt\/naszyjnik-oko-smoka\/#breadcrumb\"},\"inLanguage\":\"en-GB\",\"potentialAction\":[{\"@type\":\"ReadAction\",\"target\":[\"https:\/\/www.dostrajamy.com\/produkt\/naszyjnik-oko-smoka\/\"]}]},{\"@type\":\"ImageObject\",\"inLanguage\":\"en-GB\",\"@id\":\"https:\/\/www.dostrajamy.com\/produkt\/naszyjnik-oko-smoka\/#primaryimage\",\"url\":\"https:\/\/www.dostrajamy.com\/wp-content\/uploads\/2025\/03\/AH5A7672-scaled.jpeg\",\"contentUrl\":\"https:\/\/www.dostrajamy.com\/wp-content\/uploads\/2025\/03\/AH5A7672-scaled.jpeg\",\"width\":2560,\"height\":2560},{\"@type\":\"BreadcrumbList\",\"@id\":\"https:\/\/www.dostrajamy.com\/produkt\/naszyjnik-oko-smoka\/#breadcrumb\",\"itemListElement\":[{\"@type\":\"ListItem\",\"position\":1,\"name\":\"Strona g\u0142\u00f3wna\",\"item\":\"https:\/\/www.dostrajamy.com\/\"},{\"@type\":\"ListItem\",\"position\":2,\"name\":\"Sklep\",\"item\":\"https:\/\/www.dostrajamy.com\/sklep\/\"},{\"@type\":\"ListItem\",\"position\":3,\"name\":\"Naszyjnik Oko Smoka\"}]},{\"@type\":\"WebSite\",\"@id\":\"https:\/\/www.dostrajamy.com\/#website\",\"url\":\"https:\/\/www.dostrajamy.com\/\",\"name\":\"DomiSol - Dostrajamy\",\"description\":\"Dostr\u00f3j si\u0119 do siebie!\",\"publisher\":{\"@id\":\"https:\/\/www.dostrajamy.com\/#organization\"},\"potentialAction\":[{\"@type\":\"SearchAction\",\"target\":{\"@type\":\"EntryPoint\",\"urlTemplate\":\"https:\/\/www.dostrajamy.com\/?s={search_term_string}\"},\"query-input\":{\"@type\":\"PropertyValueSpecification\",\"valueRequired\":true,\"valueName\":\"search_term_string\"}}],\"inLanguage\":\"en-GB\"},{\"@type\":\"Organization\",\"@id\":\"https:\/\/www.dostrajamy.com\/#organization\",\"name\":\"DomiSol - Dostrajamy\",\"url\":\"https:\/\/www.dostrajamy.com\/\",\"logo\":{\"@type\":\"ImageObject\",\"inLanguage\":\"en-GB\",\"@id\":\"https:\/\/www.dostrajamy.com\/#\/schema\/logo\/image\/\",\"url\":\"https:\/\/www.dostrajamy.com\/wp-content\/uploads\/2025\/02\/cropped-Logo_poziom-1-scaled.png\",\"contentUrl\":\"https:\/\/www.dostrajamy.com\/wp-content\/uploads\/2025\/02\/cropped-Logo_poziom-1-scaled.png\",\"width\":2560,\"height\":453,\"caption\":\"DomiSol - Dostrajamy\"},\"image\":{\"@id\":\"https:\/\/www.dostrajamy.com\/#\/schema\/logo\/image\/\"},\"sameAs\":[\"https:\/\/www.facebook.com\/domisol.dostrajamy\",\"https:\/\/www.instagram.com\/domisol.dostrajamy\",\"https:\/\/www.youtube.com\/@dostrajamy\",\"https:\/\/open.spotify.com\/show\/5je85cYoaCcWGNo7Nwz2iW?si=1c15f6eb977f4f3d&nd=1&dlsi=d2ab15e5d6624979\"]}]}<\/script>\n<!-- \/ Yoast SEO plugin. -->","yoast_head_json":{"title":"Dragon's Eye Necklace - DomiSol - Tune in","robots":{"index":"index","follow":"follow","max-snippet":"max-snippet:-1","max-image-preview":"max-image-preview:large","max-video-preview":"max-video-preview:-1"},"canonical":"https:\/\/www.dostrajamy.com\/en\/product\/dragon-eye-necklace\/","og_locale":"en_GB","og_type":"article","og_title":"Naszyjnik Oko Smoka - DomiSol - Dostrajamy","og_description":"\ud83d\udd25 Naszyjnik Oko Smoka - Muza Mocy i Nami\u0119tno\u015bci To nie jest zwyk\u0142a ozdoba. To talizman. Stra\u017cnik Twojej wewn\u0119trznej si\u0142y. W jego sercu \u2014 ogie\u0144 i noc. Czerwie\u0144 i czer\u0144. A wok\u00f3\u0142: wielobarwne iskry jak oddech smoka \u2014 \u017cywe, nieposkromione, prawdziwe. Naszyjnik Oko Smoka jest dla Kobiety, kt\u00f3ra wie, \u017ce ma moc. Kt\u00f3ra nie musi niczego udowadnia\u0107, bo jej obecno\u015b\u0107 m\u00f3wi wszystko. Kt\u00f3ra nie boi si\u0119 patrze\u0107 \u2014 w g\u0142\u0105b siebie i \u015bwiata. I widzie\u0107 jasno. Za\u0142\u00f3\u017c go, kiedy pragniesz przypomnie\u0107 sobie, \u017ce jeste\u015b pot\u0119\u017cna \u2014 z natury. \u2014 \u2728 Naszyjnik wykonany r\u0119cznie z mosi\u0105dzu w greckiej pracowni Kalliope, dzia\u0142aj\u0105cej od 1987 roku w Atenach.W centrum okr\u0105g\u0142ej zawieszki zatopiono czarn\u0105 i czerwon\u0105 \u017cywic\u0119, a na niej \u2014 bogactwo kryszta\u0142\u00f3w Preciosa w wielu kolorach, tworz\u0105cych hipnotyzuj\u0105cy wz\u00f3r przypominaj\u0105cy smocze oko.Zam\u00f3w ju\u017c dzi\u015b, a je\u015bli chcesz stworzy\u0107 zestaw, zapytaj r\u00f3wnie\u017c o kolczyki lub bransoletk\u0119. \u2728 Naszyjnik wykonany r\u0119cznie z mosi\u0105dzu w greckiej pracowni Kalliope, dzia\u0142aj\u0105cej od 1987 roku w Atenach.W centrum okr\u0105g\u0142ej zawieszki zatopiono czarn\u0105 i czerwon\u0105 \u017cywic\u0119, a na niej \u2014 bogactwo kryszta\u0142\u00f3w Preciosa w wielu kolorach, tworz\u0105cych hipnotyzuj\u0105cy wz\u00f3r przypominaj\u0105cy smocze oko.Zam\u00f3w ju\u017c dzi\u015b, a je\u015bli chcesz stworzy\u0107 zestaw, zapytaj r\u00f3wnie\u017c o kolczyki lub bransoletk\u0119. \u2014 \u2728 Czu\u0142e informacje:Forma: naszyjnik z okr\u0105g\u0142\u0105 zawieszk\u0105 \u2014 amuletemMateria\u0142: mosi\u0105dzWyko\u0144czenie: czarna i czerwona \u017cywicaDetal: wielobarwne kryszta\u0142y Preciosa \u2014 niczym ogniste spojrzeniePochodzenie: grecka pracownia Kalliope, Ateny \u2014 Obud\u017a smocz\u0105 Moc swojej Muzy.","og_url":"https:\/\/www.dostrajamy.com\/en\/product\/dragon-eye-necklace\/","og_site_name":"DomiSol - Dostrajamy","article_publisher":"https:\/\/www.facebook.com\/domisol.dostrajamy","article_modified_time":"2026-02-18T12:31:14+00:00","og_image":[{"width":2560,"height":2560,"url":"https:\/\/www.dostrajamy.com\/wp-content\/uploads\/2025\/03\/AH5A7672-scaled.jpeg","type":"image\/jpeg"}],"twitter_card":"summary_large_image","schema":{"@context":"https:\/\/schema.org","@graph":[{"@type":"WebPage","@id":"https:\/\/www.dostrajamy.com\/produkt\/naszyjnik-oko-smoka\/","url":"https:\/\/www.dostrajamy.com\/produkt\/naszyjnik-oko-smoka\/","name":"Dragon's Eye Necklace - DomiSol - Tune in","isPartOf":{"@id":"https:\/\/www.dostrajamy.com\/#website"},"primaryImageOfPage":{"@id":"https:\/\/www.dostrajamy.com\/produkt\/naszyjnik-oko-smoka\/#primaryimage"},"image":{"@id":"https:\/\/www.dostrajamy.com\/produkt\/naszyjnik-oko-smoka\/#primaryimage"},"thumbnailUrl":"https:\/\/www.dostrajamy.com\/wp-content\/uploads\/2025\/03\/AH5A7672-scaled.jpeg","datePublished":"2025-03-28T13:03:37+00:00","dateModified":"2026-02-18T12:31:14+00:00","breadcrumb":{"@id":"https:\/\/www.dostrajamy.com\/produkt\/naszyjnik-oko-smoka\/#breadcrumb"},"inLanguage":"en-GB","potentialAction":[{"@type":"ReadAction","target":["https:\/\/www.dostrajamy.com\/produkt\/naszyjnik-oko-smoka\/"]}]},{"@type":"ImageObject","inLanguage":"en-GB","@id":"https:\/\/www.dostrajamy.com\/produkt\/naszyjnik-oko-smoka\/#primaryimage","url":"https:\/\/www.dostrajamy.com\/wp-content\/uploads\/2025\/03\/AH5A7672-scaled.jpeg","contentUrl":"https:\/\/www.dostrajamy.com\/wp-content\/uploads\/2025\/03\/AH5A7672-scaled.jpeg","width":2560,"height":2560},{"@type":"BreadcrumbList","@id":"https:\/\/www.dostrajamy.com\/produkt\/naszyjnik-oko-smoka\/#breadcrumb","itemListElement":[{"@type":"ListItem","position":1,"name":"Strona g\u0142\u00f3wna","item":"https:\/\/www.dostrajamy.com\/"},{"@type":"ListItem","position":2,"name":"Sklep","item":"https:\/\/www.dostrajamy.com\/sklep\/"},{"@type":"ListItem","position":3,"name":"Naszyjnik Oko Smoka"}]},{"@type":"WebSite","@id":"https:\/\/www.dostrajamy.com\/#website","url":"https:\/\/www.dostrajamy.com\/","name":"DomiSol - Dostrajamy","description":"Tune in to yourself!","publisher":{"@id":"https:\/\/www.dostrajamy.com\/#organization"},"potentialAction":[{"@type":"SearchAction","target":{"@type":"EntryPoint","urlTemplate":"https:\/\/www.dostrajamy.com\/?s={search_term_string}"},"query-input":{"@type":"PropertyValueSpecification","valueRequired":true,"valueName":"search_term_string"}}],"inLanguage":"en-GB"},{"@type":"Organization","@id":"https:\/\/www.dostrajamy.com\/#organization","name":"DomiSol - Dostrajamy","url":"https:\/\/www.dostrajamy.com\/","logo":{"@type":"ImageObject","inLanguage":"en-GB","@id":"https:\/\/www.dostrajamy.com\/#\/schema\/logo\/image\/","url":"https:\/\/www.dostrajamy.com\/wp-content\/uploads\/2025\/02\/cropped-Logo_poziom-1-scaled.png","contentUrl":"https:\/\/www.dostrajamy.com\/wp-content\/uploads\/2025\/02\/cropped-Logo_poziom-1-scaled.png","width":2560,"height":453,"caption":"DomiSol - Dostrajamy"},"image":{"@id":"https:\/\/www.dostrajamy.com\/#\/schema\/logo\/image\/"},"sameAs":["https:\/\/www.facebook.com\/domisol.dostrajamy","https:\/\/www.instagram.com\/domisol.dostrajamy","https:\/\/www.youtube.com\/@dostrajamy","https:\/\/open.spotify.com\/show\/5je85cYoaCcWGNo7Nwz2iW?si=1c15f6eb977f4f3d&nd=1&dlsi=d2ab15e5d6624979"]}]}},"_links":{"self":[{"href":"https:\/\/www.dostrajamy.com\/en\/wp-json\/wp\/v2\/product\/2465","targetHints":{"allow":["GET"]}}],"collection":[{"href":"https:\/\/www.dostrajamy.com\/en\/wp-json\/wp\/v2\/product"}],"about":[{"href":"https:\/\/www.dostrajamy.com\/en\/wp-json\/wp\/v2\/types\/product"}],"replies":[{"embeddable":true,"href":"https:\/\/www.dostrajamy.com\/en\/wp-json\/wp\/v2\/comments?post=2465"}],"wp:featuredmedia":[{"embeddable":true,"href":"https:\/\/www.dostrajamy.com\/en\/wp-json\/wp\/v2\/media\/1578"}],"wp:attachment":[{"href":"https:\/\/www.dostrajamy.com\/en\/wp-json\/wp\/v2\/media?parent=2465"}],"wp:term":[{"taxonomy":"product_brand","embeddable":true,"href":"https:\/\/www.dostrajamy.com\/en\/wp-json\/wp\/v2\/product_brand?post=2465"},{"taxonomy":"product_cat","embeddable":true,"href":"https:\/\/www.dostrajamy.com\/en\/wp-json\/wp\/v2\/product_cat?post=2465"},{"taxonomy":"product_tag","embeddable":true,"href":"https:\/\/www.dostrajamy.com\/en\/wp-json\/wp\/v2\/product_tag?post=2465"}],"curies":[{"name":"wp","href":"https:\/\/api.w.org\/{rel}","templated":true}]}}