{"id":2485,"date":"2025-03-28T13:36:26","date_gmt":"2025-03-28T13:36:26","guid":{"rendered":"https:\/\/www.dostrajamy.com\/?post_type=product&#038;p=2485"},"modified":"2025-05-28T13:29:33","modified_gmt":"2025-05-28T13:29:33","slug":"broszka-splatanie","status":"publish","type":"product","link":"https:\/\/www.dostrajamy.com\/en\/product\/broszka-splatanie\/","title":{"rendered":"Tangle Brooch"},"content":{"rendered":"<div class=\"flex max-w-full flex-col grow\">\n<div class=\"min-h-8 text-message relative flex w-full flex-col items-end gap-2 text-start break-words whitespace-normal [.text-message+&amp;]:mt-5\" dir=\"auto\" data-message-author-role=\"assistant\" data-message-id=\"16dc37b0-a6cb-4803-9b00-cd8024923c88\" data-message-model-slug=\"gpt-4o\">\n<div class=\"flex w-full flex-col gap-1 empty:hidden first:pt-[3px]\">\n<div class=\"markdown prose dark:prose-invert w-full break-words dark\">\n<h3 data-start=\"545\" data-end=\"837\">Sensitive information:<\/h3>\n<p class=\"\" data-start=\"861\" data-end=\"1203\"><strong>Form:<\/strong> Abstrakcyjna, dynamiczna kompozycja z elementami splecionymi ze sob\u0105.<br data-start=\"937\" data-end=\"940\" \/><strong>Material:<\/strong> Mosi\u0105dz oksydowany na czarno \u2013 pe\u0142en tajemnicy i g\u0142\u0119bi.<br data-start=\"1005\" data-end=\"1008\" \/><strong>Finishing:<\/strong> Czarna \u017cywica kontrastuj\u0105ca z po\u0142yskiem per\u0142y.<br data-start=\"1067\" data-end=\"1070\" \/><strong>Retail:<\/strong> Hodowlana per\u0142a umieszczona w centrum \u2013 symbol r\u00f3wnowagi.<br data-start=\"1134\" data-end=\"1137\" \/><strong>Origins:<\/strong> Grecka pracownia Kalliope \u2013 kunszt i dusza rzemios\u0142a.<\/p>\n<p class=\"\" data-start=\"1205\" data-end=\"1206\">\u2014<\/p>\n<p class=\"\" data-start=\"1208\" data-end=\"1251\">Pozw\u00f3l sobie by\u0107 z\u0142o\u017con\u0105. Spl\u0105tan\u0105. Pi\u0119kn\u0105.<\/p>\n<\/div>\n<\/div>\n<\/div>\n<\/div>\n<div class=\"flex justify-start\"><\/div>","protected":false},"excerpt":{"rendered":"<p class=\"\" data-start=\"117\" data-end=\"165\">\ud83d\udda4 Broszka Splatanie &#8211; Muza Wewn\u0119trznej Jedno\u015bci<\/p>\n<p class=\"\" data-start=\"167\" data-end=\"463\">Splatasz \u2014 nie tylko nici, ale my\u015bli, uczucia, wspomnienia. \u0141\u0105czysz pozorne przeciwie\u0144stwa: delikatno\u015b\u0107 i si\u0142\u0119, cisz\u0119 i b\u0142ysk.<br \/>\nTa broszka jest jak zakl\u0119cie \u2014 trzyma razem wszystko, co stanowi o Twojej unikalnej ca\u0142o\u015bci.<br \/>\nPer\u0142a i czer\u0144, \u015bwiat\u0142o i cie\u0144 \u2014 wszystko w Tobie ma swoje miejsce.<\/p>\n<p class=\"\" data-start=\"465\" data-end=\"540\">Muza Wewn\u0119trznej Jedno\u015bci przypomina: \u201eJeste\u015b pe\u0142ni\u0105, nawet w fragmentach.\u201d<\/p>\n<p class=\"\" data-start=\"542\" data-end=\"543\">\u2014<\/p>\n<p class=\"\" data-start=\"545\" data-end=\"837\">\u2728 Brooch handmade in brass in the Greek workshop Kalliope, operating since 1987 in Athens.<br \/>\nOksydowana na g\u0142\u0119boki, czarny kolor. Wype\u0142niona \u017cywic\u0105 i ozdobiona sztuczn\u0105 per\u0142\u0105.<br \/>\nOrder today and if you want to create a set, also ask about matching earrings or bracelet.<\/p>","protected":false},"featured_media":2488,"comment_status":"open","ping_status":"closed","template":"","meta":{"_eb_attr":""},"product_brand":[],"product_cat":[57,93],"product_tag":[68,94,70,71,77,75],"class_list":{"0":"post-2485","1":"product","2":"type-product","3":"status-publish","4":"has-post-thumbnail","6":"product_cat-grecka-bizuteria","7":"product_cat-broszki","8":"product_tag-bizuteria","9":"product_tag-broszka","10":"product_tag-fashion-jewelry","11":"product_tag-mosiadz","12":"product_tag-oksydacja","13":"product_tag-zywica","15":"first","16":"instock","17":"shipping-taxable","18":"purchasable","19":"product-type-simple"},"yoast_head":"<!-- This site is optimized with the Yoast SEO plugin v26.6 - https:\/\/yoast.com\/wordpress\/plugins\/seo\/ -->\n<title>Broszka Spl\u0105tanie - DomiSol - Dostrajamy<\/title>\n<meta name=\"robots\" content=\"index, follow, max-snippet:-1, max-image-preview:large, max-video-preview:-1\" \/>\n<link rel=\"canonical\" href=\"https:\/\/www.dostrajamy.com\/en\/product\/broszka-splatanie\/\" \/>\n<meta property=\"og:locale\" content=\"en_GB\" \/>\n<meta property=\"og:type\" content=\"article\" \/>\n<meta property=\"og:title\" content=\"Broszka Spl\u0105tanie - DomiSol - Dostrajamy\" \/>\n<meta property=\"og:description\" content=\"\ud83d\udda4 Broszka Splatanie - Muza Wewn\u0119trznej Jedno\u015bci Splatasz \u2014 nie tylko nici, ale my\u015bli, uczucia, wspomnienia. \u0141\u0105czysz pozorne przeciwie\u0144stwa: delikatno\u015b\u0107 i si\u0142\u0119, cisz\u0119 i b\u0142ysk. Ta broszka jest jak zakl\u0119cie \u2014 trzyma razem wszystko, co stanowi o Twojej unikalnej ca\u0142o\u015bci. Per\u0142a i czer\u0144, \u015bwiat\u0142o i cie\u0144 \u2014 wszystko w Tobie ma swoje miejsce. Muza Wewn\u0119trznej Jedno\u015bci przypomina: \u201eJeste\u015b pe\u0142ni\u0105, nawet w fragmentach.\u201d \u2014 \u2728 Broszka wykonana r\u0119cznie z mosi\u0105dzu w greckiej pracowni Kalliope, dzia\u0142aj\u0105cej od 1987 roku w Atenach. Oksydowana na g\u0142\u0119boki, czarny kolor. Wype\u0142niona \u017cywic\u0105 i ozdobiona sztuczn\u0105 per\u0142\u0105. Zam\u00f3w ju\u017c dzi\u015b, a je\u015bli chcesz stworzy\u0107 zestaw, zapytaj r\u00f3wnie\u017c o pasuj\u0105ce kolczyki lub bransoletk\u0119.\" \/>\n<meta property=\"og:url\" content=\"https:\/\/www.dostrajamy.com\/en\/product\/broszka-splatanie\/\" \/>\n<meta property=\"og:site_name\" content=\"DomiSol - Dostrajamy\" \/>\n<meta property=\"article:publisher\" content=\"https:\/\/www.facebook.com\/domisol.dostrajamy\" \/>\n<meta property=\"article:modified_time\" content=\"2025-05-28T13:29:33+00:00\" \/>\n<meta property=\"og:image\" content=\"https:\/\/www.dostrajamy.com\/wp-content\/uploads\/2025\/03\/Zrzut-ekranu-2025-03-28-o-14.35.58.png\" \/>\n\t<meta property=\"og:image:width\" content=\"695\" \/>\n\t<meta property=\"og:image:height\" content=\"620\" \/>\n\t<meta property=\"og:image:type\" content=\"image\/png\" \/>\n<meta name=\"twitter:card\" content=\"summary_large_image\" \/>\n<script type=\"application\/ld+json\" class=\"yoast-schema-graph\">{\"@context\":\"https:\/\/schema.org\",\"@graph\":[{\"@type\":\"WebPage\",\"@id\":\"https:\/\/www.dostrajamy.com\/produkt\/broszka-splatanie\/\",\"url\":\"https:\/\/www.dostrajamy.com\/produkt\/broszka-splatanie\/\",\"name\":\"Broszka Spl\u0105tanie - DomiSol - Dostrajamy\",\"isPartOf\":{\"@id\":\"https:\/\/www.dostrajamy.com\/#website\"},\"primaryImageOfPage\":{\"@id\":\"https:\/\/www.dostrajamy.com\/produkt\/broszka-splatanie\/#primaryimage\"},\"image\":{\"@id\":\"https:\/\/www.dostrajamy.com\/produkt\/broszka-splatanie\/#primaryimage\"},\"thumbnailUrl\":\"https:\/\/www.dostrajamy.com\/wp-content\/uploads\/2025\/03\/Zrzut-ekranu-2025-03-28-o-14.35.58.png\",\"datePublished\":\"2025-03-28T13:36:26+00:00\",\"dateModified\":\"2025-05-28T13:29:33+00:00\",\"breadcrumb\":{\"@id\":\"https:\/\/www.dostrajamy.com\/produkt\/broszka-splatanie\/#breadcrumb\"},\"inLanguage\":\"en-GB\",\"potentialAction\":[{\"@type\":\"ReadAction\",\"target\":[\"https:\/\/www.dostrajamy.com\/produkt\/broszka-splatanie\/\"]}]},{\"@type\":\"ImageObject\",\"inLanguage\":\"en-GB\",\"@id\":\"https:\/\/www.dostrajamy.com\/produkt\/broszka-splatanie\/#primaryimage\",\"url\":\"https:\/\/www.dostrajamy.com\/wp-content\/uploads\/2025\/03\/Zrzut-ekranu-2025-03-28-o-14.35.58.png\",\"contentUrl\":\"https:\/\/www.dostrajamy.com\/wp-content\/uploads\/2025\/03\/Zrzut-ekranu-2025-03-28-o-14.35.58.png\",\"width\":695,\"height\":620},{\"@type\":\"BreadcrumbList\",\"@id\":\"https:\/\/www.dostrajamy.com\/produkt\/broszka-splatanie\/#breadcrumb\",\"itemListElement\":[{\"@type\":\"ListItem\",\"position\":1,\"name\":\"Strona g\u0142\u00f3wna\",\"item\":\"https:\/\/www.dostrajamy.com\/\"},{\"@type\":\"ListItem\",\"position\":2,\"name\":\"Sklep\",\"item\":\"https:\/\/www.dostrajamy.com\/sklep\/\"},{\"@type\":\"ListItem\",\"position\":3,\"name\":\"Broszka Spl\u0105tanie\"}]},{\"@type\":\"WebSite\",\"@id\":\"https:\/\/www.dostrajamy.com\/#website\",\"url\":\"https:\/\/www.dostrajamy.com\/\",\"name\":\"DomiSol - Dostrajamy\",\"description\":\"Dostr\u00f3j si\u0119 do siebie!\",\"publisher\":{\"@id\":\"https:\/\/www.dostrajamy.com\/#organization\"},\"potentialAction\":[{\"@type\":\"SearchAction\",\"target\":{\"@type\":\"EntryPoint\",\"urlTemplate\":\"https:\/\/www.dostrajamy.com\/?s={search_term_string}\"},\"query-input\":{\"@type\":\"PropertyValueSpecification\",\"valueRequired\":true,\"valueName\":\"search_term_string\"}}],\"inLanguage\":\"en-GB\"},{\"@type\":\"Organization\",\"@id\":\"https:\/\/www.dostrajamy.com\/#organization\",\"name\":\"DomiSol - Dostrajamy\",\"url\":\"https:\/\/www.dostrajamy.com\/\",\"logo\":{\"@type\":\"ImageObject\",\"inLanguage\":\"en-GB\",\"@id\":\"https:\/\/www.dostrajamy.com\/#\/schema\/logo\/image\/\",\"url\":\"https:\/\/www.dostrajamy.com\/wp-content\/uploads\/2025\/02\/cropped-Logo_poziom-1-scaled.png\",\"contentUrl\":\"https:\/\/www.dostrajamy.com\/wp-content\/uploads\/2025\/02\/cropped-Logo_poziom-1-scaled.png\",\"width\":2560,\"height\":453,\"caption\":\"DomiSol - Dostrajamy\"},\"image\":{\"@id\":\"https:\/\/www.dostrajamy.com\/#\/schema\/logo\/image\/\"},\"sameAs\":[\"https:\/\/www.facebook.com\/domisol.dostrajamy\",\"https:\/\/www.instagram.com\/domisol.dostrajamy\",\"https:\/\/www.youtube.com\/@dostrajamy\",\"https:\/\/open.spotify.com\/show\/5je85cYoaCcWGNo7Nwz2iW?si=1c15f6eb977f4f3d&nd=1&dlsi=d2ab15e5d6624979\"]}]}<\/script>\n<!-- \/ Yoast SEO plugin. -->","yoast_head_json":{"title":"Broszka Spl\u0105tanie - DomiSol - Dostrajamy","robots":{"index":"index","follow":"follow","max-snippet":"max-snippet:-1","max-image-preview":"max-image-preview:large","max-video-preview":"max-video-preview:-1"},"canonical":"https:\/\/www.dostrajamy.com\/en\/product\/broszka-splatanie\/","og_locale":"en_GB","og_type":"article","og_title":"Broszka Spl\u0105tanie - DomiSol - Dostrajamy","og_description":"\ud83d\udda4 Broszka Splatanie - Muza Wewn\u0119trznej Jedno\u015bci Splatasz \u2014 nie tylko nici, ale my\u015bli, uczucia, wspomnienia. \u0141\u0105czysz pozorne przeciwie\u0144stwa: delikatno\u015b\u0107 i si\u0142\u0119, cisz\u0119 i b\u0142ysk. Ta broszka jest jak zakl\u0119cie \u2014 trzyma razem wszystko, co stanowi o Twojej unikalnej ca\u0142o\u015bci. Per\u0142a i czer\u0144, \u015bwiat\u0142o i cie\u0144 \u2014 wszystko w Tobie ma swoje miejsce. Muza Wewn\u0119trznej Jedno\u015bci przypomina: \u201eJeste\u015b pe\u0142ni\u0105, nawet w fragmentach.\u201d \u2014 \u2728 Broszka wykonana r\u0119cznie z mosi\u0105dzu w greckiej pracowni Kalliope, dzia\u0142aj\u0105cej od 1987 roku w Atenach. Oksydowana na g\u0142\u0119boki, czarny kolor. Wype\u0142niona \u017cywic\u0105 i ozdobiona sztuczn\u0105 per\u0142\u0105. Zam\u00f3w ju\u017c dzi\u015b, a je\u015bli chcesz stworzy\u0107 zestaw, zapytaj r\u00f3wnie\u017c o pasuj\u0105ce kolczyki lub bransoletk\u0119.","og_url":"https:\/\/www.dostrajamy.com\/en\/product\/broszka-splatanie\/","og_site_name":"DomiSol - Dostrajamy","article_publisher":"https:\/\/www.facebook.com\/domisol.dostrajamy","article_modified_time":"2025-05-28T13:29:33+00:00","og_image":[{"width":695,"height":620,"url":"https:\/\/www.dostrajamy.com\/wp-content\/uploads\/2025\/03\/Zrzut-ekranu-2025-03-28-o-14.35.58.png","type":"image\/png"}],"twitter_card":"summary_large_image","schema":{"@context":"https:\/\/schema.org","@graph":[{"@type":"WebPage","@id":"https:\/\/www.dostrajamy.com\/produkt\/broszka-splatanie\/","url":"https:\/\/www.dostrajamy.com\/produkt\/broszka-splatanie\/","name":"Broszka Spl\u0105tanie - DomiSol - Dostrajamy","isPartOf":{"@id":"https:\/\/www.dostrajamy.com\/#website"},"primaryImageOfPage":{"@id":"https:\/\/www.dostrajamy.com\/produkt\/broszka-splatanie\/#primaryimage"},"image":{"@id":"https:\/\/www.dostrajamy.com\/produkt\/broszka-splatanie\/#primaryimage"},"thumbnailUrl":"https:\/\/www.dostrajamy.com\/wp-content\/uploads\/2025\/03\/Zrzut-ekranu-2025-03-28-o-14.35.58.png","datePublished":"2025-03-28T13:36:26+00:00","dateModified":"2025-05-28T13:29:33+00:00","breadcrumb":{"@id":"https:\/\/www.dostrajamy.com\/produkt\/broszka-splatanie\/#breadcrumb"},"inLanguage":"en-GB","potentialAction":[{"@type":"ReadAction","target":["https:\/\/www.dostrajamy.com\/produkt\/broszka-splatanie\/"]}]},{"@type":"ImageObject","inLanguage":"en-GB","@id":"https:\/\/www.dostrajamy.com\/produkt\/broszka-splatanie\/#primaryimage","url":"https:\/\/www.dostrajamy.com\/wp-content\/uploads\/2025\/03\/Zrzut-ekranu-2025-03-28-o-14.35.58.png","contentUrl":"https:\/\/www.dostrajamy.com\/wp-content\/uploads\/2025\/03\/Zrzut-ekranu-2025-03-28-o-14.35.58.png","width":695,"height":620},{"@type":"BreadcrumbList","@id":"https:\/\/www.dostrajamy.com\/produkt\/broszka-splatanie\/#breadcrumb","itemListElement":[{"@type":"ListItem","position":1,"name":"Strona g\u0142\u00f3wna","item":"https:\/\/www.dostrajamy.com\/"},{"@type":"ListItem","position":2,"name":"Sklep","item":"https:\/\/www.dostrajamy.com\/sklep\/"},{"@type":"ListItem","position":3,"name":"Broszka Spl\u0105tanie"}]},{"@type":"WebSite","@id":"https:\/\/www.dostrajamy.com\/#website","url":"https:\/\/www.dostrajamy.com\/","name":"DomiSol - Dostrajamy","description":"Tune in to yourself!","publisher":{"@id":"https:\/\/www.dostrajamy.com\/#organization"},"potentialAction":[{"@type":"SearchAction","target":{"@type":"EntryPoint","urlTemplate":"https:\/\/www.dostrajamy.com\/?s={search_term_string}"},"query-input":{"@type":"PropertyValueSpecification","valueRequired":true,"valueName":"search_term_string"}}],"inLanguage":"en-GB"},{"@type":"Organization","@id":"https:\/\/www.dostrajamy.com\/#organization","name":"DomiSol - Dostrajamy","url":"https:\/\/www.dostrajamy.com\/","logo":{"@type":"ImageObject","inLanguage":"en-GB","@id":"https:\/\/www.dostrajamy.com\/#\/schema\/logo\/image\/","url":"https:\/\/www.dostrajamy.com\/wp-content\/uploads\/2025\/02\/cropped-Logo_poziom-1-scaled.png","contentUrl":"https:\/\/www.dostrajamy.com\/wp-content\/uploads\/2025\/02\/cropped-Logo_poziom-1-scaled.png","width":2560,"height":453,"caption":"DomiSol - Dostrajamy"},"image":{"@id":"https:\/\/www.dostrajamy.com\/#\/schema\/logo\/image\/"},"sameAs":["https:\/\/www.facebook.com\/domisol.dostrajamy","https:\/\/www.instagram.com\/domisol.dostrajamy","https:\/\/www.youtube.com\/@dostrajamy","https:\/\/open.spotify.com\/show\/5je85cYoaCcWGNo7Nwz2iW?si=1c15f6eb977f4f3d&nd=1&dlsi=d2ab15e5d6624979"]}]}},"_links":{"self":[{"href":"https:\/\/www.dostrajamy.com\/en\/wp-json\/wp\/v2\/product\/2485","targetHints":{"allow":["GET"]}}],"collection":[{"href":"https:\/\/www.dostrajamy.com\/en\/wp-json\/wp\/v2\/product"}],"about":[{"href":"https:\/\/www.dostrajamy.com\/en\/wp-json\/wp\/v2\/types\/product"}],"replies":[{"embeddable":true,"href":"https:\/\/www.dostrajamy.com\/en\/wp-json\/wp\/v2\/comments?post=2485"}],"wp:featuredmedia":[{"embeddable":true,"href":"https:\/\/www.dostrajamy.com\/en\/wp-json\/wp\/v2\/media\/2488"}],"wp:attachment":[{"href":"https:\/\/www.dostrajamy.com\/en\/wp-json\/wp\/v2\/media?parent=2485"}],"wp:term":[{"taxonomy":"product_brand","embeddable":true,"href":"https:\/\/www.dostrajamy.com\/en\/wp-json\/wp\/v2\/product_brand?post=2485"},{"taxonomy":"product_cat","embeddable":true,"href":"https:\/\/www.dostrajamy.com\/en\/wp-json\/wp\/v2\/product_cat?post=2485"},{"taxonomy":"product_tag","embeddable":true,"href":"https:\/\/www.dostrajamy.com\/en\/wp-json\/wp\/v2\/product_tag?post=2485"}],"curies":[{"name":"wp","href":"https:\/\/api.w.org\/{rel}","templated":true}]}}