{"id":2711,"date":"2025-04-30T15:53:02","date_gmt":"2025-04-30T15:53:02","guid":{"rendered":"https:\/\/www.dostrajamy.com\/?post_type=product&#038;p=2711"},"modified":"2025-04-30T16:57:23","modified_gmt":"2025-04-30T16:57:23","slug":"pinch-brooch","status":"publish","type":"product","link":"https:\/\/www.dostrajamy.com\/en\/product\/pinch-brooch\/","title":{"rendered":"Embrace Brooch"},"content":{"rendered":"<h3 data-start=\"508\" data-end=\"804\">Sensitive information:<\/h3>\n<p><strong data-start=\"879\" data-end=\"889\">Form:<\/strong> A sculptural, streamlined form inspired by the gesture of embracing.<br data-start=\"945\" data-end=\"948\" \/><strong data-start=\"948\" data-end=\"961\">Material:<\/strong> Brass.<br data-start=\"1000\" data-end=\"1003\" \/><strong data-start=\"1003\" data-end=\"1013\">Retail:<\/strong> Marine-coloured resin infill.<br data-start=\"1053\" data-end=\"1056\" \/><strong data-start=\"1056\" data-end=\"1072\">Origins:<\/strong> Handmade in the Athens-based Kalliope workshop.<\/p>","protected":false},"excerpt":{"rendered":"<p class=\"\" data-start=\"195\" data-end=\"385\">\ud83c\udf0a <strong data-start=\"198\" data-end=\"251\">Embrace Brooch - The Muse of Closeness and Gentle Strength<\/strong><br data-start=\"251\" data-end=\"254\" \/><em>Like arms open with gentleness. Like warmth that soothes without restraining. Like a presence that doesn't force anything - but simply is.<\/em><\/p>\n<p class=\"\" data-start=\"387\" data-end=\"657\">This brooch is about the space that envelops. About what is soft and strong inside at the same time. Its nautical hue evokes serenity - reminiscent of the depths in which one can plunge to find oneself. In the form of closure - an opening. In the structure - gentleness.<\/p>\n<p class=\"\" data-start=\"659\" data-end=\"807\">Ideal to accompany you when you want to be reminded of your own vulnerability, of the need for closeness, of the fact that a hug can also be given to yourself.<\/p>\n<p class=\"\" data-start=\"809\" data-end=\"849\"><strong data-start=\"809\" data-end=\"849\">Open yourself up to softness. Wrap yourself up.<\/strong><\/p>","protected":false},"featured_media":2726,"comment_status":"open","ping_status":"closed","template":"","meta":{"_eb_attr":""},"product_brand":[],"product_cat":[57,93],"product_tag":[68,94,70,71,75],"class_list":{"0":"post-2711","1":"product","2":"type-product","3":"status-publish","4":"has-post-thumbnail","6":"product_cat-grecka-bizuteria","7":"product_cat-broszki","8":"product_tag-bizuteria","9":"product_tag-broszka","10":"product_tag-fashion-jewelry","11":"product_tag-mosiadz","12":"product_tag-zywica","14":"first","15":"instock","16":"shipping-taxable","17":"purchasable","18":"product-type-simple"},"yoast_head":"<!-- This site is optimized with the Yoast SEO plugin v26.6 - https:\/\/yoast.com\/wordpress\/plugins\/seo\/ -->\n<title>Broszka U\u015bcisk - DomiSol - Dostrajamy<\/title>\n<meta name=\"robots\" content=\"index, follow, max-snippet:-1, max-image-preview:large, max-video-preview:-1\" \/>\n<link rel=\"canonical\" href=\"https:\/\/www.dostrajamy.com\/en\/product\/pinch-brooch\/\" \/>\n<meta property=\"og:locale\" content=\"en_GB\" \/>\n<meta property=\"og:type\" content=\"article\" \/>\n<meta property=\"og:title\" content=\"Broszka U\u015bcisk - DomiSol - Dostrajamy\" \/>\n<meta property=\"og:description\" content=\"\ud83c\udf0a Broszka U\u015bcisk \u2013 Muza Blisko\u015bci i Delikatnej Si\u0142yJak ramiona otwarte z \u0142agodno\u015bci\u0105. Jak ciep\u0142o, kt\u00f3re koi, nie kr\u0119puj\u0105c. Jak obecno\u015b\u0107, kt\u00f3ra niczego nie wymusza \u2013 a po prostu jest. Ta broszka opowiada o przestrzeni, kt\u00f3ra otula. O tym, co w \u015brodku mi\u0119kkie i silne jednocze\u015bnie. Jej morski odcie\u0144 przywo\u0142uje ukojenie \u2013 przypomina g\u0142\u0119biny, w kt\u00f3rych mo\u017cna si\u0119 zanurzy\u0107, by odnale\u017a\u0107 siebie. W formie zamkni\u0119cia \u2013 otwarcie. W strukturze \u2013 \u0142agodno\u015b\u0107. Idealna, by towarzyszy\u0107 Ci, gdy chcesz przypomnie\u0107 sobie o w\u0142asnej wra\u017cliwo\u015bci, o potrzebie blisko\u015bci, o tym, \u017ce u\u015bcisk mo\u017cna dawa\u0107 te\u017c sobie samej. Otw\u00f3rz si\u0119 na mi\u0119kko\u015b\u0107. Otul siebie.\" \/>\n<meta property=\"og:url\" content=\"https:\/\/www.dostrajamy.com\/en\/product\/pinch-brooch\/\" \/>\n<meta property=\"og:site_name\" content=\"DomiSol - Dostrajamy\" \/>\n<meta property=\"article:publisher\" content=\"https:\/\/www.facebook.com\/domisol.dostrajamy\" \/>\n<meta property=\"article:modified_time\" content=\"2025-04-30T16:57:23+00:00\" \/>\n<meta property=\"og:image\" content=\"https:\/\/www.dostrajamy.com\/wp-content\/uploads\/2025\/04\/IMG_0466.webp\" \/>\n\t<meta property=\"og:image:width\" content=\"2362\" \/>\n\t<meta property=\"og:image:height\" content=\"2362\" \/>\n\t<meta property=\"og:image:type\" content=\"image\/webp\" \/>\n<meta name=\"twitter:card\" content=\"summary_large_image\" \/>\n<script type=\"application\/ld+json\" class=\"yoast-schema-graph\">{\"@context\":\"https:\/\/schema.org\",\"@graph\":[{\"@type\":\"WebPage\",\"@id\":\"https:\/\/www.dostrajamy.com\/produkt\/broszka-uscisk\/\",\"url\":\"https:\/\/www.dostrajamy.com\/produkt\/broszka-uscisk\/\",\"name\":\"Broszka U\u015bcisk - DomiSol - Dostrajamy\",\"isPartOf\":{\"@id\":\"https:\/\/www.dostrajamy.com\/#website\"},\"primaryImageOfPage\":{\"@id\":\"https:\/\/www.dostrajamy.com\/produkt\/broszka-uscisk\/#primaryimage\"},\"image\":{\"@id\":\"https:\/\/www.dostrajamy.com\/produkt\/broszka-uscisk\/#primaryimage\"},\"thumbnailUrl\":\"https:\/\/www.dostrajamy.com\/wp-content\/uploads\/2025\/04\/IMG_0466.webp\",\"datePublished\":\"2025-04-30T15:53:02+00:00\",\"dateModified\":\"2025-04-30T16:57:23+00:00\",\"breadcrumb\":{\"@id\":\"https:\/\/www.dostrajamy.com\/produkt\/broszka-uscisk\/#breadcrumb\"},\"inLanguage\":\"en-GB\",\"potentialAction\":[{\"@type\":\"ReadAction\",\"target\":[\"https:\/\/www.dostrajamy.com\/produkt\/broszka-uscisk\/\"]}]},{\"@type\":\"ImageObject\",\"inLanguage\":\"en-GB\",\"@id\":\"https:\/\/www.dostrajamy.com\/produkt\/broszka-uscisk\/#primaryimage\",\"url\":\"https:\/\/www.dostrajamy.com\/wp-content\/uploads\/2025\/04\/IMG_0466.webp\",\"contentUrl\":\"https:\/\/www.dostrajamy.com\/wp-content\/uploads\/2025\/04\/IMG_0466.webp\",\"width\":2362,\"height\":2362},{\"@type\":\"BreadcrumbList\",\"@id\":\"https:\/\/www.dostrajamy.com\/produkt\/broszka-uscisk\/#breadcrumb\",\"itemListElement\":[{\"@type\":\"ListItem\",\"position\":1,\"name\":\"Strona g\u0142\u00f3wna\",\"item\":\"https:\/\/www.dostrajamy.com\/\"},{\"@type\":\"ListItem\",\"position\":2,\"name\":\"Sklep\",\"item\":\"https:\/\/www.dostrajamy.com\/sklep\/\"},{\"@type\":\"ListItem\",\"position\":3,\"name\":\"Broszka U\u015bcisk\"}]},{\"@type\":\"WebSite\",\"@id\":\"https:\/\/www.dostrajamy.com\/#website\",\"url\":\"https:\/\/www.dostrajamy.com\/\",\"name\":\"DomiSol - Dostrajamy\",\"description\":\"Dostr\u00f3j si\u0119 do siebie!\",\"publisher\":{\"@id\":\"https:\/\/www.dostrajamy.com\/#organization\"},\"potentialAction\":[{\"@type\":\"SearchAction\",\"target\":{\"@type\":\"EntryPoint\",\"urlTemplate\":\"https:\/\/www.dostrajamy.com\/?s={search_term_string}\"},\"query-input\":{\"@type\":\"PropertyValueSpecification\",\"valueRequired\":true,\"valueName\":\"search_term_string\"}}],\"inLanguage\":\"en-GB\"},{\"@type\":\"Organization\",\"@id\":\"https:\/\/www.dostrajamy.com\/#organization\",\"name\":\"DomiSol - Dostrajamy\",\"url\":\"https:\/\/www.dostrajamy.com\/\",\"logo\":{\"@type\":\"ImageObject\",\"inLanguage\":\"en-GB\",\"@id\":\"https:\/\/www.dostrajamy.com\/#\/schema\/logo\/image\/\",\"url\":\"https:\/\/www.dostrajamy.com\/wp-content\/uploads\/2025\/02\/cropped-Logo_poziom-1-scaled.png\",\"contentUrl\":\"https:\/\/www.dostrajamy.com\/wp-content\/uploads\/2025\/02\/cropped-Logo_poziom-1-scaled.png\",\"width\":2560,\"height\":453,\"caption\":\"DomiSol - Dostrajamy\"},\"image\":{\"@id\":\"https:\/\/www.dostrajamy.com\/#\/schema\/logo\/image\/\"},\"sameAs\":[\"https:\/\/www.facebook.com\/domisol.dostrajamy\",\"https:\/\/www.instagram.com\/domisol.dostrajamy\",\"https:\/\/www.youtube.com\/@dostrajamy\",\"https:\/\/open.spotify.com\/show\/5je85cYoaCcWGNo7Nwz2iW?si=1c15f6eb977f4f3d&nd=1&dlsi=d2ab15e5d6624979\"]}]}<\/script>\n<!-- \/ Yoast SEO plugin. -->","yoast_head_json":{"title":"Embrace Brooch - DomiSol - Tune in","robots":{"index":"index","follow":"follow","max-snippet":"max-snippet:-1","max-image-preview":"max-image-preview:large","max-video-preview":"max-video-preview:-1"},"canonical":"https:\/\/www.dostrajamy.com\/en\/product\/pinch-brooch\/","og_locale":"en_GB","og_type":"article","og_title":"Broszka U\u015bcisk - DomiSol - Dostrajamy","og_description":"\ud83c\udf0a Broszka U\u015bcisk \u2013 Muza Blisko\u015bci i Delikatnej Si\u0142yJak ramiona otwarte z \u0142agodno\u015bci\u0105. Jak ciep\u0142o, kt\u00f3re koi, nie kr\u0119puj\u0105c. Jak obecno\u015b\u0107, kt\u00f3ra niczego nie wymusza \u2013 a po prostu jest. Ta broszka opowiada o przestrzeni, kt\u00f3ra otula. O tym, co w \u015brodku mi\u0119kkie i silne jednocze\u015bnie. Jej morski odcie\u0144 przywo\u0142uje ukojenie \u2013 przypomina g\u0142\u0119biny, w kt\u00f3rych mo\u017cna si\u0119 zanurzy\u0107, by odnale\u017a\u0107 siebie. W formie zamkni\u0119cia \u2013 otwarcie. W strukturze \u2013 \u0142agodno\u015b\u0107. Idealna, by towarzyszy\u0107 Ci, gdy chcesz przypomnie\u0107 sobie o w\u0142asnej wra\u017cliwo\u015bci, o potrzebie blisko\u015bci, o tym, \u017ce u\u015bcisk mo\u017cna dawa\u0107 te\u017c sobie samej. Otw\u00f3rz si\u0119 na mi\u0119kko\u015b\u0107. Otul siebie.","og_url":"https:\/\/www.dostrajamy.com\/en\/product\/pinch-brooch\/","og_site_name":"DomiSol - Dostrajamy","article_publisher":"https:\/\/www.facebook.com\/domisol.dostrajamy","article_modified_time":"2025-04-30T16:57:23+00:00","og_image":[{"width":2362,"height":2362,"url":"https:\/\/www.dostrajamy.com\/wp-content\/uploads\/2025\/04\/IMG_0466.webp","type":"image\/webp"}],"twitter_card":"summary_large_image","schema":{"@context":"https:\/\/schema.org","@graph":[{"@type":"WebPage","@id":"https:\/\/www.dostrajamy.com\/produkt\/broszka-uscisk\/","url":"https:\/\/www.dostrajamy.com\/produkt\/broszka-uscisk\/","name":"Embrace Brooch - DomiSol - Tune in","isPartOf":{"@id":"https:\/\/www.dostrajamy.com\/#website"},"primaryImageOfPage":{"@id":"https:\/\/www.dostrajamy.com\/produkt\/broszka-uscisk\/#primaryimage"},"image":{"@id":"https:\/\/www.dostrajamy.com\/produkt\/broszka-uscisk\/#primaryimage"},"thumbnailUrl":"https:\/\/www.dostrajamy.com\/wp-content\/uploads\/2025\/04\/IMG_0466.webp","datePublished":"2025-04-30T15:53:02+00:00","dateModified":"2025-04-30T16:57:23+00:00","breadcrumb":{"@id":"https:\/\/www.dostrajamy.com\/produkt\/broszka-uscisk\/#breadcrumb"},"inLanguage":"en-GB","potentialAction":[{"@type":"ReadAction","target":["https:\/\/www.dostrajamy.com\/produkt\/broszka-uscisk\/"]}]},{"@type":"ImageObject","inLanguage":"en-GB","@id":"https:\/\/www.dostrajamy.com\/produkt\/broszka-uscisk\/#primaryimage","url":"https:\/\/www.dostrajamy.com\/wp-content\/uploads\/2025\/04\/IMG_0466.webp","contentUrl":"https:\/\/www.dostrajamy.com\/wp-content\/uploads\/2025\/04\/IMG_0466.webp","width":2362,"height":2362},{"@type":"BreadcrumbList","@id":"https:\/\/www.dostrajamy.com\/produkt\/broszka-uscisk\/#breadcrumb","itemListElement":[{"@type":"ListItem","position":1,"name":"Strona g\u0142\u00f3wna","item":"https:\/\/www.dostrajamy.com\/"},{"@type":"ListItem","position":2,"name":"Sklep","item":"https:\/\/www.dostrajamy.com\/sklep\/"},{"@type":"ListItem","position":3,"name":"Broszka U\u015bcisk"}]},{"@type":"WebSite","@id":"https:\/\/www.dostrajamy.com\/#website","url":"https:\/\/www.dostrajamy.com\/","name":"DomiSol - Dostrajamy","description":"Tune in to yourself!","publisher":{"@id":"https:\/\/www.dostrajamy.com\/#organization"},"potentialAction":[{"@type":"SearchAction","target":{"@type":"EntryPoint","urlTemplate":"https:\/\/www.dostrajamy.com\/?s={search_term_string}"},"query-input":{"@type":"PropertyValueSpecification","valueRequired":true,"valueName":"search_term_string"}}],"inLanguage":"en-GB"},{"@type":"Organization","@id":"https:\/\/www.dostrajamy.com\/#organization","name":"DomiSol - Dostrajamy","url":"https:\/\/www.dostrajamy.com\/","logo":{"@type":"ImageObject","inLanguage":"en-GB","@id":"https:\/\/www.dostrajamy.com\/#\/schema\/logo\/image\/","url":"https:\/\/www.dostrajamy.com\/wp-content\/uploads\/2025\/02\/cropped-Logo_poziom-1-scaled.png","contentUrl":"https:\/\/www.dostrajamy.com\/wp-content\/uploads\/2025\/02\/cropped-Logo_poziom-1-scaled.png","width":2560,"height":453,"caption":"DomiSol - Dostrajamy"},"image":{"@id":"https:\/\/www.dostrajamy.com\/#\/schema\/logo\/image\/"},"sameAs":["https:\/\/www.facebook.com\/domisol.dostrajamy","https:\/\/www.instagram.com\/domisol.dostrajamy","https:\/\/www.youtube.com\/@dostrajamy","https:\/\/open.spotify.com\/show\/5je85cYoaCcWGNo7Nwz2iW?si=1c15f6eb977f4f3d&nd=1&dlsi=d2ab15e5d6624979"]}]}},"_links":{"self":[{"href":"https:\/\/www.dostrajamy.com\/en\/wp-json\/wp\/v2\/product\/2711","targetHints":{"allow":["GET"]}}],"collection":[{"href":"https:\/\/www.dostrajamy.com\/en\/wp-json\/wp\/v2\/product"}],"about":[{"href":"https:\/\/www.dostrajamy.com\/en\/wp-json\/wp\/v2\/types\/product"}],"replies":[{"embeddable":true,"href":"https:\/\/www.dostrajamy.com\/en\/wp-json\/wp\/v2\/comments?post=2711"}],"wp:featuredmedia":[{"embeddable":true,"href":"https:\/\/www.dostrajamy.com\/en\/wp-json\/wp\/v2\/media\/2726"}],"wp:attachment":[{"href":"https:\/\/www.dostrajamy.com\/en\/wp-json\/wp\/v2\/media?parent=2711"}],"wp:term":[{"taxonomy":"product_brand","embeddable":true,"href":"https:\/\/www.dostrajamy.com\/en\/wp-json\/wp\/v2\/product_brand?post=2711"},{"taxonomy":"product_cat","embeddable":true,"href":"https:\/\/www.dostrajamy.com\/en\/wp-json\/wp\/v2\/product_cat?post=2711"},{"taxonomy":"product_tag","embeddable":true,"href":"https:\/\/www.dostrajamy.com\/en\/wp-json\/wp\/v2\/product_tag?post=2711"}],"curies":[{"name":"wp","href":"https:\/\/api.w.org\/{rel}","templated":true}]}}