{"id":2808,"date":"2025-04-30T17:32:35","date_gmt":"2025-04-30T17:32:35","guid":{"rendered":"https:\/\/www.dostrajamy.com\/?post_type=product&#038;p=2808"},"modified":"2026-03-29T12:11:41","modified_gmt":"2026-03-29T12:11:41","slug":"light-flare-necklace","status":"publish","type":"product","link":"https:\/\/www.dostrajamy.com\/en\/product\/light-flare-necklace\/","title":{"rendered":"Light Burst Necklace"},"content":{"rendered":"<h3 data-start=\"645\" data-end=\"933\">\u2728 Sensitive information:<\/h3>\n<p class=\"\" data-start=\"938\" data-end=\"971\"><strong data-start=\"1035\" data-end=\"1045\">Form:<\/strong> Brass rim with blue resin in the centre, rays with green oxidation on which crystals of different colours are arranged.<br data-start=\"1179\" data-end=\"1182\" \/><strong data-start=\"1182\" data-end=\"1195\">Material:<\/strong> Brass, resin, Preciosa crystals.<br data-start=\"1232\" data-end=\"1235\" \/><strong data-start=\"1235\" data-end=\"1251\">Finishing:<\/strong> Green oxidation on the rays.<br data-start=\"1285\" data-end=\"1288\" \/><strong data-start=\"1288\" data-end=\"1298\">Retail:<\/strong> Crystals in different colours arranged on rays.<br data-start=\"1357\" data-end=\"1360\" \/><strong data-start=\"1360\" data-end=\"1376\">Origins:<\/strong> Handmade in the Athens-based Kalliope workshop.<br data-start=\"1424\" data-end=\"1427\" \/><strong data-start=\"1427\" data-end=\"1440\">Crystal:<\/strong> Preciosa - various colours.<br data-start=\"1465\" data-end=\"1468\" \/><strong data-start=\"1468\" data-end=\"1478\">Attention:<\/strong> Necklace suspended from a brass hoop.<\/p>","protected":false},"excerpt":{"rendered":"<p class=\"\" data-start=\"0\" data-end=\"549\">\u2728 <strong data-start=\"2\" data-end=\"73\">Light Burst Necklace - The Muse of Creativity and Unusual Connections<\/strong><\/p>\n<p class=\"\" data-start=\"0\" data-end=\"549\">The Light Burst Necklace is a piece of jewellery that, like a beam of light, cuts through space, carrying with it the energy of creativity, inspiration and unlimited potential. The blue resin from which the rays spread, covered with green oxidation, creates a phenomenal effect - as if the light itself starts from us, spreading in all directions. The crystals of different colours arranged on the rays symbolise the variety of energy we can take in and express.<\/p>\n<p class=\"\" data-start=\"551\" data-end=\"884\">This is a necklace for those who seek a balance between inner creativity and outer expression. Its rays remind us that within each of us lies the power to illuminate the world with our own light. Suspended from a brass hoop, the whole piece subtly combines classic and modern design to create jewellery that delights and inspires.<\/p>\n<p class=\"\" data-start=\"886\" data-end=\"1005\"><strong data-start=\"886\" data-end=\"1005\">Put on a Burst of Light. Feel the creative energy flow through you and light the way to new possibilities.<\/strong><\/p>","protected":false},"featured_media":2776,"comment_status":"open","ping_status":"closed","template":"","meta":{"_eb_attr":""},"product_brand":[],"product_cat":[57,34],"product_tag":[68,70,73,71,74,75],"class_list":{"0":"post-2808","1":"product","2":"type-product","3":"status-publish","4":"has-post-thumbnail","6":"product_cat-grecka-bizuteria","7":"product_cat-naszyjniki","8":"product_tag-bizuteria","9":"product_tag-fashion-jewelry","10":"product_tag-krysztal","11":"product_tag-mosiadz","12":"product_tag-naszyjnik","13":"product_tag-zywica","15":"first","16":"outofstock","17":"shipping-taxable","18":"purchasable","19":"product-type-simple"},"yoast_head":"<!-- This site is optimized with the Yoast SEO plugin v26.6 - https:\/\/yoast.com\/wordpress\/plugins\/seo\/ -->\n<title>Naszyjnik Rozb\u0142ysk \u015awiat\u0142a - DomiSol - Dostrajamy<\/title>\n<meta name=\"robots\" content=\"index, follow, max-snippet:-1, max-image-preview:large, max-video-preview:-1\" \/>\n<link rel=\"canonical\" href=\"https:\/\/www.dostrajamy.com\/en\/product\/light-flare-necklace\/\" \/>\n<meta property=\"og:locale\" content=\"en_GB\" \/>\n<meta property=\"og:type\" content=\"article\" \/>\n<meta property=\"og:title\" content=\"Naszyjnik Rozb\u0142ysk \u015awiat\u0142a - DomiSol - Dostrajamy\" \/>\n<meta property=\"og:description\" content=\"\u2728 Naszyjnik Rozb\u0142ysk \u015awiat\u0142a \u2013 Muza Tw\u00f3rczo\u015bci i Niezwyk\u0142ych Po\u0142\u0105cze\u0144 Naszyjnik Rozb\u0142ysk \u015awiat\u0142a to bi\u017cuteria, kt\u00f3ra jak promie\u0144 \u015bwiat\u0142a, przecina przestrze\u0144, nios\u0105c ze sob\u0105 energi\u0119 tw\u00f3rczo\u015bci, inspiracji i nieograniczonego potencja\u0142u. B\u0142\u0119kitna \u017cywica, z kt\u00f3rej rozchodz\u0105 si\u0119 promienie pokryte zielon\u0105 oksydacj\u0105, tworzy zjawiskowy efekt \u2013 jakby samo \u015bwiat\u0142o zaczyna\u0142o si\u0119 od nas, rozchodz\u0105c si\u0119 na wszystkie strony. Kryszta\u0142y w r\u00f3\u017cnych kolorach rozmieszczone na promieniach symbolizuj\u0105 r\u00f3\u017cnorodno\u015b\u0107 energii, kt\u00f3r\u0105 mo\u017cemy przyj\u0105\u0107 i wyrazi\u0107. To naszyjnik dla tych, kt\u00f3rzy szukaj\u0105 r\u00f3wnowagi mi\u0119dzy wewn\u0119trzn\u0105 tw\u00f3rczo\u015bci\u0105 a zewn\u0119trznym wyrazem. Jego promienie przypominaj\u0105, \u017ce w ka\u017cdym z nas drzemie moc roz\u015bwietlania \u015bwiata w\u0142asnym \u015bwiat\u0142em. Ca\u0142o\u015b\u0107 zawieszona na mosi\u0119\u017cnej obr\u0119czy, subtelnie \u0142\u0105czy klasyk\u0119 z nowoczesnym designem, tworz\u0105c bi\u017cuteri\u0119, kt\u00f3ra zachwyca i inspiruje. Za\u0142\u00f3\u017c Rozb\u0142ysk \u015awiat\u0142a. Poczuj, jak tw\u00f3rcza energia przep\u0142ywa przez ciebie i roz\u015bwietla drog\u0119 do nowych mo\u017cliwo\u015bci.\" \/>\n<meta property=\"og:url\" content=\"https:\/\/www.dostrajamy.com\/en\/product\/light-flare-necklace\/\" \/>\n<meta property=\"og:site_name\" content=\"DomiSol - Dostrajamy\" \/>\n<meta property=\"article:publisher\" content=\"https:\/\/www.facebook.com\/domisol.dostrajamy\" \/>\n<meta property=\"article:modified_time\" content=\"2026-03-29T12:11:41+00:00\" \/>\n<meta property=\"og:image\" content=\"https:\/\/www.dostrajamy.com\/wp-content\/uploads\/2025\/04\/IMG_0733.webp\" \/>\n\t<meta property=\"og:image:width\" content=\"948\" \/>\n\t<meta property=\"og:image:height\" content=\"948\" \/>\n\t<meta property=\"og:image:type\" content=\"image\/webp\" \/>\n<meta name=\"twitter:card\" content=\"summary_large_image\" \/>\n<script type=\"application\/ld+json\" class=\"yoast-schema-graph\">{\"@context\":\"https:\/\/schema.org\",\"@graph\":[{\"@type\":\"WebPage\",\"@id\":\"https:\/\/www.dostrajamy.com\/produkt\/naszyjnik-rozblysk-swiatla\/\",\"url\":\"https:\/\/www.dostrajamy.com\/produkt\/naszyjnik-rozblysk-swiatla\/\",\"name\":\"Naszyjnik Rozb\u0142ysk \u015awiat\u0142a - DomiSol - Dostrajamy\",\"isPartOf\":{\"@id\":\"https:\/\/www.dostrajamy.com\/#website\"},\"primaryImageOfPage\":{\"@id\":\"https:\/\/www.dostrajamy.com\/produkt\/naszyjnik-rozblysk-swiatla\/#primaryimage\"},\"image\":{\"@id\":\"https:\/\/www.dostrajamy.com\/produkt\/naszyjnik-rozblysk-swiatla\/#primaryimage\"},\"thumbnailUrl\":\"https:\/\/www.dostrajamy.com\/wp-content\/uploads\/2025\/04\/IMG_0733.webp\",\"datePublished\":\"2025-04-30T17:32:35+00:00\",\"dateModified\":\"2026-03-29T12:11:41+00:00\",\"breadcrumb\":{\"@id\":\"https:\/\/www.dostrajamy.com\/produkt\/naszyjnik-rozblysk-swiatla\/#breadcrumb\"},\"inLanguage\":\"en-GB\",\"potentialAction\":[{\"@type\":\"ReadAction\",\"target\":[\"https:\/\/www.dostrajamy.com\/produkt\/naszyjnik-rozblysk-swiatla\/\"]}]},{\"@type\":\"ImageObject\",\"inLanguage\":\"en-GB\",\"@id\":\"https:\/\/www.dostrajamy.com\/produkt\/naszyjnik-rozblysk-swiatla\/#primaryimage\",\"url\":\"https:\/\/www.dostrajamy.com\/wp-content\/uploads\/2025\/04\/IMG_0733.webp\",\"contentUrl\":\"https:\/\/www.dostrajamy.com\/wp-content\/uploads\/2025\/04\/IMG_0733.webp\",\"width\":948,\"height\":948},{\"@type\":\"BreadcrumbList\",\"@id\":\"https:\/\/www.dostrajamy.com\/produkt\/naszyjnik-rozblysk-swiatla\/#breadcrumb\",\"itemListElement\":[{\"@type\":\"ListItem\",\"position\":1,\"name\":\"Strona g\u0142\u00f3wna\",\"item\":\"https:\/\/www.dostrajamy.com\/\"},{\"@type\":\"ListItem\",\"position\":2,\"name\":\"Sklep\",\"item\":\"https:\/\/www.dostrajamy.com\/sklep\/\"},{\"@type\":\"ListItem\",\"position\":3,\"name\":\"Naszyjnik Rozb\u0142ysk \u015awiat\u0142a\"}]},{\"@type\":\"WebSite\",\"@id\":\"https:\/\/www.dostrajamy.com\/#website\",\"url\":\"https:\/\/www.dostrajamy.com\/\",\"name\":\"DomiSol - Dostrajamy\",\"description\":\"Dostr\u00f3j si\u0119 do siebie!\",\"publisher\":{\"@id\":\"https:\/\/www.dostrajamy.com\/#organization\"},\"potentialAction\":[{\"@type\":\"SearchAction\",\"target\":{\"@type\":\"EntryPoint\",\"urlTemplate\":\"https:\/\/www.dostrajamy.com\/?s={search_term_string}\"},\"query-input\":{\"@type\":\"PropertyValueSpecification\",\"valueRequired\":true,\"valueName\":\"search_term_string\"}}],\"inLanguage\":\"en-GB\"},{\"@type\":\"Organization\",\"@id\":\"https:\/\/www.dostrajamy.com\/#organization\",\"name\":\"DomiSol - Dostrajamy\",\"url\":\"https:\/\/www.dostrajamy.com\/\",\"logo\":{\"@type\":\"ImageObject\",\"inLanguage\":\"en-GB\",\"@id\":\"https:\/\/www.dostrajamy.com\/#\/schema\/logo\/image\/\",\"url\":\"https:\/\/www.dostrajamy.com\/wp-content\/uploads\/2025\/02\/cropped-Logo_poziom-1-scaled.png\",\"contentUrl\":\"https:\/\/www.dostrajamy.com\/wp-content\/uploads\/2025\/02\/cropped-Logo_poziom-1-scaled.png\",\"width\":2560,\"height\":453,\"caption\":\"DomiSol - Dostrajamy\"},\"image\":{\"@id\":\"https:\/\/www.dostrajamy.com\/#\/schema\/logo\/image\/\"},\"sameAs\":[\"https:\/\/www.facebook.com\/domisol.dostrajamy\",\"https:\/\/www.instagram.com\/domisol.dostrajamy\",\"https:\/\/www.youtube.com\/@dostrajamy\",\"https:\/\/open.spotify.com\/show\/5je85cYoaCcWGNo7Nwz2iW?si=1c15f6eb977f4f3d&nd=1&dlsi=d2ab15e5d6624979\"]}]}<\/script>\n<!-- \/ Yoast SEO plugin. -->","yoast_head_json":{"title":"Light Burst Necklace - DomiSol - Tune in","robots":{"index":"index","follow":"follow","max-snippet":"max-snippet:-1","max-image-preview":"max-image-preview:large","max-video-preview":"max-video-preview:-1"},"canonical":"https:\/\/www.dostrajamy.com\/en\/product\/light-flare-necklace\/","og_locale":"en_GB","og_type":"article","og_title":"Naszyjnik Rozb\u0142ysk \u015awiat\u0142a - DomiSol - Dostrajamy","og_description":"\u2728 Naszyjnik Rozb\u0142ysk \u015awiat\u0142a \u2013 Muza Tw\u00f3rczo\u015bci i Niezwyk\u0142ych Po\u0142\u0105cze\u0144 Naszyjnik Rozb\u0142ysk \u015awiat\u0142a to bi\u017cuteria, kt\u00f3ra jak promie\u0144 \u015bwiat\u0142a, przecina przestrze\u0144, nios\u0105c ze sob\u0105 energi\u0119 tw\u00f3rczo\u015bci, inspiracji i nieograniczonego potencja\u0142u. B\u0142\u0119kitna \u017cywica, z kt\u00f3rej rozchodz\u0105 si\u0119 promienie pokryte zielon\u0105 oksydacj\u0105, tworzy zjawiskowy efekt \u2013 jakby samo \u015bwiat\u0142o zaczyna\u0142o si\u0119 od nas, rozchodz\u0105c si\u0119 na wszystkie strony. Kryszta\u0142y w r\u00f3\u017cnych kolorach rozmieszczone na promieniach symbolizuj\u0105 r\u00f3\u017cnorodno\u015b\u0107 energii, kt\u00f3r\u0105 mo\u017cemy przyj\u0105\u0107 i wyrazi\u0107. To naszyjnik dla tych, kt\u00f3rzy szukaj\u0105 r\u00f3wnowagi mi\u0119dzy wewn\u0119trzn\u0105 tw\u00f3rczo\u015bci\u0105 a zewn\u0119trznym wyrazem. Jego promienie przypominaj\u0105, \u017ce w ka\u017cdym z nas drzemie moc roz\u015bwietlania \u015bwiata w\u0142asnym \u015bwiat\u0142em. Ca\u0142o\u015b\u0107 zawieszona na mosi\u0119\u017cnej obr\u0119czy, subtelnie \u0142\u0105czy klasyk\u0119 z nowoczesnym designem, tworz\u0105c bi\u017cuteri\u0119, kt\u00f3ra zachwyca i inspiruje. Za\u0142\u00f3\u017c Rozb\u0142ysk \u015awiat\u0142a. Poczuj, jak tw\u00f3rcza energia przep\u0142ywa przez ciebie i roz\u015bwietla drog\u0119 do nowych mo\u017cliwo\u015bci.","og_url":"https:\/\/www.dostrajamy.com\/en\/product\/light-flare-necklace\/","og_site_name":"DomiSol - Dostrajamy","article_publisher":"https:\/\/www.facebook.com\/domisol.dostrajamy","article_modified_time":"2026-03-29T12:11:41+00:00","og_image":[{"width":948,"height":948,"url":"https:\/\/www.dostrajamy.com\/wp-content\/uploads\/2025\/04\/IMG_0733.webp","type":"image\/webp"}],"twitter_card":"summary_large_image","schema":{"@context":"https:\/\/schema.org","@graph":[{"@type":"WebPage","@id":"https:\/\/www.dostrajamy.com\/produkt\/naszyjnik-rozblysk-swiatla\/","url":"https:\/\/www.dostrajamy.com\/produkt\/naszyjnik-rozblysk-swiatla\/","name":"Light Burst Necklace - DomiSol - Tune in","isPartOf":{"@id":"https:\/\/www.dostrajamy.com\/#website"},"primaryImageOfPage":{"@id":"https:\/\/www.dostrajamy.com\/produkt\/naszyjnik-rozblysk-swiatla\/#primaryimage"},"image":{"@id":"https:\/\/www.dostrajamy.com\/produkt\/naszyjnik-rozblysk-swiatla\/#primaryimage"},"thumbnailUrl":"https:\/\/www.dostrajamy.com\/wp-content\/uploads\/2025\/04\/IMG_0733.webp","datePublished":"2025-04-30T17:32:35+00:00","dateModified":"2026-03-29T12:11:41+00:00","breadcrumb":{"@id":"https:\/\/www.dostrajamy.com\/produkt\/naszyjnik-rozblysk-swiatla\/#breadcrumb"},"inLanguage":"en-GB","potentialAction":[{"@type":"ReadAction","target":["https:\/\/www.dostrajamy.com\/produkt\/naszyjnik-rozblysk-swiatla\/"]}]},{"@type":"ImageObject","inLanguage":"en-GB","@id":"https:\/\/www.dostrajamy.com\/produkt\/naszyjnik-rozblysk-swiatla\/#primaryimage","url":"https:\/\/www.dostrajamy.com\/wp-content\/uploads\/2025\/04\/IMG_0733.webp","contentUrl":"https:\/\/www.dostrajamy.com\/wp-content\/uploads\/2025\/04\/IMG_0733.webp","width":948,"height":948},{"@type":"BreadcrumbList","@id":"https:\/\/www.dostrajamy.com\/produkt\/naszyjnik-rozblysk-swiatla\/#breadcrumb","itemListElement":[{"@type":"ListItem","position":1,"name":"Strona g\u0142\u00f3wna","item":"https:\/\/www.dostrajamy.com\/"},{"@type":"ListItem","position":2,"name":"Sklep","item":"https:\/\/www.dostrajamy.com\/sklep\/"},{"@type":"ListItem","position":3,"name":"Naszyjnik Rozb\u0142ysk \u015awiat\u0142a"}]},{"@type":"WebSite","@id":"https:\/\/www.dostrajamy.com\/#website","url":"https:\/\/www.dostrajamy.com\/","name":"DomiSol - Dostrajamy","description":"Tune in to yourself!","publisher":{"@id":"https:\/\/www.dostrajamy.com\/#organization"},"potentialAction":[{"@type":"SearchAction","target":{"@type":"EntryPoint","urlTemplate":"https:\/\/www.dostrajamy.com\/?s={search_term_string}"},"query-input":{"@type":"PropertyValueSpecification","valueRequired":true,"valueName":"search_term_string"}}],"inLanguage":"en-GB"},{"@type":"Organization","@id":"https:\/\/www.dostrajamy.com\/#organization","name":"DomiSol - Dostrajamy","url":"https:\/\/www.dostrajamy.com\/","logo":{"@type":"ImageObject","inLanguage":"en-GB","@id":"https:\/\/www.dostrajamy.com\/#\/schema\/logo\/image\/","url":"https:\/\/www.dostrajamy.com\/wp-content\/uploads\/2025\/02\/cropped-Logo_poziom-1-scaled.png","contentUrl":"https:\/\/www.dostrajamy.com\/wp-content\/uploads\/2025\/02\/cropped-Logo_poziom-1-scaled.png","width":2560,"height":453,"caption":"DomiSol - Dostrajamy"},"image":{"@id":"https:\/\/www.dostrajamy.com\/#\/schema\/logo\/image\/"},"sameAs":["https:\/\/www.facebook.com\/domisol.dostrajamy","https:\/\/www.instagram.com\/domisol.dostrajamy","https:\/\/www.youtube.com\/@dostrajamy","https:\/\/open.spotify.com\/show\/5je85cYoaCcWGNo7Nwz2iW?si=1c15f6eb977f4f3d&nd=1&dlsi=d2ab15e5d6624979"]}]}},"_links":{"self":[{"href":"https:\/\/www.dostrajamy.com\/en\/wp-json\/wp\/v2\/product\/2808","targetHints":{"allow":["GET"]}}],"collection":[{"href":"https:\/\/www.dostrajamy.com\/en\/wp-json\/wp\/v2\/product"}],"about":[{"href":"https:\/\/www.dostrajamy.com\/en\/wp-json\/wp\/v2\/types\/product"}],"replies":[{"embeddable":true,"href":"https:\/\/www.dostrajamy.com\/en\/wp-json\/wp\/v2\/comments?post=2808"}],"wp:featuredmedia":[{"embeddable":true,"href":"https:\/\/www.dostrajamy.com\/en\/wp-json\/wp\/v2\/media\/2776"}],"wp:attachment":[{"href":"https:\/\/www.dostrajamy.com\/en\/wp-json\/wp\/v2\/media?parent=2808"}],"wp:term":[{"taxonomy":"product_brand","embeddable":true,"href":"https:\/\/www.dostrajamy.com\/en\/wp-json\/wp\/v2\/product_brand?post=2808"},{"taxonomy":"product_cat","embeddable":true,"href":"https:\/\/www.dostrajamy.com\/en\/wp-json\/wp\/v2\/product_cat?post=2808"},{"taxonomy":"product_tag","embeddable":true,"href":"https:\/\/www.dostrajamy.com\/en\/wp-json\/wp\/v2\/product_tag?post=2808"}],"curies":[{"name":"wp","href":"https:\/\/api.w.org\/{rel}","templated":true}]}}