{"id":2809,"date":"2025-04-30T17:32:37","date_gmt":"2025-04-30T17:32:37","guid":{"rendered":"https:\/\/www.dostrajamy.com\/?post_type=product&#038;p=2809"},"modified":"2025-04-30T18:41:58","modified_gmt":"2025-04-30T18:41:58","slug":"galaxy-necklace","status":"publish","type":"product","link":"https:\/\/www.dostrajamy.com\/en\/product\/galaxy-necklace\/","title":{"rendered":"Galaxy necklace"},"content":{"rendered":"<h3 data-start=\"645\" data-end=\"933\">\u2728 Sensitive information:<\/h3>\n<p class=\"\" data-start=\"938\" data-end=\"971\"><strong data-start=\"910\" data-end=\"920\">Form:<\/strong> Mosi\u0119\u017cna spirala pokryta czarn\u0105 oksydacj\u0105, z bia\u0142ym kryszta\u0142em w centrum.<br data-start=\"994\" data-end=\"997\" \/><strong data-start=\"997\" data-end=\"1010\">Material:<\/strong> Mosi\u0105dz, kryszta\u0142 Preciosa.<br data-start=\"1029\" data-end=\"1032\" \/><strong data-start=\"1032\" data-end=\"1048\">Finishing:<\/strong> Czarna oksydacja mosi\u0105dzu.<br data-start=\"1075\" data-end=\"1078\" \/><strong data-start=\"1078\" data-end=\"1088\">Retail:<\/strong> Bia\u0142y kryszta\u0142 umieszczony w centrum spirali.<br data-start=\"1134\" data-end=\"1137\" \/><strong data-start=\"1137\" data-end=\"1153\">Origins:<\/strong> Handmade in the Athens-based Kalliope workshop.<\/p>","protected":false},"excerpt":{"rendered":"<p class=\"\" data-start=\"0\" data-end=\"463\">\ud83c\udf0c <strong data-start=\"3\" data-end=\"71\">Naszyjnik Galaktyka \u2013 Muza Przestrzeni i Niezbadanych Horyzont\u00f3w<\/strong><\/p>\n<p class=\"\" data-start=\"0\" data-end=\"463\">Naszyjnik Galaktyka to bi\u017cuteria, kt\u00f3ra wprowadza ci\u0119 w tajemniczy, kosmiczny \u015bwiat. Bia\u0142y kryszta\u0142 w centrum mosi\u0119\u017cnej spirali przypomina nieziemsk\u0105 gwiazd\u0119, a sam naszyjnik to niczym galaktyka \u2013 kr\u0105\u017cy wok\u00f3\u0142 ciebie, otaczaj\u0105c energi\u0105 wszech\u015bwiata. Mosi\u0105dz pokryty czarn\u0105 oksydacj\u0105 tworzy kontrast, kt\u00f3ry dodaje g\u0142\u0119bi i tajemniczo\u015bci, jak ciemna przestrze\u0144 pe\u0142na nieodkrytych galaktyk.<\/p>\n<p class=\"\" data-start=\"465\" data-end=\"774\">To naszyjnik dla tych, kt\u00f3rzy szukaj\u0105 swojej drogi w ogromnym, nieograniczonym wszech\u015bwiecie. Przypomina, \u017ce \u017cycie jest pe\u0142ne niesko\u0144czonych mo\u017cliwo\u015bci i \u017ce ka\u017cdy krok to podr\u00f3\u017c w kierunku odkrywania nowych horyzont\u00f3w. W jego centrum znajduje si\u0119 bia\u0142y kryszta\u0142 \u2013 symbol czysto\u015bci, pocz\u0105tku i niesko\u0144czono\u015bci.<\/p>\n<p class=\"\" data-start=\"776\" data-end=\"880\"><strong data-start=\"776\" data-end=\"880\">Za\u0142\u00f3\u017c Galaktyk\u0119. Poczuj, jak przestrze\u0144 otacza ci\u0119 swoj\u0105 energi\u0105 i prowadzi ku nieodkrytym \u015bwiatom.<\/strong><\/p>","protected":false},"featured_media":2775,"comment_status":"open","ping_status":"closed","template":"","meta":{"_eb_attr":""},"product_brand":[],"product_cat":[57,34],"product_tag":[68,70,73,71,74,75],"class_list":{"0":"post-2809","1":"product","2":"type-product","3":"status-publish","4":"has-post-thumbnail","6":"product_cat-grecka-bizuteria","7":"product_cat-naszyjniki","8":"product_tag-bizuteria","9":"product_tag-fashion-jewelry","10":"product_tag-krysztal","11":"product_tag-mosiadz","12":"product_tag-naszyjnik","13":"product_tag-zywica","15":"first","16":"instock","17":"shipping-taxable","18":"purchasable","19":"product-type-simple"},"yoast_head":"<!-- This site is optimized with the Yoast SEO plugin v26.6 - https:\/\/yoast.com\/wordpress\/plugins\/seo\/ -->\n<title>Naszyjnik Galaktyka - DomiSol - Dostrajamy<\/title>\n<meta name=\"robots\" content=\"index, follow, max-snippet:-1, max-image-preview:large, max-video-preview:-1\" \/>\n<link rel=\"canonical\" href=\"https:\/\/www.dostrajamy.com\/en\/product\/galaxy-necklace\/\" \/>\n<meta property=\"og:locale\" content=\"en_GB\" \/>\n<meta property=\"og:type\" content=\"article\" \/>\n<meta property=\"og:title\" content=\"Naszyjnik Galaktyka - DomiSol - Dostrajamy\" \/>\n<meta property=\"og:description\" content=\"\ud83c\udf0c Naszyjnik Galaktyka \u2013 Muza Przestrzeni i Niezbadanych Horyzont\u00f3w Naszyjnik Galaktyka to bi\u017cuteria, kt\u00f3ra wprowadza ci\u0119 w tajemniczy, kosmiczny \u015bwiat. Bia\u0142y kryszta\u0142 w centrum mosi\u0119\u017cnej spirali przypomina nieziemsk\u0105 gwiazd\u0119, a sam naszyjnik to niczym galaktyka \u2013 kr\u0105\u017cy wok\u00f3\u0142 ciebie, otaczaj\u0105c energi\u0105 wszech\u015bwiata. Mosi\u0105dz pokryty czarn\u0105 oksydacj\u0105 tworzy kontrast, kt\u00f3ry dodaje g\u0142\u0119bi i tajemniczo\u015bci, jak ciemna przestrze\u0144 pe\u0142na nieodkrytych galaktyk. To naszyjnik dla tych, kt\u00f3rzy szukaj\u0105 swojej drogi w ogromnym, nieograniczonym wszech\u015bwiecie. Przypomina, \u017ce \u017cycie jest pe\u0142ne niesko\u0144czonych mo\u017cliwo\u015bci i \u017ce ka\u017cdy krok to podr\u00f3\u017c w kierunku odkrywania nowych horyzont\u00f3w. W jego centrum znajduje si\u0119 bia\u0142y kryszta\u0142 \u2013 symbol czysto\u015bci, pocz\u0105tku i niesko\u0144czono\u015bci. Za\u0142\u00f3\u017c Galaktyk\u0119. Poczuj, jak przestrze\u0144 otacza ci\u0119 swoj\u0105 energi\u0105 i prowadzi ku nieodkrytym \u015bwiatom.\" \/>\n<meta property=\"og:url\" content=\"https:\/\/www.dostrajamy.com\/en\/product\/galaxy-necklace\/\" \/>\n<meta property=\"og:site_name\" content=\"DomiSol - Dostrajamy\" \/>\n<meta property=\"article:publisher\" content=\"https:\/\/www.facebook.com\/domisol.dostrajamy\" \/>\n<meta property=\"article:modified_time\" content=\"2025-04-30T18:41:58+00:00\" \/>\n<meta property=\"og:image\" content=\"https:\/\/www.dostrajamy.com\/wp-content\/uploads\/2025\/04\/IMG_0734-scaled.webp\" \/>\n\t<meta property=\"og:image:width\" content=\"2560\" \/>\n\t<meta property=\"og:image:height\" content=\"2560\" \/>\n\t<meta property=\"og:image:type\" content=\"image\/webp\" \/>\n<meta name=\"twitter:card\" content=\"summary_large_image\" \/>\n<script type=\"application\/ld+json\" class=\"yoast-schema-graph\">{\"@context\":\"https:\/\/schema.org\",\"@graph\":[{\"@type\":\"WebPage\",\"@id\":\"https:\/\/www.dostrajamy.com\/produkt\/naszyjnik-galaktyka\/\",\"url\":\"https:\/\/www.dostrajamy.com\/produkt\/naszyjnik-galaktyka\/\",\"name\":\"Naszyjnik Galaktyka - DomiSol - Dostrajamy\",\"isPartOf\":{\"@id\":\"https:\/\/www.dostrajamy.com\/#website\"},\"primaryImageOfPage\":{\"@id\":\"https:\/\/www.dostrajamy.com\/produkt\/naszyjnik-galaktyka\/#primaryimage\"},\"image\":{\"@id\":\"https:\/\/www.dostrajamy.com\/produkt\/naszyjnik-galaktyka\/#primaryimage\"},\"thumbnailUrl\":\"https:\/\/www.dostrajamy.com\/wp-content\/uploads\/2025\/04\/IMG_0734-scaled.webp\",\"datePublished\":\"2025-04-30T17:32:37+00:00\",\"dateModified\":\"2025-04-30T18:41:58+00:00\",\"breadcrumb\":{\"@id\":\"https:\/\/www.dostrajamy.com\/produkt\/naszyjnik-galaktyka\/#breadcrumb\"},\"inLanguage\":\"en-GB\",\"potentialAction\":[{\"@type\":\"ReadAction\",\"target\":[\"https:\/\/www.dostrajamy.com\/produkt\/naszyjnik-galaktyka\/\"]}]},{\"@type\":\"ImageObject\",\"inLanguage\":\"en-GB\",\"@id\":\"https:\/\/www.dostrajamy.com\/produkt\/naszyjnik-galaktyka\/#primaryimage\",\"url\":\"https:\/\/www.dostrajamy.com\/wp-content\/uploads\/2025\/04\/IMG_0734-scaled.webp\",\"contentUrl\":\"https:\/\/www.dostrajamy.com\/wp-content\/uploads\/2025\/04\/IMG_0734-scaled.webp\",\"width\":2560,\"height\":2560},{\"@type\":\"BreadcrumbList\",\"@id\":\"https:\/\/www.dostrajamy.com\/produkt\/naszyjnik-galaktyka\/#breadcrumb\",\"itemListElement\":[{\"@type\":\"ListItem\",\"position\":1,\"name\":\"Strona g\u0142\u00f3wna\",\"item\":\"https:\/\/www.dostrajamy.com\/\"},{\"@type\":\"ListItem\",\"position\":2,\"name\":\"Sklep\",\"item\":\"https:\/\/www.dostrajamy.com\/sklep\/\"},{\"@type\":\"ListItem\",\"position\":3,\"name\":\"Naszyjnik Galaktyka\"}]},{\"@type\":\"WebSite\",\"@id\":\"https:\/\/www.dostrajamy.com\/#website\",\"url\":\"https:\/\/www.dostrajamy.com\/\",\"name\":\"DomiSol - Dostrajamy\",\"description\":\"Dostr\u00f3j si\u0119 do siebie!\",\"publisher\":{\"@id\":\"https:\/\/www.dostrajamy.com\/#organization\"},\"potentialAction\":[{\"@type\":\"SearchAction\",\"target\":{\"@type\":\"EntryPoint\",\"urlTemplate\":\"https:\/\/www.dostrajamy.com\/?s={search_term_string}\"},\"query-input\":{\"@type\":\"PropertyValueSpecification\",\"valueRequired\":true,\"valueName\":\"search_term_string\"}}],\"inLanguage\":\"en-GB\"},{\"@type\":\"Organization\",\"@id\":\"https:\/\/www.dostrajamy.com\/#organization\",\"name\":\"DomiSol - Dostrajamy\",\"url\":\"https:\/\/www.dostrajamy.com\/\",\"logo\":{\"@type\":\"ImageObject\",\"inLanguage\":\"en-GB\",\"@id\":\"https:\/\/www.dostrajamy.com\/#\/schema\/logo\/image\/\",\"url\":\"https:\/\/www.dostrajamy.com\/wp-content\/uploads\/2025\/02\/cropped-Logo_poziom-1-scaled.png\",\"contentUrl\":\"https:\/\/www.dostrajamy.com\/wp-content\/uploads\/2025\/02\/cropped-Logo_poziom-1-scaled.png\",\"width\":2560,\"height\":453,\"caption\":\"DomiSol - Dostrajamy\"},\"image\":{\"@id\":\"https:\/\/www.dostrajamy.com\/#\/schema\/logo\/image\/\"},\"sameAs\":[\"https:\/\/www.facebook.com\/domisol.dostrajamy\",\"https:\/\/www.instagram.com\/domisol.dostrajamy\",\"https:\/\/www.youtube.com\/@dostrajamy\",\"https:\/\/open.spotify.com\/show\/5je85cYoaCcWGNo7Nwz2iW?si=1c15f6eb977f4f3d&nd=1&dlsi=d2ab15e5d6624979\"]}]}<\/script>\n<!-- \/ Yoast SEO plugin. -->","yoast_head_json":{"title":"Naszyjnik Galaktyka - DomiSol - Dostrajamy","robots":{"index":"index","follow":"follow","max-snippet":"max-snippet:-1","max-image-preview":"max-image-preview:large","max-video-preview":"max-video-preview:-1"},"canonical":"https:\/\/www.dostrajamy.com\/en\/product\/galaxy-necklace\/","og_locale":"en_GB","og_type":"article","og_title":"Naszyjnik Galaktyka - DomiSol - Dostrajamy","og_description":"\ud83c\udf0c Naszyjnik Galaktyka \u2013 Muza Przestrzeni i Niezbadanych Horyzont\u00f3w Naszyjnik Galaktyka to bi\u017cuteria, kt\u00f3ra wprowadza ci\u0119 w tajemniczy, kosmiczny \u015bwiat. Bia\u0142y kryszta\u0142 w centrum mosi\u0119\u017cnej spirali przypomina nieziemsk\u0105 gwiazd\u0119, a sam naszyjnik to niczym galaktyka \u2013 kr\u0105\u017cy wok\u00f3\u0142 ciebie, otaczaj\u0105c energi\u0105 wszech\u015bwiata. Mosi\u0105dz pokryty czarn\u0105 oksydacj\u0105 tworzy kontrast, kt\u00f3ry dodaje g\u0142\u0119bi i tajemniczo\u015bci, jak ciemna przestrze\u0144 pe\u0142na nieodkrytych galaktyk. To naszyjnik dla tych, kt\u00f3rzy szukaj\u0105 swojej drogi w ogromnym, nieograniczonym wszech\u015bwiecie. Przypomina, \u017ce \u017cycie jest pe\u0142ne niesko\u0144czonych mo\u017cliwo\u015bci i \u017ce ka\u017cdy krok to podr\u00f3\u017c w kierunku odkrywania nowych horyzont\u00f3w. W jego centrum znajduje si\u0119 bia\u0142y kryszta\u0142 \u2013 symbol czysto\u015bci, pocz\u0105tku i niesko\u0144czono\u015bci. Za\u0142\u00f3\u017c Galaktyk\u0119. Poczuj, jak przestrze\u0144 otacza ci\u0119 swoj\u0105 energi\u0105 i prowadzi ku nieodkrytym \u015bwiatom.","og_url":"https:\/\/www.dostrajamy.com\/en\/product\/galaxy-necklace\/","og_site_name":"DomiSol - Dostrajamy","article_publisher":"https:\/\/www.facebook.com\/domisol.dostrajamy","article_modified_time":"2025-04-30T18:41:58+00:00","og_image":[{"width":2560,"height":2560,"url":"https:\/\/www.dostrajamy.com\/wp-content\/uploads\/2025\/04\/IMG_0734-scaled.webp","type":"image\/webp"}],"twitter_card":"summary_large_image","schema":{"@context":"https:\/\/schema.org","@graph":[{"@type":"WebPage","@id":"https:\/\/www.dostrajamy.com\/produkt\/naszyjnik-galaktyka\/","url":"https:\/\/www.dostrajamy.com\/produkt\/naszyjnik-galaktyka\/","name":"Naszyjnik Galaktyka - DomiSol - Dostrajamy","isPartOf":{"@id":"https:\/\/www.dostrajamy.com\/#website"},"primaryImageOfPage":{"@id":"https:\/\/www.dostrajamy.com\/produkt\/naszyjnik-galaktyka\/#primaryimage"},"image":{"@id":"https:\/\/www.dostrajamy.com\/produkt\/naszyjnik-galaktyka\/#primaryimage"},"thumbnailUrl":"https:\/\/www.dostrajamy.com\/wp-content\/uploads\/2025\/04\/IMG_0734-scaled.webp","datePublished":"2025-04-30T17:32:37+00:00","dateModified":"2025-04-30T18:41:58+00:00","breadcrumb":{"@id":"https:\/\/www.dostrajamy.com\/produkt\/naszyjnik-galaktyka\/#breadcrumb"},"inLanguage":"en-GB","potentialAction":[{"@type":"ReadAction","target":["https:\/\/www.dostrajamy.com\/produkt\/naszyjnik-galaktyka\/"]}]},{"@type":"ImageObject","inLanguage":"en-GB","@id":"https:\/\/www.dostrajamy.com\/produkt\/naszyjnik-galaktyka\/#primaryimage","url":"https:\/\/www.dostrajamy.com\/wp-content\/uploads\/2025\/04\/IMG_0734-scaled.webp","contentUrl":"https:\/\/www.dostrajamy.com\/wp-content\/uploads\/2025\/04\/IMG_0734-scaled.webp","width":2560,"height":2560},{"@type":"BreadcrumbList","@id":"https:\/\/www.dostrajamy.com\/produkt\/naszyjnik-galaktyka\/#breadcrumb","itemListElement":[{"@type":"ListItem","position":1,"name":"Strona g\u0142\u00f3wna","item":"https:\/\/www.dostrajamy.com\/"},{"@type":"ListItem","position":2,"name":"Sklep","item":"https:\/\/www.dostrajamy.com\/sklep\/"},{"@type":"ListItem","position":3,"name":"Naszyjnik Galaktyka"}]},{"@type":"WebSite","@id":"https:\/\/www.dostrajamy.com\/#website","url":"https:\/\/www.dostrajamy.com\/","name":"DomiSol - Dostrajamy","description":"Tune in to yourself!","publisher":{"@id":"https:\/\/www.dostrajamy.com\/#organization"},"potentialAction":[{"@type":"SearchAction","target":{"@type":"EntryPoint","urlTemplate":"https:\/\/www.dostrajamy.com\/?s={search_term_string}"},"query-input":{"@type":"PropertyValueSpecification","valueRequired":true,"valueName":"search_term_string"}}],"inLanguage":"en-GB"},{"@type":"Organization","@id":"https:\/\/www.dostrajamy.com\/#organization","name":"DomiSol - Dostrajamy","url":"https:\/\/www.dostrajamy.com\/","logo":{"@type":"ImageObject","inLanguage":"en-GB","@id":"https:\/\/www.dostrajamy.com\/#\/schema\/logo\/image\/","url":"https:\/\/www.dostrajamy.com\/wp-content\/uploads\/2025\/02\/cropped-Logo_poziom-1-scaled.png","contentUrl":"https:\/\/www.dostrajamy.com\/wp-content\/uploads\/2025\/02\/cropped-Logo_poziom-1-scaled.png","width":2560,"height":453,"caption":"DomiSol - Dostrajamy"},"image":{"@id":"https:\/\/www.dostrajamy.com\/#\/schema\/logo\/image\/"},"sameAs":["https:\/\/www.facebook.com\/domisol.dostrajamy","https:\/\/www.instagram.com\/domisol.dostrajamy","https:\/\/www.youtube.com\/@dostrajamy","https:\/\/open.spotify.com\/show\/5je85cYoaCcWGNo7Nwz2iW?si=1c15f6eb977f4f3d&nd=1&dlsi=d2ab15e5d6624979"]}]}},"_links":{"self":[{"href":"https:\/\/www.dostrajamy.com\/en\/wp-json\/wp\/v2\/product\/2809","targetHints":{"allow":["GET"]}}],"collection":[{"href":"https:\/\/www.dostrajamy.com\/en\/wp-json\/wp\/v2\/product"}],"about":[{"href":"https:\/\/www.dostrajamy.com\/en\/wp-json\/wp\/v2\/types\/product"}],"replies":[{"embeddable":true,"href":"https:\/\/www.dostrajamy.com\/en\/wp-json\/wp\/v2\/comments?post=2809"}],"wp:featuredmedia":[{"embeddable":true,"href":"https:\/\/www.dostrajamy.com\/en\/wp-json\/wp\/v2\/media\/2775"}],"wp:attachment":[{"href":"https:\/\/www.dostrajamy.com\/en\/wp-json\/wp\/v2\/media?parent=2809"}],"wp:term":[{"taxonomy":"product_brand","embeddable":true,"href":"https:\/\/www.dostrajamy.com\/en\/wp-json\/wp\/v2\/product_brand?post=2809"},{"taxonomy":"product_cat","embeddable":true,"href":"https:\/\/www.dostrajamy.com\/en\/wp-json\/wp\/v2\/product_cat?post=2809"},{"taxonomy":"product_tag","embeddable":true,"href":"https:\/\/www.dostrajamy.com\/en\/wp-json\/wp\/v2\/product_tag?post=2809"}],"curies":[{"name":"wp","href":"https:\/\/api.w.org\/{rel}","templated":true}]}}