{"id":2810,"date":"2025-04-30T17:32:38","date_gmt":"2025-04-30T17:32:38","guid":{"rendered":"https:\/\/www.dostrajamy.com\/?post_type=product&#038;p=2810"},"modified":"2025-04-30T18:37:34","modified_gmt":"2025-04-30T18:37:34","slug":"naszyjnik-poszukiwaczka-skarbow","status":"publish","type":"product","link":"https:\/\/www.dostrajamy.com\/en\/product\/naszyjnik-poszukiwaczka-skarbow\/","title":{"rendered":"Treasure Seeker Necklace"},"content":{"rendered":"<h3 data-start=\"645\" data-end=\"933\">\u2728 Sensitive information:<\/h3>\n<p><strong data-start=\"863\" data-end=\"873\">Form:<\/strong> Mosi\u0119\u017cna konstrukcja pokryta zielon\u0105 oksydacj\u0105, z detalem przypominaj\u0105cym rozk\u0142adan\u0105 map\u0119.<br data-start=\"964\" data-end=\"967\" \/><strong data-start=\"967\" data-end=\"980\">Material:<\/strong> Mosi\u0105dz, kryszta\u0142 Preciosa.<br data-start=\"998\" data-end=\"1001\" \/><strong data-start=\"1001\" data-end=\"1017\">Finishing:<\/strong> Zielona oksydacja mosi\u0105dzu.<br data-start=\"1045\" data-end=\"1048\" \/><strong data-start=\"1048\" data-end=\"1058\">Retail:<\/strong> Ametystowy kryszta\u0142 na ko\u0144cu &#8222;mapy&#8221;, symbol nagrody za odkrycia.<br data-start=\"1123\" data-end=\"1126\" \/><strong data-start=\"1126\" data-end=\"1142\">Origins:<\/strong> Handmade in the Athens-based Kalliope workshop.<br data-start=\"1215\" data-end=\"1218\" \/><strong data-start=\"1218\" data-end=\"1228\">Attention:<\/strong> Naszyjnik zawieszony na mosi\u0119\u017cnej \u017cy\u0142ce.<\/p>","protected":false},"excerpt":{"rendered":"<p class=\"\" data-start=\"0\" data-end=\"443\">\ud83d\udc8e <strong data-start=\"3\" data-end=\"62\">Naszyjnik Poszukiwaczka Skarb\u00f3w \u2013 Muza Odkry\u0107 i Nagrody<\/strong><\/p>\n<p class=\"\" data-start=\"0\" data-end=\"443\">Naszyjnik Poszukiwaczka Skarb\u00f3w to bi\u017cuteria, kt\u00f3ra opowiada histori\u0119 o podr\u00f3\u017cy, poszukiwaniach i spe\u0142nieniu. Jak rozk\u0142adana mapa, ukazuje \u015bcie\u017ck\u0119 do skarb\u00f3w ukrytych w sercu i \u015bwiecie, z ka\u017cdym detalem zapraszaj\u0105c ci\u0119 do odkrywania tego, co nieznane. Na ko\u0144cu tej podr\u00f3\u017cy czeka nagroda \u2013 ametystowy kryszta\u0142, symbol odkrycia, wewn\u0119trznego skarbu, kt\u00f3ry przynosi spe\u0142nienie.<\/p>\n<p class=\"\" data-start=\"445\" data-end=\"728\">Mosi\u0105dz pokryty zielon\u0105 oksydacj\u0105 nadaje naszyjnikowi tajemniczy, naturalny wygl\u0105d, jakby by\u0142 cz\u0119\u015bci\u0105 zapomnianej, odleg\u0142ej opowie\u015bci. To talizman dla tych, kt\u00f3rzy szukaj\u0105 nie tylko zewn\u0119trznych skarb\u00f3w, ale przede wszystkim wewn\u0119trznych odkry\u0107, kt\u00f3re kszta\u0142tuj\u0105 ich \u015bcie\u017ck\u0119 \u017cyciow\u0105.<\/p>\n<p class=\"\" data-start=\"730\" data-end=\"833\"><strong data-start=\"730\" data-end=\"833\">Za\u0142\u00f3\u017c Poszukiwaczk\u0119 Skarb\u00f3w. Poczuj, jak podr\u00f3\u017c przez \u017cycie prowadzi ci\u0119 do najcenniejszych odkry\u0107.<\/strong><\/p>","protected":false},"featured_media":2773,"comment_status":"open","ping_status":"closed","template":"","meta":{"_eb_attr":""},"product_brand":[],"product_cat":[57,34],"product_tag":[68,70,73,71,74,75],"class_list":{"0":"post-2810","1":"product","2":"type-product","3":"status-publish","4":"has-post-thumbnail","6":"product_cat-grecka-bizuteria","7":"product_cat-naszyjniki","8":"product_tag-bizuteria","9":"product_tag-fashion-jewelry","10":"product_tag-krysztal","11":"product_tag-mosiadz","12":"product_tag-naszyjnik","13":"product_tag-zywica","15":"first","16":"instock","17":"shipping-taxable","18":"purchasable","19":"product-type-simple"},"yoast_head":"<!-- This site is optimized with the Yoast SEO plugin v26.6 - https:\/\/yoast.com\/wordpress\/plugins\/seo\/ -->\n<title>Naszyjnik Poszukiwaczka Skarb\u00f3w - DomiSol - Dostrajamy<\/title>\n<meta name=\"robots\" content=\"index, follow, max-snippet:-1, max-image-preview:large, max-video-preview:-1\" \/>\n<link rel=\"canonical\" href=\"https:\/\/www.dostrajamy.com\/en\/product\/naszyjnik-poszukiwaczka-skarbow\/\" \/>\n<meta property=\"og:locale\" content=\"en_GB\" \/>\n<meta property=\"og:type\" content=\"article\" \/>\n<meta property=\"og:title\" content=\"Naszyjnik Poszukiwaczka Skarb\u00f3w - DomiSol - Dostrajamy\" \/>\n<meta property=\"og:description\" content=\"\ud83d\udc8e Naszyjnik Poszukiwaczka Skarb\u00f3w \u2013 Muza Odkry\u0107 i Nagrody Naszyjnik Poszukiwaczka Skarb\u00f3w to bi\u017cuteria, kt\u00f3ra opowiada histori\u0119 o podr\u00f3\u017cy, poszukiwaniach i spe\u0142nieniu. Jak rozk\u0142adana mapa, ukazuje \u015bcie\u017ck\u0119 do skarb\u00f3w ukrytych w sercu i \u015bwiecie, z ka\u017cdym detalem zapraszaj\u0105c ci\u0119 do odkrywania tego, co nieznane. Na ko\u0144cu tej podr\u00f3\u017cy czeka nagroda \u2013 ametystowy kryszta\u0142, symbol odkrycia, wewn\u0119trznego skarbu, kt\u00f3ry przynosi spe\u0142nienie. Mosi\u0105dz pokryty zielon\u0105 oksydacj\u0105 nadaje naszyjnikowi tajemniczy, naturalny wygl\u0105d, jakby by\u0142 cz\u0119\u015bci\u0105 zapomnianej, odleg\u0142ej opowie\u015bci. To talizman dla tych, kt\u00f3rzy szukaj\u0105 nie tylko zewn\u0119trznych skarb\u00f3w, ale przede wszystkim wewn\u0119trznych odkry\u0107, kt\u00f3re kszta\u0142tuj\u0105 ich \u015bcie\u017ck\u0119 \u017cyciow\u0105. Za\u0142\u00f3\u017c Poszukiwaczk\u0119 Skarb\u00f3w. Poczuj, jak podr\u00f3\u017c przez \u017cycie prowadzi ci\u0119 do najcenniejszych odkry\u0107.\" \/>\n<meta property=\"og:url\" content=\"https:\/\/www.dostrajamy.com\/en\/product\/naszyjnik-poszukiwaczka-skarbow\/\" \/>\n<meta property=\"og:site_name\" content=\"DomiSol - Dostrajamy\" \/>\n<meta property=\"article:publisher\" content=\"https:\/\/www.facebook.com\/domisol.dostrajamy\" \/>\n<meta property=\"article:modified_time\" content=\"2025-04-30T18:37:34+00:00\" \/>\n<meta property=\"og:image\" content=\"https:\/\/www.dostrajamy.com\/wp-content\/uploads\/2025\/04\/IMG_0736-scaled.webp\" \/>\n\t<meta property=\"og:image:width\" content=\"2560\" \/>\n\t<meta property=\"og:image:height\" content=\"2560\" \/>\n\t<meta property=\"og:image:type\" content=\"image\/webp\" \/>\n<meta name=\"twitter:card\" content=\"summary_large_image\" \/>\n<script type=\"application\/ld+json\" class=\"yoast-schema-graph\">{\"@context\":\"https:\/\/schema.org\",\"@graph\":[{\"@type\":\"WebPage\",\"@id\":\"https:\/\/www.dostrajamy.com\/produkt\/naszyjnik-poszukiwaczka-skarbow\/\",\"url\":\"https:\/\/www.dostrajamy.com\/produkt\/naszyjnik-poszukiwaczka-skarbow\/\",\"name\":\"Naszyjnik Poszukiwaczka Skarb\u00f3w - DomiSol - Dostrajamy\",\"isPartOf\":{\"@id\":\"https:\/\/www.dostrajamy.com\/#website\"},\"primaryImageOfPage\":{\"@id\":\"https:\/\/www.dostrajamy.com\/produkt\/naszyjnik-poszukiwaczka-skarbow\/#primaryimage\"},\"image\":{\"@id\":\"https:\/\/www.dostrajamy.com\/produkt\/naszyjnik-poszukiwaczka-skarbow\/#primaryimage\"},\"thumbnailUrl\":\"https:\/\/www.dostrajamy.com\/wp-content\/uploads\/2025\/04\/IMG_0736-scaled.webp\",\"datePublished\":\"2025-04-30T17:32:38+00:00\",\"dateModified\":\"2025-04-30T18:37:34+00:00\",\"breadcrumb\":{\"@id\":\"https:\/\/www.dostrajamy.com\/produkt\/naszyjnik-poszukiwaczka-skarbow\/#breadcrumb\"},\"inLanguage\":\"en-GB\",\"potentialAction\":[{\"@type\":\"ReadAction\",\"target\":[\"https:\/\/www.dostrajamy.com\/produkt\/naszyjnik-poszukiwaczka-skarbow\/\"]}]},{\"@type\":\"ImageObject\",\"inLanguage\":\"en-GB\",\"@id\":\"https:\/\/www.dostrajamy.com\/produkt\/naszyjnik-poszukiwaczka-skarbow\/#primaryimage\",\"url\":\"https:\/\/www.dostrajamy.com\/wp-content\/uploads\/2025\/04\/IMG_0736-scaled.webp\",\"contentUrl\":\"https:\/\/www.dostrajamy.com\/wp-content\/uploads\/2025\/04\/IMG_0736-scaled.webp\",\"width\":2560,\"height\":2560},{\"@type\":\"BreadcrumbList\",\"@id\":\"https:\/\/www.dostrajamy.com\/produkt\/naszyjnik-poszukiwaczka-skarbow\/#breadcrumb\",\"itemListElement\":[{\"@type\":\"ListItem\",\"position\":1,\"name\":\"Strona g\u0142\u00f3wna\",\"item\":\"https:\/\/www.dostrajamy.com\/\"},{\"@type\":\"ListItem\",\"position\":2,\"name\":\"Sklep\",\"item\":\"https:\/\/www.dostrajamy.com\/sklep\/\"},{\"@type\":\"ListItem\",\"position\":3,\"name\":\"Naszyjnik Poszukiwaczka Skarb\u00f3w\"}]},{\"@type\":\"WebSite\",\"@id\":\"https:\/\/www.dostrajamy.com\/#website\",\"url\":\"https:\/\/www.dostrajamy.com\/\",\"name\":\"DomiSol - Dostrajamy\",\"description\":\"Dostr\u00f3j si\u0119 do siebie!\",\"publisher\":{\"@id\":\"https:\/\/www.dostrajamy.com\/#organization\"},\"potentialAction\":[{\"@type\":\"SearchAction\",\"target\":{\"@type\":\"EntryPoint\",\"urlTemplate\":\"https:\/\/www.dostrajamy.com\/?s={search_term_string}\"},\"query-input\":{\"@type\":\"PropertyValueSpecification\",\"valueRequired\":true,\"valueName\":\"search_term_string\"}}],\"inLanguage\":\"en-GB\"},{\"@type\":\"Organization\",\"@id\":\"https:\/\/www.dostrajamy.com\/#organization\",\"name\":\"DomiSol - Dostrajamy\",\"url\":\"https:\/\/www.dostrajamy.com\/\",\"logo\":{\"@type\":\"ImageObject\",\"inLanguage\":\"en-GB\",\"@id\":\"https:\/\/www.dostrajamy.com\/#\/schema\/logo\/image\/\",\"url\":\"https:\/\/www.dostrajamy.com\/wp-content\/uploads\/2025\/02\/cropped-Logo_poziom-1-scaled.png\",\"contentUrl\":\"https:\/\/www.dostrajamy.com\/wp-content\/uploads\/2025\/02\/cropped-Logo_poziom-1-scaled.png\",\"width\":2560,\"height\":453,\"caption\":\"DomiSol - Dostrajamy\"},\"image\":{\"@id\":\"https:\/\/www.dostrajamy.com\/#\/schema\/logo\/image\/\"},\"sameAs\":[\"https:\/\/www.facebook.com\/domisol.dostrajamy\",\"https:\/\/www.instagram.com\/domisol.dostrajamy\",\"https:\/\/www.youtube.com\/@dostrajamy\",\"https:\/\/open.spotify.com\/show\/5je85cYoaCcWGNo7Nwz2iW?si=1c15f6eb977f4f3d&nd=1&dlsi=d2ab15e5d6624979\"]}]}<\/script>\n<!-- \/ Yoast SEO plugin. -->","yoast_head_json":{"title":"Naszyjnik Poszukiwaczka Skarb\u00f3w - DomiSol - Dostrajamy","robots":{"index":"index","follow":"follow","max-snippet":"max-snippet:-1","max-image-preview":"max-image-preview:large","max-video-preview":"max-video-preview:-1"},"canonical":"https:\/\/www.dostrajamy.com\/en\/product\/naszyjnik-poszukiwaczka-skarbow\/","og_locale":"en_GB","og_type":"article","og_title":"Naszyjnik Poszukiwaczka Skarb\u00f3w - DomiSol - Dostrajamy","og_description":"\ud83d\udc8e Naszyjnik Poszukiwaczka Skarb\u00f3w \u2013 Muza Odkry\u0107 i Nagrody Naszyjnik Poszukiwaczka Skarb\u00f3w to bi\u017cuteria, kt\u00f3ra opowiada histori\u0119 o podr\u00f3\u017cy, poszukiwaniach i spe\u0142nieniu. Jak rozk\u0142adana mapa, ukazuje \u015bcie\u017ck\u0119 do skarb\u00f3w ukrytych w sercu i \u015bwiecie, z ka\u017cdym detalem zapraszaj\u0105c ci\u0119 do odkrywania tego, co nieznane. Na ko\u0144cu tej podr\u00f3\u017cy czeka nagroda \u2013 ametystowy kryszta\u0142, symbol odkrycia, wewn\u0119trznego skarbu, kt\u00f3ry przynosi spe\u0142nienie. Mosi\u0105dz pokryty zielon\u0105 oksydacj\u0105 nadaje naszyjnikowi tajemniczy, naturalny wygl\u0105d, jakby by\u0142 cz\u0119\u015bci\u0105 zapomnianej, odleg\u0142ej opowie\u015bci. To talizman dla tych, kt\u00f3rzy szukaj\u0105 nie tylko zewn\u0119trznych skarb\u00f3w, ale przede wszystkim wewn\u0119trznych odkry\u0107, kt\u00f3re kszta\u0142tuj\u0105 ich \u015bcie\u017ck\u0119 \u017cyciow\u0105. Za\u0142\u00f3\u017c Poszukiwaczk\u0119 Skarb\u00f3w. Poczuj, jak podr\u00f3\u017c przez \u017cycie prowadzi ci\u0119 do najcenniejszych odkry\u0107.","og_url":"https:\/\/www.dostrajamy.com\/en\/product\/naszyjnik-poszukiwaczka-skarbow\/","og_site_name":"DomiSol - Dostrajamy","article_publisher":"https:\/\/www.facebook.com\/domisol.dostrajamy","article_modified_time":"2025-04-30T18:37:34+00:00","og_image":[{"width":2560,"height":2560,"url":"https:\/\/www.dostrajamy.com\/wp-content\/uploads\/2025\/04\/IMG_0736-scaled.webp","type":"image\/webp"}],"twitter_card":"summary_large_image","schema":{"@context":"https:\/\/schema.org","@graph":[{"@type":"WebPage","@id":"https:\/\/www.dostrajamy.com\/produkt\/naszyjnik-poszukiwaczka-skarbow\/","url":"https:\/\/www.dostrajamy.com\/produkt\/naszyjnik-poszukiwaczka-skarbow\/","name":"Naszyjnik Poszukiwaczka Skarb\u00f3w - DomiSol - Dostrajamy","isPartOf":{"@id":"https:\/\/www.dostrajamy.com\/#website"},"primaryImageOfPage":{"@id":"https:\/\/www.dostrajamy.com\/produkt\/naszyjnik-poszukiwaczka-skarbow\/#primaryimage"},"image":{"@id":"https:\/\/www.dostrajamy.com\/produkt\/naszyjnik-poszukiwaczka-skarbow\/#primaryimage"},"thumbnailUrl":"https:\/\/www.dostrajamy.com\/wp-content\/uploads\/2025\/04\/IMG_0736-scaled.webp","datePublished":"2025-04-30T17:32:38+00:00","dateModified":"2025-04-30T18:37:34+00:00","breadcrumb":{"@id":"https:\/\/www.dostrajamy.com\/produkt\/naszyjnik-poszukiwaczka-skarbow\/#breadcrumb"},"inLanguage":"en-GB","potentialAction":[{"@type":"ReadAction","target":["https:\/\/www.dostrajamy.com\/produkt\/naszyjnik-poszukiwaczka-skarbow\/"]}]},{"@type":"ImageObject","inLanguage":"en-GB","@id":"https:\/\/www.dostrajamy.com\/produkt\/naszyjnik-poszukiwaczka-skarbow\/#primaryimage","url":"https:\/\/www.dostrajamy.com\/wp-content\/uploads\/2025\/04\/IMG_0736-scaled.webp","contentUrl":"https:\/\/www.dostrajamy.com\/wp-content\/uploads\/2025\/04\/IMG_0736-scaled.webp","width":2560,"height":2560},{"@type":"BreadcrumbList","@id":"https:\/\/www.dostrajamy.com\/produkt\/naszyjnik-poszukiwaczka-skarbow\/#breadcrumb","itemListElement":[{"@type":"ListItem","position":1,"name":"Strona g\u0142\u00f3wna","item":"https:\/\/www.dostrajamy.com\/"},{"@type":"ListItem","position":2,"name":"Sklep","item":"https:\/\/www.dostrajamy.com\/sklep\/"},{"@type":"ListItem","position":3,"name":"Naszyjnik Poszukiwaczka Skarb\u00f3w"}]},{"@type":"WebSite","@id":"https:\/\/www.dostrajamy.com\/#website","url":"https:\/\/www.dostrajamy.com\/","name":"DomiSol - Dostrajamy","description":"Tune in to yourself!","publisher":{"@id":"https:\/\/www.dostrajamy.com\/#organization"},"potentialAction":[{"@type":"SearchAction","target":{"@type":"EntryPoint","urlTemplate":"https:\/\/www.dostrajamy.com\/?s={search_term_string}"},"query-input":{"@type":"PropertyValueSpecification","valueRequired":true,"valueName":"search_term_string"}}],"inLanguage":"en-GB"},{"@type":"Organization","@id":"https:\/\/www.dostrajamy.com\/#organization","name":"DomiSol - Dostrajamy","url":"https:\/\/www.dostrajamy.com\/","logo":{"@type":"ImageObject","inLanguage":"en-GB","@id":"https:\/\/www.dostrajamy.com\/#\/schema\/logo\/image\/","url":"https:\/\/www.dostrajamy.com\/wp-content\/uploads\/2025\/02\/cropped-Logo_poziom-1-scaled.png","contentUrl":"https:\/\/www.dostrajamy.com\/wp-content\/uploads\/2025\/02\/cropped-Logo_poziom-1-scaled.png","width":2560,"height":453,"caption":"DomiSol - Dostrajamy"},"image":{"@id":"https:\/\/www.dostrajamy.com\/#\/schema\/logo\/image\/"},"sameAs":["https:\/\/www.facebook.com\/domisol.dostrajamy","https:\/\/www.instagram.com\/domisol.dostrajamy","https:\/\/www.youtube.com\/@dostrajamy","https:\/\/open.spotify.com\/show\/5je85cYoaCcWGNo7Nwz2iW?si=1c15f6eb977f4f3d&nd=1&dlsi=d2ab15e5d6624979"]}]}},"_links":{"self":[{"href":"https:\/\/www.dostrajamy.com\/en\/wp-json\/wp\/v2\/product\/2810","targetHints":{"allow":["GET"]}}],"collection":[{"href":"https:\/\/www.dostrajamy.com\/en\/wp-json\/wp\/v2\/product"}],"about":[{"href":"https:\/\/www.dostrajamy.com\/en\/wp-json\/wp\/v2\/types\/product"}],"replies":[{"embeddable":true,"href":"https:\/\/www.dostrajamy.com\/en\/wp-json\/wp\/v2\/comments?post=2810"}],"wp:featuredmedia":[{"embeddable":true,"href":"https:\/\/www.dostrajamy.com\/en\/wp-json\/wp\/v2\/media\/2773"}],"wp:attachment":[{"href":"https:\/\/www.dostrajamy.com\/en\/wp-json\/wp\/v2\/media?parent=2810"}],"wp:term":[{"taxonomy":"product_brand","embeddable":true,"href":"https:\/\/www.dostrajamy.com\/en\/wp-json\/wp\/v2\/product_brand?post=2810"},{"taxonomy":"product_cat","embeddable":true,"href":"https:\/\/www.dostrajamy.com\/en\/wp-json\/wp\/v2\/product_cat?post=2810"},{"taxonomy":"product_tag","embeddable":true,"href":"https:\/\/www.dostrajamy.com\/en\/wp-json\/wp\/v2\/product_tag?post=2810"}],"curies":[{"name":"wp","href":"https:\/\/api.w.org\/{rel}","templated":true}]}}