{"id":2812,"date":"2025-04-30T17:32:41","date_gmt":"2025-04-30T17:32:41","guid":{"rendered":"https:\/\/www.dostrajamy.com\/?post_type=product&#038;p=2812"},"modified":"2025-04-30T18:27:44","modified_gmt":"2025-04-30T18:27:44","slug":"naszyjnik-uscisk","status":"publish","type":"product","link":"https:\/\/www.dostrajamy.com\/en\/product\/naszyjnik-uscisk\/","title":{"rendered":"Embrace Necklace"},"content":{"rendered":"<h3 data-start=\"645\" data-end=\"933\">\u2728 Sensitive information:<\/h3>\n<p class=\"\" data-start=\"938\" data-end=\"971\"><strong data-start=\"965\" data-end=\"975\">Form:<\/strong> Morska \u017cywica otulona eleganckim mosi\u0105dzem.<br data-start=\"1025\" data-end=\"1028\" \/><strong data-start=\"1028\" data-end=\"1041\">Material:<\/strong> Brass, resin.<br data-start=\"1097\" data-end=\"1100\" \/><strong data-start=\"1100\" data-end=\"1110\">Retail:<\/strong> \u017bywica w odcieniach morskich oprawiona w mosi\u0105dz i zawieszona na obr\u0119czy.<br data-start=\"1168\" data-end=\"1171\" \/><strong data-start=\"1171\" data-end=\"1187\">Origins:<\/strong> Handmade in the Athens-based Kalliope workshop.<\/p>","protected":false},"excerpt":{"rendered":"<p class=\"\" data-start=\"141\" data-end=\"553\">\ud83c\udf0a <strong data-start=\"144\" data-end=\"199\">Naszyjnik U\u015bcisk \u2013 Muza Blisko\u015bci i Delikatnej Si\u0142y<\/strong><\/p>\n<p class=\"\" data-start=\"195\" data-end=\"385\"><em>Like arms open with gentleness. Like warmth that soothes without restraining. Like a presence that doesn't force anything - but simply is.<\/em><\/p>\n<p class=\"\" data-start=\"387\" data-end=\"657\">Ten naszyjnik opowiada o przestrzeni, kt\u00f3ra otula. O tym, co w \u015brodku mi\u0119kkie i silne jednocze\u015bnie. Jego morski odcie\u0144 przywo\u0142uje ukojenie \u2013 przypomina g\u0142\u0119biny, w kt\u00f3rych mo\u017cna si\u0119 zanurzy\u0107, by odnale\u017a\u0107 siebie. W formie zamkni\u0119cia \u2013 otwarcie. W strukturze \u2013 \u0142agodno\u015b\u0107.<\/p>\n<p class=\"\" data-start=\"659\" data-end=\"807\">Idealny, by towarzyszy\u0107 Ci, gdy chcesz przypomnie\u0107 sobie o w\u0142asnej wra\u017cliwo\u015bci, o potrzebie blisko\u015bci, o tym, \u017ce u\u015bcisk mo\u017cna dawa\u0107 te\u017c sobie samej.<\/p>\n<p class=\"\" data-start=\"856\" data-end=\"935\"><strong data-start=\"856\" data-end=\"935\">Open yourself up to softness. Wrap yourself up.<\/strong><\/p>","protected":false},"featured_media":2771,"comment_status":"open","ping_status":"closed","template":"","meta":{"_eb_attr":""},"product_brand":[],"product_cat":[57,34],"product_tag":[68,70,73,71,74,75],"class_list":{"0":"post-2812","1":"product","2":"type-product","3":"status-publish","4":"has-post-thumbnail","6":"product_cat-grecka-bizuteria","7":"product_cat-naszyjniki","8":"product_tag-bizuteria","9":"product_tag-fashion-jewelry","10":"product_tag-krysztal","11":"product_tag-mosiadz","12":"product_tag-naszyjnik","13":"product_tag-zywica","15":"first","16":"instock","17":"shipping-taxable","18":"purchasable","19":"product-type-simple"},"yoast_head":"<!-- This site is optimized with the Yoast SEO plugin v26.6 - https:\/\/yoast.com\/wordpress\/plugins\/seo\/ -->\n<title>Naszyjnik U\u015bcisk - DomiSol - Dostrajamy<\/title>\n<meta name=\"robots\" content=\"index, follow, max-snippet:-1, max-image-preview:large, max-video-preview:-1\" \/>\n<link rel=\"canonical\" href=\"https:\/\/www.dostrajamy.com\/en\/product\/naszyjnik-uscisk\/\" \/>\n<meta property=\"og:locale\" content=\"en_GB\" \/>\n<meta property=\"og:type\" content=\"article\" \/>\n<meta property=\"og:title\" content=\"Naszyjnik U\u015bcisk - DomiSol - Dostrajamy\" \/>\n<meta property=\"og:description\" content=\"\ud83c\udf0a Naszyjnik U\u015bcisk \u2013 Muza Blisko\u015bci i Delikatnej Si\u0142y Jak ramiona otwarte z \u0142agodno\u015bci\u0105. Jak ciep\u0142o, kt\u00f3re koi, nie kr\u0119puj\u0105c. Jak obecno\u015b\u0107, kt\u00f3ra niczego nie wymusza \u2013 a po prostu jest. Ten naszyjnik opowiada o przestrzeni, kt\u00f3ra otula. O tym, co w \u015brodku mi\u0119kkie i silne jednocze\u015bnie. Jego morski odcie\u0144 przywo\u0142uje ukojenie \u2013 przypomina g\u0142\u0119biny, w kt\u00f3rych mo\u017cna si\u0119 zanurzy\u0107, by odnale\u017a\u0107 siebie. W formie zamkni\u0119cia \u2013 otwarcie. W strukturze \u2013 \u0142agodno\u015b\u0107. Idealny, by towarzyszy\u0107 Ci, gdy chcesz przypomnie\u0107 sobie o w\u0142asnej wra\u017cliwo\u015bci, o potrzebie blisko\u015bci, o tym, \u017ce u\u015bcisk mo\u017cna dawa\u0107 te\u017c sobie samej. Otw\u00f3rz si\u0119 na mi\u0119kko\u015b\u0107. Otul siebie.\" \/>\n<meta property=\"og:url\" content=\"https:\/\/www.dostrajamy.com\/en\/product\/naszyjnik-uscisk\/\" \/>\n<meta property=\"og:site_name\" content=\"DomiSol - Dostrajamy\" \/>\n<meta property=\"article:publisher\" content=\"https:\/\/www.facebook.com\/domisol.dostrajamy\" \/>\n<meta property=\"article:modified_time\" content=\"2025-04-30T18:27:44+00:00\" \/>\n<meta property=\"og:image\" content=\"https:\/\/www.dostrajamy.com\/wp-content\/uploads\/2025\/04\/IMG_0738.webp\" \/>\n\t<meta property=\"og:image:width\" content=\"2390\" \/>\n\t<meta property=\"og:image:height\" content=\"2390\" \/>\n\t<meta property=\"og:image:type\" content=\"image\/webp\" \/>\n<meta name=\"twitter:card\" content=\"summary_large_image\" \/>\n<script type=\"application\/ld+json\" class=\"yoast-schema-graph\">{\"@context\":\"https:\/\/schema.org\",\"@graph\":[{\"@type\":\"WebPage\",\"@id\":\"https:\/\/www.dostrajamy.com\/produkt\/naszyjnik-uscisk\/\",\"url\":\"https:\/\/www.dostrajamy.com\/produkt\/naszyjnik-uscisk\/\",\"name\":\"Naszyjnik U\u015bcisk - DomiSol - Dostrajamy\",\"isPartOf\":{\"@id\":\"https:\/\/www.dostrajamy.com\/#website\"},\"primaryImageOfPage\":{\"@id\":\"https:\/\/www.dostrajamy.com\/produkt\/naszyjnik-uscisk\/#primaryimage\"},\"image\":{\"@id\":\"https:\/\/www.dostrajamy.com\/produkt\/naszyjnik-uscisk\/#primaryimage\"},\"thumbnailUrl\":\"https:\/\/www.dostrajamy.com\/wp-content\/uploads\/2025\/04\/IMG_0738.webp\",\"datePublished\":\"2025-04-30T17:32:41+00:00\",\"dateModified\":\"2025-04-30T18:27:44+00:00\",\"breadcrumb\":{\"@id\":\"https:\/\/www.dostrajamy.com\/produkt\/naszyjnik-uscisk\/#breadcrumb\"},\"inLanguage\":\"en-GB\",\"potentialAction\":[{\"@type\":\"ReadAction\",\"target\":[\"https:\/\/www.dostrajamy.com\/produkt\/naszyjnik-uscisk\/\"]}]},{\"@type\":\"ImageObject\",\"inLanguage\":\"en-GB\",\"@id\":\"https:\/\/www.dostrajamy.com\/produkt\/naszyjnik-uscisk\/#primaryimage\",\"url\":\"https:\/\/www.dostrajamy.com\/wp-content\/uploads\/2025\/04\/IMG_0738.webp\",\"contentUrl\":\"https:\/\/www.dostrajamy.com\/wp-content\/uploads\/2025\/04\/IMG_0738.webp\",\"width\":2390,\"height\":2390},{\"@type\":\"BreadcrumbList\",\"@id\":\"https:\/\/www.dostrajamy.com\/produkt\/naszyjnik-uscisk\/#breadcrumb\",\"itemListElement\":[{\"@type\":\"ListItem\",\"position\":1,\"name\":\"Strona g\u0142\u00f3wna\",\"item\":\"https:\/\/www.dostrajamy.com\/\"},{\"@type\":\"ListItem\",\"position\":2,\"name\":\"Sklep\",\"item\":\"https:\/\/www.dostrajamy.com\/sklep\/\"},{\"@type\":\"ListItem\",\"position\":3,\"name\":\"Naszyjnik U\u015bcisk\"}]},{\"@type\":\"WebSite\",\"@id\":\"https:\/\/www.dostrajamy.com\/#website\",\"url\":\"https:\/\/www.dostrajamy.com\/\",\"name\":\"DomiSol - Dostrajamy\",\"description\":\"Dostr\u00f3j si\u0119 do siebie!\",\"publisher\":{\"@id\":\"https:\/\/www.dostrajamy.com\/#organization\"},\"potentialAction\":[{\"@type\":\"SearchAction\",\"target\":{\"@type\":\"EntryPoint\",\"urlTemplate\":\"https:\/\/www.dostrajamy.com\/?s={search_term_string}\"},\"query-input\":{\"@type\":\"PropertyValueSpecification\",\"valueRequired\":true,\"valueName\":\"search_term_string\"}}],\"inLanguage\":\"en-GB\"},{\"@type\":\"Organization\",\"@id\":\"https:\/\/www.dostrajamy.com\/#organization\",\"name\":\"DomiSol - Dostrajamy\",\"url\":\"https:\/\/www.dostrajamy.com\/\",\"logo\":{\"@type\":\"ImageObject\",\"inLanguage\":\"en-GB\",\"@id\":\"https:\/\/www.dostrajamy.com\/#\/schema\/logo\/image\/\",\"url\":\"https:\/\/www.dostrajamy.com\/wp-content\/uploads\/2025\/02\/cropped-Logo_poziom-1-scaled.png\",\"contentUrl\":\"https:\/\/www.dostrajamy.com\/wp-content\/uploads\/2025\/02\/cropped-Logo_poziom-1-scaled.png\",\"width\":2560,\"height\":453,\"caption\":\"DomiSol - Dostrajamy\"},\"image\":{\"@id\":\"https:\/\/www.dostrajamy.com\/#\/schema\/logo\/image\/\"},\"sameAs\":[\"https:\/\/www.facebook.com\/domisol.dostrajamy\",\"https:\/\/www.instagram.com\/domisol.dostrajamy\",\"https:\/\/www.youtube.com\/@dostrajamy\",\"https:\/\/open.spotify.com\/show\/5je85cYoaCcWGNo7Nwz2iW?si=1c15f6eb977f4f3d&nd=1&dlsi=d2ab15e5d6624979\"]}]}<\/script>\n<!-- \/ Yoast SEO plugin. -->","yoast_head_json":{"title":"Naszyjnik U\u015bcisk - DomiSol - Dostrajamy","robots":{"index":"index","follow":"follow","max-snippet":"max-snippet:-1","max-image-preview":"max-image-preview:large","max-video-preview":"max-video-preview:-1"},"canonical":"https:\/\/www.dostrajamy.com\/en\/product\/naszyjnik-uscisk\/","og_locale":"en_GB","og_type":"article","og_title":"Naszyjnik U\u015bcisk - DomiSol - Dostrajamy","og_description":"\ud83c\udf0a Naszyjnik U\u015bcisk \u2013 Muza Blisko\u015bci i Delikatnej Si\u0142y Jak ramiona otwarte z \u0142agodno\u015bci\u0105. Jak ciep\u0142o, kt\u00f3re koi, nie kr\u0119puj\u0105c. Jak obecno\u015b\u0107, kt\u00f3ra niczego nie wymusza \u2013 a po prostu jest. Ten naszyjnik opowiada o przestrzeni, kt\u00f3ra otula. O tym, co w \u015brodku mi\u0119kkie i silne jednocze\u015bnie. Jego morski odcie\u0144 przywo\u0142uje ukojenie \u2013 przypomina g\u0142\u0119biny, w kt\u00f3rych mo\u017cna si\u0119 zanurzy\u0107, by odnale\u017a\u0107 siebie. W formie zamkni\u0119cia \u2013 otwarcie. W strukturze \u2013 \u0142agodno\u015b\u0107. Idealny, by towarzyszy\u0107 Ci, gdy chcesz przypomnie\u0107 sobie o w\u0142asnej wra\u017cliwo\u015bci, o potrzebie blisko\u015bci, o tym, \u017ce u\u015bcisk mo\u017cna dawa\u0107 te\u017c sobie samej. Otw\u00f3rz si\u0119 na mi\u0119kko\u015b\u0107. Otul siebie.","og_url":"https:\/\/www.dostrajamy.com\/en\/product\/naszyjnik-uscisk\/","og_site_name":"DomiSol - Dostrajamy","article_publisher":"https:\/\/www.facebook.com\/domisol.dostrajamy","article_modified_time":"2025-04-30T18:27:44+00:00","og_image":[{"width":2390,"height":2390,"url":"https:\/\/www.dostrajamy.com\/wp-content\/uploads\/2025\/04\/IMG_0738.webp","type":"image\/webp"}],"twitter_card":"summary_large_image","schema":{"@context":"https:\/\/schema.org","@graph":[{"@type":"WebPage","@id":"https:\/\/www.dostrajamy.com\/produkt\/naszyjnik-uscisk\/","url":"https:\/\/www.dostrajamy.com\/produkt\/naszyjnik-uscisk\/","name":"Naszyjnik U\u015bcisk - DomiSol - Dostrajamy","isPartOf":{"@id":"https:\/\/www.dostrajamy.com\/#website"},"primaryImageOfPage":{"@id":"https:\/\/www.dostrajamy.com\/produkt\/naszyjnik-uscisk\/#primaryimage"},"image":{"@id":"https:\/\/www.dostrajamy.com\/produkt\/naszyjnik-uscisk\/#primaryimage"},"thumbnailUrl":"https:\/\/www.dostrajamy.com\/wp-content\/uploads\/2025\/04\/IMG_0738.webp","datePublished":"2025-04-30T17:32:41+00:00","dateModified":"2025-04-30T18:27:44+00:00","breadcrumb":{"@id":"https:\/\/www.dostrajamy.com\/produkt\/naszyjnik-uscisk\/#breadcrumb"},"inLanguage":"en-GB","potentialAction":[{"@type":"ReadAction","target":["https:\/\/www.dostrajamy.com\/produkt\/naszyjnik-uscisk\/"]}]},{"@type":"ImageObject","inLanguage":"en-GB","@id":"https:\/\/www.dostrajamy.com\/produkt\/naszyjnik-uscisk\/#primaryimage","url":"https:\/\/www.dostrajamy.com\/wp-content\/uploads\/2025\/04\/IMG_0738.webp","contentUrl":"https:\/\/www.dostrajamy.com\/wp-content\/uploads\/2025\/04\/IMG_0738.webp","width":2390,"height":2390},{"@type":"BreadcrumbList","@id":"https:\/\/www.dostrajamy.com\/produkt\/naszyjnik-uscisk\/#breadcrumb","itemListElement":[{"@type":"ListItem","position":1,"name":"Strona g\u0142\u00f3wna","item":"https:\/\/www.dostrajamy.com\/"},{"@type":"ListItem","position":2,"name":"Sklep","item":"https:\/\/www.dostrajamy.com\/sklep\/"},{"@type":"ListItem","position":3,"name":"Naszyjnik U\u015bcisk"}]},{"@type":"WebSite","@id":"https:\/\/www.dostrajamy.com\/#website","url":"https:\/\/www.dostrajamy.com\/","name":"DomiSol - Dostrajamy","description":"Tune in to yourself!","publisher":{"@id":"https:\/\/www.dostrajamy.com\/#organization"},"potentialAction":[{"@type":"SearchAction","target":{"@type":"EntryPoint","urlTemplate":"https:\/\/www.dostrajamy.com\/?s={search_term_string}"},"query-input":{"@type":"PropertyValueSpecification","valueRequired":true,"valueName":"search_term_string"}}],"inLanguage":"en-GB"},{"@type":"Organization","@id":"https:\/\/www.dostrajamy.com\/#organization","name":"DomiSol - Dostrajamy","url":"https:\/\/www.dostrajamy.com\/","logo":{"@type":"ImageObject","inLanguage":"en-GB","@id":"https:\/\/www.dostrajamy.com\/#\/schema\/logo\/image\/","url":"https:\/\/www.dostrajamy.com\/wp-content\/uploads\/2025\/02\/cropped-Logo_poziom-1-scaled.png","contentUrl":"https:\/\/www.dostrajamy.com\/wp-content\/uploads\/2025\/02\/cropped-Logo_poziom-1-scaled.png","width":2560,"height":453,"caption":"DomiSol - Dostrajamy"},"image":{"@id":"https:\/\/www.dostrajamy.com\/#\/schema\/logo\/image\/"},"sameAs":["https:\/\/www.facebook.com\/domisol.dostrajamy","https:\/\/www.instagram.com\/domisol.dostrajamy","https:\/\/www.youtube.com\/@dostrajamy","https:\/\/open.spotify.com\/show\/5je85cYoaCcWGNo7Nwz2iW?si=1c15f6eb977f4f3d&nd=1&dlsi=d2ab15e5d6624979"]}]}},"_links":{"self":[{"href":"https:\/\/www.dostrajamy.com\/en\/wp-json\/wp\/v2\/product\/2812","targetHints":{"allow":["GET"]}}],"collection":[{"href":"https:\/\/www.dostrajamy.com\/en\/wp-json\/wp\/v2\/product"}],"about":[{"href":"https:\/\/www.dostrajamy.com\/en\/wp-json\/wp\/v2\/types\/product"}],"replies":[{"embeddable":true,"href":"https:\/\/www.dostrajamy.com\/en\/wp-json\/wp\/v2\/comments?post=2812"}],"wp:featuredmedia":[{"embeddable":true,"href":"https:\/\/www.dostrajamy.com\/en\/wp-json\/wp\/v2\/media\/2771"}],"wp:attachment":[{"href":"https:\/\/www.dostrajamy.com\/en\/wp-json\/wp\/v2\/media?parent=2812"}],"wp:term":[{"taxonomy":"product_brand","embeddable":true,"href":"https:\/\/www.dostrajamy.com\/en\/wp-json\/wp\/v2\/product_brand?post=2812"},{"taxonomy":"product_cat","embeddable":true,"href":"https:\/\/www.dostrajamy.com\/en\/wp-json\/wp\/v2\/product_cat?post=2812"},{"taxonomy":"product_tag","embeddable":true,"href":"https:\/\/www.dostrajamy.com\/en\/wp-json\/wp\/v2\/product_tag?post=2812"}],"curies":[{"name":"wp","href":"https:\/\/api.w.org\/{rel}","templated":true}]}}