{"id":2814,"date":"2025-04-30T17:32:45","date_gmt":"2025-04-30T17:32:45","guid":{"rendered":"https:\/\/www.dostrajamy.com\/?post_type=product&#038;p=2814"},"modified":"2025-04-30T18:15:30","modified_gmt":"2025-04-30T18:15:30","slug":"sea-smile-necklace","status":"publish","type":"product","link":"https:\/\/www.dostrajamy.com\/en\/product\/sea-smile-necklace\/","title":{"rendered":"Sea Smile Necklace"},"content":{"rendered":"<h3 data-start=\"645\" data-end=\"933\">\u2728 Sensitive information:<\/h3>\n<p class=\"\" data-start=\"938\" data-end=\"971\"><strong data-start=\"1115\" data-end=\"1125\">Form:<\/strong> A subtle brass rim with resin in marine tones.<br data-start=\"1182\" data-end=\"1185\" \/><strong data-start=\"1185\" data-end=\"1198\">Material:<\/strong> Brass, resin.<br data-start=\"1254\" data-end=\"1257\" \/><strong data-start=\"1257\" data-end=\"1267\">Retail:<\/strong> Resin in marine tones, framed by an elegant, minimalist brass rim.<br data-start=\"1353\" data-end=\"1356\" \/><strong data-start=\"1356\" data-end=\"1372\">Origins:<\/strong> Handmade in the Athens-based Kalliope workshop.<br data-start=\"1420\" data-end=\"1423\" \/><\/p>","protected":false},"excerpt":{"rendered":"<p class=\"\" data-start=\"193\" data-end=\"696\">\ud83c\udf0a <strong data-start=\"196\" data-end=\"250\">Sea Smile Necklace - The Muse of Joy and Lightness<\/strong><br data-start=\"250\" data-end=\"253\" \/><em>Water is a source of life and joy, and its waves bring with them lightness, calmness and positive energy.<\/em><\/p>\n<p class=\"\" data-start=\"193\" data-end=\"696\">The Sea Smile Necklace is like the radiant smile of the ocean - full of joy, lightness and hope. The resin in marine tones, surrounded by a subtle brass rim, creates an elegant form that reflects the harmony of nature and inner energy. This is a necklace that reminds us of the beauty of the moment, of the smile that lights up the world around us.<\/p>\n<p class=\"\" data-start=\"698\" data-end=\"1036\">This is a necklace for those who wish to carry the lightness of the ocean, for those who celebrate the joy of life and are not afraid to open their hearts to joy. For those who know that true strength lies in peace, in simplicity and in joy. For those who wish to surround themselves with positive energy, like the waves that continually rock the shore.<\/p>\n<p class=\"\" data-start=\"1038\" data-end=\"1085\"><strong data-start=\"1038\" data-end=\"1085\">Wear a Sea Smile. Light up your world.<\/strong><\/p>","protected":false},"featured_media":2767,"comment_status":"open","ping_status":"closed","template":"","meta":{"_eb_attr":""},"product_brand":[],"product_cat":[57,34],"product_tag":[68,70,73,71,74,75],"class_list":{"0":"post-2814","1":"product","2":"type-product","3":"status-publish","4":"has-post-thumbnail","6":"product_cat-grecka-bizuteria","7":"product_cat-naszyjniki","8":"product_tag-bizuteria","9":"product_tag-fashion-jewelry","10":"product_tag-krysztal","11":"product_tag-mosiadz","12":"product_tag-naszyjnik","13":"product_tag-zywica","15":"first","16":"instock","17":"shipping-taxable","18":"purchasable","19":"product-type-simple"},"yoast_head":"<!-- This site is optimized with the Yoast SEO plugin v26.6 - https:\/\/yoast.com\/wordpress\/plugins\/seo\/ -->\n<title>Naszyjnik Morski U\u015bmiech - DomiSol - Dostrajamy<\/title>\n<meta name=\"robots\" content=\"index, follow, max-snippet:-1, max-image-preview:large, max-video-preview:-1\" \/>\n<link rel=\"canonical\" href=\"https:\/\/www.dostrajamy.com\/en\/product\/sea-smile-necklace\/\" \/>\n<meta property=\"og:locale\" content=\"en_GB\" \/>\n<meta property=\"og:type\" content=\"article\" \/>\n<meta property=\"og:title\" content=\"Naszyjnik Morski U\u015bmiech - DomiSol - Dostrajamy\" \/>\n<meta property=\"og:description\" content=\"\ud83c\udf0a Naszyjnik Morski U\u015bmiech \u2013 Muza Rado\u015bci i Lekko\u015bciWoda jest \u017ar\u00f3d\u0142em \u017cycia i rado\u015bci, a jej fale nios\u0105 ze sob\u0105 lekko\u015b\u0107, spok\u00f3j i pozytywn\u0105 energi\u0119. Naszyjnik Morski U\u015bmiech to jak promienny u\u015bmiech oceanu \u2013 pe\u0142en rado\u015bci, lekko\u015bci i nadziei. \u017bywica w odcieniach morskich, otoczona subteln\u0105 mosi\u0119\u017cn\u0105 obr\u0119cz\u0105, tworzy eleganck\u0105 form\u0119, kt\u00f3ra odzwierciedla harmoni\u0119 natury i wewn\u0119trznej energii. Jest to naszyjnik, kt\u00f3ry przypomina o pi\u0119knie chwili, o u\u015bmiechu, kt\u00f3ry roz\u015bwietla \u015bwiat wok\u00f3\u0142 nas. To naszyjnik dla tych, kt\u00f3re pragn\u0105 nosi\u0107 na sobie lekko\u015b\u0107 oceanu, dla tych, kt\u00f3re celebruj\u0105 rado\u015b\u0107 \u017cycia i nie boj\u0105 si\u0119 otworzy\u0107 serca na rado\u015b\u0107. Dla tych, kt\u00f3re wiedz\u0105, \u017ce prawdziwa si\u0142a tkwi w spokoju, w prostocie i w rado\u015bci. Dla tych, kt\u00f3re pragn\u0105 otacza\u0107 si\u0119 pozytywn\u0105 energi\u0105, jak fale, kt\u00f3re nieustannie ko\u0142ysz\u0105 si\u0119 na brzegu. Za\u0142\u00f3\u017c Morski U\u015bmiech. Roz\u015bwietl sw\u00f3j \u015bwiat.\" \/>\n<meta property=\"og:url\" content=\"https:\/\/www.dostrajamy.com\/en\/product\/sea-smile-necklace\/\" \/>\n<meta property=\"og:site_name\" content=\"DomiSol - Dostrajamy\" \/>\n<meta property=\"article:publisher\" content=\"https:\/\/www.facebook.com\/domisol.dostrajamy\" \/>\n<meta property=\"article:modified_time\" content=\"2025-04-30T18:15:30+00:00\" \/>\n<meta property=\"og:image\" content=\"https:\/\/www.dostrajamy.com\/wp-content\/uploads\/2025\/04\/IMG_0742-scaled.webp\" \/>\n\t<meta property=\"og:image:width\" content=\"2560\" \/>\n\t<meta property=\"og:image:height\" content=\"2560\" \/>\n\t<meta property=\"og:image:type\" content=\"image\/webp\" \/>\n<meta name=\"twitter:card\" content=\"summary_large_image\" \/>\n<script type=\"application\/ld+json\" class=\"yoast-schema-graph\">{\"@context\":\"https:\/\/schema.org\",\"@graph\":[{\"@type\":\"WebPage\",\"@id\":\"https:\/\/www.dostrajamy.com\/produkt\/naszyjnik-morski-usmiech\/\",\"url\":\"https:\/\/www.dostrajamy.com\/produkt\/naszyjnik-morski-usmiech\/\",\"name\":\"Naszyjnik Morski U\u015bmiech - DomiSol - Dostrajamy\",\"isPartOf\":{\"@id\":\"https:\/\/www.dostrajamy.com\/#website\"},\"primaryImageOfPage\":{\"@id\":\"https:\/\/www.dostrajamy.com\/produkt\/naszyjnik-morski-usmiech\/#primaryimage\"},\"image\":{\"@id\":\"https:\/\/www.dostrajamy.com\/produkt\/naszyjnik-morski-usmiech\/#primaryimage\"},\"thumbnailUrl\":\"https:\/\/www.dostrajamy.com\/wp-content\/uploads\/2025\/04\/IMG_0742-scaled.webp\",\"datePublished\":\"2025-04-30T17:32:45+00:00\",\"dateModified\":\"2025-04-30T18:15:30+00:00\",\"breadcrumb\":{\"@id\":\"https:\/\/www.dostrajamy.com\/produkt\/naszyjnik-morski-usmiech\/#breadcrumb\"},\"inLanguage\":\"en-GB\",\"potentialAction\":[{\"@type\":\"ReadAction\",\"target\":[\"https:\/\/www.dostrajamy.com\/produkt\/naszyjnik-morski-usmiech\/\"]}]},{\"@type\":\"ImageObject\",\"inLanguage\":\"en-GB\",\"@id\":\"https:\/\/www.dostrajamy.com\/produkt\/naszyjnik-morski-usmiech\/#primaryimage\",\"url\":\"https:\/\/www.dostrajamy.com\/wp-content\/uploads\/2025\/04\/IMG_0742-scaled.webp\",\"contentUrl\":\"https:\/\/www.dostrajamy.com\/wp-content\/uploads\/2025\/04\/IMG_0742-scaled.webp\",\"width\":2560,\"height\":2560},{\"@type\":\"BreadcrumbList\",\"@id\":\"https:\/\/www.dostrajamy.com\/produkt\/naszyjnik-morski-usmiech\/#breadcrumb\",\"itemListElement\":[{\"@type\":\"ListItem\",\"position\":1,\"name\":\"Strona g\u0142\u00f3wna\",\"item\":\"https:\/\/www.dostrajamy.com\/\"},{\"@type\":\"ListItem\",\"position\":2,\"name\":\"Sklep\",\"item\":\"https:\/\/www.dostrajamy.com\/sklep\/\"},{\"@type\":\"ListItem\",\"position\":3,\"name\":\"Naszyjnik Morski U\u015bmiech\"}]},{\"@type\":\"WebSite\",\"@id\":\"https:\/\/www.dostrajamy.com\/#website\",\"url\":\"https:\/\/www.dostrajamy.com\/\",\"name\":\"DomiSol - Dostrajamy\",\"description\":\"Dostr\u00f3j si\u0119 do siebie!\",\"publisher\":{\"@id\":\"https:\/\/www.dostrajamy.com\/#organization\"},\"potentialAction\":[{\"@type\":\"SearchAction\",\"target\":{\"@type\":\"EntryPoint\",\"urlTemplate\":\"https:\/\/www.dostrajamy.com\/?s={search_term_string}\"},\"query-input\":{\"@type\":\"PropertyValueSpecification\",\"valueRequired\":true,\"valueName\":\"search_term_string\"}}],\"inLanguage\":\"en-GB\"},{\"@type\":\"Organization\",\"@id\":\"https:\/\/www.dostrajamy.com\/#organization\",\"name\":\"DomiSol - Dostrajamy\",\"url\":\"https:\/\/www.dostrajamy.com\/\",\"logo\":{\"@type\":\"ImageObject\",\"inLanguage\":\"en-GB\",\"@id\":\"https:\/\/www.dostrajamy.com\/#\/schema\/logo\/image\/\",\"url\":\"https:\/\/www.dostrajamy.com\/wp-content\/uploads\/2025\/02\/cropped-Logo_poziom-1-scaled.png\",\"contentUrl\":\"https:\/\/www.dostrajamy.com\/wp-content\/uploads\/2025\/02\/cropped-Logo_poziom-1-scaled.png\",\"width\":2560,\"height\":453,\"caption\":\"DomiSol - Dostrajamy\"},\"image\":{\"@id\":\"https:\/\/www.dostrajamy.com\/#\/schema\/logo\/image\/\"},\"sameAs\":[\"https:\/\/www.facebook.com\/domisol.dostrajamy\",\"https:\/\/www.instagram.com\/domisol.dostrajamy\",\"https:\/\/www.youtube.com\/@dostrajamy\",\"https:\/\/open.spotify.com\/show\/5je85cYoaCcWGNo7Nwz2iW?si=1c15f6eb977f4f3d&nd=1&dlsi=d2ab15e5d6624979\"]}]}<\/script>\n<!-- \/ Yoast SEO plugin. -->","yoast_head_json":{"title":"Sea Smile Necklace - DomiSol - Tune in","robots":{"index":"index","follow":"follow","max-snippet":"max-snippet:-1","max-image-preview":"max-image-preview:large","max-video-preview":"max-video-preview:-1"},"canonical":"https:\/\/www.dostrajamy.com\/en\/product\/sea-smile-necklace\/","og_locale":"en_GB","og_type":"article","og_title":"Naszyjnik Morski U\u015bmiech - DomiSol - Dostrajamy","og_description":"\ud83c\udf0a Naszyjnik Morski U\u015bmiech \u2013 Muza Rado\u015bci i Lekko\u015bciWoda jest \u017ar\u00f3d\u0142em \u017cycia i rado\u015bci, a jej fale nios\u0105 ze sob\u0105 lekko\u015b\u0107, spok\u00f3j i pozytywn\u0105 energi\u0119. Naszyjnik Morski U\u015bmiech to jak promienny u\u015bmiech oceanu \u2013 pe\u0142en rado\u015bci, lekko\u015bci i nadziei. \u017bywica w odcieniach morskich, otoczona subteln\u0105 mosi\u0119\u017cn\u0105 obr\u0119cz\u0105, tworzy eleganck\u0105 form\u0119, kt\u00f3ra odzwierciedla harmoni\u0119 natury i wewn\u0119trznej energii. Jest to naszyjnik, kt\u00f3ry przypomina o pi\u0119knie chwili, o u\u015bmiechu, kt\u00f3ry roz\u015bwietla \u015bwiat wok\u00f3\u0142 nas. To naszyjnik dla tych, kt\u00f3re pragn\u0105 nosi\u0107 na sobie lekko\u015b\u0107 oceanu, dla tych, kt\u00f3re celebruj\u0105 rado\u015b\u0107 \u017cycia i nie boj\u0105 si\u0119 otworzy\u0107 serca na rado\u015b\u0107. Dla tych, kt\u00f3re wiedz\u0105, \u017ce prawdziwa si\u0142a tkwi w spokoju, w prostocie i w rado\u015bci. Dla tych, kt\u00f3re pragn\u0105 otacza\u0107 si\u0119 pozytywn\u0105 energi\u0105, jak fale, kt\u00f3re nieustannie ko\u0142ysz\u0105 si\u0119 na brzegu. Za\u0142\u00f3\u017c Morski U\u015bmiech. Roz\u015bwietl sw\u00f3j \u015bwiat.","og_url":"https:\/\/www.dostrajamy.com\/en\/product\/sea-smile-necklace\/","og_site_name":"DomiSol - Dostrajamy","article_publisher":"https:\/\/www.facebook.com\/domisol.dostrajamy","article_modified_time":"2025-04-30T18:15:30+00:00","og_image":[{"width":2560,"height":2560,"url":"https:\/\/www.dostrajamy.com\/wp-content\/uploads\/2025\/04\/IMG_0742-scaled.webp","type":"image\/webp"}],"twitter_card":"summary_large_image","schema":{"@context":"https:\/\/schema.org","@graph":[{"@type":"WebPage","@id":"https:\/\/www.dostrajamy.com\/produkt\/naszyjnik-morski-usmiech\/","url":"https:\/\/www.dostrajamy.com\/produkt\/naszyjnik-morski-usmiech\/","name":"Sea Smile Necklace - DomiSol - Tune in","isPartOf":{"@id":"https:\/\/www.dostrajamy.com\/#website"},"primaryImageOfPage":{"@id":"https:\/\/www.dostrajamy.com\/produkt\/naszyjnik-morski-usmiech\/#primaryimage"},"image":{"@id":"https:\/\/www.dostrajamy.com\/produkt\/naszyjnik-morski-usmiech\/#primaryimage"},"thumbnailUrl":"https:\/\/www.dostrajamy.com\/wp-content\/uploads\/2025\/04\/IMG_0742-scaled.webp","datePublished":"2025-04-30T17:32:45+00:00","dateModified":"2025-04-30T18:15:30+00:00","breadcrumb":{"@id":"https:\/\/www.dostrajamy.com\/produkt\/naszyjnik-morski-usmiech\/#breadcrumb"},"inLanguage":"en-GB","potentialAction":[{"@type":"ReadAction","target":["https:\/\/www.dostrajamy.com\/produkt\/naszyjnik-morski-usmiech\/"]}]},{"@type":"ImageObject","inLanguage":"en-GB","@id":"https:\/\/www.dostrajamy.com\/produkt\/naszyjnik-morski-usmiech\/#primaryimage","url":"https:\/\/www.dostrajamy.com\/wp-content\/uploads\/2025\/04\/IMG_0742-scaled.webp","contentUrl":"https:\/\/www.dostrajamy.com\/wp-content\/uploads\/2025\/04\/IMG_0742-scaled.webp","width":2560,"height":2560},{"@type":"BreadcrumbList","@id":"https:\/\/www.dostrajamy.com\/produkt\/naszyjnik-morski-usmiech\/#breadcrumb","itemListElement":[{"@type":"ListItem","position":1,"name":"Strona g\u0142\u00f3wna","item":"https:\/\/www.dostrajamy.com\/"},{"@type":"ListItem","position":2,"name":"Sklep","item":"https:\/\/www.dostrajamy.com\/sklep\/"},{"@type":"ListItem","position":3,"name":"Naszyjnik Morski U\u015bmiech"}]},{"@type":"WebSite","@id":"https:\/\/www.dostrajamy.com\/#website","url":"https:\/\/www.dostrajamy.com\/","name":"DomiSol - Dostrajamy","description":"Tune in to yourself!","publisher":{"@id":"https:\/\/www.dostrajamy.com\/#organization"},"potentialAction":[{"@type":"SearchAction","target":{"@type":"EntryPoint","urlTemplate":"https:\/\/www.dostrajamy.com\/?s={search_term_string}"},"query-input":{"@type":"PropertyValueSpecification","valueRequired":true,"valueName":"search_term_string"}}],"inLanguage":"en-GB"},{"@type":"Organization","@id":"https:\/\/www.dostrajamy.com\/#organization","name":"DomiSol - Dostrajamy","url":"https:\/\/www.dostrajamy.com\/","logo":{"@type":"ImageObject","inLanguage":"en-GB","@id":"https:\/\/www.dostrajamy.com\/#\/schema\/logo\/image\/","url":"https:\/\/www.dostrajamy.com\/wp-content\/uploads\/2025\/02\/cropped-Logo_poziom-1-scaled.png","contentUrl":"https:\/\/www.dostrajamy.com\/wp-content\/uploads\/2025\/02\/cropped-Logo_poziom-1-scaled.png","width":2560,"height":453,"caption":"DomiSol - Dostrajamy"},"image":{"@id":"https:\/\/www.dostrajamy.com\/#\/schema\/logo\/image\/"},"sameAs":["https:\/\/www.facebook.com\/domisol.dostrajamy","https:\/\/www.instagram.com\/domisol.dostrajamy","https:\/\/www.youtube.com\/@dostrajamy","https:\/\/open.spotify.com\/show\/5je85cYoaCcWGNo7Nwz2iW?si=1c15f6eb977f4f3d&nd=1&dlsi=d2ab15e5d6624979"]}]}},"_links":{"self":[{"href":"https:\/\/www.dostrajamy.com\/en\/wp-json\/wp\/v2\/product\/2814","targetHints":{"allow":["GET"]}}],"collection":[{"href":"https:\/\/www.dostrajamy.com\/en\/wp-json\/wp\/v2\/product"}],"about":[{"href":"https:\/\/www.dostrajamy.com\/en\/wp-json\/wp\/v2\/types\/product"}],"replies":[{"embeddable":true,"href":"https:\/\/www.dostrajamy.com\/en\/wp-json\/wp\/v2\/comments?post=2814"}],"wp:featuredmedia":[{"embeddable":true,"href":"https:\/\/www.dostrajamy.com\/en\/wp-json\/wp\/v2\/media\/2767"}],"wp:attachment":[{"href":"https:\/\/www.dostrajamy.com\/en\/wp-json\/wp\/v2\/media?parent=2814"}],"wp:term":[{"taxonomy":"product_brand","embeddable":true,"href":"https:\/\/www.dostrajamy.com\/en\/wp-json\/wp\/v2\/product_brand?post=2814"},{"taxonomy":"product_cat","embeddable":true,"href":"https:\/\/www.dostrajamy.com\/en\/wp-json\/wp\/v2\/product_cat?post=2814"},{"taxonomy":"product_tag","embeddable":true,"href":"https:\/\/www.dostrajamy.com\/en\/wp-json\/wp\/v2\/product_tag?post=2814"}],"curies":[{"name":"wp","href":"https:\/\/api.w.org\/{rel}","templated":true}]}}