{"id":2827,"date":"2025-04-30T18:05:26","date_gmt":"2025-04-30T18:05:26","guid":{"rendered":"https:\/\/www.dostrajamy.com\/?post_type=product&#038;p=2827"},"modified":"2025-04-30T18:56:17","modified_gmt":"2025-04-30T18:56:17","slug":"eye-of-wisdom-necklace","status":"publish","type":"product","link":"https:\/\/www.dostrajamy.com\/en\/product\/eye-of-wisdom-necklace\/","title":{"rendered":"Eye of Wisdom Necklace"},"content":{"rendered":"<h3 data-start=\"645\" data-end=\"933\">\u2728<strong>Product features:<\/strong><\/h3>\n<p class=\"\" data-start=\"870\" data-end=\"1251\"><strong data-start=\"893\" data-end=\"903\">Form:<\/strong> Brass rim with transparent resin in the shape of an eye.<br data-start=\"959\" data-end=\"962\" \/><strong data-start=\"962\" data-end=\"975\">Material:<\/strong> Brass, resin.<br data-start=\"992\" data-end=\"995\" \/><strong data-start=\"995\" data-end=\"1011\">Finishing:<\/strong> Natural, subtle resin transparency.<br data-start=\"1055\" data-end=\"1058\" \/><strong data-start=\"1058\" data-end=\"1068\">Retail:<\/strong> The shape of the eye, a symbolic connection to intuition and wisdom.<br data-start=\"1128\" data-end=\"1131\" \/><strong data-start=\"1131\" data-end=\"1147\">Origins:<\/strong> Handmade in the Athens-based Kalliope workshop.<br data-start=\"1195\" data-end=\"1198\" \/><strong data-start=\"1198\" data-end=\"1208\">Attention:<\/strong> Necklace suspended from a brass hoop.<\/p>","protected":false},"excerpt":{"rendered":"<p class=\"\" data-start=\"0\" data-end=\"457\">\ud83d\udc41\ufe0f <strong data-start=\"4\" data-end=\"64\">Eye of Wisdom Necklace - The Muse of Seeing Truth and Intuition<\/strong><\/p>\n<p class=\"\" data-start=\"0\" data-end=\"457\">The Eye of Wisdom necklace is a piece of jewellery that is like a key to understanding yourself and the world around you. The transparent resin formed into the shape of an eye, suspended from a brass hoop, symbolises the ability to see things as they are. The eye is not only an organ of sense - it is also a metaphor for inner vision, which allows one to discover hidden truths and understand the deeper meaning of life.<\/p>\n<p class=\"\" data-start=\"459\" data-end=\"775\">This is a necklace for those who are guided by intuition, seek truth and wish to go beyond the surface. Its transparency represents the purity of vision, while the brass hoop adds strength and stability. Combined, they create a piece of jewellery that is a perfect reminder of the wisdom we have within and around us.<\/p>\n<p class=\"\" data-start=\"777\" data-end=\"863\"><strong data-start=\"777\" data-end=\"863\">Put on the Eye of Wisdom. Feel how you see the world with full understanding and insight.<\/strong><\/p>","protected":false},"featured_media":2779,"comment_status":"open","ping_status":"closed","template":"","meta":{"_eb_attr":""},"product_brand":[],"product_cat":[57,34],"product_tag":[68,70,73,71,74],"class_list":{"0":"post-2827","1":"product","2":"type-product","3":"status-publish","4":"has-post-thumbnail","6":"product_cat-grecka-bizuteria","7":"product_cat-naszyjniki","8":"product_tag-bizuteria","9":"product_tag-fashion-jewelry","10":"product_tag-krysztal","11":"product_tag-mosiadz","12":"product_tag-naszyjnik","14":"first","15":"instock","16":"shipping-taxable","17":"purchasable","18":"product-type-simple"},"yoast_head":"<!-- This site is optimized with the Yoast SEO plugin v26.6 - https:\/\/yoast.com\/wordpress\/plugins\/seo\/ -->\n<title>Naszyjnik Oko M\u0105dro\u015bci - DomiSol - Dostrajamy<\/title>\n<meta name=\"robots\" content=\"index, follow, max-snippet:-1, max-image-preview:large, max-video-preview:-1\" \/>\n<link rel=\"canonical\" href=\"https:\/\/www.dostrajamy.com\/en\/product\/eye-of-wisdom-necklace\/\" \/>\n<meta property=\"og:locale\" content=\"en_GB\" \/>\n<meta property=\"og:type\" content=\"article\" \/>\n<meta property=\"og:title\" content=\"Naszyjnik Oko M\u0105dro\u015bci - DomiSol - Dostrajamy\" \/>\n<meta property=\"og:description\" content=\"\ud83d\udc41\ufe0f Naszyjnik Oko M\u0105dro\u015bci \u2013 Muza Widzenia Prawdy i Intuicji Naszyjnik Oko M\u0105dro\u015bci to bi\u017cuteria, kt\u00f3ra jest jak klucz do zrozumienia siebie i otaczaj\u0105cego \u015bwiata. Przezroczysta \u017cywica uformowana w kszta\u0142t oka, zawieszona na mosi\u0119\u017cnej obr\u0119czy, symbolizuje zdolno\u015b\u0107 widzenia rzeczy takimi, jakimi s\u0105. Oko to nie tylko narz\u0105d zmys\u0142u \u2013 to tak\u017ce metafora wewn\u0119trznego widzenia, kt\u00f3re pozwala odkrywa\u0107 ukryte prawdy i zrozumie\u0107 g\u0142\u0119bsze znaczenie \u017cycia. To naszyjnik dla tych, kt\u00f3rzy kieruj\u0105 si\u0119 intuicj\u0105, szukaj\u0105 prawdy i pragn\u0105 wyj\u015b\u0107 poza powierzchni\u0119. Jego przezroczysto\u015b\u0107 reprezentuje czysto\u015b\u0107 widzenia, a mosi\u0119\u017cna obr\u0119cz dodaje mu si\u0142y i stabilno\u015bci. W po\u0142\u0105czeniu tworz\u0105 bi\u017cuteri\u0119, kt\u00f3ra jest doskona\u0142ym przypomnieniem o m\u0105dro\u015bci, kt\u00f3r\u0105 mamy w sobie i wok\u00f3\u0142 siebie. Za\u0142\u00f3\u017c Oko M\u0105dro\u015bci. Poczuj, jak widzisz \u015bwiat pe\u0142nym zrozumienia i przenikliwo\u015bci.\" \/>\n<meta property=\"og:url\" content=\"https:\/\/www.dostrajamy.com\/en\/product\/eye-of-wisdom-necklace\/\" \/>\n<meta property=\"og:site_name\" content=\"DomiSol - Dostrajamy\" \/>\n<meta property=\"article:publisher\" content=\"https:\/\/www.facebook.com\/domisol.dostrajamy\" \/>\n<meta property=\"article:modified_time\" content=\"2025-04-30T18:56:17+00:00\" \/>\n<meta property=\"og:image\" content=\"https:\/\/www.dostrajamy.com\/wp-content\/uploads\/2025\/04\/IMG_0730-scaled.webp\" \/>\n\t<meta property=\"og:image:width\" content=\"2560\" \/>\n\t<meta property=\"og:image:height\" content=\"2560\" \/>\n\t<meta property=\"og:image:type\" content=\"image\/webp\" \/>\n<meta name=\"twitter:card\" content=\"summary_large_image\" \/>\n<script type=\"application\/ld+json\" class=\"yoast-schema-graph\">{\"@context\":\"https:\/\/schema.org\",\"@graph\":[{\"@type\":\"WebPage\",\"@id\":\"https:\/\/www.dostrajamy.com\/produkt\/naszyjnik-oko-madrosci\/\",\"url\":\"https:\/\/www.dostrajamy.com\/produkt\/naszyjnik-oko-madrosci\/\",\"name\":\"Naszyjnik Oko M\u0105dro\u015bci - DomiSol - Dostrajamy\",\"isPartOf\":{\"@id\":\"https:\/\/www.dostrajamy.com\/#website\"},\"primaryImageOfPage\":{\"@id\":\"https:\/\/www.dostrajamy.com\/produkt\/naszyjnik-oko-madrosci\/#primaryimage\"},\"image\":{\"@id\":\"https:\/\/www.dostrajamy.com\/produkt\/naszyjnik-oko-madrosci\/#primaryimage\"},\"thumbnailUrl\":\"https:\/\/www.dostrajamy.com\/wp-content\/uploads\/2025\/04\/IMG_0730-scaled.webp\",\"datePublished\":\"2025-04-30T18:05:26+00:00\",\"dateModified\":\"2025-04-30T18:56:17+00:00\",\"breadcrumb\":{\"@id\":\"https:\/\/www.dostrajamy.com\/produkt\/naszyjnik-oko-madrosci\/#breadcrumb\"},\"inLanguage\":\"en-GB\",\"potentialAction\":[{\"@type\":\"ReadAction\",\"target\":[\"https:\/\/www.dostrajamy.com\/produkt\/naszyjnik-oko-madrosci\/\"]}]},{\"@type\":\"ImageObject\",\"inLanguage\":\"en-GB\",\"@id\":\"https:\/\/www.dostrajamy.com\/produkt\/naszyjnik-oko-madrosci\/#primaryimage\",\"url\":\"https:\/\/www.dostrajamy.com\/wp-content\/uploads\/2025\/04\/IMG_0730-scaled.webp\",\"contentUrl\":\"https:\/\/www.dostrajamy.com\/wp-content\/uploads\/2025\/04\/IMG_0730-scaled.webp\",\"width\":2560,\"height\":2560},{\"@type\":\"BreadcrumbList\",\"@id\":\"https:\/\/www.dostrajamy.com\/produkt\/naszyjnik-oko-madrosci\/#breadcrumb\",\"itemListElement\":[{\"@type\":\"ListItem\",\"position\":1,\"name\":\"Strona g\u0142\u00f3wna\",\"item\":\"https:\/\/www.dostrajamy.com\/\"},{\"@type\":\"ListItem\",\"position\":2,\"name\":\"Sklep\",\"item\":\"https:\/\/www.dostrajamy.com\/sklep\/\"},{\"@type\":\"ListItem\",\"position\":3,\"name\":\"Naszyjnik Oko M\u0105dro\u015bci\"}]},{\"@type\":\"WebSite\",\"@id\":\"https:\/\/www.dostrajamy.com\/#website\",\"url\":\"https:\/\/www.dostrajamy.com\/\",\"name\":\"DomiSol - Dostrajamy\",\"description\":\"Dostr\u00f3j si\u0119 do siebie!\",\"publisher\":{\"@id\":\"https:\/\/www.dostrajamy.com\/#organization\"},\"potentialAction\":[{\"@type\":\"SearchAction\",\"target\":{\"@type\":\"EntryPoint\",\"urlTemplate\":\"https:\/\/www.dostrajamy.com\/?s={search_term_string}\"},\"query-input\":{\"@type\":\"PropertyValueSpecification\",\"valueRequired\":true,\"valueName\":\"search_term_string\"}}],\"inLanguage\":\"en-GB\"},{\"@type\":\"Organization\",\"@id\":\"https:\/\/www.dostrajamy.com\/#organization\",\"name\":\"DomiSol - Dostrajamy\",\"url\":\"https:\/\/www.dostrajamy.com\/\",\"logo\":{\"@type\":\"ImageObject\",\"inLanguage\":\"en-GB\",\"@id\":\"https:\/\/www.dostrajamy.com\/#\/schema\/logo\/image\/\",\"url\":\"https:\/\/www.dostrajamy.com\/wp-content\/uploads\/2025\/02\/cropped-Logo_poziom-1-scaled.png\",\"contentUrl\":\"https:\/\/www.dostrajamy.com\/wp-content\/uploads\/2025\/02\/cropped-Logo_poziom-1-scaled.png\",\"width\":2560,\"height\":453,\"caption\":\"DomiSol - Dostrajamy\"},\"image\":{\"@id\":\"https:\/\/www.dostrajamy.com\/#\/schema\/logo\/image\/\"},\"sameAs\":[\"https:\/\/www.facebook.com\/domisol.dostrajamy\",\"https:\/\/www.instagram.com\/domisol.dostrajamy\",\"https:\/\/www.youtube.com\/@dostrajamy\",\"https:\/\/open.spotify.com\/show\/5je85cYoaCcWGNo7Nwz2iW?si=1c15f6eb977f4f3d&nd=1&dlsi=d2ab15e5d6624979\"]}]}<\/script>\n<!-- \/ Yoast SEO plugin. -->","yoast_head_json":{"title":"Eye of Wisdom necklace - DomiSol - Tune in","robots":{"index":"index","follow":"follow","max-snippet":"max-snippet:-1","max-image-preview":"max-image-preview:large","max-video-preview":"max-video-preview:-1"},"canonical":"https:\/\/www.dostrajamy.com\/en\/product\/eye-of-wisdom-necklace\/","og_locale":"en_GB","og_type":"article","og_title":"Naszyjnik Oko M\u0105dro\u015bci - DomiSol - Dostrajamy","og_description":"\ud83d\udc41\ufe0f Naszyjnik Oko M\u0105dro\u015bci \u2013 Muza Widzenia Prawdy i Intuicji Naszyjnik Oko M\u0105dro\u015bci to bi\u017cuteria, kt\u00f3ra jest jak klucz do zrozumienia siebie i otaczaj\u0105cego \u015bwiata. Przezroczysta \u017cywica uformowana w kszta\u0142t oka, zawieszona na mosi\u0119\u017cnej obr\u0119czy, symbolizuje zdolno\u015b\u0107 widzenia rzeczy takimi, jakimi s\u0105. Oko to nie tylko narz\u0105d zmys\u0142u \u2013 to tak\u017ce metafora wewn\u0119trznego widzenia, kt\u00f3re pozwala odkrywa\u0107 ukryte prawdy i zrozumie\u0107 g\u0142\u0119bsze znaczenie \u017cycia. To naszyjnik dla tych, kt\u00f3rzy kieruj\u0105 si\u0119 intuicj\u0105, szukaj\u0105 prawdy i pragn\u0105 wyj\u015b\u0107 poza powierzchni\u0119. Jego przezroczysto\u015b\u0107 reprezentuje czysto\u015b\u0107 widzenia, a mosi\u0119\u017cna obr\u0119cz dodaje mu si\u0142y i stabilno\u015bci. W po\u0142\u0105czeniu tworz\u0105 bi\u017cuteri\u0119, kt\u00f3ra jest doskona\u0142ym przypomnieniem o m\u0105dro\u015bci, kt\u00f3r\u0105 mamy w sobie i wok\u00f3\u0142 siebie. Za\u0142\u00f3\u017c Oko M\u0105dro\u015bci. Poczuj, jak widzisz \u015bwiat pe\u0142nym zrozumienia i przenikliwo\u015bci.","og_url":"https:\/\/www.dostrajamy.com\/en\/product\/eye-of-wisdom-necklace\/","og_site_name":"DomiSol - Dostrajamy","article_publisher":"https:\/\/www.facebook.com\/domisol.dostrajamy","article_modified_time":"2025-04-30T18:56:17+00:00","og_image":[{"width":2560,"height":2560,"url":"https:\/\/www.dostrajamy.com\/wp-content\/uploads\/2025\/04\/IMG_0730-scaled.webp","type":"image\/webp"}],"twitter_card":"summary_large_image","schema":{"@context":"https:\/\/schema.org","@graph":[{"@type":"WebPage","@id":"https:\/\/www.dostrajamy.com\/produkt\/naszyjnik-oko-madrosci\/","url":"https:\/\/www.dostrajamy.com\/produkt\/naszyjnik-oko-madrosci\/","name":"Eye of Wisdom necklace - DomiSol - Tune in","isPartOf":{"@id":"https:\/\/www.dostrajamy.com\/#website"},"primaryImageOfPage":{"@id":"https:\/\/www.dostrajamy.com\/produkt\/naszyjnik-oko-madrosci\/#primaryimage"},"image":{"@id":"https:\/\/www.dostrajamy.com\/produkt\/naszyjnik-oko-madrosci\/#primaryimage"},"thumbnailUrl":"https:\/\/www.dostrajamy.com\/wp-content\/uploads\/2025\/04\/IMG_0730-scaled.webp","datePublished":"2025-04-30T18:05:26+00:00","dateModified":"2025-04-30T18:56:17+00:00","breadcrumb":{"@id":"https:\/\/www.dostrajamy.com\/produkt\/naszyjnik-oko-madrosci\/#breadcrumb"},"inLanguage":"en-GB","potentialAction":[{"@type":"ReadAction","target":["https:\/\/www.dostrajamy.com\/produkt\/naszyjnik-oko-madrosci\/"]}]},{"@type":"ImageObject","inLanguage":"en-GB","@id":"https:\/\/www.dostrajamy.com\/produkt\/naszyjnik-oko-madrosci\/#primaryimage","url":"https:\/\/www.dostrajamy.com\/wp-content\/uploads\/2025\/04\/IMG_0730-scaled.webp","contentUrl":"https:\/\/www.dostrajamy.com\/wp-content\/uploads\/2025\/04\/IMG_0730-scaled.webp","width":2560,"height":2560},{"@type":"BreadcrumbList","@id":"https:\/\/www.dostrajamy.com\/produkt\/naszyjnik-oko-madrosci\/#breadcrumb","itemListElement":[{"@type":"ListItem","position":1,"name":"Strona g\u0142\u00f3wna","item":"https:\/\/www.dostrajamy.com\/"},{"@type":"ListItem","position":2,"name":"Sklep","item":"https:\/\/www.dostrajamy.com\/sklep\/"},{"@type":"ListItem","position":3,"name":"Naszyjnik Oko M\u0105dro\u015bci"}]},{"@type":"WebSite","@id":"https:\/\/www.dostrajamy.com\/#website","url":"https:\/\/www.dostrajamy.com\/","name":"DomiSol - Dostrajamy","description":"Tune in to yourself!","publisher":{"@id":"https:\/\/www.dostrajamy.com\/#organization"},"potentialAction":[{"@type":"SearchAction","target":{"@type":"EntryPoint","urlTemplate":"https:\/\/www.dostrajamy.com\/?s={search_term_string}"},"query-input":{"@type":"PropertyValueSpecification","valueRequired":true,"valueName":"search_term_string"}}],"inLanguage":"en-GB"},{"@type":"Organization","@id":"https:\/\/www.dostrajamy.com\/#organization","name":"DomiSol - Dostrajamy","url":"https:\/\/www.dostrajamy.com\/","logo":{"@type":"ImageObject","inLanguage":"en-GB","@id":"https:\/\/www.dostrajamy.com\/#\/schema\/logo\/image\/","url":"https:\/\/www.dostrajamy.com\/wp-content\/uploads\/2025\/02\/cropped-Logo_poziom-1-scaled.png","contentUrl":"https:\/\/www.dostrajamy.com\/wp-content\/uploads\/2025\/02\/cropped-Logo_poziom-1-scaled.png","width":2560,"height":453,"caption":"DomiSol - Dostrajamy"},"image":{"@id":"https:\/\/www.dostrajamy.com\/#\/schema\/logo\/image\/"},"sameAs":["https:\/\/www.facebook.com\/domisol.dostrajamy","https:\/\/www.instagram.com\/domisol.dostrajamy","https:\/\/www.youtube.com\/@dostrajamy","https:\/\/open.spotify.com\/show\/5je85cYoaCcWGNo7Nwz2iW?si=1c15f6eb977f4f3d&nd=1&dlsi=d2ab15e5d6624979"]}]}},"_links":{"self":[{"href":"https:\/\/www.dostrajamy.com\/en\/wp-json\/wp\/v2\/product\/2827","targetHints":{"allow":["GET"]}}],"collection":[{"href":"https:\/\/www.dostrajamy.com\/en\/wp-json\/wp\/v2\/product"}],"about":[{"href":"https:\/\/www.dostrajamy.com\/en\/wp-json\/wp\/v2\/types\/product"}],"replies":[{"embeddable":true,"href":"https:\/\/www.dostrajamy.com\/en\/wp-json\/wp\/v2\/comments?post=2827"}],"wp:featuredmedia":[{"embeddable":true,"href":"https:\/\/www.dostrajamy.com\/en\/wp-json\/wp\/v2\/media\/2779"}],"wp:attachment":[{"href":"https:\/\/www.dostrajamy.com\/en\/wp-json\/wp\/v2\/media?parent=2827"}],"wp:term":[{"taxonomy":"product_brand","embeddable":true,"href":"https:\/\/www.dostrajamy.com\/en\/wp-json\/wp\/v2\/product_brand?post=2827"},{"taxonomy":"product_cat","embeddable":true,"href":"https:\/\/www.dostrajamy.com\/en\/wp-json\/wp\/v2\/product_cat?post=2827"},{"taxonomy":"product_tag","embeddable":true,"href":"https:\/\/www.dostrajamy.com\/en\/wp-json\/wp\/v2\/product_tag?post=2827"}],"curies":[{"name":"wp","href":"https:\/\/api.w.org\/{rel}","templated":true}]}}