{"id":2876,"date":"2025-05-01T06:15:29","date_gmt":"2025-05-01T06:15:29","guid":{"rendered":"https:\/\/www.dostrajamy.com\/?post_type=product&#038;p=2876"},"modified":"2026-03-10T12:03:37","modified_gmt":"2026-03-10T12:03:37","slug":"body-gown","status":"publish","type":"product","link":"https:\/\/www.dostrajamy.com\/en\/product\/body-gown\/","title":{"rendered":"Dress BODY - Unleash the Beauty of Your Body \/ TO ORDER"},"content":{"rendered":"<h3><strong>\u2728 Suknia CIA\u0141O &#8211; Uwolnij Pi\u0119kno Swojego Cia\u0142a \u2728<\/strong><\/h3>\n<p class=\"\" data-start=\"181\" data-end=\"586\">Suknia Cia\u0142o to ho\u0142d dla Twojego cia\u0142a, kt\u00f3re z ka\u017cd\u0105 chwil\u0105 ro\u015bnie w si\u0142\u0119, naturalnie i z wdzi\u0119kiem. Jasny be\u017c, niczym delikatny piasek pustyni, otula Ci\u0119, pozwalaj\u0105c poczu\u0107 si\u0119 dobrze w swojej sk\u00f3rze. To zaproszenie do pe\u0142nego przyj\u0119cia siebie, z ka\u017cd\u0105 jego krzywizn\u0105 i kszta\u0142tem. Ta suknia to celebracja cia\u0142a, kt\u00f3re zyskuje swoj\u0105 moc w akceptacji, w l\u017cejszym spojrzeniu na siebie. Jej delikatny kolor to symbol czu\u0142o\u015bci, subtelno\u015bci i spokoju, kt\u00f3ry emanuje z wn\u0119trza.<\/p>\n<p class=\"\" data-start=\"588\" data-end=\"984\">Kamie\u0144 piasek pustyni dzia\u0142a jak spokojny oddech, przypominaj\u0105c Ci, \u017ce prawdziwa si\u0142a pochodzi z wn\u0119trza \u2013 z przestrzeni, w kt\u00f3rej akceptacja i mi\u0142o\u015b\u0107 do samej siebie s\u0105 fundamentem. \u017b\u00f3\u0142ty turmalin wprowadza poczucie rado\u015bci, pozwalaj\u0105c Ci cieszy\u0107 si\u0119 ka\u017cd\u0105 chwil\u0105, ka\u017cdym ruchem, ka\u017cdym krokiem. Hematyt natomiast zakotwicza Ci\u0119 w realno\u015bci, przywracaj\u0105c poczucie stabilno\u015bci i wewn\u0119trznej si\u0142y.<\/p>\n<p class=\"\" data-start=\"986\" data-end=\"1275\">Suknia Cia\u0142o opowiada histori\u0119 o tym, jak wa\u017cne jest poczucie komfortu i spokoju we w\u0142asnej sk\u00f3rze, o tym, jak cudownie jest by\u0107 w pe\u0142ni \u015bwiadom\u0105 siebie, z ka\u017cdym oddechem i ruchem. To suknia dla kobiet, kt\u00f3re ucz\u0105 si\u0119 kocha\u0107 swoje cia\u0142o, kt\u00f3re wiedz\u0105, \u017ce w akceptacji tkwi prawdziwa si\u0142a.<\/p>\n<p class=\"\" data-start=\"1277\" data-end=\"1310\"><strong data-start=\"1277\" data-end=\"1310\">Uwolnij Pi\u0119kno Swojego Cia\u0142a.<\/strong><\/p>\n<p>&nbsp;<\/p>\n<hr class=\"\" data-start=\"1542\" data-end=\"1545\" \/>\n<h3 data-start=\"106\" data-end=\"286\"><strong>\u2728<\/strong><strong data-start=\"1551\" data-end=\"1571\">Sensitive information:<\/strong><\/h3>\n<p><strong>Material:<\/strong> 100% cotton muslin. A thin, light, airy, breathable fabric - gently wraps the body and works freely in movement, natural, skin-friendly, with a soft, slightly crinkled weave that becomes even more refined with time.<\/p>\n<p><strong>Colour<\/strong>: be\u017c, cielisty.<\/p>\n<p><strong>Length:<\/strong> Maxi, the model is 173 cm tall. Can be adjusted for height, in which case please state your height in the order notes.<\/p>\n<p><strong>Cut:<\/strong> A loose, casual maxi dress with a rounded neckline, embellished with jewellery on the back. The model can be worn in various ways: with the jewellery on the back, with the jewellery turned to the front or loosely with the jewellery detached. The dress has darts that can be tied from the centre emphasising the waist and bust or worn loose, depending on your styling and mood.<\/p>\n<p><strong>Design:<\/strong> No zips or fastenings. Form designed for comfort, lightness and complete freedom of movement.<\/p>\n<p><strong>Jewellery:<\/strong> Jewellery made from natural stones, hand woven and pinned to the dress, finished with gold filled elements. Detachable, can be worn with or without the jewellery, in which case you can wear the jewellery as two bracelets.<\/p>\n<p><strong>Front:<\/strong> Embellished with a scrambled stone arrangement inspired by the Elizabethan acrostic cipher.<\/p>\n<p><strong>Performance:<\/strong> Model sewn by hand in a single piece. Each batik is unique - the pattern layout will always be one of a kind.<\/p>\n<p><strong>Order:<\/strong> Each dress in the Voice of the Soul collection is sewn <strong>made to order<\/strong>, with intention and attunement to the woman who wears it, lead time: maximum 2 weeks.<\/p>\n<p><strong>Creation:<\/strong> Designed and sewn in Poland with love and care. I create the dresses myself, from start to finish every element is handmade by me.<\/p>\n<hr class=\"\" data-start=\"1542\" data-end=\"1545\" \/>\n<h3 class=\"\" data-start=\"1547\" data-end=\"1571\"><\/h3>\n<h3 data-start=\"106\" data-end=\"286\"><strong>\ud83c\udf3f\u2728 Care recommendations for your soul dress:<\/strong><\/h3>\n<p class=\"\" data-start=\"106\" data-end=\"286\">To ensure that your dress will accompany you for many years \u2014 like a talisman and a second skin \u2014 treat it with care and attention.<\/p>\n<p class=\"\" data-start=\"288\" data-end=\"784\">\ud83c\udf38 Before bathing in water <strong>remove her jewellery<\/strong> \u2014 let the stones rest separately.<br data-start=\"372\" data-end=\"375\" \/>\ud83c\udf0a <strong>Hand wash<\/strong> in water at a temperature of up to 30\u00b0C, in a gentle mood, without the use of harsh chemicals.<br data-start=\"485\" data-end=\"488\" \/>\ud83d\udca7 <strong>Avoid<\/strong> contact with fragrances and intense mists \u2013 especially perfumes \u2013 to keep the fabric and jewellery details clean.<br data-start=\"634\" data-end=\"637\" \/>\ud83c\udf2c <strong>Iron<\/strong> with tenderness, on the left side, as if you were caressing a memory.<br data-start=\"706\" data-end=\"709\" \/>\ud83c\udf19 <strong>Do not bleach<\/strong> \u2013 the natural shade of the dress carries the song of its history.<br \/>\n\u2600\ufe0f Let the dress <strong>dry out<\/strong> in a natural rhythm \u2013 preferably flat or on a hanger, in the shade.<\/p>\n<p class=\"\" data-start=\"786\" data-end=\"1032\">This dress was created to live with you in rhythm \u2013 taking care of it is like taking care of a part of your own history \u2728<\/p>\n<p class=\"\" data-start=\"1034\" data-end=\"1129\">Wrap yourself in it with mindfulness \u2013 and let your moments together be like a dance of light and shadow.<\/p>\n<p>&nbsp;<\/p>\n<hr class=\"\" data-start=\"1542\" data-end=\"1545\" \/>\n<h3 class=\"\" data-start=\"1547\" data-end=\"1571\"><\/h3>\n<h3 data-start=\"103\" data-end=\"469\"><strong>\u2728 For your harmony and comfort:<\/strong><\/h3>\n<p class=\"\" data-start=\"103\" data-end=\"469\">The model in the photograph is 173 cm tall.<br data-start=\"174\" data-end=\"177\" \/>If you want the dress to fit your body and height perfectly, we will be happy to <strong>I will shorten it for you at no extra charge.<\/strong><br data-start=\"311\" data-end=\"314\" \/>All you need to do is include in the message <strong>When purchasing, please provide your height.<\/strong> \u2014 together, we will ensure that the length is exactly what your figure and energy need.<\/p>\n<p class=\"\" data-start=\"471\" data-end=\"645\">At DomiSol \u2013 Dostrajamy, we believe that every woman deserves clothing that not only adorns her, but also resonates with her movement, rhythm, and history. A dress should flow with you, not against you. \u2728<\/p>\n<p data-start=\"471\" data-end=\"645\">\ud83c\udf00 With love for beauty and the senses,<br data-start=\"1165\" data-end=\"1168\" \/>DomiSol<\/p>","protected":false},"excerpt":{"rendered":"<p>Pe\u0142nia. Zmys\u0142owo\u015b\u0107. Odbicie siebie w ka\u017cdym detalu. Suknia, kt\u00f3ra celebruje Twoje cia\u0142o w pe\u0142nej harmonii. Opowie\u015b\u0107 o Twoim ciele, kt\u00f3re zas\u0142uguje na mi\u0142o\u015b\u0107, szacunek i przestrze\u0144.<\/p>","protected":false},"featured_media":2881,"comment_status":"open","ping_status":"closed","template":"","meta":{"_eb_attr":""},"product_brand":[58],"product_cat":[137,43,85,111],"product_tag":[63,83,59,84,61,62,67],"class_list":{"0":"post-2876","1":"product","2":"type-product","3":"status-publish","4":"has-post-thumbnail","6":"product_brand-domisol","7":"product_cat-suknia-szata","8":"product_cat-bizuteryjne-suknie","9":"product_cat-kolekcja-glos-duszy","10":"product_cat-na-zamowienie","11":"product_tag-bawelna","12":"product_tag-kobieta","13":"product_tag-moda","14":"product_tag-muslin","15":"product_tag-piekno","16":"product_tag-suknia","17":"product_tag-szata","19":"first","20":"onbackorder","21":"shipping-taxable","22":"purchasable","23":"product-type-simple"},"yoast_head":"<!-- This site is optimized with the Yoast SEO plugin v26.6 - https:\/\/yoast.com\/wordpress\/plugins\/seo\/ -->\n<title>Suknia CIA\u0141O - Uwolnij Pi\u0119kno Swojego Cia\u0142a \/ NA ZAM\u00d3WIENIE - DomiSol - Dostrajamy<\/title>\n<meta name=\"robots\" content=\"index, follow, max-snippet:-1, max-image-preview:large, max-video-preview:-1\" \/>\n<link rel=\"canonical\" href=\"https:\/\/www.dostrajamy.com\/en\/product\/body-gown\/\" \/>\n<meta property=\"og:locale\" content=\"en_GB\" \/>\n<meta property=\"og:type\" content=\"article\" \/>\n<meta property=\"og:title\" content=\"Suknia CIA\u0141O - Uwolnij Pi\u0119kno Swojego Cia\u0142a \/ NA ZAM\u00d3WIENIE - DomiSol - Dostrajamy\" \/>\n<meta property=\"og:description\" content=\"Pe\u0142nia. Zmys\u0142owo\u015b\u0107. Odbicie siebie w ka\u017cdym detalu. Suknia, kt\u00f3ra celebruje Twoje cia\u0142o w pe\u0142nej harmonii. Opowie\u015b\u0107 o Twoim ciele, kt\u00f3re zas\u0142uguje na mi\u0142o\u015b\u0107, szacunek i przestrze\u0144.\" \/>\n<meta property=\"og:url\" content=\"https:\/\/www.dostrajamy.com\/en\/product\/body-gown\/\" \/>\n<meta property=\"og:site_name\" content=\"DomiSol - Dostrajamy\" \/>\n<meta property=\"article:publisher\" content=\"https:\/\/www.facebook.com\/domisol.dostrajamy\" \/>\n<meta property=\"article:modified_time\" content=\"2026-03-10T12:03:37+00:00\" \/>\n<meta name=\"twitter:card\" content=\"summary_large_image\" \/>\n<meta name=\"twitter:label1\" content=\"Estimated reading time\" \/>\n\t<meta name=\"twitter:data1\" content=\"5 minutes\" \/>\n<script type=\"application\/ld+json\" class=\"yoast-schema-graph\">{\"@context\":\"https:\/\/schema.org\",\"@graph\":[{\"@type\":\"WebPage\",\"@id\":\"https:\/\/www.dostrajamy.com\/produkt\/suknia-cialo\/\",\"url\":\"https:\/\/www.dostrajamy.com\/produkt\/suknia-cialo\/\",\"name\":\"Suknia CIA\u0141O - Uwolnij Pi\u0119kno Swojego Cia\u0142a \/ NA ZAM\u00d3WIENIE - DomiSol - Dostrajamy\",\"isPartOf\":{\"@id\":\"https:\/\/www.dostrajamy.com\/#website\"},\"primaryImageOfPage\":{\"@id\":\"https:\/\/www.dostrajamy.com\/produkt\/suknia-cialo\/#primaryimage\"},\"image\":{\"@id\":\"https:\/\/www.dostrajamy.com\/produkt\/suknia-cialo\/#primaryimage\"},\"thumbnailUrl\":\"https:\/\/www.dostrajamy.com\/wp-content\/uploads\/2025\/05\/IMG_0492-scaled.jpg\",\"datePublished\":\"2025-05-01T06:15:29+00:00\",\"dateModified\":\"2026-03-10T12:03:37+00:00\",\"breadcrumb\":{\"@id\":\"https:\/\/www.dostrajamy.com\/produkt\/suknia-cialo\/#breadcrumb\"},\"inLanguage\":\"en-GB\",\"potentialAction\":[{\"@type\":\"ReadAction\",\"target\":[\"https:\/\/www.dostrajamy.com\/produkt\/suknia-cialo\/\"]}]},{\"@type\":\"ImageObject\",\"inLanguage\":\"en-GB\",\"@id\":\"https:\/\/www.dostrajamy.com\/produkt\/suknia-cialo\/#primaryimage\",\"url\":\"https:\/\/www.dostrajamy.com\/wp-content\/uploads\/2025\/05\/IMG_0492-scaled.jpg\",\"contentUrl\":\"https:\/\/www.dostrajamy.com\/wp-content\/uploads\/2025\/05\/IMG_0492-scaled.jpg\",\"width\":1920,\"height\":2560},{\"@type\":\"BreadcrumbList\",\"@id\":\"https:\/\/www.dostrajamy.com\/produkt\/suknia-cialo\/#breadcrumb\",\"itemListElement\":[{\"@type\":\"ListItem\",\"position\":1,\"name\":\"Strona g\u0142\u00f3wna\",\"item\":\"https:\/\/www.dostrajamy.com\/\"},{\"@type\":\"ListItem\",\"position\":2,\"name\":\"Sklep\",\"item\":\"https:\/\/www.dostrajamy.com\/sklep\/\"},{\"@type\":\"ListItem\",\"position\":3,\"name\":\"Suknia CIA\u0141O &#8211; Uwolnij Pi\u0119kno Swojego Cia\u0142a \/ NA ZAM\u00d3WIENIE\"}]},{\"@type\":\"WebSite\",\"@id\":\"https:\/\/www.dostrajamy.com\/#website\",\"url\":\"https:\/\/www.dostrajamy.com\/\",\"name\":\"DomiSol - Dostrajamy\",\"description\":\"Dostr\u00f3j si\u0119 do siebie!\",\"publisher\":{\"@id\":\"https:\/\/www.dostrajamy.com\/#organization\"},\"potentialAction\":[{\"@type\":\"SearchAction\",\"target\":{\"@type\":\"EntryPoint\",\"urlTemplate\":\"https:\/\/www.dostrajamy.com\/?s={search_term_string}\"},\"query-input\":{\"@type\":\"PropertyValueSpecification\",\"valueRequired\":true,\"valueName\":\"search_term_string\"}}],\"inLanguage\":\"en-GB\"},{\"@type\":\"Organization\",\"@id\":\"https:\/\/www.dostrajamy.com\/#organization\",\"name\":\"DomiSol - Dostrajamy\",\"url\":\"https:\/\/www.dostrajamy.com\/\",\"logo\":{\"@type\":\"ImageObject\",\"inLanguage\":\"en-GB\",\"@id\":\"https:\/\/www.dostrajamy.com\/#\/schema\/logo\/image\/\",\"url\":\"https:\/\/www.dostrajamy.com\/wp-content\/uploads\/2025\/02\/cropped-Logo_poziom-1-scaled.png\",\"contentUrl\":\"https:\/\/www.dostrajamy.com\/wp-content\/uploads\/2025\/02\/cropped-Logo_poziom-1-scaled.png\",\"width\":2560,\"height\":453,\"caption\":\"DomiSol - Dostrajamy\"},\"image\":{\"@id\":\"https:\/\/www.dostrajamy.com\/#\/schema\/logo\/image\/\"},\"sameAs\":[\"https:\/\/www.facebook.com\/domisol.dostrajamy\",\"https:\/\/www.instagram.com\/domisol.dostrajamy\",\"https:\/\/www.youtube.com\/@dostrajamy\",\"https:\/\/open.spotify.com\/show\/5je85cYoaCcWGNo7Nwz2iW?si=1c15f6eb977f4f3d&nd=1&dlsi=d2ab15e5d6624979\"]}]}<\/script>\n<!-- \/ Yoast SEO plugin. -->","yoast_head_json":{"title":"Suknia CIA\u0141O - Uwolnij Pi\u0119kno Swojego Cia\u0142a \/ NA ZAM\u00d3WIENIE - DomiSol - Dostrajamy","robots":{"index":"index","follow":"follow","max-snippet":"max-snippet:-1","max-image-preview":"max-image-preview:large","max-video-preview":"max-video-preview:-1"},"canonical":"https:\/\/www.dostrajamy.com\/en\/product\/body-gown\/","og_locale":"en_GB","og_type":"article","og_title":"Suknia CIA\u0141O - Uwolnij Pi\u0119kno Swojego Cia\u0142a \/ NA ZAM\u00d3WIENIE - DomiSol - Dostrajamy","og_description":"Pe\u0142nia. Zmys\u0142owo\u015b\u0107. Odbicie siebie w ka\u017cdym detalu. Suknia, kt\u00f3ra celebruje Twoje cia\u0142o w pe\u0142nej harmonii. Opowie\u015b\u0107 o Twoim ciele, kt\u00f3re zas\u0142uguje na mi\u0142o\u015b\u0107, szacunek i przestrze\u0144.","og_url":"https:\/\/www.dostrajamy.com\/en\/product\/body-gown\/","og_site_name":"DomiSol - Dostrajamy","article_publisher":"https:\/\/www.facebook.com\/domisol.dostrajamy","article_modified_time":"2026-03-10T12:03:37+00:00","twitter_card":"summary_large_image","twitter_misc":{"Estimated reading time":"5 minutes"},"schema":{"@context":"https:\/\/schema.org","@graph":[{"@type":"WebPage","@id":"https:\/\/www.dostrajamy.com\/produkt\/suknia-cialo\/","url":"https:\/\/www.dostrajamy.com\/produkt\/suknia-cialo\/","name":"Suknia CIA\u0141O - Uwolnij Pi\u0119kno Swojego Cia\u0142a \/ NA ZAM\u00d3WIENIE - DomiSol - Dostrajamy","isPartOf":{"@id":"https:\/\/www.dostrajamy.com\/#website"},"primaryImageOfPage":{"@id":"https:\/\/www.dostrajamy.com\/produkt\/suknia-cialo\/#primaryimage"},"image":{"@id":"https:\/\/www.dostrajamy.com\/produkt\/suknia-cialo\/#primaryimage"},"thumbnailUrl":"https:\/\/www.dostrajamy.com\/wp-content\/uploads\/2025\/05\/IMG_0492-scaled.jpg","datePublished":"2025-05-01T06:15:29+00:00","dateModified":"2026-03-10T12:03:37+00:00","breadcrumb":{"@id":"https:\/\/www.dostrajamy.com\/produkt\/suknia-cialo\/#breadcrumb"},"inLanguage":"en-GB","potentialAction":[{"@type":"ReadAction","target":["https:\/\/www.dostrajamy.com\/produkt\/suknia-cialo\/"]}]},{"@type":"ImageObject","inLanguage":"en-GB","@id":"https:\/\/www.dostrajamy.com\/produkt\/suknia-cialo\/#primaryimage","url":"https:\/\/www.dostrajamy.com\/wp-content\/uploads\/2025\/05\/IMG_0492-scaled.jpg","contentUrl":"https:\/\/www.dostrajamy.com\/wp-content\/uploads\/2025\/05\/IMG_0492-scaled.jpg","width":1920,"height":2560},{"@type":"BreadcrumbList","@id":"https:\/\/www.dostrajamy.com\/produkt\/suknia-cialo\/#breadcrumb","itemListElement":[{"@type":"ListItem","position":1,"name":"Strona g\u0142\u00f3wna","item":"https:\/\/www.dostrajamy.com\/"},{"@type":"ListItem","position":2,"name":"Sklep","item":"https:\/\/www.dostrajamy.com\/sklep\/"},{"@type":"ListItem","position":3,"name":"Suknia CIA\u0141O &#8211; Uwolnij Pi\u0119kno Swojego Cia\u0142a \/ NA ZAM\u00d3WIENIE"}]},{"@type":"WebSite","@id":"https:\/\/www.dostrajamy.com\/#website","url":"https:\/\/www.dostrajamy.com\/","name":"DomiSol - Dostrajamy","description":"Tune in to yourself!","publisher":{"@id":"https:\/\/www.dostrajamy.com\/#organization"},"potentialAction":[{"@type":"SearchAction","target":{"@type":"EntryPoint","urlTemplate":"https:\/\/www.dostrajamy.com\/?s={search_term_string}"},"query-input":{"@type":"PropertyValueSpecification","valueRequired":true,"valueName":"search_term_string"}}],"inLanguage":"en-GB"},{"@type":"Organization","@id":"https:\/\/www.dostrajamy.com\/#organization","name":"DomiSol - Dostrajamy","url":"https:\/\/www.dostrajamy.com\/","logo":{"@type":"ImageObject","inLanguage":"en-GB","@id":"https:\/\/www.dostrajamy.com\/#\/schema\/logo\/image\/","url":"https:\/\/www.dostrajamy.com\/wp-content\/uploads\/2025\/02\/cropped-Logo_poziom-1-scaled.png","contentUrl":"https:\/\/www.dostrajamy.com\/wp-content\/uploads\/2025\/02\/cropped-Logo_poziom-1-scaled.png","width":2560,"height":453,"caption":"DomiSol - Dostrajamy"},"image":{"@id":"https:\/\/www.dostrajamy.com\/#\/schema\/logo\/image\/"},"sameAs":["https:\/\/www.facebook.com\/domisol.dostrajamy","https:\/\/www.instagram.com\/domisol.dostrajamy","https:\/\/www.youtube.com\/@dostrajamy","https:\/\/open.spotify.com\/show\/5je85cYoaCcWGNo7Nwz2iW?si=1c15f6eb977f4f3d&nd=1&dlsi=d2ab15e5d6624979"]}]}},"_links":{"self":[{"href":"https:\/\/www.dostrajamy.com\/en\/wp-json\/wp\/v2\/product\/2876","targetHints":{"allow":["GET"]}}],"collection":[{"href":"https:\/\/www.dostrajamy.com\/en\/wp-json\/wp\/v2\/product"}],"about":[{"href":"https:\/\/www.dostrajamy.com\/en\/wp-json\/wp\/v2\/types\/product"}],"replies":[{"embeddable":true,"href":"https:\/\/www.dostrajamy.com\/en\/wp-json\/wp\/v2\/comments?post=2876"}],"wp:featuredmedia":[{"embeddable":true,"href":"https:\/\/www.dostrajamy.com\/en\/wp-json\/wp\/v2\/media\/2881"}],"wp:attachment":[{"href":"https:\/\/www.dostrajamy.com\/en\/wp-json\/wp\/v2\/media?parent=2876"}],"wp:term":[{"taxonomy":"product_brand","embeddable":true,"href":"https:\/\/www.dostrajamy.com\/en\/wp-json\/wp\/v2\/product_brand?post=2876"},{"taxonomy":"product_cat","embeddable":true,"href":"https:\/\/www.dostrajamy.com\/en\/wp-json\/wp\/v2\/product_cat?post=2876"},{"taxonomy":"product_tag","embeddable":true,"href":"https:\/\/www.dostrajamy.com\/en\/wp-json\/wp\/v2\/product_tag?post=2876"}],"curies":[{"name":"wp","href":"https:\/\/api.w.org\/{rel}","templated":true}]}}