{"id":2877,"date":"2025-05-01T06:15:32","date_gmt":"2025-05-01T06:15:32","guid":{"rendered":"https:\/\/www.dostrajamy.com\/?post_type=product&#038;p=2877"},"modified":"2026-03-10T12:02:59","modified_gmt":"2026-03-10T12:02:59","slug":"mothers-dress","status":"publish","type":"product","link":"https:\/\/www.dostrajamy.com\/en\/product\/mothers-dress\/","title":{"rendered":"Mother's dress - Time for your Inner Strength \/ TO ORDER"},"content":{"rendered":"<h3><strong>\u2728 Mother's dress - Time for your Inner Strength \u2728<\/strong><\/h3>\n<p class=\"\" data-start=\"232\" data-end=\"450\">Mother's dress is like a sensual touch of earth - infused with the warmth of extinguished red, like the conflagration at the heart of a setting sun. There is something primal about it, something that connects us to the beginning of everything.<\/p>\n<p class=\"\" data-start=\"452\" data-end=\"695\">Behind every fold of the fabric is a story of strength, of love, of a constant willingness to give of oneself. It is a dress for women who continue to create, to nurture, to teach. For those who know that true power is not in words, but in presence.<\/p>\n<p class=\"\" data-start=\"697\" data-end=\"950\">Tiger's eye gives you the courage to face all challenges, ruby restores passion and fire in your heart, garnet is a stone of deep truth and loyalty, and haematite roots you in reality, giving you a sense of security. With them on you become fully aware of your power.<\/p>\n<p class=\"\" data-start=\"952\" data-end=\"1194\">This dress invites you to find your inner space - the one where there is room for everything you desire. This is the time to open up to the true power within you. To a love that knows no boundaries. To a strength that is not afraid of challenges.<\/p>\n<p class=\"\" data-start=\"1196\" data-end=\"1230\"><strong data-start=\"1196\" data-end=\"1230\">It's time for your Inner Strength.<\/strong><\/p>\n<hr class=\"\" data-start=\"1542\" data-end=\"1545\" \/>\n<h3 data-start=\"106\" data-end=\"286\"><strong>\u2728<\/strong><strong data-start=\"1551\" data-end=\"1571\">Sensitive information:<\/strong><\/h3>\n<p><strong>Material:<\/strong> 100% cotton muslin. A thin, light, airy, breathable fabric - gently wraps the body and works freely in movement, natural, skin-friendly, with a soft, slightly crinkled weave that becomes even more refined with time.<\/p>\n<p><strong>Colour<\/strong>: zgaszona czerwie\u0144, malina.<\/p>\n<p><strong>Length:<\/strong> Maxi, the model is 173 cm tall. Can be adjusted for height, in which case please state your height in the order notes.<\/p>\n<p><strong>Cut:<\/strong> A loose, casual maxi dress with a rounded neckline, embellished with jewellery on the back. The model can be worn in various ways: with the jewellery on the back, with the jewellery turned to the front or loosely with the jewellery detached. The dress has darts that can be tied from the centre emphasising the waist and bust or worn loose, depending on your styling and mood.<\/p>\n<p><strong>Design:<\/strong> No zips or fastenings. Form designed for comfort, lightness and complete freedom of movement.<\/p>\n<p><strong>Jewellery:<\/strong> Jewellery made from natural stones, hand woven and pinned to the dress, finished with gold filled elements. Detachable, can be worn with or without the jewellery, in which case you can wear the jewellery as two bracelets.<\/p>\n<p><strong>Front:<\/strong> Embellished with a scrambled stone arrangement inspired by the Elizabethan acrostic cipher.<\/p>\n<p><strong>Performance:<\/strong> Model sewn by hand in a single piece. Each batik is unique - the pattern layout will always be one of a kind.<\/p>\n<p><strong>Order:<\/strong> Each dress in the Voice of the Soul collection is sewn <strong>made to order<\/strong>, with intention and attunement to the woman who wears it, lead time: maximum 2 weeks.<\/p>\n<p><strong>Creation:<\/strong> Designed and sewn in Poland with love and care. I create the dresses myself, from start to finish every element is handmade by me.<\/p>\n<hr class=\"\" data-start=\"1542\" data-end=\"1545\" \/>\n<h3 class=\"\" data-start=\"1547\" data-end=\"1571\"><\/h3>\n<h3 data-start=\"106\" data-end=\"286\"><strong>\ud83c\udf3f\u2728 Care recommendations for your soul dress:<\/strong><\/h3>\n<p class=\"\" data-start=\"106\" data-end=\"286\">To ensure that your dress will accompany you for many years \u2014 like a talisman and a second skin \u2014 treat it with care and attention.<\/p>\n<p class=\"\" data-start=\"288\" data-end=\"784\">\ud83c\udf38 Before bathing in water <strong>remove her jewellery<\/strong> \u2014 let the stones rest separately.<br data-start=\"372\" data-end=\"375\" \/>\ud83c\udf0a <strong>Hand wash<\/strong> in water at a temperature of up to 30\u00b0C, in a gentle mood, without the use of harsh chemicals.<br data-start=\"485\" data-end=\"488\" \/>\ud83d\udca7 <strong>Avoid<\/strong> contact with fragrances and intense mists \u2013 especially perfumes \u2013 to keep the fabric and jewellery details clean.<br data-start=\"634\" data-end=\"637\" \/>\ud83c\udf2c <strong>Iron<\/strong> with tenderness, on the left side, as if you were caressing a memory.<br data-start=\"706\" data-end=\"709\" \/>\ud83c\udf19 <strong>Do not bleach<\/strong> \u2013 the natural shade of the dress carries the song of its history.<br \/>\n\u2600\ufe0f Let the dress <strong>dry out<\/strong> in a natural rhythm \u2013 preferably flat or on a hanger, in the shade.<\/p>\n<p class=\"\" data-start=\"786\" data-end=\"1032\">This dress was created to live with you in rhythm \u2013 taking care of it is like taking care of a part of your own history \u2728<\/p>\n<p class=\"\" data-start=\"1034\" data-end=\"1129\">Wrap yourself in it with mindfulness \u2013 and let your moments together be like a dance of light and shadow.<\/p>\n<p>&nbsp;<\/p>\n<hr class=\"\" data-start=\"1542\" data-end=\"1545\" \/>\n<h3 class=\"\" data-start=\"1547\" data-end=\"1571\"><\/h3>\n<h3 data-start=\"103\" data-end=\"469\"><strong>\u2728 For your harmony and comfort:<\/strong><\/h3>\n<p class=\"\" data-start=\"103\" data-end=\"469\">The model in the photograph is 173 cm tall.<br data-start=\"174\" data-end=\"177\" \/>If you want the dress to fit your body and height perfectly, we will be happy to <strong>I will shorten it for you at no extra charge.<\/strong><br data-start=\"311\" data-end=\"314\" \/>All you need to do is include in the message <strong>When purchasing, please provide your height.<\/strong> \u2014 together, we will ensure that the length is exactly what your figure and energy need.<\/p>\n<p class=\"\" data-start=\"471\" data-end=\"645\">At DomiSol \u2013 Dostrajamy, we believe that every woman deserves clothing that not only adorns her, but also resonates with her movement, rhythm, and history. A dress should flow with you, not against you. \u2728<\/p>\n<p data-start=\"471\" data-end=\"645\">\ud83c\udf00 With love for beauty and the senses,<br data-start=\"1165\" data-end=\"1168\" \/>DomiSol<\/p>","protected":false},"excerpt":{"rendered":"<p>Warmth. Love. Strength. A dress that reminds you of the power you have within you - in every drop of energy, in every breath.<\/p>","protected":false},"featured_media":2879,"comment_status":"open","ping_status":"closed","template":"","meta":{"_eb_attr":""},"product_brand":[58],"product_cat":[137,43,85,111],"product_tag":[63,83,59,84,61,62,67],"class_list":{"0":"post-2877","1":"product","2":"type-product","3":"status-publish","4":"has-post-thumbnail","6":"product_brand-domisol","7":"product_cat-suknia-szata","8":"product_cat-bizuteryjne-suknie","9":"product_cat-kolekcja-glos-duszy","10":"product_cat-na-zamowienie","11":"product_tag-bawelna","12":"product_tag-kobieta","13":"product_tag-moda","14":"product_tag-muslin","15":"product_tag-piekno","16":"product_tag-suknia","17":"product_tag-szata","19":"first","20":"onbackorder","21":"shipping-taxable","22":"purchasable","23":"product-type-simple"},"yoast_head":"<!-- This site is optimized with the Yoast SEO plugin v26.6 - https:\/\/yoast.com\/wordpress\/plugins\/seo\/ -->\n<title>Suknia MATKA \u2013 Czas na Twoj\u0105 Si\u0142\u0119 Wewn\u0119trzn\u0105 \/ NA ZAM\u00d3WIENIE - DomiSol - Dostrajamy<\/title>\n<meta name=\"robots\" content=\"index, follow, max-snippet:-1, max-image-preview:large, max-video-preview:-1\" \/>\n<link rel=\"canonical\" href=\"https:\/\/www.dostrajamy.com\/en\/product\/mothers-dress\/\" \/>\n<meta property=\"og:locale\" content=\"en_GB\" \/>\n<meta property=\"og:type\" content=\"article\" \/>\n<meta property=\"og:title\" content=\"Suknia MATKA \u2013 Czas na Twoj\u0105 Si\u0142\u0119 Wewn\u0119trzn\u0105 \/ NA ZAM\u00d3WIENIE - DomiSol - Dostrajamy\" \/>\n<meta property=\"og:description\" content=\"Ciep\u0142o. Mi\u0142o\u015b\u0107. Si\u0142a. Suknia, kt\u00f3ra przypomina o mocy, jak\u0105 masz w sobie \u2013 w ka\u017cdej kropli energii, w ka\u017cdym oddechu.\" \/>\n<meta property=\"og:url\" content=\"https:\/\/www.dostrajamy.com\/en\/product\/mothers-dress\/\" \/>\n<meta property=\"og:site_name\" content=\"DomiSol - Dostrajamy\" \/>\n<meta property=\"article:publisher\" content=\"https:\/\/www.facebook.com\/domisol.dostrajamy\" \/>\n<meta property=\"article:modified_time\" content=\"2026-03-10T12:02:59+00:00\" \/>\n<meta name=\"twitter:card\" content=\"summary_large_image\" \/>\n<meta name=\"twitter:label1\" content=\"Estimated reading time\" \/>\n\t<meta name=\"twitter:data1\" content=\"5 minutes\" \/>\n<script type=\"application\/ld+json\" class=\"yoast-schema-graph\">{\"@context\":\"https:\/\/schema.org\",\"@graph\":[{\"@type\":\"WebPage\",\"@id\":\"https:\/\/www.dostrajamy.com\/produkt\/suknia-matka\/\",\"url\":\"https:\/\/www.dostrajamy.com\/produkt\/suknia-matka\/\",\"name\":\"Suknia MATKA \u2013 Czas na Twoj\u0105 Si\u0142\u0119 Wewn\u0119trzn\u0105 \/ NA ZAM\u00d3WIENIE - DomiSol - Dostrajamy\",\"isPartOf\":{\"@id\":\"https:\/\/www.dostrajamy.com\/#website\"},\"primaryImageOfPage\":{\"@id\":\"https:\/\/www.dostrajamy.com\/produkt\/suknia-matka\/#primaryimage\"},\"image\":{\"@id\":\"https:\/\/www.dostrajamy.com\/produkt\/suknia-matka\/#primaryimage\"},\"thumbnailUrl\":\"https:\/\/www.dostrajamy.com\/wp-content\/uploads\/2025\/05\/IMG_0471-scaled.jpg\",\"datePublished\":\"2025-05-01T06:15:32+00:00\",\"dateModified\":\"2026-03-10T12:02:59+00:00\",\"breadcrumb\":{\"@id\":\"https:\/\/www.dostrajamy.com\/produkt\/suknia-matka\/#breadcrumb\"},\"inLanguage\":\"en-GB\",\"potentialAction\":[{\"@type\":\"ReadAction\",\"target\":[\"https:\/\/www.dostrajamy.com\/produkt\/suknia-matka\/\"]}]},{\"@type\":\"ImageObject\",\"inLanguage\":\"en-GB\",\"@id\":\"https:\/\/www.dostrajamy.com\/produkt\/suknia-matka\/#primaryimage\",\"url\":\"https:\/\/www.dostrajamy.com\/wp-content\/uploads\/2025\/05\/IMG_0471-scaled.jpg\",\"contentUrl\":\"https:\/\/www.dostrajamy.com\/wp-content\/uploads\/2025\/05\/IMG_0471-scaled.jpg\",\"width\":1920,\"height\":2560},{\"@type\":\"BreadcrumbList\",\"@id\":\"https:\/\/www.dostrajamy.com\/produkt\/suknia-matka\/#breadcrumb\",\"itemListElement\":[{\"@type\":\"ListItem\",\"position\":1,\"name\":\"Strona g\u0142\u00f3wna\",\"item\":\"https:\/\/www.dostrajamy.com\/\"},{\"@type\":\"ListItem\",\"position\":2,\"name\":\"Sklep\",\"item\":\"https:\/\/www.dostrajamy.com\/sklep\/\"},{\"@type\":\"ListItem\",\"position\":3,\"name\":\"Suknia MATKA \u2013 Czas na Twoj\u0105 Si\u0142\u0119 Wewn\u0119trzn\u0105 \/ NA ZAM\u00d3WIENIE\"}]},{\"@type\":\"WebSite\",\"@id\":\"https:\/\/www.dostrajamy.com\/#website\",\"url\":\"https:\/\/www.dostrajamy.com\/\",\"name\":\"DomiSol - Dostrajamy\",\"description\":\"Dostr\u00f3j si\u0119 do siebie!\",\"publisher\":{\"@id\":\"https:\/\/www.dostrajamy.com\/#organization\"},\"potentialAction\":[{\"@type\":\"SearchAction\",\"target\":{\"@type\":\"EntryPoint\",\"urlTemplate\":\"https:\/\/www.dostrajamy.com\/?s={search_term_string}\"},\"query-input\":{\"@type\":\"PropertyValueSpecification\",\"valueRequired\":true,\"valueName\":\"search_term_string\"}}],\"inLanguage\":\"en-GB\"},{\"@type\":\"Organization\",\"@id\":\"https:\/\/www.dostrajamy.com\/#organization\",\"name\":\"DomiSol - Dostrajamy\",\"url\":\"https:\/\/www.dostrajamy.com\/\",\"logo\":{\"@type\":\"ImageObject\",\"inLanguage\":\"en-GB\",\"@id\":\"https:\/\/www.dostrajamy.com\/#\/schema\/logo\/image\/\",\"url\":\"https:\/\/www.dostrajamy.com\/wp-content\/uploads\/2025\/02\/cropped-Logo_poziom-1-scaled.png\",\"contentUrl\":\"https:\/\/www.dostrajamy.com\/wp-content\/uploads\/2025\/02\/cropped-Logo_poziom-1-scaled.png\",\"width\":2560,\"height\":453,\"caption\":\"DomiSol - Dostrajamy\"},\"image\":{\"@id\":\"https:\/\/www.dostrajamy.com\/#\/schema\/logo\/image\/\"},\"sameAs\":[\"https:\/\/www.facebook.com\/domisol.dostrajamy\",\"https:\/\/www.instagram.com\/domisol.dostrajamy\",\"https:\/\/www.youtube.com\/@dostrajamy\",\"https:\/\/open.spotify.com\/show\/5je85cYoaCcWGNo7Nwz2iW?si=1c15f6eb977f4f3d&nd=1&dlsi=d2ab15e5d6624979\"]}]}<\/script>\n<!-- \/ Yoast SEO plugin. -->","yoast_head_json":{"title":"Mother's dress - Time for your Inner Strength \/ FOR ORDER - DomiSol - We Tune In","robots":{"index":"index","follow":"follow","max-snippet":"max-snippet:-1","max-image-preview":"max-image-preview:large","max-video-preview":"max-video-preview:-1"},"canonical":"https:\/\/www.dostrajamy.com\/en\/product\/mothers-dress\/","og_locale":"en_GB","og_type":"article","og_title":"Suknia MATKA \u2013 Czas na Twoj\u0105 Si\u0142\u0119 Wewn\u0119trzn\u0105 \/ NA ZAM\u00d3WIENIE - DomiSol - Dostrajamy","og_description":"Ciep\u0142o. Mi\u0142o\u015b\u0107. Si\u0142a. Suknia, kt\u00f3ra przypomina o mocy, jak\u0105 masz w sobie \u2013 w ka\u017cdej kropli energii, w ka\u017cdym oddechu.","og_url":"https:\/\/www.dostrajamy.com\/en\/product\/mothers-dress\/","og_site_name":"DomiSol - Dostrajamy","article_publisher":"https:\/\/www.facebook.com\/domisol.dostrajamy","article_modified_time":"2026-03-10T12:02:59+00:00","twitter_card":"summary_large_image","twitter_misc":{"Estimated reading time":"5 minutes"},"schema":{"@context":"https:\/\/schema.org","@graph":[{"@type":"WebPage","@id":"https:\/\/www.dostrajamy.com\/produkt\/suknia-matka\/","url":"https:\/\/www.dostrajamy.com\/produkt\/suknia-matka\/","name":"Mother's dress - Time for your Inner Strength \/ FOR ORDER - DomiSol - We Tune In","isPartOf":{"@id":"https:\/\/www.dostrajamy.com\/#website"},"primaryImageOfPage":{"@id":"https:\/\/www.dostrajamy.com\/produkt\/suknia-matka\/#primaryimage"},"image":{"@id":"https:\/\/www.dostrajamy.com\/produkt\/suknia-matka\/#primaryimage"},"thumbnailUrl":"https:\/\/www.dostrajamy.com\/wp-content\/uploads\/2025\/05\/IMG_0471-scaled.jpg","datePublished":"2025-05-01T06:15:32+00:00","dateModified":"2026-03-10T12:02:59+00:00","breadcrumb":{"@id":"https:\/\/www.dostrajamy.com\/produkt\/suknia-matka\/#breadcrumb"},"inLanguage":"en-GB","potentialAction":[{"@type":"ReadAction","target":["https:\/\/www.dostrajamy.com\/produkt\/suknia-matka\/"]}]},{"@type":"ImageObject","inLanguage":"en-GB","@id":"https:\/\/www.dostrajamy.com\/produkt\/suknia-matka\/#primaryimage","url":"https:\/\/www.dostrajamy.com\/wp-content\/uploads\/2025\/05\/IMG_0471-scaled.jpg","contentUrl":"https:\/\/www.dostrajamy.com\/wp-content\/uploads\/2025\/05\/IMG_0471-scaled.jpg","width":1920,"height":2560},{"@type":"BreadcrumbList","@id":"https:\/\/www.dostrajamy.com\/produkt\/suknia-matka\/#breadcrumb","itemListElement":[{"@type":"ListItem","position":1,"name":"Strona g\u0142\u00f3wna","item":"https:\/\/www.dostrajamy.com\/"},{"@type":"ListItem","position":2,"name":"Sklep","item":"https:\/\/www.dostrajamy.com\/sklep\/"},{"@type":"ListItem","position":3,"name":"Suknia MATKA \u2013 Czas na Twoj\u0105 Si\u0142\u0119 Wewn\u0119trzn\u0105 \/ NA ZAM\u00d3WIENIE"}]},{"@type":"WebSite","@id":"https:\/\/www.dostrajamy.com\/#website","url":"https:\/\/www.dostrajamy.com\/","name":"DomiSol - Dostrajamy","description":"Tune in to yourself!","publisher":{"@id":"https:\/\/www.dostrajamy.com\/#organization"},"potentialAction":[{"@type":"SearchAction","target":{"@type":"EntryPoint","urlTemplate":"https:\/\/www.dostrajamy.com\/?s={search_term_string}"},"query-input":{"@type":"PropertyValueSpecification","valueRequired":true,"valueName":"search_term_string"}}],"inLanguage":"en-GB"},{"@type":"Organization","@id":"https:\/\/www.dostrajamy.com\/#organization","name":"DomiSol - Dostrajamy","url":"https:\/\/www.dostrajamy.com\/","logo":{"@type":"ImageObject","inLanguage":"en-GB","@id":"https:\/\/www.dostrajamy.com\/#\/schema\/logo\/image\/","url":"https:\/\/www.dostrajamy.com\/wp-content\/uploads\/2025\/02\/cropped-Logo_poziom-1-scaled.png","contentUrl":"https:\/\/www.dostrajamy.com\/wp-content\/uploads\/2025\/02\/cropped-Logo_poziom-1-scaled.png","width":2560,"height":453,"caption":"DomiSol - Dostrajamy"},"image":{"@id":"https:\/\/www.dostrajamy.com\/#\/schema\/logo\/image\/"},"sameAs":["https:\/\/www.facebook.com\/domisol.dostrajamy","https:\/\/www.instagram.com\/domisol.dostrajamy","https:\/\/www.youtube.com\/@dostrajamy","https:\/\/open.spotify.com\/show\/5je85cYoaCcWGNo7Nwz2iW?si=1c15f6eb977f4f3d&nd=1&dlsi=d2ab15e5d6624979"]}]}},"_links":{"self":[{"href":"https:\/\/www.dostrajamy.com\/en\/wp-json\/wp\/v2\/product\/2877","targetHints":{"allow":["GET"]}}],"collection":[{"href":"https:\/\/www.dostrajamy.com\/en\/wp-json\/wp\/v2\/product"}],"about":[{"href":"https:\/\/www.dostrajamy.com\/en\/wp-json\/wp\/v2\/types\/product"}],"replies":[{"embeddable":true,"href":"https:\/\/www.dostrajamy.com\/en\/wp-json\/wp\/v2\/comments?post=2877"}],"wp:featuredmedia":[{"embeddable":true,"href":"https:\/\/www.dostrajamy.com\/en\/wp-json\/wp\/v2\/media\/2879"}],"wp:attachment":[{"href":"https:\/\/www.dostrajamy.com\/en\/wp-json\/wp\/v2\/media?parent=2877"}],"wp:term":[{"taxonomy":"product_brand","embeddable":true,"href":"https:\/\/www.dostrajamy.com\/en\/wp-json\/wp\/v2\/product_brand?post=2877"},{"taxonomy":"product_cat","embeddable":true,"href":"https:\/\/www.dostrajamy.com\/en\/wp-json\/wp\/v2\/product_cat?post=2877"},{"taxonomy":"product_tag","embeddable":true,"href":"https:\/\/www.dostrajamy.com\/en\/wp-json\/wp\/v2\/product_tag?post=2877"}],"curies":[{"name":"wp","href":"https:\/\/api.w.org\/{rel}","templated":true}]}}