{"id":3296,"date":"2025-08-27T16:59:19","date_gmt":"2025-08-27T16:59:19","guid":{"rendered":"https:\/\/www.dostrajamy.com\/?post_type=product&#038;p=3296"},"modified":"2025-08-27T17:03:19","modified_gmt":"2025-08-27T17:03:19","slug":"bracelet-coral-and-turquoise-muse-of-harmony","status":"publish","type":"product","link":"https:\/\/www.dostrajamy.com\/en\/product\/bracelet-coral-and-turquoise-muse-of-harmony\/","title":{"rendered":"Bracelet Coral and Turquoise - Muse of Harmony"},"content":{"rendered":"<h3 data-start=\"689\" data-end=\"983\">Sensitive information:<\/h3>\n<ul>\n<li data-start=\"539\" data-end=\"614\">\n<p data-start=\"541\" data-end=\"614\"><strong data-start=\"541\" data-end=\"550\">Form<\/strong>: bransoleta elastyczna, na delikatnej konstrukcji z mosi\u0105dzu.<\/p>\n<\/li>\n<li data-start=\"615\" data-end=\"699\">\n<p data-start=\"617\" data-end=\"699\"><strong data-start=\"617\" data-end=\"629\">Material<\/strong>: mosi\u0105dz, ozdoby z element\u00f3w barwionych w kolorze turkusu i koralu.<\/p>\n<\/li>\n<li data-start=\"700\" data-end=\"766\">\n<p data-start=\"702\" data-end=\"766\"><strong data-start=\"702\" data-end=\"717\">Finishing<\/strong>: r\u0119cznie polerowana, subtelny po\u0142ysk mosi\u0105dzu.<\/p>\n<\/li>\n<li data-start=\"767\" data-end=\"858\">\n<p data-start=\"769\" data-end=\"858\"><strong data-start=\"769\" data-end=\"778\">Detail<\/strong>: zestawienie koralowych i turkusowych ozd\u00f3b tworz\u0105cych harmonijn\u0105 kompozycj\u0119.<\/p>\n<\/li>\n<li data-start=\"859\" data-end=\"928\">\n<p data-start=\"861\" data-end=\"928\"><strong data-start=\"861\" data-end=\"876\">Origins<\/strong>: handmade in Athens, at the Kalliope workshop.<\/p>\n<\/li>\n<\/ul>\n<p>&nbsp;<\/p>","protected":false},"excerpt":{"rendered":"<h3 data-start=\"70\" data-end=\"124\">\ud83d\udd39 <strong data-start=\"77\" data-end=\"122\">Bracelet Coral and Turquoise - Muse of Harmony<\/strong><\/h3>\n<p data-start=\"147\" data-end=\"509\">Koralowe i turkusowe odcienie ta\u0144cz\u0105 razem, tworz\u0105c subteln\u0105 melodi\u0119 kolor\u00f3w. Bransoleta jest Twoj\u0105 Muz\u0105 Harmonii \u2013 przypomina, \u017ce przeciwie\u0144stwa mog\u0105 wsp\u00f3\u0142istnie\u0107 pi\u0119knie, a r\u00f3\u017cnorodno\u015b\u0107 dodaje \u017cyciu bogactwa. Ka\u017cdy ruch nadgarstka staje si\u0119 rytmem, w kt\u00f3rym energia koralu i turkusu wzajemnie si\u0119 uzupe\u0142nia.<\/p>\n<p data-start=\"147\" data-end=\"509\"><br data-start=\"456\" data-end=\"459\" \/><strong data-start=\"459\" data-end=\"509\">Za\u0142\u00f3\u017c i pozw\u00f3l kolorom ta\u0144czy\u0107 w Twojej aurze.<\/strong><\/p>","protected":false},"featured_media":3273,"comment_status":"open","ping_status":"closed","template":"","meta":{"_eb_attr":""},"product_brand":[],"product_cat":[57,41],"product_tag":[68,78,70,71],"class_list":{"0":"post-3296","1":"product","2":"type-product","3":"status-publish","4":"has-post-thumbnail","6":"product_cat-grecka-bizuteria","7":"product_cat-bransoletki","8":"product_tag-bizuteria","9":"product_tag-bransoletka","10":"product_tag-fashion-jewelry","11":"product_tag-mosiadz","13":"first","14":"instock","15":"shipping-taxable","16":"purchasable","17":"product-type-simple"},"yoast_head":"<!-- This site is optimized with the Yoast SEO plugin v26.6 - https:\/\/yoast.com\/wordpress\/plugins\/seo\/ -->\n<title>Bransoleta Koral i Turkus \u2013 Muza Harmonii - DomiSol - Dostrajamy<\/title>\n<meta name=\"robots\" content=\"index, follow, max-snippet:-1, max-image-preview:large, max-video-preview:-1\" \/>\n<link rel=\"canonical\" href=\"https:\/\/www.dostrajamy.com\/en\/product\/bracelet-coral-and-turquoise-muse-of-harmony\/\" \/>\n<meta property=\"og:locale\" content=\"en_GB\" \/>\n<meta property=\"og:type\" content=\"article\" \/>\n<meta property=\"og:title\" content=\"Bransoleta Koral i Turkus \u2013 Muza Harmonii - DomiSol - Dostrajamy\" \/>\n<meta property=\"og:description\" content=\"\ud83d\udd39 Bransoleta Koral i Turkus \u2013 Muza Harmonii Koralowe i turkusowe odcienie ta\u0144cz\u0105 razem, tworz\u0105c subteln\u0105 melodi\u0119 kolor\u00f3w. Bransoleta jest Twoj\u0105 Muz\u0105 Harmonii \u2013 przypomina, \u017ce przeciwie\u0144stwa mog\u0105 wsp\u00f3\u0142istnie\u0107 pi\u0119knie, a r\u00f3\u017cnorodno\u015b\u0107 dodaje \u017cyciu bogactwa. Ka\u017cdy ruch nadgarstka staje si\u0119 rytmem, w kt\u00f3rym energia koralu i turkusu wzajemnie si\u0119 uzupe\u0142nia. Za\u0142\u00f3\u017c i pozw\u00f3l kolorom ta\u0144czy\u0107 w Twojej aurze.\" \/>\n<meta property=\"og:url\" content=\"https:\/\/www.dostrajamy.com\/en\/product\/bracelet-coral-and-turquoise-muse-of-harmony\/\" \/>\n<meta property=\"og:site_name\" content=\"DomiSol - Dostrajamy\" \/>\n<meta property=\"article:publisher\" content=\"https:\/\/www.facebook.com\/domisol.dostrajamy\" \/>\n<meta property=\"article:modified_time\" content=\"2025-08-27T17:03:19+00:00\" \/>\n<meta property=\"og:image\" content=\"https:\/\/www.dostrajamy.com\/wp-content\/uploads\/2025\/08\/IMG_3231-scaled.jpg\" \/>\n\t<meta property=\"og:image:width\" content=\"1440\" \/>\n\t<meta property=\"og:image:height\" content=\"2560\" \/>\n\t<meta property=\"og:image:type\" content=\"image\/jpeg\" \/>\n<meta name=\"twitter:card\" content=\"summary_large_image\" \/>\n<script type=\"application\/ld+json\" class=\"yoast-schema-graph\">{\"@context\":\"https:\/\/schema.org\",\"@graph\":[{\"@type\":\"WebPage\",\"@id\":\"https:\/\/www.dostrajamy.com\/produkt\/bransoleta-koral-i-turkus-muza-harmonii\/\",\"url\":\"https:\/\/www.dostrajamy.com\/produkt\/bransoleta-koral-i-turkus-muza-harmonii\/\",\"name\":\"Bransoleta Koral i Turkus \u2013 Muza Harmonii - DomiSol - Dostrajamy\",\"isPartOf\":{\"@id\":\"https:\/\/www.dostrajamy.com\/#website\"},\"primaryImageOfPage\":{\"@id\":\"https:\/\/www.dostrajamy.com\/produkt\/bransoleta-koral-i-turkus-muza-harmonii\/#primaryimage\"},\"image\":{\"@id\":\"https:\/\/www.dostrajamy.com\/produkt\/bransoleta-koral-i-turkus-muza-harmonii\/#primaryimage\"},\"thumbnailUrl\":\"https:\/\/www.dostrajamy.com\/wp-content\/uploads\/2025\/08\/IMG_3231-scaled.jpg\",\"datePublished\":\"2025-08-27T16:59:19+00:00\",\"dateModified\":\"2025-08-27T17:03:19+00:00\",\"breadcrumb\":{\"@id\":\"https:\/\/www.dostrajamy.com\/produkt\/bransoleta-koral-i-turkus-muza-harmonii\/#breadcrumb\"},\"inLanguage\":\"en-GB\",\"potentialAction\":[{\"@type\":\"ReadAction\",\"target\":[\"https:\/\/www.dostrajamy.com\/produkt\/bransoleta-koral-i-turkus-muza-harmonii\/\"]}]},{\"@type\":\"ImageObject\",\"inLanguage\":\"en-GB\",\"@id\":\"https:\/\/www.dostrajamy.com\/produkt\/bransoleta-koral-i-turkus-muza-harmonii\/#primaryimage\",\"url\":\"https:\/\/www.dostrajamy.com\/wp-content\/uploads\/2025\/08\/IMG_3231-scaled.jpg\",\"contentUrl\":\"https:\/\/www.dostrajamy.com\/wp-content\/uploads\/2025\/08\/IMG_3231-scaled.jpg\",\"width\":1440,\"height\":2560},{\"@type\":\"BreadcrumbList\",\"@id\":\"https:\/\/www.dostrajamy.com\/produkt\/bransoleta-koral-i-turkus-muza-harmonii\/#breadcrumb\",\"itemListElement\":[{\"@type\":\"ListItem\",\"position\":1,\"name\":\"Strona g\u0142\u00f3wna\",\"item\":\"https:\/\/www.dostrajamy.com\/\"},{\"@type\":\"ListItem\",\"position\":2,\"name\":\"Sklep\",\"item\":\"https:\/\/www.dostrajamy.com\/sklep\/\"},{\"@type\":\"ListItem\",\"position\":3,\"name\":\"Bransoleta Koral i Turkus \u2013 Muza Harmonii\"}]},{\"@type\":\"WebSite\",\"@id\":\"https:\/\/www.dostrajamy.com\/#website\",\"url\":\"https:\/\/www.dostrajamy.com\/\",\"name\":\"DomiSol - Dostrajamy\",\"description\":\"Dostr\u00f3j si\u0119 do siebie!\",\"publisher\":{\"@id\":\"https:\/\/www.dostrajamy.com\/#organization\"},\"potentialAction\":[{\"@type\":\"SearchAction\",\"target\":{\"@type\":\"EntryPoint\",\"urlTemplate\":\"https:\/\/www.dostrajamy.com\/?s={search_term_string}\"},\"query-input\":{\"@type\":\"PropertyValueSpecification\",\"valueRequired\":true,\"valueName\":\"search_term_string\"}}],\"inLanguage\":\"en-GB\"},{\"@type\":\"Organization\",\"@id\":\"https:\/\/www.dostrajamy.com\/#organization\",\"name\":\"DomiSol - Dostrajamy\",\"url\":\"https:\/\/www.dostrajamy.com\/\",\"logo\":{\"@type\":\"ImageObject\",\"inLanguage\":\"en-GB\",\"@id\":\"https:\/\/www.dostrajamy.com\/#\/schema\/logo\/image\/\",\"url\":\"https:\/\/www.dostrajamy.com\/wp-content\/uploads\/2025\/02\/cropped-Logo_poziom-1-scaled.png\",\"contentUrl\":\"https:\/\/www.dostrajamy.com\/wp-content\/uploads\/2025\/02\/cropped-Logo_poziom-1-scaled.png\",\"width\":2560,\"height\":453,\"caption\":\"DomiSol - Dostrajamy\"},\"image\":{\"@id\":\"https:\/\/www.dostrajamy.com\/#\/schema\/logo\/image\/\"},\"sameAs\":[\"https:\/\/www.facebook.com\/domisol.dostrajamy\",\"https:\/\/www.instagram.com\/domisol.dostrajamy\",\"https:\/\/www.youtube.com\/@dostrajamy\",\"https:\/\/open.spotify.com\/show\/5je85cYoaCcWGNo7Nwz2iW?si=1c15f6eb977f4f3d&nd=1&dlsi=d2ab15e5d6624979\"]}]}<\/script>\n<!-- \/ Yoast SEO plugin. -->","yoast_head_json":{"title":"Bransoleta Koral i Turkus \u2013 Muza Harmonii - DomiSol - Dostrajamy","robots":{"index":"index","follow":"follow","max-snippet":"max-snippet:-1","max-image-preview":"max-image-preview:large","max-video-preview":"max-video-preview:-1"},"canonical":"https:\/\/www.dostrajamy.com\/en\/product\/bracelet-coral-and-turquoise-muse-of-harmony\/","og_locale":"en_GB","og_type":"article","og_title":"Bransoleta Koral i Turkus \u2013 Muza Harmonii - DomiSol - Dostrajamy","og_description":"\ud83d\udd39 Bransoleta Koral i Turkus \u2013 Muza Harmonii Koralowe i turkusowe odcienie ta\u0144cz\u0105 razem, tworz\u0105c subteln\u0105 melodi\u0119 kolor\u00f3w. Bransoleta jest Twoj\u0105 Muz\u0105 Harmonii \u2013 przypomina, \u017ce przeciwie\u0144stwa mog\u0105 wsp\u00f3\u0142istnie\u0107 pi\u0119knie, a r\u00f3\u017cnorodno\u015b\u0107 dodaje \u017cyciu bogactwa. Ka\u017cdy ruch nadgarstka staje si\u0119 rytmem, w kt\u00f3rym energia koralu i turkusu wzajemnie si\u0119 uzupe\u0142nia. Za\u0142\u00f3\u017c i pozw\u00f3l kolorom ta\u0144czy\u0107 w Twojej aurze.","og_url":"https:\/\/www.dostrajamy.com\/en\/product\/bracelet-coral-and-turquoise-muse-of-harmony\/","og_site_name":"DomiSol - Dostrajamy","article_publisher":"https:\/\/www.facebook.com\/domisol.dostrajamy","article_modified_time":"2025-08-27T17:03:19+00:00","og_image":[{"width":1440,"height":2560,"url":"https:\/\/www.dostrajamy.com\/wp-content\/uploads\/2025\/08\/IMG_3231-scaled.jpg","type":"image\/jpeg"}],"twitter_card":"summary_large_image","schema":{"@context":"https:\/\/schema.org","@graph":[{"@type":"WebPage","@id":"https:\/\/www.dostrajamy.com\/produkt\/bransoleta-koral-i-turkus-muza-harmonii\/","url":"https:\/\/www.dostrajamy.com\/produkt\/bransoleta-koral-i-turkus-muza-harmonii\/","name":"Bransoleta Koral i Turkus \u2013 Muza Harmonii - DomiSol - Dostrajamy","isPartOf":{"@id":"https:\/\/www.dostrajamy.com\/#website"},"primaryImageOfPage":{"@id":"https:\/\/www.dostrajamy.com\/produkt\/bransoleta-koral-i-turkus-muza-harmonii\/#primaryimage"},"image":{"@id":"https:\/\/www.dostrajamy.com\/produkt\/bransoleta-koral-i-turkus-muza-harmonii\/#primaryimage"},"thumbnailUrl":"https:\/\/www.dostrajamy.com\/wp-content\/uploads\/2025\/08\/IMG_3231-scaled.jpg","datePublished":"2025-08-27T16:59:19+00:00","dateModified":"2025-08-27T17:03:19+00:00","breadcrumb":{"@id":"https:\/\/www.dostrajamy.com\/produkt\/bransoleta-koral-i-turkus-muza-harmonii\/#breadcrumb"},"inLanguage":"en-GB","potentialAction":[{"@type":"ReadAction","target":["https:\/\/www.dostrajamy.com\/produkt\/bransoleta-koral-i-turkus-muza-harmonii\/"]}]},{"@type":"ImageObject","inLanguage":"en-GB","@id":"https:\/\/www.dostrajamy.com\/produkt\/bransoleta-koral-i-turkus-muza-harmonii\/#primaryimage","url":"https:\/\/www.dostrajamy.com\/wp-content\/uploads\/2025\/08\/IMG_3231-scaled.jpg","contentUrl":"https:\/\/www.dostrajamy.com\/wp-content\/uploads\/2025\/08\/IMG_3231-scaled.jpg","width":1440,"height":2560},{"@type":"BreadcrumbList","@id":"https:\/\/www.dostrajamy.com\/produkt\/bransoleta-koral-i-turkus-muza-harmonii\/#breadcrumb","itemListElement":[{"@type":"ListItem","position":1,"name":"Strona g\u0142\u00f3wna","item":"https:\/\/www.dostrajamy.com\/"},{"@type":"ListItem","position":2,"name":"Sklep","item":"https:\/\/www.dostrajamy.com\/sklep\/"},{"@type":"ListItem","position":3,"name":"Bransoleta Koral i Turkus \u2013 Muza Harmonii"}]},{"@type":"WebSite","@id":"https:\/\/www.dostrajamy.com\/#website","url":"https:\/\/www.dostrajamy.com\/","name":"DomiSol - Dostrajamy","description":"Tune in to yourself!","publisher":{"@id":"https:\/\/www.dostrajamy.com\/#organization"},"potentialAction":[{"@type":"SearchAction","target":{"@type":"EntryPoint","urlTemplate":"https:\/\/www.dostrajamy.com\/?s={search_term_string}"},"query-input":{"@type":"PropertyValueSpecification","valueRequired":true,"valueName":"search_term_string"}}],"inLanguage":"en-GB"},{"@type":"Organization","@id":"https:\/\/www.dostrajamy.com\/#organization","name":"DomiSol - Dostrajamy","url":"https:\/\/www.dostrajamy.com\/","logo":{"@type":"ImageObject","inLanguage":"en-GB","@id":"https:\/\/www.dostrajamy.com\/#\/schema\/logo\/image\/","url":"https:\/\/www.dostrajamy.com\/wp-content\/uploads\/2025\/02\/cropped-Logo_poziom-1-scaled.png","contentUrl":"https:\/\/www.dostrajamy.com\/wp-content\/uploads\/2025\/02\/cropped-Logo_poziom-1-scaled.png","width":2560,"height":453,"caption":"DomiSol - Dostrajamy"},"image":{"@id":"https:\/\/www.dostrajamy.com\/#\/schema\/logo\/image\/"},"sameAs":["https:\/\/www.facebook.com\/domisol.dostrajamy","https:\/\/www.instagram.com\/domisol.dostrajamy","https:\/\/www.youtube.com\/@dostrajamy","https:\/\/open.spotify.com\/show\/5je85cYoaCcWGNo7Nwz2iW?si=1c15f6eb977f4f3d&nd=1&dlsi=d2ab15e5d6624979"]}]}},"_links":{"self":[{"href":"https:\/\/www.dostrajamy.com\/en\/wp-json\/wp\/v2\/product\/3296","targetHints":{"allow":["GET"]}}],"collection":[{"href":"https:\/\/www.dostrajamy.com\/en\/wp-json\/wp\/v2\/product"}],"about":[{"href":"https:\/\/www.dostrajamy.com\/en\/wp-json\/wp\/v2\/types\/product"}],"replies":[{"embeddable":true,"href":"https:\/\/www.dostrajamy.com\/en\/wp-json\/wp\/v2\/comments?post=3296"}],"wp:featuredmedia":[{"embeddable":true,"href":"https:\/\/www.dostrajamy.com\/en\/wp-json\/wp\/v2\/media\/3273"}],"wp:attachment":[{"href":"https:\/\/www.dostrajamy.com\/en\/wp-json\/wp\/v2\/media?parent=3296"}],"wp:term":[{"taxonomy":"product_brand","embeddable":true,"href":"https:\/\/www.dostrajamy.com\/en\/wp-json\/wp\/v2\/product_brand?post=3296"},{"taxonomy":"product_cat","embeddable":true,"href":"https:\/\/www.dostrajamy.com\/en\/wp-json\/wp\/v2\/product_cat?post=3296"},{"taxonomy":"product_tag","embeddable":true,"href":"https:\/\/www.dostrajamy.com\/en\/wp-json\/wp\/v2\/product_tag?post=3296"}],"curies":[{"name":"wp","href":"https:\/\/api.w.org\/{rel}","templated":true}]}}