{"id":3302,"date":"2025-08-27T17:36:32","date_gmt":"2025-08-27T17:36:32","guid":{"rendered":"https:\/\/www.dostrajamy.com\/?post_type=product&#038;p=3302"},"modified":"2025-08-27T17:39:39","modified_gmt":"2025-08-27T17:39:39","slug":"treasure-map-necklace-muse-of-discovery","status":"publish","type":"product","link":"https:\/\/www.dostrajamy.com\/en\/product\/treasure-map-necklace-muse-of-discovery\/","title":{"rendered":"Treasure Map Necklace - Muse of Discovery"},"content":{"rendered":"<h3 data-start=\"979\" data-end=\"1242\">Sensitive information:<\/h3>\n<ul>\n<li data-start=\"570\" data-end=\"652\">\n<p data-start=\"572\" data-end=\"652\"><strong data-start=\"572\" data-end=\"581\">Form<\/strong>: naszyjnik na delikatnej \u017cy\u0142ce, z kryszta\u0142em zawieszonym centralnie na tarczy z mosi\u0105dzu.<\/p>\n<\/li>\n<li data-start=\"653\" data-end=\"720\">\n<p data-start=\"655\" data-end=\"720\"><strong data-start=\"655\" data-end=\"667\">Material<\/strong>: mosi\u0105dz, kryszta\u0142 w odcieniu niebieskim.<\/p>\n<\/li>\n<li data-start=\"721\" data-end=\"787\">\n<p data-start=\"723\" data-end=\"787\"><strong data-start=\"723\" data-end=\"738\">Finishing<\/strong>: hand-polished, subtle brass shine.<\/p>\n<\/li>\n<li data-start=\"788\" data-end=\"870\">\n<p data-start=\"790\" data-end=\"870\"><strong data-start=\"790\" data-end=\"799\">Detail<\/strong>: minimalistyczny, centralny kryszta\u0142 symbolizuj\u0105cy drog\u0119 i odkrycie.<\/p>\n<\/li>\n<li data-start=\"871\" data-end=\"940\">\n<p data-start=\"873\" data-end=\"940\"><strong data-start=\"873\" data-end=\"888\">Origins<\/strong>: handmade in Athens, at the Kalliope workshop.<\/p>\n<\/li>\n<\/ul>","protected":false},"excerpt":{"rendered":"<h3 data-start=\"79\" data-end=\"135\">\ud83d\uddfa\ufe0f <strong data-start=\"87\" data-end=\"133\">Treasure Map Necklace - Muse of Discovery<\/strong><\/h3>\n<p data-start=\"158\" data-end=\"540\">Niebieski kryszta\u0142 niczym gwiazda na mapie prowadzi Ci\u0119 ku skarbom ukrytym w codzienno\u015bci i w Tobie samej. To Twoja Muza Odkrywczo\u015bci, kt\u00f3ra podpowiada, by pod\u0105\u017ca\u0107 w\u0142asn\u0105 drog\u0105 i ufa\u0107 swojej intuicji. Delikatna \u017cy\u0142ka sprawia, \u017ce kryszta\u0142 i z\u0142oto mosi\u0105dzu zdaj\u0105 si\u0119 unosi\u0107 nad sk\u00f3r\u0105, tworz\u0105c poczucie lekko\u015bci i swobody w odkrywaniu nowych przestrzeni.<\/p>\n<p data-start=\"158\" data-end=\"540\"><br data-start=\"492\" data-end=\"495\" \/><strong data-start=\"495\" data-end=\"540\">Za\u0142\u00f3\u017c i pod\u0105\u017caj za swoj\u0105 wewn\u0119trzn\u0105 map\u0105.<\/strong><\/p>","protected":false},"featured_media":3218,"comment_status":"open","ping_status":"closed","template":"","meta":{"_eb_attr":""},"product_brand":[],"product_cat":[57,34],"product_tag":[68,70,73,71,74,75],"class_list":{"0":"post-3302","1":"product","2":"type-product","3":"status-publish","4":"has-post-thumbnail","6":"product_cat-grecka-bizuteria","7":"product_cat-naszyjniki","8":"product_tag-bizuteria","9":"product_tag-fashion-jewelry","10":"product_tag-krysztal","11":"product_tag-mosiadz","12":"product_tag-naszyjnik","13":"product_tag-zywica","15":"first","16":"instock","17":"shipping-taxable","18":"purchasable","19":"product-type-simple"},"yoast_head":"<!-- This site is optimized with the Yoast SEO plugin v26.6 - https:\/\/yoast.com\/wordpress\/plugins\/seo\/ -->\n<title>Naszyjnik Mapa Skarb\u00f3w \u2013 Muza Odkrywczo\u015bci - DomiSol - Dostrajamy<\/title>\n<meta name=\"robots\" content=\"index, follow, max-snippet:-1, max-image-preview:large, max-video-preview:-1\" \/>\n<link rel=\"canonical\" href=\"https:\/\/www.dostrajamy.com\/en\/product\/treasure-map-necklace-muse-of-discovery\/\" \/>\n<meta property=\"og:locale\" content=\"en_GB\" \/>\n<meta property=\"og:type\" content=\"article\" \/>\n<meta property=\"og:title\" content=\"Naszyjnik Mapa Skarb\u00f3w \u2013 Muza Odkrywczo\u015bci - DomiSol - Dostrajamy\" \/>\n<meta property=\"og:description\" content=\"\ud83d\uddfa\ufe0f Naszyjnik Mapa Skarb\u00f3w \u2013 Muza Odkrywczo\u015bci Niebieski kryszta\u0142 niczym gwiazda na mapie prowadzi Ci\u0119 ku skarbom ukrytym w codzienno\u015bci i w Tobie samej. To Twoja Muza Odkrywczo\u015bci, kt\u00f3ra podpowiada, by pod\u0105\u017ca\u0107 w\u0142asn\u0105 drog\u0105 i ufa\u0107 swojej intuicji. Delikatna \u017cy\u0142ka sprawia, \u017ce kryszta\u0142 i z\u0142oto mosi\u0105dzu zdaj\u0105 si\u0119 unosi\u0107 nad sk\u00f3r\u0105, tworz\u0105c poczucie lekko\u015bci i swobody w odkrywaniu nowych przestrzeni. Za\u0142\u00f3\u017c i pod\u0105\u017caj za swoj\u0105 wewn\u0119trzn\u0105 map\u0105.\" \/>\n<meta property=\"og:url\" content=\"https:\/\/www.dostrajamy.com\/en\/product\/treasure-map-necklace-muse-of-discovery\/\" \/>\n<meta property=\"og:site_name\" content=\"DomiSol - Dostrajamy\" \/>\n<meta property=\"article:publisher\" content=\"https:\/\/www.facebook.com\/domisol.dostrajamy\" \/>\n<meta property=\"article:modified_time\" content=\"2025-08-27T17:39:39+00:00\" \/>\n<meta property=\"og:image\" content=\"https:\/\/www.dostrajamy.com\/wp-content\/uploads\/2025\/08\/IMG_3238-scaled.jpg\" \/>\n\t<meta property=\"og:image:width\" content=\"1440\" \/>\n\t<meta property=\"og:image:height\" content=\"2560\" \/>\n\t<meta property=\"og:image:type\" content=\"image\/jpeg\" \/>\n<meta name=\"twitter:card\" content=\"summary_large_image\" \/>\n<script type=\"application\/ld+json\" class=\"yoast-schema-graph\">{\"@context\":\"https:\/\/schema.org\",\"@graph\":[{\"@type\":\"WebPage\",\"@id\":\"https:\/\/www.dostrajamy.com\/produkt\/naszyjnik-mapa-skarbow-muza-odkrywczosci\/\",\"url\":\"https:\/\/www.dostrajamy.com\/produkt\/naszyjnik-mapa-skarbow-muza-odkrywczosci\/\",\"name\":\"Naszyjnik Mapa Skarb\u00f3w \u2013 Muza Odkrywczo\u015bci - DomiSol - Dostrajamy\",\"isPartOf\":{\"@id\":\"https:\/\/www.dostrajamy.com\/#website\"},\"primaryImageOfPage\":{\"@id\":\"https:\/\/www.dostrajamy.com\/produkt\/naszyjnik-mapa-skarbow-muza-odkrywczosci\/#primaryimage\"},\"image\":{\"@id\":\"https:\/\/www.dostrajamy.com\/produkt\/naszyjnik-mapa-skarbow-muza-odkrywczosci\/#primaryimage\"},\"thumbnailUrl\":\"https:\/\/www.dostrajamy.com\/wp-content\/uploads\/2025\/08\/IMG_3238-scaled.jpg\",\"datePublished\":\"2025-08-27T17:36:32+00:00\",\"dateModified\":\"2025-08-27T17:39:39+00:00\",\"breadcrumb\":{\"@id\":\"https:\/\/www.dostrajamy.com\/produkt\/naszyjnik-mapa-skarbow-muza-odkrywczosci\/#breadcrumb\"},\"inLanguage\":\"en-GB\",\"potentialAction\":[{\"@type\":\"ReadAction\",\"target\":[\"https:\/\/www.dostrajamy.com\/produkt\/naszyjnik-mapa-skarbow-muza-odkrywczosci\/\"]}]},{\"@type\":\"ImageObject\",\"inLanguage\":\"en-GB\",\"@id\":\"https:\/\/www.dostrajamy.com\/produkt\/naszyjnik-mapa-skarbow-muza-odkrywczosci\/#primaryimage\",\"url\":\"https:\/\/www.dostrajamy.com\/wp-content\/uploads\/2025\/08\/IMG_3238-scaled.jpg\",\"contentUrl\":\"https:\/\/www.dostrajamy.com\/wp-content\/uploads\/2025\/08\/IMG_3238-scaled.jpg\",\"width\":1440,\"height\":2560},{\"@type\":\"BreadcrumbList\",\"@id\":\"https:\/\/www.dostrajamy.com\/produkt\/naszyjnik-mapa-skarbow-muza-odkrywczosci\/#breadcrumb\",\"itemListElement\":[{\"@type\":\"ListItem\",\"position\":1,\"name\":\"Strona g\u0142\u00f3wna\",\"item\":\"https:\/\/www.dostrajamy.com\/\"},{\"@type\":\"ListItem\",\"position\":2,\"name\":\"Sklep\",\"item\":\"https:\/\/www.dostrajamy.com\/sklep\/\"},{\"@type\":\"ListItem\",\"position\":3,\"name\":\"Naszyjnik Mapa Skarb\u00f3w \u2013 Muza Odkrywczo\u015bci\"}]},{\"@type\":\"WebSite\",\"@id\":\"https:\/\/www.dostrajamy.com\/#website\",\"url\":\"https:\/\/www.dostrajamy.com\/\",\"name\":\"DomiSol - Dostrajamy\",\"description\":\"Dostr\u00f3j si\u0119 do siebie!\",\"publisher\":{\"@id\":\"https:\/\/www.dostrajamy.com\/#organization\"},\"potentialAction\":[{\"@type\":\"SearchAction\",\"target\":{\"@type\":\"EntryPoint\",\"urlTemplate\":\"https:\/\/www.dostrajamy.com\/?s={search_term_string}\"},\"query-input\":{\"@type\":\"PropertyValueSpecification\",\"valueRequired\":true,\"valueName\":\"search_term_string\"}}],\"inLanguage\":\"en-GB\"},{\"@type\":\"Organization\",\"@id\":\"https:\/\/www.dostrajamy.com\/#organization\",\"name\":\"DomiSol - Dostrajamy\",\"url\":\"https:\/\/www.dostrajamy.com\/\",\"logo\":{\"@type\":\"ImageObject\",\"inLanguage\":\"en-GB\",\"@id\":\"https:\/\/www.dostrajamy.com\/#\/schema\/logo\/image\/\",\"url\":\"https:\/\/www.dostrajamy.com\/wp-content\/uploads\/2025\/02\/cropped-Logo_poziom-1-scaled.png\",\"contentUrl\":\"https:\/\/www.dostrajamy.com\/wp-content\/uploads\/2025\/02\/cropped-Logo_poziom-1-scaled.png\",\"width\":2560,\"height\":453,\"caption\":\"DomiSol - Dostrajamy\"},\"image\":{\"@id\":\"https:\/\/www.dostrajamy.com\/#\/schema\/logo\/image\/\"},\"sameAs\":[\"https:\/\/www.facebook.com\/domisol.dostrajamy\",\"https:\/\/www.instagram.com\/domisol.dostrajamy\",\"https:\/\/www.youtube.com\/@dostrajamy\",\"https:\/\/open.spotify.com\/show\/5je85cYoaCcWGNo7Nwz2iW?si=1c15f6eb977f4f3d&nd=1&dlsi=d2ab15e5d6624979\"]}]}<\/script>\n<!-- \/ Yoast SEO plugin. -->","yoast_head_json":{"title":"Naszyjnik Mapa Skarb\u00f3w \u2013 Muza Odkrywczo\u015bci - DomiSol - Dostrajamy","robots":{"index":"index","follow":"follow","max-snippet":"max-snippet:-1","max-image-preview":"max-image-preview:large","max-video-preview":"max-video-preview:-1"},"canonical":"https:\/\/www.dostrajamy.com\/en\/product\/treasure-map-necklace-muse-of-discovery\/","og_locale":"en_GB","og_type":"article","og_title":"Naszyjnik Mapa Skarb\u00f3w \u2013 Muza Odkrywczo\u015bci - DomiSol - Dostrajamy","og_description":"\ud83d\uddfa\ufe0f Naszyjnik Mapa Skarb\u00f3w \u2013 Muza Odkrywczo\u015bci Niebieski kryszta\u0142 niczym gwiazda na mapie prowadzi Ci\u0119 ku skarbom ukrytym w codzienno\u015bci i w Tobie samej. To Twoja Muza Odkrywczo\u015bci, kt\u00f3ra podpowiada, by pod\u0105\u017ca\u0107 w\u0142asn\u0105 drog\u0105 i ufa\u0107 swojej intuicji. Delikatna \u017cy\u0142ka sprawia, \u017ce kryszta\u0142 i z\u0142oto mosi\u0105dzu zdaj\u0105 si\u0119 unosi\u0107 nad sk\u00f3r\u0105, tworz\u0105c poczucie lekko\u015bci i swobody w odkrywaniu nowych przestrzeni. Za\u0142\u00f3\u017c i pod\u0105\u017caj za swoj\u0105 wewn\u0119trzn\u0105 map\u0105.","og_url":"https:\/\/www.dostrajamy.com\/en\/product\/treasure-map-necklace-muse-of-discovery\/","og_site_name":"DomiSol - Dostrajamy","article_publisher":"https:\/\/www.facebook.com\/domisol.dostrajamy","article_modified_time":"2025-08-27T17:39:39+00:00","og_image":[{"width":1440,"height":2560,"url":"https:\/\/www.dostrajamy.com\/wp-content\/uploads\/2025\/08\/IMG_3238-scaled.jpg","type":"image\/jpeg"}],"twitter_card":"summary_large_image","schema":{"@context":"https:\/\/schema.org","@graph":[{"@type":"WebPage","@id":"https:\/\/www.dostrajamy.com\/produkt\/naszyjnik-mapa-skarbow-muza-odkrywczosci\/","url":"https:\/\/www.dostrajamy.com\/produkt\/naszyjnik-mapa-skarbow-muza-odkrywczosci\/","name":"Naszyjnik Mapa Skarb\u00f3w \u2013 Muza Odkrywczo\u015bci - DomiSol - Dostrajamy","isPartOf":{"@id":"https:\/\/www.dostrajamy.com\/#website"},"primaryImageOfPage":{"@id":"https:\/\/www.dostrajamy.com\/produkt\/naszyjnik-mapa-skarbow-muza-odkrywczosci\/#primaryimage"},"image":{"@id":"https:\/\/www.dostrajamy.com\/produkt\/naszyjnik-mapa-skarbow-muza-odkrywczosci\/#primaryimage"},"thumbnailUrl":"https:\/\/www.dostrajamy.com\/wp-content\/uploads\/2025\/08\/IMG_3238-scaled.jpg","datePublished":"2025-08-27T17:36:32+00:00","dateModified":"2025-08-27T17:39:39+00:00","breadcrumb":{"@id":"https:\/\/www.dostrajamy.com\/produkt\/naszyjnik-mapa-skarbow-muza-odkrywczosci\/#breadcrumb"},"inLanguage":"en-GB","potentialAction":[{"@type":"ReadAction","target":["https:\/\/www.dostrajamy.com\/produkt\/naszyjnik-mapa-skarbow-muza-odkrywczosci\/"]}]},{"@type":"ImageObject","inLanguage":"en-GB","@id":"https:\/\/www.dostrajamy.com\/produkt\/naszyjnik-mapa-skarbow-muza-odkrywczosci\/#primaryimage","url":"https:\/\/www.dostrajamy.com\/wp-content\/uploads\/2025\/08\/IMG_3238-scaled.jpg","contentUrl":"https:\/\/www.dostrajamy.com\/wp-content\/uploads\/2025\/08\/IMG_3238-scaled.jpg","width":1440,"height":2560},{"@type":"BreadcrumbList","@id":"https:\/\/www.dostrajamy.com\/produkt\/naszyjnik-mapa-skarbow-muza-odkrywczosci\/#breadcrumb","itemListElement":[{"@type":"ListItem","position":1,"name":"Strona g\u0142\u00f3wna","item":"https:\/\/www.dostrajamy.com\/"},{"@type":"ListItem","position":2,"name":"Sklep","item":"https:\/\/www.dostrajamy.com\/sklep\/"},{"@type":"ListItem","position":3,"name":"Naszyjnik Mapa Skarb\u00f3w \u2013 Muza Odkrywczo\u015bci"}]},{"@type":"WebSite","@id":"https:\/\/www.dostrajamy.com\/#website","url":"https:\/\/www.dostrajamy.com\/","name":"DomiSol - Dostrajamy","description":"Tune in to yourself!","publisher":{"@id":"https:\/\/www.dostrajamy.com\/#organization"},"potentialAction":[{"@type":"SearchAction","target":{"@type":"EntryPoint","urlTemplate":"https:\/\/www.dostrajamy.com\/?s={search_term_string}"},"query-input":{"@type":"PropertyValueSpecification","valueRequired":true,"valueName":"search_term_string"}}],"inLanguage":"en-GB"},{"@type":"Organization","@id":"https:\/\/www.dostrajamy.com\/#organization","name":"DomiSol - Dostrajamy","url":"https:\/\/www.dostrajamy.com\/","logo":{"@type":"ImageObject","inLanguage":"en-GB","@id":"https:\/\/www.dostrajamy.com\/#\/schema\/logo\/image\/","url":"https:\/\/www.dostrajamy.com\/wp-content\/uploads\/2025\/02\/cropped-Logo_poziom-1-scaled.png","contentUrl":"https:\/\/www.dostrajamy.com\/wp-content\/uploads\/2025\/02\/cropped-Logo_poziom-1-scaled.png","width":2560,"height":453,"caption":"DomiSol - Dostrajamy"},"image":{"@id":"https:\/\/www.dostrajamy.com\/#\/schema\/logo\/image\/"},"sameAs":["https:\/\/www.facebook.com\/domisol.dostrajamy","https:\/\/www.instagram.com\/domisol.dostrajamy","https:\/\/www.youtube.com\/@dostrajamy","https:\/\/open.spotify.com\/show\/5je85cYoaCcWGNo7Nwz2iW?si=1c15f6eb977f4f3d&nd=1&dlsi=d2ab15e5d6624979"]}]}},"_links":{"self":[{"href":"https:\/\/www.dostrajamy.com\/en\/wp-json\/wp\/v2\/product\/3302","targetHints":{"allow":["GET"]}}],"collection":[{"href":"https:\/\/www.dostrajamy.com\/en\/wp-json\/wp\/v2\/product"}],"about":[{"href":"https:\/\/www.dostrajamy.com\/en\/wp-json\/wp\/v2\/types\/product"}],"replies":[{"embeddable":true,"href":"https:\/\/www.dostrajamy.com\/en\/wp-json\/wp\/v2\/comments?post=3302"}],"wp:featuredmedia":[{"embeddable":true,"href":"https:\/\/www.dostrajamy.com\/en\/wp-json\/wp\/v2\/media\/3218"}],"wp:attachment":[{"href":"https:\/\/www.dostrajamy.com\/en\/wp-json\/wp\/v2\/media?parent=3302"}],"wp:term":[{"taxonomy":"product_brand","embeddable":true,"href":"https:\/\/www.dostrajamy.com\/en\/wp-json\/wp\/v2\/product_brand?post=3302"},{"taxonomy":"product_cat","embeddable":true,"href":"https:\/\/www.dostrajamy.com\/en\/wp-json\/wp\/v2\/product_cat?post=3302"},{"taxonomy":"product_tag","embeddable":true,"href":"https:\/\/www.dostrajamy.com\/en\/wp-json\/wp\/v2\/product_tag?post=3302"}],"curies":[{"name":"wp","href":"https:\/\/api.w.org\/{rel}","templated":true}]}}