{"id":3314,"date":"2025-08-27T19:24:17","date_gmt":"2025-08-27T19:24:17","guid":{"rendered":"https:\/\/www.dostrajamy.com\/?post_type=product&#038;p=3314"},"modified":"2025-08-27T19:28:25","modified_gmt":"2025-08-27T19:28:25","slug":"kolczyki-krysztalowe-uszy-muza-wyobrazni","status":"publish","type":"product","link":"https:\/\/www.dostrajamy.com\/en\/product\/kolczyki-krysztalowe-uszy-muza-wyobrazni\/","title":{"rendered":"Crystal Earrings - Muse of the Imagination"},"content":{"rendered":"<h3 data-start=\"979\" data-end=\"1242\">Sensitive information:<\/h3>\n<ul>\n<li data-start=\"601\" data-end=\"633\">\n<p data-start=\"603\" data-end=\"633\"><strong data-start=\"603\" data-end=\"612\">Form<\/strong>: pendant earrings.<\/p>\n<\/li>\n<li data-start=\"634\" data-end=\"694\">\n<p data-start=\"636\" data-end=\"694\"><strong data-start=\"636\" data-end=\"648\">Material<\/strong>: posrebrzany mosi\u0105dz, du\u017cy g\u00f3rski kryszta\u0142.<\/p>\n<\/li>\n<li data-start=\"695\" data-end=\"775\">\n<p data-start=\"697\" data-end=\"775\"><strong data-start=\"697\" data-end=\"712\">Finishing<\/strong>: hand-polished, subtle shine of silver-plated brass.<\/p>\n<\/li>\n<li data-start=\"776\" data-end=\"851\">\n<p data-start=\"778\" data-end=\"851\"><strong data-start=\"778\" data-end=\"787\">Detail<\/strong>: centralny kryszta\u0142, u do\u0142u zwisaj\u0105ce czarne pi\u00f3ra.<\/p>\n<\/li>\n<li data-start=\"852\" data-end=\"921\">\n<p data-start=\"854\" data-end=\"921\"><strong data-start=\"854\" data-end=\"869\">Origins<\/strong>: handmade in Athens, at the Kalliope workshop.<\/p>\n<\/li>\n<\/ul>","protected":false},"excerpt":{"rendered":"<h3 data-start=\"106\" data-end=\"160\">\u2728 <strong data-start=\"112\" data-end=\"158\">Crystal Earrings - Muse of the Imagination<\/strong><\/h3>\n<p data-start=\"183\" data-end=\"571\">Du\u017cy g\u00f3rski kryszta\u0142 osadzony w posrebrzanym mosi\u0105dzu l\u015bni niczym \u015bwiat\u0142o w cieniu, a czarne, zwisaj\u0105ce pi\u00f3ra dodaj\u0105 mu lekko\u015bci i dramatyzmu. To Twoja Muza Wyobra\u017ani \u2013 przypomina, \u017ce kreatywno\u015b\u0107 i intuicja mog\u0105 wznie\u015b\u0107 Ci\u0119 ponad codzienno\u015b\u0107. Ka\u017cdy ruch uszu wprowadza subtelny taniec \u015bwiat\u0142a i cienia, dodaj\u0105c energii i charakteru.<\/p>\n<p data-start=\"183\" data-end=\"571\"><br data-start=\"515\" data-end=\"518\" \/><strong data-start=\"518\" data-end=\"571\">Za\u0142\u00f3\u017c i pozw\u00f3l swojej wyobra\u017ani wzbi\u0107 si\u0119 w g\u00f3r\u0119.<\/strong><\/p>","protected":false},"featured_media":3262,"comment_status":"open","ping_status":"closed","template":"","meta":{"_eb_attr":""},"product_brand":[],"product_cat":[57,36],"product_tag":[68,70,108,69,71],"class_list":{"0":"post-3314","1":"product","2":"type-product","3":"status-publish","4":"has-post-thumbnail","6":"product_cat-grecka-bizuteria","7":"product_cat-kolczyki","8":"product_tag-bizuteria","9":"product_tag-fashion-jewelry","10":"product_tag-klipsy","11":"product_tag-kolczyki","12":"product_tag-mosiadz","14":"first","15":"instock","16":"shipping-taxable","17":"purchasable","18":"product-type-simple"},"yoast_head":"<!-- This site is optimized with the Yoast SEO plugin v26.6 - https:\/\/yoast.com\/wordpress\/plugins\/seo\/ -->\n<title>Kolczyki Kryszta\u0142owe Uszy \u2013 Muza Wyobra\u017ani - DomiSol - Dostrajamy<\/title>\n<meta name=\"robots\" content=\"index, follow, max-snippet:-1, max-image-preview:large, max-video-preview:-1\" \/>\n<link rel=\"canonical\" href=\"https:\/\/www.dostrajamy.com\/en\/product\/kolczyki-krysztalowe-uszy-muza-wyobrazni\/\" \/>\n<meta property=\"og:locale\" content=\"en_GB\" \/>\n<meta property=\"og:type\" content=\"article\" \/>\n<meta property=\"og:title\" content=\"Kolczyki Kryszta\u0142owe Uszy \u2013 Muza Wyobra\u017ani - DomiSol - Dostrajamy\" \/>\n<meta property=\"og:description\" content=\"\u2728 Kolczyki Kryszta\u0142owe Uszy \u2013 Muza Wyobra\u017ani Du\u017cy g\u00f3rski kryszta\u0142 osadzony w posrebrzanym mosi\u0105dzu l\u015bni niczym \u015bwiat\u0142o w cieniu, a czarne, zwisaj\u0105ce pi\u00f3ra dodaj\u0105 mu lekko\u015bci i dramatyzmu. To Twoja Muza Wyobra\u017ani \u2013 przypomina, \u017ce kreatywno\u015b\u0107 i intuicja mog\u0105 wznie\u015b\u0107 Ci\u0119 ponad codzienno\u015b\u0107. Ka\u017cdy ruch uszu wprowadza subtelny taniec \u015bwiat\u0142a i cienia, dodaj\u0105c energii i charakteru. Za\u0142\u00f3\u017c i pozw\u00f3l swojej wyobra\u017ani wzbi\u0107 si\u0119 w g\u00f3r\u0119.\" \/>\n<meta property=\"og:url\" content=\"https:\/\/www.dostrajamy.com\/en\/product\/kolczyki-krysztalowe-uszy-muza-wyobrazni\/\" \/>\n<meta property=\"og:site_name\" content=\"DomiSol - Dostrajamy\" \/>\n<meta property=\"article:publisher\" content=\"https:\/\/www.facebook.com\/domisol.dostrajamy\" \/>\n<meta property=\"article:modified_time\" content=\"2025-08-27T19:28:25+00:00\" \/>\n<meta property=\"og:image\" content=\"https:\/\/www.dostrajamy.com\/wp-content\/uploads\/2025\/08\/IMG_3165-scaled.jpg\" \/>\n\t<meta property=\"og:image:width\" content=\"1920\" \/>\n\t<meta property=\"og:image:height\" content=\"2560\" \/>\n\t<meta property=\"og:image:type\" content=\"image\/jpeg\" \/>\n<meta name=\"twitter:card\" content=\"summary_large_image\" \/>\n<script type=\"application\/ld+json\" class=\"yoast-schema-graph\">{\"@context\":\"https:\/\/schema.org\",\"@graph\":[{\"@type\":\"WebPage\",\"@id\":\"https:\/\/www.dostrajamy.com\/produkt\/kolczyki-krysztalowe-uszy-muza-wyobrazni\/\",\"url\":\"https:\/\/www.dostrajamy.com\/produkt\/kolczyki-krysztalowe-uszy-muza-wyobrazni\/\",\"name\":\"Kolczyki Kryszta\u0142owe Uszy \u2013 Muza Wyobra\u017ani - DomiSol - Dostrajamy\",\"isPartOf\":{\"@id\":\"https:\/\/www.dostrajamy.com\/#website\"},\"primaryImageOfPage\":{\"@id\":\"https:\/\/www.dostrajamy.com\/produkt\/kolczyki-krysztalowe-uszy-muza-wyobrazni\/#primaryimage\"},\"image\":{\"@id\":\"https:\/\/www.dostrajamy.com\/produkt\/kolczyki-krysztalowe-uszy-muza-wyobrazni\/#primaryimage\"},\"thumbnailUrl\":\"https:\/\/www.dostrajamy.com\/wp-content\/uploads\/2025\/08\/IMG_3165-scaled.jpg\",\"datePublished\":\"2025-08-27T19:24:17+00:00\",\"dateModified\":\"2025-08-27T19:28:25+00:00\",\"breadcrumb\":{\"@id\":\"https:\/\/www.dostrajamy.com\/produkt\/kolczyki-krysztalowe-uszy-muza-wyobrazni\/#breadcrumb\"},\"inLanguage\":\"en-GB\",\"potentialAction\":[{\"@type\":\"ReadAction\",\"target\":[\"https:\/\/www.dostrajamy.com\/produkt\/kolczyki-krysztalowe-uszy-muza-wyobrazni\/\"]}]},{\"@type\":\"ImageObject\",\"inLanguage\":\"en-GB\",\"@id\":\"https:\/\/www.dostrajamy.com\/produkt\/kolczyki-krysztalowe-uszy-muza-wyobrazni\/#primaryimage\",\"url\":\"https:\/\/www.dostrajamy.com\/wp-content\/uploads\/2025\/08\/IMG_3165-scaled.jpg\",\"contentUrl\":\"https:\/\/www.dostrajamy.com\/wp-content\/uploads\/2025\/08\/IMG_3165-scaled.jpg\",\"width\":1920,\"height\":2560},{\"@type\":\"BreadcrumbList\",\"@id\":\"https:\/\/www.dostrajamy.com\/produkt\/kolczyki-krysztalowe-uszy-muza-wyobrazni\/#breadcrumb\",\"itemListElement\":[{\"@type\":\"ListItem\",\"position\":1,\"name\":\"Strona g\u0142\u00f3wna\",\"item\":\"https:\/\/www.dostrajamy.com\/\"},{\"@type\":\"ListItem\",\"position\":2,\"name\":\"Sklep\",\"item\":\"https:\/\/www.dostrajamy.com\/sklep\/\"},{\"@type\":\"ListItem\",\"position\":3,\"name\":\"Kolczyki Kryszta\u0142owe Uszy \u2013 Muza Wyobra\u017ani\"}]},{\"@type\":\"WebSite\",\"@id\":\"https:\/\/www.dostrajamy.com\/#website\",\"url\":\"https:\/\/www.dostrajamy.com\/\",\"name\":\"DomiSol - Dostrajamy\",\"description\":\"Dostr\u00f3j si\u0119 do siebie!\",\"publisher\":{\"@id\":\"https:\/\/www.dostrajamy.com\/#organization\"},\"potentialAction\":[{\"@type\":\"SearchAction\",\"target\":{\"@type\":\"EntryPoint\",\"urlTemplate\":\"https:\/\/www.dostrajamy.com\/?s={search_term_string}\"},\"query-input\":{\"@type\":\"PropertyValueSpecification\",\"valueRequired\":true,\"valueName\":\"search_term_string\"}}],\"inLanguage\":\"en-GB\"},{\"@type\":\"Organization\",\"@id\":\"https:\/\/www.dostrajamy.com\/#organization\",\"name\":\"DomiSol - Dostrajamy\",\"url\":\"https:\/\/www.dostrajamy.com\/\",\"logo\":{\"@type\":\"ImageObject\",\"inLanguage\":\"en-GB\",\"@id\":\"https:\/\/www.dostrajamy.com\/#\/schema\/logo\/image\/\",\"url\":\"https:\/\/www.dostrajamy.com\/wp-content\/uploads\/2025\/02\/cropped-Logo_poziom-1-scaled.png\",\"contentUrl\":\"https:\/\/www.dostrajamy.com\/wp-content\/uploads\/2025\/02\/cropped-Logo_poziom-1-scaled.png\",\"width\":2560,\"height\":453,\"caption\":\"DomiSol - Dostrajamy\"},\"image\":{\"@id\":\"https:\/\/www.dostrajamy.com\/#\/schema\/logo\/image\/\"},\"sameAs\":[\"https:\/\/www.facebook.com\/domisol.dostrajamy\",\"https:\/\/www.instagram.com\/domisol.dostrajamy\",\"https:\/\/www.youtube.com\/@dostrajamy\",\"https:\/\/open.spotify.com\/show\/5je85cYoaCcWGNo7Nwz2iW?si=1c15f6eb977f4f3d&nd=1&dlsi=d2ab15e5d6624979\"]}]}<\/script>\n<!-- \/ Yoast SEO plugin. -->","yoast_head_json":{"title":"Kolczyki Kryszta\u0142owe Uszy \u2013 Muza Wyobra\u017ani - DomiSol - Dostrajamy","robots":{"index":"index","follow":"follow","max-snippet":"max-snippet:-1","max-image-preview":"max-image-preview:large","max-video-preview":"max-video-preview:-1"},"canonical":"https:\/\/www.dostrajamy.com\/en\/product\/kolczyki-krysztalowe-uszy-muza-wyobrazni\/","og_locale":"en_GB","og_type":"article","og_title":"Kolczyki Kryszta\u0142owe Uszy \u2013 Muza Wyobra\u017ani - DomiSol - Dostrajamy","og_description":"\u2728 Kolczyki Kryszta\u0142owe Uszy \u2013 Muza Wyobra\u017ani Du\u017cy g\u00f3rski kryszta\u0142 osadzony w posrebrzanym mosi\u0105dzu l\u015bni niczym \u015bwiat\u0142o w cieniu, a czarne, zwisaj\u0105ce pi\u00f3ra dodaj\u0105 mu lekko\u015bci i dramatyzmu. To Twoja Muza Wyobra\u017ani \u2013 przypomina, \u017ce kreatywno\u015b\u0107 i intuicja mog\u0105 wznie\u015b\u0107 Ci\u0119 ponad codzienno\u015b\u0107. Ka\u017cdy ruch uszu wprowadza subtelny taniec \u015bwiat\u0142a i cienia, dodaj\u0105c energii i charakteru. Za\u0142\u00f3\u017c i pozw\u00f3l swojej wyobra\u017ani wzbi\u0107 si\u0119 w g\u00f3r\u0119.","og_url":"https:\/\/www.dostrajamy.com\/en\/product\/kolczyki-krysztalowe-uszy-muza-wyobrazni\/","og_site_name":"DomiSol - Dostrajamy","article_publisher":"https:\/\/www.facebook.com\/domisol.dostrajamy","article_modified_time":"2025-08-27T19:28:25+00:00","og_image":[{"width":1920,"height":2560,"url":"https:\/\/www.dostrajamy.com\/wp-content\/uploads\/2025\/08\/IMG_3165-scaled.jpg","type":"image\/jpeg"}],"twitter_card":"summary_large_image","schema":{"@context":"https:\/\/schema.org","@graph":[{"@type":"WebPage","@id":"https:\/\/www.dostrajamy.com\/produkt\/kolczyki-krysztalowe-uszy-muza-wyobrazni\/","url":"https:\/\/www.dostrajamy.com\/produkt\/kolczyki-krysztalowe-uszy-muza-wyobrazni\/","name":"Kolczyki Kryszta\u0142owe Uszy \u2013 Muza Wyobra\u017ani - DomiSol - Dostrajamy","isPartOf":{"@id":"https:\/\/www.dostrajamy.com\/#website"},"primaryImageOfPage":{"@id":"https:\/\/www.dostrajamy.com\/produkt\/kolczyki-krysztalowe-uszy-muza-wyobrazni\/#primaryimage"},"image":{"@id":"https:\/\/www.dostrajamy.com\/produkt\/kolczyki-krysztalowe-uszy-muza-wyobrazni\/#primaryimage"},"thumbnailUrl":"https:\/\/www.dostrajamy.com\/wp-content\/uploads\/2025\/08\/IMG_3165-scaled.jpg","datePublished":"2025-08-27T19:24:17+00:00","dateModified":"2025-08-27T19:28:25+00:00","breadcrumb":{"@id":"https:\/\/www.dostrajamy.com\/produkt\/kolczyki-krysztalowe-uszy-muza-wyobrazni\/#breadcrumb"},"inLanguage":"en-GB","potentialAction":[{"@type":"ReadAction","target":["https:\/\/www.dostrajamy.com\/produkt\/kolczyki-krysztalowe-uszy-muza-wyobrazni\/"]}]},{"@type":"ImageObject","inLanguage":"en-GB","@id":"https:\/\/www.dostrajamy.com\/produkt\/kolczyki-krysztalowe-uszy-muza-wyobrazni\/#primaryimage","url":"https:\/\/www.dostrajamy.com\/wp-content\/uploads\/2025\/08\/IMG_3165-scaled.jpg","contentUrl":"https:\/\/www.dostrajamy.com\/wp-content\/uploads\/2025\/08\/IMG_3165-scaled.jpg","width":1920,"height":2560},{"@type":"BreadcrumbList","@id":"https:\/\/www.dostrajamy.com\/produkt\/kolczyki-krysztalowe-uszy-muza-wyobrazni\/#breadcrumb","itemListElement":[{"@type":"ListItem","position":1,"name":"Strona g\u0142\u00f3wna","item":"https:\/\/www.dostrajamy.com\/"},{"@type":"ListItem","position":2,"name":"Sklep","item":"https:\/\/www.dostrajamy.com\/sklep\/"},{"@type":"ListItem","position":3,"name":"Kolczyki Kryszta\u0142owe Uszy \u2013 Muza Wyobra\u017ani"}]},{"@type":"WebSite","@id":"https:\/\/www.dostrajamy.com\/#website","url":"https:\/\/www.dostrajamy.com\/","name":"DomiSol - Dostrajamy","description":"Tune in to yourself!","publisher":{"@id":"https:\/\/www.dostrajamy.com\/#organization"},"potentialAction":[{"@type":"SearchAction","target":{"@type":"EntryPoint","urlTemplate":"https:\/\/www.dostrajamy.com\/?s={search_term_string}"},"query-input":{"@type":"PropertyValueSpecification","valueRequired":true,"valueName":"search_term_string"}}],"inLanguage":"en-GB"},{"@type":"Organization","@id":"https:\/\/www.dostrajamy.com\/#organization","name":"DomiSol - Dostrajamy","url":"https:\/\/www.dostrajamy.com\/","logo":{"@type":"ImageObject","inLanguage":"en-GB","@id":"https:\/\/www.dostrajamy.com\/#\/schema\/logo\/image\/","url":"https:\/\/www.dostrajamy.com\/wp-content\/uploads\/2025\/02\/cropped-Logo_poziom-1-scaled.png","contentUrl":"https:\/\/www.dostrajamy.com\/wp-content\/uploads\/2025\/02\/cropped-Logo_poziom-1-scaled.png","width":2560,"height":453,"caption":"DomiSol - Dostrajamy"},"image":{"@id":"https:\/\/www.dostrajamy.com\/#\/schema\/logo\/image\/"},"sameAs":["https:\/\/www.facebook.com\/domisol.dostrajamy","https:\/\/www.instagram.com\/domisol.dostrajamy","https:\/\/www.youtube.com\/@dostrajamy","https:\/\/open.spotify.com\/show\/5je85cYoaCcWGNo7Nwz2iW?si=1c15f6eb977f4f3d&nd=1&dlsi=d2ab15e5d6624979"]}]}},"_links":{"self":[{"href":"https:\/\/www.dostrajamy.com\/en\/wp-json\/wp\/v2\/product\/3314","targetHints":{"allow":["GET"]}}],"collection":[{"href":"https:\/\/www.dostrajamy.com\/en\/wp-json\/wp\/v2\/product"}],"about":[{"href":"https:\/\/www.dostrajamy.com\/en\/wp-json\/wp\/v2\/types\/product"}],"replies":[{"embeddable":true,"href":"https:\/\/www.dostrajamy.com\/en\/wp-json\/wp\/v2\/comments?post=3314"}],"wp:featuredmedia":[{"embeddable":true,"href":"https:\/\/www.dostrajamy.com\/en\/wp-json\/wp\/v2\/media\/3262"}],"wp:attachment":[{"href":"https:\/\/www.dostrajamy.com\/en\/wp-json\/wp\/v2\/media?parent=3314"}],"wp:term":[{"taxonomy":"product_brand","embeddable":true,"href":"https:\/\/www.dostrajamy.com\/en\/wp-json\/wp\/v2\/product_brand?post=3314"},{"taxonomy":"product_cat","embeddable":true,"href":"https:\/\/www.dostrajamy.com\/en\/wp-json\/wp\/v2\/product_cat?post=3314"},{"taxonomy":"product_tag","embeddable":true,"href":"https:\/\/www.dostrajamy.com\/en\/wp-json\/wp\/v2\/product_tag?post=3314"}],"curies":[{"name":"wp","href":"https:\/\/api.w.org\/{rel}","templated":true}]}}