{"id":3317,"date":"2025-08-27T19:31:11","date_gmt":"2025-08-27T19:31:11","guid":{"rendered":"https:\/\/www.dostrajamy.com\/?post_type=product&#038;p=3317"},"modified":"2025-08-27T19:34:36","modified_gmt":"2025-08-27T19:34:36","slug":"red-basant-earrings-muse-of-courage","status":"publish","type":"product","link":"https:\/\/www.dostrajamy.com\/en\/product\/red-basant-earrings-muse-of-courage\/","title":{"rendered":"Red Pheasant Earrings - Muse of Courage"},"content":{"rendered":"<h3 data-start=\"979\" data-end=\"1242\">Sensitive information:<\/h3>\n<ul>\n<li data-start=\"654\" data-end=\"717\">\n<p data-start=\"656\" data-end=\"717\"><strong data-start=\"656\" data-end=\"665\">Form<\/strong>: pendant earrings, shape of stylised pheasant.<\/p>\n<\/li>\n<li data-start=\"718\" data-end=\"796\">\n<p data-start=\"720\" data-end=\"796\"><strong data-start=\"720\" data-end=\"732\">Material<\/strong>: brass, black oxidation, red feathers.<\/p>\n<\/li>\n<li data-start=\"797\" data-end=\"863\">\n<p data-start=\"799\" data-end=\"863\"><strong data-start=\"799\" data-end=\"814\">Finishing<\/strong>: hand-polished, subtle brass shine.<\/p>\n<\/li>\n<li data-start=\"864\" data-end=\"986\">\n<p data-start=\"866\" data-end=\"986\"><strong data-start=\"866\" data-end=\"875\">Detail<\/strong>: gold pheasant with red feather tail, decorated with crystal, contrasting oxidation to add depth.<\/p>\n<\/li>\n<li data-start=\"987\" data-end=\"1056\">\n<p data-start=\"989\" data-end=\"1056\"><strong data-start=\"989\" data-end=\"1004\">Origins<\/strong>: handmade in Athens, at the Kalliope workshop.<\/p>\n<\/li>\n<\/ul>","protected":false},"excerpt":{"rendered":"<h3 data-start=\"105\" data-end=\"156\">\ud83d\udc26 <strong data-start=\"112\" data-end=\"154\">Red Pheasant Earrings - Muse of Courage<\/strong><\/h3>\n<p data-start=\"179\" data-end=\"624\">Gold brass with black oxidisation in the shape of a pheasant creates a contrasting frame for the red feather that mimics its tail - a symbol of courage and pride. The crystal adds a subtle sparkle, emphasising the talismanic nature of the earrings. This is your Muse of Courage - a reminder that beauty and confidence can be worn every day. The earrings wrap around the ears, attracting glances and bringing in the energy of life and expression.<\/p>\n<p data-start=\"179\" data-end=\"624\"><br data-start=\"573\" data-end=\"576\" \/><strong data-start=\"576\" data-end=\"624\">Put it on and feel the courage and proud glow within.<\/strong><\/p>","protected":false},"featured_media":3255,"comment_status":"open","ping_status":"closed","template":"","meta":{"_eb_attr":""},"product_brand":[],"product_cat":[57,36],"product_tag":[68,70,108,69,71],"class_list":{"0":"post-3317","1":"product","2":"type-product","3":"status-publish","4":"has-post-thumbnail","6":"product_cat-grecka-bizuteria","7":"product_cat-kolczyki","8":"product_tag-bizuteria","9":"product_tag-fashion-jewelry","10":"product_tag-klipsy","11":"product_tag-kolczyki","12":"product_tag-mosiadz","14":"first","15":"instock","16":"shipping-taxable","17":"purchasable","18":"product-type-simple"},"yoast_head":"<!-- This site is optimized with the Yoast SEO plugin v26.6 - https:\/\/yoast.com\/wordpress\/plugins\/seo\/ -->\n<title>Kolczyki Czerwony Ba\u017cant \u2013 Muza Odwagi - DomiSol - Dostrajamy<\/title>\n<meta name=\"robots\" content=\"index, follow, max-snippet:-1, max-image-preview:large, max-video-preview:-1\" \/>\n<link rel=\"canonical\" href=\"https:\/\/www.dostrajamy.com\/en\/product\/red-basant-earrings-muse-of-courage\/\" \/>\n<meta property=\"og:locale\" content=\"en_GB\" \/>\n<meta property=\"og:type\" content=\"article\" \/>\n<meta property=\"og:title\" content=\"Kolczyki Czerwony Ba\u017cant \u2013 Muza Odwagi - DomiSol - Dostrajamy\" \/>\n<meta property=\"og:description\" content=\"\ud83d\udc26 Kolczyki Czerwony Ba\u017cant \u2013 Muza Odwagi Z\u0142oty mosi\u0105dz z czarn\u0105 oksydacj\u0105 w kszta\u0142cie ba\u017canta tworzy kontrastow\u0105 ram\u0119 dla czerwonego pi\u00f3ra, kt\u00f3re imituje jego ogon \u2013 to symbol odwagi i dumy. Kryszta\u0142 dodaje subtelnego blasku, podkre\u015blaj\u0105c talizmanowy charakter kolczyk\u00f3w. To Twoja Muza Odwagi \u2013 przypomina, \u017ce pi\u0119kno i pewno\u015b\u0107 siebie mo\u017cna nosi\u0107 ka\u017cdego dnia. Kolczyki oplataj\u0105 uszy, przyci\u0105gaj\u0105c spojrzenia i wprowadzaj\u0105c energi\u0119 \u017cycia i wyrazu. Za\u0142\u00f3\u017c i poczuj w sobie odwag\u0119 i dumny blask.\" \/>\n<meta property=\"og:url\" content=\"https:\/\/www.dostrajamy.com\/en\/product\/red-basant-earrings-muse-of-courage\/\" \/>\n<meta property=\"og:site_name\" content=\"DomiSol - Dostrajamy\" \/>\n<meta property=\"article:publisher\" content=\"https:\/\/www.facebook.com\/domisol.dostrajamy\" \/>\n<meta property=\"article:modified_time\" content=\"2025-08-27T19:34:36+00:00\" \/>\n<meta property=\"og:image\" content=\"https:\/\/www.dostrajamy.com\/wp-content\/uploads\/2025\/08\/IMG_3180-scaled.jpg\" \/>\n\t<meta property=\"og:image:width\" content=\"1440\" \/>\n\t<meta property=\"og:image:height\" content=\"2560\" \/>\n\t<meta property=\"og:image:type\" content=\"image\/jpeg\" \/>\n<meta name=\"twitter:card\" content=\"summary_large_image\" \/>\n<script type=\"application\/ld+json\" class=\"yoast-schema-graph\">{\"@context\":\"https:\/\/schema.org\",\"@graph\":[{\"@type\":\"WebPage\",\"@id\":\"https:\/\/www.dostrajamy.com\/produkt\/kolczyki-czerwony-bazant-muza-odwagi\/\",\"url\":\"https:\/\/www.dostrajamy.com\/produkt\/kolczyki-czerwony-bazant-muza-odwagi\/\",\"name\":\"Kolczyki Czerwony Ba\u017cant \u2013 Muza Odwagi - DomiSol - Dostrajamy\",\"isPartOf\":{\"@id\":\"https:\/\/www.dostrajamy.com\/#website\"},\"primaryImageOfPage\":{\"@id\":\"https:\/\/www.dostrajamy.com\/produkt\/kolczyki-czerwony-bazant-muza-odwagi\/#primaryimage\"},\"image\":{\"@id\":\"https:\/\/www.dostrajamy.com\/produkt\/kolczyki-czerwony-bazant-muza-odwagi\/#primaryimage\"},\"thumbnailUrl\":\"https:\/\/www.dostrajamy.com\/wp-content\/uploads\/2025\/08\/IMG_3180-scaled.jpg\",\"datePublished\":\"2025-08-27T19:31:11+00:00\",\"dateModified\":\"2025-08-27T19:34:36+00:00\",\"breadcrumb\":{\"@id\":\"https:\/\/www.dostrajamy.com\/produkt\/kolczyki-czerwony-bazant-muza-odwagi\/#breadcrumb\"},\"inLanguage\":\"en-GB\",\"potentialAction\":[{\"@type\":\"ReadAction\",\"target\":[\"https:\/\/www.dostrajamy.com\/produkt\/kolczyki-czerwony-bazant-muza-odwagi\/\"]}]},{\"@type\":\"ImageObject\",\"inLanguage\":\"en-GB\",\"@id\":\"https:\/\/www.dostrajamy.com\/produkt\/kolczyki-czerwony-bazant-muza-odwagi\/#primaryimage\",\"url\":\"https:\/\/www.dostrajamy.com\/wp-content\/uploads\/2025\/08\/IMG_3180-scaled.jpg\",\"contentUrl\":\"https:\/\/www.dostrajamy.com\/wp-content\/uploads\/2025\/08\/IMG_3180-scaled.jpg\",\"width\":1440,\"height\":2560},{\"@type\":\"BreadcrumbList\",\"@id\":\"https:\/\/www.dostrajamy.com\/produkt\/kolczyki-czerwony-bazant-muza-odwagi\/#breadcrumb\",\"itemListElement\":[{\"@type\":\"ListItem\",\"position\":1,\"name\":\"Strona g\u0142\u00f3wna\",\"item\":\"https:\/\/www.dostrajamy.com\/\"},{\"@type\":\"ListItem\",\"position\":2,\"name\":\"Sklep\",\"item\":\"https:\/\/www.dostrajamy.com\/sklep\/\"},{\"@type\":\"ListItem\",\"position\":3,\"name\":\"Kolczyki Czerwony Ba\u017cant \u2013 Muza Odwagi\"}]},{\"@type\":\"WebSite\",\"@id\":\"https:\/\/www.dostrajamy.com\/#website\",\"url\":\"https:\/\/www.dostrajamy.com\/\",\"name\":\"DomiSol - Dostrajamy\",\"description\":\"Dostr\u00f3j si\u0119 do siebie!\",\"publisher\":{\"@id\":\"https:\/\/www.dostrajamy.com\/#organization\"},\"potentialAction\":[{\"@type\":\"SearchAction\",\"target\":{\"@type\":\"EntryPoint\",\"urlTemplate\":\"https:\/\/www.dostrajamy.com\/?s={search_term_string}\"},\"query-input\":{\"@type\":\"PropertyValueSpecification\",\"valueRequired\":true,\"valueName\":\"search_term_string\"}}],\"inLanguage\":\"en-GB\"},{\"@type\":\"Organization\",\"@id\":\"https:\/\/www.dostrajamy.com\/#organization\",\"name\":\"DomiSol - Dostrajamy\",\"url\":\"https:\/\/www.dostrajamy.com\/\",\"logo\":{\"@type\":\"ImageObject\",\"inLanguage\":\"en-GB\",\"@id\":\"https:\/\/www.dostrajamy.com\/#\/schema\/logo\/image\/\",\"url\":\"https:\/\/www.dostrajamy.com\/wp-content\/uploads\/2025\/02\/cropped-Logo_poziom-1-scaled.png\",\"contentUrl\":\"https:\/\/www.dostrajamy.com\/wp-content\/uploads\/2025\/02\/cropped-Logo_poziom-1-scaled.png\",\"width\":2560,\"height\":453,\"caption\":\"DomiSol - Dostrajamy\"},\"image\":{\"@id\":\"https:\/\/www.dostrajamy.com\/#\/schema\/logo\/image\/\"},\"sameAs\":[\"https:\/\/www.facebook.com\/domisol.dostrajamy\",\"https:\/\/www.instagram.com\/domisol.dostrajamy\",\"https:\/\/www.youtube.com\/@dostrajamy\",\"https:\/\/open.spotify.com\/show\/5je85cYoaCcWGNo7Nwz2iW?si=1c15f6eb977f4f3d&nd=1&dlsi=d2ab15e5d6624979\"]}]}<\/script>\n<!-- \/ Yoast SEO plugin. -->","yoast_head_json":{"title":"Red Pheasant earrings - Muse of Courage - DomiSol - Tune in","robots":{"index":"index","follow":"follow","max-snippet":"max-snippet:-1","max-image-preview":"max-image-preview:large","max-video-preview":"max-video-preview:-1"},"canonical":"https:\/\/www.dostrajamy.com\/en\/product\/red-basant-earrings-muse-of-courage\/","og_locale":"en_GB","og_type":"article","og_title":"Kolczyki Czerwony Ba\u017cant \u2013 Muza Odwagi - DomiSol - Dostrajamy","og_description":"\ud83d\udc26 Kolczyki Czerwony Ba\u017cant \u2013 Muza Odwagi Z\u0142oty mosi\u0105dz z czarn\u0105 oksydacj\u0105 w kszta\u0142cie ba\u017canta tworzy kontrastow\u0105 ram\u0119 dla czerwonego pi\u00f3ra, kt\u00f3re imituje jego ogon \u2013 to symbol odwagi i dumy. Kryszta\u0142 dodaje subtelnego blasku, podkre\u015blaj\u0105c talizmanowy charakter kolczyk\u00f3w. To Twoja Muza Odwagi \u2013 przypomina, \u017ce pi\u0119kno i pewno\u015b\u0107 siebie mo\u017cna nosi\u0107 ka\u017cdego dnia. Kolczyki oplataj\u0105 uszy, przyci\u0105gaj\u0105c spojrzenia i wprowadzaj\u0105c energi\u0119 \u017cycia i wyrazu. Za\u0142\u00f3\u017c i poczuj w sobie odwag\u0119 i dumny blask.","og_url":"https:\/\/www.dostrajamy.com\/en\/product\/red-basant-earrings-muse-of-courage\/","og_site_name":"DomiSol - Dostrajamy","article_publisher":"https:\/\/www.facebook.com\/domisol.dostrajamy","article_modified_time":"2025-08-27T19:34:36+00:00","og_image":[{"width":1440,"height":2560,"url":"https:\/\/www.dostrajamy.com\/wp-content\/uploads\/2025\/08\/IMG_3180-scaled.jpg","type":"image\/jpeg"}],"twitter_card":"summary_large_image","schema":{"@context":"https:\/\/schema.org","@graph":[{"@type":"WebPage","@id":"https:\/\/www.dostrajamy.com\/produkt\/kolczyki-czerwony-bazant-muza-odwagi\/","url":"https:\/\/www.dostrajamy.com\/produkt\/kolczyki-czerwony-bazant-muza-odwagi\/","name":"Red Pheasant earrings - Muse of Courage - DomiSol - Tune in","isPartOf":{"@id":"https:\/\/www.dostrajamy.com\/#website"},"primaryImageOfPage":{"@id":"https:\/\/www.dostrajamy.com\/produkt\/kolczyki-czerwony-bazant-muza-odwagi\/#primaryimage"},"image":{"@id":"https:\/\/www.dostrajamy.com\/produkt\/kolczyki-czerwony-bazant-muza-odwagi\/#primaryimage"},"thumbnailUrl":"https:\/\/www.dostrajamy.com\/wp-content\/uploads\/2025\/08\/IMG_3180-scaled.jpg","datePublished":"2025-08-27T19:31:11+00:00","dateModified":"2025-08-27T19:34:36+00:00","breadcrumb":{"@id":"https:\/\/www.dostrajamy.com\/produkt\/kolczyki-czerwony-bazant-muza-odwagi\/#breadcrumb"},"inLanguage":"en-GB","potentialAction":[{"@type":"ReadAction","target":["https:\/\/www.dostrajamy.com\/produkt\/kolczyki-czerwony-bazant-muza-odwagi\/"]}]},{"@type":"ImageObject","inLanguage":"en-GB","@id":"https:\/\/www.dostrajamy.com\/produkt\/kolczyki-czerwony-bazant-muza-odwagi\/#primaryimage","url":"https:\/\/www.dostrajamy.com\/wp-content\/uploads\/2025\/08\/IMG_3180-scaled.jpg","contentUrl":"https:\/\/www.dostrajamy.com\/wp-content\/uploads\/2025\/08\/IMG_3180-scaled.jpg","width":1440,"height":2560},{"@type":"BreadcrumbList","@id":"https:\/\/www.dostrajamy.com\/produkt\/kolczyki-czerwony-bazant-muza-odwagi\/#breadcrumb","itemListElement":[{"@type":"ListItem","position":1,"name":"Strona g\u0142\u00f3wna","item":"https:\/\/www.dostrajamy.com\/"},{"@type":"ListItem","position":2,"name":"Sklep","item":"https:\/\/www.dostrajamy.com\/sklep\/"},{"@type":"ListItem","position":3,"name":"Kolczyki Czerwony Ba\u017cant \u2013 Muza Odwagi"}]},{"@type":"WebSite","@id":"https:\/\/www.dostrajamy.com\/#website","url":"https:\/\/www.dostrajamy.com\/","name":"DomiSol - Dostrajamy","description":"Tune in to yourself!","publisher":{"@id":"https:\/\/www.dostrajamy.com\/#organization"},"potentialAction":[{"@type":"SearchAction","target":{"@type":"EntryPoint","urlTemplate":"https:\/\/www.dostrajamy.com\/?s={search_term_string}"},"query-input":{"@type":"PropertyValueSpecification","valueRequired":true,"valueName":"search_term_string"}}],"inLanguage":"en-GB"},{"@type":"Organization","@id":"https:\/\/www.dostrajamy.com\/#organization","name":"DomiSol - Dostrajamy","url":"https:\/\/www.dostrajamy.com\/","logo":{"@type":"ImageObject","inLanguage":"en-GB","@id":"https:\/\/www.dostrajamy.com\/#\/schema\/logo\/image\/","url":"https:\/\/www.dostrajamy.com\/wp-content\/uploads\/2025\/02\/cropped-Logo_poziom-1-scaled.png","contentUrl":"https:\/\/www.dostrajamy.com\/wp-content\/uploads\/2025\/02\/cropped-Logo_poziom-1-scaled.png","width":2560,"height":453,"caption":"DomiSol - Dostrajamy"},"image":{"@id":"https:\/\/www.dostrajamy.com\/#\/schema\/logo\/image\/"},"sameAs":["https:\/\/www.facebook.com\/domisol.dostrajamy","https:\/\/www.instagram.com\/domisol.dostrajamy","https:\/\/www.youtube.com\/@dostrajamy","https:\/\/open.spotify.com\/show\/5je85cYoaCcWGNo7Nwz2iW?si=1c15f6eb977f4f3d&nd=1&dlsi=d2ab15e5d6624979"]}]}},"_links":{"self":[{"href":"https:\/\/www.dostrajamy.com\/en\/wp-json\/wp\/v2\/product\/3317","targetHints":{"allow":["GET"]}}],"collection":[{"href":"https:\/\/www.dostrajamy.com\/en\/wp-json\/wp\/v2\/product"}],"about":[{"href":"https:\/\/www.dostrajamy.com\/en\/wp-json\/wp\/v2\/types\/product"}],"replies":[{"embeddable":true,"href":"https:\/\/www.dostrajamy.com\/en\/wp-json\/wp\/v2\/comments?post=3317"}],"wp:featuredmedia":[{"embeddable":true,"href":"https:\/\/www.dostrajamy.com\/en\/wp-json\/wp\/v2\/media\/3255"}],"wp:attachment":[{"href":"https:\/\/www.dostrajamy.com\/en\/wp-json\/wp\/v2\/media?parent=3317"}],"wp:term":[{"taxonomy":"product_brand","embeddable":true,"href":"https:\/\/www.dostrajamy.com\/en\/wp-json\/wp\/v2\/product_brand?post=3317"},{"taxonomy":"product_cat","embeddable":true,"href":"https:\/\/www.dostrajamy.com\/en\/wp-json\/wp\/v2\/product_cat?post=3317"},{"taxonomy":"product_tag","embeddable":true,"href":"https:\/\/www.dostrajamy.com\/en\/wp-json\/wp\/v2\/product_tag?post=3317"}],"curies":[{"name":"wp","href":"https:\/\/api.w.org\/{rel}","templated":true}]}}