{"id":3556,"date":"2025-09-09T16:40:37","date_gmt":"2025-09-09T16:40:37","guid":{"rendered":"https:\/\/www.dostrajamy.com\/?post_type=product&#038;p=3556"},"modified":"2025-09-09T16:42:20","modified_gmt":"2025-09-09T16:42:20","slug":"earrings-sea-of-ion-muse-of-peace","status":"publish","type":"product","link":"https:\/\/www.dostrajamy.com\/en\/product\/earrings-sea-of-ion-muse-of-peace\/","title":{"rendered":"Ionian Sea Earrings - Muse of Serenity"},"content":{"rendered":"<h3 data-start=\"979\" data-end=\"1242\">Sensitive information:<\/h3>\n<ul>\n<li data-start=\"539\" data-end=\"571\">\n<p data-start=\"541\" data-end=\"571\"><strong data-start=\"541\" data-end=\"550\">Form<\/strong>: Screw-on earrings.<\/p>\n<\/li>\n<li data-start=\"572\" data-end=\"634\">\n<p data-start=\"574\" data-end=\"634\"><strong data-start=\"574\" data-end=\"586\">Material<\/strong>: brass, resin<\/p>\n<\/li>\n<li data-start=\"635\" data-end=\"715\">\n<p data-start=\"637\" data-end=\"715\"><strong data-start=\"637\" data-end=\"652\">Finishing<\/strong>: hand-polished, subtle brass shine.<\/p>\n<\/li>\n<li data-start=\"716\" data-end=\"775\">\n<p data-start=\"718\" data-end=\"775\"><strong data-start=\"718\" data-end=\"727\">Detail<\/strong>: Resin infill in a shade of blue.<\/p>\n<\/li>\n<li data-start=\"776\" data-end=\"845\">\n<p data-start=\"778\" data-end=\"845\"><strong data-start=\"778\" data-end=\"793\">Origins<\/strong>: handmade in Athens, at the Kalliope workshop.<\/p>\n<\/li>\n<\/ul>","protected":false},"excerpt":{"rendered":"<h3 data-start=\"100\" data-end=\"154\">Ionian Sea Earrings - Muse of Serenity<\/h3>\n<p data-start=\"68\" data-end=\"457\">In the blue of the Ionian Sea there is a silence that soothes. The \u201eIonian Sea - Muse of Tranquillity\u201d earrings are like the reflection of waves dancing in the sun - subtle, light, bringing harmony. Your Muse leads you towards tranquillity, where beauty doesn't need to shout, but just flows - naturally, like the sea. Wear them when you want to immerse yourself in lightness and find the space to breathe.<\/p>\n<p data-start=\"459\" data-end=\"502\"><strong>Immerse yourself in the blue of peace.<\/strong><\/p>","protected":false},"featured_media":3434,"comment_status":"open","ping_status":"closed","template":"","meta":{"_eb_attr":""},"product_brand":[],"product_cat":[57,36],"product_tag":[68,70,108,69,71],"class_list":{"0":"post-3556","1":"product","2":"type-product","3":"status-publish","4":"has-post-thumbnail","6":"product_cat-grecka-bizuteria","7":"product_cat-kolczyki","8":"product_tag-bizuteria","9":"product_tag-fashion-jewelry","10":"product_tag-klipsy","11":"product_tag-kolczyki","12":"product_tag-mosiadz","14":"first","15":"instock","16":"shipping-taxable","17":"purchasable","18":"product-type-simple"},"yoast_head":"<!-- This site is optimized with the Yoast SEO plugin v26.6 - https:\/\/yoast.com\/wordpress\/plugins\/seo\/ -->\n<title>Kolczyki Morze Jo\u0144skie \u2013 Muza Spokoju - DomiSol - Dostrajamy<\/title>\n<meta name=\"robots\" content=\"index, follow, max-snippet:-1, max-image-preview:large, max-video-preview:-1\" \/>\n<link rel=\"canonical\" href=\"https:\/\/www.dostrajamy.com\/en\/product\/earrings-sea-of-ion-muse-of-peace\/\" \/>\n<meta property=\"og:locale\" content=\"en_GB\" \/>\n<meta property=\"og:type\" content=\"article\" \/>\n<meta property=\"og:title\" content=\"Kolczyki Morze Jo\u0144skie \u2013 Muza Spokoju - DomiSol - Dostrajamy\" \/>\n<meta property=\"og:description\" content=\"Kolczyki Morze Jo\u0144skie \u2013 Muza Spokoju W b\u0142\u0119kicie Morza Jo\u0144skiego kryje si\u0119 cisza, kt\u00f3ra koi. Kolczyki \u201eMorze Jo\u0144skie \u2013 Muza Spokoju\u201d s\u0105 jak odbicie fal ta\u0144cz\u0105cych w s\u0142o\u0144cu \u2013 subtelne, lekkie, wprowadzaj\u0105ce harmoni\u0119. Twoja Muza prowadzi Ci\u0119 ku wyciszeniu, gdzie pi\u0119kno nie potrzebuje krzycze\u0107, a wystarczy, \u017ce p\u0142ynie \u2013 naturalnie, jak morze. No\u015b je, gdy pragniesz zanurzy\u0107 si\u0119 w lekko\u015bci i odnale\u017a\u0107 w sobie przestrze\u0144 oddechu. Zanurz si\u0119 w b\u0142\u0119kicie spokoju.\" \/>\n<meta property=\"og:url\" content=\"https:\/\/www.dostrajamy.com\/en\/product\/earrings-sea-of-ion-muse-of-peace\/\" \/>\n<meta property=\"og:site_name\" content=\"DomiSol - Dostrajamy\" \/>\n<meta property=\"article:publisher\" content=\"https:\/\/www.facebook.com\/domisol.dostrajamy\" \/>\n<meta property=\"article:modified_time\" content=\"2025-09-09T16:42:20+00:00\" \/>\n<meta property=\"og:image\" content=\"https:\/\/www.dostrajamy.com\/wp-content\/uploads\/2025\/09\/IMG_3749.webp\" \/>\n\t<meta property=\"og:image:width\" content=\"1094\" \/>\n\t<meta property=\"og:image:height\" content=\"1094\" \/>\n\t<meta property=\"og:image:type\" content=\"image\/webp\" \/>\n<meta name=\"twitter:card\" content=\"summary_large_image\" \/>\n<script type=\"application\/ld+json\" class=\"yoast-schema-graph\">{\"@context\":\"https:\/\/schema.org\",\"@graph\":[{\"@type\":\"WebPage\",\"@id\":\"https:\/\/www.dostrajamy.com\/produkt\/kolczyki-morze-jonskie-muza-spokoju\/\",\"url\":\"https:\/\/www.dostrajamy.com\/produkt\/kolczyki-morze-jonskie-muza-spokoju\/\",\"name\":\"Kolczyki Morze Jo\u0144skie \u2013 Muza Spokoju - DomiSol - Dostrajamy\",\"isPartOf\":{\"@id\":\"https:\/\/www.dostrajamy.com\/#website\"},\"primaryImageOfPage\":{\"@id\":\"https:\/\/www.dostrajamy.com\/produkt\/kolczyki-morze-jonskie-muza-spokoju\/#primaryimage\"},\"image\":{\"@id\":\"https:\/\/www.dostrajamy.com\/produkt\/kolczyki-morze-jonskie-muza-spokoju\/#primaryimage\"},\"thumbnailUrl\":\"https:\/\/www.dostrajamy.com\/wp-content\/uploads\/2025\/09\/IMG_3749.webp\",\"datePublished\":\"2025-09-09T16:40:37+00:00\",\"dateModified\":\"2025-09-09T16:42:20+00:00\",\"breadcrumb\":{\"@id\":\"https:\/\/www.dostrajamy.com\/produkt\/kolczyki-morze-jonskie-muza-spokoju\/#breadcrumb\"},\"inLanguage\":\"en-GB\",\"potentialAction\":[{\"@type\":\"ReadAction\",\"target\":[\"https:\/\/www.dostrajamy.com\/produkt\/kolczyki-morze-jonskie-muza-spokoju\/\"]}]},{\"@type\":\"ImageObject\",\"inLanguage\":\"en-GB\",\"@id\":\"https:\/\/www.dostrajamy.com\/produkt\/kolczyki-morze-jonskie-muza-spokoju\/#primaryimage\",\"url\":\"https:\/\/www.dostrajamy.com\/wp-content\/uploads\/2025\/09\/IMG_3749.webp\",\"contentUrl\":\"https:\/\/www.dostrajamy.com\/wp-content\/uploads\/2025\/09\/IMG_3749.webp\",\"width\":1094,\"height\":1094},{\"@type\":\"BreadcrumbList\",\"@id\":\"https:\/\/www.dostrajamy.com\/produkt\/kolczyki-morze-jonskie-muza-spokoju\/#breadcrumb\",\"itemListElement\":[{\"@type\":\"ListItem\",\"position\":1,\"name\":\"Strona g\u0142\u00f3wna\",\"item\":\"https:\/\/www.dostrajamy.com\/\"},{\"@type\":\"ListItem\",\"position\":2,\"name\":\"Sklep\",\"item\":\"https:\/\/www.dostrajamy.com\/sklep\/\"},{\"@type\":\"ListItem\",\"position\":3,\"name\":\"Kolczyki Morze Jo\u0144skie \u2013 Muza Spokoju\"}]},{\"@type\":\"WebSite\",\"@id\":\"https:\/\/www.dostrajamy.com\/#website\",\"url\":\"https:\/\/www.dostrajamy.com\/\",\"name\":\"DomiSol - Dostrajamy\",\"description\":\"Dostr\u00f3j si\u0119 do siebie!\",\"publisher\":{\"@id\":\"https:\/\/www.dostrajamy.com\/#organization\"},\"potentialAction\":[{\"@type\":\"SearchAction\",\"target\":{\"@type\":\"EntryPoint\",\"urlTemplate\":\"https:\/\/www.dostrajamy.com\/?s={search_term_string}\"},\"query-input\":{\"@type\":\"PropertyValueSpecification\",\"valueRequired\":true,\"valueName\":\"search_term_string\"}}],\"inLanguage\":\"en-GB\"},{\"@type\":\"Organization\",\"@id\":\"https:\/\/www.dostrajamy.com\/#organization\",\"name\":\"DomiSol - Dostrajamy\",\"url\":\"https:\/\/www.dostrajamy.com\/\",\"logo\":{\"@type\":\"ImageObject\",\"inLanguage\":\"en-GB\",\"@id\":\"https:\/\/www.dostrajamy.com\/#\/schema\/logo\/image\/\",\"url\":\"https:\/\/www.dostrajamy.com\/wp-content\/uploads\/2025\/02\/cropped-Logo_poziom-1-scaled.png\",\"contentUrl\":\"https:\/\/www.dostrajamy.com\/wp-content\/uploads\/2025\/02\/cropped-Logo_poziom-1-scaled.png\",\"width\":2560,\"height\":453,\"caption\":\"DomiSol - Dostrajamy\"},\"image\":{\"@id\":\"https:\/\/www.dostrajamy.com\/#\/schema\/logo\/image\/\"},\"sameAs\":[\"https:\/\/www.facebook.com\/domisol.dostrajamy\",\"https:\/\/www.instagram.com\/domisol.dostrajamy\",\"https:\/\/www.youtube.com\/@dostrajamy\",\"https:\/\/open.spotify.com\/show\/5je85cYoaCcWGNo7Nwz2iW?si=1c15f6eb977f4f3d&nd=1&dlsi=d2ab15e5d6624979\"]}]}<\/script>\n<!-- \/ Yoast SEO plugin. -->","yoast_head_json":{"title":"Ionian Sea Earrings - Muse of Serenity - DomiSol - Tune in","robots":{"index":"index","follow":"follow","max-snippet":"max-snippet:-1","max-image-preview":"max-image-preview:large","max-video-preview":"max-video-preview:-1"},"canonical":"https:\/\/www.dostrajamy.com\/en\/product\/earrings-sea-of-ion-muse-of-peace\/","og_locale":"en_GB","og_type":"article","og_title":"Kolczyki Morze Jo\u0144skie \u2013 Muza Spokoju - DomiSol - Dostrajamy","og_description":"Kolczyki Morze Jo\u0144skie \u2013 Muza Spokoju W b\u0142\u0119kicie Morza Jo\u0144skiego kryje si\u0119 cisza, kt\u00f3ra koi. Kolczyki \u201eMorze Jo\u0144skie \u2013 Muza Spokoju\u201d s\u0105 jak odbicie fal ta\u0144cz\u0105cych w s\u0142o\u0144cu \u2013 subtelne, lekkie, wprowadzaj\u0105ce harmoni\u0119. Twoja Muza prowadzi Ci\u0119 ku wyciszeniu, gdzie pi\u0119kno nie potrzebuje krzycze\u0107, a wystarczy, \u017ce p\u0142ynie \u2013 naturalnie, jak morze. No\u015b je, gdy pragniesz zanurzy\u0107 si\u0119 w lekko\u015bci i odnale\u017a\u0107 w sobie przestrze\u0144 oddechu. Zanurz si\u0119 w b\u0142\u0119kicie spokoju.","og_url":"https:\/\/www.dostrajamy.com\/en\/product\/earrings-sea-of-ion-muse-of-peace\/","og_site_name":"DomiSol - Dostrajamy","article_publisher":"https:\/\/www.facebook.com\/domisol.dostrajamy","article_modified_time":"2025-09-09T16:42:20+00:00","og_image":[{"width":1094,"height":1094,"url":"https:\/\/www.dostrajamy.com\/wp-content\/uploads\/2025\/09\/IMG_3749.webp","type":"image\/webp"}],"twitter_card":"summary_large_image","schema":{"@context":"https:\/\/schema.org","@graph":[{"@type":"WebPage","@id":"https:\/\/www.dostrajamy.com\/produkt\/kolczyki-morze-jonskie-muza-spokoju\/","url":"https:\/\/www.dostrajamy.com\/produkt\/kolczyki-morze-jonskie-muza-spokoju\/","name":"Ionian Sea Earrings - Muse of Serenity - DomiSol - Tune in","isPartOf":{"@id":"https:\/\/www.dostrajamy.com\/#website"},"primaryImageOfPage":{"@id":"https:\/\/www.dostrajamy.com\/produkt\/kolczyki-morze-jonskie-muza-spokoju\/#primaryimage"},"image":{"@id":"https:\/\/www.dostrajamy.com\/produkt\/kolczyki-morze-jonskie-muza-spokoju\/#primaryimage"},"thumbnailUrl":"https:\/\/www.dostrajamy.com\/wp-content\/uploads\/2025\/09\/IMG_3749.webp","datePublished":"2025-09-09T16:40:37+00:00","dateModified":"2025-09-09T16:42:20+00:00","breadcrumb":{"@id":"https:\/\/www.dostrajamy.com\/produkt\/kolczyki-morze-jonskie-muza-spokoju\/#breadcrumb"},"inLanguage":"en-GB","potentialAction":[{"@type":"ReadAction","target":["https:\/\/www.dostrajamy.com\/produkt\/kolczyki-morze-jonskie-muza-spokoju\/"]}]},{"@type":"ImageObject","inLanguage":"en-GB","@id":"https:\/\/www.dostrajamy.com\/produkt\/kolczyki-morze-jonskie-muza-spokoju\/#primaryimage","url":"https:\/\/www.dostrajamy.com\/wp-content\/uploads\/2025\/09\/IMG_3749.webp","contentUrl":"https:\/\/www.dostrajamy.com\/wp-content\/uploads\/2025\/09\/IMG_3749.webp","width":1094,"height":1094},{"@type":"BreadcrumbList","@id":"https:\/\/www.dostrajamy.com\/produkt\/kolczyki-morze-jonskie-muza-spokoju\/#breadcrumb","itemListElement":[{"@type":"ListItem","position":1,"name":"Strona g\u0142\u00f3wna","item":"https:\/\/www.dostrajamy.com\/"},{"@type":"ListItem","position":2,"name":"Sklep","item":"https:\/\/www.dostrajamy.com\/sklep\/"},{"@type":"ListItem","position":3,"name":"Kolczyki Morze Jo\u0144skie \u2013 Muza Spokoju"}]},{"@type":"WebSite","@id":"https:\/\/www.dostrajamy.com\/#website","url":"https:\/\/www.dostrajamy.com\/","name":"DomiSol - Dostrajamy","description":"Tune in to yourself!","publisher":{"@id":"https:\/\/www.dostrajamy.com\/#organization"},"potentialAction":[{"@type":"SearchAction","target":{"@type":"EntryPoint","urlTemplate":"https:\/\/www.dostrajamy.com\/?s={search_term_string}"},"query-input":{"@type":"PropertyValueSpecification","valueRequired":true,"valueName":"search_term_string"}}],"inLanguage":"en-GB"},{"@type":"Organization","@id":"https:\/\/www.dostrajamy.com\/#organization","name":"DomiSol - Dostrajamy","url":"https:\/\/www.dostrajamy.com\/","logo":{"@type":"ImageObject","inLanguage":"en-GB","@id":"https:\/\/www.dostrajamy.com\/#\/schema\/logo\/image\/","url":"https:\/\/www.dostrajamy.com\/wp-content\/uploads\/2025\/02\/cropped-Logo_poziom-1-scaled.png","contentUrl":"https:\/\/www.dostrajamy.com\/wp-content\/uploads\/2025\/02\/cropped-Logo_poziom-1-scaled.png","width":2560,"height":453,"caption":"DomiSol - Dostrajamy"},"image":{"@id":"https:\/\/www.dostrajamy.com\/#\/schema\/logo\/image\/"},"sameAs":["https:\/\/www.facebook.com\/domisol.dostrajamy","https:\/\/www.instagram.com\/domisol.dostrajamy","https:\/\/www.youtube.com\/@dostrajamy","https:\/\/open.spotify.com\/show\/5je85cYoaCcWGNo7Nwz2iW?si=1c15f6eb977f4f3d&nd=1&dlsi=d2ab15e5d6624979"]}]}},"_links":{"self":[{"href":"https:\/\/www.dostrajamy.com\/en\/wp-json\/wp\/v2\/product\/3556","targetHints":{"allow":["GET"]}}],"collection":[{"href":"https:\/\/www.dostrajamy.com\/en\/wp-json\/wp\/v2\/product"}],"about":[{"href":"https:\/\/www.dostrajamy.com\/en\/wp-json\/wp\/v2\/types\/product"}],"replies":[{"embeddable":true,"href":"https:\/\/www.dostrajamy.com\/en\/wp-json\/wp\/v2\/comments?post=3556"}],"wp:featuredmedia":[{"embeddable":true,"href":"https:\/\/www.dostrajamy.com\/en\/wp-json\/wp\/v2\/media\/3434"}],"wp:attachment":[{"href":"https:\/\/www.dostrajamy.com\/en\/wp-json\/wp\/v2\/media?parent=3556"}],"wp:term":[{"taxonomy":"product_brand","embeddable":true,"href":"https:\/\/www.dostrajamy.com\/en\/wp-json\/wp\/v2\/product_brand?post=3556"},{"taxonomy":"product_cat","embeddable":true,"href":"https:\/\/www.dostrajamy.com\/en\/wp-json\/wp\/v2\/product_cat?post=3556"},{"taxonomy":"product_tag","embeddable":true,"href":"https:\/\/www.dostrajamy.com\/en\/wp-json\/wp\/v2\/product_tag?post=3556"}],"curies":[{"name":"wp","href":"https:\/\/api.w.org\/{rel}","templated":true}]}}