{"id":3562,"date":"2025-09-09T17:09:36","date_gmt":"2025-09-09T17:09:36","guid":{"rendered":"https:\/\/www.dostrajamy.com\/?post_type=product&#038;p=3562"},"modified":"2025-09-09T18:29:04","modified_gmt":"2025-09-09T18:29:04","slug":"venus-muse-bracelet-beautiful","status":"publish","type":"product","link":"https:\/\/www.dostrajamy.com\/en\/product\/venus-muse-bracelet-beautiful\/","title":{"rendered":"Venus bracelet - Muse of Beauty"},"content":{"rendered":"<h3 data-start=\"689\" data-end=\"983\">Sensitive information:<\/h3>\n<ul>\n<li data-start=\"542\" data-end=\"606\">\n<p data-start=\"544\" data-end=\"606\"><strong data-start=\"544\" data-end=\"553\">Form<\/strong>: brass bracelet.<\/p>\n<\/li>\n<li data-start=\"607\" data-end=\"665\">\n<p data-start=\"609\" data-end=\"665\"><strong data-start=\"609\" data-end=\"621\">Material<\/strong>: brass, coloured resin.<\/p>\n<\/li>\n<li data-start=\"666\" data-end=\"723\">\n<p data-start=\"668\" data-end=\"723\"><strong data-start=\"668\" data-end=\"683\">Finishing<\/strong>Hand-polished, subtle shine.<\/p>\n<\/li>\n<li data-start=\"724\" data-end=\"801\">\n<p data-start=\"726\" data-end=\"801\"><strong data-start=\"726\" data-end=\"735\">Detail<\/strong>: water-coloured resin face, molded into brass with an elegant texture.<\/p>\n<\/li>\n<li data-start=\"802\" data-end=\"871\">\n<p data-start=\"804\" data-end=\"871\"><strong data-start=\"804\" data-end=\"819\">Origins<\/strong>: handmade in Athens, at the Kalliope workshop.<\/p>\n<\/li>\n<\/ul>\n<p>&nbsp;<\/p>","protected":false},"excerpt":{"rendered":"<h3 data-start=\"0\" data-end=\"39\">Venus bracelet - Muse of Beauty<\/h3>\n<p data-start=\"62\" data-end=\"421\">A delicate composition that wraps the wrist like a subtle embrace of beauty, the \u201eVenus - Muse of Beauty\u201d bracelet presents the face of Venus in water resin, framed in brass with an elegant texture. Each movement emphasises the harmony and lightness of the form, while your Muse reminds you that femininity is in the details, in the subtlety of gestures and in the elegance you carry with you.<\/p>\n<p data-start=\"423\" data-end=\"467\"><strong>Let yourself be swept away by the beauty in the detail.<\/strong><\/p>","protected":false},"featured_media":3471,"comment_status":"open","ping_status":"closed","template":"","meta":{"_eb_attr":""},"product_brand":[],"product_cat":[57,41],"product_tag":[68,78,70,71],"class_list":{"0":"post-3562","1":"product","2":"type-product","3":"status-publish","4":"has-post-thumbnail","6":"product_cat-grecka-bizuteria","7":"product_cat-bransoletki","8":"product_tag-bizuteria","9":"product_tag-bransoletka","10":"product_tag-fashion-jewelry","11":"product_tag-mosiadz","13":"first","14":"instock","15":"shipping-taxable","16":"purchasable","17":"product-type-simple"},"yoast_head":"<!-- This site is optimized with the Yoast SEO plugin v26.6 - https:\/\/yoast.com\/wordpress\/plugins\/seo\/ -->\n<title>Bransoletka Wenus \u2013 Muza Pi\u0119kna - DomiSol - Dostrajamy<\/title>\n<meta name=\"robots\" content=\"index, follow, max-snippet:-1, max-image-preview:large, max-video-preview:-1\" \/>\n<link rel=\"canonical\" href=\"https:\/\/www.dostrajamy.com\/en\/product\/venus-muse-bracelet-beautiful\/\" \/>\n<meta property=\"og:locale\" content=\"en_GB\" \/>\n<meta property=\"og:type\" content=\"article\" \/>\n<meta property=\"og:title\" content=\"Bransoletka Wenus \u2013 Muza Pi\u0119kna - DomiSol - Dostrajamy\" \/>\n<meta property=\"og:description\" content=\"Bransoletka Wenus \u2013 Muza Pi\u0119kna Delikatna kompozycja, kt\u00f3ra otula nadgarstek niczym subtelny u\u015bcisk pi\u0119kna \u2013 bransoletka \u201eWenus \u2013 Muza Pi\u0119kna\u201d prezentuje twarz Wenus w wodnej \u017cywicy, oprawion\u0105 w mosi\u0105dz o eleganckiej fakturze. Ka\u017cdy ruch podkre\u015bla harmoni\u0119 i lekko\u015b\u0107 formy, a Twoja Muza przypomina, \u017ce kobieco\u015b\u0107 jest w detalach, w subtelno\u015bci gest\u00f3w i w elegancji, kt\u00f3r\u0105 nosisz przy sobie. Daj si\u0119 porwa\u0107 pi\u0119knu w detalu.\" \/>\n<meta property=\"og:url\" content=\"https:\/\/www.dostrajamy.com\/en\/product\/venus-muse-bracelet-beautiful\/\" \/>\n<meta property=\"og:site_name\" content=\"DomiSol - Dostrajamy\" \/>\n<meta property=\"article:publisher\" content=\"https:\/\/www.facebook.com\/domisol.dostrajamy\" \/>\n<meta property=\"article:modified_time\" content=\"2025-09-09T18:29:04+00:00\" \/>\n<meta property=\"og:image\" content=\"https:\/\/www.dostrajamy.com\/wp-content\/uploads\/2025\/09\/IMG_3699.webp\" \/>\n\t<meta property=\"og:image:width\" content=\"1656\" \/>\n\t<meta property=\"og:image:height\" content=\"1656\" \/>\n\t<meta property=\"og:image:type\" content=\"image\/webp\" \/>\n<meta name=\"twitter:card\" content=\"summary_large_image\" \/>\n<script type=\"application\/ld+json\" class=\"yoast-schema-graph\">{\"@context\":\"https:\/\/schema.org\",\"@graph\":[{\"@type\":\"WebPage\",\"@id\":\"https:\/\/www.dostrajamy.com\/produkt\/bransoletka-wenus-muza-piekna\/\",\"url\":\"https:\/\/www.dostrajamy.com\/produkt\/bransoletka-wenus-muza-piekna\/\",\"name\":\"Bransoletka Wenus \u2013 Muza Pi\u0119kna - DomiSol - Dostrajamy\",\"isPartOf\":{\"@id\":\"https:\/\/www.dostrajamy.com\/#website\"},\"primaryImageOfPage\":{\"@id\":\"https:\/\/www.dostrajamy.com\/produkt\/bransoletka-wenus-muza-piekna\/#primaryimage\"},\"image\":{\"@id\":\"https:\/\/www.dostrajamy.com\/produkt\/bransoletka-wenus-muza-piekna\/#primaryimage\"},\"thumbnailUrl\":\"https:\/\/www.dostrajamy.com\/wp-content\/uploads\/2025\/09\/IMG_3699.webp\",\"datePublished\":\"2025-09-09T17:09:36+00:00\",\"dateModified\":\"2025-09-09T18:29:04+00:00\",\"breadcrumb\":{\"@id\":\"https:\/\/www.dostrajamy.com\/produkt\/bransoletka-wenus-muza-piekna\/#breadcrumb\"},\"inLanguage\":\"en-GB\",\"potentialAction\":[{\"@type\":\"ReadAction\",\"target\":[\"https:\/\/www.dostrajamy.com\/produkt\/bransoletka-wenus-muza-piekna\/\"]}]},{\"@type\":\"ImageObject\",\"inLanguage\":\"en-GB\",\"@id\":\"https:\/\/www.dostrajamy.com\/produkt\/bransoletka-wenus-muza-piekna\/#primaryimage\",\"url\":\"https:\/\/www.dostrajamy.com\/wp-content\/uploads\/2025\/09\/IMG_3699.webp\",\"contentUrl\":\"https:\/\/www.dostrajamy.com\/wp-content\/uploads\/2025\/09\/IMG_3699.webp\",\"width\":1656,\"height\":1656},{\"@type\":\"BreadcrumbList\",\"@id\":\"https:\/\/www.dostrajamy.com\/produkt\/bransoletka-wenus-muza-piekna\/#breadcrumb\",\"itemListElement\":[{\"@type\":\"ListItem\",\"position\":1,\"name\":\"Strona g\u0142\u00f3wna\",\"item\":\"https:\/\/www.dostrajamy.com\/\"},{\"@type\":\"ListItem\",\"position\":2,\"name\":\"Sklep\",\"item\":\"https:\/\/www.dostrajamy.com\/sklep\/\"},{\"@type\":\"ListItem\",\"position\":3,\"name\":\"Bransoletka Wenus \u2013 Muza Pi\u0119kna\"}]},{\"@type\":\"WebSite\",\"@id\":\"https:\/\/www.dostrajamy.com\/#website\",\"url\":\"https:\/\/www.dostrajamy.com\/\",\"name\":\"DomiSol - Dostrajamy\",\"description\":\"Dostr\u00f3j si\u0119 do siebie!\",\"publisher\":{\"@id\":\"https:\/\/www.dostrajamy.com\/#organization\"},\"potentialAction\":[{\"@type\":\"SearchAction\",\"target\":{\"@type\":\"EntryPoint\",\"urlTemplate\":\"https:\/\/www.dostrajamy.com\/?s={search_term_string}\"},\"query-input\":{\"@type\":\"PropertyValueSpecification\",\"valueRequired\":true,\"valueName\":\"search_term_string\"}}],\"inLanguage\":\"en-GB\"},{\"@type\":\"Organization\",\"@id\":\"https:\/\/www.dostrajamy.com\/#organization\",\"name\":\"DomiSol - Dostrajamy\",\"url\":\"https:\/\/www.dostrajamy.com\/\",\"logo\":{\"@type\":\"ImageObject\",\"inLanguage\":\"en-GB\",\"@id\":\"https:\/\/www.dostrajamy.com\/#\/schema\/logo\/image\/\",\"url\":\"https:\/\/www.dostrajamy.com\/wp-content\/uploads\/2025\/02\/cropped-Logo_poziom-1-scaled.png\",\"contentUrl\":\"https:\/\/www.dostrajamy.com\/wp-content\/uploads\/2025\/02\/cropped-Logo_poziom-1-scaled.png\",\"width\":2560,\"height\":453,\"caption\":\"DomiSol - Dostrajamy\"},\"image\":{\"@id\":\"https:\/\/www.dostrajamy.com\/#\/schema\/logo\/image\/\"},\"sameAs\":[\"https:\/\/www.facebook.com\/domisol.dostrajamy\",\"https:\/\/www.instagram.com\/domisol.dostrajamy\",\"https:\/\/www.youtube.com\/@dostrajamy\",\"https:\/\/open.spotify.com\/show\/5je85cYoaCcWGNo7Nwz2iW?si=1c15f6eb977f4f3d&nd=1&dlsi=d2ab15e5d6624979\"]}]}<\/script>\n<!-- \/ Yoast SEO plugin. -->","yoast_head_json":{"title":"Venus bracelet - The Muse of Beauty - DomiSol - Tune in","robots":{"index":"index","follow":"follow","max-snippet":"max-snippet:-1","max-image-preview":"max-image-preview:large","max-video-preview":"max-video-preview:-1"},"canonical":"https:\/\/www.dostrajamy.com\/en\/product\/venus-muse-bracelet-beautiful\/","og_locale":"en_GB","og_type":"article","og_title":"Bransoletka Wenus \u2013 Muza Pi\u0119kna - DomiSol - Dostrajamy","og_description":"Bransoletka Wenus \u2013 Muza Pi\u0119kna Delikatna kompozycja, kt\u00f3ra otula nadgarstek niczym subtelny u\u015bcisk pi\u0119kna \u2013 bransoletka \u201eWenus \u2013 Muza Pi\u0119kna\u201d prezentuje twarz Wenus w wodnej \u017cywicy, oprawion\u0105 w mosi\u0105dz o eleganckiej fakturze. Ka\u017cdy ruch podkre\u015bla harmoni\u0119 i lekko\u015b\u0107 formy, a Twoja Muza przypomina, \u017ce kobieco\u015b\u0107 jest w detalach, w subtelno\u015bci gest\u00f3w i w elegancji, kt\u00f3r\u0105 nosisz przy sobie. Daj si\u0119 porwa\u0107 pi\u0119knu w detalu.","og_url":"https:\/\/www.dostrajamy.com\/en\/product\/venus-muse-bracelet-beautiful\/","og_site_name":"DomiSol - Dostrajamy","article_publisher":"https:\/\/www.facebook.com\/domisol.dostrajamy","article_modified_time":"2025-09-09T18:29:04+00:00","og_image":[{"width":1656,"height":1656,"url":"https:\/\/www.dostrajamy.com\/wp-content\/uploads\/2025\/09\/IMG_3699.webp","type":"image\/webp"}],"twitter_card":"summary_large_image","schema":{"@context":"https:\/\/schema.org","@graph":[{"@type":"WebPage","@id":"https:\/\/www.dostrajamy.com\/produkt\/bransoletka-wenus-muza-piekna\/","url":"https:\/\/www.dostrajamy.com\/produkt\/bransoletka-wenus-muza-piekna\/","name":"Venus bracelet - The Muse of Beauty - DomiSol - Tune in","isPartOf":{"@id":"https:\/\/www.dostrajamy.com\/#website"},"primaryImageOfPage":{"@id":"https:\/\/www.dostrajamy.com\/produkt\/bransoletka-wenus-muza-piekna\/#primaryimage"},"image":{"@id":"https:\/\/www.dostrajamy.com\/produkt\/bransoletka-wenus-muza-piekna\/#primaryimage"},"thumbnailUrl":"https:\/\/www.dostrajamy.com\/wp-content\/uploads\/2025\/09\/IMG_3699.webp","datePublished":"2025-09-09T17:09:36+00:00","dateModified":"2025-09-09T18:29:04+00:00","breadcrumb":{"@id":"https:\/\/www.dostrajamy.com\/produkt\/bransoletka-wenus-muza-piekna\/#breadcrumb"},"inLanguage":"en-GB","potentialAction":[{"@type":"ReadAction","target":["https:\/\/www.dostrajamy.com\/produkt\/bransoletka-wenus-muza-piekna\/"]}]},{"@type":"ImageObject","inLanguage":"en-GB","@id":"https:\/\/www.dostrajamy.com\/produkt\/bransoletka-wenus-muza-piekna\/#primaryimage","url":"https:\/\/www.dostrajamy.com\/wp-content\/uploads\/2025\/09\/IMG_3699.webp","contentUrl":"https:\/\/www.dostrajamy.com\/wp-content\/uploads\/2025\/09\/IMG_3699.webp","width":1656,"height":1656},{"@type":"BreadcrumbList","@id":"https:\/\/www.dostrajamy.com\/produkt\/bransoletka-wenus-muza-piekna\/#breadcrumb","itemListElement":[{"@type":"ListItem","position":1,"name":"Strona g\u0142\u00f3wna","item":"https:\/\/www.dostrajamy.com\/"},{"@type":"ListItem","position":2,"name":"Sklep","item":"https:\/\/www.dostrajamy.com\/sklep\/"},{"@type":"ListItem","position":3,"name":"Bransoletka Wenus \u2013 Muza Pi\u0119kna"}]},{"@type":"WebSite","@id":"https:\/\/www.dostrajamy.com\/#website","url":"https:\/\/www.dostrajamy.com\/","name":"DomiSol - Dostrajamy","description":"Tune in to yourself!","publisher":{"@id":"https:\/\/www.dostrajamy.com\/#organization"},"potentialAction":[{"@type":"SearchAction","target":{"@type":"EntryPoint","urlTemplate":"https:\/\/www.dostrajamy.com\/?s={search_term_string}"},"query-input":{"@type":"PropertyValueSpecification","valueRequired":true,"valueName":"search_term_string"}}],"inLanguage":"en-GB"},{"@type":"Organization","@id":"https:\/\/www.dostrajamy.com\/#organization","name":"DomiSol - Dostrajamy","url":"https:\/\/www.dostrajamy.com\/","logo":{"@type":"ImageObject","inLanguage":"en-GB","@id":"https:\/\/www.dostrajamy.com\/#\/schema\/logo\/image\/","url":"https:\/\/www.dostrajamy.com\/wp-content\/uploads\/2025\/02\/cropped-Logo_poziom-1-scaled.png","contentUrl":"https:\/\/www.dostrajamy.com\/wp-content\/uploads\/2025\/02\/cropped-Logo_poziom-1-scaled.png","width":2560,"height":453,"caption":"DomiSol - Dostrajamy"},"image":{"@id":"https:\/\/www.dostrajamy.com\/#\/schema\/logo\/image\/"},"sameAs":["https:\/\/www.facebook.com\/domisol.dostrajamy","https:\/\/www.instagram.com\/domisol.dostrajamy","https:\/\/www.youtube.com\/@dostrajamy","https:\/\/open.spotify.com\/show\/5je85cYoaCcWGNo7Nwz2iW?si=1c15f6eb977f4f3d&nd=1&dlsi=d2ab15e5d6624979"]}]}},"_links":{"self":[{"href":"https:\/\/www.dostrajamy.com\/en\/wp-json\/wp\/v2\/product\/3562","targetHints":{"allow":["GET"]}}],"collection":[{"href":"https:\/\/www.dostrajamy.com\/en\/wp-json\/wp\/v2\/product"}],"about":[{"href":"https:\/\/www.dostrajamy.com\/en\/wp-json\/wp\/v2\/types\/product"}],"replies":[{"embeddable":true,"href":"https:\/\/www.dostrajamy.com\/en\/wp-json\/wp\/v2\/comments?post=3562"}],"wp:featuredmedia":[{"embeddable":true,"href":"https:\/\/www.dostrajamy.com\/en\/wp-json\/wp\/v2\/media\/3471"}],"wp:attachment":[{"href":"https:\/\/www.dostrajamy.com\/en\/wp-json\/wp\/v2\/media?parent=3562"}],"wp:term":[{"taxonomy":"product_brand","embeddable":true,"href":"https:\/\/www.dostrajamy.com\/en\/wp-json\/wp\/v2\/product_brand?post=3562"},{"taxonomy":"product_cat","embeddable":true,"href":"https:\/\/www.dostrajamy.com\/en\/wp-json\/wp\/v2\/product_cat?post=3562"},{"taxonomy":"product_tag","embeddable":true,"href":"https:\/\/www.dostrajamy.com\/en\/wp-json\/wp\/v2\/product_tag?post=3562"}],"curies":[{"name":"wp","href":"https:\/\/api.w.org\/{rel}","templated":true}]}}