{"id":3567,"date":"2025-09-09T17:55:40","date_gmt":"2025-09-09T17:55:40","guid":{"rendered":"https:\/\/www.dostrajamy.com\/?post_type=product&#038;p=3567"},"modified":"2025-09-09T18:07:08","modified_gmt":"2025-09-09T18:07:08","slug":"breast-beginning-violet-muse-of-new-ways","status":"publish","type":"product","link":"https:\/\/www.dostrajamy.com\/en\/product\/breast-beginning-violet-muse-of-new-ways\/","title":{"rendered":"Ring of Beginnings - Purple Muse of New Roads"},"content":{"rendered":"<h3 data-start=\"1132\" data-end=\"1395\">\u2728 Sensitive information:<\/h3>\n<ul>\n<li data-start=\"539\" data-end=\"629\">\n<p data-start=\"541\" data-end=\"629\"><strong data-start=\"541\" data-end=\"550\">Form<\/strong>: circular adjustable ring.<\/p>\n<\/li>\n<li data-start=\"630\" data-end=\"656\">\n<p data-start=\"632\" data-end=\"656\"><strong data-start=\"632\" data-end=\"644\">Material<\/strong>: brass.<\/p>\n<\/li>\n<li data-start=\"657\" data-end=\"704\">\n<p data-start=\"659\" data-end=\"704\"><strong data-start=\"659\" data-end=\"674\">Finishing<\/strong>: natural lustre brass, tinted resin.<\/p>\n<\/li>\n<li data-start=\"705\" data-end=\"780\">\n<p data-start=\"707\" data-end=\"780\"><strong data-start=\"707\" data-end=\"716\">Detail<\/strong>: Purple textured resin infill<\/p>\n<\/li>\n<li data-start=\"781\" data-end=\"850\">\n<p data-start=\"783\" data-end=\"850\"><strong data-start=\"783\" data-end=\"798\">Origins<\/strong>: handmade in Athens, at the Kalliope workshop.<\/p>\n<\/li>\n<\/ul>","protected":false},"excerpt":{"rendered":"<h3 data-start=\"0\" data-end=\"55\">Ring of Beginnings - Purple Muse of New Roads<\/h3>\n<p data-start=\"78\" data-end=\"446\">Every beginning holds magic and mystery. The \u201eBeginnings - Purple Muse of New Ways\u201d ring wraps your finger in a circle full of life, and the resin in deep purple with its subtle texture brings to mind the first moments of the night, when dreams begin to take shape. Your Muse leads you on a journey of self-discovery, inspiring bold decisions and new possibilities.<\/p>\n<p data-start=\"448\" data-end=\"493\"><strong>Put it on and start your journey.<\/strong><\/p>","protected":false},"featured_media":3454,"comment_status":"open","ping_status":"closed","template":"","meta":{"_eb_attr":""},"product_brand":[],"product_cat":[57,31],"product_tag":[68,70,71,76,75],"class_list":{"0":"post-3567","1":"product","2":"type-product","3":"status-publish","4":"has-post-thumbnail","6":"product_cat-grecka-bizuteria","7":"product_cat-pierscionki","8":"product_tag-bizuteria","9":"product_tag-fashion-jewelry","10":"product_tag-mosiadz","11":"product_tag-pierscien","12":"product_tag-zywica","14":"first","15":"instock","16":"shipping-taxable","17":"purchasable","18":"product-type-simple"},"yoast_head":"<!-- This site is optimized with the Yoast SEO plugin v26.6 - https:\/\/yoast.com\/wordpress\/plugins\/seo\/ -->\n<title>Pier\u015bcie\u0144 Pocz\u0105tek \u2013 Fioletowa Muza Nowych Dr\u00f3g - DomiSol - Dostrajamy<\/title>\n<meta name=\"robots\" content=\"index, follow, max-snippet:-1, max-image-preview:large, max-video-preview:-1\" \/>\n<link rel=\"canonical\" href=\"https:\/\/www.dostrajamy.com\/en\/product\/breast-beginning-violet-muse-of-new-ways\/\" \/>\n<meta property=\"og:locale\" content=\"en_GB\" \/>\n<meta property=\"og:type\" content=\"article\" \/>\n<meta property=\"og:title\" content=\"Pier\u015bcie\u0144 Pocz\u0105tek \u2013 Fioletowa Muza Nowych Dr\u00f3g - DomiSol - Dostrajamy\" \/>\n<meta property=\"og:description\" content=\"Pier\u015bcie\u0144 Pocz\u0105tek \u2013 Fioletowa Muza Nowych Dr\u00f3g Ka\u017cdy pocz\u0105tek kryje w sobie magi\u0119 i tajemnic\u0119. Pier\u015bcie\u0144 \u201ePocz\u0105tek \u2013 Fioletowa Muza Nowych Dr\u00f3g\u201d otula palec kr\u0119giem pe\u0142nym \u017cycia, a \u017cywica w g\u0142\u0119bokim fiolecie z subteln\u0105 faktur\u0105 przywodzi na my\u015bl pierwsze chwile nocy, kiedy marzenia zaczynaj\u0105 si\u0119 kszta\u0142towa\u0107. Twoja Muza prowadzi Ci\u0119 w podr\u00f3\u017c odkrywania siebie, inspiruj\u0105c do odwa\u017cnych decyzji i nowych mo\u017cliwo\u015bci. Za\u0142\u00f3\u017c i rozpocznij swoj\u0105 podr\u00f3\u017c.\" \/>\n<meta property=\"og:url\" content=\"https:\/\/www.dostrajamy.com\/en\/product\/breast-beginning-violet-muse-of-new-ways\/\" \/>\n<meta property=\"og:site_name\" content=\"DomiSol - Dostrajamy\" \/>\n<meta property=\"article:publisher\" content=\"https:\/\/www.facebook.com\/domisol.dostrajamy\" \/>\n<meta property=\"article:modified_time\" content=\"2025-09-09T18:07:08+00:00\" \/>\n<meta property=\"og:image\" content=\"https:\/\/www.dostrajamy.com\/wp-content\/uploads\/2025\/09\/IMG_3723.webp\" \/>\n\t<meta property=\"og:image:width\" content=\"900\" \/>\n\t<meta property=\"og:image:height\" content=\"900\" \/>\n\t<meta property=\"og:image:type\" content=\"image\/webp\" \/>\n<meta name=\"twitter:card\" content=\"summary_large_image\" \/>\n<script type=\"application\/ld+json\" class=\"yoast-schema-graph\">{\"@context\":\"https:\/\/schema.org\",\"@graph\":[{\"@type\":\"WebPage\",\"@id\":\"https:\/\/www.dostrajamy.com\/produkt\/pierscien-poczatek-fioletowa-muza-nowych-drog\/\",\"url\":\"https:\/\/www.dostrajamy.com\/produkt\/pierscien-poczatek-fioletowa-muza-nowych-drog\/\",\"name\":\"Pier\u015bcie\u0144 Pocz\u0105tek \u2013 Fioletowa Muza Nowych Dr\u00f3g - DomiSol - Dostrajamy\",\"isPartOf\":{\"@id\":\"https:\/\/www.dostrajamy.com\/#website\"},\"primaryImageOfPage\":{\"@id\":\"https:\/\/www.dostrajamy.com\/produkt\/pierscien-poczatek-fioletowa-muza-nowych-drog\/#primaryimage\"},\"image\":{\"@id\":\"https:\/\/www.dostrajamy.com\/produkt\/pierscien-poczatek-fioletowa-muza-nowych-drog\/#primaryimage\"},\"thumbnailUrl\":\"https:\/\/www.dostrajamy.com\/wp-content\/uploads\/2025\/09\/IMG_3723.webp\",\"datePublished\":\"2025-09-09T17:55:40+00:00\",\"dateModified\":\"2025-09-09T18:07:08+00:00\",\"breadcrumb\":{\"@id\":\"https:\/\/www.dostrajamy.com\/produkt\/pierscien-poczatek-fioletowa-muza-nowych-drog\/#breadcrumb\"},\"inLanguage\":\"en-GB\",\"potentialAction\":[{\"@type\":\"ReadAction\",\"target\":[\"https:\/\/www.dostrajamy.com\/produkt\/pierscien-poczatek-fioletowa-muza-nowych-drog\/\"]}]},{\"@type\":\"ImageObject\",\"inLanguage\":\"en-GB\",\"@id\":\"https:\/\/www.dostrajamy.com\/produkt\/pierscien-poczatek-fioletowa-muza-nowych-drog\/#primaryimage\",\"url\":\"https:\/\/www.dostrajamy.com\/wp-content\/uploads\/2025\/09\/IMG_3723.webp\",\"contentUrl\":\"https:\/\/www.dostrajamy.com\/wp-content\/uploads\/2025\/09\/IMG_3723.webp\",\"width\":900,\"height\":900},{\"@type\":\"BreadcrumbList\",\"@id\":\"https:\/\/www.dostrajamy.com\/produkt\/pierscien-poczatek-fioletowa-muza-nowych-drog\/#breadcrumb\",\"itemListElement\":[{\"@type\":\"ListItem\",\"position\":1,\"name\":\"Strona g\u0142\u00f3wna\",\"item\":\"https:\/\/www.dostrajamy.com\/\"},{\"@type\":\"ListItem\",\"position\":2,\"name\":\"Sklep\",\"item\":\"https:\/\/www.dostrajamy.com\/sklep\/\"},{\"@type\":\"ListItem\",\"position\":3,\"name\":\"Pier\u015bcie\u0144 Pocz\u0105tek \u2013 Fioletowa Muza Nowych Dr\u00f3g\"}]},{\"@type\":\"WebSite\",\"@id\":\"https:\/\/www.dostrajamy.com\/#website\",\"url\":\"https:\/\/www.dostrajamy.com\/\",\"name\":\"DomiSol - Dostrajamy\",\"description\":\"Dostr\u00f3j si\u0119 do siebie!\",\"publisher\":{\"@id\":\"https:\/\/www.dostrajamy.com\/#organization\"},\"potentialAction\":[{\"@type\":\"SearchAction\",\"target\":{\"@type\":\"EntryPoint\",\"urlTemplate\":\"https:\/\/www.dostrajamy.com\/?s={search_term_string}\"},\"query-input\":{\"@type\":\"PropertyValueSpecification\",\"valueRequired\":true,\"valueName\":\"search_term_string\"}}],\"inLanguage\":\"en-GB\"},{\"@type\":\"Organization\",\"@id\":\"https:\/\/www.dostrajamy.com\/#organization\",\"name\":\"DomiSol - Dostrajamy\",\"url\":\"https:\/\/www.dostrajamy.com\/\",\"logo\":{\"@type\":\"ImageObject\",\"inLanguage\":\"en-GB\",\"@id\":\"https:\/\/www.dostrajamy.com\/#\/schema\/logo\/image\/\",\"url\":\"https:\/\/www.dostrajamy.com\/wp-content\/uploads\/2025\/02\/cropped-Logo_poziom-1-scaled.png\",\"contentUrl\":\"https:\/\/www.dostrajamy.com\/wp-content\/uploads\/2025\/02\/cropped-Logo_poziom-1-scaled.png\",\"width\":2560,\"height\":453,\"caption\":\"DomiSol - Dostrajamy\"},\"image\":{\"@id\":\"https:\/\/www.dostrajamy.com\/#\/schema\/logo\/image\/\"},\"sameAs\":[\"https:\/\/www.facebook.com\/domisol.dostrajamy\",\"https:\/\/www.instagram.com\/domisol.dostrajamy\",\"https:\/\/www.youtube.com\/@dostrajamy\",\"https:\/\/open.spotify.com\/show\/5je85cYoaCcWGNo7Nwz2iW?si=1c15f6eb977f4f3d&nd=1&dlsi=d2ab15e5d6624979\"]}]}<\/script>\n<!-- \/ Yoast SEO plugin. -->","yoast_head_json":{"title":"Ring of Beginnings - Purple Muse of New Ways - DomiSol - Tune in","robots":{"index":"index","follow":"follow","max-snippet":"max-snippet:-1","max-image-preview":"max-image-preview:large","max-video-preview":"max-video-preview:-1"},"canonical":"https:\/\/www.dostrajamy.com\/en\/product\/breast-beginning-violet-muse-of-new-ways\/","og_locale":"en_GB","og_type":"article","og_title":"Pier\u015bcie\u0144 Pocz\u0105tek \u2013 Fioletowa Muza Nowych Dr\u00f3g - DomiSol - Dostrajamy","og_description":"Pier\u015bcie\u0144 Pocz\u0105tek \u2013 Fioletowa Muza Nowych Dr\u00f3g Ka\u017cdy pocz\u0105tek kryje w sobie magi\u0119 i tajemnic\u0119. Pier\u015bcie\u0144 \u201ePocz\u0105tek \u2013 Fioletowa Muza Nowych Dr\u00f3g\u201d otula palec kr\u0119giem pe\u0142nym \u017cycia, a \u017cywica w g\u0142\u0119bokim fiolecie z subteln\u0105 faktur\u0105 przywodzi na my\u015bl pierwsze chwile nocy, kiedy marzenia zaczynaj\u0105 si\u0119 kszta\u0142towa\u0107. Twoja Muza prowadzi Ci\u0119 w podr\u00f3\u017c odkrywania siebie, inspiruj\u0105c do odwa\u017cnych decyzji i nowych mo\u017cliwo\u015bci. Za\u0142\u00f3\u017c i rozpocznij swoj\u0105 podr\u00f3\u017c.","og_url":"https:\/\/www.dostrajamy.com\/en\/product\/breast-beginning-violet-muse-of-new-ways\/","og_site_name":"DomiSol - Dostrajamy","article_publisher":"https:\/\/www.facebook.com\/domisol.dostrajamy","article_modified_time":"2025-09-09T18:07:08+00:00","og_image":[{"width":900,"height":900,"url":"https:\/\/www.dostrajamy.com\/wp-content\/uploads\/2025\/09\/IMG_3723.webp","type":"image\/webp"}],"twitter_card":"summary_large_image","schema":{"@context":"https:\/\/schema.org","@graph":[{"@type":"WebPage","@id":"https:\/\/www.dostrajamy.com\/produkt\/pierscien-poczatek-fioletowa-muza-nowych-drog\/","url":"https:\/\/www.dostrajamy.com\/produkt\/pierscien-poczatek-fioletowa-muza-nowych-drog\/","name":"Ring of Beginnings - Purple Muse of New Ways - DomiSol - Tune in","isPartOf":{"@id":"https:\/\/www.dostrajamy.com\/#website"},"primaryImageOfPage":{"@id":"https:\/\/www.dostrajamy.com\/produkt\/pierscien-poczatek-fioletowa-muza-nowych-drog\/#primaryimage"},"image":{"@id":"https:\/\/www.dostrajamy.com\/produkt\/pierscien-poczatek-fioletowa-muza-nowych-drog\/#primaryimage"},"thumbnailUrl":"https:\/\/www.dostrajamy.com\/wp-content\/uploads\/2025\/09\/IMG_3723.webp","datePublished":"2025-09-09T17:55:40+00:00","dateModified":"2025-09-09T18:07:08+00:00","breadcrumb":{"@id":"https:\/\/www.dostrajamy.com\/produkt\/pierscien-poczatek-fioletowa-muza-nowych-drog\/#breadcrumb"},"inLanguage":"en-GB","potentialAction":[{"@type":"ReadAction","target":["https:\/\/www.dostrajamy.com\/produkt\/pierscien-poczatek-fioletowa-muza-nowych-drog\/"]}]},{"@type":"ImageObject","inLanguage":"en-GB","@id":"https:\/\/www.dostrajamy.com\/produkt\/pierscien-poczatek-fioletowa-muza-nowych-drog\/#primaryimage","url":"https:\/\/www.dostrajamy.com\/wp-content\/uploads\/2025\/09\/IMG_3723.webp","contentUrl":"https:\/\/www.dostrajamy.com\/wp-content\/uploads\/2025\/09\/IMG_3723.webp","width":900,"height":900},{"@type":"BreadcrumbList","@id":"https:\/\/www.dostrajamy.com\/produkt\/pierscien-poczatek-fioletowa-muza-nowych-drog\/#breadcrumb","itemListElement":[{"@type":"ListItem","position":1,"name":"Strona g\u0142\u00f3wna","item":"https:\/\/www.dostrajamy.com\/"},{"@type":"ListItem","position":2,"name":"Sklep","item":"https:\/\/www.dostrajamy.com\/sklep\/"},{"@type":"ListItem","position":3,"name":"Pier\u015bcie\u0144 Pocz\u0105tek \u2013 Fioletowa Muza Nowych Dr\u00f3g"}]},{"@type":"WebSite","@id":"https:\/\/www.dostrajamy.com\/#website","url":"https:\/\/www.dostrajamy.com\/","name":"DomiSol - Dostrajamy","description":"Tune in to yourself!","publisher":{"@id":"https:\/\/www.dostrajamy.com\/#organization"},"potentialAction":[{"@type":"SearchAction","target":{"@type":"EntryPoint","urlTemplate":"https:\/\/www.dostrajamy.com\/?s={search_term_string}"},"query-input":{"@type":"PropertyValueSpecification","valueRequired":true,"valueName":"search_term_string"}}],"inLanguage":"en-GB"},{"@type":"Organization","@id":"https:\/\/www.dostrajamy.com\/#organization","name":"DomiSol - Dostrajamy","url":"https:\/\/www.dostrajamy.com\/","logo":{"@type":"ImageObject","inLanguage":"en-GB","@id":"https:\/\/www.dostrajamy.com\/#\/schema\/logo\/image\/","url":"https:\/\/www.dostrajamy.com\/wp-content\/uploads\/2025\/02\/cropped-Logo_poziom-1-scaled.png","contentUrl":"https:\/\/www.dostrajamy.com\/wp-content\/uploads\/2025\/02\/cropped-Logo_poziom-1-scaled.png","width":2560,"height":453,"caption":"DomiSol - Dostrajamy"},"image":{"@id":"https:\/\/www.dostrajamy.com\/#\/schema\/logo\/image\/"},"sameAs":["https:\/\/www.facebook.com\/domisol.dostrajamy","https:\/\/www.instagram.com\/domisol.dostrajamy","https:\/\/www.youtube.com\/@dostrajamy","https:\/\/open.spotify.com\/show\/5je85cYoaCcWGNo7Nwz2iW?si=1c15f6eb977f4f3d&nd=1&dlsi=d2ab15e5d6624979"]}]}},"_links":{"self":[{"href":"https:\/\/www.dostrajamy.com\/en\/wp-json\/wp\/v2\/product\/3567","targetHints":{"allow":["GET"]}}],"collection":[{"href":"https:\/\/www.dostrajamy.com\/en\/wp-json\/wp\/v2\/product"}],"about":[{"href":"https:\/\/www.dostrajamy.com\/en\/wp-json\/wp\/v2\/types\/product"}],"replies":[{"embeddable":true,"href":"https:\/\/www.dostrajamy.com\/en\/wp-json\/wp\/v2\/comments?post=3567"}],"wp:featuredmedia":[{"embeddable":true,"href":"https:\/\/www.dostrajamy.com\/en\/wp-json\/wp\/v2\/media\/3454"}],"wp:attachment":[{"href":"https:\/\/www.dostrajamy.com\/en\/wp-json\/wp\/v2\/media?parent=3567"}],"wp:term":[{"taxonomy":"product_brand","embeddable":true,"href":"https:\/\/www.dostrajamy.com\/en\/wp-json\/wp\/v2\/product_brand?post=3567"},{"taxonomy":"product_cat","embeddable":true,"href":"https:\/\/www.dostrajamy.com\/en\/wp-json\/wp\/v2\/product_cat?post=3567"},{"taxonomy":"product_tag","embeddable":true,"href":"https:\/\/www.dostrajamy.com\/en\/wp-json\/wp\/v2\/product_tag?post=3567"}],"curies":[{"name":"wp","href":"https:\/\/api.w.org\/{rel}","templated":true}]}}