{"id":3569,"date":"2025-09-09T18:09:57","date_gmt":"2025-09-09T18:09:57","guid":{"rendered":"https:\/\/www.dostrajamy.com\/?post_type=product&#038;p=3569"},"modified":"2026-04-15T18:21:11","modified_gmt":"2026-04-15T18:21:11","slug":"earrings-essence-blue-muse-of-subtlety","status":"publish","type":"product","link":"https:\/\/www.dostrajamy.com\/en\/product\/earrings-essence-blue-muse-of-subtlety\/","title":{"rendered":"Essence Earrings - Blue Muse of Subtlety"},"content":{"rendered":"<h3 data-start=\"979\" data-end=\"1242\">Sensitive information:<\/h3>\n<ul>\n<li data-start=\"539\" data-end=\"571\">\n<p data-start=\"541\" data-end=\"571\"><strong data-start=\"541\" data-end=\"550\">Form<\/strong>: Screw-on earrings, round resin suspended in a brass frame.<\/p>\n<\/li>\n<li data-start=\"572\" data-end=\"634\">\n<p data-start=\"574\" data-end=\"634\"><strong data-start=\"574\" data-end=\"586\">Material<\/strong>: brass.<\/p>\n<\/li>\n<li data-start=\"635\" data-end=\"715\">\n<p data-start=\"637\" data-end=\"715\"><strong data-start=\"637\" data-end=\"652\">Finishing<\/strong>: resin wrapped in brass.<\/p>\n<\/li>\n<li data-start=\"716\" data-end=\"775\">\n<p data-start=\"718\" data-end=\"775\"><strong data-start=\"718\" data-end=\"727\">Detail<\/strong>: Blue tinted resin infill.<\/p>\n<\/li>\n<li data-start=\"776\" data-end=\"845\">\n<p data-start=\"778\" data-end=\"845\"><strong data-start=\"778\" data-end=\"793\">Origins<\/strong>: handmade in Athens, at the Kalliope workshop.<\/p>\n<\/li>\n<\/ul>","protected":false},"excerpt":{"rendered":"<h3 data-start=\"0\" data-end=\"43\">Essence Earrings - Blue Muse of Subtlety<\/h3>\n<p data-start=\"66\" data-end=\"433\">There is depth in simplicity - the \u201eEssence - Blue Muse of Subtlety\u201d earrings combine a delicate round resin form with a brass frame to create a composition that expresses balance and tranquillity. Your Muse whispers that beauty is in the detail, in the harmony of shapes and in the unspoken. Wear it when you want to feel the essence of yourself - subtle, aware and graceful.<\/p>\n<p data-start=\"435\" data-end=\"476\"><strong>Immerse yourself in the essence of yourself.<\/strong><\/p>","protected":false},"featured_media":3459,"comment_status":"open","ping_status":"closed","template":"","meta":{"_eb_attr":""},"product_brand":[],"product_cat":[57,36],"product_tag":[68,70,108,69,71],"class_list":{"0":"post-3569","1":"product","2":"type-product","3":"status-publish","4":"has-post-thumbnail","6":"product_cat-grecka-bizuteria","7":"product_cat-kolczyki","8":"product_tag-bizuteria","9":"product_tag-fashion-jewelry","10":"product_tag-klipsy","11":"product_tag-kolczyki","12":"product_tag-mosiadz","14":"first","15":"instock","16":"sale","17":"shipping-taxable","18":"purchasable","19":"product-type-simple"},"yoast_head":"<!-- This site is optimized with the Yoast SEO plugin v26.6 - https:\/\/yoast.com\/wordpress\/plugins\/seo\/ -->\n<title>Kolczyki Esencja \u2013 B\u0142\u0119kitna Muza Subtelno\u015bci - DomiSol - Dostrajamy<\/title>\n<meta name=\"robots\" content=\"index, follow, max-snippet:-1, max-image-preview:large, max-video-preview:-1\" \/>\n<link rel=\"canonical\" href=\"https:\/\/www.dostrajamy.com\/en\/product\/earrings-essence-blue-muse-of-subtlety\/\" \/>\n<meta property=\"og:locale\" content=\"en_GB\" \/>\n<meta property=\"og:type\" content=\"article\" \/>\n<meta property=\"og:title\" content=\"Kolczyki Esencja \u2013 B\u0142\u0119kitna Muza Subtelno\u015bci - DomiSol - Dostrajamy\" \/>\n<meta property=\"og:description\" content=\"Kolczyki Esencja \u2013 B\u0142\u0119kitna Muza Subtelno\u015bci W prostocie kryje si\u0119 ca\u0142a g\u0142\u0119bia \u2013 kolczyki \u201eEsencja \u2013 B\u0142\u0119kitna Muza Subtelno\u015bci\u201d \u0142\u0105cz\u0105 delikatn\u0105, okr\u0105g\u0142\u0105 form\u0119 \u017cywicy z mosi\u0119\u017cn\u0105 ram\u0105, tworz\u0105c kompozycj\u0119, kt\u00f3ra wyra\u017ca r\u00f3wnowag\u0119 i spok\u00f3j. Twoja Muza szepcze, \u017ce pi\u0119kno jest w detalu, w harmonii kszta\u0142t\u00f3w i w tym, co niewypowiedziane. No\u015b je, gdy pragniesz poczu\u0107 esencj\u0119 samej siebie \u2013 subteln\u0105, \u015bwiadom\u0105 i pe\u0142n\u0105 wdzi\u0119ku. Zanurz si\u0119 w esencji siebie.\" \/>\n<meta property=\"og:url\" content=\"https:\/\/www.dostrajamy.com\/en\/product\/earrings-essence-blue-muse-of-subtlety\/\" \/>\n<meta property=\"og:site_name\" content=\"DomiSol - Dostrajamy\" \/>\n<meta property=\"article:publisher\" content=\"https:\/\/www.facebook.com\/domisol.dostrajamy\" \/>\n<meta property=\"article:modified_time\" content=\"2026-04-15T18:21:11+00:00\" \/>\n<meta property=\"og:image\" content=\"https:\/\/www.dostrajamy.com\/wp-content\/uploads\/2025\/09\/IMG_3716.webp\" \/>\n\t<meta property=\"og:image:width\" content=\"1543\" \/>\n\t<meta property=\"og:image:height\" content=\"1543\" \/>\n\t<meta property=\"og:image:type\" content=\"image\/webp\" \/>\n<meta name=\"twitter:card\" content=\"summary_large_image\" \/>\n<script type=\"application\/ld+json\" class=\"yoast-schema-graph\">{\"@context\":\"https:\/\/schema.org\",\"@graph\":[{\"@type\":\"WebPage\",\"@id\":\"https:\/\/www.dostrajamy.com\/produkt\/kolczyki-esencja-blekitna-muza-subtelnosci\/\",\"url\":\"https:\/\/www.dostrajamy.com\/produkt\/kolczyki-esencja-blekitna-muza-subtelnosci\/\",\"name\":\"Kolczyki Esencja \u2013 B\u0142\u0119kitna Muza Subtelno\u015bci - DomiSol - Dostrajamy\",\"isPartOf\":{\"@id\":\"https:\/\/www.dostrajamy.com\/#website\"},\"primaryImageOfPage\":{\"@id\":\"https:\/\/www.dostrajamy.com\/produkt\/kolczyki-esencja-blekitna-muza-subtelnosci\/#primaryimage\"},\"image\":{\"@id\":\"https:\/\/www.dostrajamy.com\/produkt\/kolczyki-esencja-blekitna-muza-subtelnosci\/#primaryimage\"},\"thumbnailUrl\":\"https:\/\/www.dostrajamy.com\/wp-content\/uploads\/2025\/09\/IMG_3716.webp\",\"datePublished\":\"2025-09-09T18:09:57+00:00\",\"dateModified\":\"2026-04-15T18:21:11+00:00\",\"breadcrumb\":{\"@id\":\"https:\/\/www.dostrajamy.com\/produkt\/kolczyki-esencja-blekitna-muza-subtelnosci\/#breadcrumb\"},\"inLanguage\":\"en-GB\",\"potentialAction\":[{\"@type\":\"ReadAction\",\"target\":[\"https:\/\/www.dostrajamy.com\/produkt\/kolczyki-esencja-blekitna-muza-subtelnosci\/\"]}]},{\"@type\":\"ImageObject\",\"inLanguage\":\"en-GB\",\"@id\":\"https:\/\/www.dostrajamy.com\/produkt\/kolczyki-esencja-blekitna-muza-subtelnosci\/#primaryimage\",\"url\":\"https:\/\/www.dostrajamy.com\/wp-content\/uploads\/2025\/09\/IMG_3716.webp\",\"contentUrl\":\"https:\/\/www.dostrajamy.com\/wp-content\/uploads\/2025\/09\/IMG_3716.webp\",\"width\":1543,\"height\":1543},{\"@type\":\"BreadcrumbList\",\"@id\":\"https:\/\/www.dostrajamy.com\/produkt\/kolczyki-esencja-blekitna-muza-subtelnosci\/#breadcrumb\",\"itemListElement\":[{\"@type\":\"ListItem\",\"position\":1,\"name\":\"Strona g\u0142\u00f3wna\",\"item\":\"https:\/\/www.dostrajamy.com\/\"},{\"@type\":\"ListItem\",\"position\":2,\"name\":\"Sklep\",\"item\":\"https:\/\/www.dostrajamy.com\/sklep\/\"},{\"@type\":\"ListItem\",\"position\":3,\"name\":\"Kolczyki Esencja \u2013 B\u0142\u0119kitna Muza Subtelno\u015bci\"}]},{\"@type\":\"WebSite\",\"@id\":\"https:\/\/www.dostrajamy.com\/#website\",\"url\":\"https:\/\/www.dostrajamy.com\/\",\"name\":\"DomiSol - Dostrajamy\",\"description\":\"Dostr\u00f3j si\u0119 do siebie!\",\"publisher\":{\"@id\":\"https:\/\/www.dostrajamy.com\/#organization\"},\"potentialAction\":[{\"@type\":\"SearchAction\",\"target\":{\"@type\":\"EntryPoint\",\"urlTemplate\":\"https:\/\/www.dostrajamy.com\/?s={search_term_string}\"},\"query-input\":{\"@type\":\"PropertyValueSpecification\",\"valueRequired\":true,\"valueName\":\"search_term_string\"}}],\"inLanguage\":\"en-GB\"},{\"@type\":\"Organization\",\"@id\":\"https:\/\/www.dostrajamy.com\/#organization\",\"name\":\"DomiSol - Dostrajamy\",\"url\":\"https:\/\/www.dostrajamy.com\/\",\"logo\":{\"@type\":\"ImageObject\",\"inLanguage\":\"en-GB\",\"@id\":\"https:\/\/www.dostrajamy.com\/#\/schema\/logo\/image\/\",\"url\":\"https:\/\/www.dostrajamy.com\/wp-content\/uploads\/2025\/02\/cropped-Logo_poziom-1-scaled.png\",\"contentUrl\":\"https:\/\/www.dostrajamy.com\/wp-content\/uploads\/2025\/02\/cropped-Logo_poziom-1-scaled.png\",\"width\":2560,\"height\":453,\"caption\":\"DomiSol - Dostrajamy\"},\"image\":{\"@id\":\"https:\/\/www.dostrajamy.com\/#\/schema\/logo\/image\/\"},\"sameAs\":[\"https:\/\/www.facebook.com\/domisol.dostrajamy\",\"https:\/\/www.instagram.com\/domisol.dostrajamy\",\"https:\/\/www.youtube.com\/@dostrajamy\",\"https:\/\/open.spotify.com\/show\/5je85cYoaCcWGNo7Nwz2iW?si=1c15f6eb977f4f3d&nd=1&dlsi=d2ab15e5d6624979\"]}]}<\/script>\n<!-- \/ Yoast SEO plugin. -->","yoast_head_json":{"title":"Essence earrings - Blue Muse of Subtlety - DomiSol - Tune in","robots":{"index":"index","follow":"follow","max-snippet":"max-snippet:-1","max-image-preview":"max-image-preview:large","max-video-preview":"max-video-preview:-1"},"canonical":"https:\/\/www.dostrajamy.com\/en\/product\/earrings-essence-blue-muse-of-subtlety\/","og_locale":"en_GB","og_type":"article","og_title":"Kolczyki Esencja \u2013 B\u0142\u0119kitna Muza Subtelno\u015bci - DomiSol - Dostrajamy","og_description":"Kolczyki Esencja \u2013 B\u0142\u0119kitna Muza Subtelno\u015bci W prostocie kryje si\u0119 ca\u0142a g\u0142\u0119bia \u2013 kolczyki \u201eEsencja \u2013 B\u0142\u0119kitna Muza Subtelno\u015bci\u201d \u0142\u0105cz\u0105 delikatn\u0105, okr\u0105g\u0142\u0105 form\u0119 \u017cywicy z mosi\u0119\u017cn\u0105 ram\u0105, tworz\u0105c kompozycj\u0119, kt\u00f3ra wyra\u017ca r\u00f3wnowag\u0119 i spok\u00f3j. Twoja Muza szepcze, \u017ce pi\u0119kno jest w detalu, w harmonii kszta\u0142t\u00f3w i w tym, co niewypowiedziane. No\u015b je, gdy pragniesz poczu\u0107 esencj\u0119 samej siebie \u2013 subteln\u0105, \u015bwiadom\u0105 i pe\u0142n\u0105 wdzi\u0119ku. Zanurz si\u0119 w esencji siebie.","og_url":"https:\/\/www.dostrajamy.com\/en\/product\/earrings-essence-blue-muse-of-subtlety\/","og_site_name":"DomiSol - Dostrajamy","article_publisher":"https:\/\/www.facebook.com\/domisol.dostrajamy","article_modified_time":"2026-04-15T18:21:11+00:00","og_image":[{"width":1543,"height":1543,"url":"https:\/\/www.dostrajamy.com\/wp-content\/uploads\/2025\/09\/IMG_3716.webp","type":"image\/webp"}],"twitter_card":"summary_large_image","schema":{"@context":"https:\/\/schema.org","@graph":[{"@type":"WebPage","@id":"https:\/\/www.dostrajamy.com\/produkt\/kolczyki-esencja-blekitna-muza-subtelnosci\/","url":"https:\/\/www.dostrajamy.com\/produkt\/kolczyki-esencja-blekitna-muza-subtelnosci\/","name":"Essence earrings - Blue Muse of Subtlety - DomiSol - Tune in","isPartOf":{"@id":"https:\/\/www.dostrajamy.com\/#website"},"primaryImageOfPage":{"@id":"https:\/\/www.dostrajamy.com\/produkt\/kolczyki-esencja-blekitna-muza-subtelnosci\/#primaryimage"},"image":{"@id":"https:\/\/www.dostrajamy.com\/produkt\/kolczyki-esencja-blekitna-muza-subtelnosci\/#primaryimage"},"thumbnailUrl":"https:\/\/www.dostrajamy.com\/wp-content\/uploads\/2025\/09\/IMG_3716.webp","datePublished":"2025-09-09T18:09:57+00:00","dateModified":"2026-04-15T18:21:11+00:00","breadcrumb":{"@id":"https:\/\/www.dostrajamy.com\/produkt\/kolczyki-esencja-blekitna-muza-subtelnosci\/#breadcrumb"},"inLanguage":"en-GB","potentialAction":[{"@type":"ReadAction","target":["https:\/\/www.dostrajamy.com\/produkt\/kolczyki-esencja-blekitna-muza-subtelnosci\/"]}]},{"@type":"ImageObject","inLanguage":"en-GB","@id":"https:\/\/www.dostrajamy.com\/produkt\/kolczyki-esencja-blekitna-muza-subtelnosci\/#primaryimage","url":"https:\/\/www.dostrajamy.com\/wp-content\/uploads\/2025\/09\/IMG_3716.webp","contentUrl":"https:\/\/www.dostrajamy.com\/wp-content\/uploads\/2025\/09\/IMG_3716.webp","width":1543,"height":1543},{"@type":"BreadcrumbList","@id":"https:\/\/www.dostrajamy.com\/produkt\/kolczyki-esencja-blekitna-muza-subtelnosci\/#breadcrumb","itemListElement":[{"@type":"ListItem","position":1,"name":"Strona g\u0142\u00f3wna","item":"https:\/\/www.dostrajamy.com\/"},{"@type":"ListItem","position":2,"name":"Sklep","item":"https:\/\/www.dostrajamy.com\/sklep\/"},{"@type":"ListItem","position":3,"name":"Kolczyki Esencja \u2013 B\u0142\u0119kitna Muza Subtelno\u015bci"}]},{"@type":"WebSite","@id":"https:\/\/www.dostrajamy.com\/#website","url":"https:\/\/www.dostrajamy.com\/","name":"DomiSol - Dostrajamy","description":"Tune in to yourself!","publisher":{"@id":"https:\/\/www.dostrajamy.com\/#organization"},"potentialAction":[{"@type":"SearchAction","target":{"@type":"EntryPoint","urlTemplate":"https:\/\/www.dostrajamy.com\/?s={search_term_string}"},"query-input":{"@type":"PropertyValueSpecification","valueRequired":true,"valueName":"search_term_string"}}],"inLanguage":"en-GB"},{"@type":"Organization","@id":"https:\/\/www.dostrajamy.com\/#organization","name":"DomiSol - Dostrajamy","url":"https:\/\/www.dostrajamy.com\/","logo":{"@type":"ImageObject","inLanguage":"en-GB","@id":"https:\/\/www.dostrajamy.com\/#\/schema\/logo\/image\/","url":"https:\/\/www.dostrajamy.com\/wp-content\/uploads\/2025\/02\/cropped-Logo_poziom-1-scaled.png","contentUrl":"https:\/\/www.dostrajamy.com\/wp-content\/uploads\/2025\/02\/cropped-Logo_poziom-1-scaled.png","width":2560,"height":453,"caption":"DomiSol - Dostrajamy"},"image":{"@id":"https:\/\/www.dostrajamy.com\/#\/schema\/logo\/image\/"},"sameAs":["https:\/\/www.facebook.com\/domisol.dostrajamy","https:\/\/www.instagram.com\/domisol.dostrajamy","https:\/\/www.youtube.com\/@dostrajamy","https:\/\/open.spotify.com\/show\/5je85cYoaCcWGNo7Nwz2iW?si=1c15f6eb977f4f3d&nd=1&dlsi=d2ab15e5d6624979"]}]}},"_links":{"self":[{"href":"https:\/\/www.dostrajamy.com\/en\/wp-json\/wp\/v2\/product\/3569","targetHints":{"allow":["GET"]}}],"collection":[{"href":"https:\/\/www.dostrajamy.com\/en\/wp-json\/wp\/v2\/product"}],"about":[{"href":"https:\/\/www.dostrajamy.com\/en\/wp-json\/wp\/v2\/types\/product"}],"replies":[{"embeddable":true,"href":"https:\/\/www.dostrajamy.com\/en\/wp-json\/wp\/v2\/comments?post=3569"}],"wp:featuredmedia":[{"embeddable":true,"href":"https:\/\/www.dostrajamy.com\/en\/wp-json\/wp\/v2\/media\/3459"}],"wp:attachment":[{"href":"https:\/\/www.dostrajamy.com\/en\/wp-json\/wp\/v2\/media?parent=3569"}],"wp:term":[{"taxonomy":"product_brand","embeddable":true,"href":"https:\/\/www.dostrajamy.com\/en\/wp-json\/wp\/v2\/product_brand?post=3569"},{"taxonomy":"product_cat","embeddable":true,"href":"https:\/\/www.dostrajamy.com\/en\/wp-json\/wp\/v2\/product_cat?post=3569"},{"taxonomy":"product_tag","embeddable":true,"href":"https:\/\/www.dostrajamy.com\/en\/wp-json\/wp\/v2\/product_tag?post=3569"}],"curies":[{"name":"wp","href":"https:\/\/api.w.org\/{rel}","templated":true}]}}