{"id":3592,"date":"2025-09-10T17:29:16","date_gmt":"2025-09-10T17:29:16","guid":{"rendered":"https:\/\/www.dostrajamy.com\/?post_type=product&#038;p=3592"},"modified":"2025-09-10T17:32:26","modified_gmt":"2025-09-10T17:32:26","slug":"water-gap-necklace","status":"publish","type":"product","link":"https:\/\/www.dostrajamy.com\/en\/product\/water-gap-necklace\/","title":{"rendered":"Water Gap Necklace"},"content":{"rendered":"<h3 data-start=\"645\" data-end=\"933\">\u2728 Sensitive information:<\/h3>\n<p class=\"\" data-start=\"938\" data-end=\"971\"><strong data-start=\"1111\" data-end=\"1121\">Form:<\/strong> A subtle line with aqua-coloured resin.<br data-start=\"1156\" data-end=\"1159\" \/><strong data-start=\"1159\" data-end=\"1172\">Material:<\/strong> Brass.<br data-start=\"1211\" data-end=\"1214\" \/><strong data-start=\"1214\" data-end=\"1224\">Retail:<\/strong> Water-coloured resin.<br data-start=\"1253\" data-end=\"1256\" \/><strong data-start=\"1256\" data-end=\"1272\">Origins:<\/strong> Handmade in the Athens-based Kalliope workshop.<br data-start=\"1367\" data-end=\"1370\" \/><strong data-start=\"1370\" data-end=\"1380\">Attention:<\/strong> Adjustable cord - perfect for adapting to your mood and styling.<\/p>","protected":false},"excerpt":{"rendered":"<p class=\"\" data-start=\"169\" data-end=\"473\">\ud83d\udc9c <strong data-start=\"172\" data-end=\"258\">Water Slit Necklace - The Muse of Sensual Connection and Inner Harmony<\/strong><br data-start=\"258\" data-end=\"261\" \/><em>There is something in one inhale. In one gesture. In one quiet dawn that illuminates the space.<\/em><br data-start=\"357\" data-end=\"360\" \/><em>The Water Slit necklace is a symbol of a subtle opening. A single, small gap through which light enters.<\/em><\/p>\n<p class=\"\" data-start=\"475\" data-end=\"778\">Its form is a simple line that cuts through space - like an endless melody that keeps flowing. The watery resin shines through it like the mist of a morning sky, in which every note is full of meaning. The brass in this version is subtle but present, balanced - like the sound of a bell in a distant landscape.<\/p>\n<p class=\"\" data-start=\"780\" data-end=\"1027\">For those who know that true strength is not in loud words, but in the silence that allows one's heart to be heard. For those who seek harmony in everyday life. For those who know that every crevice can be a path to beauty.<\/p>\n<p class=\"\" data-start=\"1029\" data-end=\"1081\"><strong data-start=\"1029\" data-end=\"1081\">Immerse yourself in the silence. Open yourself to your light.<\/strong><\/p>","protected":false},"featured_media":3593,"comment_status":"open","ping_status":"closed","template":"","meta":{"_eb_attr":""},"product_brand":[],"product_cat":[57,34],"product_tag":[68,70,71,74,75],"class_list":{"0":"post-3592","1":"product","2":"type-product","3":"status-publish","4":"has-post-thumbnail","6":"product_cat-grecka-bizuteria","7":"product_cat-naszyjniki","8":"product_tag-bizuteria","9":"product_tag-fashion-jewelry","10":"product_tag-mosiadz","11":"product_tag-naszyjnik","12":"product_tag-zywica","14":"first","15":"instock","16":"shipping-taxable","17":"purchasable","18":"product-type-simple"},"yoast_head":"<!-- This site is optimized with the Yoast SEO plugin v26.6 - https:\/\/yoast.com\/wordpress\/plugins\/seo\/ -->\n<title>Naszyjnik Wodna Szczelina - DomiSol - Dostrajamy<\/title>\n<meta name=\"robots\" content=\"index, follow, max-snippet:-1, max-image-preview:large, max-video-preview:-1\" \/>\n<link rel=\"canonical\" href=\"https:\/\/www.dostrajamy.com\/en\/product\/water-gap-necklace\/\" \/>\n<meta property=\"og:locale\" content=\"en_GB\" \/>\n<meta property=\"og:type\" content=\"article\" \/>\n<meta property=\"og:title\" content=\"Naszyjnik Wodna Szczelina - DomiSol - Dostrajamy\" \/>\n<meta property=\"og:description\" content=\"\ud83d\udc9c Naszyjnik Wodna Szczelina \u2013 Muza Zmys\u0142owego Po\u0142\u0105czenia i Wewn\u0119trznej HarmoniiJest co\u015b w jednym wdechu. W jednym ge\u015bcie. W jednym, cichym \u015bwicie, kt\u00f3ry roz\u015bwietla przestrze\u0144.Naszyjnik Wodna Szczelina to symbol subtelnego otwarcia. Jednej, ma\u0142ej szczeliny, przez kt\u00f3r\u0105 wpada \u015bwiat\u0142o. Jego forma to prosta linia, kt\u00f3ra przecina przestrze\u0144 \u2013 jak niesko\u0144czona melodia, kt\u00f3ra wci\u0105\u017c p\u0142ynie. Wodna \u017cywica l\u015bni w niej jak mg\u0142a porannego nieba, w kt\u00f3rym ka\u017cda nuta jest pe\u0142na znaczenia. Mosi\u0105dz w tej wersji jest subtelny, ale obecny, wywa\u017cony \u2013 jak d\u017awi\u0119k dzwonu w odleg\u0142ym krajobrazie. Dla tych, kt\u00f3re wiedz\u0105, \u017ce prawdziwa si\u0142a nie tkwi w g\u0142o\u015bnych s\u0142owach, lecz w ciszy, kt\u00f3ra pozwala s\u0142ysze\u0107 swoje serce. Dla tych, kt\u00f3re poszukuj\u0105 harmonii w codziennym \u017cyciu. Dla tych, kt\u00f3re wiedz\u0105, \u017ce ka\u017cda szczelina mo\u017ce by\u0107 drog\u0105 do pi\u0119kna. Zanurz si\u0119 w ciszy. Otw\u00f3rz si\u0119 na swoje \u015bwiat\u0142o.\" \/>\n<meta property=\"og:url\" content=\"https:\/\/www.dostrajamy.com\/en\/product\/water-gap-necklace\/\" \/>\n<meta property=\"og:site_name\" content=\"DomiSol - Dostrajamy\" \/>\n<meta property=\"article:publisher\" content=\"https:\/\/www.facebook.com\/domisol.dostrajamy\" \/>\n<meta property=\"article:modified_time\" content=\"2025-09-10T17:32:26+00:00\" \/>\n<meta property=\"og:image\" content=\"https:\/\/www.dostrajamy.com\/wp-content\/uploads\/2025\/09\/Zrzut-ekranu-2025-07-20-o-21.26.11.png\" \/>\n\t<meta property=\"og:image:width\" content=\"688\" \/>\n\t<meta property=\"og:image:height\" content=\"593\" \/>\n\t<meta property=\"og:image:type\" content=\"image\/png\" \/>\n<meta name=\"twitter:card\" content=\"summary_large_image\" \/>\n<script type=\"application\/ld+json\" class=\"yoast-schema-graph\">{\"@context\":\"https:\/\/schema.org\",\"@graph\":[{\"@type\":\"WebPage\",\"@id\":\"https:\/\/www.dostrajamy.com\/produkt\/naszyjnik-wodna-szczelina\/\",\"url\":\"https:\/\/www.dostrajamy.com\/produkt\/naszyjnik-wodna-szczelina\/\",\"name\":\"Naszyjnik Wodna Szczelina - DomiSol - Dostrajamy\",\"isPartOf\":{\"@id\":\"https:\/\/www.dostrajamy.com\/#website\"},\"primaryImageOfPage\":{\"@id\":\"https:\/\/www.dostrajamy.com\/produkt\/naszyjnik-wodna-szczelina\/#primaryimage\"},\"image\":{\"@id\":\"https:\/\/www.dostrajamy.com\/produkt\/naszyjnik-wodna-szczelina\/#primaryimage\"},\"thumbnailUrl\":\"https:\/\/www.dostrajamy.com\/wp-content\/uploads\/2025\/09\/Zrzut-ekranu-2025-07-20-o-21.26.11.png\",\"datePublished\":\"2025-09-10T17:29:16+00:00\",\"dateModified\":\"2025-09-10T17:32:26+00:00\",\"breadcrumb\":{\"@id\":\"https:\/\/www.dostrajamy.com\/produkt\/naszyjnik-wodna-szczelina\/#breadcrumb\"},\"inLanguage\":\"en-GB\",\"potentialAction\":[{\"@type\":\"ReadAction\",\"target\":[\"https:\/\/www.dostrajamy.com\/produkt\/naszyjnik-wodna-szczelina\/\"]}]},{\"@type\":\"ImageObject\",\"inLanguage\":\"en-GB\",\"@id\":\"https:\/\/www.dostrajamy.com\/produkt\/naszyjnik-wodna-szczelina\/#primaryimage\",\"url\":\"https:\/\/www.dostrajamy.com\/wp-content\/uploads\/2025\/09\/Zrzut-ekranu-2025-07-20-o-21.26.11.png\",\"contentUrl\":\"https:\/\/www.dostrajamy.com\/wp-content\/uploads\/2025\/09\/Zrzut-ekranu-2025-07-20-o-21.26.11.png\",\"width\":688,\"height\":593},{\"@type\":\"BreadcrumbList\",\"@id\":\"https:\/\/www.dostrajamy.com\/produkt\/naszyjnik-wodna-szczelina\/#breadcrumb\",\"itemListElement\":[{\"@type\":\"ListItem\",\"position\":1,\"name\":\"Strona g\u0142\u00f3wna\",\"item\":\"https:\/\/www.dostrajamy.com\/\"},{\"@type\":\"ListItem\",\"position\":2,\"name\":\"Sklep\",\"item\":\"https:\/\/www.dostrajamy.com\/sklep\/\"},{\"@type\":\"ListItem\",\"position\":3,\"name\":\"Naszyjnik Wodna Szczelina\"}]},{\"@type\":\"WebSite\",\"@id\":\"https:\/\/www.dostrajamy.com\/#website\",\"url\":\"https:\/\/www.dostrajamy.com\/\",\"name\":\"DomiSol - Dostrajamy\",\"description\":\"Dostr\u00f3j si\u0119 do siebie!\",\"publisher\":{\"@id\":\"https:\/\/www.dostrajamy.com\/#organization\"},\"potentialAction\":[{\"@type\":\"SearchAction\",\"target\":{\"@type\":\"EntryPoint\",\"urlTemplate\":\"https:\/\/www.dostrajamy.com\/?s={search_term_string}\"},\"query-input\":{\"@type\":\"PropertyValueSpecification\",\"valueRequired\":true,\"valueName\":\"search_term_string\"}}],\"inLanguage\":\"en-GB\"},{\"@type\":\"Organization\",\"@id\":\"https:\/\/www.dostrajamy.com\/#organization\",\"name\":\"DomiSol - Dostrajamy\",\"url\":\"https:\/\/www.dostrajamy.com\/\",\"logo\":{\"@type\":\"ImageObject\",\"inLanguage\":\"en-GB\",\"@id\":\"https:\/\/www.dostrajamy.com\/#\/schema\/logo\/image\/\",\"url\":\"https:\/\/www.dostrajamy.com\/wp-content\/uploads\/2025\/02\/cropped-Logo_poziom-1-scaled.png\",\"contentUrl\":\"https:\/\/www.dostrajamy.com\/wp-content\/uploads\/2025\/02\/cropped-Logo_poziom-1-scaled.png\",\"width\":2560,\"height\":453,\"caption\":\"DomiSol - Dostrajamy\"},\"image\":{\"@id\":\"https:\/\/www.dostrajamy.com\/#\/schema\/logo\/image\/\"},\"sameAs\":[\"https:\/\/www.facebook.com\/domisol.dostrajamy\",\"https:\/\/www.instagram.com\/domisol.dostrajamy\",\"https:\/\/www.youtube.com\/@dostrajamy\",\"https:\/\/open.spotify.com\/show\/5je85cYoaCcWGNo7Nwz2iW?si=1c15f6eb977f4f3d&nd=1&dlsi=d2ab15e5d6624979\"]}]}<\/script>\n<!-- \/ Yoast SEO plugin. -->","yoast_head_json":{"title":"Water Gap Necklace - DomiSol - Tune in","robots":{"index":"index","follow":"follow","max-snippet":"max-snippet:-1","max-image-preview":"max-image-preview:large","max-video-preview":"max-video-preview:-1"},"canonical":"https:\/\/www.dostrajamy.com\/en\/product\/water-gap-necklace\/","og_locale":"en_GB","og_type":"article","og_title":"Naszyjnik Wodna Szczelina - DomiSol - Dostrajamy","og_description":"\ud83d\udc9c Naszyjnik Wodna Szczelina \u2013 Muza Zmys\u0142owego Po\u0142\u0105czenia i Wewn\u0119trznej HarmoniiJest co\u015b w jednym wdechu. W jednym ge\u015bcie. W jednym, cichym \u015bwicie, kt\u00f3ry roz\u015bwietla przestrze\u0144.Naszyjnik Wodna Szczelina to symbol subtelnego otwarcia. Jednej, ma\u0142ej szczeliny, przez kt\u00f3r\u0105 wpada \u015bwiat\u0142o. Jego forma to prosta linia, kt\u00f3ra przecina przestrze\u0144 \u2013 jak niesko\u0144czona melodia, kt\u00f3ra wci\u0105\u017c p\u0142ynie. Wodna \u017cywica l\u015bni w niej jak mg\u0142a porannego nieba, w kt\u00f3rym ka\u017cda nuta jest pe\u0142na znaczenia. Mosi\u0105dz w tej wersji jest subtelny, ale obecny, wywa\u017cony \u2013 jak d\u017awi\u0119k dzwonu w odleg\u0142ym krajobrazie. Dla tych, kt\u00f3re wiedz\u0105, \u017ce prawdziwa si\u0142a nie tkwi w g\u0142o\u015bnych s\u0142owach, lecz w ciszy, kt\u00f3ra pozwala s\u0142ysze\u0107 swoje serce. Dla tych, kt\u00f3re poszukuj\u0105 harmonii w codziennym \u017cyciu. Dla tych, kt\u00f3re wiedz\u0105, \u017ce ka\u017cda szczelina mo\u017ce by\u0107 drog\u0105 do pi\u0119kna. Zanurz si\u0119 w ciszy. Otw\u00f3rz si\u0119 na swoje \u015bwiat\u0142o.","og_url":"https:\/\/www.dostrajamy.com\/en\/product\/water-gap-necklace\/","og_site_name":"DomiSol - Dostrajamy","article_publisher":"https:\/\/www.facebook.com\/domisol.dostrajamy","article_modified_time":"2025-09-10T17:32:26+00:00","og_image":[{"width":688,"height":593,"url":"https:\/\/www.dostrajamy.com\/wp-content\/uploads\/2025\/09\/Zrzut-ekranu-2025-07-20-o-21.26.11.png","type":"image\/png"}],"twitter_card":"summary_large_image","schema":{"@context":"https:\/\/schema.org","@graph":[{"@type":"WebPage","@id":"https:\/\/www.dostrajamy.com\/produkt\/naszyjnik-wodna-szczelina\/","url":"https:\/\/www.dostrajamy.com\/produkt\/naszyjnik-wodna-szczelina\/","name":"Water Gap Necklace - DomiSol - Tune in","isPartOf":{"@id":"https:\/\/www.dostrajamy.com\/#website"},"primaryImageOfPage":{"@id":"https:\/\/www.dostrajamy.com\/produkt\/naszyjnik-wodna-szczelina\/#primaryimage"},"image":{"@id":"https:\/\/www.dostrajamy.com\/produkt\/naszyjnik-wodna-szczelina\/#primaryimage"},"thumbnailUrl":"https:\/\/www.dostrajamy.com\/wp-content\/uploads\/2025\/09\/Zrzut-ekranu-2025-07-20-o-21.26.11.png","datePublished":"2025-09-10T17:29:16+00:00","dateModified":"2025-09-10T17:32:26+00:00","breadcrumb":{"@id":"https:\/\/www.dostrajamy.com\/produkt\/naszyjnik-wodna-szczelina\/#breadcrumb"},"inLanguage":"en-GB","potentialAction":[{"@type":"ReadAction","target":["https:\/\/www.dostrajamy.com\/produkt\/naszyjnik-wodna-szczelina\/"]}]},{"@type":"ImageObject","inLanguage":"en-GB","@id":"https:\/\/www.dostrajamy.com\/produkt\/naszyjnik-wodna-szczelina\/#primaryimage","url":"https:\/\/www.dostrajamy.com\/wp-content\/uploads\/2025\/09\/Zrzut-ekranu-2025-07-20-o-21.26.11.png","contentUrl":"https:\/\/www.dostrajamy.com\/wp-content\/uploads\/2025\/09\/Zrzut-ekranu-2025-07-20-o-21.26.11.png","width":688,"height":593},{"@type":"BreadcrumbList","@id":"https:\/\/www.dostrajamy.com\/produkt\/naszyjnik-wodna-szczelina\/#breadcrumb","itemListElement":[{"@type":"ListItem","position":1,"name":"Strona g\u0142\u00f3wna","item":"https:\/\/www.dostrajamy.com\/"},{"@type":"ListItem","position":2,"name":"Sklep","item":"https:\/\/www.dostrajamy.com\/sklep\/"},{"@type":"ListItem","position":3,"name":"Naszyjnik Wodna Szczelina"}]},{"@type":"WebSite","@id":"https:\/\/www.dostrajamy.com\/#website","url":"https:\/\/www.dostrajamy.com\/","name":"DomiSol - Dostrajamy","description":"Tune in to yourself!","publisher":{"@id":"https:\/\/www.dostrajamy.com\/#organization"},"potentialAction":[{"@type":"SearchAction","target":{"@type":"EntryPoint","urlTemplate":"https:\/\/www.dostrajamy.com\/?s={search_term_string}"},"query-input":{"@type":"PropertyValueSpecification","valueRequired":true,"valueName":"search_term_string"}}],"inLanguage":"en-GB"},{"@type":"Organization","@id":"https:\/\/www.dostrajamy.com\/#organization","name":"DomiSol - Dostrajamy","url":"https:\/\/www.dostrajamy.com\/","logo":{"@type":"ImageObject","inLanguage":"en-GB","@id":"https:\/\/www.dostrajamy.com\/#\/schema\/logo\/image\/","url":"https:\/\/www.dostrajamy.com\/wp-content\/uploads\/2025\/02\/cropped-Logo_poziom-1-scaled.png","contentUrl":"https:\/\/www.dostrajamy.com\/wp-content\/uploads\/2025\/02\/cropped-Logo_poziom-1-scaled.png","width":2560,"height":453,"caption":"DomiSol - Dostrajamy"},"image":{"@id":"https:\/\/www.dostrajamy.com\/#\/schema\/logo\/image\/"},"sameAs":["https:\/\/www.facebook.com\/domisol.dostrajamy","https:\/\/www.instagram.com\/domisol.dostrajamy","https:\/\/www.youtube.com\/@dostrajamy","https:\/\/open.spotify.com\/show\/5je85cYoaCcWGNo7Nwz2iW?si=1c15f6eb977f4f3d&nd=1&dlsi=d2ab15e5d6624979"]}]}},"_links":{"self":[{"href":"https:\/\/www.dostrajamy.com\/en\/wp-json\/wp\/v2\/product\/3592","targetHints":{"allow":["GET"]}}],"collection":[{"href":"https:\/\/www.dostrajamy.com\/en\/wp-json\/wp\/v2\/product"}],"about":[{"href":"https:\/\/www.dostrajamy.com\/en\/wp-json\/wp\/v2\/types\/product"}],"replies":[{"embeddable":true,"href":"https:\/\/www.dostrajamy.com\/en\/wp-json\/wp\/v2\/comments?post=3592"}],"wp:featuredmedia":[{"embeddable":true,"href":"https:\/\/www.dostrajamy.com\/en\/wp-json\/wp\/v2\/media\/3593"}],"wp:attachment":[{"href":"https:\/\/www.dostrajamy.com\/en\/wp-json\/wp\/v2\/media?parent=3592"}],"wp:term":[{"taxonomy":"product_brand","embeddable":true,"href":"https:\/\/www.dostrajamy.com\/en\/wp-json\/wp\/v2\/product_brand?post=3592"},{"taxonomy":"product_cat","embeddable":true,"href":"https:\/\/www.dostrajamy.com\/en\/wp-json\/wp\/v2\/product_cat?post=3592"},{"taxonomy":"product_tag","embeddable":true,"href":"https:\/\/www.dostrajamy.com\/en\/wp-json\/wp\/v2\/product_tag?post=3592"}],"curies":[{"name":"wp","href":"https:\/\/api.w.org\/{rel}","templated":true}]}}