{"id":3594,"date":"2025-09-10T17:46:48","date_gmt":"2025-09-10T17:46:48","guid":{"rendered":"https:\/\/www.dostrajamy.com\/?post_type=product&#038;p=3594"},"modified":"2025-09-10T18:27:29","modified_gmt":"2025-09-10T18:27:29","slug":"breast-crossing-the-muse-of-freedom","status":"publish","type":"product","link":"https:\/\/www.dostrajamy.com\/en\/product\/breast-crossing-the-muse-of-freedom\/","title":{"rendered":"Ring Crossing - The Muse of Freedom"},"content":{"rendered":"<h3 data-start=\"1132\" data-end=\"1395\">\u2728 Sensitive information:<\/h3>\n<ul>\n<li data-start=\"539\" data-end=\"629\">\n<p data-start=\"541\" data-end=\"629\"><strong data-start=\"541\" data-end=\"550\">Form<\/strong>: Ring with blue resin extending beyond the frame.<\/p>\n<\/li>\n<li data-start=\"630\" data-end=\"656\">\n<p data-start=\"632\" data-end=\"656\"><strong data-start=\"632\" data-end=\"644\">Material<\/strong>: brass.<\/p>\n<\/li>\n<li data-start=\"657\" data-end=\"704\">\n<p data-start=\"659\" data-end=\"704\"><strong data-start=\"659\" data-end=\"674\">Finishing<\/strong>: natural lustre of polished brass.<\/p>\n<\/li>\n<li data-start=\"705\" data-end=\"780\">\n<p data-start=\"707\" data-end=\"780\"><strong data-start=\"707\" data-end=\"716\">Detail<\/strong>: Resin in a shade of blue.<\/p>\n<\/li>\n<li data-start=\"781\" data-end=\"850\">\n<p data-start=\"783\" data-end=\"850\"><strong data-start=\"783\" data-end=\"798\">Origins<\/strong>: handmade in Athens, at the Kalliope workshop.<\/p>\n<\/li>\n<\/ul>","protected":false},"excerpt":{"rendered":"<h3 data-start=\"38\" data-end=\"85\">Ring Crossing - The Muse of Freedom<\/h3>\n<p data-start=\"108\" data-end=\"495\">Like a wave that knows no boundaries - the \u201eTransgression - Muse of Freedom\u201d ring transcends the classical form. The blue resin, extending beyond the golden brass frame, reflects the light like an unlimited sky, reminding us that true freedom is in the courage to transcend the patterns. Your Muse whispers that every movement, every gesture and every moment can be full of expression and freedom.<\/p>\n<p data-start=\"497\" data-end=\"533\"><strong>Put it on and feel the freedom.<\/strong><\/p>","protected":false},"featured_media":3503,"comment_status":"open","ping_status":"closed","template":"","meta":{"_eb_attr":""},"product_brand":[],"product_cat":[57,31],"product_tag":[68,70,71,76,75],"class_list":{"0":"post-3594","1":"product","2":"type-product","3":"status-publish","4":"has-post-thumbnail","6":"product_cat-grecka-bizuteria","7":"product_cat-pierscionki","8":"product_tag-bizuteria","9":"product_tag-fashion-jewelry","10":"product_tag-mosiadz","11":"product_tag-pierscien","12":"product_tag-zywica","14":"first","15":"instock","16":"shipping-taxable","17":"purchasable","18":"product-type-simple"},"yoast_head":"<!-- This site is optimized with the Yoast SEO plugin v26.6 - https:\/\/yoast.com\/wordpress\/plugins\/seo\/ -->\n<title>Pier\u015bcie\u0144 Przekroczenie \u2013 Muza Wolno\u015bci - DomiSol - Dostrajamy<\/title>\n<meta name=\"robots\" content=\"index, follow, max-snippet:-1, max-image-preview:large, max-video-preview:-1\" \/>\n<link rel=\"canonical\" href=\"https:\/\/www.dostrajamy.com\/en\/product\/breast-crossing-the-muse-of-freedom\/\" \/>\n<meta property=\"og:locale\" content=\"en_GB\" \/>\n<meta property=\"og:type\" content=\"article\" \/>\n<meta property=\"og:title\" content=\"Pier\u015bcie\u0144 Przekroczenie \u2013 Muza Wolno\u015bci - DomiSol - Dostrajamy\" \/>\n<meta property=\"og:description\" content=\"Pier\u015bcie\u0144 Przekroczenie \u2013 Muza Wolno\u015bci Jak fala, kt\u00f3ra nie zna granic \u2013 pier\u015bcie\u0144 \u201ePrzekroczenie \u2013 Muza Wolno\u015bci\u201d wykracza poza ramy klasycznej formy. B\u0142\u0119kitna \u017cywica, wysuni\u0119ta poza z\u0142ot\u0105 ram\u0119 z mosi\u0105dzu, odbija \u015bwiat\u0142o niczym nieograniczone niebo, przypominaj\u0105c, \u017ce prawdziwa wolno\u015b\u0107 jest w odwadze wykraczania poza schematy. Twoja Muza szepcze, \u017ce ka\u017cdy ruch, ka\u017cdy gest i ka\u017cdy moment mog\u0105 by\u0107 pe\u0142ne ekspresji i swobody. Za\u0142\u00f3\u017c i poczuj wolno\u015b\u0107.\" \/>\n<meta property=\"og:url\" content=\"https:\/\/www.dostrajamy.com\/en\/product\/breast-crossing-the-muse-of-freedom\/\" \/>\n<meta property=\"og:site_name\" content=\"DomiSol - Dostrajamy\" \/>\n<meta property=\"article:publisher\" content=\"https:\/\/www.facebook.com\/domisol.dostrajamy\" \/>\n<meta property=\"article:modified_time\" content=\"2025-09-10T18:27:29+00:00\" \/>\n<meta property=\"og:image\" content=\"https:\/\/www.dostrajamy.com\/wp-content\/uploads\/2025\/09\/IMG_3824-scaled.webp\" \/>\n\t<meta property=\"og:image:width\" content=\"2560\" \/>\n\t<meta property=\"og:image:height\" content=\"2560\" \/>\n\t<meta property=\"og:image:type\" content=\"image\/webp\" \/>\n<meta name=\"twitter:card\" content=\"summary_large_image\" \/>\n<script type=\"application\/ld+json\" class=\"yoast-schema-graph\">{\"@context\":\"https:\/\/schema.org\",\"@graph\":[{\"@type\":\"WebPage\",\"@id\":\"https:\/\/www.dostrajamy.com\/produkt\/pierscien-przekroczenie-muza-wolnosci\/\",\"url\":\"https:\/\/www.dostrajamy.com\/produkt\/pierscien-przekroczenie-muza-wolnosci\/\",\"name\":\"Pier\u015bcie\u0144 Przekroczenie \u2013 Muza Wolno\u015bci - DomiSol - Dostrajamy\",\"isPartOf\":{\"@id\":\"https:\/\/www.dostrajamy.com\/#website\"},\"primaryImageOfPage\":{\"@id\":\"https:\/\/www.dostrajamy.com\/produkt\/pierscien-przekroczenie-muza-wolnosci\/#primaryimage\"},\"image\":{\"@id\":\"https:\/\/www.dostrajamy.com\/produkt\/pierscien-przekroczenie-muza-wolnosci\/#primaryimage\"},\"thumbnailUrl\":\"https:\/\/www.dostrajamy.com\/wp-content\/uploads\/2025\/09\/IMG_3824-scaled.webp\",\"datePublished\":\"2025-09-10T17:46:48+00:00\",\"dateModified\":\"2025-09-10T18:27:29+00:00\",\"breadcrumb\":{\"@id\":\"https:\/\/www.dostrajamy.com\/produkt\/pierscien-przekroczenie-muza-wolnosci\/#breadcrumb\"},\"inLanguage\":\"en-GB\",\"potentialAction\":[{\"@type\":\"ReadAction\",\"target\":[\"https:\/\/www.dostrajamy.com\/produkt\/pierscien-przekroczenie-muza-wolnosci\/\"]}]},{\"@type\":\"ImageObject\",\"inLanguage\":\"en-GB\",\"@id\":\"https:\/\/www.dostrajamy.com\/produkt\/pierscien-przekroczenie-muza-wolnosci\/#primaryimage\",\"url\":\"https:\/\/www.dostrajamy.com\/wp-content\/uploads\/2025\/09\/IMG_3824-scaled.webp\",\"contentUrl\":\"https:\/\/www.dostrajamy.com\/wp-content\/uploads\/2025\/09\/IMG_3824-scaled.webp\",\"width\":2560,\"height\":2560},{\"@type\":\"BreadcrumbList\",\"@id\":\"https:\/\/www.dostrajamy.com\/produkt\/pierscien-przekroczenie-muza-wolnosci\/#breadcrumb\",\"itemListElement\":[{\"@type\":\"ListItem\",\"position\":1,\"name\":\"Strona g\u0142\u00f3wna\",\"item\":\"https:\/\/www.dostrajamy.com\/\"},{\"@type\":\"ListItem\",\"position\":2,\"name\":\"Sklep\",\"item\":\"https:\/\/www.dostrajamy.com\/sklep\/\"},{\"@type\":\"ListItem\",\"position\":3,\"name\":\"Pier\u015bcie\u0144 Przekroczenie \u2013 Muza Wolno\u015bci\"}]},{\"@type\":\"WebSite\",\"@id\":\"https:\/\/www.dostrajamy.com\/#website\",\"url\":\"https:\/\/www.dostrajamy.com\/\",\"name\":\"DomiSol - Dostrajamy\",\"description\":\"Dostr\u00f3j si\u0119 do siebie!\",\"publisher\":{\"@id\":\"https:\/\/www.dostrajamy.com\/#organization\"},\"potentialAction\":[{\"@type\":\"SearchAction\",\"target\":{\"@type\":\"EntryPoint\",\"urlTemplate\":\"https:\/\/www.dostrajamy.com\/?s={search_term_string}\"},\"query-input\":{\"@type\":\"PropertyValueSpecification\",\"valueRequired\":true,\"valueName\":\"search_term_string\"}}],\"inLanguage\":\"en-GB\"},{\"@type\":\"Organization\",\"@id\":\"https:\/\/www.dostrajamy.com\/#organization\",\"name\":\"DomiSol - Dostrajamy\",\"url\":\"https:\/\/www.dostrajamy.com\/\",\"logo\":{\"@type\":\"ImageObject\",\"inLanguage\":\"en-GB\",\"@id\":\"https:\/\/www.dostrajamy.com\/#\/schema\/logo\/image\/\",\"url\":\"https:\/\/www.dostrajamy.com\/wp-content\/uploads\/2025\/02\/cropped-Logo_poziom-1-scaled.png\",\"contentUrl\":\"https:\/\/www.dostrajamy.com\/wp-content\/uploads\/2025\/02\/cropped-Logo_poziom-1-scaled.png\",\"width\":2560,\"height\":453,\"caption\":\"DomiSol - Dostrajamy\"},\"image\":{\"@id\":\"https:\/\/www.dostrajamy.com\/#\/schema\/logo\/image\/\"},\"sameAs\":[\"https:\/\/www.facebook.com\/domisol.dostrajamy\",\"https:\/\/www.instagram.com\/domisol.dostrajamy\",\"https:\/\/www.youtube.com\/@dostrajamy\",\"https:\/\/open.spotify.com\/show\/5je85cYoaCcWGNo7Nwz2iW?si=1c15f6eb977f4f3d&nd=1&dlsi=d2ab15e5d6624979\"]}]}<\/script>\n<!-- \/ Yoast SEO plugin. -->","yoast_head_json":{"title":"Ring of Transgression - Muse of Freedom - DomiSol - Tune in","robots":{"index":"index","follow":"follow","max-snippet":"max-snippet:-1","max-image-preview":"max-image-preview:large","max-video-preview":"max-video-preview:-1"},"canonical":"https:\/\/www.dostrajamy.com\/en\/product\/breast-crossing-the-muse-of-freedom\/","og_locale":"en_GB","og_type":"article","og_title":"Pier\u015bcie\u0144 Przekroczenie \u2013 Muza Wolno\u015bci - DomiSol - Dostrajamy","og_description":"Pier\u015bcie\u0144 Przekroczenie \u2013 Muza Wolno\u015bci Jak fala, kt\u00f3ra nie zna granic \u2013 pier\u015bcie\u0144 \u201ePrzekroczenie \u2013 Muza Wolno\u015bci\u201d wykracza poza ramy klasycznej formy. B\u0142\u0119kitna \u017cywica, wysuni\u0119ta poza z\u0142ot\u0105 ram\u0119 z mosi\u0105dzu, odbija \u015bwiat\u0142o niczym nieograniczone niebo, przypominaj\u0105c, \u017ce prawdziwa wolno\u015b\u0107 jest w odwadze wykraczania poza schematy. Twoja Muza szepcze, \u017ce ka\u017cdy ruch, ka\u017cdy gest i ka\u017cdy moment mog\u0105 by\u0107 pe\u0142ne ekspresji i swobody. Za\u0142\u00f3\u017c i poczuj wolno\u015b\u0107.","og_url":"https:\/\/www.dostrajamy.com\/en\/product\/breast-crossing-the-muse-of-freedom\/","og_site_name":"DomiSol - Dostrajamy","article_publisher":"https:\/\/www.facebook.com\/domisol.dostrajamy","article_modified_time":"2025-09-10T18:27:29+00:00","og_image":[{"width":2560,"height":2560,"url":"https:\/\/www.dostrajamy.com\/wp-content\/uploads\/2025\/09\/IMG_3824-scaled.webp","type":"image\/webp"}],"twitter_card":"summary_large_image","schema":{"@context":"https:\/\/schema.org","@graph":[{"@type":"WebPage","@id":"https:\/\/www.dostrajamy.com\/produkt\/pierscien-przekroczenie-muza-wolnosci\/","url":"https:\/\/www.dostrajamy.com\/produkt\/pierscien-przekroczenie-muza-wolnosci\/","name":"Ring of Transgression - Muse of Freedom - DomiSol - Tune in","isPartOf":{"@id":"https:\/\/www.dostrajamy.com\/#website"},"primaryImageOfPage":{"@id":"https:\/\/www.dostrajamy.com\/produkt\/pierscien-przekroczenie-muza-wolnosci\/#primaryimage"},"image":{"@id":"https:\/\/www.dostrajamy.com\/produkt\/pierscien-przekroczenie-muza-wolnosci\/#primaryimage"},"thumbnailUrl":"https:\/\/www.dostrajamy.com\/wp-content\/uploads\/2025\/09\/IMG_3824-scaled.webp","datePublished":"2025-09-10T17:46:48+00:00","dateModified":"2025-09-10T18:27:29+00:00","breadcrumb":{"@id":"https:\/\/www.dostrajamy.com\/produkt\/pierscien-przekroczenie-muza-wolnosci\/#breadcrumb"},"inLanguage":"en-GB","potentialAction":[{"@type":"ReadAction","target":["https:\/\/www.dostrajamy.com\/produkt\/pierscien-przekroczenie-muza-wolnosci\/"]}]},{"@type":"ImageObject","inLanguage":"en-GB","@id":"https:\/\/www.dostrajamy.com\/produkt\/pierscien-przekroczenie-muza-wolnosci\/#primaryimage","url":"https:\/\/www.dostrajamy.com\/wp-content\/uploads\/2025\/09\/IMG_3824-scaled.webp","contentUrl":"https:\/\/www.dostrajamy.com\/wp-content\/uploads\/2025\/09\/IMG_3824-scaled.webp","width":2560,"height":2560},{"@type":"BreadcrumbList","@id":"https:\/\/www.dostrajamy.com\/produkt\/pierscien-przekroczenie-muza-wolnosci\/#breadcrumb","itemListElement":[{"@type":"ListItem","position":1,"name":"Strona g\u0142\u00f3wna","item":"https:\/\/www.dostrajamy.com\/"},{"@type":"ListItem","position":2,"name":"Sklep","item":"https:\/\/www.dostrajamy.com\/sklep\/"},{"@type":"ListItem","position":3,"name":"Pier\u015bcie\u0144 Przekroczenie \u2013 Muza Wolno\u015bci"}]},{"@type":"WebSite","@id":"https:\/\/www.dostrajamy.com\/#website","url":"https:\/\/www.dostrajamy.com\/","name":"DomiSol - Dostrajamy","description":"Tune in to yourself!","publisher":{"@id":"https:\/\/www.dostrajamy.com\/#organization"},"potentialAction":[{"@type":"SearchAction","target":{"@type":"EntryPoint","urlTemplate":"https:\/\/www.dostrajamy.com\/?s={search_term_string}"},"query-input":{"@type":"PropertyValueSpecification","valueRequired":true,"valueName":"search_term_string"}}],"inLanguage":"en-GB"},{"@type":"Organization","@id":"https:\/\/www.dostrajamy.com\/#organization","name":"DomiSol - Dostrajamy","url":"https:\/\/www.dostrajamy.com\/","logo":{"@type":"ImageObject","inLanguage":"en-GB","@id":"https:\/\/www.dostrajamy.com\/#\/schema\/logo\/image\/","url":"https:\/\/www.dostrajamy.com\/wp-content\/uploads\/2025\/02\/cropped-Logo_poziom-1-scaled.png","contentUrl":"https:\/\/www.dostrajamy.com\/wp-content\/uploads\/2025\/02\/cropped-Logo_poziom-1-scaled.png","width":2560,"height":453,"caption":"DomiSol - Dostrajamy"},"image":{"@id":"https:\/\/www.dostrajamy.com\/#\/schema\/logo\/image\/"},"sameAs":["https:\/\/www.facebook.com\/domisol.dostrajamy","https:\/\/www.instagram.com\/domisol.dostrajamy","https:\/\/www.youtube.com\/@dostrajamy","https:\/\/open.spotify.com\/show\/5je85cYoaCcWGNo7Nwz2iW?si=1c15f6eb977f4f3d&nd=1&dlsi=d2ab15e5d6624979"]}]}},"_links":{"self":[{"href":"https:\/\/www.dostrajamy.com\/en\/wp-json\/wp\/v2\/product\/3594","targetHints":{"allow":["GET"]}}],"collection":[{"href":"https:\/\/www.dostrajamy.com\/en\/wp-json\/wp\/v2\/product"}],"about":[{"href":"https:\/\/www.dostrajamy.com\/en\/wp-json\/wp\/v2\/types\/product"}],"replies":[{"embeddable":true,"href":"https:\/\/www.dostrajamy.com\/en\/wp-json\/wp\/v2\/comments?post=3594"}],"wp:featuredmedia":[{"embeddable":true,"href":"https:\/\/www.dostrajamy.com\/en\/wp-json\/wp\/v2\/media\/3503"}],"wp:attachment":[{"href":"https:\/\/www.dostrajamy.com\/en\/wp-json\/wp\/v2\/media?parent=3594"}],"wp:term":[{"taxonomy":"product_brand","embeddable":true,"href":"https:\/\/www.dostrajamy.com\/en\/wp-json\/wp\/v2\/product_brand?post=3594"},{"taxonomy":"product_cat","embeddable":true,"href":"https:\/\/www.dostrajamy.com\/en\/wp-json\/wp\/v2\/product_cat?post=3594"},{"taxonomy":"product_tag","embeddable":true,"href":"https:\/\/www.dostrajamy.com\/en\/wp-json\/wp\/v2\/product_tag?post=3594"}],"curies":[{"name":"wp","href":"https:\/\/api.w.org\/{rel}","templated":true}]}}