{"id":3599,"date":"2025-09-10T17:56:24","date_gmt":"2025-09-10T17:56:24","guid":{"rendered":"https:\/\/www.dostrajamy.com\/?post_type=product&#038;p=3599"},"modified":"2025-09-10T18:02:10","modified_gmt":"2025-09-10T18:02:10","slug":"kolczyki-turkusowy-kokon-muza-przemiany","status":"publish","type":"product","link":"https:\/\/www.dostrajamy.com\/en\/product\/kolczyki-turkusowy-kokon-muza-przemiany\/","title":{"rendered":"Gold Circle Earrings - Muse of Harmony"},"content":{"rendered":"<h3 data-start=\"979\" data-end=\"1242\">Sensitive information:<\/h3>\n<ul>\n<li data-start=\"539\" data-end=\"571\">\n<p data-start=\"541\" data-end=\"571\"><strong data-start=\"541\" data-end=\"550\">Form<\/strong>: Kolczyki ko\u0142a (hoops) z marszczon\u0105 faktur\u0105.<\/p>\n<\/li>\n<li data-start=\"572\" data-end=\"634\">\n<p data-start=\"574\" data-end=\"634\"><strong data-start=\"574\" data-end=\"586\">Material<\/strong>: brass.<\/p>\n<\/li>\n<li data-start=\"635\" data-end=\"715\">\n<p data-start=\"637\" data-end=\"715\"><strong data-start=\"637\" data-end=\"652\">Finishing<\/strong>: polished brass.<\/p>\n<\/li>\n<li data-start=\"716\" data-end=\"775\">\n<p data-start=\"718\" data-end=\"775\"><strong data-start=\"718\" data-end=\"727\">Detail<\/strong>: Marszczona, dekoracyjna faktura.<\/p>\n<\/li>\n<li data-start=\"776\" data-end=\"845\">\n<p data-start=\"778\" data-end=\"845\"><strong data-start=\"778\" data-end=\"793\">Origins<\/strong>: handmade in Athens, at the Kalliope workshop.<\/p>\n<\/li>\n<\/ul>","protected":false},"excerpt":{"rendered":"<h3 data-start=\"0\" data-end=\"43\">Gold Circle Earrings - Muse of Harmony<\/h3>\n<p data-start=\"66\" data-end=\"425\">Prostota, kt\u00f3ra nigdy nie wychodzi z mody \u2013 kolczyki \u201eZ\u0142ote Ko\u0142a \u2013 Muza Harmonii\u201d \u0142\u0105cz\u0105 klasyczn\u0105 form\u0119 hoop\u00f3w z niezwyk\u0142\u0105, marszczon\u0105 faktur\u0105 mosi\u0105dzu. To bi\u017cuteria, kt\u00f3ra emanuje lekko\u015bci\u0105 i r\u00f3wnowag\u0105, podkre\u015blaj\u0105c naturalny rytm codziennych ruch\u00f3w. Twoja Muza przypomina, \u017ce w cyklu ko\u0142a kryje si\u0119 pe\u0142nia \u2013 pocz\u0105tek, koniec i nieustanny powr\u00f3t do siebie.<\/p>\n<p data-start=\"427\" data-end=\"469\"><strong>No\u015b harmoni\u0119 w z\u0142otym rytmie.<\/strong><\/p>","protected":false},"featured_media":3478,"comment_status":"open","ping_status":"closed","template":"","meta":{"_eb_attr":""},"product_brand":[],"product_cat":[57,36],"product_tag":[68,70,108,69,71],"class_list":{"0":"post-3599","1":"product","2":"type-product","3":"status-publish","4":"has-post-thumbnail","6":"product_cat-grecka-bizuteria","7":"product_cat-kolczyki","8":"product_tag-bizuteria","9":"product_tag-fashion-jewelry","10":"product_tag-klipsy","11":"product_tag-kolczyki","12":"product_tag-mosiadz","14":"first","15":"instock","16":"shipping-taxable","17":"purchasable","18":"product-type-simple"},"yoast_head":"<!-- This site is optimized with the Yoast SEO plugin v26.6 - https:\/\/yoast.com\/wordpress\/plugins\/seo\/ -->\n<title>Kolczyki Z\u0142ote Ko\u0142a \u2013 Muza Harmonii - DomiSol - Dostrajamy<\/title>\n<meta name=\"robots\" content=\"index, follow, max-snippet:-1, max-image-preview:large, max-video-preview:-1\" \/>\n<link rel=\"canonical\" href=\"https:\/\/www.dostrajamy.com\/en\/product\/kolczyki-turkusowy-kokon-muza-przemiany\/\" \/>\n<meta property=\"og:locale\" content=\"en_GB\" \/>\n<meta property=\"og:type\" content=\"article\" \/>\n<meta property=\"og:title\" content=\"Kolczyki Z\u0142ote Ko\u0142a \u2013 Muza Harmonii - DomiSol - Dostrajamy\" \/>\n<meta property=\"og:description\" content=\"Kolczyki Z\u0142ote Ko\u0142a \u2013 Muza Harmonii Prostota, kt\u00f3ra nigdy nie wychodzi z mody \u2013 kolczyki \u201eZ\u0142ote Ko\u0142a \u2013 Muza Harmonii\u201d \u0142\u0105cz\u0105 klasyczn\u0105 form\u0119 hoop\u00f3w z niezwyk\u0142\u0105, marszczon\u0105 faktur\u0105 mosi\u0105dzu. To bi\u017cuteria, kt\u00f3ra emanuje lekko\u015bci\u0105 i r\u00f3wnowag\u0105, podkre\u015blaj\u0105c naturalny rytm codziennych ruch\u00f3w. Twoja Muza przypomina, \u017ce w cyklu ko\u0142a kryje si\u0119 pe\u0142nia \u2013 pocz\u0105tek, koniec i nieustanny powr\u00f3t do siebie. No\u015b harmoni\u0119 w z\u0142otym rytmie.\" \/>\n<meta property=\"og:url\" content=\"https:\/\/www.dostrajamy.com\/en\/product\/kolczyki-turkusowy-kokon-muza-przemiany\/\" \/>\n<meta property=\"og:site_name\" content=\"DomiSol - Dostrajamy\" \/>\n<meta property=\"article:publisher\" content=\"https:\/\/www.facebook.com\/domisol.dostrajamy\" \/>\n<meta property=\"article:modified_time\" content=\"2025-09-10T18:02:10+00:00\" \/>\n<meta property=\"og:image\" content=\"https:\/\/www.dostrajamy.com\/wp-content\/uploads\/2025\/09\/IMG_3690.webp\" \/>\n\t<meta property=\"og:image:width\" content=\"1467\" \/>\n\t<meta property=\"og:image:height\" content=\"1467\" \/>\n\t<meta property=\"og:image:type\" content=\"image\/webp\" \/>\n<meta name=\"twitter:card\" content=\"summary_large_image\" \/>\n<script type=\"application\/ld+json\" class=\"yoast-schema-graph\">{\"@context\":\"https:\/\/schema.org\",\"@graph\":[{\"@type\":\"WebPage\",\"@id\":\"https:\/\/www.dostrajamy.com\/produkt\/kolczyki-turkusowy-kokon-muza-przemiany\/\",\"url\":\"https:\/\/www.dostrajamy.com\/produkt\/kolczyki-turkusowy-kokon-muza-przemiany\/\",\"name\":\"Kolczyki Z\u0142ote Ko\u0142a \u2013 Muza Harmonii - DomiSol - Dostrajamy\",\"isPartOf\":{\"@id\":\"https:\/\/www.dostrajamy.com\/#website\"},\"primaryImageOfPage\":{\"@id\":\"https:\/\/www.dostrajamy.com\/produkt\/kolczyki-turkusowy-kokon-muza-przemiany\/#primaryimage\"},\"image\":{\"@id\":\"https:\/\/www.dostrajamy.com\/produkt\/kolczyki-turkusowy-kokon-muza-przemiany\/#primaryimage\"},\"thumbnailUrl\":\"https:\/\/www.dostrajamy.com\/wp-content\/uploads\/2025\/09\/IMG_3690.webp\",\"datePublished\":\"2025-09-10T17:56:24+00:00\",\"dateModified\":\"2025-09-10T18:02:10+00:00\",\"breadcrumb\":{\"@id\":\"https:\/\/www.dostrajamy.com\/produkt\/kolczyki-turkusowy-kokon-muza-przemiany\/#breadcrumb\"},\"inLanguage\":\"en-GB\",\"potentialAction\":[{\"@type\":\"ReadAction\",\"target\":[\"https:\/\/www.dostrajamy.com\/produkt\/kolczyki-turkusowy-kokon-muza-przemiany\/\"]}]},{\"@type\":\"ImageObject\",\"inLanguage\":\"en-GB\",\"@id\":\"https:\/\/www.dostrajamy.com\/produkt\/kolczyki-turkusowy-kokon-muza-przemiany\/#primaryimage\",\"url\":\"https:\/\/www.dostrajamy.com\/wp-content\/uploads\/2025\/09\/IMG_3690.webp\",\"contentUrl\":\"https:\/\/www.dostrajamy.com\/wp-content\/uploads\/2025\/09\/IMG_3690.webp\",\"width\":1467,\"height\":1467},{\"@type\":\"BreadcrumbList\",\"@id\":\"https:\/\/www.dostrajamy.com\/produkt\/kolczyki-turkusowy-kokon-muza-przemiany\/#breadcrumb\",\"itemListElement\":[{\"@type\":\"ListItem\",\"position\":1,\"name\":\"Strona g\u0142\u00f3wna\",\"item\":\"https:\/\/www.dostrajamy.com\/\"},{\"@type\":\"ListItem\",\"position\":2,\"name\":\"Sklep\",\"item\":\"https:\/\/www.dostrajamy.com\/sklep\/\"},{\"@type\":\"ListItem\",\"position\":3,\"name\":\"Kolczyki Z\u0142ote Ko\u0142a \u2013 Muza Harmonii\"}]},{\"@type\":\"WebSite\",\"@id\":\"https:\/\/www.dostrajamy.com\/#website\",\"url\":\"https:\/\/www.dostrajamy.com\/\",\"name\":\"DomiSol - Dostrajamy\",\"description\":\"Dostr\u00f3j si\u0119 do siebie!\",\"publisher\":{\"@id\":\"https:\/\/www.dostrajamy.com\/#organization\"},\"potentialAction\":[{\"@type\":\"SearchAction\",\"target\":{\"@type\":\"EntryPoint\",\"urlTemplate\":\"https:\/\/www.dostrajamy.com\/?s={search_term_string}\"},\"query-input\":{\"@type\":\"PropertyValueSpecification\",\"valueRequired\":true,\"valueName\":\"search_term_string\"}}],\"inLanguage\":\"en-GB\"},{\"@type\":\"Organization\",\"@id\":\"https:\/\/www.dostrajamy.com\/#organization\",\"name\":\"DomiSol - Dostrajamy\",\"url\":\"https:\/\/www.dostrajamy.com\/\",\"logo\":{\"@type\":\"ImageObject\",\"inLanguage\":\"en-GB\",\"@id\":\"https:\/\/www.dostrajamy.com\/#\/schema\/logo\/image\/\",\"url\":\"https:\/\/www.dostrajamy.com\/wp-content\/uploads\/2025\/02\/cropped-Logo_poziom-1-scaled.png\",\"contentUrl\":\"https:\/\/www.dostrajamy.com\/wp-content\/uploads\/2025\/02\/cropped-Logo_poziom-1-scaled.png\",\"width\":2560,\"height\":453,\"caption\":\"DomiSol - Dostrajamy\"},\"image\":{\"@id\":\"https:\/\/www.dostrajamy.com\/#\/schema\/logo\/image\/\"},\"sameAs\":[\"https:\/\/www.facebook.com\/domisol.dostrajamy\",\"https:\/\/www.instagram.com\/domisol.dostrajamy\",\"https:\/\/www.youtube.com\/@dostrajamy\",\"https:\/\/open.spotify.com\/show\/5je85cYoaCcWGNo7Nwz2iW?si=1c15f6eb977f4f3d&nd=1&dlsi=d2ab15e5d6624979\"]}]}<\/script>\n<!-- \/ Yoast SEO plugin. -->","yoast_head_json":{"title":"Kolczyki Z\u0142ote Ko\u0142a \u2013 Muza Harmonii - DomiSol - Dostrajamy","robots":{"index":"index","follow":"follow","max-snippet":"max-snippet:-1","max-image-preview":"max-image-preview:large","max-video-preview":"max-video-preview:-1"},"canonical":"https:\/\/www.dostrajamy.com\/en\/product\/kolczyki-turkusowy-kokon-muza-przemiany\/","og_locale":"en_GB","og_type":"article","og_title":"Kolczyki Z\u0142ote Ko\u0142a \u2013 Muza Harmonii - DomiSol - Dostrajamy","og_description":"Kolczyki Z\u0142ote Ko\u0142a \u2013 Muza Harmonii Prostota, kt\u00f3ra nigdy nie wychodzi z mody \u2013 kolczyki \u201eZ\u0142ote Ko\u0142a \u2013 Muza Harmonii\u201d \u0142\u0105cz\u0105 klasyczn\u0105 form\u0119 hoop\u00f3w z niezwyk\u0142\u0105, marszczon\u0105 faktur\u0105 mosi\u0105dzu. To bi\u017cuteria, kt\u00f3ra emanuje lekko\u015bci\u0105 i r\u00f3wnowag\u0105, podkre\u015blaj\u0105c naturalny rytm codziennych ruch\u00f3w. Twoja Muza przypomina, \u017ce w cyklu ko\u0142a kryje si\u0119 pe\u0142nia \u2013 pocz\u0105tek, koniec i nieustanny powr\u00f3t do siebie. No\u015b harmoni\u0119 w z\u0142otym rytmie.","og_url":"https:\/\/www.dostrajamy.com\/en\/product\/kolczyki-turkusowy-kokon-muza-przemiany\/","og_site_name":"DomiSol - Dostrajamy","article_publisher":"https:\/\/www.facebook.com\/domisol.dostrajamy","article_modified_time":"2025-09-10T18:02:10+00:00","og_image":[{"width":1467,"height":1467,"url":"https:\/\/www.dostrajamy.com\/wp-content\/uploads\/2025\/09\/IMG_3690.webp","type":"image\/webp"}],"twitter_card":"summary_large_image","schema":{"@context":"https:\/\/schema.org","@graph":[{"@type":"WebPage","@id":"https:\/\/www.dostrajamy.com\/produkt\/kolczyki-turkusowy-kokon-muza-przemiany\/","url":"https:\/\/www.dostrajamy.com\/produkt\/kolczyki-turkusowy-kokon-muza-przemiany\/","name":"Kolczyki Z\u0142ote Ko\u0142a \u2013 Muza Harmonii - DomiSol - Dostrajamy","isPartOf":{"@id":"https:\/\/www.dostrajamy.com\/#website"},"primaryImageOfPage":{"@id":"https:\/\/www.dostrajamy.com\/produkt\/kolczyki-turkusowy-kokon-muza-przemiany\/#primaryimage"},"image":{"@id":"https:\/\/www.dostrajamy.com\/produkt\/kolczyki-turkusowy-kokon-muza-przemiany\/#primaryimage"},"thumbnailUrl":"https:\/\/www.dostrajamy.com\/wp-content\/uploads\/2025\/09\/IMG_3690.webp","datePublished":"2025-09-10T17:56:24+00:00","dateModified":"2025-09-10T18:02:10+00:00","breadcrumb":{"@id":"https:\/\/www.dostrajamy.com\/produkt\/kolczyki-turkusowy-kokon-muza-przemiany\/#breadcrumb"},"inLanguage":"en-GB","potentialAction":[{"@type":"ReadAction","target":["https:\/\/www.dostrajamy.com\/produkt\/kolczyki-turkusowy-kokon-muza-przemiany\/"]}]},{"@type":"ImageObject","inLanguage":"en-GB","@id":"https:\/\/www.dostrajamy.com\/produkt\/kolczyki-turkusowy-kokon-muza-przemiany\/#primaryimage","url":"https:\/\/www.dostrajamy.com\/wp-content\/uploads\/2025\/09\/IMG_3690.webp","contentUrl":"https:\/\/www.dostrajamy.com\/wp-content\/uploads\/2025\/09\/IMG_3690.webp","width":1467,"height":1467},{"@type":"BreadcrumbList","@id":"https:\/\/www.dostrajamy.com\/produkt\/kolczyki-turkusowy-kokon-muza-przemiany\/#breadcrumb","itemListElement":[{"@type":"ListItem","position":1,"name":"Strona g\u0142\u00f3wna","item":"https:\/\/www.dostrajamy.com\/"},{"@type":"ListItem","position":2,"name":"Sklep","item":"https:\/\/www.dostrajamy.com\/sklep\/"},{"@type":"ListItem","position":3,"name":"Kolczyki Z\u0142ote Ko\u0142a \u2013 Muza Harmonii"}]},{"@type":"WebSite","@id":"https:\/\/www.dostrajamy.com\/#website","url":"https:\/\/www.dostrajamy.com\/","name":"DomiSol - Dostrajamy","description":"Tune in to yourself!","publisher":{"@id":"https:\/\/www.dostrajamy.com\/#organization"},"potentialAction":[{"@type":"SearchAction","target":{"@type":"EntryPoint","urlTemplate":"https:\/\/www.dostrajamy.com\/?s={search_term_string}"},"query-input":{"@type":"PropertyValueSpecification","valueRequired":true,"valueName":"search_term_string"}}],"inLanguage":"en-GB"},{"@type":"Organization","@id":"https:\/\/www.dostrajamy.com\/#organization","name":"DomiSol - Dostrajamy","url":"https:\/\/www.dostrajamy.com\/","logo":{"@type":"ImageObject","inLanguage":"en-GB","@id":"https:\/\/www.dostrajamy.com\/#\/schema\/logo\/image\/","url":"https:\/\/www.dostrajamy.com\/wp-content\/uploads\/2025\/02\/cropped-Logo_poziom-1-scaled.png","contentUrl":"https:\/\/www.dostrajamy.com\/wp-content\/uploads\/2025\/02\/cropped-Logo_poziom-1-scaled.png","width":2560,"height":453,"caption":"DomiSol - Dostrajamy"},"image":{"@id":"https:\/\/www.dostrajamy.com\/#\/schema\/logo\/image\/"},"sameAs":["https:\/\/www.facebook.com\/domisol.dostrajamy","https:\/\/www.instagram.com\/domisol.dostrajamy","https:\/\/www.youtube.com\/@dostrajamy","https:\/\/open.spotify.com\/show\/5je85cYoaCcWGNo7Nwz2iW?si=1c15f6eb977f4f3d&nd=1&dlsi=d2ab15e5d6624979"]}]}},"_links":{"self":[{"href":"https:\/\/www.dostrajamy.com\/en\/wp-json\/wp\/v2\/product\/3599","targetHints":{"allow":["GET"]}}],"collection":[{"href":"https:\/\/www.dostrajamy.com\/en\/wp-json\/wp\/v2\/product"}],"about":[{"href":"https:\/\/www.dostrajamy.com\/en\/wp-json\/wp\/v2\/types\/product"}],"replies":[{"embeddable":true,"href":"https:\/\/www.dostrajamy.com\/en\/wp-json\/wp\/v2\/comments?post=3599"}],"wp:featuredmedia":[{"embeddable":true,"href":"https:\/\/www.dostrajamy.com\/en\/wp-json\/wp\/v2\/media\/3478"}],"wp:attachment":[{"href":"https:\/\/www.dostrajamy.com\/en\/wp-json\/wp\/v2\/media?parent=3599"}],"wp:term":[{"taxonomy":"product_brand","embeddable":true,"href":"https:\/\/www.dostrajamy.com\/en\/wp-json\/wp\/v2\/product_brand?post=3599"},{"taxonomy":"product_cat","embeddable":true,"href":"https:\/\/www.dostrajamy.com\/en\/wp-json\/wp\/v2\/product_cat?post=3599"},{"taxonomy":"product_tag","embeddable":true,"href":"https:\/\/www.dostrajamy.com\/en\/wp-json\/wp\/v2\/product_tag?post=3599"}],"curies":[{"name":"wp","href":"https:\/\/api.w.org\/{rel}","templated":true}]}}