{"id":3602,"date":"2025-09-10T18:04:28","date_gmt":"2025-09-10T18:04:28","guid":{"rendered":"https:\/\/www.dostrajamy.com\/?post_type=product&#038;p=3602"},"modified":"2025-09-10T18:11:00","modified_gmt":"2025-09-10T18:11:00","slug":"dragon-eyes-muse-of-mystery-earrings","status":"publish","type":"product","link":"https:\/\/www.dostrajamy.com\/en\/product\/dragon-eyes-muse-of-mystery-earrings\/","title":{"rendered":"Dragon Eyes Earrings - Muse of Mystery"},"content":{"rendered":"<h3 data-start=\"979\" data-end=\"1242\">Sensitive information:<\/h3>\n<ul>\n<li data-start=\"539\" data-end=\"571\">\n<p data-start=\"541\" data-end=\"571\"><strong data-start=\"541\" data-end=\"550\">Form<\/strong>: Screw-on earrings with turquoise eye and dangling straps.<\/p>\n<\/li>\n<li data-start=\"572\" data-end=\"634\">\n<p data-start=\"574\" data-end=\"634\"><strong data-start=\"574\" data-end=\"586\">Material<\/strong>: brass.<\/p>\n<\/li>\n<li data-start=\"635\" data-end=\"715\">\n<p data-start=\"637\" data-end=\"715\"><strong data-start=\"637\" data-end=\"652\">Finishing<\/strong>: polished brass.<\/p>\n<\/li>\n<li data-start=\"716\" data-end=\"775\">\n<p data-start=\"718\" data-end=\"775\"><strong data-start=\"718\" data-end=\"727\">Detail<\/strong>: Turquoise resin in the centre, brass stripes like dragon scales.<\/p>\n<\/li>\n<li data-start=\"776\" data-end=\"845\">\n<p data-start=\"778\" data-end=\"845\"><strong data-start=\"778\" data-end=\"793\">Origins<\/strong>: handmade in Athens, at the Kalliope workshop.<\/p>\n<\/li>\n<\/ul>","protected":false},"excerpt":{"rendered":"<h3 data-start=\"0\" data-end=\"45\">Dragon Eyes Earrings - Muse of Mystery<\/h3>\n<p data-start=\"68\" data-end=\"482\">A magical glimpse into the depths of imagination, the \u201eDragon Eyes - Muse of Mystery\u201d earrings attract with the power and aura of the extraordinary. Turquoise resin, like the eyes of a mythical dragon, pulsates with an inner light. From it fall slender strips of brass, partly covered with black oxidation, which are arranged like dragon scales in motion. Your Muse whispers that there is strength hidden in mystery, and that a gaze full of courage opens new worlds.<\/p>\n<p data-start=\"484\" data-end=\"517\"><strong>Look through the eyes of a dragon.<\/strong><\/p>","protected":false},"featured_media":3481,"comment_status":"open","ping_status":"closed","template":"","meta":{"_eb_attr":""},"product_brand":[],"product_cat":[57,36],"product_tag":[68,70,108,69,71],"class_list":{"0":"post-3602","1":"product","2":"type-product","3":"status-publish","4":"has-post-thumbnail","6":"product_cat-grecka-bizuteria","7":"product_cat-kolczyki","8":"product_tag-bizuteria","9":"product_tag-fashion-jewelry","10":"product_tag-klipsy","11":"product_tag-kolczyki","12":"product_tag-mosiadz","14":"first","15":"instock","16":"shipping-taxable","17":"purchasable","18":"product-type-simple"},"yoast_head":"<!-- This site is optimized with the Yoast SEO plugin v26.6 - https:\/\/yoast.com\/wordpress\/plugins\/seo\/ -->\n<title>Kolczyki Smocze Oczy \u2013 Muza Tajemnicy - DomiSol - Dostrajamy<\/title>\n<meta name=\"robots\" content=\"index, follow, max-snippet:-1, max-image-preview:large, max-video-preview:-1\" \/>\n<link rel=\"canonical\" href=\"https:\/\/www.dostrajamy.com\/en\/product\/dragon-eyes-muse-of-mystery-earrings\/\" \/>\n<meta property=\"og:locale\" content=\"en_GB\" \/>\n<meta property=\"og:type\" content=\"article\" \/>\n<meta property=\"og:title\" content=\"Kolczyki Smocze Oczy \u2013 Muza Tajemnicy - DomiSol - Dostrajamy\" \/>\n<meta property=\"og:description\" content=\"Kolczyki Smocze Oczy \u2013 Muza Tajemnicy Magiczne spojrzenie w g\u0142\u0105b wyobra\u017ani \u2013 kolczyki \u201eSmocze Oczy \u2013 Muza Tajemnicy\u201d przyci\u0105gaj\u0105 moc\u0105 i aur\u0105 niezwyk\u0142o\u015bci. Turkusowa \u017cywica, niczym oczy mitycznego smoka, pulsuje wewn\u0119trznym \u015bwiat\u0142em. Od niej opadaj\u0105 smuk\u0142e paski mosi\u0105dzu, cz\u0119\u015bciowo pokryte czarn\u0105 oksydacj\u0105, kt\u00f3re uk\u0142adaj\u0105 si\u0119 jak smocze \u0142uski w ruchu. Twoja Muza szepcze, \u017ce w tajemnicy kryje si\u0119 si\u0142a, a spojrzenie pe\u0142ne odwagi otwiera nowe \u015bwiaty. Sp\u00f3jrz oczami smoka.\" \/>\n<meta property=\"og:url\" content=\"https:\/\/www.dostrajamy.com\/en\/product\/dragon-eyes-muse-of-mystery-earrings\/\" \/>\n<meta property=\"og:site_name\" content=\"DomiSol - Dostrajamy\" \/>\n<meta property=\"article:publisher\" content=\"https:\/\/www.facebook.com\/domisol.dostrajamy\" \/>\n<meta property=\"article:modified_time\" content=\"2025-09-10T18:11:00+00:00\" \/>\n<meta property=\"og:image\" content=\"https:\/\/www.dostrajamy.com\/wp-content\/uploads\/2025\/09\/IMG_3686.webp\" \/>\n\t<meta property=\"og:image:width\" content=\"2505\" \/>\n\t<meta property=\"og:image:height\" content=\"2505\" \/>\n\t<meta property=\"og:image:type\" content=\"image\/webp\" \/>\n<meta name=\"twitter:card\" content=\"summary_large_image\" \/>\n<script type=\"application\/ld+json\" class=\"yoast-schema-graph\">{\"@context\":\"https:\/\/schema.org\",\"@graph\":[{\"@type\":\"WebPage\",\"@id\":\"https:\/\/www.dostrajamy.com\/produkt\/kolczyki-smocze-oczy-muza-tajemnicy\/\",\"url\":\"https:\/\/www.dostrajamy.com\/produkt\/kolczyki-smocze-oczy-muza-tajemnicy\/\",\"name\":\"Kolczyki Smocze Oczy \u2013 Muza Tajemnicy - DomiSol - Dostrajamy\",\"isPartOf\":{\"@id\":\"https:\/\/www.dostrajamy.com\/#website\"},\"primaryImageOfPage\":{\"@id\":\"https:\/\/www.dostrajamy.com\/produkt\/kolczyki-smocze-oczy-muza-tajemnicy\/#primaryimage\"},\"image\":{\"@id\":\"https:\/\/www.dostrajamy.com\/produkt\/kolczyki-smocze-oczy-muza-tajemnicy\/#primaryimage\"},\"thumbnailUrl\":\"https:\/\/www.dostrajamy.com\/wp-content\/uploads\/2025\/09\/IMG_3686.webp\",\"datePublished\":\"2025-09-10T18:04:28+00:00\",\"dateModified\":\"2025-09-10T18:11:00+00:00\",\"breadcrumb\":{\"@id\":\"https:\/\/www.dostrajamy.com\/produkt\/kolczyki-smocze-oczy-muza-tajemnicy\/#breadcrumb\"},\"inLanguage\":\"en-GB\",\"potentialAction\":[{\"@type\":\"ReadAction\",\"target\":[\"https:\/\/www.dostrajamy.com\/produkt\/kolczyki-smocze-oczy-muza-tajemnicy\/\"]}]},{\"@type\":\"ImageObject\",\"inLanguage\":\"en-GB\",\"@id\":\"https:\/\/www.dostrajamy.com\/produkt\/kolczyki-smocze-oczy-muza-tajemnicy\/#primaryimage\",\"url\":\"https:\/\/www.dostrajamy.com\/wp-content\/uploads\/2025\/09\/IMG_3686.webp\",\"contentUrl\":\"https:\/\/www.dostrajamy.com\/wp-content\/uploads\/2025\/09\/IMG_3686.webp\",\"width\":2505,\"height\":2505},{\"@type\":\"BreadcrumbList\",\"@id\":\"https:\/\/www.dostrajamy.com\/produkt\/kolczyki-smocze-oczy-muza-tajemnicy\/#breadcrumb\",\"itemListElement\":[{\"@type\":\"ListItem\",\"position\":1,\"name\":\"Strona g\u0142\u00f3wna\",\"item\":\"https:\/\/www.dostrajamy.com\/\"},{\"@type\":\"ListItem\",\"position\":2,\"name\":\"Sklep\",\"item\":\"https:\/\/www.dostrajamy.com\/sklep\/\"},{\"@type\":\"ListItem\",\"position\":3,\"name\":\"Kolczyki Smocze Oczy \u2013 Muza Tajemnicy\"}]},{\"@type\":\"WebSite\",\"@id\":\"https:\/\/www.dostrajamy.com\/#website\",\"url\":\"https:\/\/www.dostrajamy.com\/\",\"name\":\"DomiSol - Dostrajamy\",\"description\":\"Dostr\u00f3j si\u0119 do siebie!\",\"publisher\":{\"@id\":\"https:\/\/www.dostrajamy.com\/#organization\"},\"potentialAction\":[{\"@type\":\"SearchAction\",\"target\":{\"@type\":\"EntryPoint\",\"urlTemplate\":\"https:\/\/www.dostrajamy.com\/?s={search_term_string}\"},\"query-input\":{\"@type\":\"PropertyValueSpecification\",\"valueRequired\":true,\"valueName\":\"search_term_string\"}}],\"inLanguage\":\"en-GB\"},{\"@type\":\"Organization\",\"@id\":\"https:\/\/www.dostrajamy.com\/#organization\",\"name\":\"DomiSol - Dostrajamy\",\"url\":\"https:\/\/www.dostrajamy.com\/\",\"logo\":{\"@type\":\"ImageObject\",\"inLanguage\":\"en-GB\",\"@id\":\"https:\/\/www.dostrajamy.com\/#\/schema\/logo\/image\/\",\"url\":\"https:\/\/www.dostrajamy.com\/wp-content\/uploads\/2025\/02\/cropped-Logo_poziom-1-scaled.png\",\"contentUrl\":\"https:\/\/www.dostrajamy.com\/wp-content\/uploads\/2025\/02\/cropped-Logo_poziom-1-scaled.png\",\"width\":2560,\"height\":453,\"caption\":\"DomiSol - Dostrajamy\"},\"image\":{\"@id\":\"https:\/\/www.dostrajamy.com\/#\/schema\/logo\/image\/\"},\"sameAs\":[\"https:\/\/www.facebook.com\/domisol.dostrajamy\",\"https:\/\/www.instagram.com\/domisol.dostrajamy\",\"https:\/\/www.youtube.com\/@dostrajamy\",\"https:\/\/open.spotify.com\/show\/5je85cYoaCcWGNo7Nwz2iW?si=1c15f6eb977f4f3d&nd=1&dlsi=d2ab15e5d6624979\"]}]}<\/script>\n<!-- \/ Yoast SEO plugin. -->","yoast_head_json":{"title":"Dragon Eyes Earrings - Muse of Mystery - DomiSol - Tune in","robots":{"index":"index","follow":"follow","max-snippet":"max-snippet:-1","max-image-preview":"max-image-preview:large","max-video-preview":"max-video-preview:-1"},"canonical":"https:\/\/www.dostrajamy.com\/en\/product\/dragon-eyes-muse-of-mystery-earrings\/","og_locale":"en_GB","og_type":"article","og_title":"Kolczyki Smocze Oczy \u2013 Muza Tajemnicy - DomiSol - Dostrajamy","og_description":"Kolczyki Smocze Oczy \u2013 Muza Tajemnicy Magiczne spojrzenie w g\u0142\u0105b wyobra\u017ani \u2013 kolczyki \u201eSmocze Oczy \u2013 Muza Tajemnicy\u201d przyci\u0105gaj\u0105 moc\u0105 i aur\u0105 niezwyk\u0142o\u015bci. Turkusowa \u017cywica, niczym oczy mitycznego smoka, pulsuje wewn\u0119trznym \u015bwiat\u0142em. Od niej opadaj\u0105 smuk\u0142e paski mosi\u0105dzu, cz\u0119\u015bciowo pokryte czarn\u0105 oksydacj\u0105, kt\u00f3re uk\u0142adaj\u0105 si\u0119 jak smocze \u0142uski w ruchu. Twoja Muza szepcze, \u017ce w tajemnicy kryje si\u0119 si\u0142a, a spojrzenie pe\u0142ne odwagi otwiera nowe \u015bwiaty. Sp\u00f3jrz oczami smoka.","og_url":"https:\/\/www.dostrajamy.com\/en\/product\/dragon-eyes-muse-of-mystery-earrings\/","og_site_name":"DomiSol - Dostrajamy","article_publisher":"https:\/\/www.facebook.com\/domisol.dostrajamy","article_modified_time":"2025-09-10T18:11:00+00:00","og_image":[{"width":2505,"height":2505,"url":"https:\/\/www.dostrajamy.com\/wp-content\/uploads\/2025\/09\/IMG_3686.webp","type":"image\/webp"}],"twitter_card":"summary_large_image","schema":{"@context":"https:\/\/schema.org","@graph":[{"@type":"WebPage","@id":"https:\/\/www.dostrajamy.com\/produkt\/kolczyki-smocze-oczy-muza-tajemnicy\/","url":"https:\/\/www.dostrajamy.com\/produkt\/kolczyki-smocze-oczy-muza-tajemnicy\/","name":"Dragon Eyes Earrings - Muse of Mystery - DomiSol - Tune in","isPartOf":{"@id":"https:\/\/www.dostrajamy.com\/#website"},"primaryImageOfPage":{"@id":"https:\/\/www.dostrajamy.com\/produkt\/kolczyki-smocze-oczy-muza-tajemnicy\/#primaryimage"},"image":{"@id":"https:\/\/www.dostrajamy.com\/produkt\/kolczyki-smocze-oczy-muza-tajemnicy\/#primaryimage"},"thumbnailUrl":"https:\/\/www.dostrajamy.com\/wp-content\/uploads\/2025\/09\/IMG_3686.webp","datePublished":"2025-09-10T18:04:28+00:00","dateModified":"2025-09-10T18:11:00+00:00","breadcrumb":{"@id":"https:\/\/www.dostrajamy.com\/produkt\/kolczyki-smocze-oczy-muza-tajemnicy\/#breadcrumb"},"inLanguage":"en-GB","potentialAction":[{"@type":"ReadAction","target":["https:\/\/www.dostrajamy.com\/produkt\/kolczyki-smocze-oczy-muza-tajemnicy\/"]}]},{"@type":"ImageObject","inLanguage":"en-GB","@id":"https:\/\/www.dostrajamy.com\/produkt\/kolczyki-smocze-oczy-muza-tajemnicy\/#primaryimage","url":"https:\/\/www.dostrajamy.com\/wp-content\/uploads\/2025\/09\/IMG_3686.webp","contentUrl":"https:\/\/www.dostrajamy.com\/wp-content\/uploads\/2025\/09\/IMG_3686.webp","width":2505,"height":2505},{"@type":"BreadcrumbList","@id":"https:\/\/www.dostrajamy.com\/produkt\/kolczyki-smocze-oczy-muza-tajemnicy\/#breadcrumb","itemListElement":[{"@type":"ListItem","position":1,"name":"Strona g\u0142\u00f3wna","item":"https:\/\/www.dostrajamy.com\/"},{"@type":"ListItem","position":2,"name":"Sklep","item":"https:\/\/www.dostrajamy.com\/sklep\/"},{"@type":"ListItem","position":3,"name":"Kolczyki Smocze Oczy \u2013 Muza Tajemnicy"}]},{"@type":"WebSite","@id":"https:\/\/www.dostrajamy.com\/#website","url":"https:\/\/www.dostrajamy.com\/","name":"DomiSol - Dostrajamy","description":"Tune in to yourself!","publisher":{"@id":"https:\/\/www.dostrajamy.com\/#organization"},"potentialAction":[{"@type":"SearchAction","target":{"@type":"EntryPoint","urlTemplate":"https:\/\/www.dostrajamy.com\/?s={search_term_string}"},"query-input":{"@type":"PropertyValueSpecification","valueRequired":true,"valueName":"search_term_string"}}],"inLanguage":"en-GB"},{"@type":"Organization","@id":"https:\/\/www.dostrajamy.com\/#organization","name":"DomiSol - Dostrajamy","url":"https:\/\/www.dostrajamy.com\/","logo":{"@type":"ImageObject","inLanguage":"en-GB","@id":"https:\/\/www.dostrajamy.com\/#\/schema\/logo\/image\/","url":"https:\/\/www.dostrajamy.com\/wp-content\/uploads\/2025\/02\/cropped-Logo_poziom-1-scaled.png","contentUrl":"https:\/\/www.dostrajamy.com\/wp-content\/uploads\/2025\/02\/cropped-Logo_poziom-1-scaled.png","width":2560,"height":453,"caption":"DomiSol - Dostrajamy"},"image":{"@id":"https:\/\/www.dostrajamy.com\/#\/schema\/logo\/image\/"},"sameAs":["https:\/\/www.facebook.com\/domisol.dostrajamy","https:\/\/www.instagram.com\/domisol.dostrajamy","https:\/\/www.youtube.com\/@dostrajamy","https:\/\/open.spotify.com\/show\/5je85cYoaCcWGNo7Nwz2iW?si=1c15f6eb977f4f3d&nd=1&dlsi=d2ab15e5d6624979"]}]}},"_links":{"self":[{"href":"https:\/\/www.dostrajamy.com\/en\/wp-json\/wp\/v2\/product\/3602","targetHints":{"allow":["GET"]}}],"collection":[{"href":"https:\/\/www.dostrajamy.com\/en\/wp-json\/wp\/v2\/product"}],"about":[{"href":"https:\/\/www.dostrajamy.com\/en\/wp-json\/wp\/v2\/types\/product"}],"replies":[{"embeddable":true,"href":"https:\/\/www.dostrajamy.com\/en\/wp-json\/wp\/v2\/comments?post=3602"}],"wp:featuredmedia":[{"embeddable":true,"href":"https:\/\/www.dostrajamy.com\/en\/wp-json\/wp\/v2\/media\/3481"}],"wp:attachment":[{"href":"https:\/\/www.dostrajamy.com\/en\/wp-json\/wp\/v2\/media?parent=3602"}],"wp:term":[{"taxonomy":"product_brand","embeddable":true,"href":"https:\/\/www.dostrajamy.com\/en\/wp-json\/wp\/v2\/product_brand?post=3602"},{"taxonomy":"product_cat","embeddable":true,"href":"https:\/\/www.dostrajamy.com\/en\/wp-json\/wp\/v2\/product_cat?post=3602"},{"taxonomy":"product_tag","embeddable":true,"href":"https:\/\/www.dostrajamy.com\/en\/wp-json\/wp\/v2\/product_tag?post=3602"}],"curies":[{"name":"wp","href":"https:\/\/api.w.org\/{rel}","templated":true}]}}