{"id":3610,"date":"2025-09-10T18:42:52","date_gmt":"2025-09-10T18:42:52","guid":{"rendered":"https:\/\/www.dostrajamy.com\/?post_type=product&#038;p=3610"},"modified":"2025-09-21T08:55:06","modified_gmt":"2025-09-21T08:55:06","slug":"wisiorek-serce-tarczy-muza-nadziei","status":"publish","type":"product","link":"https:\/\/www.dostrajamy.com\/en\/product\/wisiorek-serce-tarczy-muza-nadziei\/","title":{"rendered":"Heart of Shield Pendant - Muse of Hope"},"content":{"rendered":"<h3 data-start=\"1132\" data-end=\"1395\">\u2728 Sensitive information:<\/h3>\n<ul>\n<li data-start=\"539\" data-end=\"629\">\n<p data-start=\"541\" data-end=\"629\"><strong data-start=\"541\" data-end=\"550\">Form<\/strong>: Wisiorek w kszta\u0142cie tarczy z centralnym kryszta\u0142em.<\/p>\n<\/li>\n<li data-start=\"539\" data-end=\"629\">\n<p data-start=\"541\" data-end=\"629\"><strong data-start=\"632\" data-end=\"644\">Material<\/strong>: brass.<\/p>\n<\/li>\n<li data-start=\"657\" data-end=\"704\">\n<p data-start=\"659\" data-end=\"704\"><strong data-start=\"659\" data-end=\"674\">Finishing<\/strong>polished brass shine.<\/p>\n<\/li>\n<li data-start=\"705\" data-end=\"780\">\n<p data-start=\"707\" data-end=\"780\"><strong data-start=\"707\" data-end=\"716\">Detail<\/strong>: Zielony kryszta\u0142 w centrum tarczy.<\/p>\n<\/li>\n<li data-start=\"781\" data-end=\"850\">\n<p data-start=\"783\" data-end=\"850\"><strong data-start=\"783\" data-end=\"798\">Origins<\/strong>: handmade in Athens, at the Kalliope workshop.<\/p>\n<\/li>\n<\/ul>","protected":false},"excerpt":{"rendered":"<h3 data-start=\"38\" data-end=\"82\">Heart of Shield Pendant - Muse of Hope<\/h3>\n<p data-start=\"105\" data-end=\"443\">Jak talizman przynosz\u0105cy spok\u00f3j i odwag\u0119 \u2013 wisiorek \u201eSerce Tarczy \u2013 Muza Nadziei\u201d \u0142\u0105czy si\u0142\u0119 z\u0142otej tarczy z g\u0142\u0119bi\u0105 zielonego kryszta\u0142u. To bi\u017cuteria, kt\u00f3ra przypomina, \u017ce prawdziwa ochrona i nadzieja p\u0142yn\u0105 z wn\u0119trza, a ka\u017cdy ruch serca mo\u017ce roz\u015bwietla\u0107 \u015bwiat. Twoja Muza szepcze, \u017ce w otoczeniu si\u0142y kryje si\u0119 czu\u0142o\u015b\u0107 i pewno\u015b\u0107 siebie.<\/p>\n<p data-start=\"105\" data-end=\"443\"><strong>No\u015b nadziej\u0119 blisko serca.<\/strong><\/p>","protected":false},"featured_media":3519,"comment_status":"open","ping_status":"closed","template":"","meta":{"_eb_attr":""},"product_brand":[],"product_cat":[57,34],"product_tag":[68,70,71,76],"class_list":{"0":"post-3610","1":"product","2":"type-product","3":"status-publish","4":"has-post-thumbnail","6":"product_cat-grecka-bizuteria","7":"product_cat-naszyjniki","8":"product_tag-bizuteria","9":"product_tag-fashion-jewelry","10":"product_tag-mosiadz","11":"product_tag-pierscien","13":"first","14":"instock","15":"shipping-taxable","16":"purchasable","17":"product-type-simple"},"yoast_head":"<!-- This site is optimized with the Yoast SEO plugin v26.6 - https:\/\/yoast.com\/wordpress\/plugins\/seo\/ -->\n<title>Wisiorek Serce Tarczy \u2013 Muza Nadziei - DomiSol - Dostrajamy<\/title>\n<meta name=\"robots\" content=\"index, follow, max-snippet:-1, max-image-preview:large, max-video-preview:-1\" \/>\n<link rel=\"canonical\" href=\"https:\/\/www.dostrajamy.com\/en\/product\/wisiorek-serce-tarczy-muza-nadziei\/\" \/>\n<meta property=\"og:locale\" content=\"en_GB\" \/>\n<meta property=\"og:type\" content=\"article\" \/>\n<meta property=\"og:title\" content=\"Wisiorek Serce Tarczy \u2013 Muza Nadziei - DomiSol - Dostrajamy\" \/>\n<meta property=\"og:description\" content=\"Wisiorek Serce Tarczy \u2013 Muza Nadziei Jak talizman przynosz\u0105cy spok\u00f3j i odwag\u0119 \u2013 wisiorek \u201eSerce Tarczy \u2013 Muza Nadziei\u201d \u0142\u0105czy si\u0142\u0119 z\u0142otej tarczy z g\u0142\u0119bi\u0105 zielonego kryszta\u0142u. To bi\u017cuteria, kt\u00f3ra przypomina, \u017ce prawdziwa ochrona i nadzieja p\u0142yn\u0105 z wn\u0119trza, a ka\u017cdy ruch serca mo\u017ce roz\u015bwietla\u0107 \u015bwiat. Twoja Muza szepcze, \u017ce w otoczeniu si\u0142y kryje si\u0119 czu\u0142o\u015b\u0107 i pewno\u015b\u0107 siebie. No\u015b nadziej\u0119 blisko serca.\" \/>\n<meta property=\"og:url\" content=\"https:\/\/www.dostrajamy.com\/en\/product\/wisiorek-serce-tarczy-muza-nadziei\/\" \/>\n<meta property=\"og:site_name\" content=\"DomiSol - Dostrajamy\" \/>\n<meta property=\"article:publisher\" content=\"https:\/\/www.facebook.com\/domisol.dostrajamy\" \/>\n<meta property=\"article:modified_time\" content=\"2025-09-21T08:55:06+00:00\" \/>\n<meta property=\"og:image\" content=\"https:\/\/www.dostrajamy.com\/wp-content\/uploads\/2025\/09\/IMG_3800.webp\" \/>\n\t<meta property=\"og:image:width\" content=\"1332\" \/>\n\t<meta property=\"og:image:height\" content=\"1332\" \/>\n\t<meta property=\"og:image:type\" content=\"image\/webp\" \/>\n<meta name=\"twitter:card\" content=\"summary_large_image\" \/>\n<script type=\"application\/ld+json\" class=\"yoast-schema-graph\">{\"@context\":\"https:\/\/schema.org\",\"@graph\":[{\"@type\":\"WebPage\",\"@id\":\"https:\/\/www.dostrajamy.com\/produkt\/wisiorek-serce-tarczy-muza-nadziei\/\",\"url\":\"https:\/\/www.dostrajamy.com\/produkt\/wisiorek-serce-tarczy-muza-nadziei\/\",\"name\":\"Wisiorek Serce Tarczy \u2013 Muza Nadziei - DomiSol - Dostrajamy\",\"isPartOf\":{\"@id\":\"https:\/\/www.dostrajamy.com\/#website\"},\"primaryImageOfPage\":{\"@id\":\"https:\/\/www.dostrajamy.com\/produkt\/wisiorek-serce-tarczy-muza-nadziei\/#primaryimage\"},\"image\":{\"@id\":\"https:\/\/www.dostrajamy.com\/produkt\/wisiorek-serce-tarczy-muza-nadziei\/#primaryimage\"},\"thumbnailUrl\":\"https:\/\/www.dostrajamy.com\/wp-content\/uploads\/2025\/09\/IMG_3800.webp\",\"datePublished\":\"2025-09-10T18:42:52+00:00\",\"dateModified\":\"2025-09-21T08:55:06+00:00\",\"breadcrumb\":{\"@id\":\"https:\/\/www.dostrajamy.com\/produkt\/wisiorek-serce-tarczy-muza-nadziei\/#breadcrumb\"},\"inLanguage\":\"en-GB\",\"potentialAction\":[{\"@type\":\"ReadAction\",\"target\":[\"https:\/\/www.dostrajamy.com\/produkt\/wisiorek-serce-tarczy-muza-nadziei\/\"]}]},{\"@type\":\"ImageObject\",\"inLanguage\":\"en-GB\",\"@id\":\"https:\/\/www.dostrajamy.com\/produkt\/wisiorek-serce-tarczy-muza-nadziei\/#primaryimage\",\"url\":\"https:\/\/www.dostrajamy.com\/wp-content\/uploads\/2025\/09\/IMG_3800.webp\",\"contentUrl\":\"https:\/\/www.dostrajamy.com\/wp-content\/uploads\/2025\/09\/IMG_3800.webp\",\"width\":1332,\"height\":1332},{\"@type\":\"BreadcrumbList\",\"@id\":\"https:\/\/www.dostrajamy.com\/produkt\/wisiorek-serce-tarczy-muza-nadziei\/#breadcrumb\",\"itemListElement\":[{\"@type\":\"ListItem\",\"position\":1,\"name\":\"Strona g\u0142\u00f3wna\",\"item\":\"https:\/\/www.dostrajamy.com\/\"},{\"@type\":\"ListItem\",\"position\":2,\"name\":\"Sklep\",\"item\":\"https:\/\/www.dostrajamy.com\/sklep\/\"},{\"@type\":\"ListItem\",\"position\":3,\"name\":\"Wisiorek Serce Tarczy \u2013 Muza Nadziei\"}]},{\"@type\":\"WebSite\",\"@id\":\"https:\/\/www.dostrajamy.com\/#website\",\"url\":\"https:\/\/www.dostrajamy.com\/\",\"name\":\"DomiSol - Dostrajamy\",\"description\":\"Dostr\u00f3j si\u0119 do siebie!\",\"publisher\":{\"@id\":\"https:\/\/www.dostrajamy.com\/#organization\"},\"potentialAction\":[{\"@type\":\"SearchAction\",\"target\":{\"@type\":\"EntryPoint\",\"urlTemplate\":\"https:\/\/www.dostrajamy.com\/?s={search_term_string}\"},\"query-input\":{\"@type\":\"PropertyValueSpecification\",\"valueRequired\":true,\"valueName\":\"search_term_string\"}}],\"inLanguage\":\"en-GB\"},{\"@type\":\"Organization\",\"@id\":\"https:\/\/www.dostrajamy.com\/#organization\",\"name\":\"DomiSol - Dostrajamy\",\"url\":\"https:\/\/www.dostrajamy.com\/\",\"logo\":{\"@type\":\"ImageObject\",\"inLanguage\":\"en-GB\",\"@id\":\"https:\/\/www.dostrajamy.com\/#\/schema\/logo\/image\/\",\"url\":\"https:\/\/www.dostrajamy.com\/wp-content\/uploads\/2025\/02\/cropped-Logo_poziom-1-scaled.png\",\"contentUrl\":\"https:\/\/www.dostrajamy.com\/wp-content\/uploads\/2025\/02\/cropped-Logo_poziom-1-scaled.png\",\"width\":2560,\"height\":453,\"caption\":\"DomiSol - Dostrajamy\"},\"image\":{\"@id\":\"https:\/\/www.dostrajamy.com\/#\/schema\/logo\/image\/\"},\"sameAs\":[\"https:\/\/www.facebook.com\/domisol.dostrajamy\",\"https:\/\/www.instagram.com\/domisol.dostrajamy\",\"https:\/\/www.youtube.com\/@dostrajamy\",\"https:\/\/open.spotify.com\/show\/5je85cYoaCcWGNo7Nwz2iW?si=1c15f6eb977f4f3d&nd=1&dlsi=d2ab15e5d6624979\"]}]}<\/script>\n<!-- \/ Yoast SEO plugin. -->","yoast_head_json":{"title":"Wisiorek Serce Tarczy \u2013 Muza Nadziei - DomiSol - Dostrajamy","robots":{"index":"index","follow":"follow","max-snippet":"max-snippet:-1","max-image-preview":"max-image-preview:large","max-video-preview":"max-video-preview:-1"},"canonical":"https:\/\/www.dostrajamy.com\/en\/product\/wisiorek-serce-tarczy-muza-nadziei\/","og_locale":"en_GB","og_type":"article","og_title":"Wisiorek Serce Tarczy \u2013 Muza Nadziei - DomiSol - Dostrajamy","og_description":"Wisiorek Serce Tarczy \u2013 Muza Nadziei Jak talizman przynosz\u0105cy spok\u00f3j i odwag\u0119 \u2013 wisiorek \u201eSerce Tarczy \u2013 Muza Nadziei\u201d \u0142\u0105czy si\u0142\u0119 z\u0142otej tarczy z g\u0142\u0119bi\u0105 zielonego kryszta\u0142u. To bi\u017cuteria, kt\u00f3ra przypomina, \u017ce prawdziwa ochrona i nadzieja p\u0142yn\u0105 z wn\u0119trza, a ka\u017cdy ruch serca mo\u017ce roz\u015bwietla\u0107 \u015bwiat. Twoja Muza szepcze, \u017ce w otoczeniu si\u0142y kryje si\u0119 czu\u0142o\u015b\u0107 i pewno\u015b\u0107 siebie. No\u015b nadziej\u0119 blisko serca.","og_url":"https:\/\/www.dostrajamy.com\/en\/product\/wisiorek-serce-tarczy-muza-nadziei\/","og_site_name":"DomiSol - Dostrajamy","article_publisher":"https:\/\/www.facebook.com\/domisol.dostrajamy","article_modified_time":"2025-09-21T08:55:06+00:00","og_image":[{"width":1332,"height":1332,"url":"https:\/\/www.dostrajamy.com\/wp-content\/uploads\/2025\/09\/IMG_3800.webp","type":"image\/webp"}],"twitter_card":"summary_large_image","schema":{"@context":"https:\/\/schema.org","@graph":[{"@type":"WebPage","@id":"https:\/\/www.dostrajamy.com\/produkt\/wisiorek-serce-tarczy-muza-nadziei\/","url":"https:\/\/www.dostrajamy.com\/produkt\/wisiorek-serce-tarczy-muza-nadziei\/","name":"Wisiorek Serce Tarczy \u2013 Muza Nadziei - DomiSol - Dostrajamy","isPartOf":{"@id":"https:\/\/www.dostrajamy.com\/#website"},"primaryImageOfPage":{"@id":"https:\/\/www.dostrajamy.com\/produkt\/wisiorek-serce-tarczy-muza-nadziei\/#primaryimage"},"image":{"@id":"https:\/\/www.dostrajamy.com\/produkt\/wisiorek-serce-tarczy-muza-nadziei\/#primaryimage"},"thumbnailUrl":"https:\/\/www.dostrajamy.com\/wp-content\/uploads\/2025\/09\/IMG_3800.webp","datePublished":"2025-09-10T18:42:52+00:00","dateModified":"2025-09-21T08:55:06+00:00","breadcrumb":{"@id":"https:\/\/www.dostrajamy.com\/produkt\/wisiorek-serce-tarczy-muza-nadziei\/#breadcrumb"},"inLanguage":"en-GB","potentialAction":[{"@type":"ReadAction","target":["https:\/\/www.dostrajamy.com\/produkt\/wisiorek-serce-tarczy-muza-nadziei\/"]}]},{"@type":"ImageObject","inLanguage":"en-GB","@id":"https:\/\/www.dostrajamy.com\/produkt\/wisiorek-serce-tarczy-muza-nadziei\/#primaryimage","url":"https:\/\/www.dostrajamy.com\/wp-content\/uploads\/2025\/09\/IMG_3800.webp","contentUrl":"https:\/\/www.dostrajamy.com\/wp-content\/uploads\/2025\/09\/IMG_3800.webp","width":1332,"height":1332},{"@type":"BreadcrumbList","@id":"https:\/\/www.dostrajamy.com\/produkt\/wisiorek-serce-tarczy-muza-nadziei\/#breadcrumb","itemListElement":[{"@type":"ListItem","position":1,"name":"Strona g\u0142\u00f3wna","item":"https:\/\/www.dostrajamy.com\/"},{"@type":"ListItem","position":2,"name":"Sklep","item":"https:\/\/www.dostrajamy.com\/sklep\/"},{"@type":"ListItem","position":3,"name":"Wisiorek Serce Tarczy \u2013 Muza Nadziei"}]},{"@type":"WebSite","@id":"https:\/\/www.dostrajamy.com\/#website","url":"https:\/\/www.dostrajamy.com\/","name":"DomiSol - Dostrajamy","description":"Tune in to yourself!","publisher":{"@id":"https:\/\/www.dostrajamy.com\/#organization"},"potentialAction":[{"@type":"SearchAction","target":{"@type":"EntryPoint","urlTemplate":"https:\/\/www.dostrajamy.com\/?s={search_term_string}"},"query-input":{"@type":"PropertyValueSpecification","valueRequired":true,"valueName":"search_term_string"}}],"inLanguage":"en-GB"},{"@type":"Organization","@id":"https:\/\/www.dostrajamy.com\/#organization","name":"DomiSol - Dostrajamy","url":"https:\/\/www.dostrajamy.com\/","logo":{"@type":"ImageObject","inLanguage":"en-GB","@id":"https:\/\/www.dostrajamy.com\/#\/schema\/logo\/image\/","url":"https:\/\/www.dostrajamy.com\/wp-content\/uploads\/2025\/02\/cropped-Logo_poziom-1-scaled.png","contentUrl":"https:\/\/www.dostrajamy.com\/wp-content\/uploads\/2025\/02\/cropped-Logo_poziom-1-scaled.png","width":2560,"height":453,"caption":"DomiSol - Dostrajamy"},"image":{"@id":"https:\/\/www.dostrajamy.com\/#\/schema\/logo\/image\/"},"sameAs":["https:\/\/www.facebook.com\/domisol.dostrajamy","https:\/\/www.instagram.com\/domisol.dostrajamy","https:\/\/www.youtube.com\/@dostrajamy","https:\/\/open.spotify.com\/show\/5je85cYoaCcWGNo7Nwz2iW?si=1c15f6eb977f4f3d&nd=1&dlsi=d2ab15e5d6624979"]}]}},"_links":{"self":[{"href":"https:\/\/www.dostrajamy.com\/en\/wp-json\/wp\/v2\/product\/3610","targetHints":{"allow":["GET"]}}],"collection":[{"href":"https:\/\/www.dostrajamy.com\/en\/wp-json\/wp\/v2\/product"}],"about":[{"href":"https:\/\/www.dostrajamy.com\/en\/wp-json\/wp\/v2\/types\/product"}],"replies":[{"embeddable":true,"href":"https:\/\/www.dostrajamy.com\/en\/wp-json\/wp\/v2\/comments?post=3610"}],"wp:featuredmedia":[{"embeddable":true,"href":"https:\/\/www.dostrajamy.com\/en\/wp-json\/wp\/v2\/media\/3519"}],"wp:attachment":[{"href":"https:\/\/www.dostrajamy.com\/en\/wp-json\/wp\/v2\/media?parent=3610"}],"wp:term":[{"taxonomy":"product_brand","embeddable":true,"href":"https:\/\/www.dostrajamy.com\/en\/wp-json\/wp\/v2\/product_brand?post=3610"},{"taxonomy":"product_cat","embeddable":true,"href":"https:\/\/www.dostrajamy.com\/en\/wp-json\/wp\/v2\/product_cat?post=3610"},{"taxonomy":"product_tag","embeddable":true,"href":"https:\/\/www.dostrajamy.com\/en\/wp-json\/wp\/v2\/product_tag?post=3610"}],"curies":[{"name":"wp","href":"https:\/\/api.w.org\/{rel}","templated":true}]}}