{"id":3612,"date":"2025-09-10T18:47:12","date_gmt":"2025-09-10T18:47:12","guid":{"rendered":"https:\/\/www.dostrajamy.com\/?post_type=product&#038;p=3612"},"modified":"2025-12-20T16:15:00","modified_gmt":"2025-12-20T16:15:00","slug":"unique-hand-carved-earrings-with-crystal","status":"publish","type":"product","link":"https:\/\/www.dostrajamy.com\/en\/product\/unique-hand-carved-earrings-with-crystal\/","title":{"rendered":"Delicacy Flower Earrings - Muse of Subtlety"},"content":{"rendered":"<h3 data-start=\"979\" data-end=\"1242\">Sensitive information:<\/h3>\n<ul>\n<li data-start=\"539\" data-end=\"571\">\n<p data-start=\"541\" data-end=\"571\"><strong data-start=\"541\" data-end=\"550\">Form<\/strong>: Kolczyki z rze\u017abionym ornamentem w kszta\u0142cie kwiatowym.<\/p>\n<\/li>\n<li data-start=\"572\" data-end=\"634\">\n<p data-start=\"574\" data-end=\"634\"><strong data-start=\"574\" data-end=\"586\">Material<\/strong>: brass.<\/p>\n<\/li>\n<li data-start=\"716\" data-end=\"775\">\n<p data-start=\"718\" data-end=\"775\"><strong data-start=\"718\" data-end=\"727\">Detail<\/strong>: Szmaragdowy kryszta\u0142 zwisaj\u0105cy z ornamentu.<\/p>\n<\/li>\n<li data-start=\"776\" data-end=\"845\">\n<p data-start=\"778\" data-end=\"845\"><strong data-start=\"778\" data-end=\"793\">Origins<\/strong>: handmade in Athens, at the Kalliope workshop.<\/p>\n<\/li>\n<\/ul>","protected":false},"excerpt":{"rendered":"<p data-start=\"77\" data-end=\"509\">Jak kwiat rozwijaj\u0105cy si\u0119 o poranku \u2013 kolczyki \u201eKwiat Delikatno\u015bci \u2013 Muza Subtelno\u015bci\u201d emanuj\u0105 kobiec\u0105 mi\u0119kko\u015bci\u0105 i wdzi\u0119kiem. Rze\u017abiony w mosi\u0105dzu ornament przypomina p\u0142atki kwiat\u00f3w, kt\u00f3re otulaj\u0105 \u015bwiat\u0142o. Z nich lekko zwisa szmaragdowy kryszta\u0142, mieni\u0105cy si\u0119 przy ka\u017cdym ruchu niczym kropla rosy na p\u0142atku. To bi\u017cuteria, kt\u00f3ra opowiada o subtelno\u015bci i sile p\u0142yn\u0105cej z delikatno\u015bci \u2013 pi\u0119knie wyra\u017conej, widocznej i prawdziwej.<\/p>\n<p data-start=\"511\" data-end=\"578\">Otw\u00f3rz si\u0119 jak kwiat \u2013 i pozw\u00f3l subtelno\u015bci prowadzi\u0107.<\/p>","protected":false},"featured_media":4972,"comment_status":"open","ping_status":"closed","template":"","meta":{"_eb_attr":""},"product_brand":[],"product_cat":[57,36],"product_tag":[68,70,69,71],"class_list":{"0":"post-3612","1":"product","2":"type-product","3":"status-publish","4":"has-post-thumbnail","6":"product_cat-grecka-bizuteria","7":"product_cat-kolczyki","8":"product_tag-bizuteria","9":"product_tag-fashion-jewelry","10":"product_tag-kolczyki","11":"product_tag-mosiadz","13":"first","14":"instock","15":"shipping-taxable","16":"purchasable","17":"product-type-simple"},"yoast_head":"<!-- This site is optimized with the Yoast SEO plugin v26.6 - https:\/\/yoast.com\/wordpress\/plugins\/seo\/ -->\n<title>Kolczyki Kwiat Delikatno\u015bci \u2013 Muza Subtelno\u015bci - DomiSol - Dostrajamy<\/title>\n<meta name=\"robots\" content=\"index, follow, max-snippet:-1, max-image-preview:large, max-video-preview:-1\" \/>\n<link rel=\"canonical\" href=\"https:\/\/www.dostrajamy.com\/en\/product\/unique-hand-carved-earrings-with-crystal\/\" \/>\n<meta property=\"og:locale\" content=\"en_GB\" \/>\n<meta property=\"og:type\" content=\"article\" \/>\n<meta property=\"og:title\" content=\"Kolczyki Kwiat Delikatno\u015bci \u2013 Muza Subtelno\u015bci - DomiSol - Dostrajamy\" \/>\n<meta property=\"og:description\" content=\"Jak kwiat rozwijaj\u0105cy si\u0119 o poranku \u2013 kolczyki \u201eKwiat Delikatno\u015bci \u2013 Muza Subtelno\u015bci\u201d emanuj\u0105 kobiec\u0105 mi\u0119kko\u015bci\u0105 i wdzi\u0119kiem. Rze\u017abiony w mosi\u0105dzu ornament przypomina p\u0142atki kwiat\u00f3w, kt\u00f3re otulaj\u0105 \u015bwiat\u0142o. Z nich lekko zwisa szmaragdowy kryszta\u0142, mieni\u0105cy si\u0119 przy ka\u017cdym ruchu niczym kropla rosy na p\u0142atku. To bi\u017cuteria, kt\u00f3ra opowiada o subtelno\u015bci i sile p\u0142yn\u0105cej z delikatno\u015bci \u2013 pi\u0119knie wyra\u017conej, widocznej i prawdziwej. Otw\u00f3rz si\u0119 jak kwiat \u2013 i pozw\u00f3l subtelno\u015bci prowadzi\u0107.\" \/>\n<meta property=\"og:url\" content=\"https:\/\/www.dostrajamy.com\/en\/product\/unique-hand-carved-earrings-with-crystal\/\" \/>\n<meta property=\"og:site_name\" content=\"DomiSol - Dostrajamy\" \/>\n<meta property=\"article:publisher\" content=\"https:\/\/www.facebook.com\/domisol.dostrajamy\" \/>\n<meta property=\"article:modified_time\" content=\"2025-12-20T16:15:00+00:00\" \/>\n<meta property=\"og:image\" content=\"https:\/\/www.dostrajamy.com\/wp-content\/uploads\/2025\/12\/IMG_5977-scaled.jpeg\" \/>\n\t<meta property=\"og:image:width\" content=\"1920\" \/>\n\t<meta property=\"og:image:height\" content=\"2560\" \/>\n\t<meta property=\"og:image:type\" content=\"image\/jpeg\" \/>\n<meta name=\"twitter:card\" content=\"summary_large_image\" \/>\n<meta name=\"twitter:label1\" content=\"Estimated reading time\" \/>\n\t<meta name=\"twitter:data1\" content=\"1 minute\" \/>\n<script type=\"application\/ld+json\" class=\"yoast-schema-graph\">{\"@context\":\"https:\/\/schema.org\",\"@graph\":[{\"@type\":\"WebPage\",\"@id\":\"https:\/\/www.dostrajamy.com\/produkt\/wyjatkowe-recznie-rzezbione-kolczyki-z-krysztalem\/\",\"url\":\"https:\/\/www.dostrajamy.com\/produkt\/wyjatkowe-recznie-rzezbione-kolczyki-z-krysztalem\/\",\"name\":\"Kolczyki Kwiat Delikatno\u015bci \u2013 Muza Subtelno\u015bci - DomiSol - Dostrajamy\",\"isPartOf\":{\"@id\":\"https:\/\/www.dostrajamy.com\/#website\"},\"primaryImageOfPage\":{\"@id\":\"https:\/\/www.dostrajamy.com\/produkt\/wyjatkowe-recznie-rzezbione-kolczyki-z-krysztalem\/#primaryimage\"},\"image\":{\"@id\":\"https:\/\/www.dostrajamy.com\/produkt\/wyjatkowe-recznie-rzezbione-kolczyki-z-krysztalem\/#primaryimage\"},\"thumbnailUrl\":\"https:\/\/www.dostrajamy.com\/wp-content\/uploads\/2025\/12\/IMG_5977-scaled.jpeg\",\"datePublished\":\"2025-09-10T18:47:12+00:00\",\"dateModified\":\"2025-12-20T16:15:00+00:00\",\"breadcrumb\":{\"@id\":\"https:\/\/www.dostrajamy.com\/produkt\/wyjatkowe-recznie-rzezbione-kolczyki-z-krysztalem\/#breadcrumb\"},\"inLanguage\":\"en-GB\",\"potentialAction\":[{\"@type\":\"ReadAction\",\"target\":[\"https:\/\/www.dostrajamy.com\/produkt\/wyjatkowe-recznie-rzezbione-kolczyki-z-krysztalem\/\"]}]},{\"@type\":\"ImageObject\",\"inLanguage\":\"en-GB\",\"@id\":\"https:\/\/www.dostrajamy.com\/produkt\/wyjatkowe-recznie-rzezbione-kolczyki-z-krysztalem\/#primaryimage\",\"url\":\"https:\/\/www.dostrajamy.com\/wp-content\/uploads\/2025\/12\/IMG_5977-scaled.jpeg\",\"contentUrl\":\"https:\/\/www.dostrajamy.com\/wp-content\/uploads\/2025\/12\/IMG_5977-scaled.jpeg\",\"width\":1920,\"height\":2560},{\"@type\":\"BreadcrumbList\",\"@id\":\"https:\/\/www.dostrajamy.com\/produkt\/wyjatkowe-recznie-rzezbione-kolczyki-z-krysztalem\/#breadcrumb\",\"itemListElement\":[{\"@type\":\"ListItem\",\"position\":1,\"name\":\"Strona g\u0142\u00f3wna\",\"item\":\"https:\/\/www.dostrajamy.com\/\"},{\"@type\":\"ListItem\",\"position\":2,\"name\":\"Sklep\",\"item\":\"https:\/\/www.dostrajamy.com\/sklep\/\"},{\"@type\":\"ListItem\",\"position\":3,\"name\":\"Kolczyki Kwiat Delikatno\u015bci \u2013 Muza Subtelno\u015bci\"}]},{\"@type\":\"WebSite\",\"@id\":\"https:\/\/www.dostrajamy.com\/#website\",\"url\":\"https:\/\/www.dostrajamy.com\/\",\"name\":\"DomiSol - Dostrajamy\",\"description\":\"Dostr\u00f3j si\u0119 do siebie!\",\"publisher\":{\"@id\":\"https:\/\/www.dostrajamy.com\/#organization\"},\"potentialAction\":[{\"@type\":\"SearchAction\",\"target\":{\"@type\":\"EntryPoint\",\"urlTemplate\":\"https:\/\/www.dostrajamy.com\/?s={search_term_string}\"},\"query-input\":{\"@type\":\"PropertyValueSpecification\",\"valueRequired\":true,\"valueName\":\"search_term_string\"}}],\"inLanguage\":\"en-GB\"},{\"@type\":\"Organization\",\"@id\":\"https:\/\/www.dostrajamy.com\/#organization\",\"name\":\"DomiSol - Dostrajamy\",\"url\":\"https:\/\/www.dostrajamy.com\/\",\"logo\":{\"@type\":\"ImageObject\",\"inLanguage\":\"en-GB\",\"@id\":\"https:\/\/www.dostrajamy.com\/#\/schema\/logo\/image\/\",\"url\":\"https:\/\/www.dostrajamy.com\/wp-content\/uploads\/2025\/02\/cropped-Logo_poziom-1-scaled.png\",\"contentUrl\":\"https:\/\/www.dostrajamy.com\/wp-content\/uploads\/2025\/02\/cropped-Logo_poziom-1-scaled.png\",\"width\":2560,\"height\":453,\"caption\":\"DomiSol - Dostrajamy\"},\"image\":{\"@id\":\"https:\/\/www.dostrajamy.com\/#\/schema\/logo\/image\/\"},\"sameAs\":[\"https:\/\/www.facebook.com\/domisol.dostrajamy\",\"https:\/\/www.instagram.com\/domisol.dostrajamy\",\"https:\/\/www.youtube.com\/@dostrajamy\",\"https:\/\/open.spotify.com\/show\/5je85cYoaCcWGNo7Nwz2iW?si=1c15f6eb977f4f3d&nd=1&dlsi=d2ab15e5d6624979\"]}]}<\/script>\n<!-- \/ Yoast SEO plugin. -->","yoast_head_json":{"title":"Kolczyki Kwiat Delikatno\u015bci \u2013 Muza Subtelno\u015bci - DomiSol - Dostrajamy","robots":{"index":"index","follow":"follow","max-snippet":"max-snippet:-1","max-image-preview":"max-image-preview:large","max-video-preview":"max-video-preview:-1"},"canonical":"https:\/\/www.dostrajamy.com\/en\/product\/unique-hand-carved-earrings-with-crystal\/","og_locale":"en_GB","og_type":"article","og_title":"Kolczyki Kwiat Delikatno\u015bci \u2013 Muza Subtelno\u015bci - DomiSol - Dostrajamy","og_description":"Jak kwiat rozwijaj\u0105cy si\u0119 o poranku \u2013 kolczyki \u201eKwiat Delikatno\u015bci \u2013 Muza Subtelno\u015bci\u201d emanuj\u0105 kobiec\u0105 mi\u0119kko\u015bci\u0105 i wdzi\u0119kiem. Rze\u017abiony w mosi\u0105dzu ornament przypomina p\u0142atki kwiat\u00f3w, kt\u00f3re otulaj\u0105 \u015bwiat\u0142o. Z nich lekko zwisa szmaragdowy kryszta\u0142, mieni\u0105cy si\u0119 przy ka\u017cdym ruchu niczym kropla rosy na p\u0142atku. To bi\u017cuteria, kt\u00f3ra opowiada o subtelno\u015bci i sile p\u0142yn\u0105cej z delikatno\u015bci \u2013 pi\u0119knie wyra\u017conej, widocznej i prawdziwej. Otw\u00f3rz si\u0119 jak kwiat \u2013 i pozw\u00f3l subtelno\u015bci prowadzi\u0107.","og_url":"https:\/\/www.dostrajamy.com\/en\/product\/unique-hand-carved-earrings-with-crystal\/","og_site_name":"DomiSol - Dostrajamy","article_publisher":"https:\/\/www.facebook.com\/domisol.dostrajamy","article_modified_time":"2025-12-20T16:15:00+00:00","og_image":[{"width":1920,"height":2560,"url":"https:\/\/www.dostrajamy.com\/wp-content\/uploads\/2025\/12\/IMG_5977-scaled.jpeg","type":"image\/jpeg"}],"twitter_card":"summary_large_image","twitter_misc":{"Estimated reading time":"1 minute"},"schema":{"@context":"https:\/\/schema.org","@graph":[{"@type":"WebPage","@id":"https:\/\/www.dostrajamy.com\/produkt\/wyjatkowe-recznie-rzezbione-kolczyki-z-krysztalem\/","url":"https:\/\/www.dostrajamy.com\/produkt\/wyjatkowe-recznie-rzezbione-kolczyki-z-krysztalem\/","name":"Kolczyki Kwiat Delikatno\u015bci \u2013 Muza Subtelno\u015bci - DomiSol - Dostrajamy","isPartOf":{"@id":"https:\/\/www.dostrajamy.com\/#website"},"primaryImageOfPage":{"@id":"https:\/\/www.dostrajamy.com\/produkt\/wyjatkowe-recznie-rzezbione-kolczyki-z-krysztalem\/#primaryimage"},"image":{"@id":"https:\/\/www.dostrajamy.com\/produkt\/wyjatkowe-recznie-rzezbione-kolczyki-z-krysztalem\/#primaryimage"},"thumbnailUrl":"https:\/\/www.dostrajamy.com\/wp-content\/uploads\/2025\/12\/IMG_5977-scaled.jpeg","datePublished":"2025-09-10T18:47:12+00:00","dateModified":"2025-12-20T16:15:00+00:00","breadcrumb":{"@id":"https:\/\/www.dostrajamy.com\/produkt\/wyjatkowe-recznie-rzezbione-kolczyki-z-krysztalem\/#breadcrumb"},"inLanguage":"en-GB","potentialAction":[{"@type":"ReadAction","target":["https:\/\/www.dostrajamy.com\/produkt\/wyjatkowe-recznie-rzezbione-kolczyki-z-krysztalem\/"]}]},{"@type":"ImageObject","inLanguage":"en-GB","@id":"https:\/\/www.dostrajamy.com\/produkt\/wyjatkowe-recznie-rzezbione-kolczyki-z-krysztalem\/#primaryimage","url":"https:\/\/www.dostrajamy.com\/wp-content\/uploads\/2025\/12\/IMG_5977-scaled.jpeg","contentUrl":"https:\/\/www.dostrajamy.com\/wp-content\/uploads\/2025\/12\/IMG_5977-scaled.jpeg","width":1920,"height":2560},{"@type":"BreadcrumbList","@id":"https:\/\/www.dostrajamy.com\/produkt\/wyjatkowe-recznie-rzezbione-kolczyki-z-krysztalem\/#breadcrumb","itemListElement":[{"@type":"ListItem","position":1,"name":"Strona g\u0142\u00f3wna","item":"https:\/\/www.dostrajamy.com\/"},{"@type":"ListItem","position":2,"name":"Sklep","item":"https:\/\/www.dostrajamy.com\/sklep\/"},{"@type":"ListItem","position":3,"name":"Kolczyki Kwiat Delikatno\u015bci \u2013 Muza Subtelno\u015bci"}]},{"@type":"WebSite","@id":"https:\/\/www.dostrajamy.com\/#website","url":"https:\/\/www.dostrajamy.com\/","name":"DomiSol - Dostrajamy","description":"Tune in to yourself!","publisher":{"@id":"https:\/\/www.dostrajamy.com\/#organization"},"potentialAction":[{"@type":"SearchAction","target":{"@type":"EntryPoint","urlTemplate":"https:\/\/www.dostrajamy.com\/?s={search_term_string}"},"query-input":{"@type":"PropertyValueSpecification","valueRequired":true,"valueName":"search_term_string"}}],"inLanguage":"en-GB"},{"@type":"Organization","@id":"https:\/\/www.dostrajamy.com\/#organization","name":"DomiSol - Dostrajamy","url":"https:\/\/www.dostrajamy.com\/","logo":{"@type":"ImageObject","inLanguage":"en-GB","@id":"https:\/\/www.dostrajamy.com\/#\/schema\/logo\/image\/","url":"https:\/\/www.dostrajamy.com\/wp-content\/uploads\/2025\/02\/cropped-Logo_poziom-1-scaled.png","contentUrl":"https:\/\/www.dostrajamy.com\/wp-content\/uploads\/2025\/02\/cropped-Logo_poziom-1-scaled.png","width":2560,"height":453,"caption":"DomiSol - Dostrajamy"},"image":{"@id":"https:\/\/www.dostrajamy.com\/#\/schema\/logo\/image\/"},"sameAs":["https:\/\/www.facebook.com\/domisol.dostrajamy","https:\/\/www.instagram.com\/domisol.dostrajamy","https:\/\/www.youtube.com\/@dostrajamy","https:\/\/open.spotify.com\/show\/5je85cYoaCcWGNo7Nwz2iW?si=1c15f6eb977f4f3d&nd=1&dlsi=d2ab15e5d6624979"]}]}},"_links":{"self":[{"href":"https:\/\/www.dostrajamy.com\/en\/wp-json\/wp\/v2\/product\/3612","targetHints":{"allow":["GET"]}}],"collection":[{"href":"https:\/\/www.dostrajamy.com\/en\/wp-json\/wp\/v2\/product"}],"about":[{"href":"https:\/\/www.dostrajamy.com\/en\/wp-json\/wp\/v2\/types\/product"}],"replies":[{"embeddable":true,"href":"https:\/\/www.dostrajamy.com\/en\/wp-json\/wp\/v2\/comments?post=3612"}],"wp:featuredmedia":[{"embeddable":true,"href":"https:\/\/www.dostrajamy.com\/en\/wp-json\/wp\/v2\/media\/4972"}],"wp:attachment":[{"href":"https:\/\/www.dostrajamy.com\/en\/wp-json\/wp\/v2\/media?parent=3612"}],"wp:term":[{"taxonomy":"product_brand","embeddable":true,"href":"https:\/\/www.dostrajamy.com\/en\/wp-json\/wp\/v2\/product_brand?post=3612"},{"taxonomy":"product_cat","embeddable":true,"href":"https:\/\/www.dostrajamy.com\/en\/wp-json\/wp\/v2\/product_cat?post=3612"},{"taxonomy":"product_tag","embeddable":true,"href":"https:\/\/www.dostrajamy.com\/en\/wp-json\/wp\/v2\/product_tag?post=3612"}],"curies":[{"name":"wp","href":"https:\/\/api.w.org\/{rel}","templated":true}]}}