{"id":3618,"date":"2025-09-11T10:54:43","date_gmt":"2025-09-11T10:54:43","guid":{"rendered":"https:\/\/www.dostrajamy.com\/?post_type=product&#038;p=3618"},"modified":"2025-09-11T11:08:53","modified_gmt":"2025-09-11T11:08:53","slug":"kolczyki-oczy-glebi-muza-introspekcji","status":"publish","type":"product","link":"https:\/\/www.dostrajamy.com\/en\/product\/kolczyki-oczy-glebi-muza-introspekcji\/","title":{"rendered":"Deep Eyes Earrings - Muse of Introspection"},"content":{"rendered":"<h3 data-start=\"979\" data-end=\"1242\">Sensitive information:<\/h3>\n<ul>\n<li data-start=\"621\" data-end=\"697\">\n<p data-start=\"623\" data-end=\"697\"><strong data-start=\"623\" data-end=\"632\">Form<\/strong>: Kolczyki w kszta\u0142cie tr\u00f3jk\u0105ta.<\/p>\n<\/li>\n<li data-start=\"698\" data-end=\"767\">\n<p data-start=\"700\" data-end=\"767\"><strong data-start=\"700\" data-end=\"712\">Material<\/strong>: brass.<\/p>\n<\/li>\n<li data-start=\"768\" data-end=\"834\">\n<p data-start=\"770\" data-end=\"834\"><strong data-start=\"770\" data-end=\"785\">Finishing<\/strong>: Tr\u00f3jk\u0105tny pokryty czarn\u0105 oksydacj\u0105 kszta\u0142t.<\/p>\n<\/li>\n<li data-start=\"835\" data-end=\"926\">\n<p data-start=\"837\" data-end=\"926\"><strong data-start=\"837\" data-end=\"846\">Detail<\/strong>: Centralne niebieskie \u201eoko\u201d z \u017cywicy.<\/p>\n<\/li>\n<li data-start=\"927\" data-end=\"996\">\n<p data-start=\"929\" data-end=\"996\"><strong data-start=\"929\" data-end=\"944\">Origins<\/strong>: handmade in Athens, at the Kalliope workshop.<\/p>\n<\/li>\n<\/ul>","protected":false},"excerpt":{"rendered":"<h3 data-start=\"0\" data-end=\"52\">Deep Eyes Earrings - Muse of Introspection<\/h3>\n<p data-start=\"75\" data-end=\"502\">Spojrzenie, kt\u00f3re przenika i zatrzymuje oddech \u2013 kolczyki \u201eOczy G\u0142\u0119bi \u2013 Muza Introspekcji\u201d przyci\u0105gaj\u0105 uwag\u0119 swoj\u0105 symboliczn\u0105 moc\u0105. Czarna, tr\u00f3jk\u0105tna forma kryszta\u0142u otula b\u0142\u0119kitne \u201eoko\u201d z \u017cywicy, a z\u0142oty mosi\u0105dz, ukszta\u0142towany niczym fragment nosa, dope\u0142nia kompozycj\u0119, tworz\u0105c intensywne, przeszywaj\u0105ce wra\u017cenie. To bi\u017cuteria, kt\u00f3ra przypomina, \u017ce wewn\u0119trzna si\u0142a i spojrzenie pe\u0142ne \u015bwiadomo\u015bci s\u0105 \u017ar\u00f3d\u0142em prawdziwej mocy.<\/p>\n<p data-start=\"504\" data-end=\"563\"><strong>Pozw\u00f3l, by Twoje spojrzenie przenika\u0142o g\u0142\u0119bie.<\/strong><\/p>","protected":false},"featured_media":3551,"comment_status":"open","ping_status":"closed","template":"","meta":{"_eb_attr":""},"product_brand":[],"product_cat":[57,36],"product_tag":[68,70,69,71],"class_list":{"0":"post-3618","1":"product","2":"type-product","3":"status-publish","4":"has-post-thumbnail","6":"product_cat-grecka-bizuteria","7":"product_cat-kolczyki","8":"product_tag-bizuteria","9":"product_tag-fashion-jewelry","10":"product_tag-kolczyki","11":"product_tag-mosiadz","13":"first","14":"instock","15":"shipping-taxable","16":"purchasable","17":"product-type-simple"},"yoast_head":"<!-- This site is optimized with the Yoast SEO plugin v26.6 - https:\/\/yoast.com\/wordpress\/plugins\/seo\/ -->\n<title>Kolczyki Oczy G\u0142\u0119bi \u2013 Muza Introspekcji - DomiSol - Dostrajamy<\/title>\n<meta name=\"robots\" content=\"index, follow, max-snippet:-1, max-image-preview:large, max-video-preview:-1\" \/>\n<link rel=\"canonical\" href=\"https:\/\/www.dostrajamy.com\/en\/product\/kolczyki-oczy-glebi-muza-introspekcji\/\" \/>\n<meta property=\"og:locale\" content=\"en_GB\" \/>\n<meta property=\"og:type\" content=\"article\" \/>\n<meta property=\"og:title\" content=\"Kolczyki Oczy G\u0142\u0119bi \u2013 Muza Introspekcji - DomiSol - Dostrajamy\" \/>\n<meta property=\"og:description\" content=\"Kolczyki Oczy G\u0142\u0119bi \u2013 Muza Introspekcji Spojrzenie, kt\u00f3re przenika i zatrzymuje oddech \u2013 kolczyki \u201eOczy G\u0142\u0119bi \u2013 Muza Introspekcji\u201d przyci\u0105gaj\u0105 uwag\u0119 swoj\u0105 symboliczn\u0105 moc\u0105. Czarna, tr\u00f3jk\u0105tna forma kryszta\u0142u otula b\u0142\u0119kitne \u201eoko\u201d z \u017cywicy, a z\u0142oty mosi\u0105dz, ukszta\u0142towany niczym fragment nosa, dope\u0142nia kompozycj\u0119, tworz\u0105c intensywne, przeszywaj\u0105ce wra\u017cenie. To bi\u017cuteria, kt\u00f3ra przypomina, \u017ce wewn\u0119trzna si\u0142a i spojrzenie pe\u0142ne \u015bwiadomo\u015bci s\u0105 \u017ar\u00f3d\u0142em prawdziwej mocy. Pozw\u00f3l, by Twoje spojrzenie przenika\u0142o g\u0142\u0119bie.\" \/>\n<meta property=\"og:url\" content=\"https:\/\/www.dostrajamy.com\/en\/product\/kolczyki-oczy-glebi-muza-introspekcji\/\" \/>\n<meta property=\"og:site_name\" content=\"DomiSol - Dostrajamy\" \/>\n<meta property=\"article:publisher\" content=\"https:\/\/www.facebook.com\/domisol.dostrajamy\" \/>\n<meta property=\"article:modified_time\" content=\"2025-09-11T11:08:53+00:00\" \/>\n<meta property=\"og:image\" content=\"https:\/\/www.dostrajamy.com\/wp-content\/uploads\/2025\/09\/IMG_3755.webp\" \/>\n\t<meta property=\"og:image:width\" content=\"1200\" \/>\n\t<meta property=\"og:image:height\" content=\"1200\" \/>\n\t<meta property=\"og:image:type\" content=\"image\/webp\" \/>\n<meta name=\"twitter:card\" content=\"summary_large_image\" \/>\n<script type=\"application\/ld+json\" class=\"yoast-schema-graph\">{\"@context\":\"https:\/\/schema.org\",\"@graph\":[{\"@type\":\"WebPage\",\"@id\":\"https:\/\/www.dostrajamy.com\/produkt\/kolczyki-oczy-glebi-muza-introspekcji\/\",\"url\":\"https:\/\/www.dostrajamy.com\/produkt\/kolczyki-oczy-glebi-muza-introspekcji\/\",\"name\":\"Kolczyki Oczy G\u0142\u0119bi \u2013 Muza Introspekcji - DomiSol - Dostrajamy\",\"isPartOf\":{\"@id\":\"https:\/\/www.dostrajamy.com\/#website\"},\"primaryImageOfPage\":{\"@id\":\"https:\/\/www.dostrajamy.com\/produkt\/kolczyki-oczy-glebi-muza-introspekcji\/#primaryimage\"},\"image\":{\"@id\":\"https:\/\/www.dostrajamy.com\/produkt\/kolczyki-oczy-glebi-muza-introspekcji\/#primaryimage\"},\"thumbnailUrl\":\"https:\/\/www.dostrajamy.com\/wp-content\/uploads\/2025\/09\/IMG_3755.webp\",\"datePublished\":\"2025-09-11T10:54:43+00:00\",\"dateModified\":\"2025-09-11T11:08:53+00:00\",\"breadcrumb\":{\"@id\":\"https:\/\/www.dostrajamy.com\/produkt\/kolczyki-oczy-glebi-muza-introspekcji\/#breadcrumb\"},\"inLanguage\":\"en-GB\",\"potentialAction\":[{\"@type\":\"ReadAction\",\"target\":[\"https:\/\/www.dostrajamy.com\/produkt\/kolczyki-oczy-glebi-muza-introspekcji\/\"]}]},{\"@type\":\"ImageObject\",\"inLanguage\":\"en-GB\",\"@id\":\"https:\/\/www.dostrajamy.com\/produkt\/kolczyki-oczy-glebi-muza-introspekcji\/#primaryimage\",\"url\":\"https:\/\/www.dostrajamy.com\/wp-content\/uploads\/2025\/09\/IMG_3755.webp\",\"contentUrl\":\"https:\/\/www.dostrajamy.com\/wp-content\/uploads\/2025\/09\/IMG_3755.webp\",\"width\":1200,\"height\":1200},{\"@type\":\"BreadcrumbList\",\"@id\":\"https:\/\/www.dostrajamy.com\/produkt\/kolczyki-oczy-glebi-muza-introspekcji\/#breadcrumb\",\"itemListElement\":[{\"@type\":\"ListItem\",\"position\":1,\"name\":\"Strona g\u0142\u00f3wna\",\"item\":\"https:\/\/www.dostrajamy.com\/\"},{\"@type\":\"ListItem\",\"position\":2,\"name\":\"Sklep\",\"item\":\"https:\/\/www.dostrajamy.com\/sklep\/\"},{\"@type\":\"ListItem\",\"position\":3,\"name\":\"Kolczyki Oczy G\u0142\u0119bi \u2013 Muza Introspekcji\"}]},{\"@type\":\"WebSite\",\"@id\":\"https:\/\/www.dostrajamy.com\/#website\",\"url\":\"https:\/\/www.dostrajamy.com\/\",\"name\":\"DomiSol - Dostrajamy\",\"description\":\"Dostr\u00f3j si\u0119 do siebie!\",\"publisher\":{\"@id\":\"https:\/\/www.dostrajamy.com\/#organization\"},\"potentialAction\":[{\"@type\":\"SearchAction\",\"target\":{\"@type\":\"EntryPoint\",\"urlTemplate\":\"https:\/\/www.dostrajamy.com\/?s={search_term_string}\"},\"query-input\":{\"@type\":\"PropertyValueSpecification\",\"valueRequired\":true,\"valueName\":\"search_term_string\"}}],\"inLanguage\":\"en-GB\"},{\"@type\":\"Organization\",\"@id\":\"https:\/\/www.dostrajamy.com\/#organization\",\"name\":\"DomiSol - Dostrajamy\",\"url\":\"https:\/\/www.dostrajamy.com\/\",\"logo\":{\"@type\":\"ImageObject\",\"inLanguage\":\"en-GB\",\"@id\":\"https:\/\/www.dostrajamy.com\/#\/schema\/logo\/image\/\",\"url\":\"https:\/\/www.dostrajamy.com\/wp-content\/uploads\/2025\/02\/cropped-Logo_poziom-1-scaled.png\",\"contentUrl\":\"https:\/\/www.dostrajamy.com\/wp-content\/uploads\/2025\/02\/cropped-Logo_poziom-1-scaled.png\",\"width\":2560,\"height\":453,\"caption\":\"DomiSol - Dostrajamy\"},\"image\":{\"@id\":\"https:\/\/www.dostrajamy.com\/#\/schema\/logo\/image\/\"},\"sameAs\":[\"https:\/\/www.facebook.com\/domisol.dostrajamy\",\"https:\/\/www.instagram.com\/domisol.dostrajamy\",\"https:\/\/www.youtube.com\/@dostrajamy\",\"https:\/\/open.spotify.com\/show\/5je85cYoaCcWGNo7Nwz2iW?si=1c15f6eb977f4f3d&nd=1&dlsi=d2ab15e5d6624979\"]}]}<\/script>\n<!-- \/ Yoast SEO plugin. -->","yoast_head_json":{"title":"Kolczyki Oczy G\u0142\u0119bi \u2013 Muza Introspekcji - DomiSol - Dostrajamy","robots":{"index":"index","follow":"follow","max-snippet":"max-snippet:-1","max-image-preview":"max-image-preview:large","max-video-preview":"max-video-preview:-1"},"canonical":"https:\/\/www.dostrajamy.com\/en\/product\/kolczyki-oczy-glebi-muza-introspekcji\/","og_locale":"en_GB","og_type":"article","og_title":"Kolczyki Oczy G\u0142\u0119bi \u2013 Muza Introspekcji - DomiSol - Dostrajamy","og_description":"Kolczyki Oczy G\u0142\u0119bi \u2013 Muza Introspekcji Spojrzenie, kt\u00f3re przenika i zatrzymuje oddech \u2013 kolczyki \u201eOczy G\u0142\u0119bi \u2013 Muza Introspekcji\u201d przyci\u0105gaj\u0105 uwag\u0119 swoj\u0105 symboliczn\u0105 moc\u0105. Czarna, tr\u00f3jk\u0105tna forma kryszta\u0142u otula b\u0142\u0119kitne \u201eoko\u201d z \u017cywicy, a z\u0142oty mosi\u0105dz, ukszta\u0142towany niczym fragment nosa, dope\u0142nia kompozycj\u0119, tworz\u0105c intensywne, przeszywaj\u0105ce wra\u017cenie. To bi\u017cuteria, kt\u00f3ra przypomina, \u017ce wewn\u0119trzna si\u0142a i spojrzenie pe\u0142ne \u015bwiadomo\u015bci s\u0105 \u017ar\u00f3d\u0142em prawdziwej mocy. Pozw\u00f3l, by Twoje spojrzenie przenika\u0142o g\u0142\u0119bie.","og_url":"https:\/\/www.dostrajamy.com\/en\/product\/kolczyki-oczy-glebi-muza-introspekcji\/","og_site_name":"DomiSol - Dostrajamy","article_publisher":"https:\/\/www.facebook.com\/domisol.dostrajamy","article_modified_time":"2025-09-11T11:08:53+00:00","og_image":[{"width":1200,"height":1200,"url":"https:\/\/www.dostrajamy.com\/wp-content\/uploads\/2025\/09\/IMG_3755.webp","type":"image\/webp"}],"twitter_card":"summary_large_image","schema":{"@context":"https:\/\/schema.org","@graph":[{"@type":"WebPage","@id":"https:\/\/www.dostrajamy.com\/produkt\/kolczyki-oczy-glebi-muza-introspekcji\/","url":"https:\/\/www.dostrajamy.com\/produkt\/kolczyki-oczy-glebi-muza-introspekcji\/","name":"Kolczyki Oczy G\u0142\u0119bi \u2013 Muza Introspekcji - DomiSol - Dostrajamy","isPartOf":{"@id":"https:\/\/www.dostrajamy.com\/#website"},"primaryImageOfPage":{"@id":"https:\/\/www.dostrajamy.com\/produkt\/kolczyki-oczy-glebi-muza-introspekcji\/#primaryimage"},"image":{"@id":"https:\/\/www.dostrajamy.com\/produkt\/kolczyki-oczy-glebi-muza-introspekcji\/#primaryimage"},"thumbnailUrl":"https:\/\/www.dostrajamy.com\/wp-content\/uploads\/2025\/09\/IMG_3755.webp","datePublished":"2025-09-11T10:54:43+00:00","dateModified":"2025-09-11T11:08:53+00:00","breadcrumb":{"@id":"https:\/\/www.dostrajamy.com\/produkt\/kolczyki-oczy-glebi-muza-introspekcji\/#breadcrumb"},"inLanguage":"en-GB","potentialAction":[{"@type":"ReadAction","target":["https:\/\/www.dostrajamy.com\/produkt\/kolczyki-oczy-glebi-muza-introspekcji\/"]}]},{"@type":"ImageObject","inLanguage":"en-GB","@id":"https:\/\/www.dostrajamy.com\/produkt\/kolczyki-oczy-glebi-muza-introspekcji\/#primaryimage","url":"https:\/\/www.dostrajamy.com\/wp-content\/uploads\/2025\/09\/IMG_3755.webp","contentUrl":"https:\/\/www.dostrajamy.com\/wp-content\/uploads\/2025\/09\/IMG_3755.webp","width":1200,"height":1200},{"@type":"BreadcrumbList","@id":"https:\/\/www.dostrajamy.com\/produkt\/kolczyki-oczy-glebi-muza-introspekcji\/#breadcrumb","itemListElement":[{"@type":"ListItem","position":1,"name":"Strona g\u0142\u00f3wna","item":"https:\/\/www.dostrajamy.com\/"},{"@type":"ListItem","position":2,"name":"Sklep","item":"https:\/\/www.dostrajamy.com\/sklep\/"},{"@type":"ListItem","position":3,"name":"Kolczyki Oczy G\u0142\u0119bi \u2013 Muza Introspekcji"}]},{"@type":"WebSite","@id":"https:\/\/www.dostrajamy.com\/#website","url":"https:\/\/www.dostrajamy.com\/","name":"DomiSol - Dostrajamy","description":"Tune in to yourself!","publisher":{"@id":"https:\/\/www.dostrajamy.com\/#organization"},"potentialAction":[{"@type":"SearchAction","target":{"@type":"EntryPoint","urlTemplate":"https:\/\/www.dostrajamy.com\/?s={search_term_string}"},"query-input":{"@type":"PropertyValueSpecification","valueRequired":true,"valueName":"search_term_string"}}],"inLanguage":"en-GB"},{"@type":"Organization","@id":"https:\/\/www.dostrajamy.com\/#organization","name":"DomiSol - Dostrajamy","url":"https:\/\/www.dostrajamy.com\/","logo":{"@type":"ImageObject","inLanguage":"en-GB","@id":"https:\/\/www.dostrajamy.com\/#\/schema\/logo\/image\/","url":"https:\/\/www.dostrajamy.com\/wp-content\/uploads\/2025\/02\/cropped-Logo_poziom-1-scaled.png","contentUrl":"https:\/\/www.dostrajamy.com\/wp-content\/uploads\/2025\/02\/cropped-Logo_poziom-1-scaled.png","width":2560,"height":453,"caption":"DomiSol - Dostrajamy"},"image":{"@id":"https:\/\/www.dostrajamy.com\/#\/schema\/logo\/image\/"},"sameAs":["https:\/\/www.facebook.com\/domisol.dostrajamy","https:\/\/www.instagram.com\/domisol.dostrajamy","https:\/\/www.youtube.com\/@dostrajamy","https:\/\/open.spotify.com\/show\/5je85cYoaCcWGNo7Nwz2iW?si=1c15f6eb977f4f3d&nd=1&dlsi=d2ab15e5d6624979"]}]}},"_links":{"self":[{"href":"https:\/\/www.dostrajamy.com\/en\/wp-json\/wp\/v2\/product\/3618","targetHints":{"allow":["GET"]}}],"collection":[{"href":"https:\/\/www.dostrajamy.com\/en\/wp-json\/wp\/v2\/product"}],"about":[{"href":"https:\/\/www.dostrajamy.com\/en\/wp-json\/wp\/v2\/types\/product"}],"replies":[{"embeddable":true,"href":"https:\/\/www.dostrajamy.com\/en\/wp-json\/wp\/v2\/comments?post=3618"}],"wp:featuredmedia":[{"embeddable":true,"href":"https:\/\/www.dostrajamy.com\/en\/wp-json\/wp\/v2\/media\/3551"}],"wp:attachment":[{"href":"https:\/\/www.dostrajamy.com\/en\/wp-json\/wp\/v2\/media?parent=3618"}],"wp:term":[{"taxonomy":"product_brand","embeddable":true,"href":"https:\/\/www.dostrajamy.com\/en\/wp-json\/wp\/v2\/product_brand?post=3618"},{"taxonomy":"product_cat","embeddable":true,"href":"https:\/\/www.dostrajamy.com\/en\/wp-json\/wp\/v2\/product_cat?post=3618"},{"taxonomy":"product_tag","embeddable":true,"href":"https:\/\/www.dostrajamy.com\/en\/wp-json\/wp\/v2\/product_tag?post=3618"}],"curies":[{"name":"wp","href":"https:\/\/api.w.org\/{rel}","templated":true}]}}