{"id":4101,"date":"2025-11-07T18:13:05","date_gmt":"2025-11-07T18:13:05","guid":{"rendered":"https:\/\/www.dostrajamy.com\/?post_type=product&#038;p=4101"},"modified":"2025-11-07T18:25:48","modified_gmt":"2025-11-07T18:25:48","slug":"jewellery-blouse-joy","status":"publish","type":"product","link":"https:\/\/www.dostrajamy.com\/en\/product\/jewellery-blouse-joy\/","title":{"rendered":"Jewelry Blouse \u201eJoy\u201d"},"content":{"rendered":"<p data-start=\"758\" data-end=\"1001\">Blouse <strong data-start=\"765\" data-end=\"775\">Rado\u015b\u0107<\/strong> to opowie\u015b\u0107 o swobodzie i \u015bwietle.<br data-start=\"810\" data-end=\"813\" \/>Jak \u015bwit, kt\u00f3ry rozlewa si\u0119 po sk\u00f3rze, przynosz\u0105c ciep\u0142o i spok\u00f3j.<br data-start=\"879\" data-end=\"882\" \/>Uszyta z naturalnej, 100% bawe\u0142ny barwionej technik\u0105 batiku \u2014 ka\u017cda jest niepowtarzalnym obrazem namalowanym s\u0142o\u0144cem.<\/p>\n<p data-start=\"1003\" data-end=\"1292\">Zanurz si\u0119 w jej mi\u0119kko\u015bci \u2014 szwy odsuni\u0119te daleko od cia\u0142a daj\u0105 przestrze\u0144, oddech, niewymuszony komfort.<br data-start=\"1109\" data-end=\"1112\" \/>Bi\u017cuteryjny detal mo\u017cesz nosi\u0107 z przodu lub z ty\u0142u, w zale\u017cno\u015bci od tego, gdzie dzi\u015b pulsuje Twoja energia.<br data-start=\"1219\" data-end=\"1222\" \/>To bluzka, kt\u00f3ra porusza si\u0119 z Tob\u0105 \u2014 w rytmie dnia, w rytmie \u017cycia.<\/p>\n<p data-start=\"1294\" data-end=\"1373\">Nie musisz nic robi\u0107, by l\u015bni\u0107.<br data-start=\"1325\" data-end=\"1328\" \/>Za\u0142\u00f3\u017c i roz\u015bwietl \u015bwiat swoim u\u015bmiechem. \ud83c\udf1e<\/p>\n<hr class=\"\" data-start=\"1542\" data-end=\"1545\" \/>\n<h3 data-start=\"106\" data-end=\"286\"><strong>\u2728<\/strong><strong data-start=\"1551\" data-end=\"1571\">Sensitive information:<\/strong><\/h3>\n<p><strong>- Material and fabric:<\/strong> Hand-painted using the batik technique by artists in Sri Lanka, 100% cotton, light and airy, comfortable.<\/p>\n<p><strong>- Jewellery: <\/strong>natural stones.<br \/>\n<strong>- Cut and fit: <\/strong>Bluzka jest w rozmiarze one size (obw\u00f3d maksymalny 222 cm, d\u0142ugo\u015b\u0107 56 cm), zawiera dopinan\u0105 bi\u017cuteri\u0119, kt\u00f3r\u0105 mo\u017cesz odpi\u0105\u0107 i cieszy\u0107 si\u0119 ni\u0105 na co dzie\u0144 w formie dw\u00f3ch bransoletek. Bluzk\u0119 mo\u017cna zak\u0142ada\u0107 jak na zdj\u0119ciach &#8211; r\u00f3wnie\u017c ty\u0142em do przodu.<\/p>\n<p><strong>- Functionality and style:<\/strong> The blouse gives comfort, allows the body to breathe and move freely, and can be worn in many ways.<br \/>\n<strong>- Creation:<\/strong> Designed and sewn in Poland with love and care. I create the blouses myself, from start to finish each piece is handmade by me.<\/p>\n<p>&nbsp;<\/p>\n<hr class=\"\" data-start=\"1542\" data-end=\"1545\" \/>\n<h3 class=\"\" data-start=\"1547\" data-end=\"1571\"><\/h3>\n<h3 data-start=\"106\" data-end=\"286\"><strong>\ud83c\udf3f\u2728 Care recommendations for your blouse:<\/strong><\/h3>\n<p>\ud83c\udf3f\u2728 So that your blouse can accompany you for years to come - like a talisman and a second skin - surround it with tenderness and attention:<br \/>\n- \ud83c\udf0a Detach the jewellery before washing. Hand wash in water up to 30\u00b0C, in a gentle mood, without harsh detergents.<br \/>\n- \ud83d\udca7 Avoid contact with scented liquids and perfumes - to keep the fabric clean.<br \/>\n- \ud83c\udf2c Iron on the left side, gently, as if you were stroking a memory.<br \/>\n- \ud83c\udf19 Don't bleach - wear the natural shade of your blouse as a song of your history.<br \/>\n- \u2600\ufe0f Dry in a natural rhythm - preferably flat or on a hanger, in the shade.<\/p>\n<p>This is a blouse created to live in rhythm with you - caring for it is like caring for your own story. Wrap yourself in it with care and let your moments together be like a dance of light and shadow.<\/p>\n<p>&nbsp;<\/p>\n<hr class=\"\" data-start=\"1542\" data-end=\"1545\" \/>\n<p>At DomiSol - Tuning in, I believe that every woman deserves clothing that not only adorns, but resonates with her movement, rhythm and story. A blouse is meant to flow with you, not against you. \u2728<\/p>\n<p>\ud83c\udf00 With the love of beauty and the senses<br \/>\nDomiSol<\/p>","protected":false},"excerpt":{"rendered":"<p>Rado\u015b\u0107 \u2014 jak poranek, kt\u00f3ry \u015bmieje si\u0119 s\u0142o\u0144cem.<br data-start=\"491\" data-end=\"494\" \/>Mi\u0119kka, lekka, roz\u015bwietlona blaskiem bi\u017cuterii, kt\u00f3r\u0105 mo\u017cesz nosi\u0107 z przodu lub z ty\u0142u \u2014 tak, jak czujesz.<br data-start=\"600\" data-end=\"603\" \/>Szwy daleko od cia\u0142a, przestrze\u0144 dla oddechu, dla Ciebie.<br data-start=\"660\" data-end=\"663\" \/>Za\u0142\u00f3\u017c i pozw\u00f3l, by Twoje serce zata\u0144czy\u0142o w \u015bwietle. \ud83c\udf1e<\/p>","protected":false},"featured_media":4051,"comment_status":"open","ping_status":"closed","template":"","meta":{"_eb_attr":""},"product_brand":[58],"product_cat":[128],"product_tag":[64,63,68,129,83,59,61,67],"class_list":{"0":"post-4101","1":"product","2":"type-product","3":"status-publish","4":"has-post-thumbnail","6":"product_brand-domisol","7":"product_cat-bizuteryjne-bluzki","8":"product_tag-batik","9":"product_tag-bawelna","10":"product_tag-bizuteria","11":"product_tag-bluzka","12":"product_tag-kobieta","13":"product_tag-moda","14":"product_tag-piekno","15":"product_tag-szata","17":"first","18":"instock","19":"shipping-taxable","20":"purchasable","21":"product-type-simple"},"yoast_head":"<!-- This site is optimized with the Yoast SEO plugin v26.6 - https:\/\/yoast.com\/wordpress\/plugins\/seo\/ -->\n<title>Bi\u017cuteryjna Bluzka &quot;Rado\u015b\u0107&quot; - DomiSol - Dostrajamy<\/title>\n<meta name=\"robots\" content=\"index, follow, max-snippet:-1, max-image-preview:large, max-video-preview:-1\" \/>\n<link rel=\"canonical\" href=\"https:\/\/www.dostrajamy.com\/en\/product\/jewellery-blouse-joy\/\" \/>\n<meta property=\"og:locale\" content=\"en_GB\" \/>\n<meta property=\"og:type\" content=\"article\" \/>\n<meta property=\"og:title\" content=\"Bi\u017cuteryjna Bluzka &quot;Rado\u015b\u0107&quot; - DomiSol - Dostrajamy\" \/>\n<meta property=\"og:description\" content=\"Rado\u015b\u0107 \u2014 jak poranek, kt\u00f3ry \u015bmieje si\u0119 s\u0142o\u0144cem.Mi\u0119kka, lekka, roz\u015bwietlona blaskiem bi\u017cuterii, kt\u00f3r\u0105 mo\u017cesz nosi\u0107 z przodu lub z ty\u0142u \u2014 tak, jak czujesz.Szwy daleko od cia\u0142a, przestrze\u0144 dla oddechu, dla Ciebie.Za\u0142\u00f3\u017c i pozw\u00f3l, by Twoje serce zata\u0144czy\u0142o w \u015bwietle. \ud83c\udf1e\" \/>\n<meta property=\"og:url\" content=\"https:\/\/www.dostrajamy.com\/en\/product\/jewellery-blouse-joy\/\" \/>\n<meta property=\"og:site_name\" content=\"DomiSol - Dostrajamy\" \/>\n<meta property=\"article:publisher\" content=\"https:\/\/www.facebook.com\/domisol.dostrajamy\" \/>\n<meta property=\"article:modified_time\" content=\"2025-11-07T18:25:48+00:00\" \/>\n<meta property=\"og:image\" content=\"https:\/\/www.dostrajamy.com\/wp-content\/uploads\/2025\/10\/DSC_0483-scaled.jpg\" \/>\n\t<meta property=\"og:image:width\" content=\"1707\" \/>\n\t<meta property=\"og:image:height\" content=\"2560\" \/>\n\t<meta property=\"og:image:type\" content=\"image\/jpeg\" \/>\n<meta name=\"twitter:card\" content=\"summary_large_image\" \/>\n<meta name=\"twitter:label1\" content=\"Estimated reading time\" \/>\n\t<meta name=\"twitter:data1\" content=\"2 minutes\" \/>\n<script type=\"application\/ld+json\" class=\"yoast-schema-graph\">{\"@context\":\"https:\/\/schema.org\",\"@graph\":[{\"@type\":\"WebPage\",\"@id\":\"https:\/\/www.dostrajamy.com\/produkt\/bizuteryjna-bluzka-radosc\/\",\"url\":\"https:\/\/www.dostrajamy.com\/produkt\/bizuteryjna-bluzka-radosc\/\",\"name\":\"Bi\u017cuteryjna Bluzka \\\"Rado\u015b\u0107\\\" - DomiSol - Dostrajamy\",\"isPartOf\":{\"@id\":\"https:\/\/www.dostrajamy.com\/#website\"},\"primaryImageOfPage\":{\"@id\":\"https:\/\/www.dostrajamy.com\/produkt\/bizuteryjna-bluzka-radosc\/#primaryimage\"},\"image\":{\"@id\":\"https:\/\/www.dostrajamy.com\/produkt\/bizuteryjna-bluzka-radosc\/#primaryimage\"},\"thumbnailUrl\":\"https:\/\/www.dostrajamy.com\/wp-content\/uploads\/2025\/10\/DSC_0483-scaled.jpg\",\"datePublished\":\"2025-11-07T18:13:05+00:00\",\"dateModified\":\"2025-11-07T18:25:48+00:00\",\"breadcrumb\":{\"@id\":\"https:\/\/www.dostrajamy.com\/produkt\/bizuteryjna-bluzka-radosc\/#breadcrumb\"},\"inLanguage\":\"en-GB\",\"potentialAction\":[{\"@type\":\"ReadAction\",\"target\":[\"https:\/\/www.dostrajamy.com\/produkt\/bizuteryjna-bluzka-radosc\/\"]}]},{\"@type\":\"ImageObject\",\"inLanguage\":\"en-GB\",\"@id\":\"https:\/\/www.dostrajamy.com\/produkt\/bizuteryjna-bluzka-radosc\/#primaryimage\",\"url\":\"https:\/\/www.dostrajamy.com\/wp-content\/uploads\/2025\/10\/DSC_0483-scaled.jpg\",\"contentUrl\":\"https:\/\/www.dostrajamy.com\/wp-content\/uploads\/2025\/10\/DSC_0483-scaled.jpg\",\"width\":1707,\"height\":2560},{\"@type\":\"BreadcrumbList\",\"@id\":\"https:\/\/www.dostrajamy.com\/produkt\/bizuteryjna-bluzka-radosc\/#breadcrumb\",\"itemListElement\":[{\"@type\":\"ListItem\",\"position\":1,\"name\":\"Strona g\u0142\u00f3wna\",\"item\":\"https:\/\/www.dostrajamy.com\/\"},{\"@type\":\"ListItem\",\"position\":2,\"name\":\"Sklep\",\"item\":\"https:\/\/www.dostrajamy.com\/sklep\/\"},{\"@type\":\"ListItem\",\"position\":3,\"name\":\"Bi\u017cuteryjna Bluzka &#8222;Rado\u015b\u0107&#8221;\"}]},{\"@type\":\"WebSite\",\"@id\":\"https:\/\/www.dostrajamy.com\/#website\",\"url\":\"https:\/\/www.dostrajamy.com\/\",\"name\":\"DomiSol - Dostrajamy\",\"description\":\"Dostr\u00f3j si\u0119 do siebie!\",\"publisher\":{\"@id\":\"https:\/\/www.dostrajamy.com\/#organization\"},\"potentialAction\":[{\"@type\":\"SearchAction\",\"target\":{\"@type\":\"EntryPoint\",\"urlTemplate\":\"https:\/\/www.dostrajamy.com\/?s={search_term_string}\"},\"query-input\":{\"@type\":\"PropertyValueSpecification\",\"valueRequired\":true,\"valueName\":\"search_term_string\"}}],\"inLanguage\":\"en-GB\"},{\"@type\":\"Organization\",\"@id\":\"https:\/\/www.dostrajamy.com\/#organization\",\"name\":\"DomiSol - Dostrajamy\",\"url\":\"https:\/\/www.dostrajamy.com\/\",\"logo\":{\"@type\":\"ImageObject\",\"inLanguage\":\"en-GB\",\"@id\":\"https:\/\/www.dostrajamy.com\/#\/schema\/logo\/image\/\",\"url\":\"https:\/\/www.dostrajamy.com\/wp-content\/uploads\/2025\/02\/cropped-Logo_poziom-1-scaled.png\",\"contentUrl\":\"https:\/\/www.dostrajamy.com\/wp-content\/uploads\/2025\/02\/cropped-Logo_poziom-1-scaled.png\",\"width\":2560,\"height\":453,\"caption\":\"DomiSol - Dostrajamy\"},\"image\":{\"@id\":\"https:\/\/www.dostrajamy.com\/#\/schema\/logo\/image\/\"},\"sameAs\":[\"https:\/\/www.facebook.com\/domisol.dostrajamy\",\"https:\/\/www.instagram.com\/domisol.dostrajamy\",\"https:\/\/www.youtube.com\/@dostrajamy\",\"https:\/\/open.spotify.com\/show\/5je85cYoaCcWGNo7Nwz2iW?si=1c15f6eb977f4f3d&nd=1&dlsi=d2ab15e5d6624979\"]}]}<\/script>\n<!-- \/ Yoast SEO plugin. -->","yoast_head_json":{"title":"Bi\u017cuteryjna Bluzka \"Rado\u015b\u0107\" - DomiSol - Dostrajamy","robots":{"index":"index","follow":"follow","max-snippet":"max-snippet:-1","max-image-preview":"max-image-preview:large","max-video-preview":"max-video-preview:-1"},"canonical":"https:\/\/www.dostrajamy.com\/en\/product\/jewellery-blouse-joy\/","og_locale":"en_GB","og_type":"article","og_title":"Bi\u017cuteryjna Bluzka \"Rado\u015b\u0107\" - DomiSol - Dostrajamy","og_description":"Rado\u015b\u0107 \u2014 jak poranek, kt\u00f3ry \u015bmieje si\u0119 s\u0142o\u0144cem.Mi\u0119kka, lekka, roz\u015bwietlona blaskiem bi\u017cuterii, kt\u00f3r\u0105 mo\u017cesz nosi\u0107 z przodu lub z ty\u0142u \u2014 tak, jak czujesz.Szwy daleko od cia\u0142a, przestrze\u0144 dla oddechu, dla Ciebie.Za\u0142\u00f3\u017c i pozw\u00f3l, by Twoje serce zata\u0144czy\u0142o w \u015bwietle. \ud83c\udf1e","og_url":"https:\/\/www.dostrajamy.com\/en\/product\/jewellery-blouse-joy\/","og_site_name":"DomiSol - Dostrajamy","article_publisher":"https:\/\/www.facebook.com\/domisol.dostrajamy","article_modified_time":"2025-11-07T18:25:48+00:00","og_image":[{"width":1707,"height":2560,"url":"https:\/\/www.dostrajamy.com\/wp-content\/uploads\/2025\/10\/DSC_0483-scaled.jpg","type":"image\/jpeg"}],"twitter_card":"summary_large_image","twitter_misc":{"Estimated reading time":"2 minutes"},"schema":{"@context":"https:\/\/schema.org","@graph":[{"@type":"WebPage","@id":"https:\/\/www.dostrajamy.com\/produkt\/bizuteryjna-bluzka-radosc\/","url":"https:\/\/www.dostrajamy.com\/produkt\/bizuteryjna-bluzka-radosc\/","name":"Bi\u017cuteryjna Bluzka \"Rado\u015b\u0107\" - DomiSol - Dostrajamy","isPartOf":{"@id":"https:\/\/www.dostrajamy.com\/#website"},"primaryImageOfPage":{"@id":"https:\/\/www.dostrajamy.com\/produkt\/bizuteryjna-bluzka-radosc\/#primaryimage"},"image":{"@id":"https:\/\/www.dostrajamy.com\/produkt\/bizuteryjna-bluzka-radosc\/#primaryimage"},"thumbnailUrl":"https:\/\/www.dostrajamy.com\/wp-content\/uploads\/2025\/10\/DSC_0483-scaled.jpg","datePublished":"2025-11-07T18:13:05+00:00","dateModified":"2025-11-07T18:25:48+00:00","breadcrumb":{"@id":"https:\/\/www.dostrajamy.com\/produkt\/bizuteryjna-bluzka-radosc\/#breadcrumb"},"inLanguage":"en-GB","potentialAction":[{"@type":"ReadAction","target":["https:\/\/www.dostrajamy.com\/produkt\/bizuteryjna-bluzka-radosc\/"]}]},{"@type":"ImageObject","inLanguage":"en-GB","@id":"https:\/\/www.dostrajamy.com\/produkt\/bizuteryjna-bluzka-radosc\/#primaryimage","url":"https:\/\/www.dostrajamy.com\/wp-content\/uploads\/2025\/10\/DSC_0483-scaled.jpg","contentUrl":"https:\/\/www.dostrajamy.com\/wp-content\/uploads\/2025\/10\/DSC_0483-scaled.jpg","width":1707,"height":2560},{"@type":"BreadcrumbList","@id":"https:\/\/www.dostrajamy.com\/produkt\/bizuteryjna-bluzka-radosc\/#breadcrumb","itemListElement":[{"@type":"ListItem","position":1,"name":"Strona g\u0142\u00f3wna","item":"https:\/\/www.dostrajamy.com\/"},{"@type":"ListItem","position":2,"name":"Sklep","item":"https:\/\/www.dostrajamy.com\/sklep\/"},{"@type":"ListItem","position":3,"name":"Bi\u017cuteryjna Bluzka &#8222;Rado\u015b\u0107&#8221;"}]},{"@type":"WebSite","@id":"https:\/\/www.dostrajamy.com\/#website","url":"https:\/\/www.dostrajamy.com\/","name":"DomiSol - Dostrajamy","description":"Tune in to yourself!","publisher":{"@id":"https:\/\/www.dostrajamy.com\/#organization"},"potentialAction":[{"@type":"SearchAction","target":{"@type":"EntryPoint","urlTemplate":"https:\/\/www.dostrajamy.com\/?s={search_term_string}"},"query-input":{"@type":"PropertyValueSpecification","valueRequired":true,"valueName":"search_term_string"}}],"inLanguage":"en-GB"},{"@type":"Organization","@id":"https:\/\/www.dostrajamy.com\/#organization","name":"DomiSol - Dostrajamy","url":"https:\/\/www.dostrajamy.com\/","logo":{"@type":"ImageObject","inLanguage":"en-GB","@id":"https:\/\/www.dostrajamy.com\/#\/schema\/logo\/image\/","url":"https:\/\/www.dostrajamy.com\/wp-content\/uploads\/2025\/02\/cropped-Logo_poziom-1-scaled.png","contentUrl":"https:\/\/www.dostrajamy.com\/wp-content\/uploads\/2025\/02\/cropped-Logo_poziom-1-scaled.png","width":2560,"height":453,"caption":"DomiSol - Dostrajamy"},"image":{"@id":"https:\/\/www.dostrajamy.com\/#\/schema\/logo\/image\/"},"sameAs":["https:\/\/www.facebook.com\/domisol.dostrajamy","https:\/\/www.instagram.com\/domisol.dostrajamy","https:\/\/www.youtube.com\/@dostrajamy","https:\/\/open.spotify.com\/show\/5je85cYoaCcWGNo7Nwz2iW?si=1c15f6eb977f4f3d&nd=1&dlsi=d2ab15e5d6624979"]}]}},"_links":{"self":[{"href":"https:\/\/www.dostrajamy.com\/en\/wp-json\/wp\/v2\/product\/4101","targetHints":{"allow":["GET"]}}],"collection":[{"href":"https:\/\/www.dostrajamy.com\/en\/wp-json\/wp\/v2\/product"}],"about":[{"href":"https:\/\/www.dostrajamy.com\/en\/wp-json\/wp\/v2\/types\/product"}],"replies":[{"embeddable":true,"href":"https:\/\/www.dostrajamy.com\/en\/wp-json\/wp\/v2\/comments?post=4101"}],"wp:featuredmedia":[{"embeddable":true,"href":"https:\/\/www.dostrajamy.com\/en\/wp-json\/wp\/v2\/media\/4051"}],"wp:attachment":[{"href":"https:\/\/www.dostrajamy.com\/en\/wp-json\/wp\/v2\/media?parent=4101"}],"wp:term":[{"taxonomy":"product_brand","embeddable":true,"href":"https:\/\/www.dostrajamy.com\/en\/wp-json\/wp\/v2\/product_brand?post=4101"},{"taxonomy":"product_cat","embeddable":true,"href":"https:\/\/www.dostrajamy.com\/en\/wp-json\/wp\/v2\/product_cat?post=4101"},{"taxonomy":"product_tag","embeddable":true,"href":"https:\/\/www.dostrajamy.com\/en\/wp-json\/wp\/v2\/product_tag?post=4101"}],"curies":[{"name":"wp","href":"https:\/\/api.w.org\/{rel}","templated":true}]}}