{"id":4427,"date":"2025-12-08T20:08:08","date_gmt":"2025-12-08T20:08:08","guid":{"rendered":"https:\/\/www.dostrajamy.com\/?post_type=product&#038;p=4427"},"modified":"2025-12-10T09:09:43","modified_gmt":"2025-12-10T09:09:43","slug":"bracelet-light-show-muse-of-brilliance","status":"publish","type":"product","link":"https:\/\/www.dostrajamy.com\/en\/product\/bracelet-light-show-muse-of-brilliance\/","title":{"rendered":"Bracelet \u201eLight Show - Muse of Brilliance\u201d"},"content":{"rendered":"<h3 data-start=\"689\" data-end=\"983\">Sensitive information:<\/h3>\n<ul>\n<li data-start=\"542\" data-end=\"606\">\n<p data-start=\"544\" data-end=\"606\"><strong data-start=\"544\" data-end=\"553\">Form<\/strong>: Cuff bracelet with central resin.<\/p>\n<\/li>\n<li data-start=\"607\" data-end=\"665\">\n<p data-start=\"609\" data-end=\"665\"><strong data-start=\"609\" data-end=\"621\">Material<\/strong>: Brass, tinted resin, crystals.<\/p>\n<\/li>\n<li data-start=\"666\" data-end=\"723\">\n<p data-start=\"668\" data-end=\"723\"><strong data-start=\"668\" data-end=\"683\">Finishing<\/strong>: Hand-polished, subtle shine.<\/p>\n<\/li>\n<li data-start=\"724\" data-end=\"801\">\n<p data-start=\"726\" data-end=\"801\"><strong data-start=\"726\" data-end=\"735\">Detail<\/strong>: Central resin, surrounded by multi-coloured Preciosa crystals.<\/p>\n<\/li>\n<li data-start=\"802\" data-end=\"871\">\n<p data-start=\"804\" data-end=\"871\"><strong data-start=\"804\" data-end=\"819\">Origins<\/strong>: Handmade in Athens, at the Kalliope studio.<\/p>\n<\/li>\n<\/ul>\n<p>&nbsp;<\/p>","protected":false},"excerpt":{"rendered":"<p data-start=\"74\" data-end=\"438\">Like an explosion of colour and brilliance - the \u201eLight Show - Muse of Brilliance\u201d bracelet combines a central resin with a surround of multi-coloured crystals that shimmer with every movement of the hand. It is a piece of jewellery full of energy and joy that reminds us that life is made up of small moments of light and colour. Your Muse whispers for you not to be afraid to shine and enjoy every ray.<\/p>\n<p data-start=\"440\" data-end=\"478\">Wear radiance with the rhythm of life.<\/p>","protected":false},"featured_media":4390,"comment_status":"open","ping_status":"closed","template":"","meta":{"_eb_attr":""},"product_brand":[],"product_cat":[57,41],"product_tag":[68,78,70,71],"class_list":{"0":"post-4427","1":"product","2":"type-product","3":"status-publish","4":"has-post-thumbnail","6":"product_cat-grecka-bizuteria","7":"product_cat-bransoletki","8":"product_tag-bizuteria","9":"product_tag-bransoletka","10":"product_tag-fashion-jewelry","11":"product_tag-mosiadz","13":"first","14":"instock","15":"shipping-taxable","16":"purchasable","17":"product-type-simple"},"yoast_head":"<!-- This site is optimized with the Yoast SEO plugin v26.6 - https:\/\/yoast.com\/wordpress\/plugins\/seo\/ -->\n<title>Bransoletka \u201ePokaz \u015awiate\u0142 - Muza Blasku\u201d - DomiSol - Dostrajamy<\/title>\n<meta name=\"robots\" content=\"index, follow, max-snippet:-1, max-image-preview:large, max-video-preview:-1\" \/>\n<link rel=\"canonical\" href=\"https:\/\/www.dostrajamy.com\/en\/product\/bracelet-light-show-muse-of-brilliance\/\" \/>\n<meta property=\"og:locale\" content=\"en_GB\" \/>\n<meta property=\"og:type\" content=\"article\" \/>\n<meta property=\"og:title\" content=\"Bransoletka \u201ePokaz \u015awiate\u0142 - Muza Blasku\u201d - DomiSol - Dostrajamy\" \/>\n<meta property=\"og:description\" content=\"Jak eksplozja barw i blasku \u2013 bransoletka \u201ePokaz \u015awiate\u0142 \u2013 Muza Blasku\u201d \u0142\u0105czy centraln\u0105 \u017cywic\u0119 z otoczeniem r\u00f3\u017cnokolorowych kryszta\u0142\u00f3w, kt\u00f3re migocz\u0105 przy ka\u017cdym ruchu r\u0119ki. To bi\u017cuteria pe\u0142na energii i rado\u015bci, kt\u00f3ra przypomina, \u017ce \u017cycie sk\u0142ada si\u0119 z drobnych moment\u00f3w \u015bwiat\u0142a i kolor\u00f3w. Twoja Muza szepcze, by\u015b nie ba\u0142a si\u0119 \u015bwieci\u0107 i cieszy\u0107 ka\u017cdym promieniem. No\u015b blask w rytmie \u017cycia.\" \/>\n<meta property=\"og:url\" content=\"https:\/\/www.dostrajamy.com\/en\/product\/bracelet-light-show-muse-of-brilliance\/\" \/>\n<meta property=\"og:site_name\" content=\"DomiSol - Dostrajamy\" \/>\n<meta property=\"article:publisher\" content=\"https:\/\/www.facebook.com\/domisol.dostrajamy\" \/>\n<meta property=\"article:modified_time\" content=\"2025-12-10T09:09:43+00:00\" \/>\n<meta property=\"og:image\" content=\"https:\/\/www.dostrajamy.com\/wp-content\/uploads\/2025\/12\/IMG_5512.webp\" \/>\n\t<meta property=\"og:image:width\" content=\"840\" \/>\n\t<meta property=\"og:image:height\" content=\"792\" \/>\n\t<meta property=\"og:image:type\" content=\"image\/webp\" \/>\n<meta name=\"twitter:card\" content=\"summary_large_image\" \/>\n<meta name=\"twitter:label1\" content=\"Estimated reading time\" \/>\n\t<meta name=\"twitter:data1\" content=\"1 minute\" \/>\n<script type=\"application\/ld+json\" class=\"yoast-schema-graph\">{\"@context\":\"https:\/\/schema.org\",\"@graph\":[{\"@type\":\"WebPage\",\"@id\":\"https:\/\/www.dostrajamy.com\/produkt\/bransoletka-pokaz-swiatel-muza-blasku\/\",\"url\":\"https:\/\/www.dostrajamy.com\/produkt\/bransoletka-pokaz-swiatel-muza-blasku\/\",\"name\":\"Bransoletka \u201ePokaz \u015awiate\u0142 - Muza Blasku\u201d - DomiSol - Dostrajamy\",\"isPartOf\":{\"@id\":\"https:\/\/www.dostrajamy.com\/#website\"},\"primaryImageOfPage\":{\"@id\":\"https:\/\/www.dostrajamy.com\/produkt\/bransoletka-pokaz-swiatel-muza-blasku\/#primaryimage\"},\"image\":{\"@id\":\"https:\/\/www.dostrajamy.com\/produkt\/bransoletka-pokaz-swiatel-muza-blasku\/#primaryimage\"},\"thumbnailUrl\":\"https:\/\/www.dostrajamy.com\/wp-content\/uploads\/2025\/12\/IMG_5512.webp\",\"datePublished\":\"2025-12-08T20:08:08+00:00\",\"dateModified\":\"2025-12-10T09:09:43+00:00\",\"breadcrumb\":{\"@id\":\"https:\/\/www.dostrajamy.com\/produkt\/bransoletka-pokaz-swiatel-muza-blasku\/#breadcrumb\"},\"inLanguage\":\"en-GB\",\"potentialAction\":[{\"@type\":\"ReadAction\",\"target\":[\"https:\/\/www.dostrajamy.com\/produkt\/bransoletka-pokaz-swiatel-muza-blasku\/\"]}]},{\"@type\":\"ImageObject\",\"inLanguage\":\"en-GB\",\"@id\":\"https:\/\/www.dostrajamy.com\/produkt\/bransoletka-pokaz-swiatel-muza-blasku\/#primaryimage\",\"url\":\"https:\/\/www.dostrajamy.com\/wp-content\/uploads\/2025\/12\/IMG_5512.webp\",\"contentUrl\":\"https:\/\/www.dostrajamy.com\/wp-content\/uploads\/2025\/12\/IMG_5512.webp\",\"width\":840,\"height\":792},{\"@type\":\"BreadcrumbList\",\"@id\":\"https:\/\/www.dostrajamy.com\/produkt\/bransoletka-pokaz-swiatel-muza-blasku\/#breadcrumb\",\"itemListElement\":[{\"@type\":\"ListItem\",\"position\":1,\"name\":\"Strona g\u0142\u00f3wna\",\"item\":\"https:\/\/www.dostrajamy.com\/\"},{\"@type\":\"ListItem\",\"position\":2,\"name\":\"Sklep\",\"item\":\"https:\/\/www.dostrajamy.com\/sklep\/\"},{\"@type\":\"ListItem\",\"position\":3,\"name\":\"Bransoletka \u201ePokaz \u015awiate\u0142 &#8211; Muza Blasku\u201d\"}]},{\"@type\":\"WebSite\",\"@id\":\"https:\/\/www.dostrajamy.com\/#website\",\"url\":\"https:\/\/www.dostrajamy.com\/\",\"name\":\"DomiSol - Dostrajamy\",\"description\":\"Dostr\u00f3j si\u0119 do siebie!\",\"publisher\":{\"@id\":\"https:\/\/www.dostrajamy.com\/#organization\"},\"potentialAction\":[{\"@type\":\"SearchAction\",\"target\":{\"@type\":\"EntryPoint\",\"urlTemplate\":\"https:\/\/www.dostrajamy.com\/?s={search_term_string}\"},\"query-input\":{\"@type\":\"PropertyValueSpecification\",\"valueRequired\":true,\"valueName\":\"search_term_string\"}}],\"inLanguage\":\"en-GB\"},{\"@type\":\"Organization\",\"@id\":\"https:\/\/www.dostrajamy.com\/#organization\",\"name\":\"DomiSol - Dostrajamy\",\"url\":\"https:\/\/www.dostrajamy.com\/\",\"logo\":{\"@type\":\"ImageObject\",\"inLanguage\":\"en-GB\",\"@id\":\"https:\/\/www.dostrajamy.com\/#\/schema\/logo\/image\/\",\"url\":\"https:\/\/www.dostrajamy.com\/wp-content\/uploads\/2025\/02\/cropped-Logo_poziom-1-scaled.png\",\"contentUrl\":\"https:\/\/www.dostrajamy.com\/wp-content\/uploads\/2025\/02\/cropped-Logo_poziom-1-scaled.png\",\"width\":2560,\"height\":453,\"caption\":\"DomiSol - Dostrajamy\"},\"image\":{\"@id\":\"https:\/\/www.dostrajamy.com\/#\/schema\/logo\/image\/\"},\"sameAs\":[\"https:\/\/www.facebook.com\/domisol.dostrajamy\",\"https:\/\/www.instagram.com\/domisol.dostrajamy\",\"https:\/\/www.youtube.com\/@dostrajamy\",\"https:\/\/open.spotify.com\/show\/5je85cYoaCcWGNo7Nwz2iW?si=1c15f6eb977f4f3d&nd=1&dlsi=d2ab15e5d6624979\"]}]}<\/script>\n<!-- \/ Yoast SEO plugin. -->","yoast_head_json":{"title":"Bracelet \u201eLight Show - Muse of Brilliance\u201d - DomiSol - Tuning","robots":{"index":"index","follow":"follow","max-snippet":"max-snippet:-1","max-image-preview":"max-image-preview:large","max-video-preview":"max-video-preview:-1"},"canonical":"https:\/\/www.dostrajamy.com\/en\/product\/bracelet-light-show-muse-of-brilliance\/","og_locale":"en_GB","og_type":"article","og_title":"Bransoletka \u201ePokaz \u015awiate\u0142 - Muza Blasku\u201d - DomiSol - Dostrajamy","og_description":"Jak eksplozja barw i blasku \u2013 bransoletka \u201ePokaz \u015awiate\u0142 \u2013 Muza Blasku\u201d \u0142\u0105czy centraln\u0105 \u017cywic\u0119 z otoczeniem r\u00f3\u017cnokolorowych kryszta\u0142\u00f3w, kt\u00f3re migocz\u0105 przy ka\u017cdym ruchu r\u0119ki. To bi\u017cuteria pe\u0142na energii i rado\u015bci, kt\u00f3ra przypomina, \u017ce \u017cycie sk\u0142ada si\u0119 z drobnych moment\u00f3w \u015bwiat\u0142a i kolor\u00f3w. Twoja Muza szepcze, by\u015b nie ba\u0142a si\u0119 \u015bwieci\u0107 i cieszy\u0107 ka\u017cdym promieniem. No\u015b blask w rytmie \u017cycia.","og_url":"https:\/\/www.dostrajamy.com\/en\/product\/bracelet-light-show-muse-of-brilliance\/","og_site_name":"DomiSol - Dostrajamy","article_publisher":"https:\/\/www.facebook.com\/domisol.dostrajamy","article_modified_time":"2025-12-10T09:09:43+00:00","og_image":[{"width":840,"height":792,"url":"https:\/\/www.dostrajamy.com\/wp-content\/uploads\/2025\/12\/IMG_5512.webp","type":"image\/webp"}],"twitter_card":"summary_large_image","twitter_misc":{"Estimated reading time":"1 minute"},"schema":{"@context":"https:\/\/schema.org","@graph":[{"@type":"WebPage","@id":"https:\/\/www.dostrajamy.com\/produkt\/bransoletka-pokaz-swiatel-muza-blasku\/","url":"https:\/\/www.dostrajamy.com\/produkt\/bransoletka-pokaz-swiatel-muza-blasku\/","name":"Bracelet \u201eLight Show - Muse of Brilliance\u201d - DomiSol - Tuning","isPartOf":{"@id":"https:\/\/www.dostrajamy.com\/#website"},"primaryImageOfPage":{"@id":"https:\/\/www.dostrajamy.com\/produkt\/bransoletka-pokaz-swiatel-muza-blasku\/#primaryimage"},"image":{"@id":"https:\/\/www.dostrajamy.com\/produkt\/bransoletka-pokaz-swiatel-muza-blasku\/#primaryimage"},"thumbnailUrl":"https:\/\/www.dostrajamy.com\/wp-content\/uploads\/2025\/12\/IMG_5512.webp","datePublished":"2025-12-08T20:08:08+00:00","dateModified":"2025-12-10T09:09:43+00:00","breadcrumb":{"@id":"https:\/\/www.dostrajamy.com\/produkt\/bransoletka-pokaz-swiatel-muza-blasku\/#breadcrumb"},"inLanguage":"en-GB","potentialAction":[{"@type":"ReadAction","target":["https:\/\/www.dostrajamy.com\/produkt\/bransoletka-pokaz-swiatel-muza-blasku\/"]}]},{"@type":"ImageObject","inLanguage":"en-GB","@id":"https:\/\/www.dostrajamy.com\/produkt\/bransoletka-pokaz-swiatel-muza-blasku\/#primaryimage","url":"https:\/\/www.dostrajamy.com\/wp-content\/uploads\/2025\/12\/IMG_5512.webp","contentUrl":"https:\/\/www.dostrajamy.com\/wp-content\/uploads\/2025\/12\/IMG_5512.webp","width":840,"height":792},{"@type":"BreadcrumbList","@id":"https:\/\/www.dostrajamy.com\/produkt\/bransoletka-pokaz-swiatel-muza-blasku\/#breadcrumb","itemListElement":[{"@type":"ListItem","position":1,"name":"Strona g\u0142\u00f3wna","item":"https:\/\/www.dostrajamy.com\/"},{"@type":"ListItem","position":2,"name":"Sklep","item":"https:\/\/www.dostrajamy.com\/sklep\/"},{"@type":"ListItem","position":3,"name":"Bransoletka \u201ePokaz \u015awiate\u0142 &#8211; Muza Blasku\u201d"}]},{"@type":"WebSite","@id":"https:\/\/www.dostrajamy.com\/#website","url":"https:\/\/www.dostrajamy.com\/","name":"DomiSol - Dostrajamy","description":"Tune in to yourself!","publisher":{"@id":"https:\/\/www.dostrajamy.com\/#organization"},"potentialAction":[{"@type":"SearchAction","target":{"@type":"EntryPoint","urlTemplate":"https:\/\/www.dostrajamy.com\/?s={search_term_string}"},"query-input":{"@type":"PropertyValueSpecification","valueRequired":true,"valueName":"search_term_string"}}],"inLanguage":"en-GB"},{"@type":"Organization","@id":"https:\/\/www.dostrajamy.com\/#organization","name":"DomiSol - Dostrajamy","url":"https:\/\/www.dostrajamy.com\/","logo":{"@type":"ImageObject","inLanguage":"en-GB","@id":"https:\/\/www.dostrajamy.com\/#\/schema\/logo\/image\/","url":"https:\/\/www.dostrajamy.com\/wp-content\/uploads\/2025\/02\/cropped-Logo_poziom-1-scaled.png","contentUrl":"https:\/\/www.dostrajamy.com\/wp-content\/uploads\/2025\/02\/cropped-Logo_poziom-1-scaled.png","width":2560,"height":453,"caption":"DomiSol - Dostrajamy"},"image":{"@id":"https:\/\/www.dostrajamy.com\/#\/schema\/logo\/image\/"},"sameAs":["https:\/\/www.facebook.com\/domisol.dostrajamy","https:\/\/www.instagram.com\/domisol.dostrajamy","https:\/\/www.youtube.com\/@dostrajamy","https:\/\/open.spotify.com\/show\/5je85cYoaCcWGNo7Nwz2iW?si=1c15f6eb977f4f3d&nd=1&dlsi=d2ab15e5d6624979"]}]}},"_links":{"self":[{"href":"https:\/\/www.dostrajamy.com\/en\/wp-json\/wp\/v2\/product\/4427","targetHints":{"allow":["GET"]}}],"collection":[{"href":"https:\/\/www.dostrajamy.com\/en\/wp-json\/wp\/v2\/product"}],"about":[{"href":"https:\/\/www.dostrajamy.com\/en\/wp-json\/wp\/v2\/types\/product"}],"replies":[{"embeddable":true,"href":"https:\/\/www.dostrajamy.com\/en\/wp-json\/wp\/v2\/comments?post=4427"}],"wp:featuredmedia":[{"embeddable":true,"href":"https:\/\/www.dostrajamy.com\/en\/wp-json\/wp\/v2\/media\/4390"}],"wp:attachment":[{"href":"https:\/\/www.dostrajamy.com\/en\/wp-json\/wp\/v2\/media?parent=4427"}],"wp:term":[{"taxonomy":"product_brand","embeddable":true,"href":"https:\/\/www.dostrajamy.com\/en\/wp-json\/wp\/v2\/product_brand?post=4427"},{"taxonomy":"product_cat","embeddable":true,"href":"https:\/\/www.dostrajamy.com\/en\/wp-json\/wp\/v2\/product_cat?post=4427"},{"taxonomy":"product_tag","embeddable":true,"href":"https:\/\/www.dostrajamy.com\/en\/wp-json\/wp\/v2\/product_tag?post=4427"}],"curies":[{"name":"wp","href":"https:\/\/api.w.org\/{rel}","templated":true}]}}