{"id":4432,"date":"2025-12-08T20:41:49","date_gmt":"2025-12-08T20:41:49","guid":{"rendered":"https:\/\/www.dostrajamy.com\/?post_type=product&#038;p=4432"},"modified":"2025-12-10T08:26:38","modified_gmt":"2025-12-10T08:26:38","slug":"pierscien-punkt-ciszy-muza-prostoty","status":"publish","type":"product","link":"https:\/\/www.dostrajamy.com\/en\/product\/pierscien-punkt-ciszy-muza-prostoty\/","title":{"rendered":"Ring \u201ePoint of Silence - Muse of Simplicity\u201d"},"content":{"rendered":"<h3 data-start=\"1132\" data-end=\"1395\">\u2728 Sensitive information:<\/h3>\n<ul>\n<li data-start=\"539\" data-end=\"629\">\n<p data-start=\"541\" data-end=\"629\"><strong data-start=\"541\" data-end=\"550\">Form<\/strong>: Regulowany pier\u015bcie\u0144 o klasycznej, symetrycznej formie<\/p>\n<\/li>\n<li data-start=\"630\" data-end=\"656\">\n<p data-start=\"632\" data-end=\"656\"><strong data-start=\"632\" data-end=\"644\">Material<\/strong>: Brass<\/p>\n<\/li>\n<li data-start=\"657\" data-end=\"704\">\n<p data-start=\"659\" data-end=\"704\"><strong data-start=\"659\" data-end=\"674\">Finishing<\/strong>: Natural brass gilding<\/p>\n<\/li>\n<li data-start=\"705\" data-end=\"780\">\n<p data-start=\"707\" data-end=\"780\"><strong data-start=\"707\" data-end=\"716\">Detail<\/strong>: Centralnie osadzony kryszta\u0142 Jet<\/p>\n<\/li>\n<li data-start=\"781\" data-end=\"850\">\n<p data-start=\"783\" data-end=\"850\"><strong data-start=\"783\" data-end=\"798\">Origins<\/strong>Handcrafted in the Greek art studio Kalliope in Athens, operating since 1987.<\/p>\n<\/li>\n<\/ul>","protected":false},"excerpt":{"rendered":"<h3 data-start=\"130\" data-end=\"175\">Ring \u201ePoint of Silence - Muse of Simplicity\u201d<\/h3>\n<p data-start=\"198\" data-end=\"522\">Czasem wystarczy jeden punkt, by wszystko si\u0119 zatrzyma\u0142o. Pier\u015bcie\u0144 \u201ePunkt Ciszy \u2013 Muza Prostoty\u201d to klasyczna, centralna kompozycja z czarnym kryszta\u0142em Jet, osadzonym w prostej, harmonijnej formie. To bi\u017cuteria wyciszona, ponadczasowa, skupiona \u2014 dla kobiet, kt\u00f3re wiedz\u0105, \u017ce nie trzeba nic dodawa\u0107, by zosta\u0107 zauwa\u017con\u0105.<\/p>\n<p data-start=\"524\" data-end=\"559\">Zatrzymaj si\u0119 w ciszy.<\/p>","protected":false},"featured_media":4393,"comment_status":"open","ping_status":"closed","template":"","meta":{"_eb_attr":""},"product_brand":[],"product_cat":[57,31],"product_tag":[68,70,71,76,75],"class_list":{"0":"post-4432","1":"product","2":"type-product","3":"status-publish","4":"has-post-thumbnail","6":"product_cat-grecka-bizuteria","7":"product_cat-pierscionki","8":"product_tag-bizuteria","9":"product_tag-fashion-jewelry","10":"product_tag-mosiadz","11":"product_tag-pierscien","12":"product_tag-zywica","14":"first","15":"instock","16":"shipping-taxable","17":"purchasable","18":"product-type-simple"},"yoast_head":"<!-- This site is optimized with the Yoast SEO plugin v26.6 - https:\/\/yoast.com\/wordpress\/plugins\/seo\/ -->\n<title>Pier\u015bcie\u0144 \u201ePunkt Ciszy - Muza Prostoty\u201d - DomiSol - Dostrajamy<\/title>\n<meta name=\"robots\" content=\"index, follow, max-snippet:-1, max-image-preview:large, max-video-preview:-1\" \/>\n<link rel=\"canonical\" href=\"https:\/\/www.dostrajamy.com\/en\/product\/pierscien-punkt-ciszy-muza-prostoty\/\" \/>\n<meta property=\"og:locale\" content=\"en_GB\" \/>\n<meta property=\"og:type\" content=\"article\" \/>\n<meta property=\"og:title\" content=\"Pier\u015bcie\u0144 \u201ePunkt Ciszy - Muza Prostoty\u201d - DomiSol - Dostrajamy\" \/>\n<meta property=\"og:description\" content=\"Pier\u015bcie\u0144 \u201ePunkt Ciszy - Muza Prostoty\u201d Czasem wystarczy jeden punkt, by wszystko si\u0119 zatrzyma\u0142o. Pier\u015bcie\u0144 \u201ePunkt Ciszy \u2013 Muza Prostoty\u201d to klasyczna, centralna kompozycja z czarnym kryszta\u0142em Jet, osadzonym w prostej, harmonijnej formie. To bi\u017cuteria wyciszona, ponadczasowa, skupiona \u2014 dla kobiet, kt\u00f3re wiedz\u0105, \u017ce nie trzeba nic dodawa\u0107, by zosta\u0107 zauwa\u017con\u0105. Zatrzymaj si\u0119 w ciszy.\" \/>\n<meta property=\"og:url\" content=\"https:\/\/www.dostrajamy.com\/en\/product\/pierscien-punkt-ciszy-muza-prostoty\/\" \/>\n<meta property=\"og:site_name\" content=\"DomiSol - Dostrajamy\" \/>\n<meta property=\"article:publisher\" content=\"https:\/\/www.facebook.com\/domisol.dostrajamy\" \/>\n<meta property=\"article:modified_time\" content=\"2025-12-10T08:26:38+00:00\" \/>\n<meta property=\"og:image\" content=\"https:\/\/www.dostrajamy.com\/wp-content\/uploads\/2025\/12\/IMG_5509.webp\" \/>\n\t<meta property=\"og:image:width\" content=\"840\" \/>\n\t<meta property=\"og:image:height\" content=\"840\" \/>\n\t<meta property=\"og:image:type\" content=\"image\/webp\" \/>\n<meta name=\"twitter:card\" content=\"summary_large_image\" \/>\n<meta name=\"twitter:label1\" content=\"Estimated reading time\" \/>\n\t<meta name=\"twitter:data1\" content=\"1 minute\" \/>\n<script type=\"application\/ld+json\" class=\"yoast-schema-graph\">{\"@context\":\"https:\/\/schema.org\",\"@graph\":[{\"@type\":\"WebPage\",\"@id\":\"https:\/\/www.dostrajamy.com\/produkt\/pierscien-punkt-ciszy-muza-prostoty\/\",\"url\":\"https:\/\/www.dostrajamy.com\/produkt\/pierscien-punkt-ciszy-muza-prostoty\/\",\"name\":\"Pier\u015bcie\u0144 \u201ePunkt Ciszy - Muza Prostoty\u201d - DomiSol - Dostrajamy\",\"isPartOf\":{\"@id\":\"https:\/\/www.dostrajamy.com\/#website\"},\"primaryImageOfPage\":{\"@id\":\"https:\/\/www.dostrajamy.com\/produkt\/pierscien-punkt-ciszy-muza-prostoty\/#primaryimage\"},\"image\":{\"@id\":\"https:\/\/www.dostrajamy.com\/produkt\/pierscien-punkt-ciszy-muza-prostoty\/#primaryimage\"},\"thumbnailUrl\":\"https:\/\/www.dostrajamy.com\/wp-content\/uploads\/2025\/12\/IMG_5509.webp\",\"datePublished\":\"2025-12-08T20:41:49+00:00\",\"dateModified\":\"2025-12-10T08:26:38+00:00\",\"breadcrumb\":{\"@id\":\"https:\/\/www.dostrajamy.com\/produkt\/pierscien-punkt-ciszy-muza-prostoty\/#breadcrumb\"},\"inLanguage\":\"en-GB\",\"potentialAction\":[{\"@type\":\"ReadAction\",\"target\":[\"https:\/\/www.dostrajamy.com\/produkt\/pierscien-punkt-ciszy-muza-prostoty\/\"]}]},{\"@type\":\"ImageObject\",\"inLanguage\":\"en-GB\",\"@id\":\"https:\/\/www.dostrajamy.com\/produkt\/pierscien-punkt-ciszy-muza-prostoty\/#primaryimage\",\"url\":\"https:\/\/www.dostrajamy.com\/wp-content\/uploads\/2025\/12\/IMG_5509.webp\",\"contentUrl\":\"https:\/\/www.dostrajamy.com\/wp-content\/uploads\/2025\/12\/IMG_5509.webp\",\"width\":840,\"height\":840},{\"@type\":\"BreadcrumbList\",\"@id\":\"https:\/\/www.dostrajamy.com\/produkt\/pierscien-punkt-ciszy-muza-prostoty\/#breadcrumb\",\"itemListElement\":[{\"@type\":\"ListItem\",\"position\":1,\"name\":\"Strona g\u0142\u00f3wna\",\"item\":\"https:\/\/www.dostrajamy.com\/\"},{\"@type\":\"ListItem\",\"position\":2,\"name\":\"Sklep\",\"item\":\"https:\/\/www.dostrajamy.com\/sklep\/\"},{\"@type\":\"ListItem\",\"position\":3,\"name\":\"Pier\u015bcie\u0144 \u201ePunkt Ciszy &#8211; Muza Prostoty\u201d\"}]},{\"@type\":\"WebSite\",\"@id\":\"https:\/\/www.dostrajamy.com\/#website\",\"url\":\"https:\/\/www.dostrajamy.com\/\",\"name\":\"DomiSol - Dostrajamy\",\"description\":\"Dostr\u00f3j si\u0119 do siebie!\",\"publisher\":{\"@id\":\"https:\/\/www.dostrajamy.com\/#organization\"},\"potentialAction\":[{\"@type\":\"SearchAction\",\"target\":{\"@type\":\"EntryPoint\",\"urlTemplate\":\"https:\/\/www.dostrajamy.com\/?s={search_term_string}\"},\"query-input\":{\"@type\":\"PropertyValueSpecification\",\"valueRequired\":true,\"valueName\":\"search_term_string\"}}],\"inLanguage\":\"en-GB\"},{\"@type\":\"Organization\",\"@id\":\"https:\/\/www.dostrajamy.com\/#organization\",\"name\":\"DomiSol - Dostrajamy\",\"url\":\"https:\/\/www.dostrajamy.com\/\",\"logo\":{\"@type\":\"ImageObject\",\"inLanguage\":\"en-GB\",\"@id\":\"https:\/\/www.dostrajamy.com\/#\/schema\/logo\/image\/\",\"url\":\"https:\/\/www.dostrajamy.com\/wp-content\/uploads\/2025\/02\/cropped-Logo_poziom-1-scaled.png\",\"contentUrl\":\"https:\/\/www.dostrajamy.com\/wp-content\/uploads\/2025\/02\/cropped-Logo_poziom-1-scaled.png\",\"width\":2560,\"height\":453,\"caption\":\"DomiSol - Dostrajamy\"},\"image\":{\"@id\":\"https:\/\/www.dostrajamy.com\/#\/schema\/logo\/image\/\"},\"sameAs\":[\"https:\/\/www.facebook.com\/domisol.dostrajamy\",\"https:\/\/www.instagram.com\/domisol.dostrajamy\",\"https:\/\/www.youtube.com\/@dostrajamy\",\"https:\/\/open.spotify.com\/show\/5je85cYoaCcWGNo7Nwz2iW?si=1c15f6eb977f4f3d&nd=1&dlsi=d2ab15e5d6624979\"]}]}<\/script>\n<!-- \/ Yoast SEO plugin. -->","yoast_head_json":{"title":"Pier\u015bcie\u0144 \u201ePunkt Ciszy - Muza Prostoty\u201d - DomiSol - Dostrajamy","robots":{"index":"index","follow":"follow","max-snippet":"max-snippet:-1","max-image-preview":"max-image-preview:large","max-video-preview":"max-video-preview:-1"},"canonical":"https:\/\/www.dostrajamy.com\/en\/product\/pierscien-punkt-ciszy-muza-prostoty\/","og_locale":"en_GB","og_type":"article","og_title":"Pier\u015bcie\u0144 \u201ePunkt Ciszy - Muza Prostoty\u201d - DomiSol - Dostrajamy","og_description":"Pier\u015bcie\u0144 \u201ePunkt Ciszy - Muza Prostoty\u201d Czasem wystarczy jeden punkt, by wszystko si\u0119 zatrzyma\u0142o. Pier\u015bcie\u0144 \u201ePunkt Ciszy \u2013 Muza Prostoty\u201d to klasyczna, centralna kompozycja z czarnym kryszta\u0142em Jet, osadzonym w prostej, harmonijnej formie. To bi\u017cuteria wyciszona, ponadczasowa, skupiona \u2014 dla kobiet, kt\u00f3re wiedz\u0105, \u017ce nie trzeba nic dodawa\u0107, by zosta\u0107 zauwa\u017con\u0105. Zatrzymaj si\u0119 w ciszy.","og_url":"https:\/\/www.dostrajamy.com\/en\/product\/pierscien-punkt-ciszy-muza-prostoty\/","og_site_name":"DomiSol - Dostrajamy","article_publisher":"https:\/\/www.facebook.com\/domisol.dostrajamy","article_modified_time":"2025-12-10T08:26:38+00:00","og_image":[{"width":840,"height":840,"url":"https:\/\/www.dostrajamy.com\/wp-content\/uploads\/2025\/12\/IMG_5509.webp","type":"image\/webp"}],"twitter_card":"summary_large_image","twitter_misc":{"Estimated reading time":"1 minute"},"schema":{"@context":"https:\/\/schema.org","@graph":[{"@type":"WebPage","@id":"https:\/\/www.dostrajamy.com\/produkt\/pierscien-punkt-ciszy-muza-prostoty\/","url":"https:\/\/www.dostrajamy.com\/produkt\/pierscien-punkt-ciszy-muza-prostoty\/","name":"Pier\u015bcie\u0144 \u201ePunkt Ciszy - Muza Prostoty\u201d - DomiSol - Dostrajamy","isPartOf":{"@id":"https:\/\/www.dostrajamy.com\/#website"},"primaryImageOfPage":{"@id":"https:\/\/www.dostrajamy.com\/produkt\/pierscien-punkt-ciszy-muza-prostoty\/#primaryimage"},"image":{"@id":"https:\/\/www.dostrajamy.com\/produkt\/pierscien-punkt-ciszy-muza-prostoty\/#primaryimage"},"thumbnailUrl":"https:\/\/www.dostrajamy.com\/wp-content\/uploads\/2025\/12\/IMG_5509.webp","datePublished":"2025-12-08T20:41:49+00:00","dateModified":"2025-12-10T08:26:38+00:00","breadcrumb":{"@id":"https:\/\/www.dostrajamy.com\/produkt\/pierscien-punkt-ciszy-muza-prostoty\/#breadcrumb"},"inLanguage":"en-GB","potentialAction":[{"@type":"ReadAction","target":["https:\/\/www.dostrajamy.com\/produkt\/pierscien-punkt-ciszy-muza-prostoty\/"]}]},{"@type":"ImageObject","inLanguage":"en-GB","@id":"https:\/\/www.dostrajamy.com\/produkt\/pierscien-punkt-ciszy-muza-prostoty\/#primaryimage","url":"https:\/\/www.dostrajamy.com\/wp-content\/uploads\/2025\/12\/IMG_5509.webp","contentUrl":"https:\/\/www.dostrajamy.com\/wp-content\/uploads\/2025\/12\/IMG_5509.webp","width":840,"height":840},{"@type":"BreadcrumbList","@id":"https:\/\/www.dostrajamy.com\/produkt\/pierscien-punkt-ciszy-muza-prostoty\/#breadcrumb","itemListElement":[{"@type":"ListItem","position":1,"name":"Strona g\u0142\u00f3wna","item":"https:\/\/www.dostrajamy.com\/"},{"@type":"ListItem","position":2,"name":"Sklep","item":"https:\/\/www.dostrajamy.com\/sklep\/"},{"@type":"ListItem","position":3,"name":"Pier\u015bcie\u0144 \u201ePunkt Ciszy &#8211; Muza Prostoty\u201d"}]},{"@type":"WebSite","@id":"https:\/\/www.dostrajamy.com\/#website","url":"https:\/\/www.dostrajamy.com\/","name":"DomiSol - Dostrajamy","description":"Tune in to yourself!","publisher":{"@id":"https:\/\/www.dostrajamy.com\/#organization"},"potentialAction":[{"@type":"SearchAction","target":{"@type":"EntryPoint","urlTemplate":"https:\/\/www.dostrajamy.com\/?s={search_term_string}"},"query-input":{"@type":"PropertyValueSpecification","valueRequired":true,"valueName":"search_term_string"}}],"inLanguage":"en-GB"},{"@type":"Organization","@id":"https:\/\/www.dostrajamy.com\/#organization","name":"DomiSol - Dostrajamy","url":"https:\/\/www.dostrajamy.com\/","logo":{"@type":"ImageObject","inLanguage":"en-GB","@id":"https:\/\/www.dostrajamy.com\/#\/schema\/logo\/image\/","url":"https:\/\/www.dostrajamy.com\/wp-content\/uploads\/2025\/02\/cropped-Logo_poziom-1-scaled.png","contentUrl":"https:\/\/www.dostrajamy.com\/wp-content\/uploads\/2025\/02\/cropped-Logo_poziom-1-scaled.png","width":2560,"height":453,"caption":"DomiSol - Dostrajamy"},"image":{"@id":"https:\/\/www.dostrajamy.com\/#\/schema\/logo\/image\/"},"sameAs":["https:\/\/www.facebook.com\/domisol.dostrajamy","https:\/\/www.instagram.com\/domisol.dostrajamy","https:\/\/www.youtube.com\/@dostrajamy","https:\/\/open.spotify.com\/show\/5je85cYoaCcWGNo7Nwz2iW?si=1c15f6eb977f4f3d&nd=1&dlsi=d2ab15e5d6624979"]}]}},"_links":{"self":[{"href":"https:\/\/www.dostrajamy.com\/en\/wp-json\/wp\/v2\/product\/4432","targetHints":{"allow":["GET"]}}],"collection":[{"href":"https:\/\/www.dostrajamy.com\/en\/wp-json\/wp\/v2\/product"}],"about":[{"href":"https:\/\/www.dostrajamy.com\/en\/wp-json\/wp\/v2\/types\/product"}],"replies":[{"embeddable":true,"href":"https:\/\/www.dostrajamy.com\/en\/wp-json\/wp\/v2\/comments?post=4432"}],"wp:featuredmedia":[{"embeddable":true,"href":"https:\/\/www.dostrajamy.com\/en\/wp-json\/wp\/v2\/media\/4393"}],"wp:attachment":[{"href":"https:\/\/www.dostrajamy.com\/en\/wp-json\/wp\/v2\/media?parent=4432"}],"wp:term":[{"taxonomy":"product_brand","embeddable":true,"href":"https:\/\/www.dostrajamy.com\/en\/wp-json\/wp\/v2\/product_brand?post=4432"},{"taxonomy":"product_cat","embeddable":true,"href":"https:\/\/www.dostrajamy.com\/en\/wp-json\/wp\/v2\/product_cat?post=4432"},{"taxonomy":"product_tag","embeddable":true,"href":"https:\/\/www.dostrajamy.com\/en\/wp-json\/wp\/v2\/product_tag?post=4432"}],"curies":[{"name":"wp","href":"https:\/\/api.w.org\/{rel}","templated":true}]}}