{"id":4438,"date":"2025-12-09T11:47:47","date_gmt":"2025-12-09T11:47:47","guid":{"rendered":"https:\/\/www.dostrajamy.com\/?post_type=product&#038;p=4438"},"modified":"2025-12-20T15:00:34","modified_gmt":"2025-12-20T15:00:34","slug":"kolczyki-galazka-oliwna-muza-harmonii","status":"publish","type":"product","link":"https:\/\/www.dostrajamy.com\/en\/product\/kolczyki-galazka-oliwna-muza-harmonii\/","title":{"rendered":"Olive Branch Earrings - Muse of Harmony"},"content":{"rendered":"<h3 data-start=\"979\" data-end=\"1242\">Sensitive information:<\/h3>\n<ul>\n<li data-start=\"621\" data-end=\"697\">\n<p data-start=\"623\" data-end=\"697\"><strong data-start=\"623\" data-end=\"632\">Form<\/strong>: Kolczyki w kszta\u0142cie ga\u0142\u0105zki oliwnej.<\/p>\n<\/li>\n<li data-start=\"698\" data-end=\"767\">\n<p data-start=\"700\" data-end=\"767\"><strong data-start=\"700\" data-end=\"712\">Material<\/strong>: brass<\/p>\n<\/li>\n<li data-start=\"768\" data-end=\"834\">\n<p data-start=\"770\" data-end=\"834\"><strong data-start=\"770\" data-end=\"785\">Finishing<\/strong>: Czyste z\u0142ocenie polerowanego mosi\u0105dzu.<\/p>\n<\/li>\n<li data-start=\"835\" data-end=\"926\">\n<p data-start=\"837\" data-end=\"926\"><strong data-start=\"837\" data-end=\"846\">Detail<\/strong>: Szmaragdowy kryszta\u0142 otulony w\u015br\u00f3d li\u015bci.<\/p>\n<\/li>\n<li data-start=\"927\" data-end=\"996\">\n<p data-start=\"929\" data-end=\"996\"><strong data-start=\"929\" data-end=\"944\">Origins<\/strong>: handmade in Athens, at the Kalliope workshop.<\/p>\n<\/li>\n<\/ul>","protected":false},"excerpt":{"rendered":"<h3 data-start=\"0\" data-end=\"51\">Olive Branch Earrings - Muse of Harmony<\/h3>\n<p data-start=\"74\" data-end=\"509\">Symbol pokoju i harmonii przybra\u0142 form\u0119 bi\u017cuterii \u2013 kolczyki \u201eGa\u0142\u0105zka Oliwna \u2013 Muza Harmonii\u201d s\u0105 jak talizman r\u00f3wnowagi i wewn\u0119trznego spokoju. Delikatna ga\u0142\u0105zka z mosi\u0105dzu, kt\u00f3rej li\u015bcie l\u015bni\u0105 z\u0142otem, pulsuje naturalnym rytmem ziemi. W jej sercu l\u015bni szmaragdowy kryszta\u0142, otulony listn\u0105 opiek\u0105 niczym owoc \u017cycia. To bi\u017cuteria, kt\u00f3ra niesie ukojenie i przypomina, \u017ce harmonia rodzi si\u0119 z po\u0142\u0105czenia si\u0142y i delikatno\u015bci.<\/p>\n<p data-start=\"511\" data-end=\"571\"><strong>No\u015b je jak sw\u00f3j znak \u2013 oliwn\u0105 ga\u0142\u0105zk\u0119 harmonii.<\/strong><\/p>","protected":false},"featured_media":4964,"comment_status":"open","ping_status":"closed","template":"","meta":{"_eb_attr":""},"product_brand":[],"product_cat":[57,36],"product_tag":[68,70,69,71],"class_list":{"0":"post-4438","1":"product","2":"type-product","3":"status-publish","4":"has-post-thumbnail","6":"product_cat-grecka-bizuteria","7":"product_cat-kolczyki","8":"product_tag-bizuteria","9":"product_tag-fashion-jewelry","10":"product_tag-kolczyki","11":"product_tag-mosiadz","13":"first","14":"instock","15":"shipping-taxable","16":"purchasable","17":"product-type-simple"},"yoast_head":"<!-- This site is optimized with the Yoast SEO plugin v26.6 - https:\/\/yoast.com\/wordpress\/plugins\/seo\/ -->\n<title>Kolczyki Ga\u0142\u0105zka Oliwna \u2013 Muza Harmonii - DomiSol - Dostrajamy<\/title>\n<meta name=\"robots\" content=\"index, follow, max-snippet:-1, max-image-preview:large, max-video-preview:-1\" \/>\n<link rel=\"canonical\" href=\"https:\/\/www.dostrajamy.com\/en\/product\/kolczyki-galazka-oliwna-muza-harmonii\/\" \/>\n<meta property=\"og:locale\" content=\"en_GB\" \/>\n<meta property=\"og:type\" content=\"article\" \/>\n<meta property=\"og:title\" content=\"Kolczyki Ga\u0142\u0105zka Oliwna \u2013 Muza Harmonii - DomiSol - Dostrajamy\" \/>\n<meta property=\"og:description\" content=\"Kolczyki Ga\u0142\u0105zka Oliwna \u2013 Muza Harmonii Symbol pokoju i harmonii przybra\u0142 form\u0119 bi\u017cuterii \u2013 kolczyki \u201eGa\u0142\u0105zka Oliwna \u2013 Muza Harmonii\u201d s\u0105 jak talizman r\u00f3wnowagi i wewn\u0119trznego spokoju. Delikatna ga\u0142\u0105zka z mosi\u0105dzu, kt\u00f3rej li\u015bcie l\u015bni\u0105 z\u0142otem, pulsuje naturalnym rytmem ziemi. W jej sercu l\u015bni szmaragdowy kryszta\u0142, otulony listn\u0105 opiek\u0105 niczym owoc \u017cycia. To bi\u017cuteria, kt\u00f3ra niesie ukojenie i przypomina, \u017ce harmonia rodzi si\u0119 z po\u0142\u0105czenia si\u0142y i delikatno\u015bci. No\u015b je jak sw\u00f3j znak \u2013 oliwn\u0105 ga\u0142\u0105zk\u0119 harmonii.\" \/>\n<meta property=\"og:url\" content=\"https:\/\/www.dostrajamy.com\/en\/product\/kolczyki-galazka-oliwna-muza-harmonii\/\" \/>\n<meta property=\"og:site_name\" content=\"DomiSol - Dostrajamy\" \/>\n<meta property=\"article:publisher\" content=\"https:\/\/www.facebook.com\/domisol.dostrajamy\" \/>\n<meta property=\"article:modified_time\" content=\"2025-12-20T15:00:34+00:00\" \/>\n<meta property=\"og:image\" content=\"https:\/\/www.dostrajamy.com\/wp-content\/uploads\/2025\/12\/IMG_5967-scaled.jpeg\" \/>\n\t<meta property=\"og:image:width\" content=\"1920\" \/>\n\t<meta property=\"og:image:height\" content=\"2560\" \/>\n\t<meta property=\"og:image:type\" content=\"image\/jpeg\" \/>\n<meta name=\"twitter:card\" content=\"summary_large_image\" \/>\n<meta name=\"twitter:label1\" content=\"Estimated reading time\" \/>\n\t<meta name=\"twitter:data1\" content=\"1 minute\" \/>\n<script type=\"application\/ld+json\" class=\"yoast-schema-graph\">{\"@context\":\"https:\/\/schema.org\",\"@graph\":[{\"@type\":\"WebPage\",\"@id\":\"https:\/\/www.dostrajamy.com\/produkt\/kolczyki-galazka-oliwna-muza-harmonii\/\",\"url\":\"https:\/\/www.dostrajamy.com\/produkt\/kolczyki-galazka-oliwna-muza-harmonii\/\",\"name\":\"Kolczyki Ga\u0142\u0105zka Oliwna \u2013 Muza Harmonii - DomiSol - Dostrajamy\",\"isPartOf\":{\"@id\":\"https:\/\/www.dostrajamy.com\/#website\"},\"primaryImageOfPage\":{\"@id\":\"https:\/\/www.dostrajamy.com\/produkt\/kolczyki-galazka-oliwna-muza-harmonii\/#primaryimage\"},\"image\":{\"@id\":\"https:\/\/www.dostrajamy.com\/produkt\/kolczyki-galazka-oliwna-muza-harmonii\/#primaryimage\"},\"thumbnailUrl\":\"https:\/\/www.dostrajamy.com\/wp-content\/uploads\/2025\/12\/IMG_5967-scaled.jpeg\",\"datePublished\":\"2025-12-09T11:47:47+00:00\",\"dateModified\":\"2025-12-20T15:00:34+00:00\",\"breadcrumb\":{\"@id\":\"https:\/\/www.dostrajamy.com\/produkt\/kolczyki-galazka-oliwna-muza-harmonii\/#breadcrumb\"},\"inLanguage\":\"en-GB\",\"potentialAction\":[{\"@type\":\"ReadAction\",\"target\":[\"https:\/\/www.dostrajamy.com\/produkt\/kolczyki-galazka-oliwna-muza-harmonii\/\"]}]},{\"@type\":\"ImageObject\",\"inLanguage\":\"en-GB\",\"@id\":\"https:\/\/www.dostrajamy.com\/produkt\/kolczyki-galazka-oliwna-muza-harmonii\/#primaryimage\",\"url\":\"https:\/\/www.dostrajamy.com\/wp-content\/uploads\/2025\/12\/IMG_5967-scaled.jpeg\",\"contentUrl\":\"https:\/\/www.dostrajamy.com\/wp-content\/uploads\/2025\/12\/IMG_5967-scaled.jpeg\",\"width\":1920,\"height\":2560},{\"@type\":\"BreadcrumbList\",\"@id\":\"https:\/\/www.dostrajamy.com\/produkt\/kolczyki-galazka-oliwna-muza-harmonii\/#breadcrumb\",\"itemListElement\":[{\"@type\":\"ListItem\",\"position\":1,\"name\":\"Strona g\u0142\u00f3wna\",\"item\":\"https:\/\/www.dostrajamy.com\/\"},{\"@type\":\"ListItem\",\"position\":2,\"name\":\"Sklep\",\"item\":\"https:\/\/www.dostrajamy.com\/sklep\/\"},{\"@type\":\"ListItem\",\"position\":3,\"name\":\"Kolczyki Ga\u0142\u0105zka Oliwna \u2013 Muza Harmonii\"}]},{\"@type\":\"WebSite\",\"@id\":\"https:\/\/www.dostrajamy.com\/#website\",\"url\":\"https:\/\/www.dostrajamy.com\/\",\"name\":\"DomiSol - Dostrajamy\",\"description\":\"Dostr\u00f3j si\u0119 do siebie!\",\"publisher\":{\"@id\":\"https:\/\/www.dostrajamy.com\/#organization\"},\"potentialAction\":[{\"@type\":\"SearchAction\",\"target\":{\"@type\":\"EntryPoint\",\"urlTemplate\":\"https:\/\/www.dostrajamy.com\/?s={search_term_string}\"},\"query-input\":{\"@type\":\"PropertyValueSpecification\",\"valueRequired\":true,\"valueName\":\"search_term_string\"}}],\"inLanguage\":\"en-GB\"},{\"@type\":\"Organization\",\"@id\":\"https:\/\/www.dostrajamy.com\/#organization\",\"name\":\"DomiSol - Dostrajamy\",\"url\":\"https:\/\/www.dostrajamy.com\/\",\"logo\":{\"@type\":\"ImageObject\",\"inLanguage\":\"en-GB\",\"@id\":\"https:\/\/www.dostrajamy.com\/#\/schema\/logo\/image\/\",\"url\":\"https:\/\/www.dostrajamy.com\/wp-content\/uploads\/2025\/02\/cropped-Logo_poziom-1-scaled.png\",\"contentUrl\":\"https:\/\/www.dostrajamy.com\/wp-content\/uploads\/2025\/02\/cropped-Logo_poziom-1-scaled.png\",\"width\":2560,\"height\":453,\"caption\":\"DomiSol - Dostrajamy\"},\"image\":{\"@id\":\"https:\/\/www.dostrajamy.com\/#\/schema\/logo\/image\/\"},\"sameAs\":[\"https:\/\/www.facebook.com\/domisol.dostrajamy\",\"https:\/\/www.instagram.com\/domisol.dostrajamy\",\"https:\/\/www.youtube.com\/@dostrajamy\",\"https:\/\/open.spotify.com\/show\/5je85cYoaCcWGNo7Nwz2iW?si=1c15f6eb977f4f3d&nd=1&dlsi=d2ab15e5d6624979\"]}]}<\/script>\n<!-- \/ Yoast SEO plugin. -->","yoast_head_json":{"title":"Kolczyki Ga\u0142\u0105zka Oliwna \u2013 Muza Harmonii - DomiSol - Dostrajamy","robots":{"index":"index","follow":"follow","max-snippet":"max-snippet:-1","max-image-preview":"max-image-preview:large","max-video-preview":"max-video-preview:-1"},"canonical":"https:\/\/www.dostrajamy.com\/en\/product\/kolczyki-galazka-oliwna-muza-harmonii\/","og_locale":"en_GB","og_type":"article","og_title":"Kolczyki Ga\u0142\u0105zka Oliwna \u2013 Muza Harmonii - DomiSol - Dostrajamy","og_description":"Kolczyki Ga\u0142\u0105zka Oliwna \u2013 Muza Harmonii Symbol pokoju i harmonii przybra\u0142 form\u0119 bi\u017cuterii \u2013 kolczyki \u201eGa\u0142\u0105zka Oliwna \u2013 Muza Harmonii\u201d s\u0105 jak talizman r\u00f3wnowagi i wewn\u0119trznego spokoju. Delikatna ga\u0142\u0105zka z mosi\u0105dzu, kt\u00f3rej li\u015bcie l\u015bni\u0105 z\u0142otem, pulsuje naturalnym rytmem ziemi. W jej sercu l\u015bni szmaragdowy kryszta\u0142, otulony listn\u0105 opiek\u0105 niczym owoc \u017cycia. To bi\u017cuteria, kt\u00f3ra niesie ukojenie i przypomina, \u017ce harmonia rodzi si\u0119 z po\u0142\u0105czenia si\u0142y i delikatno\u015bci. No\u015b je jak sw\u00f3j znak \u2013 oliwn\u0105 ga\u0142\u0105zk\u0119 harmonii.","og_url":"https:\/\/www.dostrajamy.com\/en\/product\/kolczyki-galazka-oliwna-muza-harmonii\/","og_site_name":"DomiSol - Dostrajamy","article_publisher":"https:\/\/www.facebook.com\/domisol.dostrajamy","article_modified_time":"2025-12-20T15:00:34+00:00","og_image":[{"width":1920,"height":2560,"url":"https:\/\/www.dostrajamy.com\/wp-content\/uploads\/2025\/12\/IMG_5967-scaled.jpeg","type":"image\/jpeg"}],"twitter_card":"summary_large_image","twitter_misc":{"Estimated reading time":"1 minute"},"schema":{"@context":"https:\/\/schema.org","@graph":[{"@type":"WebPage","@id":"https:\/\/www.dostrajamy.com\/produkt\/kolczyki-galazka-oliwna-muza-harmonii\/","url":"https:\/\/www.dostrajamy.com\/produkt\/kolczyki-galazka-oliwna-muza-harmonii\/","name":"Kolczyki Ga\u0142\u0105zka Oliwna \u2013 Muza Harmonii - DomiSol - Dostrajamy","isPartOf":{"@id":"https:\/\/www.dostrajamy.com\/#website"},"primaryImageOfPage":{"@id":"https:\/\/www.dostrajamy.com\/produkt\/kolczyki-galazka-oliwna-muza-harmonii\/#primaryimage"},"image":{"@id":"https:\/\/www.dostrajamy.com\/produkt\/kolczyki-galazka-oliwna-muza-harmonii\/#primaryimage"},"thumbnailUrl":"https:\/\/www.dostrajamy.com\/wp-content\/uploads\/2025\/12\/IMG_5967-scaled.jpeg","datePublished":"2025-12-09T11:47:47+00:00","dateModified":"2025-12-20T15:00:34+00:00","breadcrumb":{"@id":"https:\/\/www.dostrajamy.com\/produkt\/kolczyki-galazka-oliwna-muza-harmonii\/#breadcrumb"},"inLanguage":"en-GB","potentialAction":[{"@type":"ReadAction","target":["https:\/\/www.dostrajamy.com\/produkt\/kolczyki-galazka-oliwna-muza-harmonii\/"]}]},{"@type":"ImageObject","inLanguage":"en-GB","@id":"https:\/\/www.dostrajamy.com\/produkt\/kolczyki-galazka-oliwna-muza-harmonii\/#primaryimage","url":"https:\/\/www.dostrajamy.com\/wp-content\/uploads\/2025\/12\/IMG_5967-scaled.jpeg","contentUrl":"https:\/\/www.dostrajamy.com\/wp-content\/uploads\/2025\/12\/IMG_5967-scaled.jpeg","width":1920,"height":2560},{"@type":"BreadcrumbList","@id":"https:\/\/www.dostrajamy.com\/produkt\/kolczyki-galazka-oliwna-muza-harmonii\/#breadcrumb","itemListElement":[{"@type":"ListItem","position":1,"name":"Strona g\u0142\u00f3wna","item":"https:\/\/www.dostrajamy.com\/"},{"@type":"ListItem","position":2,"name":"Sklep","item":"https:\/\/www.dostrajamy.com\/sklep\/"},{"@type":"ListItem","position":3,"name":"Kolczyki Ga\u0142\u0105zka Oliwna \u2013 Muza Harmonii"}]},{"@type":"WebSite","@id":"https:\/\/www.dostrajamy.com\/#website","url":"https:\/\/www.dostrajamy.com\/","name":"DomiSol - Dostrajamy","description":"Tune in to yourself!","publisher":{"@id":"https:\/\/www.dostrajamy.com\/#organization"},"potentialAction":[{"@type":"SearchAction","target":{"@type":"EntryPoint","urlTemplate":"https:\/\/www.dostrajamy.com\/?s={search_term_string}"},"query-input":{"@type":"PropertyValueSpecification","valueRequired":true,"valueName":"search_term_string"}}],"inLanguage":"en-GB"},{"@type":"Organization","@id":"https:\/\/www.dostrajamy.com\/#organization","name":"DomiSol - Dostrajamy","url":"https:\/\/www.dostrajamy.com\/","logo":{"@type":"ImageObject","inLanguage":"en-GB","@id":"https:\/\/www.dostrajamy.com\/#\/schema\/logo\/image\/","url":"https:\/\/www.dostrajamy.com\/wp-content\/uploads\/2025\/02\/cropped-Logo_poziom-1-scaled.png","contentUrl":"https:\/\/www.dostrajamy.com\/wp-content\/uploads\/2025\/02\/cropped-Logo_poziom-1-scaled.png","width":2560,"height":453,"caption":"DomiSol - Dostrajamy"},"image":{"@id":"https:\/\/www.dostrajamy.com\/#\/schema\/logo\/image\/"},"sameAs":["https:\/\/www.facebook.com\/domisol.dostrajamy","https:\/\/www.instagram.com\/domisol.dostrajamy","https:\/\/www.youtube.com\/@dostrajamy","https:\/\/open.spotify.com\/show\/5je85cYoaCcWGNo7Nwz2iW?si=1c15f6eb977f4f3d&nd=1&dlsi=d2ab15e5d6624979"]}]}},"_links":{"self":[{"href":"https:\/\/www.dostrajamy.com\/en\/wp-json\/wp\/v2\/product\/4438","targetHints":{"allow":["GET"]}}],"collection":[{"href":"https:\/\/www.dostrajamy.com\/en\/wp-json\/wp\/v2\/product"}],"about":[{"href":"https:\/\/www.dostrajamy.com\/en\/wp-json\/wp\/v2\/types\/product"}],"replies":[{"embeddable":true,"href":"https:\/\/www.dostrajamy.com\/en\/wp-json\/wp\/v2\/comments?post=4438"}],"wp:featuredmedia":[{"embeddable":true,"href":"https:\/\/www.dostrajamy.com\/en\/wp-json\/wp\/v2\/media\/4964"}],"wp:attachment":[{"href":"https:\/\/www.dostrajamy.com\/en\/wp-json\/wp\/v2\/media?parent=4438"}],"wp:term":[{"taxonomy":"product_brand","embeddable":true,"href":"https:\/\/www.dostrajamy.com\/en\/wp-json\/wp\/v2\/product_brand?post=4438"},{"taxonomy":"product_cat","embeddable":true,"href":"https:\/\/www.dostrajamy.com\/en\/wp-json\/wp\/v2\/product_cat?post=4438"},{"taxonomy":"product_tag","embeddable":true,"href":"https:\/\/www.dostrajamy.com\/en\/wp-json\/wp\/v2\/product_tag?post=4438"}],"curies":[{"name":"wp","href":"https:\/\/api.w.org\/{rel}","templated":true}]}}