{"id":4442,"date":"2025-12-09T11:52:08","date_gmt":"2025-12-09T11:52:08","guid":{"rendered":"https:\/\/www.dostrajamy.com\/?post_type=product&#038;p=4442"},"modified":"2025-12-10T08:28:00","modified_gmt":"2025-12-10T08:28:00","slug":"necklace-purity-muse-of-silence-and-clarity","status":"publish","type":"product","link":"https:\/\/www.dostrajamy.com\/en\/product\/necklace-purity-muse-of-silence-and-clarity\/","title":{"rendered":"Purity Necklace - Muse of Silence and Clarity"},"content":{"rendered":"<h3 data-start=\"857\" data-end=\"1103\">Sensitive information:<\/h3>\n<p class=\"\" data-start=\"857\" data-end=\"1103\"><br data-start=\"876\" data-end=\"879\" \/><strong>Form:<\/strong> delicate single eyelet necklace<br data-start=\"927\" data-end=\"930\" \/><strong>Material:<\/strong> brass<br data-start=\"947\" data-end=\"950\" \/><strong>Finishing:<\/strong> natural, with a warm, soft sheen<br data-start=\"1002\" data-end=\"1005\" \/><strong>Retail:<\/strong> cultured pearl - subtle and timeless<br data-start=\"1053\" data-end=\"1056\" \/><strong>Origins<\/strong>: Kalliope Greek Studio, Athens<\/p>\n<p class=\"\" data-start=\"1105\" data-end=\"1106\">\u2014<\/p>\n<p class=\"\" data-start=\"1108\" data-end=\"1162\">Put it on and immerse yourself in the silence from which everything grows.<\/p>","protected":false},"excerpt":{"rendered":"<p class=\"\" data-start=\"0\" data-end=\"101\">\ud83e\udd0d Necklace of Purity - Muse of Silence and Clarity<\/p>\n<p class=\"\" data-start=\"103\" data-end=\"252\">It is not the glamour that attracts attention, but the tranquillity that emanates from within.<br \/>\nThe Purity necklace is like a breath amidst chaos - simple, bright, true. The central pearl - full of light - wrapped in warm brass, reminds us that what is most beautiful is sometimes the simplest.<br \/>\nThis is jewellery for the Woman who doesn't have to prove anything. Who knows that purity of intention<br \/>\nis the most powerful form of force.<\/p>\n<p class=\"\" data-start=\"519\" data-end=\"570\">Wear it when you want to calm down and get back to yourself.<\/p>\n<p class=\"\" data-start=\"572\" data-end=\"573\">\u2014<\/p>\n<p class=\"\" data-start=\"575\" data-end=\"852\">\u2728 Necklace handmade in brass in the Greek workshop Kalliope, operating since 1987 in Athens.<br \/>\nAn artificial pearl - a symbol of inner light and peace - is set in the centre.<br \/>\nOrder today, and if you want to create a set, also ask about earrings or a bracelet.<\/p>","protected":false},"featured_media":1734,"comment_status":"open","ping_status":"closed","template":"","meta":{"_eb_attr":""},"product_brand":[],"product_cat":[57,34],"product_tag":[68,70,71,74],"class_list":{"0":"post-4442","1":"product","2":"type-product","3":"status-publish","4":"has-post-thumbnail","6":"product_cat-grecka-bizuteria","7":"product_cat-naszyjniki","8":"product_tag-bizuteria","9":"product_tag-fashion-jewelry","10":"product_tag-mosiadz","11":"product_tag-naszyjnik","13":"first","14":"instock","15":"shipping-taxable","16":"purchasable","17":"product-type-simple"},"yoast_head":"<!-- This site is optimized with the Yoast SEO plugin v26.6 - https:\/\/yoast.com\/wordpress\/plugins\/seo\/ -->\n<title>Naszyjnik Czysto\u015b\u0107 - Muza Ciszy i Klarowno\u015bci - DomiSol - Dostrajamy<\/title>\n<meta name=\"robots\" content=\"index, follow, max-snippet:-1, max-image-preview:large, max-video-preview:-1\" \/>\n<link rel=\"canonical\" href=\"https:\/\/www.dostrajamy.com\/en\/product\/necklace-purity-muse-of-silence-and-clarity\/\" \/>\n<meta property=\"og:locale\" content=\"en_GB\" \/>\n<meta property=\"og:type\" content=\"article\" \/>\n<meta property=\"og:title\" content=\"Naszyjnik Czysto\u015b\u0107 - Muza Ciszy i Klarowno\u015bci - DomiSol - Dostrajamy\" \/>\n<meta property=\"og:description\" content=\"\ud83e\udd0d Naszyjnik Czysto\u015b\u0107 - Muza Ciszy i Klarowno\u015bci To nie blask przyci\u0105ga uwag\u0119, lecz spok\u00f3j, kt\u00f3ry emanuje z wn\u0119trza. Naszyjnik Czysto\u015b\u0107 jest jak oddech w\u015br\u00f3d chaosu \u2014 prosty, jasny, prawdziwy. Centralna per\u0142a \u2014 pe\u0142na \u015bwiat\u0142a \u2014 otulona w ciep\u0142y mosi\u0105dz, przypomina, \u017ce to, co najpi\u0119kniejsze, bywa najprostsze. To bi\u017cuteria dla Kobiety, kt\u00f3ra nie musi niczego udowadnia\u0107. Kt\u00f3ra wie, \u017ce czysto\u015b\u0107 intencji jest najpot\u0119\u017cniejsz\u0105 form\u0105 si\u0142y. No\u015b go, gdy chcesz si\u0119 wyciszy\u0107 i wr\u00f3ci\u0107 do Siebie. \u2014 \u2728 Naszyjnik wykonany r\u0119cznie z mosi\u0105dzu w greckiej pracowni Kalliope, dzia\u0142aj\u0105cej od 1987 roku w Atenach. W centrum osadzono sztuczn\u0105 per\u0142\u0119 \u2014 symbol wewn\u0119trznego \u015bwiat\u0142a i spokoju. Zam\u00f3w ju\u017c dzi\u015b, a je\u015bli chcesz stworzy\u0107 zestaw, zapytaj r\u00f3wnie\u017c o kolczyki lub bransoletk\u0119.\" \/>\n<meta property=\"og:url\" content=\"https:\/\/www.dostrajamy.com\/en\/product\/necklace-purity-muse-of-silence-and-clarity\/\" \/>\n<meta property=\"og:site_name\" content=\"DomiSol - Dostrajamy\" \/>\n<meta property=\"article:publisher\" content=\"https:\/\/www.facebook.com\/domisol.dostrajamy\" \/>\n<meta property=\"article:modified_time\" content=\"2025-12-10T08:28:00+00:00\" \/>\n<meta property=\"og:image\" content=\"https:\/\/www.dostrajamy.com\/wp-content\/uploads\/2025\/03\/koliegk173118215-scaled.jpg\" \/>\n\t<meta property=\"og:image:width\" content=\"2560\" \/>\n\t<meta property=\"og:image:height\" content=\"2560\" \/>\n\t<meta property=\"og:image:type\" content=\"image\/jpeg\" \/>\n<meta name=\"twitter:card\" content=\"summary_large_image\" \/>\n<meta name=\"twitter:label1\" content=\"Estimated reading time\" \/>\n\t<meta name=\"twitter:data1\" content=\"1 minute\" \/>\n<script type=\"application\/ld+json\" class=\"yoast-schema-graph\">{\"@context\":\"https:\/\/schema.org\",\"@graph\":[{\"@type\":\"WebPage\",\"@id\":\"https:\/\/www.dostrajamy.com\/produkt\/naszyjnik-czystosc-muza-ciszy-i-klarownosci\/\",\"url\":\"https:\/\/www.dostrajamy.com\/produkt\/naszyjnik-czystosc-muza-ciszy-i-klarownosci\/\",\"name\":\"Naszyjnik Czysto\u015b\u0107 - Muza Ciszy i Klarowno\u015bci - DomiSol - Dostrajamy\",\"isPartOf\":{\"@id\":\"https:\/\/www.dostrajamy.com\/#website\"},\"primaryImageOfPage\":{\"@id\":\"https:\/\/www.dostrajamy.com\/produkt\/naszyjnik-czystosc-muza-ciszy-i-klarownosci\/#primaryimage\"},\"image\":{\"@id\":\"https:\/\/www.dostrajamy.com\/produkt\/naszyjnik-czystosc-muza-ciszy-i-klarownosci\/#primaryimage\"},\"thumbnailUrl\":\"https:\/\/www.dostrajamy.com\/wp-content\/uploads\/2025\/03\/koliegk173118215-scaled.jpg\",\"datePublished\":\"2025-12-09T11:52:08+00:00\",\"dateModified\":\"2025-12-10T08:28:00+00:00\",\"breadcrumb\":{\"@id\":\"https:\/\/www.dostrajamy.com\/produkt\/naszyjnik-czystosc-muza-ciszy-i-klarownosci\/#breadcrumb\"},\"inLanguage\":\"en-GB\",\"potentialAction\":[{\"@type\":\"ReadAction\",\"target\":[\"https:\/\/www.dostrajamy.com\/produkt\/naszyjnik-czystosc-muza-ciszy-i-klarownosci\/\"]}]},{\"@type\":\"ImageObject\",\"inLanguage\":\"en-GB\",\"@id\":\"https:\/\/www.dostrajamy.com\/produkt\/naszyjnik-czystosc-muza-ciszy-i-klarownosci\/#primaryimage\",\"url\":\"https:\/\/www.dostrajamy.com\/wp-content\/uploads\/2025\/03\/koliegk173118215-scaled.jpg\",\"contentUrl\":\"https:\/\/www.dostrajamy.com\/wp-content\/uploads\/2025\/03\/koliegk173118215-scaled.jpg\",\"width\":2560,\"height\":2560},{\"@type\":\"BreadcrumbList\",\"@id\":\"https:\/\/www.dostrajamy.com\/produkt\/naszyjnik-czystosc-muza-ciszy-i-klarownosci\/#breadcrumb\",\"itemListElement\":[{\"@type\":\"ListItem\",\"position\":1,\"name\":\"Strona g\u0142\u00f3wna\",\"item\":\"https:\/\/www.dostrajamy.com\/\"},{\"@type\":\"ListItem\",\"position\":2,\"name\":\"Sklep\",\"item\":\"https:\/\/www.dostrajamy.com\/sklep\/\"},{\"@type\":\"ListItem\",\"position\":3,\"name\":\"Naszyjnik Czysto\u015b\u0107 &#8211; Muza Ciszy i Klarowno\u015bci\"}]},{\"@type\":\"WebSite\",\"@id\":\"https:\/\/www.dostrajamy.com\/#website\",\"url\":\"https:\/\/www.dostrajamy.com\/\",\"name\":\"DomiSol - Dostrajamy\",\"description\":\"Dostr\u00f3j si\u0119 do siebie!\",\"publisher\":{\"@id\":\"https:\/\/www.dostrajamy.com\/#organization\"},\"potentialAction\":[{\"@type\":\"SearchAction\",\"target\":{\"@type\":\"EntryPoint\",\"urlTemplate\":\"https:\/\/www.dostrajamy.com\/?s={search_term_string}\"},\"query-input\":{\"@type\":\"PropertyValueSpecification\",\"valueRequired\":true,\"valueName\":\"search_term_string\"}}],\"inLanguage\":\"en-GB\"},{\"@type\":\"Organization\",\"@id\":\"https:\/\/www.dostrajamy.com\/#organization\",\"name\":\"DomiSol - Dostrajamy\",\"url\":\"https:\/\/www.dostrajamy.com\/\",\"logo\":{\"@type\":\"ImageObject\",\"inLanguage\":\"en-GB\",\"@id\":\"https:\/\/www.dostrajamy.com\/#\/schema\/logo\/image\/\",\"url\":\"https:\/\/www.dostrajamy.com\/wp-content\/uploads\/2025\/02\/cropped-Logo_poziom-1-scaled.png\",\"contentUrl\":\"https:\/\/www.dostrajamy.com\/wp-content\/uploads\/2025\/02\/cropped-Logo_poziom-1-scaled.png\",\"width\":2560,\"height\":453,\"caption\":\"DomiSol - Dostrajamy\"},\"image\":{\"@id\":\"https:\/\/www.dostrajamy.com\/#\/schema\/logo\/image\/\"},\"sameAs\":[\"https:\/\/www.facebook.com\/domisol.dostrajamy\",\"https:\/\/www.instagram.com\/domisol.dostrajamy\",\"https:\/\/www.youtube.com\/@dostrajamy\",\"https:\/\/open.spotify.com\/show\/5je85cYoaCcWGNo7Nwz2iW?si=1c15f6eb977f4f3d&nd=1&dlsi=d2ab15e5d6624979\"]}]}<\/script>\n<!-- \/ Yoast SEO plugin. -->","yoast_head_json":{"title":"Necklace of Purity - Muse of Silence and Clarity - DomiSol - Tune in","robots":{"index":"index","follow":"follow","max-snippet":"max-snippet:-1","max-image-preview":"max-image-preview:large","max-video-preview":"max-video-preview:-1"},"canonical":"https:\/\/www.dostrajamy.com\/en\/product\/necklace-purity-muse-of-silence-and-clarity\/","og_locale":"en_GB","og_type":"article","og_title":"Naszyjnik Czysto\u015b\u0107 - Muza Ciszy i Klarowno\u015bci - DomiSol - Dostrajamy","og_description":"\ud83e\udd0d Naszyjnik Czysto\u015b\u0107 - Muza Ciszy i Klarowno\u015bci To nie blask przyci\u0105ga uwag\u0119, lecz spok\u00f3j, kt\u00f3ry emanuje z wn\u0119trza. Naszyjnik Czysto\u015b\u0107 jest jak oddech w\u015br\u00f3d chaosu \u2014 prosty, jasny, prawdziwy. Centralna per\u0142a \u2014 pe\u0142na \u015bwiat\u0142a \u2014 otulona w ciep\u0142y mosi\u0105dz, przypomina, \u017ce to, co najpi\u0119kniejsze, bywa najprostsze. To bi\u017cuteria dla Kobiety, kt\u00f3ra nie musi niczego udowadnia\u0107. Kt\u00f3ra wie, \u017ce czysto\u015b\u0107 intencji jest najpot\u0119\u017cniejsz\u0105 form\u0105 si\u0142y. No\u015b go, gdy chcesz si\u0119 wyciszy\u0107 i wr\u00f3ci\u0107 do Siebie. \u2014 \u2728 Naszyjnik wykonany r\u0119cznie z mosi\u0105dzu w greckiej pracowni Kalliope, dzia\u0142aj\u0105cej od 1987 roku w Atenach. W centrum osadzono sztuczn\u0105 per\u0142\u0119 \u2014 symbol wewn\u0119trznego \u015bwiat\u0142a i spokoju. Zam\u00f3w ju\u017c dzi\u015b, a je\u015bli chcesz stworzy\u0107 zestaw, zapytaj r\u00f3wnie\u017c o kolczyki lub bransoletk\u0119.","og_url":"https:\/\/www.dostrajamy.com\/en\/product\/necklace-purity-muse-of-silence-and-clarity\/","og_site_name":"DomiSol - Dostrajamy","article_publisher":"https:\/\/www.facebook.com\/domisol.dostrajamy","article_modified_time":"2025-12-10T08:28:00+00:00","og_image":[{"width":2560,"height":2560,"url":"https:\/\/www.dostrajamy.com\/wp-content\/uploads\/2025\/03\/koliegk173118215-scaled.jpg","type":"image\/jpeg"}],"twitter_card":"summary_large_image","twitter_misc":{"Estimated reading time":"1 minute"},"schema":{"@context":"https:\/\/schema.org","@graph":[{"@type":"WebPage","@id":"https:\/\/www.dostrajamy.com\/produkt\/naszyjnik-czystosc-muza-ciszy-i-klarownosci\/","url":"https:\/\/www.dostrajamy.com\/produkt\/naszyjnik-czystosc-muza-ciszy-i-klarownosci\/","name":"Necklace of Purity - Muse of Silence and Clarity - DomiSol - Tune in","isPartOf":{"@id":"https:\/\/www.dostrajamy.com\/#website"},"primaryImageOfPage":{"@id":"https:\/\/www.dostrajamy.com\/produkt\/naszyjnik-czystosc-muza-ciszy-i-klarownosci\/#primaryimage"},"image":{"@id":"https:\/\/www.dostrajamy.com\/produkt\/naszyjnik-czystosc-muza-ciszy-i-klarownosci\/#primaryimage"},"thumbnailUrl":"https:\/\/www.dostrajamy.com\/wp-content\/uploads\/2025\/03\/koliegk173118215-scaled.jpg","datePublished":"2025-12-09T11:52:08+00:00","dateModified":"2025-12-10T08:28:00+00:00","breadcrumb":{"@id":"https:\/\/www.dostrajamy.com\/produkt\/naszyjnik-czystosc-muza-ciszy-i-klarownosci\/#breadcrumb"},"inLanguage":"en-GB","potentialAction":[{"@type":"ReadAction","target":["https:\/\/www.dostrajamy.com\/produkt\/naszyjnik-czystosc-muza-ciszy-i-klarownosci\/"]}]},{"@type":"ImageObject","inLanguage":"en-GB","@id":"https:\/\/www.dostrajamy.com\/produkt\/naszyjnik-czystosc-muza-ciszy-i-klarownosci\/#primaryimage","url":"https:\/\/www.dostrajamy.com\/wp-content\/uploads\/2025\/03\/koliegk173118215-scaled.jpg","contentUrl":"https:\/\/www.dostrajamy.com\/wp-content\/uploads\/2025\/03\/koliegk173118215-scaled.jpg","width":2560,"height":2560},{"@type":"BreadcrumbList","@id":"https:\/\/www.dostrajamy.com\/produkt\/naszyjnik-czystosc-muza-ciszy-i-klarownosci\/#breadcrumb","itemListElement":[{"@type":"ListItem","position":1,"name":"Strona g\u0142\u00f3wna","item":"https:\/\/www.dostrajamy.com\/"},{"@type":"ListItem","position":2,"name":"Sklep","item":"https:\/\/www.dostrajamy.com\/sklep\/"},{"@type":"ListItem","position":3,"name":"Naszyjnik Czysto\u015b\u0107 &#8211; Muza Ciszy i Klarowno\u015bci"}]},{"@type":"WebSite","@id":"https:\/\/www.dostrajamy.com\/#website","url":"https:\/\/www.dostrajamy.com\/","name":"DomiSol - Dostrajamy","description":"Tune in to yourself!","publisher":{"@id":"https:\/\/www.dostrajamy.com\/#organization"},"potentialAction":[{"@type":"SearchAction","target":{"@type":"EntryPoint","urlTemplate":"https:\/\/www.dostrajamy.com\/?s={search_term_string}"},"query-input":{"@type":"PropertyValueSpecification","valueRequired":true,"valueName":"search_term_string"}}],"inLanguage":"en-GB"},{"@type":"Organization","@id":"https:\/\/www.dostrajamy.com\/#organization","name":"DomiSol - Dostrajamy","url":"https:\/\/www.dostrajamy.com\/","logo":{"@type":"ImageObject","inLanguage":"en-GB","@id":"https:\/\/www.dostrajamy.com\/#\/schema\/logo\/image\/","url":"https:\/\/www.dostrajamy.com\/wp-content\/uploads\/2025\/02\/cropped-Logo_poziom-1-scaled.png","contentUrl":"https:\/\/www.dostrajamy.com\/wp-content\/uploads\/2025\/02\/cropped-Logo_poziom-1-scaled.png","width":2560,"height":453,"caption":"DomiSol - Dostrajamy"},"image":{"@id":"https:\/\/www.dostrajamy.com\/#\/schema\/logo\/image\/"},"sameAs":["https:\/\/www.facebook.com\/domisol.dostrajamy","https:\/\/www.instagram.com\/domisol.dostrajamy","https:\/\/www.youtube.com\/@dostrajamy","https:\/\/open.spotify.com\/show\/5je85cYoaCcWGNo7Nwz2iW?si=1c15f6eb977f4f3d&nd=1&dlsi=d2ab15e5d6624979"]}]}},"_links":{"self":[{"href":"https:\/\/www.dostrajamy.com\/en\/wp-json\/wp\/v2\/product\/4442","targetHints":{"allow":["GET"]}}],"collection":[{"href":"https:\/\/www.dostrajamy.com\/en\/wp-json\/wp\/v2\/product"}],"about":[{"href":"https:\/\/www.dostrajamy.com\/en\/wp-json\/wp\/v2\/types\/product"}],"replies":[{"embeddable":true,"href":"https:\/\/www.dostrajamy.com\/en\/wp-json\/wp\/v2\/comments?post=4442"}],"wp:featuredmedia":[{"embeddable":true,"href":"https:\/\/www.dostrajamy.com\/en\/wp-json\/wp\/v2\/media\/1734"}],"wp:attachment":[{"href":"https:\/\/www.dostrajamy.com\/en\/wp-json\/wp\/v2\/media?parent=4442"}],"wp:term":[{"taxonomy":"product_brand","embeddable":true,"href":"https:\/\/www.dostrajamy.com\/en\/wp-json\/wp\/v2\/product_brand?post=4442"},{"taxonomy":"product_cat","embeddable":true,"href":"https:\/\/www.dostrajamy.com\/en\/wp-json\/wp\/v2\/product_cat?post=4442"},{"taxonomy":"product_tag","embeddable":true,"href":"https:\/\/www.dostrajamy.com\/en\/wp-json\/wp\/v2\/product_tag?post=4442"}],"curies":[{"name":"wp","href":"https:\/\/api.w.org\/{rel}","templated":true}]}}