{"id":4443,"date":"2025-12-09T11:52:30","date_gmt":"2025-12-09T11:52:30","guid":{"rendered":"https:\/\/www.dostrajamy.com\/?post_type=product&#038;p=4443"},"modified":"2025-12-20T16:12:23","modified_gmt":"2025-12-20T16:12:23","slug":"klipsy-angie","status":"publish","type":"product","link":"https:\/\/www.dostrajamy.com\/en\/product\/klipsy-angie\/","title":{"rendered":"Clips \u201eAngie - The Muse of Courage and Style\u201d"},"content":{"rendered":"<h3 data-start=\"574\" data-end=\"884\">Sensitive information:<\/h3>\n<p class=\"\" data-start=\"908\" data-end=\"1373\"><strong>Form:<\/strong> Klasyczne, eleganckie klipsy o subtelnie rze\u017abionej powierzchni, przyci\u0105gaj\u0105ce uwag\u0119 bez nachalno\u015bci.<br data-start=\"1016\" data-end=\"1019\" \/><strong>Material:<\/strong> Wysokiej jako\u015bci mosi\u0105dz \u2013 trwa\u0142y, a przy tym wyrazisty, o przyjemnym ci\u0119\u017carze.<br data-start=\"1108\" data-end=\"1111\" \/><strong>Finishing:<\/strong> Polerowany z dba\u0142o\u015bci\u0105 o detale \u2013 tak, by pi\u0119knie gra\u0142 ze \u015bwiat\u0142em.<br data-start=\"1191\" data-end=\"1194\" \/><strong>Retail:<\/strong> Osadzony na dole kryszta\u0142 Preciosa \u2013 subtelna iskra wyrafinowania.<br data-start=\"1270\" data-end=\"1273\" \/><strong>Origins:<\/strong> Stworzone r\u0119cznie w greckiej pracowni Kalliope \u2013 z mi\u0142o\u015bci do kobiecej si\u0142y i lekko\u015bci.<\/p>","protected":false},"excerpt":{"rendered":"<p class=\"\" data-start=\"103\" data-end=\"139\">\u2728 Klipsy Angie \u2013 Muza Odwagi i Stylu<\/p>\n<p class=\"\" data-start=\"141\" data-end=\"549\">There are days when just one detail is enough to make you feel yourself fully.<br data-start=\"213\" data-end=\"216\" \/>\u201eAngie\u201d to uk\u0142on w stron\u0119 kobiety, kt\u00f3ra nie boi si\u0119 by\u0107 widziana \u2013 kt\u00f3ra potrafi po\u0142\u0105czy\u0107 klasyczn\u0105 elegancj\u0119 z odrobin\u0105 szale\u0144stwa. Klipsy z nut\u0105 vintage, lecz w sercu nowoczesne \u2013 tak jak Ty.<br data-start=\"414\" data-end=\"417\" \/>The crystal illuminates the look and accentuates inner strength.<br data-start=\"485\" data-end=\"488\" \/>Your Muse of Courage looks you in the eye and says: go - the world is waiting.<\/p>\n<p class=\"\" data-start=\"551\" data-end=\"569\">Discover your Muse.<\/p>\n<p class=\"\" data-start=\"571\" data-end=\"572\">\u2014<\/p>\n<p class=\"\" data-start=\"574\" data-end=\"884\">\u2728 Klipsy wykonane r\u0119cznie z mosi\u0105dzu w greckiej pracowni Kalliope, dzia\u0142aj\u0105cej od 1987 roku w Atenach.<br data-start=\"676\" data-end=\"679\" \/>Na dole ka\u017cdego klipsa osadzono \u015bwietlisty kryszta\u0142 Preciosa \u2013 jak wewn\u0119trzna iskra, kt\u00f3ra przyci\u0105ga wzrok.<br data-start=\"788\" data-end=\"791\" \/>Order today, and if you want to create a set, also ask about the bracelet or necklace.<\/p>","protected":false},"featured_media":4971,"comment_status":"open","ping_status":"closed","template":"","meta":{"_eb_attr":""},"product_brand":[],"product_cat":[57,36],"product_tag":[68,70,69,73,71,72],"class_list":{"0":"post-4443","1":"product","2":"type-product","3":"status-publish","4":"has-post-thumbnail","6":"product_cat-grecka-bizuteria","7":"product_cat-kolczyki","8":"product_tag-bizuteria","9":"product_tag-fashion-jewelry","10":"product_tag-kolczyki","11":"product_tag-krysztal","12":"product_tag-mosiadz","13":"product_tag-swarovski","15":"first","16":"instock","17":"shipping-taxable","18":"purchasable","19":"product-type-simple"},"yoast_head":"<!-- This site is optimized with the Yoast SEO plugin v26.6 - https:\/\/yoast.com\/wordpress\/plugins\/seo\/ -->\n<title>Klipsy &quot;Angie - Muza Odwagi i Stylu&quot; - DomiSol - Dostrajamy<\/title>\n<meta name=\"robots\" content=\"index, follow, max-snippet:-1, max-image-preview:large, max-video-preview:-1\" \/>\n<link rel=\"canonical\" href=\"https:\/\/www.dostrajamy.com\/en\/product\/klipsy-angie\/\" \/>\n<meta property=\"og:locale\" content=\"en_GB\" \/>\n<meta property=\"og:type\" content=\"article\" \/>\n<meta property=\"og:title\" content=\"Klipsy &quot;Angie - Muza Odwagi i Stylu&quot; - DomiSol - Dostrajamy\" \/>\n<meta property=\"og:description\" content=\"\u2728 Klipsy Angie \u2013 Muza Odwagi i Stylu Zdarzaj\u0105 si\u0119 dni, gdy wystarczy jeden detal, by poczu\u0107 si\u0119 sob\u0105 w pe\u0142ni.\u201eAngie\u201d to uk\u0142on w stron\u0119 kobiety, kt\u00f3ra nie boi si\u0119 by\u0107 widziana \u2013 kt\u00f3ra potrafi po\u0142\u0105czy\u0107 klasyczn\u0105 elegancj\u0119 z odrobin\u0105 szale\u0144stwa. Klipsy z nut\u0105 vintage, lecz w sercu nowoczesne \u2013 tak jak Ty.Kryszta\u0142 roz\u015bwietla spojrzenie i akcentuje wewn\u0119trzn\u0105 si\u0142\u0119.Twoja Muza Odwagi patrzy Ci w oczy i m\u00f3wi: id\u017a \u2013 \u015bwiat czeka. Odkryj swoj\u0105 Muz\u0119. \u2014 \u2728 Klipsy wykonane r\u0119cznie z mosi\u0105dzu w greckiej pracowni Kalliope, dzia\u0142aj\u0105cej od 1987 roku w Atenach.Na dole ka\u017cdego klipsa osadzono \u015bwietlisty kryszta\u0142 Preciosa \u2013 jak wewn\u0119trzna iskra, kt\u00f3ra przyci\u0105ga wzrok.Zam\u00f3w ju\u017c dzi\u015b, a je\u015bli chcesz stworzy\u0107 komplet, zapytaj r\u00f3wnie\u017c o bransoletk\u0119 lub naszyjnik.\" \/>\n<meta property=\"og:url\" content=\"https:\/\/www.dostrajamy.com\/en\/product\/klipsy-angie\/\" \/>\n<meta property=\"og:site_name\" content=\"DomiSol - Dostrajamy\" \/>\n<meta property=\"article:publisher\" content=\"https:\/\/www.facebook.com\/domisol.dostrajamy\" \/>\n<meta property=\"article:modified_time\" content=\"2025-12-20T16:12:23+00:00\" \/>\n<meta property=\"og:image\" content=\"https:\/\/www.dostrajamy.com\/wp-content\/uploads\/2025\/12\/IMG_5976-scaled.jpeg\" \/>\n\t<meta property=\"og:image:width\" content=\"1920\" \/>\n\t<meta property=\"og:image:height\" content=\"2560\" \/>\n\t<meta property=\"og:image:type\" content=\"image\/jpeg\" \/>\n<meta name=\"twitter:card\" content=\"summary_large_image\" \/>\n<meta name=\"twitter:label1\" content=\"Estimated reading time\" \/>\n\t<meta name=\"twitter:data1\" content=\"1 minute\" \/>\n<script type=\"application\/ld+json\" class=\"yoast-schema-graph\">{\"@context\":\"https:\/\/schema.org\",\"@graph\":[{\"@type\":\"WebPage\",\"@id\":\"https:\/\/www.dostrajamy.com\/produkt\/klipsy-angie\/\",\"url\":\"https:\/\/www.dostrajamy.com\/produkt\/klipsy-angie\/\",\"name\":\"Klipsy \\\"Angie - Muza Odwagi i Stylu\\\" - DomiSol - Dostrajamy\",\"isPartOf\":{\"@id\":\"https:\/\/www.dostrajamy.com\/#website\"},\"primaryImageOfPage\":{\"@id\":\"https:\/\/www.dostrajamy.com\/produkt\/klipsy-angie\/#primaryimage\"},\"image\":{\"@id\":\"https:\/\/www.dostrajamy.com\/produkt\/klipsy-angie\/#primaryimage\"},\"thumbnailUrl\":\"https:\/\/www.dostrajamy.com\/wp-content\/uploads\/2025\/12\/IMG_5976-scaled.jpeg\",\"datePublished\":\"2025-12-09T11:52:30+00:00\",\"dateModified\":\"2025-12-20T16:12:23+00:00\",\"breadcrumb\":{\"@id\":\"https:\/\/www.dostrajamy.com\/produkt\/klipsy-angie\/#breadcrumb\"},\"inLanguage\":\"en-GB\",\"potentialAction\":[{\"@type\":\"ReadAction\",\"target\":[\"https:\/\/www.dostrajamy.com\/produkt\/klipsy-angie\/\"]}]},{\"@type\":\"ImageObject\",\"inLanguage\":\"en-GB\",\"@id\":\"https:\/\/www.dostrajamy.com\/produkt\/klipsy-angie\/#primaryimage\",\"url\":\"https:\/\/www.dostrajamy.com\/wp-content\/uploads\/2025\/12\/IMG_5976-scaled.jpeg\",\"contentUrl\":\"https:\/\/www.dostrajamy.com\/wp-content\/uploads\/2025\/12\/IMG_5976-scaled.jpeg\",\"width\":1920,\"height\":2560},{\"@type\":\"BreadcrumbList\",\"@id\":\"https:\/\/www.dostrajamy.com\/produkt\/klipsy-angie\/#breadcrumb\",\"itemListElement\":[{\"@type\":\"ListItem\",\"position\":1,\"name\":\"Strona g\u0142\u00f3wna\",\"item\":\"https:\/\/www.dostrajamy.com\/\"},{\"@type\":\"ListItem\",\"position\":2,\"name\":\"Sklep\",\"item\":\"https:\/\/www.dostrajamy.com\/sklep\/\"},{\"@type\":\"ListItem\",\"position\":3,\"name\":\"Klipsy &#8222;Angie &#8211; Muza Odwagi i Stylu&#8221;\"}]},{\"@type\":\"WebSite\",\"@id\":\"https:\/\/www.dostrajamy.com\/#website\",\"url\":\"https:\/\/www.dostrajamy.com\/\",\"name\":\"DomiSol - Dostrajamy\",\"description\":\"Dostr\u00f3j si\u0119 do siebie!\",\"publisher\":{\"@id\":\"https:\/\/www.dostrajamy.com\/#organization\"},\"potentialAction\":[{\"@type\":\"SearchAction\",\"target\":{\"@type\":\"EntryPoint\",\"urlTemplate\":\"https:\/\/www.dostrajamy.com\/?s={search_term_string}\"},\"query-input\":{\"@type\":\"PropertyValueSpecification\",\"valueRequired\":true,\"valueName\":\"search_term_string\"}}],\"inLanguage\":\"en-GB\"},{\"@type\":\"Organization\",\"@id\":\"https:\/\/www.dostrajamy.com\/#organization\",\"name\":\"DomiSol - Dostrajamy\",\"url\":\"https:\/\/www.dostrajamy.com\/\",\"logo\":{\"@type\":\"ImageObject\",\"inLanguage\":\"en-GB\",\"@id\":\"https:\/\/www.dostrajamy.com\/#\/schema\/logo\/image\/\",\"url\":\"https:\/\/www.dostrajamy.com\/wp-content\/uploads\/2025\/02\/cropped-Logo_poziom-1-scaled.png\",\"contentUrl\":\"https:\/\/www.dostrajamy.com\/wp-content\/uploads\/2025\/02\/cropped-Logo_poziom-1-scaled.png\",\"width\":2560,\"height\":453,\"caption\":\"DomiSol - Dostrajamy\"},\"image\":{\"@id\":\"https:\/\/www.dostrajamy.com\/#\/schema\/logo\/image\/\"},\"sameAs\":[\"https:\/\/www.facebook.com\/domisol.dostrajamy\",\"https:\/\/www.instagram.com\/domisol.dostrajamy\",\"https:\/\/www.youtube.com\/@dostrajamy\",\"https:\/\/open.spotify.com\/show\/5je85cYoaCcWGNo7Nwz2iW?si=1c15f6eb977f4f3d&nd=1&dlsi=d2ab15e5d6624979\"]}]}<\/script>\n<!-- \/ Yoast SEO plugin. -->","yoast_head_json":{"title":"Klipsy \"Angie - Muza Odwagi i Stylu\" - DomiSol - Dostrajamy","robots":{"index":"index","follow":"follow","max-snippet":"max-snippet:-1","max-image-preview":"max-image-preview:large","max-video-preview":"max-video-preview:-1"},"canonical":"https:\/\/www.dostrajamy.com\/en\/product\/klipsy-angie\/","og_locale":"en_GB","og_type":"article","og_title":"Klipsy \"Angie - Muza Odwagi i Stylu\" - DomiSol - Dostrajamy","og_description":"\u2728 Klipsy Angie \u2013 Muza Odwagi i Stylu Zdarzaj\u0105 si\u0119 dni, gdy wystarczy jeden detal, by poczu\u0107 si\u0119 sob\u0105 w pe\u0142ni.\u201eAngie\u201d to uk\u0142on w stron\u0119 kobiety, kt\u00f3ra nie boi si\u0119 by\u0107 widziana \u2013 kt\u00f3ra potrafi po\u0142\u0105czy\u0107 klasyczn\u0105 elegancj\u0119 z odrobin\u0105 szale\u0144stwa. Klipsy z nut\u0105 vintage, lecz w sercu nowoczesne \u2013 tak jak Ty.Kryszta\u0142 roz\u015bwietla spojrzenie i akcentuje wewn\u0119trzn\u0105 si\u0142\u0119.Twoja Muza Odwagi patrzy Ci w oczy i m\u00f3wi: id\u017a \u2013 \u015bwiat czeka. Odkryj swoj\u0105 Muz\u0119. \u2014 \u2728 Klipsy wykonane r\u0119cznie z mosi\u0105dzu w greckiej pracowni Kalliope, dzia\u0142aj\u0105cej od 1987 roku w Atenach.Na dole ka\u017cdego klipsa osadzono \u015bwietlisty kryszta\u0142 Preciosa \u2013 jak wewn\u0119trzna iskra, kt\u00f3ra przyci\u0105ga wzrok.Zam\u00f3w ju\u017c dzi\u015b, a je\u015bli chcesz stworzy\u0107 komplet, zapytaj r\u00f3wnie\u017c o bransoletk\u0119 lub naszyjnik.","og_url":"https:\/\/www.dostrajamy.com\/en\/product\/klipsy-angie\/","og_site_name":"DomiSol - Dostrajamy","article_publisher":"https:\/\/www.facebook.com\/domisol.dostrajamy","article_modified_time":"2025-12-20T16:12:23+00:00","og_image":[{"width":1920,"height":2560,"url":"https:\/\/www.dostrajamy.com\/wp-content\/uploads\/2025\/12\/IMG_5976-scaled.jpeg","type":"image\/jpeg"}],"twitter_card":"summary_large_image","twitter_misc":{"Estimated reading time":"1 minute"},"schema":{"@context":"https:\/\/schema.org","@graph":[{"@type":"WebPage","@id":"https:\/\/www.dostrajamy.com\/produkt\/klipsy-angie\/","url":"https:\/\/www.dostrajamy.com\/produkt\/klipsy-angie\/","name":"Klipsy \"Angie - Muza Odwagi i Stylu\" - DomiSol - Dostrajamy","isPartOf":{"@id":"https:\/\/www.dostrajamy.com\/#website"},"primaryImageOfPage":{"@id":"https:\/\/www.dostrajamy.com\/produkt\/klipsy-angie\/#primaryimage"},"image":{"@id":"https:\/\/www.dostrajamy.com\/produkt\/klipsy-angie\/#primaryimage"},"thumbnailUrl":"https:\/\/www.dostrajamy.com\/wp-content\/uploads\/2025\/12\/IMG_5976-scaled.jpeg","datePublished":"2025-12-09T11:52:30+00:00","dateModified":"2025-12-20T16:12:23+00:00","breadcrumb":{"@id":"https:\/\/www.dostrajamy.com\/produkt\/klipsy-angie\/#breadcrumb"},"inLanguage":"en-GB","potentialAction":[{"@type":"ReadAction","target":["https:\/\/www.dostrajamy.com\/produkt\/klipsy-angie\/"]}]},{"@type":"ImageObject","inLanguage":"en-GB","@id":"https:\/\/www.dostrajamy.com\/produkt\/klipsy-angie\/#primaryimage","url":"https:\/\/www.dostrajamy.com\/wp-content\/uploads\/2025\/12\/IMG_5976-scaled.jpeg","contentUrl":"https:\/\/www.dostrajamy.com\/wp-content\/uploads\/2025\/12\/IMG_5976-scaled.jpeg","width":1920,"height":2560},{"@type":"BreadcrumbList","@id":"https:\/\/www.dostrajamy.com\/produkt\/klipsy-angie\/#breadcrumb","itemListElement":[{"@type":"ListItem","position":1,"name":"Strona g\u0142\u00f3wna","item":"https:\/\/www.dostrajamy.com\/"},{"@type":"ListItem","position":2,"name":"Sklep","item":"https:\/\/www.dostrajamy.com\/sklep\/"},{"@type":"ListItem","position":3,"name":"Klipsy &#8222;Angie &#8211; Muza Odwagi i Stylu&#8221;"}]},{"@type":"WebSite","@id":"https:\/\/www.dostrajamy.com\/#website","url":"https:\/\/www.dostrajamy.com\/","name":"DomiSol - Dostrajamy","description":"Tune in to yourself!","publisher":{"@id":"https:\/\/www.dostrajamy.com\/#organization"},"potentialAction":[{"@type":"SearchAction","target":{"@type":"EntryPoint","urlTemplate":"https:\/\/www.dostrajamy.com\/?s={search_term_string}"},"query-input":{"@type":"PropertyValueSpecification","valueRequired":true,"valueName":"search_term_string"}}],"inLanguage":"en-GB"},{"@type":"Organization","@id":"https:\/\/www.dostrajamy.com\/#organization","name":"DomiSol - Dostrajamy","url":"https:\/\/www.dostrajamy.com\/","logo":{"@type":"ImageObject","inLanguage":"en-GB","@id":"https:\/\/www.dostrajamy.com\/#\/schema\/logo\/image\/","url":"https:\/\/www.dostrajamy.com\/wp-content\/uploads\/2025\/02\/cropped-Logo_poziom-1-scaled.png","contentUrl":"https:\/\/www.dostrajamy.com\/wp-content\/uploads\/2025\/02\/cropped-Logo_poziom-1-scaled.png","width":2560,"height":453,"caption":"DomiSol - Dostrajamy"},"image":{"@id":"https:\/\/www.dostrajamy.com\/#\/schema\/logo\/image\/"},"sameAs":["https:\/\/www.facebook.com\/domisol.dostrajamy","https:\/\/www.instagram.com\/domisol.dostrajamy","https:\/\/www.youtube.com\/@dostrajamy","https:\/\/open.spotify.com\/show\/5je85cYoaCcWGNo7Nwz2iW?si=1c15f6eb977f4f3d&nd=1&dlsi=d2ab15e5d6624979"]}]}},"_links":{"self":[{"href":"https:\/\/www.dostrajamy.com\/en\/wp-json\/wp\/v2\/product\/4443","targetHints":{"allow":["GET"]}}],"collection":[{"href":"https:\/\/www.dostrajamy.com\/en\/wp-json\/wp\/v2\/product"}],"about":[{"href":"https:\/\/www.dostrajamy.com\/en\/wp-json\/wp\/v2\/types\/product"}],"replies":[{"embeddable":true,"href":"https:\/\/www.dostrajamy.com\/en\/wp-json\/wp\/v2\/comments?post=4443"}],"wp:featuredmedia":[{"embeddable":true,"href":"https:\/\/www.dostrajamy.com\/en\/wp-json\/wp\/v2\/media\/4971"}],"wp:attachment":[{"href":"https:\/\/www.dostrajamy.com\/en\/wp-json\/wp\/v2\/media?parent=4443"}],"wp:term":[{"taxonomy":"product_brand","embeddable":true,"href":"https:\/\/www.dostrajamy.com\/en\/wp-json\/wp\/v2\/product_brand?post=4443"},{"taxonomy":"product_cat","embeddable":true,"href":"https:\/\/www.dostrajamy.com\/en\/wp-json\/wp\/v2\/product_cat?post=4443"},{"taxonomy":"product_tag","embeddable":true,"href":"https:\/\/www.dostrajamy.com\/en\/wp-json\/wp\/v2\/product_tag?post=4443"}],"curies":[{"name":"wp","href":"https:\/\/api.w.org\/{rel}","templated":true}]}}