{"id":4460,"date":"2025-12-09T12:22:42","date_gmt":"2025-12-09T12:22:42","guid":{"rendered":"https:\/\/www.dostrajamy.com\/?post_type=product&#038;p=4460"},"modified":"2025-12-10T08:28:31","modified_gmt":"2025-12-10T08:28:31","slug":"pierscien-poczatek-swietlista-muza-nowych-drog","status":"publish","type":"product","link":"https:\/\/www.dostrajamy.com\/en\/product\/pierscien-poczatek-swietlista-muza-nowych-drog\/","title":{"rendered":"Ring of Beginnings - The Luminous Muse of the New Roads"},"content":{"rendered":"<h3 data-start=\"1132\" data-end=\"1395\">\u2728 Sensitive information:<\/h3>\n<ul>\n<li data-start=\"539\" data-end=\"629\">\n<p data-start=\"541\" data-end=\"629\"><strong data-start=\"541\" data-end=\"550\">Form<\/strong>: circular adjustable ring.<\/p>\n<\/li>\n<li data-start=\"630\" data-end=\"656\">\n<p data-start=\"632\" data-end=\"656\"><strong data-start=\"632\" data-end=\"644\">Material<\/strong>: brass.<\/p>\n<\/li>\n<li data-start=\"657\" data-end=\"704\">\n<p data-start=\"659\" data-end=\"704\"><strong data-start=\"659\" data-end=\"674\">Finishing<\/strong>: natural lustre brass, tinted resin.<\/p>\n<\/li>\n<li data-start=\"705\" data-end=\"780\">\n<p data-start=\"707\" data-end=\"780\"><strong data-start=\"707\" data-end=\"716\">Detail<\/strong>: Wype\u0142nienie z \u017cywicy w kolorze transparentnym, lekko \u017c\u00f3\u0142tym z faktur\u0105<\/p>\n<\/li>\n<li data-start=\"781\" data-end=\"850\">\n<p data-start=\"783\" data-end=\"850\"><strong data-start=\"783\" data-end=\"798\">Origins<\/strong>: handmade in Athens, at the Kalliope workshop.<\/p>\n<\/li>\n<\/ul>","protected":false},"excerpt":{"rendered":"<p data-start=\"76\" data-end=\"130\"><strong data-start=\"76\" data-end=\"128\">Pier\u015bcie\u0144 Pocz\u0105tek &#8211; \u015awietlista Muza Nowych Dr\u00f3g<\/strong><\/p>\n<p data-start=\"132\" data-end=\"521\">Ka\u017cdy pocz\u0105tek kryje w sobie magi\u0119 i ciche \u015bwiat\u0142o. Pier\u015bcie\u0144 \u201ePocz\u0105tek \u2013 \u015awietlista Muza Nowych Dr\u00f3g\u201d otula palec kr\u0119giem pe\u0142nym \u017cycia, a transparentna, lekko \u017c\u00f3\u0142ta \u017cywica o subtelnej fakturze przywodzi na my\u015bl poranne s\u0142o\u0144ce przenikaj\u0105ce przestrze\u0144 \u2014 delikatne, a pe\u0142ne obietnic. Twoja Muza prowadzi Ci\u0119 \u0142agodnie, przypominaj\u0105c, \u017ce nowe drogi mog\u0105 rozpoczyna\u0107 si\u0119 w jasno\u015bci i spokoju.<\/p>\n<p data-start=\"523\" data-end=\"573\"><strong data-start=\"523\" data-end=\"571\">Za\u0142\u00f3\u017c i pozw\u00f3l, by \u015bwiat\u0142o Ci\u0119 poprowadzi\u0142o.<\/strong><\/p>","protected":false},"featured_media":4451,"comment_status":"open","ping_status":"closed","template":"","meta":{"_eb_attr":""},"product_brand":[],"product_cat":[57,31],"product_tag":[68,70,71,76,75],"class_list":{"0":"post-4460","1":"product","2":"type-product","3":"status-publish","4":"has-post-thumbnail","6":"product_cat-grecka-bizuteria","7":"product_cat-pierscionki","8":"product_tag-bizuteria","9":"product_tag-fashion-jewelry","10":"product_tag-mosiadz","11":"product_tag-pierscien","12":"product_tag-zywica","14":"first","15":"instock","16":"shipping-taxable","17":"purchasable","18":"product-type-simple"},"yoast_head":"<!-- This site is optimized with the Yoast SEO plugin v26.6 - https:\/\/yoast.com\/wordpress\/plugins\/seo\/ -->\n<title>Pier\u015bcie\u0144 Pocz\u0105tek \u2013 \u015awietlista Muza Nowych Dr\u00f3g - DomiSol - Dostrajamy<\/title>\n<meta name=\"robots\" content=\"index, follow, max-snippet:-1, max-image-preview:large, max-video-preview:-1\" \/>\n<link rel=\"canonical\" href=\"https:\/\/www.dostrajamy.com\/en\/product\/pierscien-poczatek-swietlista-muza-nowych-drog\/\" \/>\n<meta property=\"og:locale\" content=\"en_GB\" \/>\n<meta property=\"og:type\" content=\"article\" \/>\n<meta property=\"og:title\" content=\"Pier\u015bcie\u0144 Pocz\u0105tek \u2013 \u015awietlista Muza Nowych Dr\u00f3g - DomiSol - Dostrajamy\" \/>\n<meta property=\"og:description\" content=\"Pier\u015bcie\u0144 Pocz\u0105tek - \u015awietlista Muza Nowych Dr\u00f3g Ka\u017cdy pocz\u0105tek kryje w sobie magi\u0119 i ciche \u015bwiat\u0142o. Pier\u015bcie\u0144 \u201ePocz\u0105tek \u2013 \u015awietlista Muza Nowych Dr\u00f3g\u201d otula palec kr\u0119giem pe\u0142nym \u017cycia, a transparentna, lekko \u017c\u00f3\u0142ta \u017cywica o subtelnej fakturze przywodzi na my\u015bl poranne s\u0142o\u0144ce przenikaj\u0105ce przestrze\u0144 \u2014 delikatne, a pe\u0142ne obietnic. Twoja Muza prowadzi Ci\u0119 \u0142agodnie, przypominaj\u0105c, \u017ce nowe drogi mog\u0105 rozpoczyna\u0107 si\u0119 w jasno\u015bci i spokoju. Za\u0142\u00f3\u017c i pozw\u00f3l, by \u015bwiat\u0142o Ci\u0119 poprowadzi\u0142o.\" \/>\n<meta property=\"og:url\" content=\"https:\/\/www.dostrajamy.com\/en\/product\/pierscien-poczatek-swietlista-muza-nowych-drog\/\" \/>\n<meta property=\"og:site_name\" content=\"DomiSol - Dostrajamy\" \/>\n<meta property=\"article:publisher\" content=\"https:\/\/www.facebook.com\/domisol.dostrajamy\" \/>\n<meta property=\"article:modified_time\" content=\"2025-12-10T08:28:31+00:00\" \/>\n<meta property=\"og:image\" content=\"https:\/\/www.dostrajamy.com\/wp-content\/uploads\/2025\/12\/IMG_5790.webp\" \/>\n\t<meta property=\"og:image:width\" content=\"840\" \/>\n\t<meta property=\"og:image:height\" content=\"840\" \/>\n\t<meta property=\"og:image:type\" content=\"image\/webp\" \/>\n<meta name=\"twitter:card\" content=\"summary_large_image\" \/>\n<meta name=\"twitter:label1\" content=\"Estimated reading time\" \/>\n\t<meta name=\"twitter:data1\" content=\"1 minute\" \/>\n<script type=\"application\/ld+json\" class=\"yoast-schema-graph\">{\"@context\":\"https:\/\/schema.org\",\"@graph\":[{\"@type\":\"WebPage\",\"@id\":\"https:\/\/www.dostrajamy.com\/produkt\/pierscien-poczatek-swietlista-muza-nowych-drog\/\",\"url\":\"https:\/\/www.dostrajamy.com\/produkt\/pierscien-poczatek-swietlista-muza-nowych-drog\/\",\"name\":\"Pier\u015bcie\u0144 Pocz\u0105tek \u2013 \u015awietlista Muza Nowych Dr\u00f3g - DomiSol - Dostrajamy\",\"isPartOf\":{\"@id\":\"https:\/\/www.dostrajamy.com\/#website\"},\"primaryImageOfPage\":{\"@id\":\"https:\/\/www.dostrajamy.com\/produkt\/pierscien-poczatek-swietlista-muza-nowych-drog\/#primaryimage\"},\"image\":{\"@id\":\"https:\/\/www.dostrajamy.com\/produkt\/pierscien-poczatek-swietlista-muza-nowych-drog\/#primaryimage\"},\"thumbnailUrl\":\"https:\/\/www.dostrajamy.com\/wp-content\/uploads\/2025\/12\/IMG_5790.webp\",\"datePublished\":\"2025-12-09T12:22:42+00:00\",\"dateModified\":\"2025-12-10T08:28:31+00:00\",\"breadcrumb\":{\"@id\":\"https:\/\/www.dostrajamy.com\/produkt\/pierscien-poczatek-swietlista-muza-nowych-drog\/#breadcrumb\"},\"inLanguage\":\"en-GB\",\"potentialAction\":[{\"@type\":\"ReadAction\",\"target\":[\"https:\/\/www.dostrajamy.com\/produkt\/pierscien-poczatek-swietlista-muza-nowych-drog\/\"]}]},{\"@type\":\"ImageObject\",\"inLanguage\":\"en-GB\",\"@id\":\"https:\/\/www.dostrajamy.com\/produkt\/pierscien-poczatek-swietlista-muza-nowych-drog\/#primaryimage\",\"url\":\"https:\/\/www.dostrajamy.com\/wp-content\/uploads\/2025\/12\/IMG_5790.webp\",\"contentUrl\":\"https:\/\/www.dostrajamy.com\/wp-content\/uploads\/2025\/12\/IMG_5790.webp\",\"width\":840,\"height\":840},{\"@type\":\"BreadcrumbList\",\"@id\":\"https:\/\/www.dostrajamy.com\/produkt\/pierscien-poczatek-swietlista-muza-nowych-drog\/#breadcrumb\",\"itemListElement\":[{\"@type\":\"ListItem\",\"position\":1,\"name\":\"Strona g\u0142\u00f3wna\",\"item\":\"https:\/\/www.dostrajamy.com\/\"},{\"@type\":\"ListItem\",\"position\":2,\"name\":\"Sklep\",\"item\":\"https:\/\/www.dostrajamy.com\/sklep\/\"},{\"@type\":\"ListItem\",\"position\":3,\"name\":\"Pier\u015bcie\u0144 Pocz\u0105tek \u2013 \u015awietlista Muza Nowych Dr\u00f3g\"}]},{\"@type\":\"WebSite\",\"@id\":\"https:\/\/www.dostrajamy.com\/#website\",\"url\":\"https:\/\/www.dostrajamy.com\/\",\"name\":\"DomiSol - Dostrajamy\",\"description\":\"Dostr\u00f3j si\u0119 do siebie!\",\"publisher\":{\"@id\":\"https:\/\/www.dostrajamy.com\/#organization\"},\"potentialAction\":[{\"@type\":\"SearchAction\",\"target\":{\"@type\":\"EntryPoint\",\"urlTemplate\":\"https:\/\/www.dostrajamy.com\/?s={search_term_string}\"},\"query-input\":{\"@type\":\"PropertyValueSpecification\",\"valueRequired\":true,\"valueName\":\"search_term_string\"}}],\"inLanguage\":\"en-GB\"},{\"@type\":\"Organization\",\"@id\":\"https:\/\/www.dostrajamy.com\/#organization\",\"name\":\"DomiSol - Dostrajamy\",\"url\":\"https:\/\/www.dostrajamy.com\/\",\"logo\":{\"@type\":\"ImageObject\",\"inLanguage\":\"en-GB\",\"@id\":\"https:\/\/www.dostrajamy.com\/#\/schema\/logo\/image\/\",\"url\":\"https:\/\/www.dostrajamy.com\/wp-content\/uploads\/2025\/02\/cropped-Logo_poziom-1-scaled.png\",\"contentUrl\":\"https:\/\/www.dostrajamy.com\/wp-content\/uploads\/2025\/02\/cropped-Logo_poziom-1-scaled.png\",\"width\":2560,\"height\":453,\"caption\":\"DomiSol - Dostrajamy\"},\"image\":{\"@id\":\"https:\/\/www.dostrajamy.com\/#\/schema\/logo\/image\/\"},\"sameAs\":[\"https:\/\/www.facebook.com\/domisol.dostrajamy\",\"https:\/\/www.instagram.com\/domisol.dostrajamy\",\"https:\/\/www.youtube.com\/@dostrajamy\",\"https:\/\/open.spotify.com\/show\/5je85cYoaCcWGNo7Nwz2iW?si=1c15f6eb977f4f3d&nd=1&dlsi=d2ab15e5d6624979\"]}]}<\/script>\n<!-- \/ Yoast SEO plugin. -->","yoast_head_json":{"title":"Pier\u015bcie\u0144 Pocz\u0105tek \u2013 \u015awietlista Muza Nowych Dr\u00f3g - DomiSol - Dostrajamy","robots":{"index":"index","follow":"follow","max-snippet":"max-snippet:-1","max-image-preview":"max-image-preview:large","max-video-preview":"max-video-preview:-1"},"canonical":"https:\/\/www.dostrajamy.com\/en\/product\/pierscien-poczatek-swietlista-muza-nowych-drog\/","og_locale":"en_GB","og_type":"article","og_title":"Pier\u015bcie\u0144 Pocz\u0105tek \u2013 \u015awietlista Muza Nowych Dr\u00f3g - DomiSol - Dostrajamy","og_description":"Pier\u015bcie\u0144 Pocz\u0105tek - \u015awietlista Muza Nowych Dr\u00f3g Ka\u017cdy pocz\u0105tek kryje w sobie magi\u0119 i ciche \u015bwiat\u0142o. Pier\u015bcie\u0144 \u201ePocz\u0105tek \u2013 \u015awietlista Muza Nowych Dr\u00f3g\u201d otula palec kr\u0119giem pe\u0142nym \u017cycia, a transparentna, lekko \u017c\u00f3\u0142ta \u017cywica o subtelnej fakturze przywodzi na my\u015bl poranne s\u0142o\u0144ce przenikaj\u0105ce przestrze\u0144 \u2014 delikatne, a pe\u0142ne obietnic. Twoja Muza prowadzi Ci\u0119 \u0142agodnie, przypominaj\u0105c, \u017ce nowe drogi mog\u0105 rozpoczyna\u0107 si\u0119 w jasno\u015bci i spokoju. Za\u0142\u00f3\u017c i pozw\u00f3l, by \u015bwiat\u0142o Ci\u0119 poprowadzi\u0142o.","og_url":"https:\/\/www.dostrajamy.com\/en\/product\/pierscien-poczatek-swietlista-muza-nowych-drog\/","og_site_name":"DomiSol - Dostrajamy","article_publisher":"https:\/\/www.facebook.com\/domisol.dostrajamy","article_modified_time":"2025-12-10T08:28:31+00:00","og_image":[{"width":840,"height":840,"url":"https:\/\/www.dostrajamy.com\/wp-content\/uploads\/2025\/12\/IMG_5790.webp","type":"image\/webp"}],"twitter_card":"summary_large_image","twitter_misc":{"Estimated reading time":"1 minute"},"schema":{"@context":"https:\/\/schema.org","@graph":[{"@type":"WebPage","@id":"https:\/\/www.dostrajamy.com\/produkt\/pierscien-poczatek-swietlista-muza-nowych-drog\/","url":"https:\/\/www.dostrajamy.com\/produkt\/pierscien-poczatek-swietlista-muza-nowych-drog\/","name":"Pier\u015bcie\u0144 Pocz\u0105tek \u2013 \u015awietlista Muza Nowych Dr\u00f3g - DomiSol - Dostrajamy","isPartOf":{"@id":"https:\/\/www.dostrajamy.com\/#website"},"primaryImageOfPage":{"@id":"https:\/\/www.dostrajamy.com\/produkt\/pierscien-poczatek-swietlista-muza-nowych-drog\/#primaryimage"},"image":{"@id":"https:\/\/www.dostrajamy.com\/produkt\/pierscien-poczatek-swietlista-muza-nowych-drog\/#primaryimage"},"thumbnailUrl":"https:\/\/www.dostrajamy.com\/wp-content\/uploads\/2025\/12\/IMG_5790.webp","datePublished":"2025-12-09T12:22:42+00:00","dateModified":"2025-12-10T08:28:31+00:00","breadcrumb":{"@id":"https:\/\/www.dostrajamy.com\/produkt\/pierscien-poczatek-swietlista-muza-nowych-drog\/#breadcrumb"},"inLanguage":"en-GB","potentialAction":[{"@type":"ReadAction","target":["https:\/\/www.dostrajamy.com\/produkt\/pierscien-poczatek-swietlista-muza-nowych-drog\/"]}]},{"@type":"ImageObject","inLanguage":"en-GB","@id":"https:\/\/www.dostrajamy.com\/produkt\/pierscien-poczatek-swietlista-muza-nowych-drog\/#primaryimage","url":"https:\/\/www.dostrajamy.com\/wp-content\/uploads\/2025\/12\/IMG_5790.webp","contentUrl":"https:\/\/www.dostrajamy.com\/wp-content\/uploads\/2025\/12\/IMG_5790.webp","width":840,"height":840},{"@type":"BreadcrumbList","@id":"https:\/\/www.dostrajamy.com\/produkt\/pierscien-poczatek-swietlista-muza-nowych-drog\/#breadcrumb","itemListElement":[{"@type":"ListItem","position":1,"name":"Strona g\u0142\u00f3wna","item":"https:\/\/www.dostrajamy.com\/"},{"@type":"ListItem","position":2,"name":"Sklep","item":"https:\/\/www.dostrajamy.com\/sklep\/"},{"@type":"ListItem","position":3,"name":"Pier\u015bcie\u0144 Pocz\u0105tek \u2013 \u015awietlista Muza Nowych Dr\u00f3g"}]},{"@type":"WebSite","@id":"https:\/\/www.dostrajamy.com\/#website","url":"https:\/\/www.dostrajamy.com\/","name":"DomiSol - Dostrajamy","description":"Tune in to yourself!","publisher":{"@id":"https:\/\/www.dostrajamy.com\/#organization"},"potentialAction":[{"@type":"SearchAction","target":{"@type":"EntryPoint","urlTemplate":"https:\/\/www.dostrajamy.com\/?s={search_term_string}"},"query-input":{"@type":"PropertyValueSpecification","valueRequired":true,"valueName":"search_term_string"}}],"inLanguage":"en-GB"},{"@type":"Organization","@id":"https:\/\/www.dostrajamy.com\/#organization","name":"DomiSol - Dostrajamy","url":"https:\/\/www.dostrajamy.com\/","logo":{"@type":"ImageObject","inLanguage":"en-GB","@id":"https:\/\/www.dostrajamy.com\/#\/schema\/logo\/image\/","url":"https:\/\/www.dostrajamy.com\/wp-content\/uploads\/2025\/02\/cropped-Logo_poziom-1-scaled.png","contentUrl":"https:\/\/www.dostrajamy.com\/wp-content\/uploads\/2025\/02\/cropped-Logo_poziom-1-scaled.png","width":2560,"height":453,"caption":"DomiSol - Dostrajamy"},"image":{"@id":"https:\/\/www.dostrajamy.com\/#\/schema\/logo\/image\/"},"sameAs":["https:\/\/www.facebook.com\/domisol.dostrajamy","https:\/\/www.instagram.com\/domisol.dostrajamy","https:\/\/www.youtube.com\/@dostrajamy","https:\/\/open.spotify.com\/show\/5je85cYoaCcWGNo7Nwz2iW?si=1c15f6eb977f4f3d&nd=1&dlsi=d2ab15e5d6624979"]}]}},"_links":{"self":[{"href":"https:\/\/www.dostrajamy.com\/en\/wp-json\/wp\/v2\/product\/4460","targetHints":{"allow":["GET"]}}],"collection":[{"href":"https:\/\/www.dostrajamy.com\/en\/wp-json\/wp\/v2\/product"}],"about":[{"href":"https:\/\/www.dostrajamy.com\/en\/wp-json\/wp\/v2\/types\/product"}],"replies":[{"embeddable":true,"href":"https:\/\/www.dostrajamy.com\/en\/wp-json\/wp\/v2\/comments?post=4460"}],"wp:featuredmedia":[{"embeddable":true,"href":"https:\/\/www.dostrajamy.com\/en\/wp-json\/wp\/v2\/media\/4451"}],"wp:attachment":[{"href":"https:\/\/www.dostrajamy.com\/en\/wp-json\/wp\/v2\/media?parent=4460"}],"wp:term":[{"taxonomy":"product_brand","embeddable":true,"href":"https:\/\/www.dostrajamy.com\/en\/wp-json\/wp\/v2\/product_brand?post=4460"},{"taxonomy":"product_cat","embeddable":true,"href":"https:\/\/www.dostrajamy.com\/en\/wp-json\/wp\/v2\/product_cat?post=4460"},{"taxonomy":"product_tag","embeddable":true,"href":"https:\/\/www.dostrajamy.com\/en\/wp-json\/wp\/v2\/product_tag?post=4460"}],"curies":[{"name":"wp","href":"https:\/\/api.w.org\/{rel}","templated":true}]}}