{"id":4466,"date":"2025-12-10T08:37:20","date_gmt":"2025-12-10T08:37:20","guid":{"rendered":"https:\/\/www.dostrajamy.com\/?post_type=product&#038;p=4466"},"modified":"2025-12-10T08:40:27","modified_gmt":"2025-12-10T08:40:27","slug":"earrings-square-light-muse-of-attentiveness","status":"publish","type":"product","link":"https:\/\/www.dostrajamy.com\/en\/product\/earrings-square-light-muse-of-attentiveness\/","title":{"rendered":"Square of Light Earrings - The Muse of Mindfulness"},"content":{"rendered":"<h3 data-start=\"979\" data-end=\"1242\">Sensitive information:<\/h3>\n<ul>\n<li data-start=\"621\" data-end=\"697\">\n<p data-start=\"623\" data-end=\"697\"><strong data-start=\"623\" data-end=\"632\">Form<\/strong>: Earrings on sticks in the shape of small squares.<\/p>\n<\/li>\n<li data-start=\"698\" data-end=\"767\">\n<p data-start=\"700\" data-end=\"767\"><strong data-start=\"700\" data-end=\"712\">Material<\/strong>: Brass, resin.<\/p>\n<\/li>\n<li data-start=\"768\" data-end=\"834\">\n<p data-start=\"770\" data-end=\"834\"><strong data-start=\"770\" data-end=\"785\">Finishing<\/strong>: Natural gold brass finish.<\/p>\n<\/li>\n<li data-start=\"835\" data-end=\"926\">\n<p data-start=\"837\" data-end=\"926\"><strong data-start=\"837\" data-end=\"846\">Detail<\/strong>: Square resin elements with a distinctive, heterogeneous texture.<\/p>\n<\/li>\n<li data-start=\"927\" data-end=\"996\">\n<p data-start=\"929\" data-end=\"996\"><strong data-start=\"929\" data-end=\"944\">Origins<\/strong>: Handmade in Athens, at the Kalliope studio.<\/p>\n<\/li>\n<\/ul>","protected":false},"excerpt":{"rendered":"<h2 data-start=\"187\" data-end=\"235\"><strong data-start=\"190\" data-end=\"235\">Square of Light Earrings - The Muse of Mindfulness<\/strong><\/h2>\n<p data-start=\"237\" data-end=\"436\">Small in form, yet eye-catching. These earrings are like a moment of pause - a small square of resin with an intriguing texture, where light settles and moves with every movement. The Muse of Attention invites you to see the beauty in the detail. To intimacy with what is subtle yet expressive.<\/p>\n<p data-start=\"557\" data-end=\"595\">Put them on and let yourself shine quietly.<\/p>","protected":false},"featured_media":4417,"comment_status":"open","ping_status":"closed","template":"","meta":{"_eb_attr":""},"product_brand":[],"product_cat":[57,36],"product_tag":[68,70,69,71],"class_list":{"0":"post-4466","1":"product","2":"type-product","3":"status-publish","4":"has-post-thumbnail","6":"product_cat-grecka-bizuteria","7":"product_cat-kolczyki","8":"product_tag-bizuteria","9":"product_tag-fashion-jewelry","10":"product_tag-kolczyki","11":"product_tag-mosiadz","13":"first","14":"instock","15":"shipping-taxable","16":"purchasable","17":"product-type-simple"},"yoast_head":"<!-- This site is optimized with the Yoast SEO plugin v26.6 - https:\/\/yoast.com\/wordpress\/plugins\/seo\/ -->\n<title>Kolczyki Kwadrat \u015awiat\u0142a - Muza Uwa\u017cno\u015bci - DomiSol - Dostrajamy<\/title>\n<meta name=\"robots\" content=\"index, follow, max-snippet:-1, max-image-preview:large, max-video-preview:-1\" \/>\n<link rel=\"canonical\" href=\"https:\/\/www.dostrajamy.com\/en\/product\/earrings-square-light-muse-of-attentiveness\/\" \/>\n<meta property=\"og:locale\" content=\"en_GB\" \/>\n<meta property=\"og:type\" content=\"article\" \/>\n<meta property=\"og:title\" content=\"Kolczyki Kwadrat \u015awiat\u0142a - Muza Uwa\u017cno\u015bci - DomiSol - Dostrajamy\" \/>\n<meta property=\"og:description\" content=\"Kolczyki Kwadrat \u015awiat\u0142a - Muza Uwa\u017cno\u015bci Niewielkie w formie, a jednak przyci\u0105gaj\u0105ce spojrzenie. Te kolczyki s\u0105 jak chwila zatrzymania \u2014 ma\u0142y kwadrat \u017cywicy o intryguj\u0105cej fakturze, w kt\u00f3rym \u015bwiat\u0142o osiada i porusza si\u0119 przy ka\u017cdym ruchu. Muza Uwa\u017cno\u015bci zaprasza do dostrzegania pi\u0119kna w detalu. Do blisko\u015bci z tym, co subtelne, a jednocze\u015bnie wyraziste. Za\u0142\u00f3\u017c je i pozw\u00f3l sobie \u015bwieci\u0107 cicho.\" \/>\n<meta property=\"og:url\" content=\"https:\/\/www.dostrajamy.com\/en\/product\/earrings-square-light-muse-of-attentiveness\/\" \/>\n<meta property=\"og:site_name\" content=\"DomiSol - Dostrajamy\" \/>\n<meta property=\"article:publisher\" content=\"https:\/\/www.facebook.com\/domisol.dostrajamy\" \/>\n<meta property=\"article:modified_time\" content=\"2025-12-10T08:40:27+00:00\" \/>\n<meta property=\"og:image\" content=\"https:\/\/www.dostrajamy.com\/wp-content\/uploads\/2025\/12\/IMG_5474.webp\" \/>\n\t<meta property=\"og:image:width\" content=\"840\" \/>\n\t<meta property=\"og:image:height\" content=\"840\" \/>\n\t<meta property=\"og:image:type\" content=\"image\/webp\" \/>\n<meta name=\"twitter:card\" content=\"summary_large_image\" \/>\n<meta name=\"twitter:label1\" content=\"Estimated reading time\" \/>\n\t<meta name=\"twitter:data1\" content=\"1 minute\" \/>\n<script type=\"application\/ld+json\" class=\"yoast-schema-graph\">{\"@context\":\"https:\/\/schema.org\",\"@graph\":[{\"@type\":\"WebPage\",\"@id\":\"https:\/\/www.dostrajamy.com\/produkt\/kolczyki-kwadrat-swiatla-muza-uwaznosci\/\",\"url\":\"https:\/\/www.dostrajamy.com\/produkt\/kolczyki-kwadrat-swiatla-muza-uwaznosci\/\",\"name\":\"Kolczyki Kwadrat \u015awiat\u0142a - Muza Uwa\u017cno\u015bci - DomiSol - Dostrajamy\",\"isPartOf\":{\"@id\":\"https:\/\/www.dostrajamy.com\/#website\"},\"primaryImageOfPage\":{\"@id\":\"https:\/\/www.dostrajamy.com\/produkt\/kolczyki-kwadrat-swiatla-muza-uwaznosci\/#primaryimage\"},\"image\":{\"@id\":\"https:\/\/www.dostrajamy.com\/produkt\/kolczyki-kwadrat-swiatla-muza-uwaznosci\/#primaryimage\"},\"thumbnailUrl\":\"https:\/\/www.dostrajamy.com\/wp-content\/uploads\/2025\/12\/IMG_5474.webp\",\"datePublished\":\"2025-12-10T08:37:20+00:00\",\"dateModified\":\"2025-12-10T08:40:27+00:00\",\"breadcrumb\":{\"@id\":\"https:\/\/www.dostrajamy.com\/produkt\/kolczyki-kwadrat-swiatla-muza-uwaznosci\/#breadcrumb\"},\"inLanguage\":\"en-GB\",\"potentialAction\":[{\"@type\":\"ReadAction\",\"target\":[\"https:\/\/www.dostrajamy.com\/produkt\/kolczyki-kwadrat-swiatla-muza-uwaznosci\/\"]}]},{\"@type\":\"ImageObject\",\"inLanguage\":\"en-GB\",\"@id\":\"https:\/\/www.dostrajamy.com\/produkt\/kolczyki-kwadrat-swiatla-muza-uwaznosci\/#primaryimage\",\"url\":\"https:\/\/www.dostrajamy.com\/wp-content\/uploads\/2025\/12\/IMG_5474.webp\",\"contentUrl\":\"https:\/\/www.dostrajamy.com\/wp-content\/uploads\/2025\/12\/IMG_5474.webp\",\"width\":840,\"height\":840},{\"@type\":\"BreadcrumbList\",\"@id\":\"https:\/\/www.dostrajamy.com\/produkt\/kolczyki-kwadrat-swiatla-muza-uwaznosci\/#breadcrumb\",\"itemListElement\":[{\"@type\":\"ListItem\",\"position\":1,\"name\":\"Strona g\u0142\u00f3wna\",\"item\":\"https:\/\/www.dostrajamy.com\/\"},{\"@type\":\"ListItem\",\"position\":2,\"name\":\"Sklep\",\"item\":\"https:\/\/www.dostrajamy.com\/sklep\/\"},{\"@type\":\"ListItem\",\"position\":3,\"name\":\"Kolczyki Kwadrat \u015awiat\u0142a &#8211; Muza Uwa\u017cno\u015bci\"}]},{\"@type\":\"WebSite\",\"@id\":\"https:\/\/www.dostrajamy.com\/#website\",\"url\":\"https:\/\/www.dostrajamy.com\/\",\"name\":\"DomiSol - Dostrajamy\",\"description\":\"Dostr\u00f3j si\u0119 do siebie!\",\"publisher\":{\"@id\":\"https:\/\/www.dostrajamy.com\/#organization\"},\"potentialAction\":[{\"@type\":\"SearchAction\",\"target\":{\"@type\":\"EntryPoint\",\"urlTemplate\":\"https:\/\/www.dostrajamy.com\/?s={search_term_string}\"},\"query-input\":{\"@type\":\"PropertyValueSpecification\",\"valueRequired\":true,\"valueName\":\"search_term_string\"}}],\"inLanguage\":\"en-GB\"},{\"@type\":\"Organization\",\"@id\":\"https:\/\/www.dostrajamy.com\/#organization\",\"name\":\"DomiSol - Dostrajamy\",\"url\":\"https:\/\/www.dostrajamy.com\/\",\"logo\":{\"@type\":\"ImageObject\",\"inLanguage\":\"en-GB\",\"@id\":\"https:\/\/www.dostrajamy.com\/#\/schema\/logo\/image\/\",\"url\":\"https:\/\/www.dostrajamy.com\/wp-content\/uploads\/2025\/02\/cropped-Logo_poziom-1-scaled.png\",\"contentUrl\":\"https:\/\/www.dostrajamy.com\/wp-content\/uploads\/2025\/02\/cropped-Logo_poziom-1-scaled.png\",\"width\":2560,\"height\":453,\"caption\":\"DomiSol - Dostrajamy\"},\"image\":{\"@id\":\"https:\/\/www.dostrajamy.com\/#\/schema\/logo\/image\/\"},\"sameAs\":[\"https:\/\/www.facebook.com\/domisol.dostrajamy\",\"https:\/\/www.instagram.com\/domisol.dostrajamy\",\"https:\/\/www.youtube.com\/@dostrajamy\",\"https:\/\/open.spotify.com\/show\/5je85cYoaCcWGNo7Nwz2iW?si=1c15f6eb977f4f3d&nd=1&dlsi=d2ab15e5d6624979\"]}]}<\/script>\n<!-- \/ Yoast SEO plugin. -->","yoast_head_json":{"title":"Square of Light Earrings - Muse of Mindfulness - DomiSol - Tune in","robots":{"index":"index","follow":"follow","max-snippet":"max-snippet:-1","max-image-preview":"max-image-preview:large","max-video-preview":"max-video-preview:-1"},"canonical":"https:\/\/www.dostrajamy.com\/en\/product\/earrings-square-light-muse-of-attentiveness\/","og_locale":"en_GB","og_type":"article","og_title":"Kolczyki Kwadrat \u015awiat\u0142a - Muza Uwa\u017cno\u015bci - DomiSol - Dostrajamy","og_description":"Kolczyki Kwadrat \u015awiat\u0142a - Muza Uwa\u017cno\u015bci Niewielkie w formie, a jednak przyci\u0105gaj\u0105ce spojrzenie. Te kolczyki s\u0105 jak chwila zatrzymania \u2014 ma\u0142y kwadrat \u017cywicy o intryguj\u0105cej fakturze, w kt\u00f3rym \u015bwiat\u0142o osiada i porusza si\u0119 przy ka\u017cdym ruchu. Muza Uwa\u017cno\u015bci zaprasza do dostrzegania pi\u0119kna w detalu. Do blisko\u015bci z tym, co subtelne, a jednocze\u015bnie wyraziste. Za\u0142\u00f3\u017c je i pozw\u00f3l sobie \u015bwieci\u0107 cicho.","og_url":"https:\/\/www.dostrajamy.com\/en\/product\/earrings-square-light-muse-of-attentiveness\/","og_site_name":"DomiSol - Dostrajamy","article_publisher":"https:\/\/www.facebook.com\/domisol.dostrajamy","article_modified_time":"2025-12-10T08:40:27+00:00","og_image":[{"width":840,"height":840,"url":"https:\/\/www.dostrajamy.com\/wp-content\/uploads\/2025\/12\/IMG_5474.webp","type":"image\/webp"}],"twitter_card":"summary_large_image","twitter_misc":{"Estimated reading time":"1 minute"},"schema":{"@context":"https:\/\/schema.org","@graph":[{"@type":"WebPage","@id":"https:\/\/www.dostrajamy.com\/produkt\/kolczyki-kwadrat-swiatla-muza-uwaznosci\/","url":"https:\/\/www.dostrajamy.com\/produkt\/kolczyki-kwadrat-swiatla-muza-uwaznosci\/","name":"Square of Light Earrings - Muse of Mindfulness - DomiSol - Tune in","isPartOf":{"@id":"https:\/\/www.dostrajamy.com\/#website"},"primaryImageOfPage":{"@id":"https:\/\/www.dostrajamy.com\/produkt\/kolczyki-kwadrat-swiatla-muza-uwaznosci\/#primaryimage"},"image":{"@id":"https:\/\/www.dostrajamy.com\/produkt\/kolczyki-kwadrat-swiatla-muza-uwaznosci\/#primaryimage"},"thumbnailUrl":"https:\/\/www.dostrajamy.com\/wp-content\/uploads\/2025\/12\/IMG_5474.webp","datePublished":"2025-12-10T08:37:20+00:00","dateModified":"2025-12-10T08:40:27+00:00","breadcrumb":{"@id":"https:\/\/www.dostrajamy.com\/produkt\/kolczyki-kwadrat-swiatla-muza-uwaznosci\/#breadcrumb"},"inLanguage":"en-GB","potentialAction":[{"@type":"ReadAction","target":["https:\/\/www.dostrajamy.com\/produkt\/kolczyki-kwadrat-swiatla-muza-uwaznosci\/"]}]},{"@type":"ImageObject","inLanguage":"en-GB","@id":"https:\/\/www.dostrajamy.com\/produkt\/kolczyki-kwadrat-swiatla-muza-uwaznosci\/#primaryimage","url":"https:\/\/www.dostrajamy.com\/wp-content\/uploads\/2025\/12\/IMG_5474.webp","contentUrl":"https:\/\/www.dostrajamy.com\/wp-content\/uploads\/2025\/12\/IMG_5474.webp","width":840,"height":840},{"@type":"BreadcrumbList","@id":"https:\/\/www.dostrajamy.com\/produkt\/kolczyki-kwadrat-swiatla-muza-uwaznosci\/#breadcrumb","itemListElement":[{"@type":"ListItem","position":1,"name":"Strona g\u0142\u00f3wna","item":"https:\/\/www.dostrajamy.com\/"},{"@type":"ListItem","position":2,"name":"Sklep","item":"https:\/\/www.dostrajamy.com\/sklep\/"},{"@type":"ListItem","position":3,"name":"Kolczyki Kwadrat \u015awiat\u0142a &#8211; Muza Uwa\u017cno\u015bci"}]},{"@type":"WebSite","@id":"https:\/\/www.dostrajamy.com\/#website","url":"https:\/\/www.dostrajamy.com\/","name":"DomiSol - Dostrajamy","description":"Tune in to yourself!","publisher":{"@id":"https:\/\/www.dostrajamy.com\/#organization"},"potentialAction":[{"@type":"SearchAction","target":{"@type":"EntryPoint","urlTemplate":"https:\/\/www.dostrajamy.com\/?s={search_term_string}"},"query-input":{"@type":"PropertyValueSpecification","valueRequired":true,"valueName":"search_term_string"}}],"inLanguage":"en-GB"},{"@type":"Organization","@id":"https:\/\/www.dostrajamy.com\/#organization","name":"DomiSol - Dostrajamy","url":"https:\/\/www.dostrajamy.com\/","logo":{"@type":"ImageObject","inLanguage":"en-GB","@id":"https:\/\/www.dostrajamy.com\/#\/schema\/logo\/image\/","url":"https:\/\/www.dostrajamy.com\/wp-content\/uploads\/2025\/02\/cropped-Logo_poziom-1-scaled.png","contentUrl":"https:\/\/www.dostrajamy.com\/wp-content\/uploads\/2025\/02\/cropped-Logo_poziom-1-scaled.png","width":2560,"height":453,"caption":"DomiSol - Dostrajamy"},"image":{"@id":"https:\/\/www.dostrajamy.com\/#\/schema\/logo\/image\/"},"sameAs":["https:\/\/www.facebook.com\/domisol.dostrajamy","https:\/\/www.instagram.com\/domisol.dostrajamy","https:\/\/www.youtube.com\/@dostrajamy","https:\/\/open.spotify.com\/show\/5je85cYoaCcWGNo7Nwz2iW?si=1c15f6eb977f4f3d&nd=1&dlsi=d2ab15e5d6624979"]}]}},"_links":{"self":[{"href":"https:\/\/www.dostrajamy.com\/en\/wp-json\/wp\/v2\/product\/4466","targetHints":{"allow":["GET"]}}],"collection":[{"href":"https:\/\/www.dostrajamy.com\/en\/wp-json\/wp\/v2\/product"}],"about":[{"href":"https:\/\/www.dostrajamy.com\/en\/wp-json\/wp\/v2\/types\/product"}],"replies":[{"embeddable":true,"href":"https:\/\/www.dostrajamy.com\/en\/wp-json\/wp\/v2\/comments?post=4466"}],"wp:featuredmedia":[{"embeddable":true,"href":"https:\/\/www.dostrajamy.com\/en\/wp-json\/wp\/v2\/media\/4417"}],"wp:attachment":[{"href":"https:\/\/www.dostrajamy.com\/en\/wp-json\/wp\/v2\/media?parent=4466"}],"wp:term":[{"taxonomy":"product_brand","embeddable":true,"href":"https:\/\/www.dostrajamy.com\/en\/wp-json\/wp\/v2\/product_brand?post=4466"},{"taxonomy":"product_cat","embeddable":true,"href":"https:\/\/www.dostrajamy.com\/en\/wp-json\/wp\/v2\/product_cat?post=4466"},{"taxonomy":"product_tag","embeddable":true,"href":"https:\/\/www.dostrajamy.com\/en\/wp-json\/wp\/v2\/product_tag?post=4466"}],"curies":[{"name":"wp","href":"https:\/\/api.w.org\/{rel}","templated":true}]}}