{"id":4473,"date":"2025-12-10T08:55:28","date_gmt":"2025-12-10T08:55:28","guid":{"rendered":"https:\/\/www.dostrajamy.com\/?post_type=product&#038;p=4473"},"modified":"2025-12-10T08:57:18","modified_gmt":"2025-12-10T08:57:18","slug":"lace-pendant-night-muse-of-intuition","status":"publish","type":"product","link":"https:\/\/www.dostrajamy.com\/en\/product\/lace-pendant-night-muse-of-intuition\/","title":{"rendered":"Lace of the Night pendant - Muse of Intuition"},"content":{"rendered":"<h3 data-start=\"979\" data-end=\"1242\">Sensitive information:<\/h3>\n<ul>\n<li data-start=\"621\" data-end=\"697\">\n<p data-start=\"623\" data-end=\"697\"><strong data-start=\"623\" data-end=\"632\">Form<\/strong>: A pendant with an openwork, lace form, worn on a short line.<\/p>\n<\/li>\n<li data-start=\"698\" data-end=\"767\">\n<p data-start=\"700\" data-end=\"767\"><strong data-start=\"700\" data-end=\"712\">Material<\/strong>: Brass.<\/p>\n<\/li>\n<li data-start=\"768\" data-end=\"834\">\n<p data-start=\"770\" data-end=\"834\"><strong data-start=\"770\" data-end=\"785\">Finishing<\/strong>: Black oxidation to emphasise the texture and depth of the form.<\/p>\n<\/li>\n<li data-start=\"835\" data-end=\"926\">\n<p data-start=\"837\" data-end=\"926\"><strong data-start=\"837\" data-end=\"846\">Detail<\/strong>: Lace motif referring to the \u201eLace of the Night\u201d ring.<\/p>\n<\/li>\n<li data-start=\"927\" data-end=\"996\">\n<p data-start=\"929\" data-end=\"996\"><strong data-start=\"929\" data-end=\"944\">Origins<\/strong>Handcrafted in the Greek art studio Kalliope in Athens, operating since 1987.<\/p>\n<\/li>\n<\/ul>","protected":false},"excerpt":{"rendered":"<p data-start=\"148\" data-end=\"360\">This pendant is the whisper of night against the skin. The openwork, lace form wraps around the space like a shadow, and its dark finish brings to mind the moment just before sleep - when intuition becomes louder than thought.<\/p>\n<p data-start=\"362\" data-end=\"584\">The Muse of Intuition guides you to listen inwardly. To trust what you feel, even if there are no words yet. The short line keeps the pendant close to your heart - exactly where knowledge without logic is born.<\/p>\n<p data-start=\"586\" data-end=\"619\">Put it on and let yourself know.<\/p>","protected":false},"featured_media":4420,"comment_status":"open","ping_status":"closed","template":"","meta":{"_eb_attr":""},"product_brand":[],"product_cat":[57,34],"product_tag":[68,70,71,74],"class_list":{"0":"post-4473","1":"product","2":"type-product","3":"status-publish","4":"has-post-thumbnail","6":"product_cat-grecka-bizuteria","7":"product_cat-naszyjniki","8":"product_tag-bizuteria","9":"product_tag-fashion-jewelry","10":"product_tag-mosiadz","11":"product_tag-naszyjnik","13":"first","14":"instock","15":"shipping-taxable","16":"purchasable","17":"product-type-simple"},"yoast_head":"<!-- This site is optimized with the Yoast SEO plugin v26.6 - https:\/\/yoast.com\/wordpress\/plugins\/seo\/ -->\n<title>Wisiorek Koronka Nocy \u2013 Muza Intuicji - DomiSol - Dostrajamy<\/title>\n<meta name=\"robots\" content=\"index, follow, max-snippet:-1, max-image-preview:large, max-video-preview:-1\" \/>\n<link rel=\"canonical\" href=\"https:\/\/www.dostrajamy.com\/en\/product\/lace-pendant-night-muse-of-intuition\/\" \/>\n<meta property=\"og:locale\" content=\"en_GB\" \/>\n<meta property=\"og:type\" content=\"article\" \/>\n<meta property=\"og:title\" content=\"Wisiorek Koronka Nocy \u2013 Muza Intuicji - DomiSol - Dostrajamy\" \/>\n<meta property=\"og:description\" content=\"Ten wisiorek jest szeptem nocy przy sk\u00f3rze. A\u017curowa, koronkowa forma otula przestrze\u0144 jak cie\u0144, a jej ciemne wyko\u0144czenie przywodzi na my\u015bl moment tu\u017c przed snem \u2014 kiedy intuicja staje si\u0119 g\u0142o\u015bniejsza ni\u017c my\u015bli. Muza Intuicji prowadzi Ci\u0119 do wewn\u0119trznego s\u0142uchania. Do zaufania temu, co czujesz, nawet je\u015bli nie ma jeszcze s\u0142\u00f3w. Kr\u00f3tka \u017cy\u0142ka sprawia, \u017ce wisiorek le\u017cy blisko serca \u2014 dok\u0142adnie tam, gdzie rodzi si\u0119 wiedza bez logiki. Za\u0142\u00f3\u017c go i pozw\u00f3l sobie wiedzie\u0107.\" \/>\n<meta property=\"og:url\" content=\"https:\/\/www.dostrajamy.com\/en\/product\/lace-pendant-night-muse-of-intuition\/\" \/>\n<meta property=\"og:site_name\" content=\"DomiSol - Dostrajamy\" \/>\n<meta property=\"article:publisher\" content=\"https:\/\/www.facebook.com\/domisol.dostrajamy\" \/>\n<meta property=\"article:modified_time\" content=\"2025-12-10T08:57:18+00:00\" \/>\n<meta property=\"og:image\" content=\"https:\/\/www.dostrajamy.com\/wp-content\/uploads\/2025\/12\/IMG_5462.webp\" \/>\n\t<meta property=\"og:image:width\" content=\"840\" \/>\n\t<meta property=\"og:image:height\" content=\"840\" \/>\n\t<meta property=\"og:image:type\" content=\"image\/webp\" \/>\n<meta name=\"twitter:card\" content=\"summary_large_image\" \/>\n<meta name=\"twitter:label1\" content=\"Estimated reading time\" \/>\n\t<meta name=\"twitter:data1\" content=\"1 minute\" \/>\n<script type=\"application\/ld+json\" class=\"yoast-schema-graph\">{\"@context\":\"https:\/\/schema.org\",\"@graph\":[{\"@type\":\"WebPage\",\"@id\":\"https:\/\/www.dostrajamy.com\/produkt\/wisiorek-koronka-nocy-muza-intuicji\/\",\"url\":\"https:\/\/www.dostrajamy.com\/produkt\/wisiorek-koronka-nocy-muza-intuicji\/\",\"name\":\"Wisiorek Koronka Nocy \u2013 Muza Intuicji - DomiSol - Dostrajamy\",\"isPartOf\":{\"@id\":\"https:\/\/www.dostrajamy.com\/#website\"},\"primaryImageOfPage\":{\"@id\":\"https:\/\/www.dostrajamy.com\/produkt\/wisiorek-koronka-nocy-muza-intuicji\/#primaryimage\"},\"image\":{\"@id\":\"https:\/\/www.dostrajamy.com\/produkt\/wisiorek-koronka-nocy-muza-intuicji\/#primaryimage\"},\"thumbnailUrl\":\"https:\/\/www.dostrajamy.com\/wp-content\/uploads\/2025\/12\/IMG_5462.webp\",\"datePublished\":\"2025-12-10T08:55:28+00:00\",\"dateModified\":\"2025-12-10T08:57:18+00:00\",\"breadcrumb\":{\"@id\":\"https:\/\/www.dostrajamy.com\/produkt\/wisiorek-koronka-nocy-muza-intuicji\/#breadcrumb\"},\"inLanguage\":\"en-GB\",\"potentialAction\":[{\"@type\":\"ReadAction\",\"target\":[\"https:\/\/www.dostrajamy.com\/produkt\/wisiorek-koronka-nocy-muza-intuicji\/\"]}]},{\"@type\":\"ImageObject\",\"inLanguage\":\"en-GB\",\"@id\":\"https:\/\/www.dostrajamy.com\/produkt\/wisiorek-koronka-nocy-muza-intuicji\/#primaryimage\",\"url\":\"https:\/\/www.dostrajamy.com\/wp-content\/uploads\/2025\/12\/IMG_5462.webp\",\"contentUrl\":\"https:\/\/www.dostrajamy.com\/wp-content\/uploads\/2025\/12\/IMG_5462.webp\",\"width\":840,\"height\":840},{\"@type\":\"BreadcrumbList\",\"@id\":\"https:\/\/www.dostrajamy.com\/produkt\/wisiorek-koronka-nocy-muza-intuicji\/#breadcrumb\",\"itemListElement\":[{\"@type\":\"ListItem\",\"position\":1,\"name\":\"Strona g\u0142\u00f3wna\",\"item\":\"https:\/\/www.dostrajamy.com\/\"},{\"@type\":\"ListItem\",\"position\":2,\"name\":\"Sklep\",\"item\":\"https:\/\/www.dostrajamy.com\/sklep\/\"},{\"@type\":\"ListItem\",\"position\":3,\"name\":\"Wisiorek Koronka Nocy \u2013 Muza Intuicji\"}]},{\"@type\":\"WebSite\",\"@id\":\"https:\/\/www.dostrajamy.com\/#website\",\"url\":\"https:\/\/www.dostrajamy.com\/\",\"name\":\"DomiSol - Dostrajamy\",\"description\":\"Dostr\u00f3j si\u0119 do siebie!\",\"publisher\":{\"@id\":\"https:\/\/www.dostrajamy.com\/#organization\"},\"potentialAction\":[{\"@type\":\"SearchAction\",\"target\":{\"@type\":\"EntryPoint\",\"urlTemplate\":\"https:\/\/www.dostrajamy.com\/?s={search_term_string}\"},\"query-input\":{\"@type\":\"PropertyValueSpecification\",\"valueRequired\":true,\"valueName\":\"search_term_string\"}}],\"inLanguage\":\"en-GB\"},{\"@type\":\"Organization\",\"@id\":\"https:\/\/www.dostrajamy.com\/#organization\",\"name\":\"DomiSol - Dostrajamy\",\"url\":\"https:\/\/www.dostrajamy.com\/\",\"logo\":{\"@type\":\"ImageObject\",\"inLanguage\":\"en-GB\",\"@id\":\"https:\/\/www.dostrajamy.com\/#\/schema\/logo\/image\/\",\"url\":\"https:\/\/www.dostrajamy.com\/wp-content\/uploads\/2025\/02\/cropped-Logo_poziom-1-scaled.png\",\"contentUrl\":\"https:\/\/www.dostrajamy.com\/wp-content\/uploads\/2025\/02\/cropped-Logo_poziom-1-scaled.png\",\"width\":2560,\"height\":453,\"caption\":\"DomiSol - Dostrajamy\"},\"image\":{\"@id\":\"https:\/\/www.dostrajamy.com\/#\/schema\/logo\/image\/\"},\"sameAs\":[\"https:\/\/www.facebook.com\/domisol.dostrajamy\",\"https:\/\/www.instagram.com\/domisol.dostrajamy\",\"https:\/\/www.youtube.com\/@dostrajamy\",\"https:\/\/open.spotify.com\/show\/5je85cYoaCcWGNo7Nwz2iW?si=1c15f6eb977f4f3d&nd=1&dlsi=d2ab15e5d6624979\"]}]}<\/script>\n<!-- \/ Yoast SEO plugin. -->","yoast_head_json":{"title":"Lace of the Night pendant - Muse of Intuition - DomiSol - Tune in","robots":{"index":"index","follow":"follow","max-snippet":"max-snippet:-1","max-image-preview":"max-image-preview:large","max-video-preview":"max-video-preview:-1"},"canonical":"https:\/\/www.dostrajamy.com\/en\/product\/lace-pendant-night-muse-of-intuition\/","og_locale":"en_GB","og_type":"article","og_title":"Wisiorek Koronka Nocy \u2013 Muza Intuicji - DomiSol - Dostrajamy","og_description":"Ten wisiorek jest szeptem nocy przy sk\u00f3rze. A\u017curowa, koronkowa forma otula przestrze\u0144 jak cie\u0144, a jej ciemne wyko\u0144czenie przywodzi na my\u015bl moment tu\u017c przed snem \u2014 kiedy intuicja staje si\u0119 g\u0142o\u015bniejsza ni\u017c my\u015bli. Muza Intuicji prowadzi Ci\u0119 do wewn\u0119trznego s\u0142uchania. Do zaufania temu, co czujesz, nawet je\u015bli nie ma jeszcze s\u0142\u00f3w. Kr\u00f3tka \u017cy\u0142ka sprawia, \u017ce wisiorek le\u017cy blisko serca \u2014 dok\u0142adnie tam, gdzie rodzi si\u0119 wiedza bez logiki. Za\u0142\u00f3\u017c go i pozw\u00f3l sobie wiedzie\u0107.","og_url":"https:\/\/www.dostrajamy.com\/en\/product\/lace-pendant-night-muse-of-intuition\/","og_site_name":"DomiSol - Dostrajamy","article_publisher":"https:\/\/www.facebook.com\/domisol.dostrajamy","article_modified_time":"2025-12-10T08:57:18+00:00","og_image":[{"width":840,"height":840,"url":"https:\/\/www.dostrajamy.com\/wp-content\/uploads\/2025\/12\/IMG_5462.webp","type":"image\/webp"}],"twitter_card":"summary_large_image","twitter_misc":{"Estimated reading time":"1 minute"},"schema":{"@context":"https:\/\/schema.org","@graph":[{"@type":"WebPage","@id":"https:\/\/www.dostrajamy.com\/produkt\/wisiorek-koronka-nocy-muza-intuicji\/","url":"https:\/\/www.dostrajamy.com\/produkt\/wisiorek-koronka-nocy-muza-intuicji\/","name":"Lace of the Night pendant - Muse of Intuition - DomiSol - Tune in","isPartOf":{"@id":"https:\/\/www.dostrajamy.com\/#website"},"primaryImageOfPage":{"@id":"https:\/\/www.dostrajamy.com\/produkt\/wisiorek-koronka-nocy-muza-intuicji\/#primaryimage"},"image":{"@id":"https:\/\/www.dostrajamy.com\/produkt\/wisiorek-koronka-nocy-muza-intuicji\/#primaryimage"},"thumbnailUrl":"https:\/\/www.dostrajamy.com\/wp-content\/uploads\/2025\/12\/IMG_5462.webp","datePublished":"2025-12-10T08:55:28+00:00","dateModified":"2025-12-10T08:57:18+00:00","breadcrumb":{"@id":"https:\/\/www.dostrajamy.com\/produkt\/wisiorek-koronka-nocy-muza-intuicji\/#breadcrumb"},"inLanguage":"en-GB","potentialAction":[{"@type":"ReadAction","target":["https:\/\/www.dostrajamy.com\/produkt\/wisiorek-koronka-nocy-muza-intuicji\/"]}]},{"@type":"ImageObject","inLanguage":"en-GB","@id":"https:\/\/www.dostrajamy.com\/produkt\/wisiorek-koronka-nocy-muza-intuicji\/#primaryimage","url":"https:\/\/www.dostrajamy.com\/wp-content\/uploads\/2025\/12\/IMG_5462.webp","contentUrl":"https:\/\/www.dostrajamy.com\/wp-content\/uploads\/2025\/12\/IMG_5462.webp","width":840,"height":840},{"@type":"BreadcrumbList","@id":"https:\/\/www.dostrajamy.com\/produkt\/wisiorek-koronka-nocy-muza-intuicji\/#breadcrumb","itemListElement":[{"@type":"ListItem","position":1,"name":"Strona g\u0142\u00f3wna","item":"https:\/\/www.dostrajamy.com\/"},{"@type":"ListItem","position":2,"name":"Sklep","item":"https:\/\/www.dostrajamy.com\/sklep\/"},{"@type":"ListItem","position":3,"name":"Wisiorek Koronka Nocy \u2013 Muza Intuicji"}]},{"@type":"WebSite","@id":"https:\/\/www.dostrajamy.com\/#website","url":"https:\/\/www.dostrajamy.com\/","name":"DomiSol - Dostrajamy","description":"Tune in to yourself!","publisher":{"@id":"https:\/\/www.dostrajamy.com\/#organization"},"potentialAction":[{"@type":"SearchAction","target":{"@type":"EntryPoint","urlTemplate":"https:\/\/www.dostrajamy.com\/?s={search_term_string}"},"query-input":{"@type":"PropertyValueSpecification","valueRequired":true,"valueName":"search_term_string"}}],"inLanguage":"en-GB"},{"@type":"Organization","@id":"https:\/\/www.dostrajamy.com\/#organization","name":"DomiSol - Dostrajamy","url":"https:\/\/www.dostrajamy.com\/","logo":{"@type":"ImageObject","inLanguage":"en-GB","@id":"https:\/\/www.dostrajamy.com\/#\/schema\/logo\/image\/","url":"https:\/\/www.dostrajamy.com\/wp-content\/uploads\/2025\/02\/cropped-Logo_poziom-1-scaled.png","contentUrl":"https:\/\/www.dostrajamy.com\/wp-content\/uploads\/2025\/02\/cropped-Logo_poziom-1-scaled.png","width":2560,"height":453,"caption":"DomiSol - Dostrajamy"},"image":{"@id":"https:\/\/www.dostrajamy.com\/#\/schema\/logo\/image\/"},"sameAs":["https:\/\/www.facebook.com\/domisol.dostrajamy","https:\/\/www.instagram.com\/domisol.dostrajamy","https:\/\/www.youtube.com\/@dostrajamy","https:\/\/open.spotify.com\/show\/5je85cYoaCcWGNo7Nwz2iW?si=1c15f6eb977f4f3d&nd=1&dlsi=d2ab15e5d6624979"]}]}},"_links":{"self":[{"href":"https:\/\/www.dostrajamy.com\/en\/wp-json\/wp\/v2\/product\/4473","targetHints":{"allow":["GET"]}}],"collection":[{"href":"https:\/\/www.dostrajamy.com\/en\/wp-json\/wp\/v2\/product"}],"about":[{"href":"https:\/\/www.dostrajamy.com\/en\/wp-json\/wp\/v2\/types\/product"}],"replies":[{"embeddable":true,"href":"https:\/\/www.dostrajamy.com\/en\/wp-json\/wp\/v2\/comments?post=4473"}],"wp:featuredmedia":[{"embeddable":true,"href":"https:\/\/www.dostrajamy.com\/en\/wp-json\/wp\/v2\/media\/4420"}],"wp:attachment":[{"href":"https:\/\/www.dostrajamy.com\/en\/wp-json\/wp\/v2\/media?parent=4473"}],"wp:term":[{"taxonomy":"product_brand","embeddable":true,"href":"https:\/\/www.dostrajamy.com\/en\/wp-json\/wp\/v2\/product_brand?post=4473"},{"taxonomy":"product_cat","embeddable":true,"href":"https:\/\/www.dostrajamy.com\/en\/wp-json\/wp\/v2\/product_cat?post=4473"},{"taxonomy":"product_tag","embeddable":true,"href":"https:\/\/www.dostrajamy.com\/en\/wp-json\/wp\/v2\/product_tag?post=4473"}],"curies":[{"name":"wp","href":"https:\/\/api.w.org\/{rel}","templated":true}]}}