{"id":4474,"date":"2025-12-10T09:00:19","date_gmt":"2025-12-10T09:00:19","guid":{"rendered":"https:\/\/www.dostrajamy.com\/?post_type=product&#038;p=4474"},"modified":"2025-12-10T09:03:26","modified_gmt":"2025-12-10T09:03:26","slug":"kolczyki-ateny-muza-wiecznosci","status":"publish","type":"product","link":"https:\/\/www.dostrajamy.com\/en\/product\/kolczyki-ateny-muza-wiecznosci\/","title":{"rendered":"Earrings \u201eAthens - Muse of Eternity\u201d"},"content":{"rendered":"<h3 data-start=\"979\" data-end=\"1242\">Sensitive information:<\/h3>\n<ul>\n<li data-start=\"621\" data-end=\"697\">\n<p data-start=\"623\" data-end=\"697\"><strong data-start=\"623\" data-end=\"632\">Form<\/strong>: Kolczyki na sztyfcie, inspirowane staro\u017cytn\u0105 architektur\u0105.<\/p>\n<\/li>\n<li data-start=\"698\" data-end=\"767\">\n<p data-start=\"700\" data-end=\"767\"><strong data-start=\"700\" data-end=\"712\">Material<\/strong>: Brass, crystal.<\/p>\n<\/li>\n<li data-start=\"768\" data-end=\"834\">\n<p data-start=\"770\" data-end=\"834\"><strong data-start=\"770\" data-end=\"785\">Finishing<\/strong>: Smooth gold.<\/p>\n<\/li>\n<li data-start=\"835\" data-end=\"926\">\n<p data-start=\"837\" data-end=\"926\"><strong data-start=\"837\" data-end=\"846\">Detail<\/strong>: Centralny kryszta\u0142 Preciosa w kolorze turkusu.<\/p>\n<\/li>\n<li data-start=\"927\" data-end=\"996\">\n<p data-start=\"929\" data-end=\"996\"><strong data-start=\"929\" data-end=\"944\">Origins<\/strong>: Handmade in Athens, at the Kalliope studio.<\/p>\n<\/li>\n<\/ul>","protected":false},"excerpt":{"rendered":"<h3 data-start=\"0\" data-end=\"46\">Earrings \u201eAthens - Muse of Eternity\u201d<\/h3>\n<p data-start=\"69\" data-end=\"428\">Jak miniaturowe klejnoty staro\u017cytnej architektury \u2013 kolczyki \u201eAteny \u2013 Muza Wieczno\u015bci\u201d przyci\u0105gaj\u0105 spojrzenia subtelno\u015bci\u0105 formy i blaskiem turkusowego kryszta\u0142u. Ka\u017cdy sztyft przypomina filar czy arkad\u0119, a centralny kryszta\u0142 w kolorze turkusu wprowadza \u015bwie\u017co\u015b\u0107 i harmoni\u0119. To bi\u017cuteria, kt\u00f3ra szepcze o trwa\u0142o\u015bci, pi\u0119knie klasyki i wewn\u0119trznej r\u00f3wnowadze.<\/p>\n<p data-start=\"430\" data-end=\"471\">Carry eternity close to you.<\/p>","protected":false},"featured_media":4407,"comment_status":"open","ping_status":"closed","template":"","meta":{"_eb_attr":""},"product_brand":[],"product_cat":[57,36],"product_tag":[68,70,69,71],"class_list":{"0":"post-4474","1":"product","2":"type-product","3":"status-publish","4":"has-post-thumbnail","6":"product_cat-grecka-bizuteria","7":"product_cat-kolczyki","8":"product_tag-bizuteria","9":"product_tag-fashion-jewelry","10":"product_tag-kolczyki","11":"product_tag-mosiadz","13":"first","14":"instock","15":"shipping-taxable","16":"purchasable","17":"product-type-simple"},"yoast_head":"<!-- This site is optimized with the Yoast SEO plugin v26.6 - https:\/\/yoast.com\/wordpress\/plugins\/seo\/ -->\n<title>Kolczyki \u201eAteny - Muza Wieczno\u015bci\u201d - DomiSol - Dostrajamy<\/title>\n<meta name=\"robots\" content=\"index, follow, max-snippet:-1, max-image-preview:large, max-video-preview:-1\" \/>\n<link rel=\"canonical\" href=\"https:\/\/www.dostrajamy.com\/en\/product\/kolczyki-ateny-muza-wiecznosci\/\" \/>\n<meta property=\"og:locale\" content=\"en_GB\" \/>\n<meta property=\"og:type\" content=\"article\" \/>\n<meta property=\"og:title\" content=\"Kolczyki \u201eAteny - Muza Wieczno\u015bci\u201d - DomiSol - Dostrajamy\" \/>\n<meta property=\"og:description\" content=\"Kolczyki \u201eAteny - Muza Wieczno\u015bci\u201d Jak miniaturowe klejnoty staro\u017cytnej architektury \u2013 kolczyki \u201eAteny \u2013 Muza Wieczno\u015bci\u201d przyci\u0105gaj\u0105 spojrzenia subtelno\u015bci\u0105 formy i blaskiem turkusowego kryszta\u0142u. Ka\u017cdy sztyft przypomina filar czy arkad\u0119, a centralny kryszta\u0142 w kolorze turkusu wprowadza \u015bwie\u017co\u015b\u0107 i harmoni\u0119. To bi\u017cuteria, kt\u00f3ra szepcze o trwa\u0142o\u015bci, pi\u0119knie klasyki i wewn\u0119trznej r\u00f3wnowadze. No\u015b wieczno\u015b\u0107 blisko siebie.\" \/>\n<meta property=\"og:url\" content=\"https:\/\/www.dostrajamy.com\/en\/product\/kolczyki-ateny-muza-wiecznosci\/\" \/>\n<meta property=\"og:site_name\" content=\"DomiSol - Dostrajamy\" \/>\n<meta property=\"article:publisher\" content=\"https:\/\/www.facebook.com\/domisol.dostrajamy\" \/>\n<meta property=\"article:modified_time\" content=\"2025-12-10T09:03:26+00:00\" \/>\n<meta property=\"og:image\" content=\"https:\/\/www.dostrajamy.com\/wp-content\/uploads\/2025\/12\/IMG_5489.webp\" \/>\n\t<meta property=\"og:image:width\" content=\"840\" \/>\n\t<meta property=\"og:image:height\" content=\"840\" \/>\n\t<meta property=\"og:image:type\" content=\"image\/webp\" \/>\n<meta name=\"twitter:card\" content=\"summary_large_image\" \/>\n<meta name=\"twitter:label1\" content=\"Estimated reading time\" \/>\n\t<meta name=\"twitter:data1\" content=\"1 minute\" \/>\n<script type=\"application\/ld+json\" class=\"yoast-schema-graph\">{\"@context\":\"https:\/\/schema.org\",\"@graph\":[{\"@type\":\"WebPage\",\"@id\":\"https:\/\/www.dostrajamy.com\/produkt\/kolczyki-ateny-muza-wiecznosci\/\",\"url\":\"https:\/\/www.dostrajamy.com\/produkt\/kolczyki-ateny-muza-wiecznosci\/\",\"name\":\"Kolczyki \u201eAteny - Muza Wieczno\u015bci\u201d - DomiSol - Dostrajamy\",\"isPartOf\":{\"@id\":\"https:\/\/www.dostrajamy.com\/#website\"},\"primaryImageOfPage\":{\"@id\":\"https:\/\/www.dostrajamy.com\/produkt\/kolczyki-ateny-muza-wiecznosci\/#primaryimage\"},\"image\":{\"@id\":\"https:\/\/www.dostrajamy.com\/produkt\/kolczyki-ateny-muza-wiecznosci\/#primaryimage\"},\"thumbnailUrl\":\"https:\/\/www.dostrajamy.com\/wp-content\/uploads\/2025\/12\/IMG_5489.webp\",\"datePublished\":\"2025-12-10T09:00:19+00:00\",\"dateModified\":\"2025-12-10T09:03:26+00:00\",\"breadcrumb\":{\"@id\":\"https:\/\/www.dostrajamy.com\/produkt\/kolczyki-ateny-muza-wiecznosci\/#breadcrumb\"},\"inLanguage\":\"en-GB\",\"potentialAction\":[{\"@type\":\"ReadAction\",\"target\":[\"https:\/\/www.dostrajamy.com\/produkt\/kolczyki-ateny-muza-wiecznosci\/\"]}]},{\"@type\":\"ImageObject\",\"inLanguage\":\"en-GB\",\"@id\":\"https:\/\/www.dostrajamy.com\/produkt\/kolczyki-ateny-muza-wiecznosci\/#primaryimage\",\"url\":\"https:\/\/www.dostrajamy.com\/wp-content\/uploads\/2025\/12\/IMG_5489.webp\",\"contentUrl\":\"https:\/\/www.dostrajamy.com\/wp-content\/uploads\/2025\/12\/IMG_5489.webp\",\"width\":840,\"height\":840},{\"@type\":\"BreadcrumbList\",\"@id\":\"https:\/\/www.dostrajamy.com\/produkt\/kolczyki-ateny-muza-wiecznosci\/#breadcrumb\",\"itemListElement\":[{\"@type\":\"ListItem\",\"position\":1,\"name\":\"Strona g\u0142\u00f3wna\",\"item\":\"https:\/\/www.dostrajamy.com\/\"},{\"@type\":\"ListItem\",\"position\":2,\"name\":\"Sklep\",\"item\":\"https:\/\/www.dostrajamy.com\/sklep\/\"},{\"@type\":\"ListItem\",\"position\":3,\"name\":\"Kolczyki \u201eAteny &#8211; Muza Wieczno\u015bci\u201d\"}]},{\"@type\":\"WebSite\",\"@id\":\"https:\/\/www.dostrajamy.com\/#website\",\"url\":\"https:\/\/www.dostrajamy.com\/\",\"name\":\"DomiSol - Dostrajamy\",\"description\":\"Dostr\u00f3j si\u0119 do siebie!\",\"publisher\":{\"@id\":\"https:\/\/www.dostrajamy.com\/#organization\"},\"potentialAction\":[{\"@type\":\"SearchAction\",\"target\":{\"@type\":\"EntryPoint\",\"urlTemplate\":\"https:\/\/www.dostrajamy.com\/?s={search_term_string}\"},\"query-input\":{\"@type\":\"PropertyValueSpecification\",\"valueRequired\":true,\"valueName\":\"search_term_string\"}}],\"inLanguage\":\"en-GB\"},{\"@type\":\"Organization\",\"@id\":\"https:\/\/www.dostrajamy.com\/#organization\",\"name\":\"DomiSol - Dostrajamy\",\"url\":\"https:\/\/www.dostrajamy.com\/\",\"logo\":{\"@type\":\"ImageObject\",\"inLanguage\":\"en-GB\",\"@id\":\"https:\/\/www.dostrajamy.com\/#\/schema\/logo\/image\/\",\"url\":\"https:\/\/www.dostrajamy.com\/wp-content\/uploads\/2025\/02\/cropped-Logo_poziom-1-scaled.png\",\"contentUrl\":\"https:\/\/www.dostrajamy.com\/wp-content\/uploads\/2025\/02\/cropped-Logo_poziom-1-scaled.png\",\"width\":2560,\"height\":453,\"caption\":\"DomiSol - Dostrajamy\"},\"image\":{\"@id\":\"https:\/\/www.dostrajamy.com\/#\/schema\/logo\/image\/\"},\"sameAs\":[\"https:\/\/www.facebook.com\/domisol.dostrajamy\",\"https:\/\/www.instagram.com\/domisol.dostrajamy\",\"https:\/\/www.youtube.com\/@dostrajamy\",\"https:\/\/open.spotify.com\/show\/5je85cYoaCcWGNo7Nwz2iW?si=1c15f6eb977f4f3d&nd=1&dlsi=d2ab15e5d6624979\"]}]}<\/script>\n<!-- \/ Yoast SEO plugin. -->","yoast_head_json":{"title":"Kolczyki \u201eAteny - Muza Wieczno\u015bci\u201d - DomiSol - Dostrajamy","robots":{"index":"index","follow":"follow","max-snippet":"max-snippet:-1","max-image-preview":"max-image-preview:large","max-video-preview":"max-video-preview:-1"},"canonical":"https:\/\/www.dostrajamy.com\/en\/product\/kolczyki-ateny-muza-wiecznosci\/","og_locale":"en_GB","og_type":"article","og_title":"Kolczyki \u201eAteny - Muza Wieczno\u015bci\u201d - DomiSol - Dostrajamy","og_description":"Kolczyki \u201eAteny - Muza Wieczno\u015bci\u201d Jak miniaturowe klejnoty staro\u017cytnej architektury \u2013 kolczyki \u201eAteny \u2013 Muza Wieczno\u015bci\u201d przyci\u0105gaj\u0105 spojrzenia subtelno\u015bci\u0105 formy i blaskiem turkusowego kryszta\u0142u. Ka\u017cdy sztyft przypomina filar czy arkad\u0119, a centralny kryszta\u0142 w kolorze turkusu wprowadza \u015bwie\u017co\u015b\u0107 i harmoni\u0119. To bi\u017cuteria, kt\u00f3ra szepcze o trwa\u0142o\u015bci, pi\u0119knie klasyki i wewn\u0119trznej r\u00f3wnowadze. No\u015b wieczno\u015b\u0107 blisko siebie.","og_url":"https:\/\/www.dostrajamy.com\/en\/product\/kolczyki-ateny-muza-wiecznosci\/","og_site_name":"DomiSol - Dostrajamy","article_publisher":"https:\/\/www.facebook.com\/domisol.dostrajamy","article_modified_time":"2025-12-10T09:03:26+00:00","og_image":[{"width":840,"height":840,"url":"https:\/\/www.dostrajamy.com\/wp-content\/uploads\/2025\/12\/IMG_5489.webp","type":"image\/webp"}],"twitter_card":"summary_large_image","twitter_misc":{"Estimated reading time":"1 minute"},"schema":{"@context":"https:\/\/schema.org","@graph":[{"@type":"WebPage","@id":"https:\/\/www.dostrajamy.com\/produkt\/kolczyki-ateny-muza-wiecznosci\/","url":"https:\/\/www.dostrajamy.com\/produkt\/kolczyki-ateny-muza-wiecznosci\/","name":"Kolczyki \u201eAteny - Muza Wieczno\u015bci\u201d - DomiSol - Dostrajamy","isPartOf":{"@id":"https:\/\/www.dostrajamy.com\/#website"},"primaryImageOfPage":{"@id":"https:\/\/www.dostrajamy.com\/produkt\/kolczyki-ateny-muza-wiecznosci\/#primaryimage"},"image":{"@id":"https:\/\/www.dostrajamy.com\/produkt\/kolczyki-ateny-muza-wiecznosci\/#primaryimage"},"thumbnailUrl":"https:\/\/www.dostrajamy.com\/wp-content\/uploads\/2025\/12\/IMG_5489.webp","datePublished":"2025-12-10T09:00:19+00:00","dateModified":"2025-12-10T09:03:26+00:00","breadcrumb":{"@id":"https:\/\/www.dostrajamy.com\/produkt\/kolczyki-ateny-muza-wiecznosci\/#breadcrumb"},"inLanguage":"en-GB","potentialAction":[{"@type":"ReadAction","target":["https:\/\/www.dostrajamy.com\/produkt\/kolczyki-ateny-muza-wiecznosci\/"]}]},{"@type":"ImageObject","inLanguage":"en-GB","@id":"https:\/\/www.dostrajamy.com\/produkt\/kolczyki-ateny-muza-wiecznosci\/#primaryimage","url":"https:\/\/www.dostrajamy.com\/wp-content\/uploads\/2025\/12\/IMG_5489.webp","contentUrl":"https:\/\/www.dostrajamy.com\/wp-content\/uploads\/2025\/12\/IMG_5489.webp","width":840,"height":840},{"@type":"BreadcrumbList","@id":"https:\/\/www.dostrajamy.com\/produkt\/kolczyki-ateny-muza-wiecznosci\/#breadcrumb","itemListElement":[{"@type":"ListItem","position":1,"name":"Strona g\u0142\u00f3wna","item":"https:\/\/www.dostrajamy.com\/"},{"@type":"ListItem","position":2,"name":"Sklep","item":"https:\/\/www.dostrajamy.com\/sklep\/"},{"@type":"ListItem","position":3,"name":"Kolczyki \u201eAteny &#8211; Muza Wieczno\u015bci\u201d"}]},{"@type":"WebSite","@id":"https:\/\/www.dostrajamy.com\/#website","url":"https:\/\/www.dostrajamy.com\/","name":"DomiSol - Dostrajamy","description":"Tune in to yourself!","publisher":{"@id":"https:\/\/www.dostrajamy.com\/#organization"},"potentialAction":[{"@type":"SearchAction","target":{"@type":"EntryPoint","urlTemplate":"https:\/\/www.dostrajamy.com\/?s={search_term_string}"},"query-input":{"@type":"PropertyValueSpecification","valueRequired":true,"valueName":"search_term_string"}}],"inLanguage":"en-GB"},{"@type":"Organization","@id":"https:\/\/www.dostrajamy.com\/#organization","name":"DomiSol - Dostrajamy","url":"https:\/\/www.dostrajamy.com\/","logo":{"@type":"ImageObject","inLanguage":"en-GB","@id":"https:\/\/www.dostrajamy.com\/#\/schema\/logo\/image\/","url":"https:\/\/www.dostrajamy.com\/wp-content\/uploads\/2025\/02\/cropped-Logo_poziom-1-scaled.png","contentUrl":"https:\/\/www.dostrajamy.com\/wp-content\/uploads\/2025\/02\/cropped-Logo_poziom-1-scaled.png","width":2560,"height":453,"caption":"DomiSol - Dostrajamy"},"image":{"@id":"https:\/\/www.dostrajamy.com\/#\/schema\/logo\/image\/"},"sameAs":["https:\/\/www.facebook.com\/domisol.dostrajamy","https:\/\/www.instagram.com\/domisol.dostrajamy","https:\/\/www.youtube.com\/@dostrajamy","https:\/\/open.spotify.com\/show\/5je85cYoaCcWGNo7Nwz2iW?si=1c15f6eb977f4f3d&nd=1&dlsi=d2ab15e5d6624979"]}]}},"_links":{"self":[{"href":"https:\/\/www.dostrajamy.com\/en\/wp-json\/wp\/v2\/product\/4474","targetHints":{"allow":["GET"]}}],"collection":[{"href":"https:\/\/www.dostrajamy.com\/en\/wp-json\/wp\/v2\/product"}],"about":[{"href":"https:\/\/www.dostrajamy.com\/en\/wp-json\/wp\/v2\/types\/product"}],"replies":[{"embeddable":true,"href":"https:\/\/www.dostrajamy.com\/en\/wp-json\/wp\/v2\/comments?post=4474"}],"wp:featuredmedia":[{"embeddable":true,"href":"https:\/\/www.dostrajamy.com\/en\/wp-json\/wp\/v2\/media\/4407"}],"wp:attachment":[{"href":"https:\/\/www.dostrajamy.com\/en\/wp-json\/wp\/v2\/media?parent=4474"}],"wp:term":[{"taxonomy":"product_brand","embeddable":true,"href":"https:\/\/www.dostrajamy.com\/en\/wp-json\/wp\/v2\/product_brand?post=4474"},{"taxonomy":"product_cat","embeddable":true,"href":"https:\/\/www.dostrajamy.com\/en\/wp-json\/wp\/v2\/product_cat?post=4474"},{"taxonomy":"product_tag","embeddable":true,"href":"https:\/\/www.dostrajamy.com\/en\/wp-json\/wp\/v2\/product_tag?post=4474"}],"curies":[{"name":"wp","href":"https:\/\/api.w.org\/{rel}","templated":true}]}}