{"id":4478,"date":"2025-12-10T09:12:10","date_gmt":"2025-12-10T09:12:10","guid":{"rendered":"https:\/\/www.dostrajamy.com\/?post_type=product&#038;p=4478"},"modified":"2025-12-10T09:14:32","modified_gmt":"2025-12-10T09:14:32","slug":"bracelet-shadow-of-light-muse-of-depth","status":"publish","type":"product","link":"https:\/\/www.dostrajamy.com\/en\/product\/bracelet-shadow-of-light-muse-of-depth\/","title":{"rendered":"Bracelet \u201eShadow of Light - Muse of the Deep\u201d"},"content":{"rendered":"<h3 data-start=\"689\" data-end=\"983\">Sensitive information:<\/h3>\n<ul>\n<li data-start=\"542\" data-end=\"606\">\n<p data-start=\"544\" data-end=\"606\"><strong data-start=\"544\" data-end=\"553\">Form<\/strong>: Bracelet composed of many small elements, to be set with the \u201eShadow of Light\u201d earrings.<\/p>\n<\/li>\n<li data-start=\"607\" data-end=\"665\">\n<p data-start=\"609\" data-end=\"665\"><strong data-start=\"609\" data-end=\"621\">Material<\/strong>: Brass.<\/p>\n<\/li>\n<li data-start=\"666\" data-end=\"723\">\n<p data-start=\"668\" data-end=\"723\"><strong data-start=\"668\" data-end=\"683\">Finishing<\/strong>: Black oxidation.<\/p>\n<\/li>\n<li data-start=\"724\" data-end=\"801\">\n<p data-start=\"726\" data-end=\"801\"><strong data-start=\"726\" data-end=\"735\">Detail<\/strong>: Subtle, small elements combined into a harmonious whole.<\/p>\n<\/li>\n<li data-start=\"802\" data-end=\"871\">\n<p data-start=\"804\" data-end=\"871\"><strong data-start=\"804\" data-end=\"819\">Origins<\/strong>: Handmade in Athens, at the Kalliope studio.<\/p>\n<\/li>\n<\/ul>\n<p>&nbsp;<\/p>","protected":false},"excerpt":{"rendered":"<p data-start=\"72\" data-end=\"480\">The \u201eShadow of Light - Muse of the Deep\u201d bracelet is the perfect complement to the earrings of the same name. It is made up of many small, precisely connected elements, creating a subtle yet expressive whole. The black oxidation gives it depth and mystery, and every movement of the hand reveals a shimmering sparkle that draws the eye in. This is jewellery that reminds us that the real power is in the details and contrasts.<\/p>\n<p data-start=\"482\" data-end=\"520\">Carry the depth close to you.<\/p>","protected":false},"featured_media":4386,"comment_status":"open","ping_status":"closed","template":"","meta":{"_eb_attr":""},"product_brand":[],"product_cat":[57,41],"product_tag":[68,78,70,71],"class_list":{"0":"post-4478","1":"product","2":"type-product","3":"status-publish","4":"has-post-thumbnail","6":"product_cat-grecka-bizuteria","7":"product_cat-bransoletki","8":"product_tag-bizuteria","9":"product_tag-bransoletka","10":"product_tag-fashion-jewelry","11":"product_tag-mosiadz","13":"first","14":"instock","15":"shipping-taxable","16":"purchasable","17":"product-type-simple"},"yoast_head":"<!-- This site is optimized with the Yoast SEO plugin v26.6 - https:\/\/yoast.com\/wordpress\/plugins\/seo\/ -->\n<title>Bransoletka \u201eCie\u0144 \u015awiat\u0142a - Muza G\u0142\u0119bi&quot; - DomiSol - Dostrajamy<\/title>\n<meta name=\"robots\" content=\"index, follow, max-snippet:-1, max-image-preview:large, max-video-preview:-1\" \/>\n<link rel=\"canonical\" href=\"https:\/\/www.dostrajamy.com\/en\/product\/bracelet-shadow-of-light-muse-of-depth\/\" \/>\n<meta property=\"og:locale\" content=\"en_GB\" \/>\n<meta property=\"og:type\" content=\"article\" \/>\n<meta property=\"og:title\" content=\"Bransoletka \u201eCie\u0144 \u015awiat\u0142a - Muza G\u0142\u0119bi&quot; - DomiSol - Dostrajamy\" \/>\n<meta property=\"og:description\" content=\"Bransoletka \u201eCie\u0144 \u015awiat\u0142a \u2013 Muza G\u0142\u0119bi\u201d to idealne dope\u0142nienie kolczyk\u00f3w o tej samej nazwie. Sk\u0142ada si\u0119 z wielu drobnych, precyzyjnie po\u0142\u0105czonych element\u00f3w, tworz\u0105cych subteln\u0105, a zarazem wyrazist\u0105 ca\u0142o\u015b\u0107. Czarna oksydacja nadaje jej g\u0142\u0119bi i tajemniczo\u015bci, a ka\u017cdy ruch r\u0119ki ods\u0142ania migotliwy blask, przyci\u0105gaj\u0105cy spojrzenia. To bi\u017cuteria, kt\u00f3ra przypomina, \u017ce prawdziwa moc tkwi w detalach i kontrastach. No\u015b g\u0142\u0119bi\u0119 blisko siebie.\" \/>\n<meta property=\"og:url\" content=\"https:\/\/www.dostrajamy.com\/en\/product\/bracelet-shadow-of-light-muse-of-depth\/\" \/>\n<meta property=\"og:site_name\" content=\"DomiSol - Dostrajamy\" \/>\n<meta property=\"article:publisher\" content=\"https:\/\/www.facebook.com\/domisol.dostrajamy\" \/>\n<meta property=\"article:modified_time\" content=\"2025-12-10T09:14:32+00:00\" \/>\n<meta property=\"og:image\" content=\"https:\/\/www.dostrajamy.com\/wp-content\/uploads\/2025\/12\/IMG_5517.webp\" \/>\n\t<meta property=\"og:image:width\" content=\"840\" \/>\n\t<meta property=\"og:image:height\" content=\"840\" \/>\n\t<meta property=\"og:image:type\" content=\"image\/webp\" \/>\n<meta name=\"twitter:card\" content=\"summary_large_image\" \/>\n<meta name=\"twitter:label1\" content=\"Estimated reading time\" \/>\n\t<meta name=\"twitter:data1\" content=\"1 minute\" \/>\n<script type=\"application\/ld+json\" class=\"yoast-schema-graph\">{\"@context\":\"https:\/\/schema.org\",\"@graph\":[{\"@type\":\"WebPage\",\"@id\":\"https:\/\/www.dostrajamy.com\/produkt\/bransoletka-cien-swiatla-muza-glebi\/\",\"url\":\"https:\/\/www.dostrajamy.com\/produkt\/bransoletka-cien-swiatla-muza-glebi\/\",\"name\":\"Bransoletka \u201eCie\u0144 \u015awiat\u0142a - Muza G\u0142\u0119bi\\\" - DomiSol - Dostrajamy\",\"isPartOf\":{\"@id\":\"https:\/\/www.dostrajamy.com\/#website\"},\"primaryImageOfPage\":{\"@id\":\"https:\/\/www.dostrajamy.com\/produkt\/bransoletka-cien-swiatla-muza-glebi\/#primaryimage\"},\"image\":{\"@id\":\"https:\/\/www.dostrajamy.com\/produkt\/bransoletka-cien-swiatla-muza-glebi\/#primaryimage\"},\"thumbnailUrl\":\"https:\/\/www.dostrajamy.com\/wp-content\/uploads\/2025\/12\/IMG_5517.webp\",\"datePublished\":\"2025-12-10T09:12:10+00:00\",\"dateModified\":\"2025-12-10T09:14:32+00:00\",\"breadcrumb\":{\"@id\":\"https:\/\/www.dostrajamy.com\/produkt\/bransoletka-cien-swiatla-muza-glebi\/#breadcrumb\"},\"inLanguage\":\"en-GB\",\"potentialAction\":[{\"@type\":\"ReadAction\",\"target\":[\"https:\/\/www.dostrajamy.com\/produkt\/bransoletka-cien-swiatla-muza-glebi\/\"]}]},{\"@type\":\"ImageObject\",\"inLanguage\":\"en-GB\",\"@id\":\"https:\/\/www.dostrajamy.com\/produkt\/bransoletka-cien-swiatla-muza-glebi\/#primaryimage\",\"url\":\"https:\/\/www.dostrajamy.com\/wp-content\/uploads\/2025\/12\/IMG_5517.webp\",\"contentUrl\":\"https:\/\/www.dostrajamy.com\/wp-content\/uploads\/2025\/12\/IMG_5517.webp\",\"width\":840,\"height\":840},{\"@type\":\"BreadcrumbList\",\"@id\":\"https:\/\/www.dostrajamy.com\/produkt\/bransoletka-cien-swiatla-muza-glebi\/#breadcrumb\",\"itemListElement\":[{\"@type\":\"ListItem\",\"position\":1,\"name\":\"Strona g\u0142\u00f3wna\",\"item\":\"https:\/\/www.dostrajamy.com\/\"},{\"@type\":\"ListItem\",\"position\":2,\"name\":\"Sklep\",\"item\":\"https:\/\/www.dostrajamy.com\/sklep\/\"},{\"@type\":\"ListItem\",\"position\":3,\"name\":\"Bransoletka \u201eCie\u0144 \u015awiat\u0142a &#8211; Muza G\u0142\u0119bi&#8221;\"}]},{\"@type\":\"WebSite\",\"@id\":\"https:\/\/www.dostrajamy.com\/#website\",\"url\":\"https:\/\/www.dostrajamy.com\/\",\"name\":\"DomiSol - Dostrajamy\",\"description\":\"Dostr\u00f3j si\u0119 do siebie!\",\"publisher\":{\"@id\":\"https:\/\/www.dostrajamy.com\/#organization\"},\"potentialAction\":[{\"@type\":\"SearchAction\",\"target\":{\"@type\":\"EntryPoint\",\"urlTemplate\":\"https:\/\/www.dostrajamy.com\/?s={search_term_string}\"},\"query-input\":{\"@type\":\"PropertyValueSpecification\",\"valueRequired\":true,\"valueName\":\"search_term_string\"}}],\"inLanguage\":\"en-GB\"},{\"@type\":\"Organization\",\"@id\":\"https:\/\/www.dostrajamy.com\/#organization\",\"name\":\"DomiSol - Dostrajamy\",\"url\":\"https:\/\/www.dostrajamy.com\/\",\"logo\":{\"@type\":\"ImageObject\",\"inLanguage\":\"en-GB\",\"@id\":\"https:\/\/www.dostrajamy.com\/#\/schema\/logo\/image\/\",\"url\":\"https:\/\/www.dostrajamy.com\/wp-content\/uploads\/2025\/02\/cropped-Logo_poziom-1-scaled.png\",\"contentUrl\":\"https:\/\/www.dostrajamy.com\/wp-content\/uploads\/2025\/02\/cropped-Logo_poziom-1-scaled.png\",\"width\":2560,\"height\":453,\"caption\":\"DomiSol - Dostrajamy\"},\"image\":{\"@id\":\"https:\/\/www.dostrajamy.com\/#\/schema\/logo\/image\/\"},\"sameAs\":[\"https:\/\/www.facebook.com\/domisol.dostrajamy\",\"https:\/\/www.instagram.com\/domisol.dostrajamy\",\"https:\/\/www.youtube.com\/@dostrajamy\",\"https:\/\/open.spotify.com\/show\/5je85cYoaCcWGNo7Nwz2iW?si=1c15f6eb977f4f3d&nd=1&dlsi=d2ab15e5d6624979\"]}]}<\/script>\n<!-- \/ Yoast SEO plugin. -->","yoast_head_json":{"title":"Bracelet \u201eShadow of Light - Muse of the Deep\" - DomiSol - Tune in","robots":{"index":"index","follow":"follow","max-snippet":"max-snippet:-1","max-image-preview":"max-image-preview:large","max-video-preview":"max-video-preview:-1"},"canonical":"https:\/\/www.dostrajamy.com\/en\/product\/bracelet-shadow-of-light-muse-of-depth\/","og_locale":"en_GB","og_type":"article","og_title":"Bransoletka \u201eCie\u0144 \u015awiat\u0142a - Muza G\u0142\u0119bi\" - DomiSol - Dostrajamy","og_description":"Bransoletka \u201eCie\u0144 \u015awiat\u0142a \u2013 Muza G\u0142\u0119bi\u201d to idealne dope\u0142nienie kolczyk\u00f3w o tej samej nazwie. Sk\u0142ada si\u0119 z wielu drobnych, precyzyjnie po\u0142\u0105czonych element\u00f3w, tworz\u0105cych subteln\u0105, a zarazem wyrazist\u0105 ca\u0142o\u015b\u0107. Czarna oksydacja nadaje jej g\u0142\u0119bi i tajemniczo\u015bci, a ka\u017cdy ruch r\u0119ki ods\u0142ania migotliwy blask, przyci\u0105gaj\u0105cy spojrzenia. To bi\u017cuteria, kt\u00f3ra przypomina, \u017ce prawdziwa moc tkwi w detalach i kontrastach. No\u015b g\u0142\u0119bi\u0119 blisko siebie.","og_url":"https:\/\/www.dostrajamy.com\/en\/product\/bracelet-shadow-of-light-muse-of-depth\/","og_site_name":"DomiSol - Dostrajamy","article_publisher":"https:\/\/www.facebook.com\/domisol.dostrajamy","article_modified_time":"2025-12-10T09:14:32+00:00","og_image":[{"width":840,"height":840,"url":"https:\/\/www.dostrajamy.com\/wp-content\/uploads\/2025\/12\/IMG_5517.webp","type":"image\/webp"}],"twitter_card":"summary_large_image","twitter_misc":{"Estimated reading time":"1 minute"},"schema":{"@context":"https:\/\/schema.org","@graph":[{"@type":"WebPage","@id":"https:\/\/www.dostrajamy.com\/produkt\/bransoletka-cien-swiatla-muza-glebi\/","url":"https:\/\/www.dostrajamy.com\/produkt\/bransoletka-cien-swiatla-muza-glebi\/","name":"Bracelet \u201eShadow of Light - Muse of the Deep\" - DomiSol - Tune in","isPartOf":{"@id":"https:\/\/www.dostrajamy.com\/#website"},"primaryImageOfPage":{"@id":"https:\/\/www.dostrajamy.com\/produkt\/bransoletka-cien-swiatla-muza-glebi\/#primaryimage"},"image":{"@id":"https:\/\/www.dostrajamy.com\/produkt\/bransoletka-cien-swiatla-muza-glebi\/#primaryimage"},"thumbnailUrl":"https:\/\/www.dostrajamy.com\/wp-content\/uploads\/2025\/12\/IMG_5517.webp","datePublished":"2025-12-10T09:12:10+00:00","dateModified":"2025-12-10T09:14:32+00:00","breadcrumb":{"@id":"https:\/\/www.dostrajamy.com\/produkt\/bransoletka-cien-swiatla-muza-glebi\/#breadcrumb"},"inLanguage":"en-GB","potentialAction":[{"@type":"ReadAction","target":["https:\/\/www.dostrajamy.com\/produkt\/bransoletka-cien-swiatla-muza-glebi\/"]}]},{"@type":"ImageObject","inLanguage":"en-GB","@id":"https:\/\/www.dostrajamy.com\/produkt\/bransoletka-cien-swiatla-muza-glebi\/#primaryimage","url":"https:\/\/www.dostrajamy.com\/wp-content\/uploads\/2025\/12\/IMG_5517.webp","contentUrl":"https:\/\/www.dostrajamy.com\/wp-content\/uploads\/2025\/12\/IMG_5517.webp","width":840,"height":840},{"@type":"BreadcrumbList","@id":"https:\/\/www.dostrajamy.com\/produkt\/bransoletka-cien-swiatla-muza-glebi\/#breadcrumb","itemListElement":[{"@type":"ListItem","position":1,"name":"Strona g\u0142\u00f3wna","item":"https:\/\/www.dostrajamy.com\/"},{"@type":"ListItem","position":2,"name":"Sklep","item":"https:\/\/www.dostrajamy.com\/sklep\/"},{"@type":"ListItem","position":3,"name":"Bransoletka \u201eCie\u0144 \u015awiat\u0142a &#8211; Muza G\u0142\u0119bi&#8221;"}]},{"@type":"WebSite","@id":"https:\/\/www.dostrajamy.com\/#website","url":"https:\/\/www.dostrajamy.com\/","name":"DomiSol - Dostrajamy","description":"Tune in to yourself!","publisher":{"@id":"https:\/\/www.dostrajamy.com\/#organization"},"potentialAction":[{"@type":"SearchAction","target":{"@type":"EntryPoint","urlTemplate":"https:\/\/www.dostrajamy.com\/?s={search_term_string}"},"query-input":{"@type":"PropertyValueSpecification","valueRequired":true,"valueName":"search_term_string"}}],"inLanguage":"en-GB"},{"@type":"Organization","@id":"https:\/\/www.dostrajamy.com\/#organization","name":"DomiSol - Dostrajamy","url":"https:\/\/www.dostrajamy.com\/","logo":{"@type":"ImageObject","inLanguage":"en-GB","@id":"https:\/\/www.dostrajamy.com\/#\/schema\/logo\/image\/","url":"https:\/\/www.dostrajamy.com\/wp-content\/uploads\/2025\/02\/cropped-Logo_poziom-1-scaled.png","contentUrl":"https:\/\/www.dostrajamy.com\/wp-content\/uploads\/2025\/02\/cropped-Logo_poziom-1-scaled.png","width":2560,"height":453,"caption":"DomiSol - Dostrajamy"},"image":{"@id":"https:\/\/www.dostrajamy.com\/#\/schema\/logo\/image\/"},"sameAs":["https:\/\/www.facebook.com\/domisol.dostrajamy","https:\/\/www.instagram.com\/domisol.dostrajamy","https:\/\/www.youtube.com\/@dostrajamy","https:\/\/open.spotify.com\/show\/5je85cYoaCcWGNo7Nwz2iW?si=1c15f6eb977f4f3d&nd=1&dlsi=d2ab15e5d6624979"]}]}},"_links":{"self":[{"href":"https:\/\/www.dostrajamy.com\/en\/wp-json\/wp\/v2\/product\/4478","targetHints":{"allow":["GET"]}}],"collection":[{"href":"https:\/\/www.dostrajamy.com\/en\/wp-json\/wp\/v2\/product"}],"about":[{"href":"https:\/\/www.dostrajamy.com\/en\/wp-json\/wp\/v2\/types\/product"}],"replies":[{"embeddable":true,"href":"https:\/\/www.dostrajamy.com\/en\/wp-json\/wp\/v2\/comments?post=4478"}],"wp:featuredmedia":[{"embeddable":true,"href":"https:\/\/www.dostrajamy.com\/en\/wp-json\/wp\/v2\/media\/4386"}],"wp:attachment":[{"href":"https:\/\/www.dostrajamy.com\/en\/wp-json\/wp\/v2\/media?parent=4478"}],"wp:term":[{"taxonomy":"product_brand","embeddable":true,"href":"https:\/\/www.dostrajamy.com\/en\/wp-json\/wp\/v2\/product_brand?post=4478"},{"taxonomy":"product_cat","embeddable":true,"href":"https:\/\/www.dostrajamy.com\/en\/wp-json\/wp\/v2\/product_cat?post=4478"},{"taxonomy":"product_tag","embeddable":true,"href":"https:\/\/www.dostrajamy.com\/en\/wp-json\/wp\/v2\/product_tag?post=4478"}],"curies":[{"name":"wp","href":"https:\/\/api.w.org\/{rel}","templated":true}]}}