{"id":4479,"date":"2025-12-10T09:14:39","date_gmt":"2025-12-10T09:14:39","guid":{"rendered":"https:\/\/www.dostrajamy.com\/?post_type=product&#038;p=4479"},"modified":"2025-12-10T09:16:37","modified_gmt":"2025-12-10T09:16:37","slug":"lace-bracelet-night-muse-of-mystery","status":"publish","type":"product","link":"https:\/\/www.dostrajamy.com\/en\/product\/lace-bracelet-night-muse-of-mystery\/","title":{"rendered":"Lace Night - Muse of Mystery\u201e bracelet\u201d"},"content":{"rendered":"<h3 data-start=\"689\" data-end=\"983\">Sensitive information:<\/h3>\n<ul>\n<li data-start=\"542\" data-end=\"606\">\n<p data-start=\"544\" data-end=\"606\"><strong data-start=\"544\" data-end=\"553\">Form<\/strong>: Cuff bracelet in the form of lace.<\/p>\n<\/li>\n<li data-start=\"607\" data-end=\"665\">\n<p data-start=\"609\" data-end=\"665\"><strong data-start=\"609\" data-end=\"621\">Material<\/strong>: Brass.<\/p>\n<\/li>\n<li data-start=\"666\" data-end=\"723\">\n<p data-start=\"668\" data-end=\"723\"><strong data-start=\"668\" data-end=\"683\">Finishing<\/strong>: Black oxidation.<\/p>\n<\/li>\n<li data-start=\"724\" data-end=\"801\">\n<p data-start=\"726\" data-end=\"801\"><strong data-start=\"726\" data-end=\"735\">Detail<\/strong>: Intricately carved lace, contrast of matt and gloss.<\/p>\n<\/li>\n<li data-start=\"802\" data-end=\"871\">\n<p data-start=\"804\" data-end=\"871\"><strong data-start=\"804\" data-end=\"819\">Origins<\/strong>: Handmade in Athens, at the Kalliope studio.<\/p>\n<\/li>\n<\/ul>\n<p>&nbsp;<\/p>","protected":false},"excerpt":{"rendered":"<article class=\"text-token-text-primary w-full focus:outline-none [--shadow-height:45px] has-data-writing-block:pointer-events-none has-data-writing-block:-mt-(--shadow-height) has-data-writing-block:pt-(--shadow-height) [&amp;:has([data-writing-block])&gt;*]:pointer-events-auto scroll-mt-[calc(var(--header-height)+min(200px,max(70px,20svh)))]\" dir=\"auto\" tabindex=\"-1\" data-turn-id=\"request-68c056ba-8164-832f-b261-8705b0ff687e-34\" data-testid=\"conversation-turn-178\" data-scroll-anchor=\"true\" data-turn=\"assistant\">\n<h6 class=\"sr-only\"><\/h6>\n<div class=\"text-base my-auto mx-auto pb-10 [--thread-content-margin:--spacing(4)] @w-sm\/main:[--thread-content-margin:--spacing(6)] @w-lg\/main:[--thread-content-margin:--spacing(16)] px-(--thread-content-margin)\">\n<div class=\"[--thread-content-max-width:40rem] @w-lg\/main:[--thread-content-max-width:48rem] mx-auto max-w-(--thread-content-max-width) flex-1 group\/turn-messages focus-visible:outline-hidden relative flex w-full min-w-0 flex-col agent-turn\" tabindex=\"-1\">\n<div class=\"flex max-w-full flex-col grow\">\n<div class=\"min-h-8 text-message relative flex w-full flex-col items-end gap-2 text-start break-words whitespace-normal [.text-message+&amp;]:mt-1\" dir=\"auto\" data-message-author-role=\"assistant\" data-message-id=\"03c21ab5-b9bf-4a84-9b9b-a416f0544a53\" data-message-model-slug=\"gpt-5-mini\">\n<div class=\"flex w-full flex-col gap-1 empty:hidden first:pt-[1px]\">\n<div class=\"markdown prose dark:prose-invert w-full break-words dark markdown-new-styling\">\n<p data-start=\"77\" data-end=\"473\">Like the intricate lace of the night sky - the \u201eLace Night - Muse of Mystery\u201d bracelet wraps the wrist with its light yet expressive form. Partly black oxidised, partly gold plated, it combines contrasts of matt and shine, mystery and light. This is jewellery that reminds you that beauty is born in the details, and your Muse whispers for you to celebrate the subtle transitions of light and shadow.<\/p>\n<p data-start=\"475\" data-end=\"516\">Carry the mystery close to you.<\/p>\n<\/div>\n<\/div>\n<\/div>\n<\/div>\n<\/div>\n<\/div>\n<\/article>","protected":false},"featured_media":4385,"comment_status":"open","ping_status":"closed","template":"","meta":{"_eb_attr":""},"product_brand":[],"product_cat":[57,41],"product_tag":[68,78,70,71],"class_list":{"0":"post-4479","1":"product","2":"type-product","3":"status-publish","4":"has-post-thumbnail","6":"product_cat-grecka-bizuteria","7":"product_cat-bransoletki","8":"product_tag-bizuteria","9":"product_tag-bransoletka","10":"product_tag-fashion-jewelry","11":"product_tag-mosiadz","13":"first","14":"instock","15":"shipping-taxable","16":"purchasable","17":"product-type-simple"},"yoast_head":"<!-- This site is optimized with the Yoast SEO plugin v26.6 - https:\/\/yoast.com\/wordpress\/plugins\/seo\/ -->\n<title>Bransoletka \u201eKoronkowa Noc - Muza Tajemnicy\u201d - DomiSol - Dostrajamy<\/title>\n<meta name=\"robots\" content=\"index, follow, max-snippet:-1, max-image-preview:large, max-video-preview:-1\" \/>\n<link rel=\"canonical\" href=\"https:\/\/www.dostrajamy.com\/en\/product\/lace-bracelet-night-muse-of-mystery\/\" \/>\n<meta property=\"og:locale\" content=\"en_GB\" \/>\n<meta property=\"og:type\" content=\"article\" \/>\n<meta property=\"og:title\" content=\"Bransoletka \u201eKoronkowa Noc - Muza Tajemnicy\u201d - DomiSol - Dostrajamy\" \/>\n<meta property=\"og:description\" content=\"Jak misterne koronki nocnego nieba \u2013 bransoletka \u201eKoronkowa Noc \u2013 Muza Tajemnicy\u201d oplata nadgarstek swoj\u0105 lekk\u0105, a zarazem wyrazist\u0105 form\u0105. Cz\u0119\u015bciowo pokryta czarn\u0105 oksydacj\u0105, cz\u0119\u015bciowo z\u0142ocona, \u0142\u0105czy w sobie kontrasty matu i blasku, tajemnicy i \u015bwiat\u0142a. To bi\u017cuteria, kt\u00f3ra przypomina, \u017ce pi\u0119kno rodzi si\u0119 w detalach, a Twoja Muza szepcze, aby\u015b celebrowa\u0142a subtelne przej\u015bcia \u015bwiat\u0142a i cienia. No\u015b tajemnic\u0119 blisko siebie.\" \/>\n<meta property=\"og:url\" content=\"https:\/\/www.dostrajamy.com\/en\/product\/lace-bracelet-night-muse-of-mystery\/\" \/>\n<meta property=\"og:site_name\" content=\"DomiSol - Dostrajamy\" \/>\n<meta property=\"article:publisher\" content=\"https:\/\/www.facebook.com\/domisol.dostrajamy\" \/>\n<meta property=\"article:modified_time\" content=\"2025-12-10T09:16:37+00:00\" \/>\n<meta property=\"og:image\" content=\"https:\/\/www.dostrajamy.com\/wp-content\/uploads\/2025\/12\/IMG_5518.webp\" \/>\n\t<meta property=\"og:image:width\" content=\"840\" \/>\n\t<meta property=\"og:image:height\" content=\"840\" \/>\n\t<meta property=\"og:image:type\" content=\"image\/webp\" \/>\n<meta name=\"twitter:card\" content=\"summary_large_image\" \/>\n<meta name=\"twitter:label1\" content=\"Estimated reading time\" \/>\n\t<meta name=\"twitter:data1\" content=\"1 minute\" \/>\n<script type=\"application\/ld+json\" class=\"yoast-schema-graph\">{\"@context\":\"https:\/\/schema.org\",\"@graph\":[{\"@type\":\"WebPage\",\"@id\":\"https:\/\/www.dostrajamy.com\/produkt\/bransoletka-koronkowa-noc-muza-tajemnicy\/\",\"url\":\"https:\/\/www.dostrajamy.com\/produkt\/bransoletka-koronkowa-noc-muza-tajemnicy\/\",\"name\":\"Bransoletka \u201eKoronkowa Noc - Muza Tajemnicy\u201d - DomiSol - Dostrajamy\",\"isPartOf\":{\"@id\":\"https:\/\/www.dostrajamy.com\/#website\"},\"primaryImageOfPage\":{\"@id\":\"https:\/\/www.dostrajamy.com\/produkt\/bransoletka-koronkowa-noc-muza-tajemnicy\/#primaryimage\"},\"image\":{\"@id\":\"https:\/\/www.dostrajamy.com\/produkt\/bransoletka-koronkowa-noc-muza-tajemnicy\/#primaryimage\"},\"thumbnailUrl\":\"https:\/\/www.dostrajamy.com\/wp-content\/uploads\/2025\/12\/IMG_5518.webp\",\"datePublished\":\"2025-12-10T09:14:39+00:00\",\"dateModified\":\"2025-12-10T09:16:37+00:00\",\"breadcrumb\":{\"@id\":\"https:\/\/www.dostrajamy.com\/produkt\/bransoletka-koronkowa-noc-muza-tajemnicy\/#breadcrumb\"},\"inLanguage\":\"en-GB\",\"potentialAction\":[{\"@type\":\"ReadAction\",\"target\":[\"https:\/\/www.dostrajamy.com\/produkt\/bransoletka-koronkowa-noc-muza-tajemnicy\/\"]}]},{\"@type\":\"ImageObject\",\"inLanguage\":\"en-GB\",\"@id\":\"https:\/\/www.dostrajamy.com\/produkt\/bransoletka-koronkowa-noc-muza-tajemnicy\/#primaryimage\",\"url\":\"https:\/\/www.dostrajamy.com\/wp-content\/uploads\/2025\/12\/IMG_5518.webp\",\"contentUrl\":\"https:\/\/www.dostrajamy.com\/wp-content\/uploads\/2025\/12\/IMG_5518.webp\",\"width\":840,\"height\":840},{\"@type\":\"BreadcrumbList\",\"@id\":\"https:\/\/www.dostrajamy.com\/produkt\/bransoletka-koronkowa-noc-muza-tajemnicy\/#breadcrumb\",\"itemListElement\":[{\"@type\":\"ListItem\",\"position\":1,\"name\":\"Strona g\u0142\u00f3wna\",\"item\":\"https:\/\/www.dostrajamy.com\/\"},{\"@type\":\"ListItem\",\"position\":2,\"name\":\"Sklep\",\"item\":\"https:\/\/www.dostrajamy.com\/sklep\/\"},{\"@type\":\"ListItem\",\"position\":3,\"name\":\"Bransoletka \u201eKoronkowa Noc &#8211; Muza Tajemnicy\u201d\"}]},{\"@type\":\"WebSite\",\"@id\":\"https:\/\/www.dostrajamy.com\/#website\",\"url\":\"https:\/\/www.dostrajamy.com\/\",\"name\":\"DomiSol - Dostrajamy\",\"description\":\"Dostr\u00f3j si\u0119 do siebie!\",\"publisher\":{\"@id\":\"https:\/\/www.dostrajamy.com\/#organization\"},\"potentialAction\":[{\"@type\":\"SearchAction\",\"target\":{\"@type\":\"EntryPoint\",\"urlTemplate\":\"https:\/\/www.dostrajamy.com\/?s={search_term_string}\"},\"query-input\":{\"@type\":\"PropertyValueSpecification\",\"valueRequired\":true,\"valueName\":\"search_term_string\"}}],\"inLanguage\":\"en-GB\"},{\"@type\":\"Organization\",\"@id\":\"https:\/\/www.dostrajamy.com\/#organization\",\"name\":\"DomiSol - Dostrajamy\",\"url\":\"https:\/\/www.dostrajamy.com\/\",\"logo\":{\"@type\":\"ImageObject\",\"inLanguage\":\"en-GB\",\"@id\":\"https:\/\/www.dostrajamy.com\/#\/schema\/logo\/image\/\",\"url\":\"https:\/\/www.dostrajamy.com\/wp-content\/uploads\/2025\/02\/cropped-Logo_poziom-1-scaled.png\",\"contentUrl\":\"https:\/\/www.dostrajamy.com\/wp-content\/uploads\/2025\/02\/cropped-Logo_poziom-1-scaled.png\",\"width\":2560,\"height\":453,\"caption\":\"DomiSol - Dostrajamy\"},\"image\":{\"@id\":\"https:\/\/www.dostrajamy.com\/#\/schema\/logo\/image\/\"},\"sameAs\":[\"https:\/\/www.facebook.com\/domisol.dostrajamy\",\"https:\/\/www.instagram.com\/domisol.dostrajamy\",\"https:\/\/www.youtube.com\/@dostrajamy\",\"https:\/\/open.spotify.com\/show\/5je85cYoaCcWGNo7Nwz2iW?si=1c15f6eb977f4f3d&nd=1&dlsi=d2ab15e5d6624979\"]}]}<\/script>\n<!-- \/ Yoast SEO plugin. -->","yoast_head_json":{"title":"Lace Night - Muse of Mystery\u201e bracelet - DomiSol - Tuning","robots":{"index":"index","follow":"follow","max-snippet":"max-snippet:-1","max-image-preview":"max-image-preview:large","max-video-preview":"max-video-preview:-1"},"canonical":"https:\/\/www.dostrajamy.com\/en\/product\/lace-bracelet-night-muse-of-mystery\/","og_locale":"en_GB","og_type":"article","og_title":"Bransoletka \u201eKoronkowa Noc - Muza Tajemnicy\u201d - DomiSol - Dostrajamy","og_description":"Jak misterne koronki nocnego nieba \u2013 bransoletka \u201eKoronkowa Noc \u2013 Muza Tajemnicy\u201d oplata nadgarstek swoj\u0105 lekk\u0105, a zarazem wyrazist\u0105 form\u0105. Cz\u0119\u015bciowo pokryta czarn\u0105 oksydacj\u0105, cz\u0119\u015bciowo z\u0142ocona, \u0142\u0105czy w sobie kontrasty matu i blasku, tajemnicy i \u015bwiat\u0142a. To bi\u017cuteria, kt\u00f3ra przypomina, \u017ce pi\u0119kno rodzi si\u0119 w detalach, a Twoja Muza szepcze, aby\u015b celebrowa\u0142a subtelne przej\u015bcia \u015bwiat\u0142a i cienia. No\u015b tajemnic\u0119 blisko siebie.","og_url":"https:\/\/www.dostrajamy.com\/en\/product\/lace-bracelet-night-muse-of-mystery\/","og_site_name":"DomiSol - Dostrajamy","article_publisher":"https:\/\/www.facebook.com\/domisol.dostrajamy","article_modified_time":"2025-12-10T09:16:37+00:00","og_image":[{"width":840,"height":840,"url":"https:\/\/www.dostrajamy.com\/wp-content\/uploads\/2025\/12\/IMG_5518.webp","type":"image\/webp"}],"twitter_card":"summary_large_image","twitter_misc":{"Estimated reading time":"1 minute"},"schema":{"@context":"https:\/\/schema.org","@graph":[{"@type":"WebPage","@id":"https:\/\/www.dostrajamy.com\/produkt\/bransoletka-koronkowa-noc-muza-tajemnicy\/","url":"https:\/\/www.dostrajamy.com\/produkt\/bransoletka-koronkowa-noc-muza-tajemnicy\/","name":"Lace Night - Muse of Mystery\u201e bracelet - DomiSol - Tuning","isPartOf":{"@id":"https:\/\/www.dostrajamy.com\/#website"},"primaryImageOfPage":{"@id":"https:\/\/www.dostrajamy.com\/produkt\/bransoletka-koronkowa-noc-muza-tajemnicy\/#primaryimage"},"image":{"@id":"https:\/\/www.dostrajamy.com\/produkt\/bransoletka-koronkowa-noc-muza-tajemnicy\/#primaryimage"},"thumbnailUrl":"https:\/\/www.dostrajamy.com\/wp-content\/uploads\/2025\/12\/IMG_5518.webp","datePublished":"2025-12-10T09:14:39+00:00","dateModified":"2025-12-10T09:16:37+00:00","breadcrumb":{"@id":"https:\/\/www.dostrajamy.com\/produkt\/bransoletka-koronkowa-noc-muza-tajemnicy\/#breadcrumb"},"inLanguage":"en-GB","potentialAction":[{"@type":"ReadAction","target":["https:\/\/www.dostrajamy.com\/produkt\/bransoletka-koronkowa-noc-muza-tajemnicy\/"]}]},{"@type":"ImageObject","inLanguage":"en-GB","@id":"https:\/\/www.dostrajamy.com\/produkt\/bransoletka-koronkowa-noc-muza-tajemnicy\/#primaryimage","url":"https:\/\/www.dostrajamy.com\/wp-content\/uploads\/2025\/12\/IMG_5518.webp","contentUrl":"https:\/\/www.dostrajamy.com\/wp-content\/uploads\/2025\/12\/IMG_5518.webp","width":840,"height":840},{"@type":"BreadcrumbList","@id":"https:\/\/www.dostrajamy.com\/produkt\/bransoletka-koronkowa-noc-muza-tajemnicy\/#breadcrumb","itemListElement":[{"@type":"ListItem","position":1,"name":"Strona g\u0142\u00f3wna","item":"https:\/\/www.dostrajamy.com\/"},{"@type":"ListItem","position":2,"name":"Sklep","item":"https:\/\/www.dostrajamy.com\/sklep\/"},{"@type":"ListItem","position":3,"name":"Bransoletka \u201eKoronkowa Noc &#8211; Muza Tajemnicy\u201d"}]},{"@type":"WebSite","@id":"https:\/\/www.dostrajamy.com\/#website","url":"https:\/\/www.dostrajamy.com\/","name":"DomiSol - Dostrajamy","description":"Tune in to yourself!","publisher":{"@id":"https:\/\/www.dostrajamy.com\/#organization"},"potentialAction":[{"@type":"SearchAction","target":{"@type":"EntryPoint","urlTemplate":"https:\/\/www.dostrajamy.com\/?s={search_term_string}"},"query-input":{"@type":"PropertyValueSpecification","valueRequired":true,"valueName":"search_term_string"}}],"inLanguage":"en-GB"},{"@type":"Organization","@id":"https:\/\/www.dostrajamy.com\/#organization","name":"DomiSol - Dostrajamy","url":"https:\/\/www.dostrajamy.com\/","logo":{"@type":"ImageObject","inLanguage":"en-GB","@id":"https:\/\/www.dostrajamy.com\/#\/schema\/logo\/image\/","url":"https:\/\/www.dostrajamy.com\/wp-content\/uploads\/2025\/02\/cropped-Logo_poziom-1-scaled.png","contentUrl":"https:\/\/www.dostrajamy.com\/wp-content\/uploads\/2025\/02\/cropped-Logo_poziom-1-scaled.png","width":2560,"height":453,"caption":"DomiSol - Dostrajamy"},"image":{"@id":"https:\/\/www.dostrajamy.com\/#\/schema\/logo\/image\/"},"sameAs":["https:\/\/www.facebook.com\/domisol.dostrajamy","https:\/\/www.instagram.com\/domisol.dostrajamy","https:\/\/www.youtube.com\/@dostrajamy","https:\/\/open.spotify.com\/show\/5je85cYoaCcWGNo7Nwz2iW?si=1c15f6eb977f4f3d&nd=1&dlsi=d2ab15e5d6624979"]}]}},"_links":{"self":[{"href":"https:\/\/www.dostrajamy.com\/en\/wp-json\/wp\/v2\/product\/4479","targetHints":{"allow":["GET"]}}],"collection":[{"href":"https:\/\/www.dostrajamy.com\/en\/wp-json\/wp\/v2\/product"}],"about":[{"href":"https:\/\/www.dostrajamy.com\/en\/wp-json\/wp\/v2\/types\/product"}],"replies":[{"embeddable":true,"href":"https:\/\/www.dostrajamy.com\/en\/wp-json\/wp\/v2\/comments?post=4479"}],"wp:featuredmedia":[{"embeddable":true,"href":"https:\/\/www.dostrajamy.com\/en\/wp-json\/wp\/v2\/media\/4385"}],"wp:attachment":[{"href":"https:\/\/www.dostrajamy.com\/en\/wp-json\/wp\/v2\/media?parent=4479"}],"wp:term":[{"taxonomy":"product_brand","embeddable":true,"href":"https:\/\/www.dostrajamy.com\/en\/wp-json\/wp\/v2\/product_brand?post=4479"},{"taxonomy":"product_cat","embeddable":true,"href":"https:\/\/www.dostrajamy.com\/en\/wp-json\/wp\/v2\/product_cat?post=4479"},{"taxonomy":"product_tag","embeddable":true,"href":"https:\/\/www.dostrajamy.com\/en\/wp-json\/wp\/v2\/product_tag?post=4479"}],"curies":[{"name":"wp","href":"https:\/\/api.w.org\/{rel}","templated":true}]}}