{"id":4480,"date":"2025-12-10T09:16:44","date_gmt":"2025-12-10T09:16:44","guid":{"rendered":"https:\/\/www.dostrajamy.com\/?post_type=product&#038;p=4480"},"modified":"2025-12-10T09:19:09","modified_gmt":"2025-12-10T09:19:09","slug":"bracelet-wrap-muse-of-peace","status":"publish","type":"product","link":"https:\/\/www.dostrajamy.com\/en\/product\/bracelet-wrap-muse-of-peace\/","title":{"rendered":"Bracelet \u201eWrapping - Muse of Serenity\u201d"},"content":{"rendered":"<h3 data-start=\"689\" data-end=\"983\">Sensitive information:<\/h3>\n<ul>\n<li data-start=\"542\" data-end=\"606\">\n<p data-start=\"544\" data-end=\"606\"><strong data-start=\"544\" data-end=\"553\">Form<\/strong>: Cuff bracelet with a central blue resin element and two arms wrapping the wrist.<\/p>\n<\/li>\n<li data-start=\"607\" data-end=\"665\">\n<p data-start=\"609\" data-end=\"665\"><strong data-start=\"609\" data-end=\"621\">Material<\/strong>: Brass.<\/p>\n<\/li>\n<li data-start=\"666\" data-end=\"723\">\n<p data-start=\"668\" data-end=\"723\"><strong data-start=\"668\" data-end=\"683\">Finishing<\/strong>: Blue resin.<\/p>\n<\/li>\n<li data-start=\"724\" data-end=\"801\">\n<p data-start=\"726\" data-end=\"801\"><strong data-start=\"726\" data-end=\"735\">Detail<\/strong>: Central blue resin, harmonious cuff arms.<\/p>\n<\/li>\n<li data-start=\"802\" data-end=\"871\">\n<p data-start=\"804\" data-end=\"871\"><strong data-start=\"804\" data-end=\"819\">Origins<\/strong>: Handmade in Athens, at the Kalliope studio.<\/p>\n<\/li>\n<\/ul>\n<p>&nbsp;<\/p>","protected":false},"excerpt":{"rendered":"<p data-start=\"70\" data-end=\"456\">The \u201eWrap - Muse of Serenity\u201d bracelet combines the power of a central blue resin piece with a delicate arm that subtly wraps around the wrist like a gesture of protection. The form is reminiscent of an embrace - strong yet gentle. This is jewellery that reminds you that peace and security can be carried with you, and your Muse whispers for you to allow yourself a moment of serenity and harmony.<\/p>\n<p data-start=\"458\" data-end=\"507\">Carry peace and wrapping close to you.<\/p>","protected":false},"featured_media":4384,"comment_status":"open","ping_status":"closed","template":"","meta":{"_eb_attr":""},"product_brand":[],"product_cat":[57,41],"product_tag":[68,78,70,71],"class_list":{"0":"post-4480","1":"product","2":"type-product","3":"status-publish","4":"has-post-thumbnail","6":"product_cat-grecka-bizuteria","7":"product_cat-bransoletki","8":"product_tag-bizuteria","9":"product_tag-bransoletka","10":"product_tag-fashion-jewelry","11":"product_tag-mosiadz","13":"first","14":"instock","15":"shipping-taxable","16":"purchasable","17":"product-type-simple"},"yoast_head":"<!-- This site is optimized with the Yoast SEO plugin v26.6 - https:\/\/yoast.com\/wordpress\/plugins\/seo\/ -->\n<title>Bransoletka \u201eOtulenie - Muza Spokoju\u201d - DomiSol - Dostrajamy<\/title>\n<meta name=\"robots\" content=\"index, follow, max-snippet:-1, max-image-preview:large, max-video-preview:-1\" \/>\n<link rel=\"canonical\" href=\"https:\/\/www.dostrajamy.com\/en\/product\/bracelet-wrap-muse-of-peace\/\" \/>\n<meta property=\"og:locale\" content=\"en_GB\" \/>\n<meta property=\"og:type\" content=\"article\" \/>\n<meta property=\"og:title\" content=\"Bransoletka \u201eOtulenie - Muza Spokoju\u201d - DomiSol - Dostrajamy\" \/>\n<meta property=\"og:description\" content=\"Bransoletka \u201eOtulenie \u2013 Muza Spokoju\u201d \u0142\u0105czy w sobie moc centralnego, niebieskiego kawa\u0142ka \u017cywicy z delikatnym ramieniem, kt\u00f3re subtelnie oplata nadgarstek niczym gest ochrony. Forma przypomina obj\u0119cie \u2013 silne, a zarazem \u0142agodne. To bi\u017cuteria, kt\u00f3ra przypomina, \u017ce spok\u00f3j i bezpiecze\u0144stwo mo\u017cna nosi\u0107 przy sobie, a Twoja Muza szepcze, by\u015b pozwoli\u0142a sobie na chwil\u0119 ukojenia i harmonii. No\u015b spok\u00f3j i otulenie blisko siebie.\" \/>\n<meta property=\"og:url\" content=\"https:\/\/www.dostrajamy.com\/en\/product\/bracelet-wrap-muse-of-peace\/\" \/>\n<meta property=\"og:site_name\" content=\"DomiSol - Dostrajamy\" \/>\n<meta property=\"article:publisher\" content=\"https:\/\/www.facebook.com\/domisol.dostrajamy\" \/>\n<meta property=\"article:modified_time\" content=\"2025-12-10T09:19:09+00:00\" \/>\n<meta property=\"og:image\" content=\"https:\/\/www.dostrajamy.com\/wp-content\/uploads\/2025\/12\/IMG_5519.webp\" \/>\n\t<meta property=\"og:image:width\" content=\"840\" \/>\n\t<meta property=\"og:image:height\" content=\"840\" \/>\n\t<meta property=\"og:image:type\" content=\"image\/webp\" \/>\n<meta name=\"twitter:card\" content=\"summary_large_image\" \/>\n<meta name=\"twitter:label1\" content=\"Estimated reading time\" \/>\n\t<meta name=\"twitter:data1\" content=\"1 minute\" \/>\n<script type=\"application\/ld+json\" class=\"yoast-schema-graph\">{\"@context\":\"https:\/\/schema.org\",\"@graph\":[{\"@type\":\"WebPage\",\"@id\":\"https:\/\/www.dostrajamy.com\/produkt\/bransoletka-otulenie-muza-spokoju\/\",\"url\":\"https:\/\/www.dostrajamy.com\/produkt\/bransoletka-otulenie-muza-spokoju\/\",\"name\":\"Bransoletka \u201eOtulenie - Muza Spokoju\u201d - DomiSol - Dostrajamy\",\"isPartOf\":{\"@id\":\"https:\/\/www.dostrajamy.com\/#website\"},\"primaryImageOfPage\":{\"@id\":\"https:\/\/www.dostrajamy.com\/produkt\/bransoletka-otulenie-muza-spokoju\/#primaryimage\"},\"image\":{\"@id\":\"https:\/\/www.dostrajamy.com\/produkt\/bransoletka-otulenie-muza-spokoju\/#primaryimage\"},\"thumbnailUrl\":\"https:\/\/www.dostrajamy.com\/wp-content\/uploads\/2025\/12\/IMG_5519.webp\",\"datePublished\":\"2025-12-10T09:16:44+00:00\",\"dateModified\":\"2025-12-10T09:19:09+00:00\",\"breadcrumb\":{\"@id\":\"https:\/\/www.dostrajamy.com\/produkt\/bransoletka-otulenie-muza-spokoju\/#breadcrumb\"},\"inLanguage\":\"en-GB\",\"potentialAction\":[{\"@type\":\"ReadAction\",\"target\":[\"https:\/\/www.dostrajamy.com\/produkt\/bransoletka-otulenie-muza-spokoju\/\"]}]},{\"@type\":\"ImageObject\",\"inLanguage\":\"en-GB\",\"@id\":\"https:\/\/www.dostrajamy.com\/produkt\/bransoletka-otulenie-muza-spokoju\/#primaryimage\",\"url\":\"https:\/\/www.dostrajamy.com\/wp-content\/uploads\/2025\/12\/IMG_5519.webp\",\"contentUrl\":\"https:\/\/www.dostrajamy.com\/wp-content\/uploads\/2025\/12\/IMG_5519.webp\",\"width\":840,\"height\":840},{\"@type\":\"BreadcrumbList\",\"@id\":\"https:\/\/www.dostrajamy.com\/produkt\/bransoletka-otulenie-muza-spokoju\/#breadcrumb\",\"itemListElement\":[{\"@type\":\"ListItem\",\"position\":1,\"name\":\"Strona g\u0142\u00f3wna\",\"item\":\"https:\/\/www.dostrajamy.com\/\"},{\"@type\":\"ListItem\",\"position\":2,\"name\":\"Sklep\",\"item\":\"https:\/\/www.dostrajamy.com\/sklep\/\"},{\"@type\":\"ListItem\",\"position\":3,\"name\":\"Bransoletka \u201eOtulenie &#8211; Muza Spokoju\u201d\"}]},{\"@type\":\"WebSite\",\"@id\":\"https:\/\/www.dostrajamy.com\/#website\",\"url\":\"https:\/\/www.dostrajamy.com\/\",\"name\":\"DomiSol - Dostrajamy\",\"description\":\"Dostr\u00f3j si\u0119 do siebie!\",\"publisher\":{\"@id\":\"https:\/\/www.dostrajamy.com\/#organization\"},\"potentialAction\":[{\"@type\":\"SearchAction\",\"target\":{\"@type\":\"EntryPoint\",\"urlTemplate\":\"https:\/\/www.dostrajamy.com\/?s={search_term_string}\"},\"query-input\":{\"@type\":\"PropertyValueSpecification\",\"valueRequired\":true,\"valueName\":\"search_term_string\"}}],\"inLanguage\":\"en-GB\"},{\"@type\":\"Organization\",\"@id\":\"https:\/\/www.dostrajamy.com\/#organization\",\"name\":\"DomiSol - Dostrajamy\",\"url\":\"https:\/\/www.dostrajamy.com\/\",\"logo\":{\"@type\":\"ImageObject\",\"inLanguage\":\"en-GB\",\"@id\":\"https:\/\/www.dostrajamy.com\/#\/schema\/logo\/image\/\",\"url\":\"https:\/\/www.dostrajamy.com\/wp-content\/uploads\/2025\/02\/cropped-Logo_poziom-1-scaled.png\",\"contentUrl\":\"https:\/\/www.dostrajamy.com\/wp-content\/uploads\/2025\/02\/cropped-Logo_poziom-1-scaled.png\",\"width\":2560,\"height\":453,\"caption\":\"DomiSol - Dostrajamy\"},\"image\":{\"@id\":\"https:\/\/www.dostrajamy.com\/#\/schema\/logo\/image\/\"},\"sameAs\":[\"https:\/\/www.facebook.com\/domisol.dostrajamy\",\"https:\/\/www.instagram.com\/domisol.dostrajamy\",\"https:\/\/www.youtube.com\/@dostrajamy\",\"https:\/\/open.spotify.com\/show\/5je85cYoaCcWGNo7Nwz2iW?si=1c15f6eb977f4f3d&nd=1&dlsi=d2ab15e5d6624979\"]}]}<\/script>\n<!-- \/ Yoast SEO plugin. -->","yoast_head_json":{"title":"Bracelet \u201eWrap - Muse of Tranquility\u201d - DomiSol - Tuning","robots":{"index":"index","follow":"follow","max-snippet":"max-snippet:-1","max-image-preview":"max-image-preview:large","max-video-preview":"max-video-preview:-1"},"canonical":"https:\/\/www.dostrajamy.com\/en\/product\/bracelet-wrap-muse-of-peace\/","og_locale":"en_GB","og_type":"article","og_title":"Bransoletka \u201eOtulenie - Muza Spokoju\u201d - DomiSol - Dostrajamy","og_description":"Bransoletka \u201eOtulenie \u2013 Muza Spokoju\u201d \u0142\u0105czy w sobie moc centralnego, niebieskiego kawa\u0142ka \u017cywicy z delikatnym ramieniem, kt\u00f3re subtelnie oplata nadgarstek niczym gest ochrony. Forma przypomina obj\u0119cie \u2013 silne, a zarazem \u0142agodne. To bi\u017cuteria, kt\u00f3ra przypomina, \u017ce spok\u00f3j i bezpiecze\u0144stwo mo\u017cna nosi\u0107 przy sobie, a Twoja Muza szepcze, by\u015b pozwoli\u0142a sobie na chwil\u0119 ukojenia i harmonii. No\u015b spok\u00f3j i otulenie blisko siebie.","og_url":"https:\/\/www.dostrajamy.com\/en\/product\/bracelet-wrap-muse-of-peace\/","og_site_name":"DomiSol - Dostrajamy","article_publisher":"https:\/\/www.facebook.com\/domisol.dostrajamy","article_modified_time":"2025-12-10T09:19:09+00:00","og_image":[{"width":840,"height":840,"url":"https:\/\/www.dostrajamy.com\/wp-content\/uploads\/2025\/12\/IMG_5519.webp","type":"image\/webp"}],"twitter_card":"summary_large_image","twitter_misc":{"Estimated reading time":"1 minute"},"schema":{"@context":"https:\/\/schema.org","@graph":[{"@type":"WebPage","@id":"https:\/\/www.dostrajamy.com\/produkt\/bransoletka-otulenie-muza-spokoju\/","url":"https:\/\/www.dostrajamy.com\/produkt\/bransoletka-otulenie-muza-spokoju\/","name":"Bracelet \u201eWrap - Muse of Tranquility\u201d - DomiSol - Tuning","isPartOf":{"@id":"https:\/\/www.dostrajamy.com\/#website"},"primaryImageOfPage":{"@id":"https:\/\/www.dostrajamy.com\/produkt\/bransoletka-otulenie-muza-spokoju\/#primaryimage"},"image":{"@id":"https:\/\/www.dostrajamy.com\/produkt\/bransoletka-otulenie-muza-spokoju\/#primaryimage"},"thumbnailUrl":"https:\/\/www.dostrajamy.com\/wp-content\/uploads\/2025\/12\/IMG_5519.webp","datePublished":"2025-12-10T09:16:44+00:00","dateModified":"2025-12-10T09:19:09+00:00","breadcrumb":{"@id":"https:\/\/www.dostrajamy.com\/produkt\/bransoletka-otulenie-muza-spokoju\/#breadcrumb"},"inLanguage":"en-GB","potentialAction":[{"@type":"ReadAction","target":["https:\/\/www.dostrajamy.com\/produkt\/bransoletka-otulenie-muza-spokoju\/"]}]},{"@type":"ImageObject","inLanguage":"en-GB","@id":"https:\/\/www.dostrajamy.com\/produkt\/bransoletka-otulenie-muza-spokoju\/#primaryimage","url":"https:\/\/www.dostrajamy.com\/wp-content\/uploads\/2025\/12\/IMG_5519.webp","contentUrl":"https:\/\/www.dostrajamy.com\/wp-content\/uploads\/2025\/12\/IMG_5519.webp","width":840,"height":840},{"@type":"BreadcrumbList","@id":"https:\/\/www.dostrajamy.com\/produkt\/bransoletka-otulenie-muza-spokoju\/#breadcrumb","itemListElement":[{"@type":"ListItem","position":1,"name":"Strona g\u0142\u00f3wna","item":"https:\/\/www.dostrajamy.com\/"},{"@type":"ListItem","position":2,"name":"Sklep","item":"https:\/\/www.dostrajamy.com\/sklep\/"},{"@type":"ListItem","position":3,"name":"Bransoletka \u201eOtulenie &#8211; Muza Spokoju\u201d"}]},{"@type":"WebSite","@id":"https:\/\/www.dostrajamy.com\/#website","url":"https:\/\/www.dostrajamy.com\/","name":"DomiSol - Dostrajamy","description":"Tune in to yourself!","publisher":{"@id":"https:\/\/www.dostrajamy.com\/#organization"},"potentialAction":[{"@type":"SearchAction","target":{"@type":"EntryPoint","urlTemplate":"https:\/\/www.dostrajamy.com\/?s={search_term_string}"},"query-input":{"@type":"PropertyValueSpecification","valueRequired":true,"valueName":"search_term_string"}}],"inLanguage":"en-GB"},{"@type":"Organization","@id":"https:\/\/www.dostrajamy.com\/#organization","name":"DomiSol - Dostrajamy","url":"https:\/\/www.dostrajamy.com\/","logo":{"@type":"ImageObject","inLanguage":"en-GB","@id":"https:\/\/www.dostrajamy.com\/#\/schema\/logo\/image\/","url":"https:\/\/www.dostrajamy.com\/wp-content\/uploads\/2025\/02\/cropped-Logo_poziom-1-scaled.png","contentUrl":"https:\/\/www.dostrajamy.com\/wp-content\/uploads\/2025\/02\/cropped-Logo_poziom-1-scaled.png","width":2560,"height":453,"caption":"DomiSol - Dostrajamy"},"image":{"@id":"https:\/\/www.dostrajamy.com\/#\/schema\/logo\/image\/"},"sameAs":["https:\/\/www.facebook.com\/domisol.dostrajamy","https:\/\/www.instagram.com\/domisol.dostrajamy","https:\/\/www.youtube.com\/@dostrajamy","https:\/\/open.spotify.com\/show\/5je85cYoaCcWGNo7Nwz2iW?si=1c15f6eb977f4f3d&nd=1&dlsi=d2ab15e5d6624979"]}]}},"_links":{"self":[{"href":"https:\/\/www.dostrajamy.com\/en\/wp-json\/wp\/v2\/product\/4480","targetHints":{"allow":["GET"]}}],"collection":[{"href":"https:\/\/www.dostrajamy.com\/en\/wp-json\/wp\/v2\/product"}],"about":[{"href":"https:\/\/www.dostrajamy.com\/en\/wp-json\/wp\/v2\/types\/product"}],"replies":[{"embeddable":true,"href":"https:\/\/www.dostrajamy.com\/en\/wp-json\/wp\/v2\/comments?post=4480"}],"wp:featuredmedia":[{"embeddable":true,"href":"https:\/\/www.dostrajamy.com\/en\/wp-json\/wp\/v2\/media\/4384"}],"wp:attachment":[{"href":"https:\/\/www.dostrajamy.com\/en\/wp-json\/wp\/v2\/media?parent=4480"}],"wp:term":[{"taxonomy":"product_brand","embeddable":true,"href":"https:\/\/www.dostrajamy.com\/en\/wp-json\/wp\/v2\/product_brand?post=4480"},{"taxonomy":"product_cat","embeddable":true,"href":"https:\/\/www.dostrajamy.com\/en\/wp-json\/wp\/v2\/product_cat?post=4480"},{"taxonomy":"product_tag","embeddable":true,"href":"https:\/\/www.dostrajamy.com\/en\/wp-json\/wp\/v2\/product_tag?post=4480"}],"curies":[{"name":"wp","href":"https:\/\/api.w.org\/{rel}","templated":true}]}}