{"id":4487,"date":"2025-12-10T16:08:01","date_gmt":"2025-12-10T16:08:01","guid":{"rendered":"https:\/\/www.dostrajamy.com\/?post_type=product&#038;p=4487"},"modified":"2025-12-10T16:09:38","modified_gmt":"2025-12-10T16:09:38","slug":"gift-card-fine-tuning-a-gift-full-of-beauty","status":"publish","type":"product","link":"https:\/\/www.dostrajamy.com\/en\/product\/gift-card-fine-tuning-a-gift-full-of-beauty\/","title":{"rendered":"Tune Up Gift Card - \u201eA Gift Full of Beauty\u201d"},"content":{"rendered":"","protected":false},"excerpt":{"rendered":"<p class=\"\" data-start=\"86\" data-end=\"362\">Give a special gift to a woman close to you - the opportunity to choose something that will truly delight her. The Tune Up Gift Card \u201eGift Full of Beauty\u201d is the key to a world where every woman can find something created with her in mind - from unique jewellery gowns to Greek jewellery full of symbolism.<\/p>\n<p class=\"\" data-start=\"364\" data-end=\"554\">Whether she wants the subtle sparkle of stones or to wrap herself in a fabric with a unique pattern, this gift gives her the space to make a choice that will highlight her style and personality.<\/p>\n<p class=\"\" data-start=\"556\" data-end=\"579\">\ud83c\udf81 <strong data-start=\"559\" data-end=\"577\">How does it work?<\/strong><\/p>\n<ol data-start=\"580\" data-end=\"826\">\n<li class=\"\" data-start=\"580\" data-end=\"637\">\n<p class=\"\" data-start=\"583\" data-end=\"637\">Choose your gift card value online - quickly and conveniently.<\/p>\n<\/li>\n<li class=\"\" data-start=\"638\" data-end=\"720\">\n<p class=\"\" data-start=\"641\" data-end=\"720\">Receive it in the form of an elegant card to give to a loved one <strong>or<\/strong> may be sent directly to it at the address given <strong>or<\/strong> it is possible to send the card with the code by e-mail.<\/p>\n<\/li>\n<li class=\"\" data-start=\"721\" data-end=\"826\">\n<p class=\"\" data-start=\"724\" data-end=\"826\">The recipient decides for herself what she will choose - dresses, jewellery, maybe she will surprise herself. She can make her choice online or in person at the Dostrajamy Studio in Warsaw (Mokot\u00f3w).<\/p>\n<\/li>\n<\/ol>\n<p class=\"\" data-start=\"828\" data-end=\"903\">Give more than a gift - give a space to discover beauty.<\/p>","protected":false},"featured_media":3029,"comment_status":"open","ping_status":"closed","template":"","meta":{"_eb_attr":""},"product_brand":[],"product_cat":[43,57,45],"product_tag":[68,83,59,61,62,67],"class_list":{"0":"post-4487","1":"product","2":"type-product","3":"status-publish","4":"has-post-thumbnail","6":"product_cat-bizuteryjne-suknie","7":"product_cat-grecka-bizuteria","8":"product_cat-ksiazki","9":"product_tag-bizuteria","10":"product_tag-kobieta","11":"product_tag-moda","12":"product_tag-piekno","13":"product_tag-suknia","14":"product_tag-szata","16":"first","17":"instock","18":"shipping-taxable","19":"purchasable","20":"product-type-variable"},"yoast_head":"<!-- This site is optimized with the Yoast SEO plugin v26.6 - https:\/\/yoast.com\/wordpress\/plugins\/seo\/ -->\n<title>Karta Podarunkowa Dostrajamy \u2013 \u201ePrezent Pe\u0142en Pi\u0119kna\u201d - DomiSol - Dostrajamy<\/title>\n<meta name=\"robots\" content=\"index, follow, max-snippet:-1, max-image-preview:large, max-video-preview:-1\" \/>\n<link rel=\"canonical\" href=\"https:\/\/www.dostrajamy.com\/en\/product\/gift-card-fine-tuning-a-gift-full-of-beauty\/\" \/>\n<meta property=\"og:locale\" content=\"en_GB\" \/>\n<meta property=\"og:type\" content=\"article\" \/>\n<meta property=\"og:title\" content=\"Karta Podarunkowa Dostrajamy \u2013 \u201ePrezent Pe\u0142en Pi\u0119kna\u201d - DomiSol - Dostrajamy\" \/>\n<meta property=\"og:description\" content=\"Podaruj bliskiej kobiecie wyj\u0105tkowy dar - mo\u017cliwo\u015b\u0107 wyboru czego\u015b, co naprawd\u0119 j\u0105 zachwyci. Karta Podarunkowa Dostrajamy \u201ePrezent Pe\u0142en Pi\u0119kna\u201d to klucz do \u015bwiata, w kt\u00f3rym ka\u017cda kobieta mo\u017ce odnale\u017a\u0107 co\u015b stworzonego z my\u015bl\u0105 o niej - od unikatowych bi\u017cuteryjnych sukni po greck\u0105 bi\u017cuteri\u0119 pe\u0142n\u0105 symboliki. Niezale\u017cnie od tego, czy pragnie subtelnego blasku kamieni, czy otulenia si\u0119 tkanin\u0105 o wyj\u0105tkowym wzorze - ten prezent daje jej przestrze\u0144 na wyb\u00f3r, kt\u00f3ry podkre\u015bli jej styl i osobowo\u015b\u0107. \ud83c\udf81 Jak to dzia\u0142a?     Wybierz warto\u015b\u0107 karty podarunkowej online - szybko i wygodnie.    Otrzymaj j\u0105 w formie eleganckiej karty, kt\u00f3r\u0105 mo\u017cesz wr\u0119czy\u0107 bliskiej osobie lub mo\u017ce zosta\u0107 wys\u0142ana bezpo\u015brednio do niej na podany adres lub istnieje mo\u017cliwo\u015b\u0107 wysy\u0142ki karty z kodem mailowo.    Obdarowana osoba sama decyduje, co wybierze - suknie, bi\u017cuteri\u0119, mo\u017ce zaskoczy sama siebie. Mo\u017ce dokona\u0107 wyboru online lub osobi\u015bcie w Studiu Dostrajamy w Warszawie (Mokot\u00f3w).   Podaruj co\u015b wi\u0119cej ni\u017c prezent \u2013 podaruj przestrze\u0144 do odkrywania pi\u0119kna.\" \/>\n<meta property=\"og:url\" content=\"https:\/\/www.dostrajamy.com\/en\/product\/gift-card-fine-tuning-a-gift-full-of-beauty\/\" \/>\n<meta property=\"og:site_name\" content=\"DomiSol - Dostrajamy\" \/>\n<meta property=\"article:publisher\" content=\"https:\/\/www.facebook.com\/domisol.dostrajamy\" \/>\n<meta property=\"article:modified_time\" content=\"2025-12-10T16:09:38+00:00\" \/>\n<meta property=\"og:image\" content=\"https:\/\/www.dostrajamy.com\/wp-content\/uploads\/2025\/05\/Karta-Podarunkowa-Dostrajamy.png\" \/>\n\t<meta property=\"og:image:width\" content=\"945\" \/>\n\t<meta property=\"og:image:height\" content=\"945\" \/>\n\t<meta property=\"og:image:type\" content=\"image\/png\" \/>\n<meta name=\"twitter:card\" content=\"summary_large_image\" \/>\n<meta name=\"twitter:label1\" content=\"Estimated reading time\" \/>\n\t<meta name=\"twitter:data1\" content=\"1 minute\" \/>\n<script type=\"application\/ld+json\" class=\"yoast-schema-graph\">{\"@context\":\"https:\/\/schema.org\",\"@graph\":[{\"@type\":\"WebPage\",\"@id\":\"https:\/\/www.dostrajamy.com\/produkt\/karta-podarunkowa-dostrajamy-prezent-pelen-piekna\/\",\"url\":\"https:\/\/www.dostrajamy.com\/produkt\/karta-podarunkowa-dostrajamy-prezent-pelen-piekna\/\",\"name\":\"Karta Podarunkowa Dostrajamy \u2013 \u201ePrezent Pe\u0142en Pi\u0119kna\u201d - DomiSol - Dostrajamy\",\"isPartOf\":{\"@id\":\"https:\/\/www.dostrajamy.com\/#website\"},\"primaryImageOfPage\":{\"@id\":\"https:\/\/www.dostrajamy.com\/produkt\/karta-podarunkowa-dostrajamy-prezent-pelen-piekna\/#primaryimage\"},\"image\":{\"@id\":\"https:\/\/www.dostrajamy.com\/produkt\/karta-podarunkowa-dostrajamy-prezent-pelen-piekna\/#primaryimage\"},\"thumbnailUrl\":\"https:\/\/www.dostrajamy.com\/wp-content\/uploads\/2025\/05\/Karta-Podarunkowa-Dostrajamy.png\",\"datePublished\":\"2025-12-10T16:08:01+00:00\",\"dateModified\":\"2025-12-10T16:09:38+00:00\",\"breadcrumb\":{\"@id\":\"https:\/\/www.dostrajamy.com\/produkt\/karta-podarunkowa-dostrajamy-prezent-pelen-piekna\/#breadcrumb\"},\"inLanguage\":\"en-GB\",\"potentialAction\":[{\"@type\":\"ReadAction\",\"target\":[\"https:\/\/www.dostrajamy.com\/produkt\/karta-podarunkowa-dostrajamy-prezent-pelen-piekna\/\"]}]},{\"@type\":\"ImageObject\",\"inLanguage\":\"en-GB\",\"@id\":\"https:\/\/www.dostrajamy.com\/produkt\/karta-podarunkowa-dostrajamy-prezent-pelen-piekna\/#primaryimage\",\"url\":\"https:\/\/www.dostrajamy.com\/wp-content\/uploads\/2025\/05\/Karta-Podarunkowa-Dostrajamy.png\",\"contentUrl\":\"https:\/\/www.dostrajamy.com\/wp-content\/uploads\/2025\/05\/Karta-Podarunkowa-Dostrajamy.png\",\"width\":945,\"height\":945},{\"@type\":\"BreadcrumbList\",\"@id\":\"https:\/\/www.dostrajamy.com\/produkt\/karta-podarunkowa-dostrajamy-prezent-pelen-piekna\/#breadcrumb\",\"itemListElement\":[{\"@type\":\"ListItem\",\"position\":1,\"name\":\"Strona g\u0142\u00f3wna\",\"item\":\"https:\/\/www.dostrajamy.com\/\"},{\"@type\":\"ListItem\",\"position\":2,\"name\":\"Sklep\",\"item\":\"https:\/\/www.dostrajamy.com\/sklep\/\"},{\"@type\":\"ListItem\",\"position\":3,\"name\":\"Karta Podarunkowa Dostrajamy \u2013 \u201ePrezent Pe\u0142en Pi\u0119kna\u201d\"}]},{\"@type\":\"WebSite\",\"@id\":\"https:\/\/www.dostrajamy.com\/#website\",\"url\":\"https:\/\/www.dostrajamy.com\/\",\"name\":\"DomiSol - Dostrajamy\",\"description\":\"Dostr\u00f3j si\u0119 do siebie!\",\"publisher\":{\"@id\":\"https:\/\/www.dostrajamy.com\/#organization\"},\"potentialAction\":[{\"@type\":\"SearchAction\",\"target\":{\"@type\":\"EntryPoint\",\"urlTemplate\":\"https:\/\/www.dostrajamy.com\/?s={search_term_string}\"},\"query-input\":{\"@type\":\"PropertyValueSpecification\",\"valueRequired\":true,\"valueName\":\"search_term_string\"}}],\"inLanguage\":\"en-GB\"},{\"@type\":\"Organization\",\"@id\":\"https:\/\/www.dostrajamy.com\/#organization\",\"name\":\"DomiSol - Dostrajamy\",\"url\":\"https:\/\/www.dostrajamy.com\/\",\"logo\":{\"@type\":\"ImageObject\",\"inLanguage\":\"en-GB\",\"@id\":\"https:\/\/www.dostrajamy.com\/#\/schema\/logo\/image\/\",\"url\":\"https:\/\/www.dostrajamy.com\/wp-content\/uploads\/2025\/02\/cropped-Logo_poziom-1-scaled.png\",\"contentUrl\":\"https:\/\/www.dostrajamy.com\/wp-content\/uploads\/2025\/02\/cropped-Logo_poziom-1-scaled.png\",\"width\":2560,\"height\":453,\"caption\":\"DomiSol - Dostrajamy\"},\"image\":{\"@id\":\"https:\/\/www.dostrajamy.com\/#\/schema\/logo\/image\/\"},\"sameAs\":[\"https:\/\/www.facebook.com\/domisol.dostrajamy\",\"https:\/\/www.instagram.com\/domisol.dostrajamy\",\"https:\/\/www.youtube.com\/@dostrajamy\",\"https:\/\/open.spotify.com\/show\/5je85cYoaCcWGNo7Nwz2iW?si=1c15f6eb977f4f3d&nd=1&dlsi=d2ab15e5d6624979\"]}]}<\/script>\n<!-- \/ Yoast SEO plugin. -->","yoast_head_json":{"title":"Tune Up Gift Card - \u201eA Gift Full of Beauty\u201d - DomiSol - Tuning in","robots":{"index":"index","follow":"follow","max-snippet":"max-snippet:-1","max-image-preview":"max-image-preview:large","max-video-preview":"max-video-preview:-1"},"canonical":"https:\/\/www.dostrajamy.com\/en\/product\/gift-card-fine-tuning-a-gift-full-of-beauty\/","og_locale":"en_GB","og_type":"article","og_title":"Karta Podarunkowa Dostrajamy \u2013 \u201ePrezent Pe\u0142en Pi\u0119kna\u201d - DomiSol - Dostrajamy","og_description":"Podaruj bliskiej kobiecie wyj\u0105tkowy dar - mo\u017cliwo\u015b\u0107 wyboru czego\u015b, co naprawd\u0119 j\u0105 zachwyci. Karta Podarunkowa Dostrajamy \u201ePrezent Pe\u0142en Pi\u0119kna\u201d to klucz do \u015bwiata, w kt\u00f3rym ka\u017cda kobieta mo\u017ce odnale\u017a\u0107 co\u015b stworzonego z my\u015bl\u0105 o niej - od unikatowych bi\u017cuteryjnych sukni po greck\u0105 bi\u017cuteri\u0119 pe\u0142n\u0105 symboliki. Niezale\u017cnie od tego, czy pragnie subtelnego blasku kamieni, czy otulenia si\u0119 tkanin\u0105 o wyj\u0105tkowym wzorze - ten prezent daje jej przestrze\u0144 na wyb\u00f3r, kt\u00f3ry podkre\u015bli jej styl i osobowo\u015b\u0107. \ud83c\udf81 Jak to dzia\u0142a?     Wybierz warto\u015b\u0107 karty podarunkowej online - szybko i wygodnie.    Otrzymaj j\u0105 w formie eleganckiej karty, kt\u00f3r\u0105 mo\u017cesz wr\u0119czy\u0107 bliskiej osobie lub mo\u017ce zosta\u0107 wys\u0142ana bezpo\u015brednio do niej na podany adres lub istnieje mo\u017cliwo\u015b\u0107 wysy\u0142ki karty z kodem mailowo.    Obdarowana osoba sama decyduje, co wybierze - suknie, bi\u017cuteri\u0119, mo\u017ce zaskoczy sama siebie. Mo\u017ce dokona\u0107 wyboru online lub osobi\u015bcie w Studiu Dostrajamy w Warszawie (Mokot\u00f3w).   Podaruj co\u015b wi\u0119cej ni\u017c prezent \u2013 podaruj przestrze\u0144 do odkrywania pi\u0119kna.","og_url":"https:\/\/www.dostrajamy.com\/en\/product\/gift-card-fine-tuning-a-gift-full-of-beauty\/","og_site_name":"DomiSol - Dostrajamy","article_publisher":"https:\/\/www.facebook.com\/domisol.dostrajamy","article_modified_time":"2025-12-10T16:09:38+00:00","og_image":[{"width":945,"height":945,"url":"https:\/\/www.dostrajamy.com\/wp-content\/uploads\/2025\/05\/Karta-Podarunkowa-Dostrajamy.png","type":"image\/png"}],"twitter_card":"summary_large_image","twitter_misc":{"Estimated reading time":"1 minute"},"schema":{"@context":"https:\/\/schema.org","@graph":[{"@type":"WebPage","@id":"https:\/\/www.dostrajamy.com\/produkt\/karta-podarunkowa-dostrajamy-prezent-pelen-piekna\/","url":"https:\/\/www.dostrajamy.com\/produkt\/karta-podarunkowa-dostrajamy-prezent-pelen-piekna\/","name":"Tune Up Gift Card - \u201eA Gift Full of Beauty\u201d - DomiSol - Tuning in","isPartOf":{"@id":"https:\/\/www.dostrajamy.com\/#website"},"primaryImageOfPage":{"@id":"https:\/\/www.dostrajamy.com\/produkt\/karta-podarunkowa-dostrajamy-prezent-pelen-piekna\/#primaryimage"},"image":{"@id":"https:\/\/www.dostrajamy.com\/produkt\/karta-podarunkowa-dostrajamy-prezent-pelen-piekna\/#primaryimage"},"thumbnailUrl":"https:\/\/www.dostrajamy.com\/wp-content\/uploads\/2025\/05\/Karta-Podarunkowa-Dostrajamy.png","datePublished":"2025-12-10T16:08:01+00:00","dateModified":"2025-12-10T16:09:38+00:00","breadcrumb":{"@id":"https:\/\/www.dostrajamy.com\/produkt\/karta-podarunkowa-dostrajamy-prezent-pelen-piekna\/#breadcrumb"},"inLanguage":"en-GB","potentialAction":[{"@type":"ReadAction","target":["https:\/\/www.dostrajamy.com\/produkt\/karta-podarunkowa-dostrajamy-prezent-pelen-piekna\/"]}]},{"@type":"ImageObject","inLanguage":"en-GB","@id":"https:\/\/www.dostrajamy.com\/produkt\/karta-podarunkowa-dostrajamy-prezent-pelen-piekna\/#primaryimage","url":"https:\/\/www.dostrajamy.com\/wp-content\/uploads\/2025\/05\/Karta-Podarunkowa-Dostrajamy.png","contentUrl":"https:\/\/www.dostrajamy.com\/wp-content\/uploads\/2025\/05\/Karta-Podarunkowa-Dostrajamy.png","width":945,"height":945},{"@type":"BreadcrumbList","@id":"https:\/\/www.dostrajamy.com\/produkt\/karta-podarunkowa-dostrajamy-prezent-pelen-piekna\/#breadcrumb","itemListElement":[{"@type":"ListItem","position":1,"name":"Strona g\u0142\u00f3wna","item":"https:\/\/www.dostrajamy.com\/"},{"@type":"ListItem","position":2,"name":"Sklep","item":"https:\/\/www.dostrajamy.com\/sklep\/"},{"@type":"ListItem","position":3,"name":"Karta Podarunkowa Dostrajamy \u2013 \u201ePrezent Pe\u0142en Pi\u0119kna\u201d"}]},{"@type":"WebSite","@id":"https:\/\/www.dostrajamy.com\/#website","url":"https:\/\/www.dostrajamy.com\/","name":"DomiSol - Dostrajamy","description":"Tune in to yourself!","publisher":{"@id":"https:\/\/www.dostrajamy.com\/#organization"},"potentialAction":[{"@type":"SearchAction","target":{"@type":"EntryPoint","urlTemplate":"https:\/\/www.dostrajamy.com\/?s={search_term_string}"},"query-input":{"@type":"PropertyValueSpecification","valueRequired":true,"valueName":"search_term_string"}}],"inLanguage":"en-GB"},{"@type":"Organization","@id":"https:\/\/www.dostrajamy.com\/#organization","name":"DomiSol - Dostrajamy","url":"https:\/\/www.dostrajamy.com\/","logo":{"@type":"ImageObject","inLanguage":"en-GB","@id":"https:\/\/www.dostrajamy.com\/#\/schema\/logo\/image\/","url":"https:\/\/www.dostrajamy.com\/wp-content\/uploads\/2025\/02\/cropped-Logo_poziom-1-scaled.png","contentUrl":"https:\/\/www.dostrajamy.com\/wp-content\/uploads\/2025\/02\/cropped-Logo_poziom-1-scaled.png","width":2560,"height":453,"caption":"DomiSol - Dostrajamy"},"image":{"@id":"https:\/\/www.dostrajamy.com\/#\/schema\/logo\/image\/"},"sameAs":["https:\/\/www.facebook.com\/domisol.dostrajamy","https:\/\/www.instagram.com\/domisol.dostrajamy","https:\/\/www.youtube.com\/@dostrajamy","https:\/\/open.spotify.com\/show\/5je85cYoaCcWGNo7Nwz2iW?si=1c15f6eb977f4f3d&nd=1&dlsi=d2ab15e5d6624979"]}]}},"_links":{"self":[{"href":"https:\/\/www.dostrajamy.com\/en\/wp-json\/wp\/v2\/product\/4487","targetHints":{"allow":["GET"]}}],"collection":[{"href":"https:\/\/www.dostrajamy.com\/en\/wp-json\/wp\/v2\/product"}],"about":[{"href":"https:\/\/www.dostrajamy.com\/en\/wp-json\/wp\/v2\/types\/product"}],"replies":[{"embeddable":true,"href":"https:\/\/www.dostrajamy.com\/en\/wp-json\/wp\/v2\/comments?post=4487"}],"wp:featuredmedia":[{"embeddable":true,"href":"https:\/\/www.dostrajamy.com\/en\/wp-json\/wp\/v2\/media\/3029"}],"wp:attachment":[{"href":"https:\/\/www.dostrajamy.com\/en\/wp-json\/wp\/v2\/media?parent=4487"}],"wp:term":[{"taxonomy":"product_brand","embeddable":true,"href":"https:\/\/www.dostrajamy.com\/en\/wp-json\/wp\/v2\/product_brand?post=4487"},{"taxonomy":"product_cat","embeddable":true,"href":"https:\/\/www.dostrajamy.com\/en\/wp-json\/wp\/v2\/product_cat?post=4487"},{"taxonomy":"product_tag","embeddable":true,"href":"https:\/\/www.dostrajamy.com\/en\/wp-json\/wp\/v2\/product_tag?post=4487"}],"curies":[{"name":"wp","href":"https:\/\/api.w.org\/{rel}","templated":true}]}}