{"id":4497,"date":"2025-12-16T11:41:51","date_gmt":"2025-12-16T11:41:51","guid":{"rendered":"https:\/\/www.dostrajamy.com\/?post_type=product&#038;p=4497"},"modified":"2025-12-16T16:01:43","modified_gmt":"2025-12-16T16:01:43","slug":"a-tuned-up-surprise-gift-%f0%9f%8e%81","status":"publish","type":"product","link":"https:\/\/www.dostrajamy.com\/en\/product\/a-tuned-up-surprise-gift-%f0%9f%8e%81\/","title":{"rendered":"Tuned-up Surprise Gift \ud83c\udf81"},"content":{"rendered":"","protected":false},"excerpt":{"rendered":"<p>Do you want to gift something really special to a loved one, but are unsure what to choose?<br \/>\nIn this offer, you choose the amount and I choose the gift intuitively - guided by my feeling, experience and heart.<br \/>\nI prepare each kit individually, with the person in mind.<br \/>\nIt's for those who like surprises and want to give gifts in an attentive, beautiful and meaningful way.<br \/>\nIf you feel you can trust me with this choice - I am happy to create a surprise gift for you.<\/p>\n<p class=\"\" data-start=\"556\" data-end=\"579\">\ud83c\udf81 <strong data-start=\"559\" data-end=\"577\">How does it work?<\/strong><\/p>\n<ol data-start=\"580\" data-end=\"826\">\n<li class=\"\" data-start=\"580\" data-end=\"637\">\n<p class=\"\" data-start=\"583\" data-end=\"637\">Choose the value of a surprise gift online - quickly and conveniently.<\/p>\n<\/li>\n<li class=\"\" data-start=\"638\" data-end=\"720\">\n<p class=\"\" data-start=\"641\" data-end=\"720\">In the \u201eorder notes\u201d, write something about the recipient - what their favourite colours are, what colour their hair is, maybe a sentiment about them, or send a picture of them so that I have some information about them.<\/p>\n<\/li>\n<li class=\"\" data-start=\"721\" data-end=\"826\">\n<p class=\"\" data-start=\"724\" data-end=\"826\">Receive a gift and give it to a loved one or it can be sent directly to them at the parcel address provided.<\/p>\n<\/li>\n<\/ol>\n<p class=\"\" data-start=\"828\" data-end=\"903\">Give more than a gift - give a gift of confidence.\ud83d\ude0a<\/p>","protected":false},"featured_media":3029,"comment_status":"open","ping_status":"closed","template":"","meta":{"_eb_attr":""},"product_brand":[],"product_cat":[43,57,45],"product_tag":[68,83,59,61,62,67],"class_list":{"0":"post-4497","1":"product","2":"type-product","3":"status-publish","4":"has-post-thumbnail","6":"product_cat-bizuteryjne-suknie","7":"product_cat-grecka-bizuteria","8":"product_cat-ksiazki","9":"product_tag-bizuteria","10":"product_tag-kobieta","11":"product_tag-moda","12":"product_tag-piekno","13":"product_tag-suknia","14":"product_tag-szata","16":"first","17":"instock","18":"shipping-taxable","19":"purchasable","20":"product-type-variable"},"yoast_head":"<!-- This site is optimized with the Yoast SEO plugin v26.6 - https:\/\/yoast.com\/wordpress\/plugins\/seo\/ -->\n<title>Dostrojony Prezent-Niespodzianka \ud83c\udf81 - DomiSol - Dostrajamy<\/title>\n<meta name=\"robots\" content=\"index, follow, max-snippet:-1, max-image-preview:large, max-video-preview:-1\" \/>\n<link rel=\"canonical\" href=\"https:\/\/www.dostrajamy.com\/en\/product\/a-tuned-up-surprise-gift-\ud83c\udf81\/\" \/>\n<meta property=\"og:locale\" content=\"en_GB\" \/>\n<meta property=\"og:type\" content=\"article\" \/>\n<meta property=\"og:title\" content=\"Dostrojony Prezent-Niespodzianka \ud83c\udf81 - DomiSol - Dostrajamy\" \/>\n<meta property=\"og:description\" content=\"Chcesz podarowa\u0107 bliskiej kobiecie co\u015b naprawd\u0119 wyj\u0105tkowego, ale nie masz pewno\u015bci, co wybra\u0107? W tej ofercie Ty wybierasz kwot\u0119, a ja intuicyjnie dobieram prezent - kieruj\u0105c si\u0119 wyczuciem, do\u015bwiadczeniem i sercem. Ka\u017cdy zestaw przygotowuj\u0119 indywidualnie, z my\u015bl\u0105 o osobie, kt\u00f3ra ma go otrzyma\u0107. To propozycja dla tych, kt\u00f3rzy lubi\u0105 niespodzianki i chc\u0105 obdarowa\u0107 w spos\u00f3b uwa\u017cny, pi\u0119kny i pe\u0142en znaczenia. Je\u015bli czujesz, \u017ce mo\u017cesz mi zaufa\u0107 w tym wyborze - z rado\u015bci\u0105 stworz\u0119 dla Ciebie prezent-niespodziank\u0119. \ud83c\udf81 Jak to dzia\u0142a?     Wybierz warto\u015b\u0107 prezentu-niespodzianki online - szybko i wygodnie.    W \u201euwagach do zam\u00f3wienia\u201d napisz co\u015b na temat osoby obdarowywanej - jakie s\u0105 jej ulubione kolory, jaki ma kolor w\u0142os\u00f3w, mo\u017ce jakie\u015b uczucie na jej temat, albo wy\u015blij jej zdj\u0119cie, tak \u017cebym mia\u0142a jak\u0105\u015b informacj\u0119 na jej temat.    Otrzymaj prezent i wr\u0119cz bliskiej osobie lub mo\u017ce zosta\u0107 wys\u0142any bezpo\u015brednio do niej na podany adres paczkomatu.   Podaruj co\u015b wi\u0119cej ni\u017c prezent - podaruj prezent pe\u0142en zaufania.\ud83d\ude0a\" \/>\n<meta property=\"og:url\" content=\"https:\/\/www.dostrajamy.com\/en\/product\/a-tuned-up-surprise-gift-\ud83c\udf81\/\" \/>\n<meta property=\"og:site_name\" content=\"DomiSol - Dostrajamy\" \/>\n<meta property=\"article:publisher\" content=\"https:\/\/www.facebook.com\/domisol.dostrajamy\" \/>\n<meta property=\"article:modified_time\" content=\"2025-12-16T16:01:43+00:00\" \/>\n<meta property=\"og:image\" content=\"https:\/\/www.dostrajamy.com\/wp-content\/uploads\/2025\/05\/Karta-Podarunkowa-Dostrajamy.png\" \/>\n\t<meta property=\"og:image:width\" content=\"945\" \/>\n\t<meta property=\"og:image:height\" content=\"945\" \/>\n\t<meta property=\"og:image:type\" content=\"image\/png\" \/>\n<meta name=\"twitter:card\" content=\"summary_large_image\" \/>\n<meta name=\"twitter:label1\" content=\"Estimated reading time\" \/>\n\t<meta name=\"twitter:data1\" content=\"1 minute\" \/>\n<script type=\"application\/ld+json\" class=\"yoast-schema-graph\">{\"@context\":\"https:\/\/schema.org\",\"@graph\":[{\"@type\":\"WebPage\",\"@id\":\"https:\/\/www.dostrajamy.com\/produkt\/dostrojony-prezent-niespodzianka-%f0%9f%8e%81\/\",\"url\":\"https:\/\/www.dostrajamy.com\/produkt\/dostrojony-prezent-niespodzianka-%f0%9f%8e%81\/\",\"name\":\"Dostrojony Prezent-Niespodzianka \ud83c\udf81 - DomiSol - Dostrajamy\",\"isPartOf\":{\"@id\":\"https:\/\/www.dostrajamy.com\/#website\"},\"primaryImageOfPage\":{\"@id\":\"https:\/\/www.dostrajamy.com\/produkt\/dostrojony-prezent-niespodzianka-%f0%9f%8e%81\/#primaryimage\"},\"image\":{\"@id\":\"https:\/\/www.dostrajamy.com\/produkt\/dostrojony-prezent-niespodzianka-%f0%9f%8e%81\/#primaryimage\"},\"thumbnailUrl\":\"https:\/\/www.dostrajamy.com\/wp-content\/uploads\/2025\/05\/Karta-Podarunkowa-Dostrajamy.png\",\"datePublished\":\"2025-12-16T11:41:51+00:00\",\"dateModified\":\"2025-12-16T16:01:43+00:00\",\"breadcrumb\":{\"@id\":\"https:\/\/www.dostrajamy.com\/produkt\/dostrojony-prezent-niespodzianka-%f0%9f%8e%81\/#breadcrumb\"},\"inLanguage\":\"en-GB\",\"potentialAction\":[{\"@type\":\"ReadAction\",\"target\":[\"https:\/\/www.dostrajamy.com\/produkt\/dostrojony-prezent-niespodzianka-%f0%9f%8e%81\/\"]}]},{\"@type\":\"ImageObject\",\"inLanguage\":\"en-GB\",\"@id\":\"https:\/\/www.dostrajamy.com\/produkt\/dostrojony-prezent-niespodzianka-%f0%9f%8e%81\/#primaryimage\",\"url\":\"https:\/\/www.dostrajamy.com\/wp-content\/uploads\/2025\/05\/Karta-Podarunkowa-Dostrajamy.png\",\"contentUrl\":\"https:\/\/www.dostrajamy.com\/wp-content\/uploads\/2025\/05\/Karta-Podarunkowa-Dostrajamy.png\",\"width\":945,\"height\":945},{\"@type\":\"BreadcrumbList\",\"@id\":\"https:\/\/www.dostrajamy.com\/produkt\/dostrojony-prezent-niespodzianka-%f0%9f%8e%81\/#breadcrumb\",\"itemListElement\":[{\"@type\":\"ListItem\",\"position\":1,\"name\":\"Strona g\u0142\u00f3wna\",\"item\":\"https:\/\/www.dostrajamy.com\/\"},{\"@type\":\"ListItem\",\"position\":2,\"name\":\"Sklep\",\"item\":\"https:\/\/www.dostrajamy.com\/sklep\/\"},{\"@type\":\"ListItem\",\"position\":3,\"name\":\"Dostrojony Prezent-Niespodzianka \ud83c\udf81\"}]},{\"@type\":\"WebSite\",\"@id\":\"https:\/\/www.dostrajamy.com\/#website\",\"url\":\"https:\/\/www.dostrajamy.com\/\",\"name\":\"DomiSol - Dostrajamy\",\"description\":\"Dostr\u00f3j si\u0119 do siebie!\",\"publisher\":{\"@id\":\"https:\/\/www.dostrajamy.com\/#organization\"},\"potentialAction\":[{\"@type\":\"SearchAction\",\"target\":{\"@type\":\"EntryPoint\",\"urlTemplate\":\"https:\/\/www.dostrajamy.com\/?s={search_term_string}\"},\"query-input\":{\"@type\":\"PropertyValueSpecification\",\"valueRequired\":true,\"valueName\":\"search_term_string\"}}],\"inLanguage\":\"en-GB\"},{\"@type\":\"Organization\",\"@id\":\"https:\/\/www.dostrajamy.com\/#organization\",\"name\":\"DomiSol - Dostrajamy\",\"url\":\"https:\/\/www.dostrajamy.com\/\",\"logo\":{\"@type\":\"ImageObject\",\"inLanguage\":\"en-GB\",\"@id\":\"https:\/\/www.dostrajamy.com\/#\/schema\/logo\/image\/\",\"url\":\"https:\/\/www.dostrajamy.com\/wp-content\/uploads\/2025\/02\/cropped-Logo_poziom-1-scaled.png\",\"contentUrl\":\"https:\/\/www.dostrajamy.com\/wp-content\/uploads\/2025\/02\/cropped-Logo_poziom-1-scaled.png\",\"width\":2560,\"height\":453,\"caption\":\"DomiSol - Dostrajamy\"},\"image\":{\"@id\":\"https:\/\/www.dostrajamy.com\/#\/schema\/logo\/image\/\"},\"sameAs\":[\"https:\/\/www.facebook.com\/domisol.dostrajamy\",\"https:\/\/www.instagram.com\/domisol.dostrajamy\",\"https:\/\/www.youtube.com\/@dostrajamy\",\"https:\/\/open.spotify.com\/show\/5je85cYoaCcWGNo7Nwz2iW?si=1c15f6eb977f4f3d&nd=1&dlsi=d2ab15e5d6624979\"]}]}<\/script>\n<!-- \/ Yoast SEO plugin. -->","yoast_head_json":{"title":"Attuned Surprise Gift \ud83c\udf81 - DomiSol - We tune in","robots":{"index":"index","follow":"follow","max-snippet":"max-snippet:-1","max-image-preview":"max-image-preview:large","max-video-preview":"max-video-preview:-1"},"canonical":"https:\/\/www.dostrajamy.com\/en\/product\/a-tuned-up-surprise-gift-\ud83c\udf81\/","og_locale":"en_GB","og_type":"article","og_title":"Dostrojony Prezent-Niespodzianka \ud83c\udf81 - DomiSol - Dostrajamy","og_description":"Chcesz podarowa\u0107 bliskiej kobiecie co\u015b naprawd\u0119 wyj\u0105tkowego, ale nie masz pewno\u015bci, co wybra\u0107? W tej ofercie Ty wybierasz kwot\u0119, a ja intuicyjnie dobieram prezent - kieruj\u0105c si\u0119 wyczuciem, do\u015bwiadczeniem i sercem. Ka\u017cdy zestaw przygotowuj\u0119 indywidualnie, z my\u015bl\u0105 o osobie, kt\u00f3ra ma go otrzyma\u0107. To propozycja dla tych, kt\u00f3rzy lubi\u0105 niespodzianki i chc\u0105 obdarowa\u0107 w spos\u00f3b uwa\u017cny, pi\u0119kny i pe\u0142en znaczenia. Je\u015bli czujesz, \u017ce mo\u017cesz mi zaufa\u0107 w tym wyborze - z rado\u015bci\u0105 stworz\u0119 dla Ciebie prezent-niespodziank\u0119. \ud83c\udf81 Jak to dzia\u0142a?     Wybierz warto\u015b\u0107 prezentu-niespodzianki online - szybko i wygodnie.    W \u201euwagach do zam\u00f3wienia\u201d napisz co\u015b na temat osoby obdarowywanej - jakie s\u0105 jej ulubione kolory, jaki ma kolor w\u0142os\u00f3w, mo\u017ce jakie\u015b uczucie na jej temat, albo wy\u015blij jej zdj\u0119cie, tak \u017cebym mia\u0142a jak\u0105\u015b informacj\u0119 na jej temat.    Otrzymaj prezent i wr\u0119cz bliskiej osobie lub mo\u017ce zosta\u0107 wys\u0142any bezpo\u015brednio do niej na podany adres paczkomatu.   Podaruj co\u015b wi\u0119cej ni\u017c prezent - podaruj prezent pe\u0142en zaufania.\ud83d\ude0a","og_url":"https:\/\/www.dostrajamy.com\/en\/product\/a-tuned-up-surprise-gift-\ud83c\udf81\/","og_site_name":"DomiSol - Dostrajamy","article_publisher":"https:\/\/www.facebook.com\/domisol.dostrajamy","article_modified_time":"2025-12-16T16:01:43+00:00","og_image":[{"width":945,"height":945,"url":"https:\/\/www.dostrajamy.com\/wp-content\/uploads\/2025\/05\/Karta-Podarunkowa-Dostrajamy.png","type":"image\/png"}],"twitter_card":"summary_large_image","twitter_misc":{"Estimated reading time":"1 minute"},"schema":{"@context":"https:\/\/schema.org","@graph":[{"@type":"WebPage","@id":"https:\/\/www.dostrajamy.com\/produkt\/dostrojony-prezent-niespodzianka-%f0%9f%8e%81\/","url":"https:\/\/www.dostrajamy.com\/produkt\/dostrojony-prezent-niespodzianka-%f0%9f%8e%81\/","name":"Attuned Surprise Gift \ud83c\udf81 - DomiSol - We tune in","isPartOf":{"@id":"https:\/\/www.dostrajamy.com\/#website"},"primaryImageOfPage":{"@id":"https:\/\/www.dostrajamy.com\/produkt\/dostrojony-prezent-niespodzianka-%f0%9f%8e%81\/#primaryimage"},"image":{"@id":"https:\/\/www.dostrajamy.com\/produkt\/dostrojony-prezent-niespodzianka-%f0%9f%8e%81\/#primaryimage"},"thumbnailUrl":"https:\/\/www.dostrajamy.com\/wp-content\/uploads\/2025\/05\/Karta-Podarunkowa-Dostrajamy.png","datePublished":"2025-12-16T11:41:51+00:00","dateModified":"2025-12-16T16:01:43+00:00","breadcrumb":{"@id":"https:\/\/www.dostrajamy.com\/produkt\/dostrojony-prezent-niespodzianka-%f0%9f%8e%81\/#breadcrumb"},"inLanguage":"en-GB","potentialAction":[{"@type":"ReadAction","target":["https:\/\/www.dostrajamy.com\/produkt\/dostrojony-prezent-niespodzianka-%f0%9f%8e%81\/"]}]},{"@type":"ImageObject","inLanguage":"en-GB","@id":"https:\/\/www.dostrajamy.com\/produkt\/dostrojony-prezent-niespodzianka-%f0%9f%8e%81\/#primaryimage","url":"https:\/\/www.dostrajamy.com\/wp-content\/uploads\/2025\/05\/Karta-Podarunkowa-Dostrajamy.png","contentUrl":"https:\/\/www.dostrajamy.com\/wp-content\/uploads\/2025\/05\/Karta-Podarunkowa-Dostrajamy.png","width":945,"height":945},{"@type":"BreadcrumbList","@id":"https:\/\/www.dostrajamy.com\/produkt\/dostrojony-prezent-niespodzianka-%f0%9f%8e%81\/#breadcrumb","itemListElement":[{"@type":"ListItem","position":1,"name":"Strona g\u0142\u00f3wna","item":"https:\/\/www.dostrajamy.com\/"},{"@type":"ListItem","position":2,"name":"Sklep","item":"https:\/\/www.dostrajamy.com\/sklep\/"},{"@type":"ListItem","position":3,"name":"Dostrojony Prezent-Niespodzianka \ud83c\udf81"}]},{"@type":"WebSite","@id":"https:\/\/www.dostrajamy.com\/#website","url":"https:\/\/www.dostrajamy.com\/","name":"DomiSol - Dostrajamy","description":"Tune in to yourself!","publisher":{"@id":"https:\/\/www.dostrajamy.com\/#organization"},"potentialAction":[{"@type":"SearchAction","target":{"@type":"EntryPoint","urlTemplate":"https:\/\/www.dostrajamy.com\/?s={search_term_string}"},"query-input":{"@type":"PropertyValueSpecification","valueRequired":true,"valueName":"search_term_string"}}],"inLanguage":"en-GB"},{"@type":"Organization","@id":"https:\/\/www.dostrajamy.com\/#organization","name":"DomiSol - Dostrajamy","url":"https:\/\/www.dostrajamy.com\/","logo":{"@type":"ImageObject","inLanguage":"en-GB","@id":"https:\/\/www.dostrajamy.com\/#\/schema\/logo\/image\/","url":"https:\/\/www.dostrajamy.com\/wp-content\/uploads\/2025\/02\/cropped-Logo_poziom-1-scaled.png","contentUrl":"https:\/\/www.dostrajamy.com\/wp-content\/uploads\/2025\/02\/cropped-Logo_poziom-1-scaled.png","width":2560,"height":453,"caption":"DomiSol - Dostrajamy"},"image":{"@id":"https:\/\/www.dostrajamy.com\/#\/schema\/logo\/image\/"},"sameAs":["https:\/\/www.facebook.com\/domisol.dostrajamy","https:\/\/www.instagram.com\/domisol.dostrajamy","https:\/\/www.youtube.com\/@dostrajamy","https:\/\/open.spotify.com\/show\/5je85cYoaCcWGNo7Nwz2iW?si=1c15f6eb977f4f3d&nd=1&dlsi=d2ab15e5d6624979"]}]}},"_links":{"self":[{"href":"https:\/\/www.dostrajamy.com\/en\/wp-json\/wp\/v2\/product\/4497","targetHints":{"allow":["GET"]}}],"collection":[{"href":"https:\/\/www.dostrajamy.com\/en\/wp-json\/wp\/v2\/product"}],"about":[{"href":"https:\/\/www.dostrajamy.com\/en\/wp-json\/wp\/v2\/types\/product"}],"replies":[{"embeddable":true,"href":"https:\/\/www.dostrajamy.com\/en\/wp-json\/wp\/v2\/comments?post=4497"}],"wp:featuredmedia":[{"embeddable":true,"href":"https:\/\/www.dostrajamy.com\/en\/wp-json\/wp\/v2\/media\/3029"}],"wp:attachment":[{"href":"https:\/\/www.dostrajamy.com\/en\/wp-json\/wp\/v2\/media?parent=4497"}],"wp:term":[{"taxonomy":"product_brand","embeddable":true,"href":"https:\/\/www.dostrajamy.com\/en\/wp-json\/wp\/v2\/product_brand?post=4497"},{"taxonomy":"product_cat","embeddable":true,"href":"https:\/\/www.dostrajamy.com\/en\/wp-json\/wp\/v2\/product_cat?post=4497"},{"taxonomy":"product_tag","embeddable":true,"href":"https:\/\/www.dostrajamy.com\/en\/wp-json\/wp\/v2\/product_tag?post=4497"}],"curies":[{"name":"wp","href":"https:\/\/api.w.org\/{rel}","templated":true}]}}