{"id":4917,"date":"2025-12-19T18:16:01","date_gmt":"2025-12-19T18:16:01","guid":{"rendered":"https:\/\/www.dostrajamy.com\/?post_type=product&#038;p=4917"},"modified":"2025-12-20T14:42:54","modified_gmt":"2025-12-20T14:42:54","slug":"seed-necklace-muse-of-growth","status":"publish","type":"product","link":"https:\/\/www.dostrajamy.com\/en\/product\/seed-necklace-muse-of-growth\/","title":{"rendered":"Necklace \u201eSeed \u2013 Muse of Growth\u201d"},"content":{"rendered":"<h3 data-start=\"979\" data-end=\"1242\">Sensitive information:<\/h3>\n<ul>\n<li data-start=\"621\" data-end=\"697\">\n<p data-start=\"623\" data-end=\"697\"><strong data-start=\"623\" data-end=\"632\">Form<\/strong>: Seed-shaped pendant available in emerald colour<\/p>\n<\/li>\n<li data-start=\"698\" data-end=\"767\">\n<p data-start=\"700\" data-end=\"767\"><strong data-start=\"700\" data-end=\"712\">Material<\/strong>: Brass<\/p>\n<\/li>\n<li data-start=\"768\" data-end=\"834\">\n<p data-start=\"770\" data-end=\"834\"><strong data-start=\"770\" data-end=\"785\">Finishing<\/strong>: Gilding to emphasise the sculpted structure<\/p>\n<\/li>\n<li data-start=\"835\" data-end=\"926\">\n<p data-start=\"837\" data-end=\"926\"><strong data-start=\"837\" data-end=\"846\">Detail<\/strong>: Emerald crystal set in the centre of the<\/p>\n<\/li>\n<li data-start=\"927\" data-end=\"996\">\n<p data-start=\"929\" data-end=\"996\"><strong data-start=\"929\" data-end=\"944\">Origins<\/strong>Handcrafted in the Greek art studio Kalliope in Athens, operating since 1987.<\/p>\n<\/li>\n<\/ul>","protected":false},"excerpt":{"rendered":"<p data-start=\"89\" data-end=\"419\">Like a beginning hidden in the silence of the earth - the \u201eSeed - Muse of Growth\u201d pendant carries the promise of flourishing. The form of the seed wraps an emerald crystal, a symbol of life, renewal and inner strength. It's a piece of jewellery that reminds you that every change begins with a small impulse, and your Muse whispers of the potential that is already within you.<\/p>\n<p data-start=\"421\" data-end=\"467\">Carry within you the beginning of everything.<\/p>","protected":false},"featured_media":4957,"comment_status":"open","ping_status":"closed","template":"","meta":{"_eb_attr":""},"product_brand":[],"product_cat":[57,34],"product_tag":[68,70,71,74],"class_list":{"0":"post-4917","1":"product","2":"type-product","3":"status-publish","4":"has-post-thumbnail","6":"product_cat-grecka-bizuteria","7":"product_cat-naszyjniki","8":"product_tag-bizuteria","9":"product_tag-fashion-jewelry","10":"product_tag-mosiadz","11":"product_tag-naszyjnik","13":"first","14":"instock","15":"shipping-taxable","16":"purchasable","17":"product-type-simple"},"yoast_head":"<!-- This site is optimized with the Yoast SEO plugin v26.6 - https:\/\/yoast.com\/wordpress\/plugins\/seo\/ -->\n<title>Naszyjnik \u201eNasionko - Muza Wzrostu\u201d - DomiSol - Dostrajamy<\/title>\n<meta name=\"robots\" content=\"index, follow, max-snippet:-1, max-image-preview:large, max-video-preview:-1\" \/>\n<link rel=\"canonical\" href=\"https:\/\/www.dostrajamy.com\/en\/product\/seed-necklace-muse-of-growth\/\" \/>\n<meta property=\"og:locale\" content=\"en_GB\" \/>\n<meta property=\"og:type\" content=\"article\" \/>\n<meta property=\"og:title\" content=\"Naszyjnik \u201eNasionko - Muza Wzrostu\u201d - DomiSol - Dostrajamy\" \/>\n<meta property=\"og:description\" content=\"Jak pocz\u0105tek ukryty w ciszy ziemi - wisiorek \u201eNasionko - Muza Wzrostu\u201d niesie w sobie obietnic\u0119 rozkwitu. Forma nasiona otula szmaragdowy kryszta\u0142, symbol \u017cycia, odnowy i wewn\u0119trznej si\u0142y. To bi\u017cuteria, kt\u00f3ra przypomina, \u017ce ka\u017cda zmiana zaczyna si\u0119 od drobnego impulsu, a Twoja Muza szepcze o potencjale, kt\u00f3ry ju\u017c w Tobie jest. No\u015b w sobie pocz\u0105tek wszystkiego.\" \/>\n<meta property=\"og:url\" content=\"https:\/\/www.dostrajamy.com\/en\/product\/seed-necklace-muse-of-growth\/\" \/>\n<meta property=\"og:site_name\" content=\"DomiSol - Dostrajamy\" \/>\n<meta property=\"article:publisher\" content=\"https:\/\/www.facebook.com\/domisol.dostrajamy\" \/>\n<meta property=\"article:modified_time\" content=\"2025-12-20T14:42:54+00:00\" \/>\n<meta property=\"og:image\" content=\"https:\/\/www.dostrajamy.com\/wp-content\/uploads\/2025\/12\/IMG_6008-1-scaled.jpeg\" \/>\n\t<meta property=\"og:image:width\" content=\"1920\" \/>\n\t<meta property=\"og:image:height\" content=\"2560\" \/>\n\t<meta property=\"og:image:type\" content=\"image\/jpeg\" \/>\n<meta name=\"twitter:card\" content=\"summary_large_image\" \/>\n<meta name=\"twitter:label1\" content=\"Estimated reading time\" \/>\n\t<meta name=\"twitter:data1\" content=\"1 minute\" \/>\n<script type=\"application\/ld+json\" class=\"yoast-schema-graph\">{\"@context\":\"https:\/\/schema.org\",\"@graph\":[{\"@type\":\"WebPage\",\"@id\":\"https:\/\/www.dostrajamy.com\/produkt\/naszyjnik-nasionko-muza-wzrostu\/\",\"url\":\"https:\/\/www.dostrajamy.com\/produkt\/naszyjnik-nasionko-muza-wzrostu\/\",\"name\":\"Naszyjnik \u201eNasionko - Muza Wzrostu\u201d - DomiSol - Dostrajamy\",\"isPartOf\":{\"@id\":\"https:\/\/www.dostrajamy.com\/#website\"},\"primaryImageOfPage\":{\"@id\":\"https:\/\/www.dostrajamy.com\/produkt\/naszyjnik-nasionko-muza-wzrostu\/#primaryimage\"},\"image\":{\"@id\":\"https:\/\/www.dostrajamy.com\/produkt\/naszyjnik-nasionko-muza-wzrostu\/#primaryimage\"},\"thumbnailUrl\":\"https:\/\/www.dostrajamy.com\/wp-content\/uploads\/2025\/12\/IMG_6008-1-scaled.jpeg\",\"datePublished\":\"2025-12-19T18:16:01+00:00\",\"dateModified\":\"2025-12-20T14:42:54+00:00\",\"breadcrumb\":{\"@id\":\"https:\/\/www.dostrajamy.com\/produkt\/naszyjnik-nasionko-muza-wzrostu\/#breadcrumb\"},\"inLanguage\":\"en-GB\",\"potentialAction\":[{\"@type\":\"ReadAction\",\"target\":[\"https:\/\/www.dostrajamy.com\/produkt\/naszyjnik-nasionko-muza-wzrostu\/\"]}]},{\"@type\":\"ImageObject\",\"inLanguage\":\"en-GB\",\"@id\":\"https:\/\/www.dostrajamy.com\/produkt\/naszyjnik-nasionko-muza-wzrostu\/#primaryimage\",\"url\":\"https:\/\/www.dostrajamy.com\/wp-content\/uploads\/2025\/12\/IMG_6008-1-scaled.jpeg\",\"contentUrl\":\"https:\/\/www.dostrajamy.com\/wp-content\/uploads\/2025\/12\/IMG_6008-1-scaled.jpeg\",\"width\":1920,\"height\":2560},{\"@type\":\"BreadcrumbList\",\"@id\":\"https:\/\/www.dostrajamy.com\/produkt\/naszyjnik-nasionko-muza-wzrostu\/#breadcrumb\",\"itemListElement\":[{\"@type\":\"ListItem\",\"position\":1,\"name\":\"Strona g\u0142\u00f3wna\",\"item\":\"https:\/\/www.dostrajamy.com\/\"},{\"@type\":\"ListItem\",\"position\":2,\"name\":\"Sklep\",\"item\":\"https:\/\/www.dostrajamy.com\/sklep\/\"},{\"@type\":\"ListItem\",\"position\":3,\"name\":\"Naszyjnik \u201eNasionko &#8211; Muza Wzrostu\u201d\"}]},{\"@type\":\"WebSite\",\"@id\":\"https:\/\/www.dostrajamy.com\/#website\",\"url\":\"https:\/\/www.dostrajamy.com\/\",\"name\":\"DomiSol - Dostrajamy\",\"description\":\"Dostr\u00f3j si\u0119 do siebie!\",\"publisher\":{\"@id\":\"https:\/\/www.dostrajamy.com\/#organization\"},\"potentialAction\":[{\"@type\":\"SearchAction\",\"target\":{\"@type\":\"EntryPoint\",\"urlTemplate\":\"https:\/\/www.dostrajamy.com\/?s={search_term_string}\"},\"query-input\":{\"@type\":\"PropertyValueSpecification\",\"valueRequired\":true,\"valueName\":\"search_term_string\"}}],\"inLanguage\":\"en-GB\"},{\"@type\":\"Organization\",\"@id\":\"https:\/\/www.dostrajamy.com\/#organization\",\"name\":\"DomiSol - Dostrajamy\",\"url\":\"https:\/\/www.dostrajamy.com\/\",\"logo\":{\"@type\":\"ImageObject\",\"inLanguage\":\"en-GB\",\"@id\":\"https:\/\/www.dostrajamy.com\/#\/schema\/logo\/image\/\",\"url\":\"https:\/\/www.dostrajamy.com\/wp-content\/uploads\/2025\/02\/cropped-Logo_poziom-1-scaled.png\",\"contentUrl\":\"https:\/\/www.dostrajamy.com\/wp-content\/uploads\/2025\/02\/cropped-Logo_poziom-1-scaled.png\",\"width\":2560,\"height\":453,\"caption\":\"DomiSol - Dostrajamy\"},\"image\":{\"@id\":\"https:\/\/www.dostrajamy.com\/#\/schema\/logo\/image\/\"},\"sameAs\":[\"https:\/\/www.facebook.com\/domisol.dostrajamy\",\"https:\/\/www.instagram.com\/domisol.dostrajamy\",\"https:\/\/www.youtube.com\/@dostrajamy\",\"https:\/\/open.spotify.com\/show\/5je85cYoaCcWGNo7Nwz2iW?si=1c15f6eb977f4f3d&nd=1&dlsi=d2ab15e5d6624979\"]}]}<\/script>\n<!-- \/ Yoast SEO plugin. -->","yoast_head_json":{"title":"Necklace \u201eSeed - The Muse of Growth\u201d - DomiSol - Tuning","robots":{"index":"index","follow":"follow","max-snippet":"max-snippet:-1","max-image-preview":"max-image-preview:large","max-video-preview":"max-video-preview:-1"},"canonical":"https:\/\/www.dostrajamy.com\/en\/product\/seed-necklace-muse-of-growth\/","og_locale":"en_GB","og_type":"article","og_title":"Naszyjnik \u201eNasionko - Muza Wzrostu\u201d - DomiSol - Dostrajamy","og_description":"Jak pocz\u0105tek ukryty w ciszy ziemi - wisiorek \u201eNasionko - Muza Wzrostu\u201d niesie w sobie obietnic\u0119 rozkwitu. Forma nasiona otula szmaragdowy kryszta\u0142, symbol \u017cycia, odnowy i wewn\u0119trznej si\u0142y. To bi\u017cuteria, kt\u00f3ra przypomina, \u017ce ka\u017cda zmiana zaczyna si\u0119 od drobnego impulsu, a Twoja Muza szepcze o potencjale, kt\u00f3ry ju\u017c w Tobie jest. No\u015b w sobie pocz\u0105tek wszystkiego.","og_url":"https:\/\/www.dostrajamy.com\/en\/product\/seed-necklace-muse-of-growth\/","og_site_name":"DomiSol - Dostrajamy","article_publisher":"https:\/\/www.facebook.com\/domisol.dostrajamy","article_modified_time":"2025-12-20T14:42:54+00:00","og_image":[{"width":1920,"height":2560,"url":"https:\/\/www.dostrajamy.com\/wp-content\/uploads\/2025\/12\/IMG_6008-1-scaled.jpeg","type":"image\/jpeg"}],"twitter_card":"summary_large_image","twitter_misc":{"Estimated reading time":"1 minute"},"schema":{"@context":"https:\/\/schema.org","@graph":[{"@type":"WebPage","@id":"https:\/\/www.dostrajamy.com\/produkt\/naszyjnik-nasionko-muza-wzrostu\/","url":"https:\/\/www.dostrajamy.com\/produkt\/naszyjnik-nasionko-muza-wzrostu\/","name":"Necklace \u201eSeed - The Muse of Growth\u201d - DomiSol - Tuning","isPartOf":{"@id":"https:\/\/www.dostrajamy.com\/#website"},"primaryImageOfPage":{"@id":"https:\/\/www.dostrajamy.com\/produkt\/naszyjnik-nasionko-muza-wzrostu\/#primaryimage"},"image":{"@id":"https:\/\/www.dostrajamy.com\/produkt\/naszyjnik-nasionko-muza-wzrostu\/#primaryimage"},"thumbnailUrl":"https:\/\/www.dostrajamy.com\/wp-content\/uploads\/2025\/12\/IMG_6008-1-scaled.jpeg","datePublished":"2025-12-19T18:16:01+00:00","dateModified":"2025-12-20T14:42:54+00:00","breadcrumb":{"@id":"https:\/\/www.dostrajamy.com\/produkt\/naszyjnik-nasionko-muza-wzrostu\/#breadcrumb"},"inLanguage":"en-GB","potentialAction":[{"@type":"ReadAction","target":["https:\/\/www.dostrajamy.com\/produkt\/naszyjnik-nasionko-muza-wzrostu\/"]}]},{"@type":"ImageObject","inLanguage":"en-GB","@id":"https:\/\/www.dostrajamy.com\/produkt\/naszyjnik-nasionko-muza-wzrostu\/#primaryimage","url":"https:\/\/www.dostrajamy.com\/wp-content\/uploads\/2025\/12\/IMG_6008-1-scaled.jpeg","contentUrl":"https:\/\/www.dostrajamy.com\/wp-content\/uploads\/2025\/12\/IMG_6008-1-scaled.jpeg","width":1920,"height":2560},{"@type":"BreadcrumbList","@id":"https:\/\/www.dostrajamy.com\/produkt\/naszyjnik-nasionko-muza-wzrostu\/#breadcrumb","itemListElement":[{"@type":"ListItem","position":1,"name":"Strona g\u0142\u00f3wna","item":"https:\/\/www.dostrajamy.com\/"},{"@type":"ListItem","position":2,"name":"Sklep","item":"https:\/\/www.dostrajamy.com\/sklep\/"},{"@type":"ListItem","position":3,"name":"Naszyjnik \u201eNasionko &#8211; Muza Wzrostu\u201d"}]},{"@type":"WebSite","@id":"https:\/\/www.dostrajamy.com\/#website","url":"https:\/\/www.dostrajamy.com\/","name":"DomiSol - Dostrajamy","description":"Tune in to yourself!","publisher":{"@id":"https:\/\/www.dostrajamy.com\/#organization"},"potentialAction":[{"@type":"SearchAction","target":{"@type":"EntryPoint","urlTemplate":"https:\/\/www.dostrajamy.com\/?s={search_term_string}"},"query-input":{"@type":"PropertyValueSpecification","valueRequired":true,"valueName":"search_term_string"}}],"inLanguage":"en-GB"},{"@type":"Organization","@id":"https:\/\/www.dostrajamy.com\/#organization","name":"DomiSol - Dostrajamy","url":"https:\/\/www.dostrajamy.com\/","logo":{"@type":"ImageObject","inLanguage":"en-GB","@id":"https:\/\/www.dostrajamy.com\/#\/schema\/logo\/image\/","url":"https:\/\/www.dostrajamy.com\/wp-content\/uploads\/2025\/02\/cropped-Logo_poziom-1-scaled.png","contentUrl":"https:\/\/www.dostrajamy.com\/wp-content\/uploads\/2025\/02\/cropped-Logo_poziom-1-scaled.png","width":2560,"height":453,"caption":"DomiSol - Dostrajamy"},"image":{"@id":"https:\/\/www.dostrajamy.com\/#\/schema\/logo\/image\/"},"sameAs":["https:\/\/www.facebook.com\/domisol.dostrajamy","https:\/\/www.instagram.com\/domisol.dostrajamy","https:\/\/www.youtube.com\/@dostrajamy","https:\/\/open.spotify.com\/show\/5je85cYoaCcWGNo7Nwz2iW?si=1c15f6eb977f4f3d&nd=1&dlsi=d2ab15e5d6624979"]}]}},"_links":{"self":[{"href":"https:\/\/www.dostrajamy.com\/en\/wp-json\/wp\/v2\/product\/4917","targetHints":{"allow":["GET"]}}],"collection":[{"href":"https:\/\/www.dostrajamy.com\/en\/wp-json\/wp\/v2\/product"}],"about":[{"href":"https:\/\/www.dostrajamy.com\/en\/wp-json\/wp\/v2\/types\/product"}],"replies":[{"embeddable":true,"href":"https:\/\/www.dostrajamy.com\/en\/wp-json\/wp\/v2\/comments?post=4917"}],"wp:featuredmedia":[{"embeddable":true,"href":"https:\/\/www.dostrajamy.com\/en\/wp-json\/wp\/v2\/media\/4957"}],"wp:attachment":[{"href":"https:\/\/www.dostrajamy.com\/en\/wp-json\/wp\/v2\/media?parent=4917"}],"wp:term":[{"taxonomy":"product_brand","embeddable":true,"href":"https:\/\/www.dostrajamy.com\/en\/wp-json\/wp\/v2\/product_brand?post=4917"},{"taxonomy":"product_cat","embeddable":true,"href":"https:\/\/www.dostrajamy.com\/en\/wp-json\/wp\/v2\/product_cat?post=4917"},{"taxonomy":"product_tag","embeddable":true,"href":"https:\/\/www.dostrajamy.com\/en\/wp-json\/wp\/v2\/product_tag?post=4917"}],"curies":[{"name":"wp","href":"https:\/\/api.w.org\/{rel}","templated":true}]}}