{"id":5011,"date":"2025-12-20T15:35:01","date_gmt":"2025-12-20T15:35:01","guid":{"rendered":"https:\/\/www.dostrajamy.com\/?post_type=product&#038;p=5011"},"modified":"2025-12-20T15:43:29","modified_gmt":"2025-12-20T15:43:29","slug":"olive-branch-ring-muse-of-harmony","status":"publish","type":"product","link":"https:\/\/www.dostrajamy.com\/en\/product\/olive-branch-ring-muse-of-harmony\/","title":{"rendered":"Ring \"Olive Branch \u2013 Muse of Harmony\""},"content":{"rendered":"<h3 data-start=\"1132\" data-end=\"1395\">\u2728 Sensitive information:<\/h3>\n<ul>\n<li data-start=\"539\" data-end=\"629\">\n<p data-start=\"541\" data-end=\"629\"><strong data-start=\"541\" data-end=\"550\">Form<\/strong>: Adjustable olive branch shaped ring<\/p>\n<\/li>\n<li data-start=\"630\" data-end=\"656\">\n<p data-start=\"632\" data-end=\"656\"><strong data-start=\"632\" data-end=\"644\">Material<\/strong>: Brass<\/p>\n<\/li>\n<li data-start=\"657\" data-end=\"704\">\n<p data-start=\"659\" data-end=\"704\"><strong data-start=\"659\" data-end=\"674\">Finishing<\/strong>: central emerald crystal<\/p>\n<\/li>\n<li data-start=\"781\" data-end=\"850\">\n<p data-start=\"783\" data-end=\"850\"><strong data-start=\"783\" data-end=\"798\">Origins<\/strong>: Handmade in Athens, at the Kalliope workshop<\/p>\n<\/li>\n<\/ul>","protected":false},"excerpt":{"rendered":"<p data-start=\"76\" data-end=\"439\">The adjustable \u201eOlive Branch - Muse of Harmony\u201d ring resembles a tiny, delicate olive branch entwined around the finger. The central emerald crystal adds elegance and depth, highlighting the symbol of peace, balance and harmony. It's jewellery that reminds you that strength and beauty lie in delicate forms, and your Muse whispers to nurture your inner balance.<\/p>\n<p data-start=\"441\" data-end=\"481\">Carry harmony close to you.<\/p>","protected":false},"featured_media":4977,"comment_status":"open","ping_status":"closed","template":"","meta":{"_eb_attr":""},"product_brand":[],"product_cat":[57,31],"product_tag":[68,70,71,76,75],"class_list":{"0":"post-5011","1":"product","2":"type-product","3":"status-publish","4":"has-post-thumbnail","6":"product_cat-grecka-bizuteria","7":"product_cat-pierscionki","8":"product_tag-bizuteria","9":"product_tag-fashion-jewelry","10":"product_tag-mosiadz","11":"product_tag-pierscien","12":"product_tag-zywica","14":"first","15":"instock","16":"shipping-taxable","17":"purchasable","18":"product-type-simple"},"yoast_head":"<!-- This site is optimized with the Yoast SEO plugin v26.6 - https:\/\/yoast.com\/wordpress\/plugins\/seo\/ -->\n<title>Pier\u015bcie\u0144 \u201eGa\u0142\u0105zka Oliwna - Muza Harmonii - DomiSol - Dostrajamy<\/title>\n<meta name=\"robots\" content=\"index, follow, max-snippet:-1, max-image-preview:large, max-video-preview:-1\" \/>\n<link rel=\"canonical\" href=\"https:\/\/www.dostrajamy.com\/en\/product\/olive-branch-ring-muse-of-harmony\/\" \/>\n<meta property=\"og:locale\" content=\"en_GB\" \/>\n<meta property=\"og:type\" content=\"article\" \/>\n<meta property=\"og:title\" content=\"Pier\u015bcie\u0144 \u201eGa\u0142\u0105zka Oliwna - Muza Harmonii - DomiSol - Dostrajamy\" \/>\n<meta property=\"og:description\" content=\"Regulowany pier\u015bcie\u0144 \u201eGa\u0142\u0105zka Oliwna \u2013 Muza Harmonii\u201d przypomina drobn\u0105, delikatn\u0105 ga\u0142\u0105zk\u0119 oliwn\u0105, oplecion\u0105 wok\u00f3\u0142 palca. Centralny szmaragdowy kryszta\u0142 dodaje mu elegancji i g\u0142\u0119bi, podkre\u015blaj\u0105c symbol spokoju, r\u00f3wnowagi i harmonii. To bi\u017cuteria, kt\u00f3ra przypomina, \u017ce si\u0142a i pi\u0119kno tkwi\u0105 w delikatnych formach, a Twoja Muza szepcze, by dba\u0107 o wewn\u0119trzny balans. No\u015b harmoni\u0119 blisko siebie.\" \/>\n<meta property=\"og:url\" content=\"https:\/\/www.dostrajamy.com\/en\/product\/olive-branch-ring-muse-of-harmony\/\" \/>\n<meta property=\"og:site_name\" content=\"DomiSol - Dostrajamy\" \/>\n<meta property=\"article:publisher\" content=\"https:\/\/www.facebook.com\/domisol.dostrajamy\" \/>\n<meta property=\"article:modified_time\" content=\"2025-12-20T15:43:29+00:00\" \/>\n<meta property=\"og:image\" content=\"https:\/\/www.dostrajamy.com\/wp-content\/uploads\/2025\/12\/IMG_5985-scaled.jpeg\" \/>\n\t<meta property=\"og:image:width\" content=\"1920\" \/>\n\t<meta property=\"og:image:height\" content=\"2560\" \/>\n\t<meta property=\"og:image:type\" content=\"image\/jpeg\" \/>\n<meta name=\"twitter:card\" content=\"summary_large_image\" \/>\n<meta name=\"twitter:label1\" content=\"Estimated reading time\" \/>\n\t<meta name=\"twitter:data1\" content=\"1 minute\" \/>\n<script type=\"application\/ld+json\" class=\"yoast-schema-graph\">{\"@context\":\"https:\/\/schema.org\",\"@graph\":[{\"@type\":\"WebPage\",\"@id\":\"https:\/\/www.dostrajamy.com\/produkt\/pierscien-galazka-oliwna-muza-harmonii\/\",\"url\":\"https:\/\/www.dostrajamy.com\/produkt\/pierscien-galazka-oliwna-muza-harmonii\/\",\"name\":\"Pier\u015bcie\u0144 \u201eGa\u0142\u0105zka Oliwna - Muza Harmonii - DomiSol - Dostrajamy\",\"isPartOf\":{\"@id\":\"https:\/\/www.dostrajamy.com\/#website\"},\"primaryImageOfPage\":{\"@id\":\"https:\/\/www.dostrajamy.com\/produkt\/pierscien-galazka-oliwna-muza-harmonii\/#primaryimage\"},\"image\":{\"@id\":\"https:\/\/www.dostrajamy.com\/produkt\/pierscien-galazka-oliwna-muza-harmonii\/#primaryimage\"},\"thumbnailUrl\":\"https:\/\/www.dostrajamy.com\/wp-content\/uploads\/2025\/12\/IMG_5985-scaled.jpeg\",\"datePublished\":\"2025-12-20T15:35:01+00:00\",\"dateModified\":\"2025-12-20T15:43:29+00:00\",\"breadcrumb\":{\"@id\":\"https:\/\/www.dostrajamy.com\/produkt\/pierscien-galazka-oliwna-muza-harmonii\/#breadcrumb\"},\"inLanguage\":\"en-GB\",\"potentialAction\":[{\"@type\":\"ReadAction\",\"target\":[\"https:\/\/www.dostrajamy.com\/produkt\/pierscien-galazka-oliwna-muza-harmonii\/\"]}]},{\"@type\":\"ImageObject\",\"inLanguage\":\"en-GB\",\"@id\":\"https:\/\/www.dostrajamy.com\/produkt\/pierscien-galazka-oliwna-muza-harmonii\/#primaryimage\",\"url\":\"https:\/\/www.dostrajamy.com\/wp-content\/uploads\/2025\/12\/IMG_5985-scaled.jpeg\",\"contentUrl\":\"https:\/\/www.dostrajamy.com\/wp-content\/uploads\/2025\/12\/IMG_5985-scaled.jpeg\",\"width\":1920,\"height\":2560},{\"@type\":\"BreadcrumbList\",\"@id\":\"https:\/\/www.dostrajamy.com\/produkt\/pierscien-galazka-oliwna-muza-harmonii\/#breadcrumb\",\"itemListElement\":[{\"@type\":\"ListItem\",\"position\":1,\"name\":\"Strona g\u0142\u00f3wna\",\"item\":\"https:\/\/www.dostrajamy.com\/\"},{\"@type\":\"ListItem\",\"position\":2,\"name\":\"Sklep\",\"item\":\"https:\/\/www.dostrajamy.com\/sklep\/\"},{\"@type\":\"ListItem\",\"position\":3,\"name\":\"Pier\u015bcie\u0144 \u201eGa\u0142\u0105zka Oliwna &#8211; Muza Harmonii\"}]},{\"@type\":\"WebSite\",\"@id\":\"https:\/\/www.dostrajamy.com\/#website\",\"url\":\"https:\/\/www.dostrajamy.com\/\",\"name\":\"DomiSol - Dostrajamy\",\"description\":\"Dostr\u00f3j si\u0119 do siebie!\",\"publisher\":{\"@id\":\"https:\/\/www.dostrajamy.com\/#organization\"},\"potentialAction\":[{\"@type\":\"SearchAction\",\"target\":{\"@type\":\"EntryPoint\",\"urlTemplate\":\"https:\/\/www.dostrajamy.com\/?s={search_term_string}\"},\"query-input\":{\"@type\":\"PropertyValueSpecification\",\"valueRequired\":true,\"valueName\":\"search_term_string\"}}],\"inLanguage\":\"en-GB\"},{\"@type\":\"Organization\",\"@id\":\"https:\/\/www.dostrajamy.com\/#organization\",\"name\":\"DomiSol - Dostrajamy\",\"url\":\"https:\/\/www.dostrajamy.com\/\",\"logo\":{\"@type\":\"ImageObject\",\"inLanguage\":\"en-GB\",\"@id\":\"https:\/\/www.dostrajamy.com\/#\/schema\/logo\/image\/\",\"url\":\"https:\/\/www.dostrajamy.com\/wp-content\/uploads\/2025\/02\/cropped-Logo_poziom-1-scaled.png\",\"contentUrl\":\"https:\/\/www.dostrajamy.com\/wp-content\/uploads\/2025\/02\/cropped-Logo_poziom-1-scaled.png\",\"width\":2560,\"height\":453,\"caption\":\"DomiSol - Dostrajamy\"},\"image\":{\"@id\":\"https:\/\/www.dostrajamy.com\/#\/schema\/logo\/image\/\"},\"sameAs\":[\"https:\/\/www.facebook.com\/domisol.dostrajamy\",\"https:\/\/www.instagram.com\/domisol.dostrajamy\",\"https:\/\/www.youtube.com\/@dostrajamy\",\"https:\/\/open.spotify.com\/show\/5je85cYoaCcWGNo7Nwz2iW?si=1c15f6eb977f4f3d&nd=1&dlsi=d2ab15e5d6624979\"]}]}<\/script>\n<!-- \/ Yoast SEO plugin. -->","yoast_head_json":{"title":"Olive Branch ring - Muse of Harmony - DomiSol - Tune in","robots":{"index":"index","follow":"follow","max-snippet":"max-snippet:-1","max-image-preview":"max-image-preview:large","max-video-preview":"max-video-preview:-1"},"canonical":"https:\/\/www.dostrajamy.com\/en\/product\/olive-branch-ring-muse-of-harmony\/","og_locale":"en_GB","og_type":"article","og_title":"Pier\u015bcie\u0144 \u201eGa\u0142\u0105zka Oliwna - Muza Harmonii - DomiSol - Dostrajamy","og_description":"Regulowany pier\u015bcie\u0144 \u201eGa\u0142\u0105zka Oliwna \u2013 Muza Harmonii\u201d przypomina drobn\u0105, delikatn\u0105 ga\u0142\u0105zk\u0119 oliwn\u0105, oplecion\u0105 wok\u00f3\u0142 palca. Centralny szmaragdowy kryszta\u0142 dodaje mu elegancji i g\u0142\u0119bi, podkre\u015blaj\u0105c symbol spokoju, r\u00f3wnowagi i harmonii. To bi\u017cuteria, kt\u00f3ra przypomina, \u017ce si\u0142a i pi\u0119kno tkwi\u0105 w delikatnych formach, a Twoja Muza szepcze, by dba\u0107 o wewn\u0119trzny balans. No\u015b harmoni\u0119 blisko siebie.","og_url":"https:\/\/www.dostrajamy.com\/en\/product\/olive-branch-ring-muse-of-harmony\/","og_site_name":"DomiSol - Dostrajamy","article_publisher":"https:\/\/www.facebook.com\/domisol.dostrajamy","article_modified_time":"2025-12-20T15:43:29+00:00","og_image":[{"width":1920,"height":2560,"url":"https:\/\/www.dostrajamy.com\/wp-content\/uploads\/2025\/12\/IMG_5985-scaled.jpeg","type":"image\/jpeg"}],"twitter_card":"summary_large_image","twitter_misc":{"Estimated reading time":"1 minute"},"schema":{"@context":"https:\/\/schema.org","@graph":[{"@type":"WebPage","@id":"https:\/\/www.dostrajamy.com\/produkt\/pierscien-galazka-oliwna-muza-harmonii\/","url":"https:\/\/www.dostrajamy.com\/produkt\/pierscien-galazka-oliwna-muza-harmonii\/","name":"Olive Branch ring - Muse of Harmony - DomiSol - Tune in","isPartOf":{"@id":"https:\/\/www.dostrajamy.com\/#website"},"primaryImageOfPage":{"@id":"https:\/\/www.dostrajamy.com\/produkt\/pierscien-galazka-oliwna-muza-harmonii\/#primaryimage"},"image":{"@id":"https:\/\/www.dostrajamy.com\/produkt\/pierscien-galazka-oliwna-muza-harmonii\/#primaryimage"},"thumbnailUrl":"https:\/\/www.dostrajamy.com\/wp-content\/uploads\/2025\/12\/IMG_5985-scaled.jpeg","datePublished":"2025-12-20T15:35:01+00:00","dateModified":"2025-12-20T15:43:29+00:00","breadcrumb":{"@id":"https:\/\/www.dostrajamy.com\/produkt\/pierscien-galazka-oliwna-muza-harmonii\/#breadcrumb"},"inLanguage":"en-GB","potentialAction":[{"@type":"ReadAction","target":["https:\/\/www.dostrajamy.com\/produkt\/pierscien-galazka-oliwna-muza-harmonii\/"]}]},{"@type":"ImageObject","inLanguage":"en-GB","@id":"https:\/\/www.dostrajamy.com\/produkt\/pierscien-galazka-oliwna-muza-harmonii\/#primaryimage","url":"https:\/\/www.dostrajamy.com\/wp-content\/uploads\/2025\/12\/IMG_5985-scaled.jpeg","contentUrl":"https:\/\/www.dostrajamy.com\/wp-content\/uploads\/2025\/12\/IMG_5985-scaled.jpeg","width":1920,"height":2560},{"@type":"BreadcrumbList","@id":"https:\/\/www.dostrajamy.com\/produkt\/pierscien-galazka-oliwna-muza-harmonii\/#breadcrumb","itemListElement":[{"@type":"ListItem","position":1,"name":"Strona g\u0142\u00f3wna","item":"https:\/\/www.dostrajamy.com\/"},{"@type":"ListItem","position":2,"name":"Sklep","item":"https:\/\/www.dostrajamy.com\/sklep\/"},{"@type":"ListItem","position":3,"name":"Pier\u015bcie\u0144 \u201eGa\u0142\u0105zka Oliwna &#8211; Muza Harmonii"}]},{"@type":"WebSite","@id":"https:\/\/www.dostrajamy.com\/#website","url":"https:\/\/www.dostrajamy.com\/","name":"DomiSol - Dostrajamy","description":"Tune in to yourself!","publisher":{"@id":"https:\/\/www.dostrajamy.com\/#organization"},"potentialAction":[{"@type":"SearchAction","target":{"@type":"EntryPoint","urlTemplate":"https:\/\/www.dostrajamy.com\/?s={search_term_string}"},"query-input":{"@type":"PropertyValueSpecification","valueRequired":true,"valueName":"search_term_string"}}],"inLanguage":"en-GB"},{"@type":"Organization","@id":"https:\/\/www.dostrajamy.com\/#organization","name":"DomiSol - Dostrajamy","url":"https:\/\/www.dostrajamy.com\/","logo":{"@type":"ImageObject","inLanguage":"en-GB","@id":"https:\/\/www.dostrajamy.com\/#\/schema\/logo\/image\/","url":"https:\/\/www.dostrajamy.com\/wp-content\/uploads\/2025\/02\/cropped-Logo_poziom-1-scaled.png","contentUrl":"https:\/\/www.dostrajamy.com\/wp-content\/uploads\/2025\/02\/cropped-Logo_poziom-1-scaled.png","width":2560,"height":453,"caption":"DomiSol - Dostrajamy"},"image":{"@id":"https:\/\/www.dostrajamy.com\/#\/schema\/logo\/image\/"},"sameAs":["https:\/\/www.facebook.com\/domisol.dostrajamy","https:\/\/www.instagram.com\/domisol.dostrajamy","https:\/\/www.youtube.com\/@dostrajamy","https:\/\/open.spotify.com\/show\/5je85cYoaCcWGNo7Nwz2iW?si=1c15f6eb977f4f3d&nd=1&dlsi=d2ab15e5d6624979"]}]}},"_links":{"self":[{"href":"https:\/\/www.dostrajamy.com\/en\/wp-json\/wp\/v2\/product\/5011","targetHints":{"allow":["GET"]}}],"collection":[{"href":"https:\/\/www.dostrajamy.com\/en\/wp-json\/wp\/v2\/product"}],"about":[{"href":"https:\/\/www.dostrajamy.com\/en\/wp-json\/wp\/v2\/types\/product"}],"replies":[{"embeddable":true,"href":"https:\/\/www.dostrajamy.com\/en\/wp-json\/wp\/v2\/comments?post=5011"}],"wp:featuredmedia":[{"embeddable":true,"href":"https:\/\/www.dostrajamy.com\/en\/wp-json\/wp\/v2\/media\/4977"}],"wp:attachment":[{"href":"https:\/\/www.dostrajamy.com\/en\/wp-json\/wp\/v2\/media?parent=5011"}],"wp:term":[{"taxonomy":"product_brand","embeddable":true,"href":"https:\/\/www.dostrajamy.com\/en\/wp-json\/wp\/v2\/product_brand?post=5011"},{"taxonomy":"product_cat","embeddable":true,"href":"https:\/\/www.dostrajamy.com\/en\/wp-json\/wp\/v2\/product_cat?post=5011"},{"taxonomy":"product_tag","embeddable":true,"href":"https:\/\/www.dostrajamy.com\/en\/wp-json\/wp\/v2\/product_tag?post=5011"}],"curies":[{"name":"wp","href":"https:\/\/api.w.org\/{rel}","templated":true}]}}